{"id":619622,"date":"2026-03-04T15:02:25","date_gmt":"2026-03-04T23:02:25","guid":{"rendered":"https:\/\/www.genesys.com\/majesticks"},"modified":"2026-03-19T15:53:19","modified_gmt":"2026-03-19T22:53:19","slug":"majesticks","status":"publish","type":"page","link":"https:\/\/www.genesys.com\/pt-br\/majesticks","title":{"rendered":"Majesticks"},"content":{"rendered":"<div class=\"wpb-content-wrapper\"><p>[vc_section sec_modern_width=&#8221;enable&#8221; sec_advbg=&#8221;html5video&#8221; content_placement=&#8221;bottom&#8221; flair=&#8221;%5B%7B%22flair_type%22%3A%22f_type_image%22%7D%5D&#8221; css=&#8221;.vc_custom_1772090757990{margin-bottom: 12px !important;}&#8221; el_class=&#8221;d-flex flex-column justify-content-end justify-content-md-center bg-top bg-cover&#8221; sec_advbg_height=&#8221;100vh&#8221; sec_advbg_min_height=&#8221;308px&#8221; sec_advbg_max_height=&#8221;630px&#8221; el_id=&#8221;majesticks-hero&#8221; html5_mp4=&#8221;616181&#8243;][vc_row el_class=&#8221;mt-5 mt-md-0&#8243;][vc_column background_color=&#8221;bgc-glass&#8221; width=&#8221;5\/12&#8243; el_class=&#8221;p-2 p-lg-4 mt-auto mt-md-0&#8243;][vc_column_text css=&#8221;&#8221;]<\/p>\n<p class=\"eyebrow\">Genesys + Majesticks Golf Club<\/p>\n<h1>O pr\u00f3ximo n\u00edvel de experi\u00eancia<\/h1>\n<p class=\"text-22 mb-0\">A Genesys compartilha com o Majesticks Golf Club o compromisso de sempre buscar o pr\u00f3ximo n\u00edvel \u2014 seja no campo de golfe ou na economia da experi\u00eancia.<\/p>\n<p>[\/vc_column_text][\/vc_column][\/vc_row][\/vc_section][vc_section sec_modern_width=&#8221;enable&#8221; flair=&#8221;%5B%7B%22flair_type%22%3A%22f_type_image%22%2C%22hide_mobile%22%3A%22yes%22%7D%5D&#8221; css=&#8221;.vc_custom_1772060983749{background: #000000 url(https:\/\/www.genesys.com\/media\/Genesys-Wave-Big-scaled.png?id=616175) !important;background-position: center !important;background-repeat: no-repeat !important;background-size: cover !important;}&#8221;][vc_row equal_height=&#8221;yes&#8221; el_class=&#8221;justify-content-center&#8221;][vc_column background_color=&#8221;bgc-glass&#8221; width=&#8221;2\/3&#8243; offset=&#8221;vc_col-sm-offset-2&#8243; el_class=&#8221;p-2 p-lg-4&#8243;][vc_single_image image=&#8221;616167&#8243; alignment=&#8221;center&#8221; css=&#8221;&#8221; si_max_width=&#8221;320px&#8221; el_class=&#8221;mb-2&#8243;][vc_column_text css=&#8221;&#8221;]<\/p>\n<h2 style=\"text-align: center;\">Majesticks Golf Club e Genesys<\/h2>\n<p class=\"text-24\" style=\"text-align: center;\">Assim como o Majesticks Golf Club proporciona uma nova era de competi\u00e7\u00e3o e engajamento de f\u00e3s, a Genesys capacita organiza\u00e7\u00f5es a superar expectativas por meio de experi\u00eancias transformadoras que unem clientes e colaboradores. Ao estabelecer uma parceria com o Majesticks, a Genesys se alinha a uma equipe caracterizada por uma busca comum pela excel\u00eancia \u2014 onde o talento individual se integra por meio da orquestra\u00e7\u00e3o para atingir o sucesso coletivo. Essa colabora\u00e7\u00e3o refor\u00e7a nosso compromisso conjunto com a inova\u00e7\u00e3o e o desempenho, refletindo a precis\u00e3o, a estrat\u00e9gia e a sinergia necess\u00e1rias para vencer no campo.<\/p>\n<p class=\"text-24\" style=\"text-align: center;\">Na experi\u00eancia do cliente, se voc\u00ea n\u00e3o evolui junto, fica para tr\u00e1s. A Genesys personifica essa busca incans\u00e1vel, utilizando orquestra\u00e7\u00e3o baseada em intelig\u00eancia artificial para ajudar as equipes a oferecer experi\u00eancias personalizadas e proativas. Ao preparar as organiza\u00e7\u00f5es de forma inteligente para se adaptarem em tempo real, podemos acelerar o crescimento e a competitividade por meio da inova\u00e7\u00e3o cont\u00ednua \u2014 onde cada experi\u00eancia e cada a\u00e7\u00e3o importam.<\/p>\n<p>[\/vc_column_text][\/vc_column][\/vc_row][\/vc_section][vc_section flair=&#8221;%5B%7B%22hide_mobile%22%3A%22yes%22%7D%5D&#8221;][vc_row content_placement=&#8221;middle&#8221;][vc_column width=&#8221;1\/3&#8243;][vc_column_text css=&#8221;&#8221;]<\/p>\n<h2>Elevando a experi\u00eancia a um novo patamar<\/h2>\n<p>Atletas e equipes de elite d\u00e3o tudo de si e est\u00e3o sempre em busca do pr\u00f3ximo desafio. O Majesticks Golf Club, co-capitaneado por Lee Westwood e Ian Poulter, n\u00e3o \u00e9 diferente. Eles est\u00e3o sempre em busca do pr\u00f3ximo n\u00edvel de experi\u00eancia, dominando a precis\u00e3o, a estrat\u00e9gia e a sinergia necess\u00e1rias para vencer no campo.[\/vc_column_text][\/vc_column][vc_column width=&#8221;7\/12&#8243; offset=&#8221;vc_col-sm-offset-1&#8243;]<div class=\"genesys-image align-center play-button\"><a class=\"video-lightbox\" href=\"https:\/\/www.youtube.com\/embed\/JFHK7wC5SzA?si=3cWFqjqUKhtJjy-n\"><img decoding=\"async\" src=\"https:\/\/www.genesys.com\/media\/Majesticks-duo-YouTube-thumbnail.png\" alt=\"Majesticks duo youtube thumbnail\" width=\"1600\" height=\"900\" class=\"rounded-xs\"\/><div class=\"video-backdrop\"><\/div><div class=\"play-btn bgc-white rounded d-flex align-items-center justify-content-center\"><div class=\"play-icon d-flex align-items-center justify-content-center\"><i class=\"fa-kit fa-play\"><\/i><\/div><div class=\"play-label ms-1\"><p class=\"mb-0 play-title\">Play<\/p><\/div><\/div><\/a><\/div>[\/vc_column][\/vc_row][\/vc_section][vc_section flair=&#8221;%5B%7B%22flair_type%22%3A%22f_type_image%22%2C%22flair_image%22%3A%22554845%22%2C%22flair_width%22%3A%22100%25%22%2C%22flair_height%22%3A%22100%25%22%2C%22flair_top%22%3A%220%22%2C%22flair_left%22%3A%220%22%7D%5D&#8221;][vc_row][vc_column offset=&#8221;vc_col-md-offset-1 vc_col-md-10&#8243;][vc_row_inner content_placement=&#8221;middle&#8221; el_class=&#8221;form-card bgc-glass&#8221;][vc_column_inner width=&#8221;5\/12&#8243; offset=&#8221;vc_col-xs-6&#8243;][vc_single_image image=&#8221;616169&#8243; css=&#8221;&#8221;][\/vc_column_inner][vc_column_inner width=&#8221;7\/12&#8243;][vc_column_text css=&#8221;&#8221;]<\/p>\n<p class=\"text-24\">\u201cO Majesticks Golf Club e a Genesys compartilham um profundo compromisso com o desempenho de classe mundial. Assim como cada grande partida de golfe resulta de uma s\u00e9rie de decis\u00f5es precisas e intencionais, proporcionar experi\u00eancias excepcionais n\u00e3o \u00e9 diferente. Temos orgulho de sermos parceiros do Majesticks GC para aproximar ainda mais os f\u00e3s dos momentos que mais importam. Ao unir a paix\u00e3o da equipe com nossa Orquestra\u00e7\u00e3o de Experi\u00eancia com IA, podemos criar experi\u00eancias mais conectadas e memor\u00e1veis que promovem uma fidelidade duradoura.<\/p>\n<p><strong>Tony Bates<\/strong><br \/>\nPresidente e CEO da Genesys[\/vc_column_text][\/vc_column_inner][\/vc_row_inner][\/vc_column][\/vc_row][\/vc_section][vc_section content_placement=&#8221;middle&#8221; disable_element=&#8221;yes&#8221; flair=&#8221;%5B%7B%22flair_type%22%3A%22f_type_image%22%7D%5D&#8221;][vc_row content_placement=&#8221;middle&#8221; el_id=&#8221;ferrari-block&#8221;][vc_column]<a class=\"component-cta-block card w-100 h-100 bgc-glass centered cta-text-start  vc_custom_1771450782468\"  style=\"--ob-bg-mobile:url(https:\/\/www.genesys.com\/media\/laver-cup-mobile.png);\"  href=\"\/scuderiaferrari\" target=\"\" rel=\"\"><div class=\"row align-items-center image-stack card-body\"><div class=\"col-content col-md-4\"><div class=\"content-container\"><h2 class=\"h3 text-balance\">O pr\u00f3ximo n\u00edvel de experi\u00eancia<\/h2>\n<p>A Genesys compartilha com a Scuderia Ferrari HP a busca por inova\u00e7\u00e3o, trabalho em equipe e desempenho.<\/p>\n<\/div><div class=\" btn-container mt-2\"><div class=\"btn btn-primary\">Saiba mais<\/div><\/div><\/div><\/div><\/a><style type='text\/css'>\r #ferrari-block .component-cta-block .card-body { padding: 1.5rem 3rem; }\r <\/style>[\/vc_column][\/vc_row][\/vc_section][vc_section sec_modern_width=&#8221;enable&#8221; background_color=&#8221;bgc-lgray&#8221; flair=&#8221;%5B%7B%22flair_type%22%3A%22f_type_image%22%2C%22hide_mobile%22%3A%22yes%22%7D%5D&#8221; css=&#8221;.vc_custom_1741334671940{background-image: url(https:\/\/www.genesys.com\/media\/Threads-Right-Wave.png?id=549945) !important;}&#8221; el_class=&#8221;px-0 py-2 px-md-5 py-md-5&#8243; el_id=&#8221;demo&#8221;][vc_row background_color=&#8221;bgc-glass&#8221; content_placement=&#8221;middle&#8221; el_class=&#8221;form-card&#8221;][vc_column width=&#8221;5\/12&#8243;][vc_column_text css=&#8221;&#8221;]<\/p>\n<h2>Comece a elevar a experi\u00eancia do seu cliente hoje<\/h2>\n<p>Uma parceria com a Genesys pode levar as experi\u00eancias de seus clientes e colaboradores a um novo patamar. Entre em contato hoje e descubra como.[\/vc_column_text][\/vc_column][vc_column width=&#8221;1\/2&#8243; offset=&#8221;vc_col-sm-offset-1&#8243;]<div class=\"eloq_form elq-container gmkto_form_type_hot gmkto_format_vertical\"><form method=\"post\" name=\"MasterLeadIntakeForm\" action=\"https:\/\/s1260946616.t.eloqua.com\/e\/f2\" data-proc=\"inline\" data-ppcount=\"5\" onsubmit=\"return proc_submit(this);\" class=\"beam-form elq-form init no-bg-form yesknown yesprefill yespp strict-check\"  data-target=\".thank-you\" ><div id=\"known_person\" style=\"display:none;\"><p class=\"welcome_user\"><span id=\"welcome_person\">Welcome back<\/span> <span id=\"person_info\"><span class=\"person_first\"><\/span>&nbsp;<span class=\"person_last\"><\/span><\/span><\/p><p class=\"delete_button\"><a class=\"deletemyrecord\">Not You?<\/a><\/p>\n    <div class=\"form-row cb_available white-box work-email el_field form-floating\">\n        <input type=\"email\" class=\"form-control el_field elq-item-input cb_available  required\" name=\"secondaryEmailAddress1\" id=\"fe644\" value=\"\" placeholder=\"Please provide your work email\">\n        <label for=\"fe644\">Please provide your work email<span class=\"required-asterisk\">*<\/span><\/label>\n    <\/div><\/div><input value=\"MasterLeadIntakeForm\" type=\"hidden\" name=\"elqFormName\"><input value=\"1260946616\" type=\"hidden\" name=\"elqSiteId\"><input name=\"elqCampaignId\" type=\"hidden\"><input type=\"hidden\" name=\"elqCustomerGUID\" value=\"\"><input type=\"hidden\" name=\"elqCookieWrite\" value=\"0\"><input type=\"hidden\" name=\"client_ip_address\" id=\"fe449\" value=\"\"><div class=\"fields\"><input type=\"hidden\" name=\"CID\" id=\"fe198\" value=\"7010d000001KeaxAAC\"><input type=\"hidden\" name=\"CID_STATUS\" id=\"fe281\" value=\"\"><input type=\"hidden\" name=\"redirect_url\" id=\"fe217\" value=\"\"><input type=\"hidden\" name=\"landing_page_url\" id=\"fe204\" value=\"https:\/\/www.genesys.com\/pt-br\/wp-json\/wp\/v2\/pages\/619622\"><input type=\"hidden\" name=\"post_type\" id=\"fe448\" value=\"page\"><input type=\"hidden\" name=\"integration\" id=\"fe362\" value=\"\"><input type=\"hidden\" name=\"language_code\" id=\"fe479\" value=\"pt-br\"><input type=\"hidden\" name=\"full_url\" id=\"fe983\" value=\"https:\/\/www.genesys.com\/pt-br\/wp-json\/wp\/v2\/pages\/619622\"><input type=\"hidden\" name=\"post_id\" id=\"fe984\" value=\"619622\">\n    <div class=\"form-row row-email el_field form-floating\">\n        <input type=\"email\" class=\"form-control el_field elq-item-input required\" name=\"emailAddress\" id=\"fe192\" value=\"\" aria-label=\"Email Corporativo\" placeholder=\"Email Corporativo\">\n        <label for=\"fe192\">Email Corporativo<span class=\"required-asterisk\">*<\/span><\/label>\n    <\/div>\n    <div class=\"form-row cb_available el_field form-floating\">\n        <input type=\"text\" class=\"form-control el_field elq-item-input cb_available  required\" name=\"firstName\" id=\"fe190\" value=\"\" placeholder=\"Nome\">\n        <label for=\"fe190\">Nome<span class=\"required-asterisk\">*<\/span><\/label>\n    <\/div>\n    <div class=\"form-row cb_available el_field form-floating\">\n        <input type=\"text\" class=\"form-control el_field elq-item-input cb_available required\" name=\"lastName\" id=\"fe191\" value=\"\" placeholder=\"Sobrenome\">\n        <label for=\"fe191\">Sobrenome<span class=\"required-asterisk\">*<\/span><\/label>\n    <\/div>\n    <div class=\"form-row form-floating el_field\">\n        <input type=\"tel\" class=\"form-control el_field elq-item-input required pre-exclude\" name=\"busPhone\" id=\"fe215\" value=\"\" placeholder=\"Telefone\">\n        <label for=\"fe215\">Telefone<span class=\"required-asterisk\">*<\/span><\/label>\n    <\/div>\n    <div class=\"form-row cb_available eloq_ppe el_field form-floating\">\n        <select class=\"form-select el_field elq-item-select cb_available required eloq_ppe\" id=\"fe219\" name=\"jobLevel1\" data-value=\"\">\n            <option selected=\"\" value=\"\"><\/option><option value=\"C-Level\">C-Level<\/option><option value=\"VP\">Vice Presidente<\/option><option value=\"Director\">Diretor<\/option><option value=\"Manager\">Gerente<\/option><option value=\"Principal\">Presidente<\/option><option value=\"Engineer \/ Architect\">Engenheiro\/Arquiteto<\/option><option value=\"Consultant\">Consultor<\/option><option value=\"Analyst\">Analista<\/option><option value=\"Partner\">Parceiro<\/option><option value=\"Staff\">Staff<\/option><option value=\"Unknown\">Desconhecida<\/option>\n        <\/select>\n        <label for=\"fe219\">N\u00edvel<span class=\"required-asterisk\">*<\/span><\/label>\n    <\/div>\n    <div class=\"form-row cb_available eloq_ppe el_field form-floating\">\n        <select class=\"form-select el_field elq-item-select cb_available required eloq_ppe\" id=\"fe218\" name=\"jobFunction1\" data-value=\"\">\n            <option selected=\"\" value=\"\"><\/option>\n            <option value=\"Claims\">Seguros<\/option><option value=\"Collections\">Cobran\u00e7as<\/option><option value=\"Contact Center Management\">Gerenciamento de Contact Center<\/option><option value=\"Customer Experience\">Experi\u00eancia do cliente<\/option><option value=\"Customer Service\">Atendimento ao cliente<\/option><option value=\"Ecommerce\/Digital Channels\">Ecommerce\/Canais digitais<\/option><option value=\"Finance\">Finan\u00e7as<\/option><option value=\"Human Resources\">Recursos Humanos<\/option><option value=\"Influencer\">Influenciador<\/option><option value=\"Information Technology\">Tecnologia da Informa\u00e7\u00e3o<\/option><option value=\"IT Architecture\">Arquitetura de TI<\/option><option value=\"IT Infrastructure\">Infraestrutura de TI<\/option><option value=\"IVR\">URA<\/option><option value=\"Marketing\">Marketing<\/option><option value=\"Operations \/ Process Management\">Opera\u00e7\u00f5es\/Gerenciamento de Processos<\/option><option value=\"Production Management\">Gerenciamento de Produ\u00e7\u00e3o<\/option><option value=\"Purchasing\">Compras<\/option><option value=\"Sales\">Vendas<\/option><option value=\"Unknown\">Desconhecida<\/option>\n        <\/select>\n        <label for=\"fe218\">Fun\u00e7\u00e3o<span class=\"required-asterisk\">*<\/span><\/label>\n    <\/div>\n    <div class=\"form-row cb_available eloq_ppe el_field form-floating\">\n        <input type=\"text\" class=\"form-control el_field elq-item-input cb_available required eloq_ppe\" name=\"company\" id=\"fe193\" value=\"\" placeholder=\"Empresa\">\n        <label for=\"fe193\">Empresa<span class=\"required-asterisk\">*<\/span><\/label>\n    <\/div>\n    <div class=\"form-row cb_available eloq_ppe el_field form-floating\">\n        <select class=\"form-select el_field elq-item-select cb_available required eloq_ppe\" id=\"fe194\" name=\"country\" data-value=\"\">\n            <option value=\"\"><\/option>\n            <!-- Add country options here -->\n        <\/select>\n        <label for=\"fe194\">Pa\u00eds<span class=\"required-asterisk\">*<\/span><\/label>\n    <\/div>\n    <div class=\"form-row cb_available country_dep el_field form-floating\">\n        <select class=\"form-select el_field elq-item-select cb_available required eloq_ppe\" id=\"fe214\" name=\"stateProv\" data-value=\"\">\n            <option selected=\"\" value=\"\"><\/option>\n        <\/select>\n        <label for=\"fe214\">Estado<span class=\"required-asterisk\">*<\/span><\/label>\n    <\/div>\n    <div class=\"form-row cb_available eloq_ppe el_field form-floating\">\n        <input type=\"text\" class=\"form-control el_field elq-item-input cb_available required eloq_ppe\" name=\"website1\" id=\"fe801\" value=\"\" placeholder=\"Your Website\">\n        <label for=\"fe801\">Your Website<span class=\"required-asterisk\">*<\/span><\/label>\n    <\/div>\n    <div class=\"form-row cb_available eloq_ppe el_field form-floating\">\n        <input type=\"text\" class=\"form-control el_field elq-item-input cb_available required eloq_ppe\" name=\"city\" id=\"fe226\" value=\"\" placeholder=\"Cidade\">\n        <label for=\"fe226\">Cidade<span class=\"required-asterisk\">*<\/span><\/label>\n    <\/div>\n    <div class=\"form-row cb_available eloq_ppe el_field form-floating\">\n        <input type=\"text\" class=\"form-control el_field elq-item-input cb_available required eloq_ppe\" name=\"title\" id=\"fe220\" value=\"\" placeholder=\"Cargo\">\n        <label for=\"fe220\">Cargo<span class=\"required-asterisk\">*<\/span><\/label>\n    <\/div>\n    <div class=\"form-row cb_available eloq_ppe el_field form-floating\">\n        <select class=\"form-select el_field elq-item-select cb_available required eloq_ppe\" id=\"fe221\" name=\"industry1\" data-value=\"\">\n            <option value=\"\" ><\/option>\n            <option value=\"Banking\">Servi\u00e7os banc\u00e1rios<\/option><option value=\"Business Services\">Presta\u00e7\u00e3o de servi\u00e7os a empresas<\/option><option value=\"Capital Markets\">Mercado de Capitais<\/option><option value=\"Communications\">Ag\u00eancia de Comunica\u00e7\u00e3o<\/option><option value=\"Consumer Products\">Bens de Consumo<\/option><option value=\"Defense & Intelligence\">Defesa & Intelig\u00eancia<\/option><option value=\"Education & Non-Profit\">Educa\u00e7\u00e3o<\/option><option value=\"Energy & Utilities\">Energia & Utilities<\/option><option value=\"Entertainment\">Entretenimento<\/option><option value=\"Government\">Governo<\/option><option value=\"Insurance\">Seguros<\/option><option value=\"Life Sciences\">Bioci\u00eancia<\/option><option value=\"Logistics\">Log\u00edstica<\/option><option value=\"Manufacturing\">Manufacturing<\/option><option value=\"Payors\">Payors<\/option><option value=\"Providers\">Provedores<\/option><option value=\"Retailers\">Varejo<\/option><option value=\"Technology\">Tecnologia<\/option><option value=\"Travel & Hospitality\">Viagem & Hospedagem<\/option><option value=\"Retail Banking\">Banco de Varejo<\/option><option value=\"Other\">Outro<\/option>\n        <\/select>\n        <label for=\"fe221\">Ind\u00fastria<span class=\"required-asterisk\">*<\/span><\/label>\n    <\/div>\n    <div class=\"form-row cb_available eloq_ppe el_field form-floating\">\n        <select class=\"form-select el_field elq-item-select cb_available required eloq_ppe\" id=\"fe222\" name=\"levelofInterest1\" data-value=\"\">\n            <option value=\"\"><\/option>\n            <option value=\"Just researching\">Apenas pesquisando<\/option><option value=\"Gathering business requirements\">Consolidando requisitos de neg\u00f3cios<\/option><option value=\"Comparing solutions\">Comparando solu\u00e7\u00f5es<\/option><option value=\"Ready for a conversation\">Pronto para uma conversa<\/option>\n        <\/select>\n        <label for=\"fe222\">N\u00edvel de Interesse<span class=\"required-asterisk\">*<\/span><\/label>\n    <\/div>\n    <div class=\"form-row cb_available eloq_ppe el_field form-floating\">\n        <select class=\"form-select el_field elq-item-select cb_available required eloq_ppe\" id=\"fe225\" name=\"numberofAgentsForm1\" data-value=\"\">\n            <option value=\"\"><\/option>\n            <option value=\"1-20\">Entre 1 e 20<\/option><option value=\"21-50\">De 21 a 50<\/option><option value=\"51-100\">De 51 a 100<\/option><option value=\"101-300\">De 101 a 300<\/option><option value=\"301-500\">De 301 a 500<\/option><option value=\"501-1000\">De 501 a 1.000<\/option><option value=\">1000\">&gt;1000<\/option><option value=\"No Contact Center\">Sem contact center<\/option><option value=\"Don't Know\">N\u00e3o sei<\/option>\n        <\/select>\n        <label for=\"fe225\">N\u00famero de posi\u00e7\u00f5es de agentes<span class=\"required-asterisk\">*<\/span><\/label>\n    <\/div><div class=\"form-check single-checkbox-row form-row gdpr-field white-box \"><input type=\"checkbox\" class=\"el_field eloq_ppe\" name=\"explicitConsentEmailPhone\" id=\"fe224\" val=\"\"><label class=\"checkbox-aligned elq-item-label\" for=\"fe224\">Sim. Gostaria de receber informa\u00e7\u00e3o sobre a Genesys via e-mail ou telefone.<\/label><\/div><div class=\"single-checkbox-row form-row white-box \"><input type=\"checkbox\" class=\"el_field eloq_ppe\" name=\"contactMe\" id=\"fe509\" val=\"\"><label class=\"checkbox-aligned elq-item-label\" for=\"fe509\">Gostaria de ser contatado por um especialista do CX.<\/label><\/div><input type=\"hidden\" data-query=\"utm_medium\" name=\"utm_medium\" id=\"fe199\" value=\"\"><input type=\"hidden\" data-query=\"utm_source\" name=\"utm_source\" id=\"fe200\" value=\"\"><input type=\"hidden\" data-query=\"utm_campaign\" name=\"utm_campaign\" id=\"fe201\" value=\"\"><input type=\"hidden\" data-query=\"utm_term\" name=\"utm_term\" id=\"fe202\" value=\"\"><input type=\"hidden\" data-query=\"utm_content\" name=\"utm_content\" id=\"fe203\" value=\"\"><input type=\"hidden\" data-query=\"ost_tool\" name=\"ost_tool\" id=\"fe293\" value=\"\"><input type=\"hidden\" data-query=\"ost_campaign\" name=\"ost_campaign\" id=\"fe294\" value=\"\"><input type=\"hidden\" data-query=\"ost_content\" name=\"ost_content\" id=\"fe295\" value=\"\"><input type=\"hidden\" data-query=\"blaid\" name=\"eloquaBLAID_c\" id=\"fe3099\" value=\"\"><input type=\"hidden\" data-query=\"gclid\" name=\"gCLID1\" id=\"fe283\" value=\"\"><input type=\"hidden\" data-query=\"mkwid\" name=\"mKWID1\" id=\"fe678\" value=\"\"><input type=\"hidden\" name=\"gAClientID1\" id=\"fe284\" value=\"\"><input type=\"hidden\" name=\"noteCreatorTitle1\" id=\"fe313\" value=\"\"><input type=\"hidden\" name=\"webContentAutoResponderDefault\" id=\"fe286\" value=\"Hot Lead\"><input type=\"hidden\" name=\"webContentAutoResponderTitle\" id=\"fe287\" value=\"\"><input type=\"hidden\" name=\"webContentAutoResponderURL\" id=\"fe288\" value=\"\"><input type=\"hidden\" name=\"noteCreator2\" id=\"fe478\" value=\"\"><input type=\"hidden\" class=\"yesprefill\" name=\"neverbounceResult1\" id=\"fe640\" value=\"OFF\"><input type=\"hidden\" class=\"yesprefill\" name=\"neverbounceFlags1\" id=\"fe641\" value=\"OFF\"><input type=\"hidden\" class=\"yesprefill\" name=\"neverbounceSuggestedCorrection1\" id=\"fe642\" value=\"6sense\"><input type=\"hidden\" name=\"clearbitPersonID1\" id=\"fe630\" value=\"\"><input type=\"hidden\" name=\"clearbitFieldCount1\" id=\"fe633\" value=\"\"><input type=\"hidden\" name=\"clearbitTitle1\" id=\"fe646\" value=\"\"><input type=\"hidden\" name=\"clearbitRole1\" id=\"fe631\" value=\"\"><input type=\"hidden\" name=\"clearbitNumberofEmployees1\" id=\"fe647\" value=\"\"><input type=\"hidden\" name=\"clearbitNumberofEmployeesRange1\" id=\"fe648\" value=\"\"><input type=\"hidden\" name=\"clearbitWebsite1\" id=\"fe802\" value=\"\"><input type=\"hidden\" name=\"browserUserAgent\" id=\"fe3319\" value=\"\"><input type=\"text\" class=\"honeypp\" name=\"honeypp\" id=\"honeypp\" value=\"\" ><input role=\"button\" aria-label=\"Solicite uma demonstra\u00e7\u00e3o\" type=\"Submit\" class=\"submit-button-style btn btn-primary \" value=\"Solicite uma demonstra\u00e7\u00e3o\" id=\"fe195\"><div class=\"loading\"><\/div><div class=\"gdpr-field form-row white-box legal\"><span>By providing your information, you agree to our <a href=\"https:\/\/www.genesys.com\/company\/legal\/privacy-policy\" target=\"_blank\">privacy policy<\/a>.<\/span><\/div><\/div><\/form><\/div>[vc_column_text css=&#8221;&#8221; el_class=&#8221;thank-you&#8221;]<\/p>\n<p class=\"h4\">Obrigado pelo seu interesse.<\/p>\n<p>Entraremos em contato com voc\u00ea para agendar o dia e hor\u00e1rio mais conveniente.[\/vc_column_text][\/vc_column][\/vc_row][\/vc_section]<\/p>\n<\/div>","protected":false},"excerpt":{"rendered":"<p>[vc_section sec_modern_width=&#8221;enable&#8221; sec_advbg=&#8221;html5video&#8221; content_placement=&#8221;bottom&#8221; flair=&#8221;%5B%7B%22flair_type%22%3A%22f_type_image%22%7D%5D&#8221; css=&#8221;.vc_custom_1772090757990{margin-bottom: 12px !important;}&#8221; el_class=&#8221;d-flex flex-column justify-content-end justify-content-md-center bg-top bg-cover&#8221; sec_advbg_height=&#8221;100vh&#8221; sec_advbg_min_height=&#8221;308px&#8221; sec_advbg_max_height=&#8221;630px&#8221; el_id=&#8221;majesticks-hero&#8221; html5_mp4=&#8221;616181&#8243;][vc_row el_class=&#8221;mt-5 mt-md-0&#8243;][vc_column background_color=&#8221;bgc-glass&#8221; width=&#8221;5\/12&#8243; el_class=&#8221;p-2 p-lg-4 mt-auto mt-md-0&#8243;][vc_column_text css=&#8221;&#8221;] Genesys + Majesticks Golf Club O pr\u00f3ximo n\u00edvel de experi\u00eancia A Genesys compartilha com o Majesticks Golf Club o compromisso de sempre buscar o pr\u00f3ximo n\u00edvel \u2014 [&hellip;]<\/p>\n","protected":false},"author":1197,"featured_media":0,"parent":0,"menu_order":0,"comment_status":"closed","ping_status":"closed","template":"","meta":{"_acf_changed":false,"footnotes":""},"class_list":["post-619622","page","type-page","status-publish","hentry"],"acf":[],"_links":{"self":[{"href":"https:\/\/www.genesys.com\/pt-br\/wp-json\/wp\/v2\/pages\/619622","targetHints":{"allow":["GET"]}}],"collection":[{"href":"https:\/\/www.genesys.com\/pt-br\/wp-json\/wp\/v2\/pages"}],"about":[{"href":"https:\/\/www.genesys.com\/pt-br\/wp-json\/wp\/v2\/types\/page"}],"author":[{"embeddable":true,"href":"https:\/\/www.genesys.com\/pt-br\/wp-json\/wp\/v2\/users\/1197"}],"replies":[{"embeddable":true,"href":"https:\/\/www.genesys.com\/pt-br\/wp-json\/wp\/v2\/comments?post=619622"}],"version-history":[{"count":4,"href":"https:\/\/www.genesys.com\/pt-br\/wp-json\/wp\/v2\/pages\/619622\/revisions"}],"predecessor-version":[{"id":619626,"href":"https:\/\/www.genesys.com\/pt-br\/wp-json\/wp\/v2\/pages\/619622\/revisions\/619626"}],"wp:attachment":[{"href":"https:\/\/www.genesys.com\/pt-br\/wp-json\/wp\/v2\/media?parent=619622"}],"curies":[{"name":"wp","href":"https:\/\/api.w.org\/{rel}","templated":true}]}}