{"id":602356,"date":"2025-11-20T01:16:08","date_gmt":"2025-11-20T09:16:08","guid":{"rendered":"https:\/\/www.genesys.com\/?page_id=602356"},"modified":"2025-11-20T01:16:08","modified_gmt":"2025-11-20T09:16:08","slug":"genesys-charitable-discount-program","status":"publish","type":"page","link":"https:\/\/www.genesys.com\/pt-br\/genesys-charitable-discount-program","title":{"rendered":"Programa de descontos da Genesys para institui\u00e7\u00f5es de caridade"},"content":{"rendered":"<div class=\"wpb-content-wrapper\"><p>[vc_section sec_modern_width=&#8221;enable&#8221; background_color=&#8221;bgc-lgray&#8221; flair=&#8221;%5B%7B%22flair_type%22%3A%22f_type_image%22%2C%22hide_mobile%22%3A%22yes%22%7D%5D&#8221; el_id=&#8221;form&#8221; css=&#8221;.vc_custom_1748643950239{background-image: url(https:\/\/www.genesys.com\/media\/Demo-Call-management-BG.png?id=575082) !important;}&#8221;][vc_row background_color=&#8221;bgc-glass&#8221; equal_height=&#8221;yes&#8221; content_placement=&#8221;middle&#8221; el_class=&#8221;rounded p-2 p-lg-4 mt-md-0&#8243;][vc_column width=&#8221;7\/12&#8243;][vc_column_text css=&#8221;.vc_custom_1763629945596{padding-top: 7px !important;}&#8221;]<\/p>\n<p class=\"text-16\">O Programa de descontos da Genesys\u00ae para institui\u00e7\u00f5es de caridade<\/p>\n<h1>Ajudando voc\u00ea a amparar outras pessoas<\/h1>\n<p>Em apoio \u00e0 sua miss\u00e3o, a Genesys oferece at\u00e9 50% de desconto em solu\u00e7\u00f5es selecionadas para ajudar voc\u00ea a orquestrar experi\u00eancias mais personalizadas de ponta a ponta.<\/p>\n<p><em class=\"text-12\">*Termos e condi\u00e7\u00f5es aplic\u00e1veis<\/em>[\/vc_column_text][\/vc_column][vc_column width=&#8221;5\/12&#8243;]<div class=\"eloq_form elq-container gmkto_form_type_advanced gmkto_format_vertical\"><form method=\"post\" name=\"MasterLeadIntakeForm\" action=\"https:\/\/s1260946616.t.eloqua.com\/e\/f2\" data-proc=\"inline\" data-ppcount=\"5\" onsubmit=\"return proc_submit(this);\" class=\"beam-form elq-form init no-bg-form yesknown yesprefill yespp strict-check\"  data-target=\".thank-you\" ><div id=\"known_person\" style=\"display:none;\"><p class=\"welcome_user\"><span id=\"welcome_person\">Welcome back<\/span> <span id=\"person_info\"><span class=\"person_first\"><\/span>&nbsp;<span class=\"person_last\"><\/span><\/span><\/p><p class=\"delete_button\"><a class=\"deletemyrecord\">Not You?<\/a><\/p>\n    <div class=\"form-row cb_available white-box work-email el_field form-floating\">\n        <input type=\"email\" class=\"form-control el_field elq-item-input cb_available  required\" name=\"secondaryEmailAddress1\" id=\"fe644\" value=\"\" placeholder=\"Please provide your work email\">\n        <label for=\"fe644\">Please provide your work email<span class=\"required-asterisk\">*<\/span><\/label>\n    <\/div><\/div><input value=\"MasterLeadIntakeForm\" type=\"hidden\" name=\"elqFormName\"><input value=\"1260946616\" type=\"hidden\" name=\"elqSiteId\"><input name=\"elqCampaignId\" type=\"hidden\"><input type=\"hidden\" name=\"elqCustomerGUID\" value=\"\"><input type=\"hidden\" name=\"elqCookieWrite\" value=\"0\"><input type=\"hidden\" name=\"client_ip_address\" id=\"fe449\" value=\"\"><div class=\"fields\"><input type=\"hidden\" name=\"CID\" id=\"fe198\" value=\"7011T000001YwdlQAC\"><input type=\"hidden\" name=\"CID_STATUS\" id=\"fe281\" value=\"\"><input type=\"hidden\" name=\"redirect_url\" id=\"fe217\" value=\"\"><input type=\"hidden\" name=\"landing_page_url\" id=\"fe204\" value=\"https:\/\/www.genesys.com\/pt-br\/wp-json\/wp\/v2\/pages\/602356\"><input type=\"hidden\" name=\"post_type\" id=\"fe448\" value=\"page\"><input type=\"hidden\" name=\"integration\" id=\"fe362\" value=\"\"><input type=\"hidden\" name=\"language_code\" id=\"fe479\" value=\"pt-br\"><input type=\"hidden\" name=\"full_url\" id=\"fe983\" value=\"https:\/\/www.genesys.com\/pt-br\/wp-json\/wp\/v2\/pages\/602356\"><input type=\"hidden\" name=\"post_id\" id=\"fe984\" value=\"602356\">\n    <div class=\"form-row row-email el_field form-floating\">\n        <input type=\"email\" class=\"form-control el_field elq-item-input required\" name=\"emailAddress\" id=\"fe192\" value=\"\" aria-label=\"Email Corporativo\" placeholder=\"Email Corporativo\">\n        <label for=\"fe192\">Email Corporativo<span class=\"required-asterisk\">*<\/span><\/label>\n    <\/div>\n    <div class=\"form-row cb_available el_field form-floating\">\n        <input type=\"text\" class=\"form-control el_field elq-item-input cb_available  required\" name=\"firstName\" id=\"fe190\" value=\"\" placeholder=\"Nome\">\n        <label for=\"fe190\">Nome<span class=\"required-asterisk\">*<\/span><\/label>\n    <\/div>\n    <div class=\"form-row cb_available el_field form-floating\">\n        <input type=\"text\" class=\"form-control el_field elq-item-input cb_available required\" name=\"lastName\" id=\"fe191\" value=\"\" placeholder=\"Sobrenome\">\n        <label for=\"fe191\">Sobrenome<span class=\"required-asterisk\">*<\/span><\/label>\n    <\/div>\n    <div class=\"form-row cb_available eloq_ppe el_field form-floating\">\n        <select class=\"form-select el_field elq-item-select cb_available required eloq_ppe\" id=\"fe219\" name=\"jobLevel1\" data-value=\"\">\n            <option selected=\"\" value=\"\"><\/option><option value=\"C-Level\">C-Level<\/option><option value=\"VP\">Vice Presidente<\/option><option value=\"Director\">Diretor<\/option><option value=\"Manager\">Gerente<\/option><option value=\"Principal\">Presidente<\/option><option value=\"Engineer \/ Architect\">Engenheiro\/Arquiteto<\/option><option value=\"Consultant\">Consultor<\/option><option value=\"Analyst\">Analista<\/option><option value=\"Partner\">Parceiro<\/option><option value=\"Staff\">Staff<\/option><option value=\"Unknown\">Desconhecida<\/option>\n        <\/select>\n        <label for=\"fe219\">N\u00edvel<span class=\"required-asterisk\">*<\/span><\/label>\n    <\/div>\n    <div class=\"form-row cb_available eloq_ppe el_field form-floating\">\n        <select class=\"form-select el_field elq-item-select cb_available required eloq_ppe\" id=\"fe218\" name=\"jobFunction1\" data-value=\"\">\n            <option selected=\"\" value=\"\"><\/option>\n            <option value=\"Claims\">Seguros<\/option><option value=\"Collections\">Cobran\u00e7as<\/option><option value=\"Contact Center Management\">Gerenciamento de Contact Center<\/option><option value=\"Customer Experience\">Experi\u00eancia do cliente<\/option><option value=\"Customer Service\">Atendimento ao cliente<\/option><option value=\"Ecommerce\/Digital Channels\">Ecommerce\/Canais digitais<\/option><option value=\"Finance\">Finan\u00e7as<\/option><option value=\"Human Resources\">Recursos Humanos<\/option><option value=\"Influencer\">Influenciador<\/option><option value=\"Information Technology\">Tecnologia da Informa\u00e7\u00e3o<\/option><option value=\"IT Architecture\">Arquitetura de TI<\/option><option value=\"IT Infrastructure\">Infraestrutura de TI<\/option><option value=\"IVR\">URA<\/option><option value=\"Marketing\">Marketing<\/option><option value=\"Operations \/ Process Management\">Opera\u00e7\u00f5es\/Gerenciamento de Processos<\/option><option value=\"Production Management\">Gerenciamento de Produ\u00e7\u00e3o<\/option><option value=\"Purchasing\">Compras<\/option><option value=\"Sales\">Vendas<\/option><option value=\"Unknown\">Desconhecida<\/option>\n        <\/select>\n        <label for=\"fe218\">Fun\u00e7\u00e3o<span class=\"required-asterisk\">*<\/span><\/label>\n    <\/div>\n    <div class=\"form-row cb_available eloq_ppe el_field form-floating\">\n        <input type=\"text\" class=\"form-control el_field elq-item-input cb_available required eloq_ppe\" name=\"company\" id=\"fe193\" value=\"\" placeholder=\"Empresa\">\n        <label for=\"fe193\">Empresa<span class=\"required-asterisk\">*<\/span><\/label>\n    <\/div>\n    <div class=\"form-row cb_available eloq_ppe el_field form-floating\">\n        <input type=\"tel\" class=\"form-control el_field elq-item-input cb_available required eloq_ppe\" name=\"busPhone\" id=\"fe215\" value=\"\" placeholder=\"Telefone\">\n        <label for=\"fe215\">Telefone<span class=\"required-asterisk\">*<\/span><\/label>\n    <\/div>\n    <div class=\"form-row cb_available eloq_ppe el_field form-floating\">\n        <select class=\"form-select el_field elq-item-select cb_available required eloq_ppe\" id=\"fe194\" name=\"country\" data-value=\"\">\n            <option value=\"\"><\/option>\n            <!-- Add country options here -->\n        <\/select>\n        <label for=\"fe194\">Pa\u00eds<span class=\"required-asterisk\">*<\/span><\/label>\n    <\/div>\n    <div class=\"form-row cb_available country_dep el_field form-floating\">\n        <select class=\"form-select el_field elq-item-select cb_available required eloq_ppe\" id=\"fe214\" name=\"stateProv\" data-value=\"\">\n            <option selected=\"\" value=\"\"><\/option>\n        <\/select>\n        <label for=\"fe214\">Estado<span class=\"required-asterisk\">*<\/span><\/label>\n    <\/div>\n    <div class=\"form-row cb_available eloq_ppe el_field form-floating\">\n        <input type=\"text\" class=\"form-control el_field elq-item-input cb_available required eloq_ppe\" name=\"website1\" id=\"fe801\" value=\"\" placeholder=\"Your Website\">\n        <label for=\"fe801\">Your Website<span class=\"required-asterisk\">*<\/span><\/label>\n    <\/div><div class=\"form-check single-checkbox-row form-row gdpr-field white-box \"><input type=\"checkbox\" class=\"el_field eloq_ppe\" name=\"explicitConsentEmailPhone\" id=\"fe224\" val=\"\"><label class=\"checkbox-aligned elq-item-label\" for=\"fe224\">Sim. Gostaria de receber informa\u00e7\u00e3o sobre a Genesys via e-mail ou telefone.<\/label><\/div><input type=\"hidden\" data-query=\"utm_medium\" name=\"utm_medium\" id=\"fe199\" value=\"\"><input type=\"hidden\" data-query=\"utm_source\" name=\"utm_source\" id=\"fe200\" value=\"\"><input type=\"hidden\" data-query=\"utm_campaign\" name=\"utm_campaign\" id=\"fe201\" value=\"\"><input type=\"hidden\" data-query=\"utm_term\" name=\"utm_term\" id=\"fe202\" value=\"\"><input type=\"hidden\" data-query=\"utm_content\" name=\"utm_content\" id=\"fe203\" value=\"\"><input type=\"hidden\" data-query=\"ost_tool\" name=\"ost_tool\" id=\"fe293\" value=\"\"><input type=\"hidden\" data-query=\"ost_campaign\" name=\"ost_campaign\" id=\"fe294\" value=\"\"><input type=\"hidden\" data-query=\"ost_content\" name=\"ost_content\" id=\"fe295\" value=\"\"><input type=\"hidden\" data-query=\"blaid\" name=\"eloquaBLAID_c\" id=\"fe3099\" value=\"\"><input type=\"hidden\" data-query=\"gclid\" name=\"gCLID1\" id=\"fe283\" value=\"\"><input type=\"hidden\" data-query=\"mkwid\" name=\"mKWID1\" id=\"fe678\" value=\"\"><input type=\"hidden\" name=\"gAClientID1\" id=\"fe284\" value=\"\"><input type=\"hidden\" name=\"noteCreatorTitle1\" id=\"fe313\" value=\"\"><input type=\"hidden\" name=\"webContentAutoResponderDefault\" id=\"fe286\" value=\"OFF\"><input type=\"hidden\" name=\"webContentAutoResponderTitle\" id=\"fe287\" value=\"\"><input type=\"hidden\" name=\"webContentAutoResponderURL\" id=\"fe288\" value=\"\"><input type=\"hidden\" name=\"noteCreator2\" id=\"fe478\" value=\"\"><input type=\"hidden\" class=\"yesprefill\" name=\"neverbounceResult1\" id=\"fe640\" value=\"OFF\"><input type=\"hidden\" class=\"yesprefill\" name=\"neverbounceFlags1\" id=\"fe641\" value=\"OFF\"><input type=\"hidden\" class=\"yesprefill\" name=\"neverbounceSuggestedCorrection1\" id=\"fe642\" value=\"6sense\"><input type=\"hidden\" name=\"clearbitPersonID1\" id=\"fe630\" value=\"\"><input type=\"hidden\" name=\"clearbitFieldCount1\" id=\"fe633\" value=\"\"><input type=\"hidden\" name=\"clearbitTitle1\" id=\"fe646\" value=\"\"><input type=\"hidden\" name=\"clearbitRole1\" id=\"fe631\" value=\"\"><input type=\"hidden\" name=\"clearbitNumberofEmployees1\" id=\"fe647\" value=\"\"><input type=\"hidden\" name=\"clearbitNumberofEmployeesRange1\" id=\"fe648\" value=\"\"><input type=\"hidden\" name=\"clearbitWebsite1\" id=\"fe802\" value=\"\"><input type=\"hidden\" name=\"browserUserAgent\" id=\"fe3319\" value=\"\"><input type=\"text\" class=\"honeypp\" name=\"honeypp\" id=\"honeypp\" value=\"\" ><input role=\"button\" aria-label=\"Comece a economizar hoje mesmo\" type=\"Submit\" class=\"submit-button-style btn btn-primary \" value=\"Comece a economizar hoje mesmo\" id=\"fe195\"><div class=\"loading\"><\/div><div class=\"gdpr-field form-row white-box legal\"><span>By providing your information, you agree to our <a href=\"https:\/\/www.genesys.com\/company\/legal\/privacy-policy\" target=\"_blank\">privacy policy<\/a>.<\/span><\/div><\/div><\/form><\/div>[vc_column_text css=&#8221;&#8221; el_class=&#8221;thank-you bgc-white p-2 rounded&#8221;]<\/p>\n<p class=\"h1 font-swb text-secondary h4\">Atenciosamente,<\/p>\n<p class=\"text-mid-gray text-16\">Agradecemos o seu interesse pelo Programa de descontos da Genesys para institui\u00e7\u00f5es de caridade.<\/p>\n<p class=\"text-mid-gray text-16\">Na Genesys, temos o compromisso de apoiar aqueles que amparam outras pessoas. Estamos analisando seu pedido e vamos entrar em contato o mais rapidamente poss\u00edvel para saber mais sobre como podemos apoiar sua miss\u00e3o.<\/p>\n<p class=\"text-mid-gray text-16\">Atenciosamente,<br \/>\nEquipe da Genesys<\/p>\n<p>[\/vc_column_text][\/vc_column][\/vc_row][\/vc_section][vc_section flair=&#8221;%5B%7B%22flair_width%22%3A%22100%25%22%2C%22flair_height%22%3A%22100%25%22%2C%22flair_top%22%3A%220%22%2C%22flair_left%22%3A%220%22%2C%22flair_bgc%22%3A%22%23ffffff%22%2C%22hide_mobile%22%3A%22yes%22%7D%5D&#8221; css=&#8221;.vc_custom_1678384799357{background-position: center !important;background-repeat: no-repeat !important;background-size: cover !important;}&#8221;][vc_row][vc_column width=&#8221;1\/2&#8243;][vc_column_text css=&#8221;&#8221;]<\/p>\n<h2>Fa\u00e7a uma diferen\u00e7a maior para a comunidade que voc\u00ea atende.<\/h2>\n<p>Entenda melhor as pessoas que voc\u00ea apoia e antecipe as respectivas necessidades para fornecer servi\u00e7os mais \u00fateis, alcan\u00e7ar efici\u00eancia de processos e pessoas para maximizar seu impacto.[\/vc_column_text][\/vc_column][vc_column width=&#8221;1\/2&#8243;][vc_column_text css=&#8221;&#8221;]<\/p>\n<h3 class=\"h4\">Orientado por nossos valores<\/h3>\n<p>Na Genesys, estamos comprometidos com a empatia. \u00c9 a base da nossa cultura, da nossa tecnologia e do nosso neg\u00f3cio.<\/p>\n<p>Sabemos que os or\u00e7amentos s\u00e3o apertados e as despesas aumentam rapidamente. \u00c9 por isso que, para organiza\u00e7\u00f5es beneficentes qualificadas, estamos oferecendo at\u00e9 50% de desconto em:<\/p>\n<ul>\n<li style=\"list-style-type: none;\">\n<ul>\n<li>Licen\u00e7as do Genesys Cloud<sup>TM<\/sup><\/li>\n<li>Implementa\u00e7\u00e3o dos servi\u00e7os Jumpstart<\/li>\n<li>E tamb\u00e9m nas assinaturas de treinamento<\/li>\n<\/ul>\n<\/li>\n<\/ul>\n<p>Estamos empenhados em fazer a diferen\u00e7a para voc\u00ea e possibilitar que amplie a diferen\u00e7a que faz para os outros.[\/vc_column_text][\/vc_column][\/vc_row][\/vc_section][vc_section sec_modern_width=&#8221;enable&#8221; background_color=&#8221;bgc-lgray&#8221; flair=&#8221;%5B%7B%22flair_type%22%3A%22f_type_image%22%7D%5D&#8221;][vc_row equal_height=&#8221;yes&#8221;][vc_column width=&#8221;7\/12&#8243;][vc_column_text css=&#8221;&#8221;]<\/p>\n<h3>Junte-se a outras institui\u00e7\u00f5es de caridade em parceria com a Genesys<\/h3>\n<p>A Genesys empodera as institui\u00e7\u00f5es de caridade para que possam oferecer experi\u00eancias proativas, preditivas e personalizadas para melhorar a produtividade e fortalecer o engagement dos colaboradores.[\/vc_column_text][\/vc_column][vc_column width=&#8221;5\/12&#8243;]<div class=\"btn-container justify-content-lg-end justify-content-center\"><a role=\"button\"  class=\"btn btn-secondary\" href=\"\/pt-br\/customer-stories\" target=\"\" rel=\"\">Veja todas as hist\u00f3rias<\/a><\/div>[\/vc_column][\/vc_row][vc_row container_class=&#8221;mt-0&#8243;][vc_column]<div class=\"component-customer-carousel default-layout single-customer\" data-current-active=\"0\" data-layout=\"default\" data-count=\"1\"><div class=\"carousel-main-row\"><div class=\"carousel-content-col\"><div class=\"customer-content active\" data-href=\"428433\" data-index=\"0\"><a class=\"content-row w-100 bgc-glass\" tabindex=\"-1\" href=\"https:\/\/www.genesys.com\/customer-stories\/national-domestic-violence-hotline\"><div class=\"customer-image-col\"><img decoding=\"async\" class=\"header-image\" alt=\"Customer story still image national domestic violence hotline\" src=\"https:\/\/www.genesys.com\/media\/customer_story-still_image-National_Domestic-Violence_Hotline.jpg\" width=\"1216\" height=\"684\"><\/div><div class=\"customer-quote-col\"><img decoding=\"async\" class=\"company-logo\" alt=\"Ndvh 100x100\" src=\"https:\/\/www.genesys.com\/media\/NDVH_100x100.png\"  width=\"100\" height=\"100\"><p class=\"quote-content mb-2 quote-size-lg\">\u201cO Genesys Cloud ofereceu a melhor interface, o pre\u00e7o mais transparente e as melhores op\u00e7\u00f5es de integra\u00e7\u00e3o. O \u00faltimo ponto foi fundamental, pois quer\u00edamos escapar do inc\u00f4modo de gerenciar solu\u00e7\u00f5es com amplia\u00e7\u00f5es integradas.\u201d<\/p><p class=\"customer-name text-18 font-weight-bold mb-0\">Marty Hand<\/p><p class=\"customer-title\">CTO, The Hotline<\/p><div class=\"btn-container\"><div class=\"btn btn-secondary small\">Leia mais<\/div><\/div><\/div><\/a><\/div><\/div><\/div><\/div>[\/vc_column][\/vc_row][\/vc_section][vc_section flair=&#8221;%5B%5D&#8221;][vc_row][vc_column width=&#8221;1\/2&#8243;][vc_column_text css=&#8221;.vc_custom_1762489201142{padding-bottom: 20px !important;}&#8221;]<\/p>\n<h3>Crie um novo mundo de efici\u00eancia e empatia<\/h3>\n<p>[\/vc_column_text][\/vc_column][\/vc_row][vc_row equal_height=&#8221;yes&#8221; css=&#8221;.vc_custom_1682022752839{padding-top: -10px !important;padding-bottom: -10px !important;}&#8221;][vc_column v_align=&#8221;middle&#8221; width=&#8221;1\/2&#8243;]<a class=\"component card w-100 bgc-lgray vertical text-start nomedia   \" href=\"\/pt-br\/genesys-cloud\" target=\"\" rel=\"\" ><div class=\"card-body\"><h4 class=\"h5\">Genesys Cloud<\/h4>\n<p>Transforme sua organiza\u00e7\u00e3o com a plataforma de experi\u00eancia do cliente da Genesys. Organize todas as etapas de cada experi\u00eancia, obtenha efici\u00eancia tecnol\u00f3gica, de pessoas e processos e crie melhores relacionamentos com a comunidade e as pessoas que voc\u00ea atende.<\/p>\n<\/div><div class=\"card-footer text-end\"><div class=\"btn-container \"><div class=\"small mt-0 btn btn-secondary \" href=\"#\" target=\"\" rel=\"\">Saiba mais<\/div><\/div><\/div><\/a>[\/vc_column][vc_column width=&#8221;1\/2&#8243;]<a class=\"component card w-100 bgc-lgray vertical text-start nomedia   \" href=\"#\" target=\"\" rel=\"\" ><div class=\"card-body\"><h4 class=\"h5\">Receba seu desconto<\/h4>\n<p>Aproveite nosso pre\u00e7o especial com desconto para sua institui\u00e7\u00e3o de caridade. Entre em contato conosco para obter mais detalhes hoje mesmo.<\/p>\n<\/div><div class=\"card-footer text-end\"><div class=\"btn-container \"><div class=\"small mt-0 chevron arrow arrow-primary \" href=\"#\" target=\"\" rel=\"\">Vamos conversar<\/div><\/div><\/div><\/a>[\/vc_column][\/vc_row][vc_row][vc_column][vc_column_text css=&#8221;&#8221;]<\/p>\n<p class=\"text-mid-gray text-12\"><strong class=\"text-14\">Termos e condi\u00e7\u00f5es<\/strong><\/p>\n<p class=\"text-mid-gray text-12\">As institui\u00e7\u00f5es de caridade devem estar atentas e atender aos seguintes crit\u00e9rios:<\/p>\n<ul>\n<li class=\"text-mid-gray text-12\">Institui\u00e7\u00e3o de caridade reconhecida pelo governo federal\n<ul>\n<li class=\"text-mid-gray text-12\">Nos EUA, a institui\u00e7\u00e3o deve ser uma organiza\u00e7\u00e3o IRS 501(c)(3) e fornecer o respectivo Formul\u00e1rio 990 (DISPON\u00cdVEL AGORA)<\/li>\n<li class=\"text-mid-gray text-12\">No Canad\u00e1, a institui\u00e7\u00e3o de caridade deve ser devidamente registrada como tal e fornecer o respectivo formul\u00e1rio T3010 (DISPON\u00cdVEL AGORA)<\/li>\n<li class=\"text-mid-gray text-12\">Todos os outros pa\u00edses: devem apresentar comprovante de status de institui\u00e7\u00e3o de caridade oficialmente reconhecida (EM BREVE)<\/li>\n<\/ul>\n<\/li>\n<li class=\"text-mid-gray text-12\">N\u00e3o ser atuante nos mercados verticais do governo, da educa\u00e7\u00e3o ou da sa\u00fade<\/li>\n<li class=\"text-mid-gray text-12\">Or\u00e7amento operacional inferior a US$ 100 milh\u00f5es<\/li>\n<li class=\"text-mid-gray text-12\">Institui\u00e7\u00f5es de caridade religiosas devem prestar assist\u00eancia independentemente das cren\u00e7as religiosas dos destinat\u00e1rios<\/li>\n<\/ul>\n<p>[\/vc_column_text][\/vc_column][\/vc_row][\/vc_section]<\/p>\n<\/div>","protected":false},"excerpt":{"rendered":"<p>[vc_section sec_modern_width=&#8221;enable&#8221; background_color=&#8221;bgc-lgray&#8221; flair=&#8221;%5B%7B%22flair_type%22%3A%22f_type_image%22%2C%22hide_mobile%22%3A%22yes%22%7D%5D&#8221; el_id=&#8221;form&#8221; css=&#8221;.vc_custom_1748643950239{background-image: url(https:\/\/www.genesys.com\/media\/Demo-Call-management-BG.png?id=575082) !important;}&#8221;][vc_row background_color=&#8221;bgc-glass&#8221; equal_height=&#8221;yes&#8221; content_placement=&#8221;middle&#8221; el_class=&#8221;rounded p-2 p-lg-4 mt-md-0&#8243;][vc_column width=&#8221;7\/12&#8243;][vc_column_text css=&#8221;.vc_custom_1763629945596{padding-top: 7px !important;}&#8221;] O Programa de descontos da Genesys\u00ae para institui\u00e7\u00f5es de caridade Ajudando voc\u00ea a amparar outras pessoas Em apoio \u00e0 sua miss\u00e3o, a Genesys oferece at\u00e9 50% de desconto em solu\u00e7\u00f5es selecionadas para ajudar voc\u00ea a orquestrar [&hellip;]<\/p>\n","protected":false},"author":1197,"featured_media":0,"parent":0,"menu_order":0,"comment_status":"closed","ping_status":"closed","template":"","meta":{"_acf_changed":false,"footnotes":""},"class_list":["post-602356","page","type-page","status-publish","hentry"],"acf":[],"_links":{"self":[{"href":"https:\/\/www.genesys.com\/pt-br\/wp-json\/wp\/v2\/pages\/602356","targetHints":{"allow":["GET"]}}],"collection":[{"href":"https:\/\/www.genesys.com\/pt-br\/wp-json\/wp\/v2\/pages"}],"about":[{"href":"https:\/\/www.genesys.com\/pt-br\/wp-json\/wp\/v2\/types\/page"}],"author":[{"embeddable":true,"href":"https:\/\/www.genesys.com\/pt-br\/wp-json\/wp\/v2\/users\/1197"}],"replies":[{"embeddable":true,"href":"https:\/\/www.genesys.com\/pt-br\/wp-json\/wp\/v2\/comments?post=602356"}],"version-history":[{"count":4,"href":"https:\/\/www.genesys.com\/pt-br\/wp-json\/wp\/v2\/pages\/602356\/revisions"}],"predecessor-version":[{"id":604983,"href":"https:\/\/www.genesys.com\/pt-br\/wp-json\/wp\/v2\/pages\/602356\/revisions\/604983"}],"wp:attachment":[{"href":"https:\/\/www.genesys.com\/pt-br\/wp-json\/wp\/v2\/media?parent=602356"}],"curies":[{"name":"wp","href":"https:\/\/api.w.org\/{rel}","templated":true}]}}