{"id":576186,"date":"2025-06-09T23:09:17","date_gmt":"2025-06-10T06:09:17","guid":{"rendered":"https:\/\/www.genesys.com\/level-up"},"modified":"2025-07-04T08:50:33","modified_gmt":"2025-07-04T15:50:33","slug":"level-up","status":"publish","type":"page","link":"https:\/\/www.genesys.com\/pt-br\/customer-success\/level-up","title":{"rendered":"Level Up"},"content":{"rendered":"<div class=\"wpb-content-wrapper\"><p>[vc_section background_color=&#8221;bgc-lgray&#8221; flair=&#8221;%5B%7B%22flair_type%22%3A%22f_type_image%22%2C%22hide_mobile%22%3A%22yes%22%7D%5D&#8221;][vc_row equal_height=&#8221;yes&#8221; content_placement=&#8221;middle&#8221;][vc_column width=&#8221;1\/2&#8243; offset=&#8221;vc_col-md-5&#8243;][vc_column_text css=&#8221;&#8221;]<\/p>\n<h1>Aprimore sua experi\u00eancia no Genesys Cloud<\/h1>\n<p class=\"text-22\">Aprimore seu conhecimento sobre a plataforma com cursos selecionados e criados para ajudar voc\u00ea a se tornar um especialista em Genesys Cloud<\/p>\n<p>[\/vc_column_text][\/vc_column][vc_column width=&#8221;1\/2&#8243; offset=&#8221;vc_col-md-offset-1 vc_col-md-6&#8243;][vc_single_image image=&#8221;571353&#8243; css=&#8221;&#8221; rounded_corners=&#8221;rounded&#8221;][\/vc_column][\/vc_row][\/vc_section][vc_section][vc_row][vc_column offset=&#8221;vc_col-md-5&#8243;][vc_column_text css=&#8221;&#8221;]<\/p>\n<h2>Escolha o t\u00f3pico<\/h2>\n<p>A s\u00e9rie Genesys Cloud Level Up integra t\u00f3picos que ajudar\u00e3o voc\u00ea a dominar a plataforma Genesys Cloud\u2122. Cada t\u00f3pico \u00e9 ministrado por especialistas da Genesys e ajudar\u00e1 voc\u00ea a desenvolver as habilidades necess\u00e1rias para maximizar os resultados comerciais em nossa plataforma completa de experi\u00eancia do cliente.[\/vc_column_text][\/vc_column][\/vc_row][vc_row equal_height=&#8221;yes&#8221;][vc_column width=&#8221;1\/3&#8243;]<a class=\"component card w-100 bgc-lgray vertical text-start thumbnail  chevron-only  \" href=\"\/pt-br\/campaign\/level-up-series-featuring-ai\" target=\"\" rel=\"\" ><div class=\"thumbnail-col   thumbnail\"><img decoding=\"async\" width=\"820\" height=\"464\" class=\"card-img-top thumbnail\" src=\"https:\/\/www.genesys.com\/media\/Resource-thumbnail_video_Webinar_820x464.jpg\" alt=\"Resource thumbnail_video_Webinar_820x464\" ><\/div><div class=\"card-body\"><p class=\"text-22\">Eleve as experi\u00eancias do cliente e do colaborador com o poder da IA<\/p>\n<\/div><div class=\"card-footer text-end\"><div class=\"btn-container justify-content-end\"><div class=\"small mt-0 chevron btn btn-secondary  only\"><\/div><\/div><\/div><\/a>[\/vc_column][vc_column width=&#8221;1\/3&#8243;]<a class=\"component card w-100 bgc-lgray vertical text-start thumbnail  chevron-only  \" href=\"\/pt-br\/campaign\/genesys-level-up-series-featuring-cgjm\" target=\"\" rel=\"\" ><div class=\"thumbnail-col   thumbnail\"><img decoding=\"async\" width=\"820\" height=\"464\" class=\"card-img-top thumbnail\" src=\"https:\/\/www.genesys.com\/media\/Resource-thumbnail_820x464.jpg\" alt=\"Resource thumbnail_820x464\" ><\/div><div class=\"card-body\"><p class=\"text-22\">Obtenha insights orientados por dados por meio da gest\u00e3o de jornada<\/p>\n<\/div><div class=\"card-footer text-end\"><div class=\"btn-container justify-content-end\"><div class=\"small mt-0 chevron btn btn-secondary  only\"><\/div><\/div><\/div><\/a>[\/vc_column][vc_column width=&#8221;1\/3&#8243;]<a class=\"component card w-100 bgc-lgray vertical text-start thumbnail  chevron-only  \" href=\"\/pt-br\/campaign\/genesys-level-up-series\" target=\"\" rel=\"\" ><div class=\"thumbnail-col   thumbnail\"><img decoding=\"async\" width=\"820\" height=\"464\" class=\"card-img-top thumbnail\" src=\"https:\/\/www.genesys.com\/media\/Resource-thumbnail_video_Course_820x464.jpg\" alt=\"Resource thumbnail_video_Course_820x464\" ><\/div><div class=\"card-body\"><p class=\"text-22\">Empodere sua equipe com a gest\u00e3o do engagement da for\u00e7a de trabalho<\/p>\n<\/div><div class=\"card-footer text-end\"><div class=\"btn-container justify-content-end\"><div class=\"small mt-0 chevron btn btn-secondary  only\"><\/div><\/div><\/div><\/a>[\/vc_column][\/vc_row][\/vc_section][vc_section background_color=&#8221;bgc-lgray&#8221; flair=&#8221;%5B%7B%22flair_type%22%3A%22f_type_image%22%2C%22hide_mobile%22%3A%22yes%22%7D%5D&#8221; css=&#8221;.vc_custom_1746138004788{background-position: center !important;background-repeat: no-repeat !important;background-size: cover !important;}&#8221; el_class=&#8221;sky-high&#8221;][vc_row][vc_column offset=&#8221;vc_col-md-6&#8243;][vc_column_text css=&#8221;&#8221;]<\/p>\n<h2 class=\"text-balance\">Veja o que nossos clientes t\u00eam a dizer<\/h2>\n<p>[\/vc_column_text][\/vc_column][vc_column offset=&#8221;vc_col-md-6&#8243;]<div class=\"btn-container justify-content-lg-end justify-content-end\"><a role=\"button\"  class=\"btn chevron btn-secondary\" href=\"\/pt-br\/customer-stories\" target=\"\" rel=\"\">Leias todas as hist\u00f3rias<\/a><\/div>[\/vc_column][vc_column offset=&#8221;vc_col-md-offset-1 vc_col-md-10&#8243;]<div class=\"component-customer-carousel default-layout single-customer\" data-current-active=\"0\" data-layout=\"default\" data-count=\"1\"><div class=\"carousel-main-row\"><div class=\"carousel-content-col\"><div class=\"customer-content active\" data-href=\"500890\" data-index=\"0\"><a class=\"content-row w-100 bgc-glass\" tabindex=\"-1\" href=\"\/pt-br\/customer-stories\/adapthealth \"><div class=\"customer-image-col\"><img decoding=\"async\" class=\"header-image\" alt=\"Attentive pensioner looking at screen of tablet\" src=\"https:\/\/www.genesys.com\/media\/AdaptHealth_hero.jpg\" width=\"626\" height=\"352\"><\/div><div class=\"customer-quote-col\"><img decoding=\"async\" class=\"company-logo\" alt=\"Adapthealthx250\" src=\"https:\/\/www.genesys.com\/media\/AdaptHealthx250.png\"  width=\"250\" height=\"37\"><p class=\"quote-content mb-2 quote-size-md\">\u201cA plataforma Genesys Cloud \u00e9 t\u00e3o intuitiva que literalmente treinamos a equipe \u00e0 tarde e fizemos a transi\u00e7\u00e3o no dia seguinte. Uma semana depois, ativamos o Genesys Workforce Engagement Management e observamos os n\u00edveis de servi\u00e7o aumentarem, enquanto os tempos m\u00e9dios de atendimento e as taxas de abandono diminu\u00edram. Isso tem sido o caso em cada implementa\u00e7\u00e3o.\u201d<\/p><p class=\"customer-name text-18 font-weight-bold mb-0\">Bill Lewis<\/p><p class=\"customer-title\">Senior Director, Infrastructure and Security Engineering, AdaptHealth<\/p><div class=\"btn-container\"><div class=\"btn btn-secondary small\">Leia mais<\/div><\/div><\/div><\/a><\/div><\/div><\/div><\/div>[\/vc_column][\/vc_row][\/vc_section][vc_section][vc_row][vc_column offset=&#8221;vc_col-md-6&#8243;][vc_column_text css=&#8221;&#8221;]<\/p>\n<h2>Explore as principais tend\u00eancias de CX e as melhores pr\u00e1ticas<\/h2>\n<p>[\/vc_column_text][\/vc_column][\/vc_row][vc_row][vc_column]<div class=\"related-posts-container next-steps-module w-100\"><div class=\"inner-container\"><div class=\"row align-items-stretch gutter-small col-count-1\"><div class=\"col-12 primary-item grid-item card-col item-image grid_type-blog\"><a class=\"card w-100 h-100 bgc-lgray component-cta-block centered cta-text-end\" href=\"https:\/\/www.genesys.com\/pt-br\/blog\/post\/practical-ai-use-cases-to-drive-customer-experience-success\"><div class=\"row align-items-stretch image-stack chevron-only card-body\"><div class=\"col-image col-md-5 flex-column justify-content-center img-top-container no-offset\"><img decoding=\"async\" class=\"rounded\" src=\"https:\/\/www.genesys.com\/media\/AdobeStock_1083745441-scaled-e1734454435488.jpeg\" height=\"547\" width=\"1037\" alt=\"Ai, cx, customer experience, conversational ai, customer service, ai use cases\"><\/div><div class=\"col-content col-md-7 mt-lg-0\"><div class=\"content-container align-self-start align-self-md-center\"><p class=\"assettag\">Blog<\/p><h3 class=\"item-title\">Aplica\u00e7\u00f5es Pr\u00e1ticas de IA para Promover o Sucesso na Experi\u00eancia do Cliente<\/h3><p class=\"brief-desc text-20 mb-0\">Organiza\u00e7\u00f5es est\u00e3o cada vez mais cientes de que aproveitar a intelig\u00eancia artificial (IA) \u00e9 essencial para se manterem...<\/p><\/div><div class=\"justify-content-end btn-container\"><div class=\"btn chevron small only btn-secondary\"><\/div><\/div><\/div><\/div><\/a><\/div><\/div><\/div><\/div>[\/vc_column][\/vc_row][\/vc_section][vc_section background_color=&#8221;bgc-white&#8221; flair=&#8221;%5B%7B%22flair_type%22%3A%22f_type_image%22%2C%22hide_mobile%22%3A%22yes%22%7D%5D&#8221;][vc_row el_class=&#8221;forced-modern&#8221;][vc_column]<a class=\"component-cta-block card w-100 h-100 bgc-glass centered cta-text-start  vc_custom_1747425181799\" role=\"button\" data-bs-toggle=\"modal\" aria-haspopup=\"true\" data-target=\"#getStartedBox\"  style=\"--ob-bg-mobile:url();\"  href=\"#getStartedBox\" target=\"\" rel=\"\"><div class=\"row align-items-center image-stack card-body\"><div class=\"col-content col-md-4\"><div class=\"content-container\"><h2 class=\"h3 text-balance\">Transforme seu contact center hoje mesmo<\/h2>\n<p>Nossos especialistas est\u00e3o aqui para ajudar voc\u00ea a aprimorar as possibilidades existentes na plataforma Genesys Cloud. Descubra como aumentar a produtividade, agilizar as opera\u00e7\u00f5es e aumentar a satisfa\u00e7\u00e3o dos clientes e dos colaboradores. Com a Genesys, voc\u00ea pode adaptar as solu\u00e7\u00f5es \u00e0s suas necessidades e explorar todo o poder da sua plataforma.<\/p>\n<\/div><div class=\" btn-container mt-2\"><div class=\"btn btn-primary\">Fale com um especialista<\/div><\/div><\/div><\/div><\/a><style type='text\/css'>\r .forced-modern .component-cta-block .card-body { padding: 1rem 2.5rem; }\r <\/style>[\/vc_column][\/vc_row][\/vc_section]<\/p>\n<\/div>","protected":false},"excerpt":{"rendered":"<p>[vc_section background_color=&#8221;bgc-lgray&#8221; flair=&#8221;%5B%7B%22flair_type%22%3A%22f_type_image%22%2C%22hide_mobile%22%3A%22yes%22%7D%5D&#8221;][vc_row equal_height=&#8221;yes&#8221; content_placement=&#8221;middle&#8221;][vc_column width=&#8221;1\/2&#8243; offset=&#8221;vc_col-md-5&#8243;][vc_column_text css=&#8221;&#8221;] Aprimore sua experi\u00eancia no Genesys Cloud Aprimore seu conhecimento sobre a plataforma com cursos selecionados e criados para ajudar voc\u00ea a se tornar um especialista em Genesys Cloud [\/vc_column_text][\/vc_column][vc_column width=&#8221;1\/2&#8243; offset=&#8221;vc_col-md-offset-1 vc_col-md-6&#8243;][vc_single_image image=&#8221;571353&#8243; css=&#8221;&#8221; rounded_corners=&#8221;rounded&#8221;][\/vc_column][\/vc_row][\/vc_section][vc_section][vc_row][vc_column offset=&#8221;vc_col-md-5&#8243;][vc_column_text css=&#8221;&#8221;] Escolha o t\u00f3pico A s\u00e9rie Genesys Cloud Level Up integra [&hellip;]<\/p>\n","protected":false},"author":9,"featured_media":0,"parent":106222,"menu_order":0,"comment_status":"closed","ping_status":"closed","template":"","meta":{"_acf_changed":false,"footnotes":""},"class_list":["post-576186","page","type-page","status-publish","hentry"],"acf":[],"_links":{"self":[{"href":"https:\/\/www.genesys.com\/pt-br\/wp-json\/wp\/v2\/pages\/576186","targetHints":{"allow":["GET"]}}],"collection":[{"href":"https:\/\/www.genesys.com\/pt-br\/wp-json\/wp\/v2\/pages"}],"about":[{"href":"https:\/\/www.genesys.com\/pt-br\/wp-json\/wp\/v2\/types\/page"}],"author":[{"embeddable":true,"href":"https:\/\/www.genesys.com\/pt-br\/wp-json\/wp\/v2\/users\/9"}],"replies":[{"embeddable":true,"href":"https:\/\/www.genesys.com\/pt-br\/wp-json\/wp\/v2\/comments?post=576186"}],"version-history":[{"count":5,"href":"https:\/\/www.genesys.com\/pt-br\/wp-json\/wp\/v2\/pages\/576186\/revisions"}],"predecessor-version":[{"id":580842,"href":"https:\/\/www.genesys.com\/pt-br\/wp-json\/wp\/v2\/pages\/576186\/revisions\/580842"}],"up":[{"embeddable":true,"href":"https:\/\/www.genesys.com\/pt-br\/wp-json\/wp\/v2\/pages\/106222"}],"wp:attachment":[{"href":"https:\/\/www.genesys.com\/pt-br\/wp-json\/wp\/v2\/media?parent=576186"}],"curies":[{"name":"wp","href":"https:\/\/api.w.org\/{rel}","templated":true}]}}