{"id":550012,"date":"2022-12-20T11:03:29","date_gmt":"2022-12-20T19:03:29","guid":{"rendered":"https:\/\/www.genesys.com\/?page_id=550012"},"modified":"2026-04-07T15:45:26","modified_gmt":"2026-04-07T22:45:26","slug":"global-system-integrators","status":"publish","type":"page","link":"https:\/\/www.genesys.com\/pt-br\/partners\/global-system-integrators","title":{"rendered":"Integradores de sistemas"},"content":{"rendered":"<div class=\"wpb-content-wrapper\"><p>[vc_section sec_modern_width=&#8221;enable&#8221; background_color=&#8221;bgc-lgray&#8221; flair=&#8221;%5B%7B%22flair_type%22%3A%22f_type_image%22%2C%22hide_mobile%22%3A%22yes%22%7D%5D&#8221; vib=&#8221;enable&#8221; css=&#8221;.vc_custom_1749627119105{background-position: center !important;background-repeat: no-repeat !important;background-size: cover !important;}&#8221;][vc_row content_placement=&#8221;middle&#8221;][vc_column width=&#8221;1\/2&#8243;][vc_column_text css=&#8221;&#8221;]<\/p>\n<h1 class=\"no-balance\">Parceria com integradores de sistemas globais para impulsionar a transforma\u00e7\u00e3o da experi\u00eancia do cliente<\/h1>\n<p>Transformar a experi\u00eancia do cliente (CX) vai al\u00e9m do contact center. \u00c0s vezes, isso exige integra\u00e7\u00f5es tecnol\u00f3gicas complexas e experi\u00eancia em gest\u00e3o de mudan\u00e7as. A Genesys mant\u00e9m parcerias com os principais integradores de sistemas globais (GSIs) para agilizar e simplificar esse processo para sua empresa.[\/vc_column_text]<div class=\"btn-container  \"><a role=\"button\"  class=\"btn btn-primary\" href=\"#gsa\" target=\"\" rel=\"\">Veja os parceiros GSI<\/a><\/div>[\/vc_column][vc_column width=&#8221;5\/12&#8243; offset=&#8221;vc_col-sm-offset-1&#8243;][vc_single_image image=&#8221;602451&#8243; css=&#8221;&#8221; rounded_corners=&#8221;rounded-lg&#8221;][\/vc_column][\/vc_row][\/vc_section][vc_section flair=&#8221;%5B%7B%22hide_mobile%22%3A%22yes%22%7D%5D&#8221; css=&#8221;.vc_custom_1714456937508{background-position: center !important;background-repeat: no-repeat !important;background-size: cover !important;}&#8221;][vc_row equal_height=&#8221;yes&#8221; content_placement=&#8221;middle&#8221;][vc_column width=&#8221;5\/12&#8243; offset=&#8221;vc_hidden-xs&#8221;][vc_single_image image=&#8221;602452&#8243; css=&#8221;&#8221; rounded_corners=&#8221;rounded-lg&#8221;][\/vc_column][vc_column width=&#8221;1\/2&#8243; offset=&#8221;vc_col-sm-offset-1&#8243;][vc_column_text css=&#8221;&#8221;]<\/p>\n<h2 class=\"h3\">Parcerias estrat\u00e9gicas constru\u00eddas para o crescimento<\/h2>\n<p>A Genesys estabelece parceria com os principais GSIs do mundo para ajudar as organiza\u00e7\u00f5es a impulsionar um crescimento transformador, colocando a CX no centro da estrat\u00e9gia de neg\u00f3cios. Essas parcerias v\u00e3o al\u00e9m da moderniza\u00e7\u00e3o do contact center, permitindo que as empresas impulsionem mudan\u00e7as em toda a organiza\u00e7\u00e3o e criem experi\u00eancias conectadas, inteligentes e adapt\u00e1veis que aceleram a transforma\u00e7\u00e3o digital.[\/vc_column_text][\/vc_column][\/vc_row][\/vc_section][vc_section][vc_row][vc_column width=&#8221;7\/12&#8243;][vc_column_text css=&#8221;&#8221;]<\/p>\n<h2>Acelere o impacto da sua transforma\u00e7\u00e3o da CX com um GSI<\/h2>\n<p>Nossos parceiros GSI de confian\u00e7a oferecem um profundo conhecimento do setor, metodologias comprovadas e escala global para suas iniciativas de CX. Eles ajudam empresas de todos os tamanhos a projetar e oferecer jornadas do cliente mais inteligentes, otimizando os investimentos existentes em plataformas, dados e pessoas.<\/p>\n<p>Os parceiros GSI oferecem estrat\u00e9gias de migra\u00e7\u00e3o prescritivas, planos de moderniza\u00e7\u00e3o da CX e modelos operacionais escal\u00e1veis criados para gerar valor rapidamente. Quando combinados com nosso amplo ecossistema tecnol\u00f3gico, os GSIs ajudam voc\u00ea a aproveitar mais a sua tecnologia e obter mais para seus clientes.[\/vc_column_text][\/vc_column][\/vc_row][vc_row][vc_column width=&#8221;1\/4&#8243;][vc_column_text ct_style=&#8221;list-block&#8221; css=&#8221;&#8221;]<\/p>\n<h3 class=\"h5\">Expertise em CX no seu setor<\/h3>\n<p>Nossos parceiros GSI oferecem conhecimento especializado em diversos setores, como servi\u00e7os financeiros, sa\u00fade, setor p\u00fablico, varejo e outros. Trabalhamos juntos para dar vida \u00e0 sua vis\u00e3o de CX.[\/vc_column_text][\/vc_column][vc_column width=&#8221;1\/4&#8243;][vc_column_text ct_style=&#8221;list-block&#8221; css=&#8221;&#8221;]<\/p>\n<h3 class=\"h5\">Resultados reais para os seus neg\u00f3cios<\/h3>\n<p>Desde efici\u00eancia operacional e custos de suporte mais baixos at\u00e9 uma satisfa\u00e7\u00e3o do cliente mais consistente e maior fidelidade, os GSIs ajudam voc\u00ea a alinhar a transforma\u00e7\u00e3o da CX com resultados mensur\u00e1veis e de longo prazo.[\/vc_column_text][\/vc_column][vc_column width=&#8221;1\/4&#8243;][vc_column_text ct_style=&#8221;list-block&#8221; css=&#8221;&#8221;]<\/p>\n<h3 class=\"h5\">Presen\u00e7a global e conhecimento local<\/h3>\n<p>Os GSIs oferecem a escala necess\u00e1ria para entregar globalmente, com expertise regional para atender \u00e0 conformidade, \u00e0s expectativas dos clientes e nuances culturais, onde quer que voc\u00ea atue.[\/vc_column_text][\/vc_column][vc_column width=&#8221;1\/4&#8243;][vc_column_text ct_style=&#8221;list-block&#8221; css=&#8221;&#8221;]<\/p>\n<h3 class=\"h5\">Valor ampliado para seu investimento em CX<\/h3>\n<p>Com modelos de entrega estruturados, melhores pr\u00e1ticas e estruturas repet\u00edveis, os GSIs ajudam a acelerar o tempo de retorno do investimento e reduzir o risco de implementa\u00e7\u00e3o em programas de grande escala.[\/vc_column_text][\/vc_column][\/vc_row][\/vc_section][vc_section sec_modern_width=&#8221;enable&#8221; background_color=&#8221;bgc-lgray&#8221; flair=&#8221;%5B%7B%22flair_type%22%3A%22f_type_image%22%2C%22hide_mobile%22%3A%22yes%22%7D%5D&#8221; css=&#8221;.vc_custom_1761248218078{background-image: url(https:\/\/www.genesys.com\/media\/Genesys_Threads_209.png?id=569364) !important;}&#8221; el_class=&#8221;bg-cover bg-150-md bg-center bg-norepeat&#8221; el_id=&#8221;gsa&#8221;][vc_row r_gutter_size=&#8221;gutter-small&#8221; background_color=&#8221;bgc-glass&#8221; equal_height=&#8221;yes&#8221; el_class=&#8221;py-3 px-1 px-lg-3 rounded mt-0&#8243;][vc_column offset=&#8221;vc_col-md-7&#8243; el_class=&#8221;mb-1&#8243;][vc_column_text css=&#8221;&#8221;]<\/p>\n<h2>Integradores de sistemas Genesys<\/h2>\n<p>Ao combinar a inova\u00e7\u00e3o da plataforma de orquestra\u00e7\u00e3o de experi\u00eancias com IA Genesys\u2122 Cloud com a profunda expertise no setor e as capacidades de entrega global de nossos parceiros GSI, capacitamos as empresas a reinventar a forma como interagem com clientes e colaboradores, gerando melhores resultados em escala. Seja como parte de uma migra\u00e7\u00e3o corporativa maior para a nuvem, uma reformula\u00e7\u00e3o da estrat\u00e9gia de dados ou uma iniciativa de habilita\u00e7\u00e3o de IA, nossas solu\u00e7\u00f5es conjuntas ajudam as empresas a modernizar a infraestrutura, unificar dados isolados e operacionalizar a IA, tudo isso enquanto entregam valor comercial mensur\u00e1vel e agilidade no mercado. [\/vc_column_text]<style type='text\/css'>\r .component.card.has-card-header img { border-radius: 0}\r <\/style>[\/vc_column][vc_column elemental_order=&#8221;order-5&#8243; offset=&#8221;vc_col-md-5&#8243; el_class=&#8221;mt-2 mt-lg-0&#8243;][\/vc_column][vc_column width=&#8221;1\/2&#8243;]<a class=\"component card w-100 bgc-white vertical text-start   has-card-header  \" href=\"https:\/\/www.accenture.com\/br-pt\" target=\"_blank\" rel=\"noopener\" ><div class=\"card-header p-1 bgc-lgray d-flex justify-content-center align-items-center\" style=\"min-height:175px;\"><img decoding=\"async\" style=\"max-width:250px;\"width=\"163\" height=\"43\" src=\"https:\/\/www.genesys.com\/media\/Accenture.svg\" alt=\"Accenture\" ><\/div><div class=\"card-body\"><h3 class=\"h5\">Accenture<\/h3>\n<p>A Accenture \u00e9 uma empresa global l\u00edder em servi\u00e7os profissionais que ajuda as principais empresas, governos e outras organiza\u00e7\u00f5es do mundo a construir seu n\u00facleo digital, otimizar suas opera\u00e7\u00f5es, acelerar o crescimento da receita e aprimorar os servi\u00e7os aos cidad\u00e3os, criando valor tang\u00edvel com rapidez e em escala. Juntas, Genesys e Accenture oferecem solu\u00e7\u00f5es de ponta ao unificar experi\u00eancias do cliente excepcionais, profissionais especialistas e aceleradores poderosos, permitindo que os clientes lancem e sustentem com sucesso suas jornadas de transforma\u00e7\u00e3o.<\/p>\n<\/div><div class=\"card-footer text-end\"><div class=\"btn-container \"><div class=\"small mt-0 chevron arrow arrow-primary \" href=\"#\" target=\"\" rel=\"\">Saiba mais<\/div><\/div><\/div><\/a>[\/vc_column][vc_column width=&#8221;1\/2&#8243;]<a class=\"component card w-100 bgc-white vertical text-start   has-card-header  \" href=\"https:\/\/www.capgemini.com\/br-pt\/\" target=\"_blank\" rel=\"noopener\" ><div class=\"card-header p-1 bgc-lgray d-flex justify-content-center align-items-center\" style=\"min-height:175px;\"><img decoding=\"async\" style=\"max-width:240px;\"width=\"1280\" height=\"299\" src=\"https:\/\/www.genesys.com\/media\/Capgemini-logo.png\" alt=\"Capgemini-logo\" ><\/div><div class=\"card-body\"><h3 class=\"h5\">Capgemini<\/h3>\n<p>A Capgemini \u00e9 uma parceira global de transforma\u00e7\u00e3o de neg\u00f3cios e tecnologia que ajuda empresas a acelerar a transi\u00e7\u00e3o dupla para um mundo digital e sustent\u00e1vel, ao mesmo tempo em que cria impacto tang\u00edvel para as empresas e a sociedade. \u00c9 um grupo respons\u00e1vel e diversificado com 340.000 colaboradores em mais de 50 pa\u00edses. Com uma s\u00f3lida trajet\u00f3ria de mais de 55 anos, a Capgemini \u00e9 a empresa de confian\u00e7a dos seus clientes para desbloquear o valor da tecnologia e atender a todas as suas necessidades de neg\u00f3cios. A Capgemini oferece servi\u00e7os e solu\u00e7\u00f5es de ponta a ponta, aproveitando pontos fortes desde estrat\u00e9gia e design at\u00e9 engenharia, tudo impulsionado por suas capacidades l\u00edderes de mercado em IA, IA generativa, nuvem e dados, combinadas com sua profunda expertise no setor e ecossistema de parceiros. <\/p>\n<\/div><div class=\"card-footer text-end\"><div class=\"btn-container \"><div class=\"small mt-0 chevron arrow arrow-primary \" href=\"#\" target=\"\" rel=\"\">Saiba mais<\/div><\/div><\/div><\/a>[\/vc_column][vc_column width=&#8221;1\/2&#8243;]<a class=\"component card w-100 bgc-white vertical text-start   has-card-header  \" href=\"https:\/\/www.deloittedigital.com\/br\/pt.html\" target=\"_blank\" rel=\"noopener\" ><div class=\"card-header p-1 bgc-lgray d-flex justify-content-center align-items-center\" style=\"min-height:175px;\"><img decoding=\"async\" style=\"max-width:200px;\"width=\"510\" height=\"283\" src=\"https:\/\/www.genesys.com\/media\/Deloitte-Digital.png\" alt=\"Deloitte Digital\" ><\/div><div class=\"card-body\"><h3 class=\"h5\">Deloitte Digital<\/h3>\n<p>A Deloitte Digital e a Genesys oferecem solu\u00e7\u00f5es de CX aprimoradas, proporcionando ferramentas avan\u00e7adas para otimizar as opera\u00e7\u00f5es de contact center. As solu\u00e7\u00f5es combinam recursos omnichannel, digitais e de IA, desenvolvidos para impulsionar a efici\u00eancia e a satisfa\u00e7\u00e3o. Com gest\u00e3o da for\u00e7a de trabalho personalizada e servi\u00e7os integrados, essas solu\u00e7\u00f5es auxiliam as empresas a navegar eficientemente no Contact Center como Servi\u00e7o (CCaaS). Essa colabora\u00e7\u00e3o visa melhorar o engagement do cliente, o que ajuda a alcan\u00e7ar experi\u00eancias fluidas em todos os pontos de contato, promovendo a fidelidade e impulsionando o sucesso na era digital. <\/p>\n<\/div><div class=\"card-footer text-end\"><div class=\"btn-container \"><div class=\"small mt-0 chevron arrow arrow-primary \" href=\"#\" target=\"\" rel=\"\">Saiba mais<\/div><\/div><\/div><\/a>[\/vc_column][vc_column width=&#8221;1\/2&#8243;]<a class=\"component card w-100 bgc-white vertical text-start   has-card-header  \" href=\"https:\/\/www.ibm.com\/br-pt\" target=\"_blank\" rel=\"noopener\" ><div class=\"card-header p-1 bgc-lgray d-flex justify-content-center align-items-center\" style=\"min-height:175px;\"><img decoding=\"async\" style=\"max-width:200px;\"width=\"200\" height=\"83\" src=\"https:\/\/www.genesys.com\/media\/648d9008-ibm-logo-200px-.png\" alt=\"ibm logo 200px\" ><\/div><div class=\"card-body\"><h3 class=\"h5\">IBM<\/h3>\n<p>A IBM \u00e9 uma das integradoras de sistemas e parceiras de implementa\u00e7\u00e3o da Genesys mais experientes, e liderou diversas implementa\u00e7\u00f5es grandes e inovadoras para clientes de <sup>Genesys Cloud CX\u00ae<\/sup>. A IBM trabalha com clientes em todo o espectro, de ponta a ponta, aconselhando sobre estrat\u00e9gia de contact center e experi\u00eancia do cliente, executando a implementa\u00e7\u00e3o dessa estrat\u00e9gia e otimizando processos de neg\u00f3cios e opera\u00e7\u00f5es de contact center.<\/p>\n<p>A IBM trabalhou com a Genesys para oferecer experi\u00eancias do cliente de \u00faltima gera\u00e7\u00e3o, permitindo que os clientes impulsionem a IA e o atendimento digital em primeiro lugar, utilizando IA generativa e agentes de IA. Tamb\u00e9m incorporamos ferramentas de IA na entrega de solu\u00e7\u00f5es de contact center e constru\u00edmos ferramentas internas e incubadoras de neg\u00f3cios especificamente para a Genesys, a fim de acelerar a entrega de solu\u00e7\u00f5es e a gera\u00e7\u00e3o de valor.<\/p>\n<\/div><div class=\"card-footer text-end\"><div class=\"btn-container \"><div class=\"small mt-0 chevron arrow arrow-primary \" href=\"#\" target=\"\" rel=\"\">Saiba mais<\/div><\/div><\/div><\/a>[\/vc_column][\/vc_row][\/vc_section][vc_section][vc_row][vc_column width=&#8221;7\/12&#8243;][vc_column_text css=&#8221;&#8221;]<\/p>\n<h2 class=\"h3\">Explore os recursos da Genesys<\/h2>\n<p>[\/vc_column_text][\/vc_column][\/vc_row][vc_row r_gutter_size=&#8221;gutter-small&#8221; equal_height=&#8221;yes&#8221;][vc_column]<div class=\"related-posts-container next-steps-module w-100\"><div class=\"inner-container scrollable-row-container\"><div class=\"row align-items-stretch gutter-small col-count-2 scrollable-row\"><div class=\"col-md-6 horizontal-cards grid-item card-col item-image grid_type-resources\"><a class=\"card w-100 h-100 bgc-lgray component horizontal text-start thumbnail chevron-only\" href=\"https:\/\/www.genesys.com\/pt-br\/resources\/contact-center-buyers-guide\"><div class=\"row align-items-center\"><div class=\"col-12 col-md-5 col-lg-6\"><div class=\"thumbnail-col thubmnail\"><img decoding=\"async\" src=\"https:\/\/www.genesys.com\/media\/820x464-Resource-Thumbnail-Ebook-Buyers-Guide-for-AI-and-CX.jpg\" height=\"464\" width=\"820\" alt=\"820&#215;464 resource thumbnail ebook buyers guide for ai and cx\"><\/div><\/div><div class=\"col-12 col-md-7 col-lg-6\"><div class=\"card-body text-col ps-0\"><p class=\"assettag\">Ebook<\/p><h3 class=\"item-title h6\">Guia do Comprador de Contact Center<\/h3><\/div><div class=\"card-footer text-end ps-0\"><div class=\"justify-content-end btn-container\"><div class=\"btn chevron small only btn-secondary\"><\/div><\/div><\/div><\/div><\/div><\/a><\/div><div class=\"col-md-6 horizontal-cards grid-item card-col item-image grid_type-blog\"><a class=\"card w-100 h-100 bgc-lgray component horizontal text-start thumbnail chevron-only\" href=\"https:\/\/www.genesys.com\/pt-br\/blog\/post\/the-levels-of-experience-orchestration\"><div class=\"row align-items-center\"><div class=\"col-12 col-md-5 col-lg-6\"><div class=\"thumbnail-col thubmnail\"><img decoding=\"async\" src=\"https:\/\/www.genesys.com\/media\/Levels-of-Experience-Orchestration-blog-image-820-x-548.webp\" height=\"547\" width=\"820\" alt=\"\"><\/div><\/div><div class=\"col-12 col-md-7 col-lg-6\"><div class=\"card-body text-col ps-0\"><p class=\"assettag\">Blog<\/p><h3 class=\"item-title h6\">Os n\u00edveis de orquestra\u00e7\u00e3o da experi\u00eancia<\/h3><\/div><div class=\"card-footer text-end ps-0\"><div class=\"justify-content-end btn-container\"><div class=\"btn chevron small only btn-secondary\"><\/div><\/div><\/div><\/div><\/div><\/a><\/div><\/div><\/div><\/div>[\/vc_column][\/vc_row][\/vc_section]<\/p>\n<\/div>","protected":false},"excerpt":{"rendered":"<p>[vc_section sec_modern_width=&#8221;enable&#8221; background_color=&#8221;bgc-lgray&#8221; flair=&#8221;%5B%7B%22flair_type%22%3A%22f_type_image%22%2C%22hide_mobile%22%3A%22yes%22%7D%5D&#8221; vib=&#8221;enable&#8221; css=&#8221;.vc_custom_1749627119105{background-position: center !important;background-repeat: no-repeat !important;background-size: cover !important;}&#8221;][vc_row content_placement=&#8221;middle&#8221;][vc_column width=&#8221;1\/2&#8243;][vc_column_text css=&#8221;&#8221;] Parceria com integradores de sistemas globais para impulsionar a transforma\u00e7\u00e3o da experi\u00eancia do cliente Transformar a experi\u00eancia do cliente (CX) vai al\u00e9m do contact center. \u00c0s vezes, isso exige integra\u00e7\u00f5es tecnol\u00f3gicas complexas e experi\u00eancia em gest\u00e3o de mudan\u00e7as. A Genesys [&hellip;]<\/p>\n","protected":false},"author":1,"featured_media":0,"parent":106057,"menu_order":0,"comment_status":"closed","ping_status":"closed","template":"","meta":{"_acf_changed":false,"footnotes":""},"class_list":["post-550012","page","type-page","status-publish","hentry"],"acf":[],"_links":{"self":[{"href":"https:\/\/www.genesys.com\/pt-br\/wp-json\/wp\/v2\/pages\/550012","targetHints":{"allow":["GET"]}}],"collection":[{"href":"https:\/\/www.genesys.com\/pt-br\/wp-json\/wp\/v2\/pages"}],"about":[{"href":"https:\/\/www.genesys.com\/pt-br\/wp-json\/wp\/v2\/types\/page"}],"author":[{"embeddable":true,"href":"https:\/\/www.genesys.com\/pt-br\/wp-json\/wp\/v2\/users\/1"}],"replies":[{"embeddable":true,"href":"https:\/\/www.genesys.com\/pt-br\/wp-json\/wp\/v2\/comments?post=550012"}],"version-history":[{"count":8,"href":"https:\/\/www.genesys.com\/pt-br\/wp-json\/wp\/v2\/pages\/550012\/revisions"}],"predecessor-version":[{"id":621709,"href":"https:\/\/www.genesys.com\/pt-br\/wp-json\/wp\/v2\/pages\/550012\/revisions\/621709"}],"up":[{"embeddable":true,"href":"https:\/\/www.genesys.com\/pt-br\/wp-json\/wp\/v2\/pages\/106057"}],"wp:attachment":[{"href":"https:\/\/www.genesys.com\/pt-br\/wp-json\/wp\/v2\/media?parent=550012"}],"curies":[{"name":"wp","href":"https:\/\/api.w.org\/{rel}","templated":true}]}}