{"id":498024,"date":"2023-11-08T10:23:13","date_gmt":"2023-11-08T18:23:13","guid":{"rendered":"https:\/\/www.genesys.com\/gcap"},"modified":"2024-10-29T22:15:46","modified_gmt":"2024-10-30T05:15:46","slug":"gcap","status":"publish","type":"page","link":"https:\/\/www.genesys.com\/pt-br\/gcap","title":{"rendered":"GCAP"},"content":{"rendered":"<div class=\"wpb-content-wrapper\"><p>[vc_section background_color=&#8221;bgc-lgray&#8221; full_width=&#8221;stretch_row&#8221; flair=&#8221;%5B%7B%7D%5D&#8221;][vc_row content_placement=&#8221;middle&#8221;][vc_column offset=&#8221;vc_col-lg-6 vc_col-md-12 vc_col-xs-12&#8243; css=&#8221;.vc_custom_1614112396382{padding-top: 5.56rem !important;padding-bottom: 5.56rem !important;}&#8221;]<style type='text\/css'>\r .section_wrapper #center-this.section-grid[data-format=\"grid-b\"] .grid-box { display: grid; grid-template-columns: 70px 150px; justify-self: center; align-items: baseline; justify-content: center; justify-items: flex-start; } .section_wrapper #center-this.section-grid[data-format=\"grid-b\"] .grid-box:first-child { grid-template-columns: auto; margin: -1rem auto -1rem; }\r <\/style>[vc_column_text]<\/p>\n<h1 style=\"font-size: 3.277rem;\">Seja recompensado por ser um cliente Genesys<\/h1>\n<p>Fa\u00e7a parte do GCAP hoje[\/vc_column_text]<div class=\"btn-container  \"><a role=\"button\"  class=\"btn btn-primary\" href=\"http:\/\/gcaphub.genesys.com\/join\/Enroll\" target=\"_blank\" rel=\"\">Junte-se a n\u00f3s<\/a><\/div>[\/vc_column][vc_column v_align=&#8221;flexend&#8221; width=&#8221;1\/2&#8243; elemental_order=&#8221;order-2&#8243; offset=&#8221;vc_col-lg-6 vc_col-md-6 vc_hidden-md vc_hidden-sm vc_hidden-xs&#8221;][\/vc_column][\/vc_row][\/vc_section][vc_section][vc_row css=&#8221;.vc_custom_1614113077842{padding-bottom: 5.556rem !important;}&#8221;][vc_column width=&#8221;1\/2&#8243;]<style type='text\/css'>\r h3.blippy::before { width: 38px; height: 43px; background: url(\/media\/Group-10699.svg) center; background-size: auto; background-size: cover; position: absolute; top: -30px; left: -25px; content: ''; } .section_wrapper .grid-box.grid-net-video img { height: auto!important; max-height:300px; } .section_wrapper .section-grid[data-column=\"grid-3x3\"] .grid-container .box-cta a::after{ display: none; } .section_wrapper .vc_section.section-lockdown [data-column=\"grid-3x3\"] .cta-btn:not(.cta-use-btn) a { color: #FFF; font-weight: 300; font-size: 1rem; } .section_wrapper .vc_section.section-lockdown [data-column=\"grid-3x3\"] .cta-btn:not(.cta-use-btn) a:hover { color: #FF4F1F; } .section_wrapper #colorize .section-grid[data-cards=\"bgc-orange\"] .grid-box[data-col-span=\"colspan1\"] { background: #3990AA; } .section_wrapper .vc_section.section-lockdown.swidth-contain #colorize [data-swidth=\"contain\"] { border-radius: 10px; } .section_wrapper .vc_section.section-lockdown #colorize .section-content .format-content-b2 .text-col { flex: 0 1 50%; } #colorize .cta-btn a { background: #23395D; border: 2px solid #23395D; color: #FFF; } #colorize .cta-btn a:hover { background: #FFF; color: #23395D; } .section_wrapper .vc_section.section-lockdown #colorize .section-content .format-content-b2 h3, .section_wrapper .vc_section.section-lockdown #colorize .section-content .format-content-b2 p {color:#FFF; } .section_wrapper .vc_section.bg-posy-center.swidth-contain #colorize div[data-swidth=\"contain\"].has-imagebg { background-size: cover; }\r <\/style>[vc_column_text]<\/p>\n<h3 class=\"blippy\">Lealdade recompensa<\/h3>\n<p>O Programa de Participa\u00e7\u00e3o do Cliente Genesys (GCAP) \u00e9 para qualquer pessoa que utiliza um produto Genesys. E as recompensas que voc\u00ea ganha s\u00e3o suas. Os membros do GCAP podem ganhar recompensas de v\u00e1rias maneiras &#8211; desde responder a pesquisas simples at\u00e9 participar de chamadas de refer\u00eancia do cliente e participar de um grupo de usu\u00e1rios. Com o GCAP, voc\u00ea pode participar quando for conveniente para voc\u00ea, em qualquer n\u00edvel.<\/p>\n<p><strong>Se voc\u00ea \u00e9 um usuario da Genesys , <a href=\"http:\/\/gcaphub.genesys.com\/join\/Enroll\" target=\"_blank\" rel=\"noopener\">registre-se<\/a> e ganhe recompensas.<\/strong>[\/vc_column_text][\/vc_column][vc_column width=&#8221;1\/2&#8243;]<div class=\"genesys-image\"><a class=\"video-lightbox\" href=\"https:\/\/www.youtube.com\/embed\/q-tpCaci810\"><img decoding=\"async\" src=\"https:\/\/www.genesys.com\/media\/Video-Thumbnail-1.png\" alt=\"Video thumbnail\" width=\"582\" height=\"309\" class=\"rounded-xs\"\/><\/a><\/div>[\/vc_column][\/vc_row][vc_row css=&#8221;.vc_custom_1614127927763{margin-top: -2rem !important;}&#8221;][vc_column][vc_column_text]<\/p>\n<h4 style=\"text-align: center;\">R\u00e1pido para se registrar, f\u00e1cil de aprender<br \/>\nAcesse treinamentos e fa\u00e7a networking com colegas em minutos<\/h4>\n<p style=\"text-align: center;\">Resgate seus pontos do GCAP por oportunidades de treinamento &#8211; para usar para voc\u00ea ou compartilhar com sua equipe. E voc\u00ea pode fazer networking com colegas, aprender melhores pr\u00e1ticas ou simplesmente se atualizar sobre todas as \u00faltimas tend\u00eancias em centros de contato ou experi\u00eancia do cliente.<\/p>\n<p>[\/vc_column_text][\/vc_column][\/vc_row][\/vc_section][vc_section][vc_row][vc_column][vc_column_text css=&#8221;&#8221;]<\/p>\n<h2 style=\"text-align: center;\">Fatos r\u00e1pidos sobre o GCAP<\/h2>\n<p>[\/vc_column_text][\/vc_column][\/vc_row][vc_row r_gutter_size=&#8221;gutter-small&#8221;][vc_column width=&#8221;1\/4&#8243;]<div class=\"component card w-100 bgc-lgray vertical text-start nomedia  chevron-only  \" ><div class=\"card-body\"><h2>11,534,151<\/h2>\n<h6>Pontos resgatados<\/h6>\n<\/div><\/div>[\/vc_column][vc_column width=&#8221;1\/4&#8243;]<div class=\"component card w-100 bgc-lgray vertical text-start nomedia  chevron-only  \" ><div class=\"card-body\"><h2>+ de 5,500<\/h2>\n<h6>Membros do GACP<\/h6>\n<\/div><\/div>[\/vc_column][vc_column width=&#8221;1\/4&#8243;]<div class=\"component card w-100 bgc-lgray vertical text-start nomedia  chevron-only  \" ><div class=\"card-body\"><h2>+ de 100<\/h2>\n<h6>Oportunidades anuais<\/h6>\n<\/div><\/div>[\/vc_column][vc_column width=&#8221;1\/4&#8243;]<div class=\"component card w-100 bgc-lgray vertical text-start nomedia  chevron-only  \" ><div class=\"card-body\"><h2>0<\/h2>\n<h6>Custo ou obrigatoriedade<\/h6>\n<\/div><\/div>[\/vc_column][\/vc_row][\/vc_section][vc_section][vc_row][vc_column][vc_column_text css=&#8221;&#8221;]<\/p>\n<h2>Resgate seus pontos para:<\/h2>\n<p>[\/vc_column_text][\/vc_column][\/vc_row][vc_row equal_height=&#8221;yes&#8221;][vc_column width=&#8221;1\/3&#8243;]<div class=\"component card w-100 bgc-lgray vertical text-start nomedia  chevron-only  \" ><div class=\"card-body\"><h3>Passes para eventos e confer\u00eancias (nacionais e internacionais)<\/h3>\n<\/div><\/div>[\/vc_column][vc_column width=&#8221;1\/3&#8243;]<div class=\"component card w-100 bgc-lgray vertical text-start nomedia  chevron-only  \" ><div class=\"card-body\"><h3>Treinamento e certifica\u00e7\u00f5es para voc\u00ea ou sua equipe<\/h3>\n<\/div><\/div>[\/vc_column][vc_column width=&#8221;1\/3&#8243;]<div class=\"component card w-100 bgc-lgray vertical text-start nomedia  chevron-only  \" ><div class=\"card-body\"><h3>Brindes e produtos\u00a0<em>GCAP-branded<\/em><\/h3>\n<\/div><\/div>[\/vc_column][\/vc_row][\/vc_section][vc_section flair=&#8221;%5B%7B%7D%5D&#8221;][vc_row][vc_column][vc_column_text css=&#8221;&#8221;]<\/p>\n<h3 style=\"text-align: center;\">Ganhe pontos no seu pr\u00f3prio ritmo.<\/h3>\n<p style=\"text-align: center;\">Entre no\u00a0<a href=\"https:\/\/genesys.influitive.com\/users\/sign_up\" target=\"_blank\" rel=\"noopener\">GCAP Hub<\/a>\u00a0\u2014 as maneiras de ganhar pontos s\u00e3o infinitas. Voc\u00ea ver\u00e1 novos desafios diariamente, variando de simples a mais complexos.<\/p>\n<p style=\"text-align: center;\">Formas de ganhar:<\/p>\n<p>[\/vc_column_text][\/vc_column][\/vc_row][vc_row el_class=&#8221;justify-content-center&#8221;][vc_column width=&#8221;1\/3&#8243;]<div class=\"component card w-100 bgc-lgray vertical text-center nomedia  chevron-only  \" ><div class=\"card-body\"><p>Chamadas de refer\u00eancia<\/p>\n<\/div><\/div>[\/vc_column][vc_column width=&#8221;1\/3&#8243;]<div class=\"component card w-100 bgc-lgray vertical text-center nomedia  chevron-only  \" ><div class=\"card-body\"><p>Avalia\u00e7\u00f5es de produtos<\/p>\n<\/div><\/div>[\/vc_column][vc_column width=&#8221;1\/3&#8243;]<a class=\"component card w-100 bgc-lgray vertical text-center nomedia  chevron-only  \" href=\"https:\/\/www.genesys.com\/pt-br\/customer-stories?_gl=1*oxc7a6*_gcl_au*ODM3MzEwNzE5LjE3Mjk3ODc5OTk.*_ga*OTY1ODM5MzAxLjE3Mjg4NzI2ODA.*_ga_WMDFV6Y7G2*MTczMDI1MTE1My4yMS4xLjE3MzAyNjQ3MDcuMC4wLjA.&_ga=2.24267007.492910347.1730131335-965839301.1728872680\" target=\"\" rel=\"\" ><div class=\"card-body\"><p>Hist\u00f3rias de Sucesso<\/p>\n<\/div><div class=\"card-footer text-end\"><div class=\"btn-container justify-content-end\"><div class=\"small mt-0 chevron btn btn-secondary  only\"><\/div><\/div><\/div><\/a>[\/vc_column][vc_column width=&#8221;1\/3&#8243;]<div class=\"component card w-100 bgc-lgray vertical text-center nomedia  chevron-only  \" ><div class=\"card-body\"><p>Participa\u00e7\u00e3o em Webinars<\/p>\n<\/div><\/div>[\/vc_column][vc_column width=&#8221;1\/3&#8243;]<div class=\"component card w-100 bgc-lgray vertical text-center nomedia  chevron-only  \" ><div class=\"card-body\"><p>Pesquisas<\/p>\n<\/div><\/div>[\/vc_column][vc_column width=&#8221;1\/3&#8243;]<a class=\"component card w-100 bgc-lgray vertical text-center nomedia  chevron-only  \" href=\"https:\/\/www.genesys.com\/pt-br\/campaign\/genesys-user-groups?_gl=1*gf9hsh*_gcl_au*ODM3MzEwNzE5LjE3Mjk3ODc5OTk.*_ga*OTY1ODM5MzAxLjE3Mjg4NzI2ODA.*_ga_WMDFV6Y7G2*MTczMDI1MTE1My4yMS4xLjE3MzAyNjQ3MDcuMC4wLjA.&_ga=2.58411503.492910347.1730131335-965839301.1728872680\" target=\"\" rel=\"\" ><div class=\"card-body\"><p>Grupos de Usu\u00e1rios<\/p>\n<\/div><div class=\"card-footer text-end\"><div class=\"btn-container justify-content-end\"><div class=\"small mt-0 chevron btn btn-secondary  only\"><\/div><\/div><\/div><\/a>[\/vc_column][vc_column width=&#8221;1\/3&#8243;]<div class=\"component card w-100 bgc-lgray vertical text-center nomedia  chevron-only  \" ><div class=\"card-body\"><p>Palestrar em eventos<\/p>\n<\/div><\/div>[\/vc_column][\/vc_row][\/vc_section][vc_section][vc_row][vc_column][vc_column_text css=&#8221;&#8221;]<\/p>\n<h2 style=\"text-align: center;\">Veja o que os membros do GCAP est\u00e3o dizendo:<\/h2>\n<p>[\/vc_column_text][\/vc_column][\/vc_row][vc_row equal_height=&#8221;yes&#8221; el_id=&#8221;colorize&#8221; css=&#8221;.vc_custom_1730265332568{padding-bottom: 5.556rem !important;}&#8221;][vc_column width=&#8221;1\/3&#8243;]<div class=\"component card w-100 bgc-lgray vertical text-start nomedia  chevron-only  \" ><div class=\"card-body\"><p>\u201cRealizar essas atividades divertidas no GCAP \u00e9 uma maneira agrad\u00e1vel de dar uma pausa em tudo. E, com todos esses pontos, \u00e9 bom ter a oportunidade de aumentar seu conhecimento e simplesmente crescer e aprender mais sobre a Genesys.\u201d<\/p>\n<p><strong>Kymberli O\u2019Hagan,<\/strong><br \/>\nAlberta Motor Association<\/p>\n<\/div><\/div>[\/vc_column][vc_column width=&#8221;1\/3&#8243;]<div class=\"component card w-100 bgc-lgray vertical text-start nomedia  chevron-only  \" ><div class=\"card-body\"><p>\u201cEmbora seja um programa de fidelidade, parece mais uma experi\u00eancia interativa, com intera\u00e7\u00e3o entre pessoas em fun\u00e7\u00f5es de neg\u00f3cios semelhantes, uma comunidade ativa, discuss\u00e3o e at\u00e9 desafios e recompensas.\u201d<\/p>\n<p><strong>Harley Breth,<\/strong><br \/>\nPhiladelphia Church of God<\/p>\n<\/div><\/div>[\/vc_column][vc_column width=&#8221;1\/3&#8243;]<div class=\"component card w-100 bgc-lgray vertical text-start nomedia  chevron-only  \" ><div class=\"card-body\"><p>\u201cO GCAP me permite fornecer e compartilhar minhas percep\u00e7\u00f5es pessoais com a comunidade Genesys, ao mesmo tempo em que ganho pontos para trocar por incr\u00edveis pr\u00eamios da marca.\u201d<\/p>\n<p><strong>Hao Pengshung,<\/strong><br \/>\nESRI<\/p>\n<\/div><\/div>[\/vc_column][\/vc_row][vc_row][vc_column][vc_single_image image=&#8221;366031&#8243; css=&#8221;&#8221;][\/vc_column][\/vc_row][\/vc_section][vc_section flair=&#8221;%5B%7B%22hide_mobile%22%3A%22yes%22%7D%5D&#8221;][vc_row background_color=&#8221;bgc-lgray&#8221; equal_height=&#8221;yes&#8221; content_placement=&#8221;middle&#8221; css=&#8221;.vc_custom_1730265247152{background-position: center !important;background-repeat: no-repeat !important;background-size: cover !important;}&#8221; el_class=&#8221;form-card&#8221;][vc_column width=&#8221;1\/2&#8243;][vc_single_image image=&#8221;365820&#8243; alignment=&#8221;center&#8221; si_max_width=&#8221;400px&#8221;][\/vc_column][vc_column width=&#8221;1\/2&#8243;][vc_column_text]<\/p>\n<h2 class=\"h3\">Come\u00e7e agora e ganhe<\/h2>\n<p>\u00c9 f\u00e1cil, r\u00e1pido e n\u00e3o custa nada. Voc\u00ea n\u00e3o tem nada a perder e absolutamente tudo a ganhar.[\/vc_column_text]<div class=\"btn-container  \"><a role=\"button\"  class=\"btn btn-secondary\" href=\"http:\/\/gcaphub.genesys.com\/join\/Enroll\" target=\"_blank\" rel=\"\">Inscreva-se<\/a><\/div>[\/vc_column][\/vc_row][\/vc_section]<\/p>\n<\/div>","protected":false},"excerpt":{"rendered":"<p>[vc_section background_color=&#8221;bgc-lgray&#8221; full_width=&#8221;stretch_row&#8221; flair=&#8221;%5B%7B%7D%5D&#8221;][vc_row content_placement=&#8221;middle&#8221;][vc_column offset=&#8221;vc_col-lg-6 vc_col-md-12 vc_col-xs-12&#8243; css=&#8221;.vc_custom_1614112396382{padding-top: 5.56rem !important;padding-bottom: 5.56rem !important;}&#8221;][vc_column_text] Seja recompensado por ser um cliente Genesys Fa\u00e7a parte do GCAP hoje[\/vc_column_text][\/vc_column][vc_column v_align=&#8221;flexend&#8221; width=&#8221;1\/2&#8243; elemental_order=&#8221;order-2&#8243; offset=&#8221;vc_col-lg-6 vc_col-md-6 vc_hidden-md vc_hidden-sm vc_hidden-xs&#8221;][\/vc_column][\/vc_row][\/vc_section][vc_section][vc_row css=&#8221;.vc_custom_1614113077842{padding-bottom: 5.556rem !important;}&#8221;][vc_column width=&#8221;1\/2&#8243;][vc_column_text] Lealdade recompensa O Programa de Participa\u00e7\u00e3o do Cliente Genesys (GCAP) \u00e9 para qualquer pessoa que utiliza um produto [&hellip;]<\/p>\n","protected":false},"author":9,"featured_media":0,"parent":0,"menu_order":0,"comment_status":"closed","ping_status":"closed","template":"","meta":{"_acf_changed":false,"footnotes":""},"class_list":["post-498024","page","type-page","status-publish","hentry"],"acf":[],"_links":{"self":[{"href":"https:\/\/www.genesys.com\/pt-br\/wp-json\/wp\/v2\/pages\/498024","targetHints":{"allow":["GET"]}}],"collection":[{"href":"https:\/\/www.genesys.com\/pt-br\/wp-json\/wp\/v2\/pages"}],"about":[{"href":"https:\/\/www.genesys.com\/pt-br\/wp-json\/wp\/v2\/types\/page"}],"author":[{"embeddable":true,"href":"https:\/\/www.genesys.com\/pt-br\/wp-json\/wp\/v2\/users\/9"}],"replies":[{"embeddable":true,"href":"https:\/\/www.genesys.com\/pt-br\/wp-json\/wp\/v2\/comments?post=498024"}],"version-history":[{"count":4,"href":"https:\/\/www.genesys.com\/pt-br\/wp-json\/wp\/v2\/pages\/498024\/revisions"}],"predecessor-version":[{"id":544462,"href":"https:\/\/www.genesys.com\/pt-br\/wp-json\/wp\/v2\/pages\/498024\/revisions\/544462"}],"wp:attachment":[{"href":"https:\/\/www.genesys.com\/pt-br\/wp-json\/wp\/v2\/media?parent=498024"}],"curies":[{"name":"wp","href":"https:\/\/api.w.org\/{rel}","templated":true}]}}