{"id":484216,"date":"2023-07-19T10:58:58","date_gmt":"2023-07-19T17:58:58","guid":{"rendered":"https:\/\/www.genesys.com\/seu-potencial-esta-esperando"},"modified":"2023-10-24T19:34:51","modified_gmt":"2023-10-25T02:34:51","slug":"your-potential-is-waiting","status":"publish","type":"page","link":"https:\/\/www.genesys.com\/pt-br\/company\/your-potential-is-waiting","title":{"rendered":"Seu potencial est\u00e1 esperando"},"content":{"rendered":"<div class=\"wpb-content-wrapper\"><p>[vc_section background_color=&#8221;bgc-lgray&#8221; flair=&#8221;%5B%7B%22hide_mobile%22%3A%22yes%22%7D%5D&#8221;][vc_row equal_height=&#8221;yes&#8221; content_placement=&#8221;middle&#8221;][vc_column][vc_column_text css=&#8221;&#8221;]<\/p>\n<h1 style=\"text-align: center;\">Seu potencial est\u00e1 esperando<\/h1>\n<p>[\/vc_column_text][\/vc_column][\/vc_row][\/vc_section][vc_section flair=&#8221;%5B%7B%22flair_zindex%22%3A%2210%22%7D%5D&#8221;][vc_row r_logo_grid=&#8221;yes&#8221; background_color=&#8221;bgc-lgray&#8221; el_class=&#8221;rounded-lg&#8221;][vc_column width=&#8221;1\/3&#8243; el_class=&#8221;py-2&#8243;][vc_column_text css=&#8221;&#8221;]<\/p>\n<p class=\"mb-0\" style=\"text-align: center;\"><a class=\"text-22\" href=\"\/pt-br\/company\/careers\">Quem somos<\/a><\/p>\n<p>[\/vc_column_text][\/vc_column][vc_column width=&#8221;1\/3&#8243; el_class=&#8221;py-2 border border-white border-5 border-top-0 border-bottom-0&#8243;][vc_column_text css=&#8221;&#8221;]<\/p>\n<p class=\"mb-0\" style=\"text-align: center;\"><a class=\"text-22\" href=\"\/pt-br\/company\/why-join-us\">Por que se juntar a n\u00f3s<\/a><\/p>\n<p>[\/vc_column_text][\/vc_column][vc_column width=&#8221;1\/3&#8243; el_class=&#8221;py-2&#8243;][vc_column_text css=&#8221;&#8221;]<\/p>\n<p class=\"text-22 mb-0\" style=\"text-align: center;\">Seu potencial est\u00e1 esperando<\/p>\n<p>[\/vc_column_text][\/vc_column][\/vc_row][\/vc_section][vc_section flair=&#8221;%5B%7B%22hide_mobile%22%3A%22yes%22%7D%5D&#8221; el_class=&#8221;location-cards&#8221;][vc_row][vc_column][vc_column_text css=&#8221;&#8221;]<\/p>\n<h2 style=\"text-align: center;\">Uma empresa global, trabalhando em conjunto<\/h2>\n<p>[\/vc_column_text][\/vc_column][\/vc_row][vc_row r_gutter_size=&#8221;gutter-small&#8221; equal_height=&#8221;yes&#8221; el_class=&#8221;justify-content-center&#8221;][vc_column width=&#8221;1\/3&#8243;]<a class=\"component card w-100 bgc-lgray vertical text-start thumbnail   \" href=\"https:\/\/genesys.wd1.myworkdayjobs.com\/Genesys?locationCountry=bc33aa3152ec42d4995f4791a106ed09\" target=\"_blank\" rel=\"noopener\" ><div class=\"thumbnail-col   thumbnail\"><img decoding=\"async\" width=\"380\" height=\"228\" class=\"card-img-top thumbnail\" src=\"https:\/\/www.genesys.com\/media\/ta-united-states-thumb.jpg\" alt=\"ta-united-states-thumb\" ><\/div><div class=\"card-body\"><h3>Estados Unidos<\/h3>\n<p>Os EUA abrigam a maior popula\u00e7\u00e3o de colaboradores da Genesys, contando com uma equipe de quase 3.000 membros. Quase 2.000 deles trabalham remotamente. Nossos escrit\u00f3rios est\u00e3o localizados em Menlo Park, na \u00e1rea de San Francisco Bay; Boston; Indianapolis, Ind. e Durham, Carolina do Norte, e oferecemos \u00f3timas instala\u00e7\u00f5es para as equipes se reunirem, trabalharem e colaborarem em conjunto.<\/p>\n<\/div><div class=\"card-footer text-end\"><div class=\"btn-container \"><div class=\"small mt-0 chevron arrow arrow-primary \" href=\"#\" target=\"\" rel=\"\">Consultar oportunidades<\/div><\/div><\/div><\/a>[\/vc_column][vc_column width=&#8221;1\/3&#8243;]<a class=\"component card w-100 bgc-lgray vertical text-start thumbnail   \" href=\"https:\/\/genesys.wd1.myworkdayjobs.com\/Genesys?locationCountry=c4f78be1a8f14da0ab49ce1162348a5e\" target=\"_blank\" rel=\"noopener\" ><div class=\"thumbnail-col   thumbnail\"><img decoding=\"async\" width=\"380\" height=\"228\" class=\"card-img-top thumbnail\" src=\"https:\/\/www.genesys.com\/media\/ta-india-thumb.jpg\" alt=\"ta-india-thumb\" ><\/div><div class=\"card-body\"><h3>\u00cdndia<\/h3>\n<p>Chennai \u00e9 o nosso segundo maior escrit\u00f3rio na regi\u00e3o \u00c1sia-Pac\u00edfico e o local da nossa maior equipe de engenharia, com aproximadamente 500 colaboradores, sendo que metade s\u00e3o engenheiros de software que trabalham no desenvolvimento de produtos.<\/p>\n<\/div><div class=\"card-footer text-end\"><div class=\"btn-container \"><div class=\"small mt-0 chevron arrow arrow-primary \" href=\"#\" target=\"\" rel=\"\">Consultar oportunidades<\/div><\/div><\/div><\/a>[\/vc_column][vc_column width=&#8221;1\/3&#8243;]<a class=\"component card w-100 bgc-lgray vertical text-start thumbnail   \" href=\"https:\/\/genesys.wd1.myworkdayjobs.com\/Genesys?locationCountry=04a05835925f45b3a59406a2a6b72c8a\" target=\"_blank\" rel=\"noopener\" ><div class=\"thumbnail-col   thumbnail\"><img decoding=\"async\" width=\"380\" height=\"228\" class=\"card-img-top thumbnail\" src=\"https:\/\/www.genesys.com\/media\/ta-ireland-thumb.jpg\" alt=\"ta-ireland-thumb\" ><\/div><div class=\"card-body\"><h3>Irlanda<\/h3>\n<p>Nosso escrit\u00f3rio em Galway tem uma equipe com mais de 300 membros, a maioria dos quais s\u00e3o engenheiros de software com foco em intelig\u00eancia artificial e aprendizado de m\u00e1quina. Este \u00e9 o nosso maior escrit\u00f3rio na regi\u00e3o da Europa, Oriente M\u00e9dio e \u00c1frica. Al\u00e9m disso, \u00e9 o atual patrocinador da equipe local do Connacht Rugby.<\/p>\n<\/div><div class=\"card-footer text-end\"><div class=\"btn-container \"><div class=\"small mt-0 chevron arrow arrow-primary \" href=\"#\" target=\"\" rel=\"\">Consultar oportunidades<\/div><\/div><\/div><\/a>[\/vc_column][vc_column width=&#8221;1\/3&#8243;]<a class=\"component card w-100 bgc-lgray vertical text-start thumbnail   \" href=\"https:\/\/genesys.wd1.myworkdayjobs.com\/Genesys?locationCountry=9db257f5937e4421b2fac64eec6832f8\" target=\"_blank\" rel=\"noopener\" ><div class=\"thumbnail-col   thumbnail\"><img decoding=\"async\" width=\"380\" height=\"228\" class=\"card-img-top thumbnail\" src=\"https:\/\/www.genesys.com\/media\/ta-hungary-thumb.jpg\" alt=\"ta-hungary-thumb\" ><\/div><div class=\"card-body\"><h3>Hungria<\/h3>\n<p>Nosso mais novo local tem uma equipe com mais de 75 membros. Ele fica no cora\u00e7\u00e3o de Budapeste, perto da esta\u00e7\u00e3o ferrovi\u00e1ria, de \u00e1reas para refei\u00e7\u00f5es e espa\u00e7os abertos, e com o Eiffel Park logo em frente ao edif\u00edcio. Inclui 11 salas de scrum\/equipe, um caf\u00e9, uma grande sala de diretoria, uma sala de treinamento, v\u00e1rias salas de reuni\u00e3o e uma \u00e1rea de jogos.<\/p>\n<\/div><div class=\"card-footer text-end\"><div class=\"btn-container \"><div class=\"small mt-0 chevron arrow arrow-primary \" href=\"#\" target=\"\" rel=\"\">Consultar oportunidades<\/div><\/div><\/div><\/a>[\/vc_column][vc_column width=&#8221;1\/3&#8243;]<a class=\"component card w-100 bgc-lgray vertical text-start thumbnail   \" href=\"https:\/\/genesys.wd1.myworkdayjobs.com\/Genesys?locationCountry=29247e57dbaf46fb855b224e03170bc7\" target=\"_blank\" rel=\"noopener\" ><div class=\"thumbnail-col   thumbnail\"><img decoding=\"async\" width=\"380\" height=\"228\" class=\"card-img-top thumbnail\" src=\"https:\/\/www.genesys.com\/media\/ta-united-kingdom-thumb.jpg\" alt=\"ta-united-kingdom-thumb\" ><\/div><div class=\"card-body\"><h3>Reino Unido<\/h3>\n<p>Nosso escrit\u00f3rio, localizado fora de Londres, abriga cerca de 300 colaboradores que trabalham em v\u00e1rios departamentos. Ele tem \u00f3timas comodidades, como um amplo estacionamento, caf\u00e9 da manh\u00e3 quinzenal, al\u00e9m de muitas outras coisas para nossas equipes desfrutarem. Tamb\u00e9m possui espa\u00e7os de trabalho em grupo para colabora\u00e7\u00e3o e demonstra\u00e7\u00f5es para clientes.<\/p>\n<\/div><div class=\"card-footer text-end\"><div class=\"btn-container \"><div class=\"small mt-0 chevron arrow arrow-primary \" href=\"#\" target=\"\" rel=\"\">Consultar oportunidades<\/div><\/div><\/div><\/a>[\/vc_column][vc_column width=&#8221;1\/3&#8243;]<a class=\"component card w-100 bgc-lgray vertical text-start thumbnail   \" href=\"https:\/\/genesys.wd1.myworkdayjobs.com\/Genesys?locationCountry=e56f1daf83e04bacae794ba5c5593560\" target=\"_blank\" rel=\"noopener\" ><div class=\"thumbnail-col   thumbnail\"><img decoding=\"async\" width=\"380\" height=\"228\" class=\"card-img-top thumbnail\" src=\"https:\/\/www.genesys.com\/media\/ta-phillipines-thumb.jpg\" alt=\"ta-phillipines-thumb\" ><\/div><div class=\"card-body\"><h3>Filipinas<\/h3>\n<p>Nosso maior escrit\u00f3rio na regi\u00e3o \u00c1sia-Pac\u00edfico, com aproximadamente 560 colaboradores, foi inaugurado em 2017 e expandido em 2019. O escrit\u00f3rio inclui uma sala de descanso com jogos de fliperama, basquete e sinuca. Manila tamb\u00e9m abriga nossa segunda maior equipe de Atendimento ao Cliente e Sucesso.<\/p>\n<\/div><div class=\"card-footer text-end\"><div class=\"btn-container \"><div class=\"small mt-0 chevron arrow arrow-primary \" href=\"#\" target=\"\" rel=\"\">Consultar oportunidades<\/div><\/div><\/div><\/a>[\/vc_column][vc_column width=&#8221;1\/3&#8243;]<a class=\"component card w-100 bgc-lgray vertical text-start thumbnail   \" href=\"https:\/\/genesys.wd1.myworkdayjobs.com\/Genesys?locationCountry=084562884af243748dad7c84c304d89a\" target=\"_blank\" rel=\"noopener\" ><div class=\"thumbnail-col   thumbnail\"><img decoding=\"async\" width=\"380\" height=\"228\" class=\"card-img-top thumbnail\" src=\"https:\/\/www.genesys.com\/media\/ta-isreal-thumb.jpg\" alt=\"ta-isreal-thumb\" ><\/div><div class=\"card-body\"><h3>Israel<\/h3>\n<p>A Genesys Israel \u00e9 um Centro de Excel\u00eancia em P&amp;D. Com um escrit\u00f3rio em expans\u00e3o sediado em Tel Aviv, oferece um ambiente de trabalho flex\u00edvel e entusiasmante. Fundamental para o desenvolvimento do Genesys Cloud, seus departamentos incluem Gest\u00e3o do engagement da for\u00e7a de trabalho e Digital.<\/p>\n<\/div><div class=\"card-footer text-end\"><div class=\"btn-container \"><div class=\"small mt-0 chevron arrow arrow-primary \" href=\"#\" target=\"\" rel=\"\">Consultar oportunidades<\/div><\/div><\/div><\/a>[\/vc_column][vc_column width=&#8221;1\/3&#8243;]<a class=\"component card w-100 bgc-lgray vertical text-start thumbnail   \" href=\"https:\/\/genesys.wd1.myworkdayjobs.com\/en-US\/Genesys\/details\/Senior-Software-Engineer_JR102137-1?locationCountry=1a29bb1357b240ab99a2fa755cc87c0e\" target=\"_blank\" rel=\"noopener\" ><div class=\"thumbnail-col   thumbnail\"><img decoding=\"async\" width=\"380\" height=\"228\" class=\"card-img-top thumbnail\" src=\"https:\/\/www.genesys.com\/media\/ta-brazil-thumb.jpg\" alt=\"ta-brazil-thumb\" ><\/div><div class=\"card-body\"><h3>Brasil<\/h3>\n<p>Com mais de 100 colaboradores, nosso escrit\u00f3rio em S\u00e3o Paulo \u00e9 o maior da Am\u00e9rica Latina. Os escrit\u00f3rios recentemente reformados contam com cafeteria, mesa de pebolim, salas de colabora\u00e7\u00e3o\/reuni\u00e3o e espa\u00e7os de trabalho privativos com uma excelente vista para o Rio Pinheiros.<\/p>\n<\/div><div class=\"card-footer text-end\"><div class=\"btn-container \"><div class=\"small mt-0 chevron arrow arrow-primary \" href=\"#\" target=\"\" rel=\"\">Consultar oportunidades<\/div><\/div><\/div><\/a>[\/vc_column][\/vc_row][vc_row][vc_column][vc_column_text css=&#8221;&#8221;]<\/p>\n<p class=\"text-16\" style=\"text-align: center;\">Nossos recrutadores nunca solicitar\u00e3o informa\u00e7\u00f5es pessoais ou financeiras confidenciais durante a fase de inscri\u00e7\u00e3o.<\/p>\n<p>[\/vc_column_text][\/vc_column][\/vc_row][\/vc_section]<\/p>\n<\/div>","protected":false},"excerpt":{"rendered":"<p>[vc_section background_color=&#8221;bgc-lgray&#8221; flair=&#8221;%5B%7B%22hide_mobile%22%3A%22yes%22%7D%5D&#8221;][vc_row equal_height=&#8221;yes&#8221; content_placement=&#8221;middle&#8221;][vc_column][vc_column_text css=&#8221;&#8221;] Seu potencial est\u00e1 esperando [\/vc_column_text][\/vc_column][\/vc_row][\/vc_section][vc_section flair=&#8221;%5B%7B%22flair_zindex%22%3A%2210%22%7D%5D&#8221;][vc_row r_logo_grid=&#8221;yes&#8221; background_color=&#8221;bgc-lgray&#8221; el_class=&#8221;rounded-lg&#8221;][vc_column width=&#8221;1\/3&#8243; el_class=&#8221;py-2&#8243;][vc_column_text css=&#8221;&#8221;] Quem somos [\/vc_column_text][\/vc_column][vc_column width=&#8221;1\/3&#8243; el_class=&#8221;py-2 border border-white border-5 border-top-0 border-bottom-0&#8243;][vc_column_text css=&#8221;&#8221;] Por que se juntar a n\u00f3s [\/vc_column_text][\/vc_column][vc_column width=&#8221;1\/3&#8243; el_class=&#8221;py-2&#8243;][vc_column_text css=&#8221;&#8221;] Seu potencial est\u00e1 esperando [\/vc_column_text][\/vc_column][\/vc_row][\/vc_section][vc_section flair=&#8221;%5B%7B%22hide_mobile%22%3A%22yes%22%7D%5D&#8221; el_class=&#8221;location-cards&#8221;][vc_row][vc_column][vc_column_text css=&#8221;&#8221;] Uma empresa global, trabalhando em conjunto [\/vc_column_text][\/vc_column][\/vc_row][vc_row r_gutter_size=&#8221;gutter-small&#8221; [&hellip;]<\/p>\n","protected":false},"author":1,"featured_media":0,"parent":106180,"menu_order":0,"comment_status":"closed","ping_status":"closed","template":"","meta":{"_acf_changed":false,"footnotes":""},"class_list":["post-484216","page","type-page","status-publish","hentry"],"acf":[],"_links":{"self":[{"href":"https:\/\/www.genesys.com\/pt-br\/wp-json\/wp\/v2\/pages\/484216","targetHints":{"allow":["GET"]}}],"collection":[{"href":"https:\/\/www.genesys.com\/pt-br\/wp-json\/wp\/v2\/pages"}],"about":[{"href":"https:\/\/www.genesys.com\/pt-br\/wp-json\/wp\/v2\/types\/page"}],"author":[{"embeddable":true,"href":"https:\/\/www.genesys.com\/pt-br\/wp-json\/wp\/v2\/users\/1"}],"replies":[{"embeddable":true,"href":"https:\/\/www.genesys.com\/pt-br\/wp-json\/wp\/v2\/comments?post=484216"}],"version-history":[{"count":8,"href":"https:\/\/www.genesys.com\/pt-br\/wp-json\/wp\/v2\/pages\/484216\/revisions"}],"predecessor-version":[{"id":544466,"href":"https:\/\/www.genesys.com\/pt-br\/wp-json\/wp\/v2\/pages\/484216\/revisions\/544466"}],"up":[{"embeddable":true,"href":"https:\/\/www.genesys.com\/pt-br\/wp-json\/wp\/v2\/pages\/106180"}],"wp:attachment":[{"href":"https:\/\/www.genesys.com\/pt-br\/wp-json\/wp\/v2\/media?parent=484216"}],"curies":[{"name":"wp","href":"https:\/\/api.w.org\/{rel}","templated":true}]}}