{"id":484211,"date":"2023-07-19T10:46:35","date_gmt":"2023-07-19T17:46:35","guid":{"rendered":"https:\/\/www.genesys.com\/carreiras"},"modified":"2026-03-24T09:16:02","modified_gmt":"2026-03-24T16:16:02","slug":"careers","status":"publish","type":"page","link":"https:\/\/www.genesys.com\/pt-br\/company\/careers","title":{"rendered":"Carreiras"},"content":{"rendered":"<div class=\"wpb-content-wrapper\"><p>[vc_section background_color=&#8221;bgc-lgray&#8221; full_width=&#8221;stretch_row&#8221; flair=&#8221;%5B%7B%22flair_width%22%3A%22auto%22%2C%22flair_bottom%22%3A%220%22%2C%22hide_mobile%22%3A%22yes%22%7D%5D&#8221;][vc_row equal_height=&#8221;yes&#8221; content_placement=&#8221;middle&#8221;][vc_column width=&#8221;5\/12&#8243;][vc_column_text css=&#8221;&#8221;]<\/p>\n<h1>Seu potencial est\u00e1 esperando<\/h1>\n<p>[\/vc_column_text]<div class=\"btn-container  \"><a role=\"button\"  class=\"btn btn-primary\" href=\"https:\/\/genesys.wd1.myworkdayjobs.com\/Genesys\" target=\"_blank\" rel=\"noopener\">Veja as oportunidades<\/a><\/div>[\/vc_column][vc_column width=&#8221;7\/12&#8243;][vc_single_image image=&#8221;422965&#8243; alignment=&#8221;right&#8221; css=&#8221;.vc_custom_1729635070581{margin-bottom: -5rem !important;}&#8221;][\/vc_column][\/vc_row][\/vc_section][vc_section flair=&#8221;%5B%7B%22flair_zindex%22%3A%2210%22%7D%5D&#8221;][vc_row r_logo_grid=&#8221;yes&#8221; background_color=&#8221;bgc-lgray&#8221; el_class=&#8221;rounded-lg&#8221;][vc_column width=&#8221;1\/3&#8243; el_class=&#8221;py-2&#8243;][vc_column_text css=&#8221;&#8221;]<\/p>\n<p class=\"text-22 mb-0\" style=\"text-align: center;\">Quem somos<\/p>\n<p>[\/vc_column_text][\/vc_column][vc_column width=&#8221;1\/3&#8243; el_class=&#8221;py-2 border border-white border-5 border-top-0 border-bottom-0&#8243;][vc_column_text css=&#8221;&#8221;]<\/p>\n<p class=\"mb-0\" style=\"text-align: center;\"><a class=\"text-22\" href=\"\/pt-br\/company\/why-join-us\">Por que se juntar a n\u00f3s<\/a><\/p>\n<p>[\/vc_column_text][\/vc_column][vc_column width=&#8221;1\/3&#8243; el_class=&#8221;py-2&#8243;][vc_column_text css=&#8221;&#8221;]<\/p>\n<p class=\"mb-0\" style=\"text-align: center;\"><a class=\"text-22\" href=\"\/pt-br\/company\/your-potential-is-waiting\">Seu potencial est\u00e1 esperando<\/a><\/p>\n<p>[\/vc_column_text][\/vc_column][\/vc_row][vc_row][vc_column elemental_order=&#8221;order-2&#8243;][vc_column_text css=&#8221;&#8221;]<\/p>\n<h2 style=\"text-align: center;\">Crie algo novo com uma equipe de classe mundial<\/h2>\n<p>[\/vc_column_text][\/vc_column][\/vc_row][vc_row][vc_column width=&#8221;1\/2&#8243;]<div class=\"genesys-image align-center\"><a class=\"video-lightbox\" href=\"https:\/\/www.youtube.com\/embed\/0L5ns7g9BWg?rel=0\"><img decoding=\"async\" src=\"https:\/\/www.genesys.com\/media\/video-thumb-your-potential-is-waiting.jpg\" alt=\"Video thumb your potential is waiting\" width=\"880\" height=\"480\" class=\"rounded-xs\"\/><\/a><\/div>[\/vc_column][vc_column width=&#8221;1\/2&#8243; el_class=&#8221;mb-2&#8243;][vc_column_text css=&#8221;&#8221;]A Genesys \u00e9 uma empresa global que emprega mais de 6.000 pessoas, todas com o mesmo objetivo. E, embora ofere\u00e7amos os excelentes benef\u00edcios e vantagens das grandes empresas de tecnologia, nossos colaboradores t\u00eam independ\u00eancia para causar um impacto maior na empresa e assumir a responsabilidade pelo seu trabalho \u00e0 medida que colaboramos para criar o futuro da experi\u00eancia do cliente.<\/p>\n<p>Essa \u00e9 a sua oportunidade n\u00e3o apenas de usar seus pontos fortes, mas tamb\u00e9m de expandir sua zona de conforto e desenvolver novas habilidades. A Genesys d\u00e1 aos colaboradores a capacidade de deixar sua marca, confiando a eles a capacidade de tomar decis\u00f5es e fazer o que foram contratados para fazer: o seu melhor. Seu potencial est\u00e1 esperando. N\u00e3o fique esperando tamb\u00e9m.[\/vc_column_text]<div class=\"btn-container  \"><a role=\"button\"  class=\"btn btn-secondary\" href=\"\/pt-br\/company\/why-join-us\" target=\"\" rel=\"\">Saiba mais sobre nossa cultura<\/a><\/div>[\/vc_column][\/vc_row][\/vc_section][vc_section background_color=&#8221;bgc-lgray&#8221; flair=&#8221;%5B%7B%22hide_mobile%22%3A%22yes%22%7D%5D&#8221; el_class=&#8221;map&#8221; css=&#8221;.vc_custom_1715114628269{background-position: center !important;background-repeat: no-repeat !important;background-size: contain !important;}&#8221;][vc_row content_placement=&#8221;middle&#8221;][vc_column][vc_column_text css=&#8221;&#8221;]<\/p>\n<h2 class=\"h3\" style=\"text-align: center;\">Um mundo de oportunidades, onde quer que voc\u00ea esteja<\/h2>\n<p style=\"text-align: center;\">\u00c9 hora de fazer parte de algo significativo. Voc\u00ea pode desempenhar um papel importante na cria\u00e7\u00e3o de tecnologias de experi\u00eancia do cliente l\u00edderes do setor que impulsionam o sucesso de empresas em todo o mundo. Com mais de 6.000 colaboradores atendendo a clientes em mais de 100 pa\u00edses, a Genesys \u00e9 uma empresa verdadeiramente global. H\u00e1 um lugar para voc\u00ea na Genesys em um de nossos escrit\u00f3rios ou em um ambiente de trabalho remoto.<\/p>\n<p>[\/vc_column_text]<style type='text\/css'>\r .vc_custom_1715113063837 { background-position-y: 35px !important; }\r <\/style>[\/vc_column][\/vc_row][vc_row content_placement=&#8221;middle&#8221;][vc_column][vc_column_text css=&#8221;&#8221;]<\/p>\n<h4 style=\"text-align: center;\">Verifique se h\u00e1 oportunidades em sua regi\u00e3o<\/h4>\n<p>[\/vc_column_text][\/vc_column][\/vc_row][vc_row r_gutter_size=&#8221;gutter-small&#8221; equal_height=&#8221;yes&#8221;][vc_column width=&#8221;1\/4&#8243;]<div class=\"btn-container justify-content-center \"><a role=\"button\"  class=\"btn btn-secondary\" href=\"https:\/\/genesys.wd1.myworkdayjobs.com\/Genesys?locationCountry=bc33aa3152ec42d4995f4791a106ed09&locationCountry=a30a87ed25634629aa6c3958aa2b91ea\" target=\"_blank\" rel=\"noopener\">Am\u00e9rica do Norte<\/a><\/div>[\/vc_column][vc_column width=&#8221;1\/4&#8243;]<div class=\"btn-container justify-content-center \"><a role=\"button\"  class=\"btn btn-secondary\" href=\"https:\/\/genesys.wd1.myworkdayjobs.com\/Genesys?locationCountry=29247e57dbaf46fb855b224e03170bc7&locationCountry=6a800a4736884df5826858d435650f45&locationCountry=bd34c524a6a04ae6915f5d96fa086199&locationCountry=50423b5190ad49bb89e94cd58dfaad69&locationCountry=2e8c5034deb045d49315417c347472ca&locationCountry=131d5ac7e3ee4d7b962bdc96e498e412&locationCountry=8cd04a563fd94da7b06857a79faaf815&locationCountry=084562884af243748dad7c84c304d89a&locationCountry=04a05835925f45b3a59406a2a6b72c8a&locationCountry=9db257f5937e4421b2fac64eec6832f8&locationCountry=dcc5b7608d8644b3a93716604e78e995&locationCountry=54c5b6971ffb4bf0b116fe7651ec789a\" target=\"_blank\" rel=\"noopener\">Europe, Middle East, Africa<\/a><\/div>[\/vc_column][vc_column width=&#8221;1\/4&#8243;]<div class=\"btn-container justify-content-center \"><a role=\"button\"  class=\"btn btn-secondary\" href=\"https:\/\/genesys.wd1.myworkdayjobs.com\/Genesys?locationCountry=1a29bb1357b240ab99a2fa755cc87c0e&locationCountry=e2adff9272454660ac4fdb56fc70bb51&locationCountry=e8106cd6a3534f2dba6fdee2d41db89d&locationCountry=53fe09ef12b9408682a1d2439823f2e0\" target=\"_blank\" rel=\"noopener\">Am\u00e9rica Latina<\/a><\/div>[\/vc_column][vc_column width=&#8221;1\/4&#8243;]<div class=\"btn-container  \"><a role=\"button\"  class=\"btn btn-secondary\" href=\"https:\/\/genesys.wd1.myworkdayjobs.com\/Genesys?locationCountry=873d0f604e3b458c990cb4d83a5c0f14&locationCountry=80938777cac5440fab50d729f9634969&locationCountry=e56f1daf83e04bacae794ba5c5593560&locationCountry=9696868b09c64d52a62ee13b052383cc&locationCountry=8b705da2becf43cfaccc091da0988ab2&locationCountry=c4f78be1a8f14da0ab49ce1162348a5e&locationCountry=d903bb3fedad45039383f6de334ad4db\" target=\"_blank\" rel=\"noopener\">\u00c1sia-Pac\u00edfico<\/a><\/div>[\/vc_column][\/vc_row][\/vc_section][vc_section flair=&#8221;%5B%7B%22hide_mobile%22%3A%22yes%22%7D%5D&#8221;][vc_row][vc_column][vc_column_text css=&#8221;&#8221;]<\/p>\n<h2 class=\"h3\" style=\"text-align: center;\">Uma empresa consciente<\/h2>\n<p>[\/vc_column_text][\/vc_column][\/vc_row][vc_row r_gutter_size=&#8221;gutter-small&#8221; equal_height=&#8221;yes&#8221; content_placement=&#8221;top&#8221;][vc_column width=&#8221;1\/3&#8243;]<a class=\"component card w-100 bgc-lgray vertical text-start nomedia   \" href=\"\/pt-br\/company\/diversity\" target=\"\" rel=\"\" ><div class=\"card-body\"><h3 class=\"h5\">Diversidade, equidade e inclus\u00e3o<\/h3>\n<p>Acreditamos que a nossa diversidade \u00e9 a nossa for\u00e7a. Aceitamos as diferen\u00e7as entre n\u00f3s porque o poder da empatia nos torna mais fortes. E \u00e9 entendendo melhor as pessoas que proporcionamos as melhores experi\u00eancias do mundo para os clientes.<\/p>\n<\/div><div class=\"card-footer text-end\"><div class=\"btn-container \"><div class=\"small mt-0 chevron arrow arrow-primary \" href=\"#\" target=\"\" rel=\"\">Saiba mais sobre diversidade, equidade e inclus\u00e3o na Genesys<\/div><\/div><\/div><\/a>[\/vc_column][vc_column width=&#8221;1\/3&#8243;]<a class=\"component card w-100 bgc-lgray vertical text-start nomedia   \" href=\"\/pt-br\/company\/sustainability\" target=\"\" rel=\"\" ><div class=\"card-body\"><h3 class=\"h5\">Sustentabilidade<\/h3>\n<p>Toda empresa causa um impacto no mundo. A Genesys est\u00e1 comprometida com garantir que o nosso seja respons\u00e1vel e positivo. Somos ativos na constru\u00e7\u00e3o e execu\u00e7\u00e3o de processos de sustentabilidade que melhoram a vida das pessoas, nos levam a ter uma pegada de carbono neutra e promovem pr\u00e1ticas \u00e9ticas.<\/p>\n<\/div><div class=\"card-footer text-end\"><div class=\"btn-container \"><div class=\"small mt-0 chevron arrow arrow-primary \" href=\"#\" target=\"\" rel=\"\">Saiba mais sobre nosso compromisso com um futuro sustent\u00e1vel<\/div><\/div><\/div><\/a>[\/vc_column][vc_column width=&#8221;1\/3&#8243;]<div class=\"component card w-100 bgc-lgray vertical text-start nomedia  chevron-only  \" ><div class=\"card-body\"><h3>Impact together<\/h3>\n<p>O Impact Together \u00e9 nosso programa de impacto social. \u00c9 assim que n\u00f3s, como equipe e como indiv\u00edduos, participamos de nossas comunidades. Temos a oportunidade de definir o ritmo como l\u00edder filantr\u00f3pico no setor, concentrando-nos em quatro pilares principais:<\/p>\n<ul>\n<li>Engajamento da comunidade<\/li>\n<li>Resposta a crises<\/li>\n<li>Planeta<\/li>\n<li>Requalifica\u00e7\u00e3o e conscientiza\u00e7\u00e3o<\/li>\n<\/ul>\n<\/div><\/div>[\/vc_column][\/vc_row][vc_row][vc_column][vc_column_text css=&#8221;&#8221;]<\/p>\n<p class=\"text-16\" style=\"text-align: center;\">Nossos recrutadores nunca solicitar\u00e3o informa\u00e7\u00f5es pessoais ou financeiras confidenciais durante a fase de inscri\u00e7\u00e3o.<\/p>\n<p>[\/vc_column_text][\/vc_column][\/vc_row][\/vc_section][vc_section][vc_row][vc_column]<a class=\"component-cta-block card w-100 h-100 bgc-lgray centered cta-text-center \"  href=\"https:\/\/www.genesys.com\/pt-br\/collateral\/divulgacao-do-relatorio-de-transparencia-salarial-mte-2026\" target=\"\" rel=\"\"><div class=\"card-body text-center col-content\"><p class=\"h3\" style=\"text-align: center;\">Veja o Relat\u00f3rio de Transpar\u00eancia Salarial \u2013 MTE 1\u00ba Semestre de 2026<\/p>\n<div class=\" btn-container justify-content-center mt-2\"><div class=\"btn btn-secondary\">Acesse o Relat\u00f3rio<\/div><\/div><\/div><\/a>[\/vc_column][\/vc_row][\/vc_section]<\/p>\n<\/div>","protected":false},"excerpt":{"rendered":"<p>[vc_section background_color=&#8221;bgc-lgray&#8221; full_width=&#8221;stretch_row&#8221; flair=&#8221;%5B%7B%22flair_width%22%3A%22auto%22%2C%22flair_bottom%22%3A%220%22%2C%22hide_mobile%22%3A%22yes%22%7D%5D&#8221;][vc_row equal_height=&#8221;yes&#8221; content_placement=&#8221;middle&#8221;][vc_column width=&#8221;5\/12&#8243;][vc_column_text css=&#8221;&#8221;] Seu potencial est\u00e1 esperando [\/vc_column_text][\/vc_column][vc_column width=&#8221;7\/12&#8243;][vc_single_image image=&#8221;422965&#8243; alignment=&#8221;right&#8221; css=&#8221;.vc_custom_1729635070581{margin-bottom: -5rem !important;}&#8221;][\/vc_column][\/vc_row][\/vc_section][vc_section flair=&#8221;%5B%7B%22flair_zindex%22%3A%2210%22%7D%5D&#8221;][vc_row r_logo_grid=&#8221;yes&#8221; background_color=&#8221;bgc-lgray&#8221; el_class=&#8221;rounded-lg&#8221;][vc_column width=&#8221;1\/3&#8243; el_class=&#8221;py-2&#8243;][vc_column_text css=&#8221;&#8221;] Quem somos [\/vc_column_text][\/vc_column][vc_column width=&#8221;1\/3&#8243; el_class=&#8221;py-2 border border-white border-5 border-top-0 border-bottom-0&#8243;][vc_column_text css=&#8221;&#8221;] Por que se juntar a n\u00f3s [\/vc_column_text][\/vc_column][vc_column width=&#8221;1\/3&#8243; el_class=&#8221;py-2&#8243;][vc_column_text css=&#8221;&#8221;] Seu potencial est\u00e1 esperando [\/vc_column_text][\/vc_column][\/vc_row][vc_row][vc_column elemental_order=&#8221;order-2&#8243;][vc_column_text css=&#8221;&#8221;] Crie [&hellip;]<\/p>\n","protected":false},"author":1,"featured_media":11872,"parent":106180,"menu_order":0,"comment_status":"closed","ping_status":"closed","template":"","meta":{"_acf_changed":false,"footnotes":""},"class_list":["post-484211","page","type-page","status-publish","has-post-thumbnail","hentry"],"acf":[],"_links":{"self":[{"href":"https:\/\/www.genesys.com\/pt-br\/wp-json\/wp\/v2\/pages\/484211","targetHints":{"allow":["GET"]}}],"collection":[{"href":"https:\/\/www.genesys.com\/pt-br\/wp-json\/wp\/v2\/pages"}],"about":[{"href":"https:\/\/www.genesys.com\/pt-br\/wp-json\/wp\/v2\/types\/page"}],"author":[{"embeddable":true,"href":"https:\/\/www.genesys.com\/pt-br\/wp-json\/wp\/v2\/users\/1"}],"replies":[{"embeddable":true,"href":"https:\/\/www.genesys.com\/pt-br\/wp-json\/wp\/v2\/comments?post=484211"}],"version-history":[{"count":15,"href":"https:\/\/www.genesys.com\/pt-br\/wp-json\/wp\/v2\/pages\/484211\/revisions"}],"predecessor-version":[{"id":619966,"href":"https:\/\/www.genesys.com\/pt-br\/wp-json\/wp\/v2\/pages\/484211\/revisions\/619966"}],"up":[{"embeddable":true,"href":"https:\/\/www.genesys.com\/pt-br\/wp-json\/wp\/v2\/pages\/106180"}],"wp:featuredmedia":[{"embeddable":true,"href":"https:\/\/www.genesys.com\/pt-br\/wp-json\/wp\/v2\/media\/11872"}],"wp:attachment":[{"href":"https:\/\/www.genesys.com\/pt-br\/wp-json\/wp\/v2\/media?parent=484211"}],"curies":[{"name":"wp","href":"https:\/\/api.w.org\/{rel}","templated":true}]}}