{"id":431309,"date":"2021-03-31T11:13:07","date_gmt":"2021-03-31T18:13:07","guid":{"rendered":"https:\/\/www.genesys.com\/aliancas-estrategicas-globais"},"modified":"2025-12-16T18:49:42","modified_gmt":"2025-12-17T02:49:42","slug":"global-strategic-alliances","status":"publish","type":"page","link":"https:\/\/www.genesys.com\/pt-br\/partners\/global-strategic-alliances","title":{"rendered":"Alian\u00e7as estrat\u00e9gicas"},"content":{"rendered":"<div class=\"wpb-content-wrapper\"><p>[vc_section sec_modern_width=&#8221;enable&#8221; background_color=&#8221;bgc-lgray&#8221; flair=&#8221;%5B%7B%22flair_type%22%3A%22f_type_image%22%2C%22hide_mobile%22%3A%22yes%22%7D%5D&#8221; vib=&#8221;enable&#8221; css=&#8221;.vc_custom_1749627119105{background-position: center !important;background-repeat: no-repeat !important;background-size: cover !important;}&#8221;][vc_row][vc_column width=&#8221;1\/2&#8243;][vc_column_text css=&#8221;&#8221;]<\/p>\n<h1 class=\"no-balance\">Parceiros tecnol\u00f3gicos estrat\u00e9gicos d\u00e3o vida \u00e0 orquestra\u00e7\u00e3o de experi\u00eancias com IA<\/h1>\n<p>Esses parceiros estrat\u00e9gicos globais representam o melhor em inova\u00e7\u00e3o tecnol\u00f3gica e presta\u00e7\u00e3o de servi\u00e7os, al\u00e9m de alinhamento e compromisso com os valores da Genesys.[\/vc_column_text][\/vc_column][vc_column width=&#8221;5\/12&#8243; offset=&#8221;vc_col-sm-offset-1&#8243;][vc_single_image image=&#8221;577762&#8243; css=&#8221;&#8221; rounded_corners=&#8221;rounded-xs&#8221;][\/vc_column][\/vc_row][\/vc_section][vc_section][vc_row][vc_column width=&#8221;1\/2&#8243;][vc_column_text css=&#8221;&#8221;]<\/p>\n<h2>Parcerias que aceleram o seu sucesso<\/h2>\n<p>Cada um desses parceiros tecnol\u00f3gicos estrat\u00e9gicos \u00e9 l\u00edder em seu setor e agrega valor exclusivo a cada cliente e situa\u00e7\u00e3o. Os principais benef\u00edcios para os clientes incluem:[\/vc_column_text][\/vc_column][vc_column width=&#8221;1\/2&#8243;][\/vc_column][\/vc_row][vc_row][vc_column width=&#8221;1\/4&#8243;][vc_column_text ct_style=&#8221;list-block&#8221; css=&#8221;&#8221;]<\/p>\n<h3 class=\"h5\">Lideran\u00e7a em tecnologia e inova\u00e7\u00e3o<\/h3>\n<p>Nossa experi\u00eancia, o conhecimento do setor e os anos de sucesso no mercado combinados possibilitam tornar realidade a sua vis\u00e3o da experi\u00eancia do cliente.[\/vc_column_text][\/vc_column][vc_column width=&#8221;1\/4&#8243;][vc_column_text ct_style=&#8221;list-block&#8221; css=&#8221;&#8221;]<\/p>\n<h3 class=\"h5\">Acesso global a mercados e clientes<\/h3>\n<p>Os parceiros da alian\u00e7a s\u00e3o empresas globais com marcas renomadas e milhares de clientes. Assim como a Genesys, eles s\u00e3o conhecidos por usar tecnologias inovadoras.[\/vc_column_text][\/vc_column][vc_column width=&#8221;1\/4&#8243;][vc_column_text ct_style=&#8221;list-block&#8221; css=&#8221;&#8221;]<\/p>\n<h3 class=\"h5\">Solu\u00e7\u00f5es SaaS em escala<\/h3>\n<p>As integra\u00e7\u00f5es da alian\u00e7a simplificam a resposta instant\u00e2nea dos clientes. Elimine a complexidade do dimensionamento para demandas inesperadas dos clientes.[\/vc_column_text][\/vc_column][vc_column width=&#8221;1\/4&#8243;][vc_column_text ct_style=&#8221;list-block&#8221; css=&#8221;&#8221;]<\/p>\n<h3 class=\"h5\">Acelera\u00e7\u00e3o de melhores resultados nos neg\u00f3cios<\/h3>\n<p>Combinar os pontos fortes dos inovadores globais significa obter mais valor e ver resultados mais rapidamente usando as melhores solu\u00e7\u00f5es que voc\u00ea escolher.[\/vc_column_text][\/vc_column][\/vc_row][\/vc_section][vc_section sec_modern_width=&#8221;enable&#8221; background_color=&#8221;bgc-lgray&#8221; flair=&#8221;%5B%7B%22flair_type%22%3A%22f_type_image%22%2C%22hide_mobile%22%3A%22yes%22%7D%5D&#8221; css=&#8221;.vc_custom_1749627756591{background-image: url(https:\/\/www.genesys.com\/media\/Genesys_Threads_209.png?id=569364) !important;}&#8221; el_class=&#8221;bg-cover bg-150-md bg-center bg-norepeat&#8221;][vc_row r_gutter_size=&#8221;gutter-small&#8221; background_color=&#8221;bgc-glass&#8221; equal_height=&#8221;yes&#8221; el_class=&#8221;py-3 px-1 px-lg-3 rounded mt-0&#8243;][vc_column offset=&#8221;vc_col-md-7&#8243; el_class=&#8221;mb-1&#8243;][vc_column_text css=&#8221;&#8221;]<\/p>\n<h2>Alian\u00e7as estrat\u00e9gicas da Genesys<\/h2>\n<p>[\/vc_column_text][\/vc_column][vc_column elemental_order=&#8221;order-5&#8243; offset=&#8221;vc_col-md-5&#8243; el_class=&#8221;mt-2 mt-lg-0&#8243;][\/vc_column][vc_column width=&#8221;1\/3&#8243;]<a class=\"component card w-100 bgc-white vertical text-start   has-card-header  \" href=\"\/pt-br\/partners\/global-strategic-alliances\/aws\" target=\"\" rel=\"\" ><div class=\"card-header p-1 bgc-lgray d-flex justify-content-center align-items-center\" style=\"min-height:165px;\"><img decoding=\"async\" style=\"max-width:150px;\"width=\"1600\" height=\"957\" src=\"https:\/\/www.genesys.com\/media\/AWS_logo_RGB_SQUID_INK-1.png\" alt=\"AWS_logo_RGB_SQUID_INK\" ><\/div><div class=\"card-body\"><h3 class=\"h5\">Amazon Web Services<\/h3>\n<p>Ofere\u00e7a o futuro da orquestra\u00e7\u00e3o de experi\u00eancias em uma plataforma l\u00edder com intelig\u00eancia artificial (IA). Aproxime-se de seus clientes e colaboradores a cada intera\u00e7\u00e3o usando o Genesys Cloud, desenvolvido na AWS.<\/p>\n<p>Chegue ao mercado mais rapidamente com recursos de IA prontos para uso, habilitados por servi\u00e7os da AWS, como o Amazon Bedrock, que ajudam voc\u00ea a estender e integrar o Genesys Cloud al\u00e9m do contact center.<\/p>\n<p>Somente a combina\u00e7\u00e3o Genesys + AWS oferece flexibilidade, confiabilidade e escalabilidade incompar\u00e1veis a outros fornecedores de nuvem.<\/p>\n<p>Aproveite seu investimento na Genesys comprando pelo AWS Marketplace para obter uma economia adicional.<\/p>\n<\/div><div class=\"card-footer text-end\"><div class=\"btn-container \"><div class=\"small mt-0 chevron arrow arrow-primary \" href=\"#\" target=\"\" rel=\"\">Saiba mais<\/div><\/div><\/div><\/a>[\/vc_column][vc_column width=&#8221;1\/3&#8243;]<a class=\"component card w-100 bgc-white vertical text-start   has-card-header  \" href=\"\/pt-br\/partners\/global-strategic-alliances\/salesforce\" target=\"\" rel=\"\" ><div class=\"card-header p-1 bgc-lgray d-flex justify-content-center align-items-center\" style=\"min-height:165px;\"><img decoding=\"async\" style=\"max-width:170px;\"width=\"1134\" height=\"794\" src=\"https:\/\/www.genesys.com\/media\/Salesforce_Corporate_Logo_RGB.png\" alt=\"Salesforce_Corporate_Logo_RGB\" ><\/div><div class=\"card-body\"><h3 class=\"h5\">Salesforce<\/h3>\n<p>A Salesforce e a Genesys ajudam as empresas a integrar dados, agentes, bots e canais de comunica\u00e7\u00e3o para oferecer experi\u00eancias mais inteligentes do in\u00edcio ao fim para clientes e colaboradores. Com uma nova integra\u00e7\u00e3o nativa entre a plataforma Genesys Cloud e o Salesforce Service Cloud, a solu\u00e7\u00e3o combina recursos de contact center corporativo e gest\u00e3o da for\u00e7a de trabalho do contact center para tornar o trabalho de agentes e supervisores mais eficiente. Por meio do compartilhamento bidirecional de dados entre as plataformas, as organiza\u00e7\u00f5es podem eliminar silos e compreender melhor as intera\u00e7\u00f5es, o comportamento e o hist\u00f3rico dos clientes ao longo de suas jornadas.<\/p>\n<\/div><div class=\"card-footer text-end\"><div class=\"btn-container \"><div class=\"small mt-0 chevron arrow arrow-primary \" href=\"#\" target=\"\" rel=\"\">Saiba mais<\/div><\/div><\/div><\/a>[\/vc_column][vc_column width=&#8221;1\/3&#8243;]<a class=\"component card w-100 bgc-white vertical text-start   has-card-header  \" href=\"\/pt-br\/blog\/post\/3-keys-to-delivering-unified-experiences-with-genesys-and-servicenow\" target=\"\" rel=\"\" ><div class=\"card-header p-1 bgc-lgray d-flex justify-content-center align-items-center\" style=\"min-height:165px;\"><img decoding=\"async\" style=\"max-width:250px;\"width=\"250\" height=\"36\" src=\"https:\/\/www.genesys.com\/media\/sn-logo-color.png\" alt=\"sn-logo-color\" ><\/div><div class=\"card-body\"><h3 class=\"h5\">ServiceNow<\/h3>\n<p>A Genesys e a ServiceNow est\u00e3o colaborando para aprimorar as experi\u00eancias de clientes e colaboradores. As duas empresas planejam integrar a plataforma Genesys Cloud\u2122 ao ServiceNow Customer Service Management (CSM) para oferecer uma solu\u00e7\u00e3o completa e baseada em IA para organiza\u00e7\u00f5es em todo o mundo, chamada Unified Experience da Genesys e da ServiceNow. Combinando IA, automa\u00e7\u00e3o e recursos digitais l\u00edderes do setor de ambas as empresas, o Unified Experience da Genesys e da ServiceNow re\u00fane o melhor de cada plataforma para unificar as equipes de atendimento ao cliente por meio de uma \u00fanica \u00e1rea de trabalho, centralizar o roteamento entre departamentos e canais, e otimizar o engagement da for\u00e7a de trabalho para oferecer experi\u00eancias mais personalizadas para os clientes e simplificar a experi\u00eancia dos colaboradores.<\/p>\n<\/div><div class=\"card-footer text-end\"><div class=\"btn-container \"><div class=\"small mt-0 chevron arrow arrow-primary \" href=\"#\" target=\"\" rel=\"\">Saiba mais<\/div><\/div><\/div><\/a>[\/vc_column][\/vc_row][\/vc_section][vc_section][vc_row r_gutter_size=&#8221;gutter-small&#8221; equal_height=&#8221;yes&#8221;][vc_column]<a class=\"component-cta-block card w-100 h-100 bgc-lgray centered cta-text-start \"  href=\"\/pt-br\/resources\/cx-ecosystem\" target=\"\" rel=\"\"><div class=\"row align-items-center image-stack cta-tiny-padding card-body\"><div class=\"col-12 col-md-5 offset-md-1 no-offset\"><div class=\"content-container\"><h3>Ofere\u00e7a um novo patamar de experi\u00eancia com um ecossistema de CX impulsionado por IA<\/h3>\n<p>Veja como Genesys Cloud e seus parceiros aumentam a velocidade, reduzem custos e fortalecem a fidelidade do cliente.<\/p>\n<\/div><div class=\" btn-container mt-2\"><div class=\"btn btn-primary\">Fa\u00e7a o download do e-book<\/div><\/div><\/div><div class=\"col-image offset-0 offset-md-1 col-md-5 flex-column justify-content-center mt-1 mt-lg-0 img-top-container no-offset flex-column justify-content-center mt-1 mt-lg-0 img-top-container\"><img decoding=\"async\" width=\"508\" height=\"474\" src=\"https:\/\/www.genesys.com\/media\/cta_block_img-CX_Ecosystem_ebook.png\" alt=\"\" class=\"rounded\"><\/div><\/div><\/a>[\/vc_column][\/vc_row][\/vc_section][vc_section disable_element=&#8221;yes&#8221; flair=&#8221;%5B%7B%22flair_type%22%3A%22f_type_image%22%7D%5D&#8221;][vc_row][vc_column][vc_column_text]<\/p>\n<h2 class=\"h3\" style=\"text-align: center;\">Recursos<\/h2>\n<p>[\/vc_column_text][\/vc_column][\/vc_row][vc_row r_gutter_size=&#8221;gutter-small&#8221; equal_height=&#8221;yes&#8221;][vc_column][\/vc_column][\/vc_row][\/vc_section]<\/p>\n<\/div>","protected":false},"excerpt":{"rendered":"<p>[vc_section sec_modern_width=&#8221;enable&#8221; background_color=&#8221;bgc-lgray&#8221; flair=&#8221;%5B%7B%22flair_type%22%3A%22f_type_image%22%2C%22hide_mobile%22%3A%22yes%22%7D%5D&#8221; vib=&#8221;enable&#8221; css=&#8221;.vc_custom_1749627119105{background-position: center !important;background-repeat: no-repeat !important;background-size: cover !important;}&#8221;][vc_row][vc_column width=&#8221;1\/2&#8243;][vc_column_text css=&#8221;&#8221;] Parceiros tecnol\u00f3gicos estrat\u00e9gicos d\u00e3o vida \u00e0 orquestra\u00e7\u00e3o de experi\u00eancias com IA Esses parceiros estrat\u00e9gicos globais representam o melhor em inova\u00e7\u00e3o tecnol\u00f3gica e presta\u00e7\u00e3o de servi\u00e7os, al\u00e9m de alinhamento e compromisso com os valores da Genesys.[\/vc_column_text][\/vc_column][vc_column width=&#8221;5\/12&#8243; offset=&#8221;vc_col-sm-offset-1&#8243;][vc_single_image image=&#8221;577762&#8243; css=&#8221;&#8221; rounded_corners=&#8221;rounded-xs&#8221;][\/vc_column][\/vc_row][\/vc_section][vc_section][vc_row][vc_column width=&#8221;1\/2&#8243;][vc_column_text [&hellip;]<\/p>\n","protected":false},"author":1,"featured_media":0,"parent":106057,"menu_order":0,"comment_status":"closed","ping_status":"closed","template":"","meta":{"_acf_changed":false,"footnotes":""},"class_list":["post-431309","page","type-page","status-publish","hentry"],"acf":[],"_links":{"self":[{"href":"https:\/\/www.genesys.com\/pt-br\/wp-json\/wp\/v2\/pages\/431309","targetHints":{"allow":["GET"]}}],"collection":[{"href":"https:\/\/www.genesys.com\/pt-br\/wp-json\/wp\/v2\/pages"}],"about":[{"href":"https:\/\/www.genesys.com\/pt-br\/wp-json\/wp\/v2\/types\/page"}],"author":[{"embeddable":true,"href":"https:\/\/www.genesys.com\/pt-br\/wp-json\/wp\/v2\/users\/1"}],"replies":[{"embeddable":true,"href":"https:\/\/www.genesys.com\/pt-br\/wp-json\/wp\/v2\/comments?post=431309"}],"version-history":[{"count":21,"href":"https:\/\/www.genesys.com\/pt-br\/wp-json\/wp\/v2\/pages\/431309\/revisions"}],"predecessor-version":[{"id":608798,"href":"https:\/\/www.genesys.com\/pt-br\/wp-json\/wp\/v2\/pages\/431309\/revisions\/608798"}],"up":[{"embeddable":true,"href":"https:\/\/www.genesys.com\/pt-br\/wp-json\/wp\/v2\/pages\/106057"}],"wp:attachment":[{"href":"https:\/\/www.genesys.com\/pt-br\/wp-json\/wp\/v2\/media?parent=431309"}],"curies":[{"name":"wp","href":"https:\/\/api.w.org\/{rel}","templated":true}]}}