{"id":431299,"date":"2021-03-31T11:06:55","date_gmt":"2021-03-31T18:06:55","guid":{"rendered":"https:\/\/www.genesys.com\/parceiros-de-tecnologia-e-appfoundry"},"modified":"2025-10-10T06:00:59","modified_gmt":"2025-10-10T13:00:59","slug":"appfoundry","status":"publish","type":"page","link":"https:\/\/www.genesys.com\/pt-br\/partners\/appfoundry","title":{"rendered":"Parceiros AppFoundry"},"content":{"rendered":"<div class=\"wpb-content-wrapper\"><p>[vc_section sec_modern_width=&#8221;enable&#8221; background_color=&#8221;bgc-lgray&#8221; flair=&#8221;%5B%7B%22flair_type%22%3A%22f_type_image%22%2C%22hide_mobile%22%3A%22yes%22%7D%5D&#8221; vib=&#8221;enable&#8221; css=&#8221;.vc_custom_1750204741420{background-position: center !important;background-repeat: no-repeat !important;background-size: cover !important;}&#8221;][vc_row content_placement=&#8221;middle&#8221;][vc_column width=&#8221;1\/2&#8243;][vc_column_text css=&#8221;&#8221;]<\/p>\n<h1>Portal AppFoundry<\/h1>\n<p>Fa\u00e7a parceria com a Genesys para resolver desafios complexos de experi\u00eancia do cliente e expandir seu alcance atrav\u00e9s do Portal AppFoundry\u00ae da Genesys. Nosso marketplace conecta suas solu\u00e7\u00f5es a um p\u00fablico global, capacitando seu neg\u00f3cio a prosperar em mercados novos e existentes.[\/vc_column_text]<div class=\"btn-container  \"><a role=\"button\"  class=\"btn btn-primary\" href=\"https:\/\/appfoundry.genesys.com\/filter\/genesyscloud\" target=\"_blank\" rel=\"\">Veja aplicativos<\/a><a role=\"button\"  class=\"btn btn-ff-primary chevron\" href=\"\/partners\/genesys-partner-portal-login\" target=\"_blank\" rel=\"\">Torne-se um parceiro<\/a><\/div>[\/vc_column][vc_column width=&#8221;1\/2&#8243; offset=&#8221;vc_col-sm-offset-0 vc_hidden-xs&#8221;][vc_single_image image=&#8221;550880&#8243; css=&#8221;&#8221;][\/vc_column][\/vc_row][\/vc_section][vc_section flair=&#8221;%5B%7B%22hide_mobile%22%3A%22yes%22%7D%5D&#8221;][vc_row][vc_column width=&#8221;7\/12&#8243;][vc_column_text css=&#8221;&#8221;]<\/p>\n<h2>Sua solu\u00e7\u00e3o. Nossa plataforma. Maior valor.<\/h2>\n<p>Como parceiro da AppFoundry, voc\u00ea tem a oportunidade de alcan\u00e7ar novos clientes, aprimorar as capacidades da sua solu\u00e7\u00e3o e entregar resultados ainda mais impactantes para empresas em todo o mundo. Ao ingressar no programa Genesys AppFoundry, voc\u00ea ter\u00e1 acesso a um mercado diversificado e expansivo de empresas que confiam na Genesys para suas solu\u00e7\u00f5es de experi\u00eancia do cliente (CX), enquanto se alinha com os principais inovadores tecnol\u00f3gicos da ind\u00fastria.<\/p>\n<p>O Mercado AppFoundry apoia fornecedores independentes de software (ISVs) que constroem solu\u00e7\u00f5es complementares, permitindo a descoberta e integra\u00e7\u00e3o perfeita com a plataforma Genesys Cloud\u2122. Seja qual for o seu objetivo, impulsionar a ado\u00e7\u00e3o, melhorar a visibilidade ou escalar suas ofertas, a AppFoundry facilita a conex\u00e3o com os clientes e acelera o crescimento.[\/vc_column_text][vc_column_text ct_style=&#8221;list-block&#8221; css=&#8221;&#8221;]<\/p>\n<h3 class=\"h5\">Mercado global ilimitado<\/h3>\n<p>A Genesys opera globalmente \u2014 e voc\u00ea tamb\u00e9m pode. Esteja voc\u00ea ampliando parcerias existentes ou crescendo em novas regi\u00f5es, o Mercado Genesys AppFoundry remove barreiras para que voc\u00ea possa comercializar em todos os lugares onde seus clientes est\u00e3o.[\/vc_column_text][vc_column_text ct_style=&#8221;list-block&#8221; css=&#8221;&#8221;]<\/p>\n<h3 class=\"h5\">Base de clientes em expans\u00e3o<\/h3>\n<p>Aproximadamente um ter\u00e7o dos clientes do Genesys Cloud utilizam pelo menos um aplicativo AppFoundry em seus ambientes de nuvem.* Com uma base de usu\u00e1rios em r\u00e1pida expans\u00e3o, o ecossistema AppFoundry oferece um potencial de crescimento tremendo. E v\u00e1rios modelos de programa garantem que, independentemente do tipo de solu\u00e7\u00e3o que voc\u00ea oferece, h\u00e1 um caminho para o sucesso.[\/vc_column_text][vc_column_text ct_style=&#8221;list-block&#8221; css=&#8221;&#8221;]<\/p>\n<h3 class=\"h5\">Experi\u00eancia de aplicativo ISV<\/h3>\n<p>Otimize sua estrat\u00e9gia de entrada no mercado listando seu aplicativo ISV no Genesys AppFoundry Marketplace. Quer voc\u00ea ofere\u00e7a um aplicativo b\u00e1sico ou um aplicativo premium, sua solu\u00e7\u00e3o \u00e9 integrada perfeitamente ao Genesys Cloud e est\u00e1 dispon\u00edvel para compra direta ou vendas assistidas. Aplicativos premium tamb\u00e9m incluem um teste gratuito para ajudar os clientes a explorar suas capacidades e aumentar a confian\u00e7a dos compradores. N\u00f3s cuidamos do ciclo de vida do cliente, faturamento, assinaturas e convers\u00e3o de moeda global \u2014 para que voc\u00ea possa se concentrar em criar solu\u00e7\u00f5es inovadoras.[\/vc_column_text][\/vc_column][vc_column width=&#8221;1\/3&#8243; offset=&#8221;vc_col-sm-offset-1&#8243;]<a class=\"component card w-100 bgc-lgray vertical text-start nomedia   \" href=\"https:\/\/www.genesys.com\/partners\/genesys-partner-portal-login\" target=\"\" rel=\"\" ><div class=\"card-body\"><h3>Torne-se um parceiro do Genesys AppFoundry<\/h3>\n<p>Marketplaces s\u00e3o um canal dominante para aquisi\u00e7\u00e3o de software de opera\u00e7\u00f5es de infraestrutura. Garanta que sua solu\u00e7\u00e3o tecnol\u00f3gica esteja posicionada para o crescimento ao se juntar ao Genesys AppFoundry. Como parceiro da Genesys, voc\u00ea expandir\u00e1 sua participa\u00e7\u00e3o de mercado e ajudar\u00e1 a liderar a transforma\u00e7\u00e3o das experi\u00eancias dos clientes em todo o mundo. D\u00ea o primeiro passo para se tornar parte de uma rede diversificada e crescente de l\u00edderes tecnol\u00f3gicos inovadores.<\/p>\n<\/div><div class=\"card-footer text-end\"><div class=\"btn-container \"><div class=\"small mt-0 chevron arrow arrow-primary \" href=\"#\" target=\"\" rel=\"\">Junte-se a n\u00f3s<\/div><\/div><\/div><\/a>[\/vc_column][\/vc_row][\/vc_section][vc_section background_color=&#8221;bgc-lgray&#8221; flair=&#8221;%5B%7B%22flair_type%22%3A%22f_type_image%22%2C%22hide_mobile%22%3A%22yes%22%7D%5D&#8221;][vc_row r_gutter_size=&#8221;gutter-small&#8221; equal_height=&#8221;yes&#8221;][vc_column offset=&#8221;vc_col-md-5&#8243;][vc_column_text css=&#8221;&#8221;]<\/p>\n<h2>Parceria para o sucesso<\/h2>\n<p>Nossos parceiros trazem solu\u00e7\u00f5es de ponta que ajudam nossos clientes a transformar suas estrat\u00e9gias de experi\u00eancia do cliente. Atrav\u00e9s do Genesys AppFoundry Marketplace, os ISVs s\u00e3o capacitados a inovar, expandir e causar um impacto real. Aqui est\u00e3o algumas das hist\u00f3rias de sucesso de destaque de nossos parceiros do AppFoundry que est\u00e3o gerando resultados significativos e elevando o cen\u00e1rio de CX.[\/vc_column_text][\/vc_column][vc_column elemental_order=&#8221;order-5&#8243; el_class=&#8221;mt-2 mt-lg-0&#8243; offset=&#8221;vc_col-md-offset-3 vc_col-md-4&#8243;][\/vc_column][vc_column width=&#8221;1\/3&#8243;]<div class=\"component icon-list w-100  vertical text-start\"><h3 class=\"h5\">Experi\u00eancias acess\u00edveis e inclusivas para clientes<\/h3>\n<p>Criado por e para pessoas com defici\u00eancia visual, <a href=\"https:\/\/appfoundry.genesys.com\/filter\/genesyscloud\/listing\/0dfc5dcc-f74e-4495-9dd4-6362154f242e\">o Be My Eyes<\/a> est\u00e1 transformando o atendimento ao cliente ao aumentar a acessibilidade para pessoas com defici\u00eancia visual. Integrado ao Genesys Cloud, o Be My Eyes conecta clientes a agentes ao vivo que fornecem assist\u00eancia visual em tempo real, usando tecnologia para promover a inclus\u00e3o e oferecer um suporte mais personalizado a cada cliente.<\/p>\n<\/div>[\/vc_column][vc_column width=&#8221;1\/3&#8243;]<div class=\"component icon-list w-100  vertical text-start\"><h3 class=\"h5\">Aproveitando dados para decis\u00f5es mais inteligentes de CX<\/h3>\n<p><a href=\"https:\/\/appfoundry.genesys.com\/filter\/genesyscloud\/listing\/2f7e6df9-388d-49af-88ef-14f1b985590f\">O SuccessKPI<\/a> permite que as empresas analisem e atuem com base em dados em tempo real no Genesys Cloud. Atrav\u00e9s de an\u00e1lises poderosas, as organiza\u00e7\u00f5es podem tomar decis\u00f5es informadas que melhoram as intera\u00e7\u00f5es com os clientes, aumentam o desempenho dos agentes e ajudam a impulsionar a efici\u00eancia geral. Essa abordagem orientada por dados ajuda as empresas a se manterem \u00e1geis em um ambiente din\u00e2mico.<\/p>\n<\/div>[\/vc_column][vc_column width=&#8221;1\/3&#8243;]<div class=\"component icon-list w-100  vertical text-start\"><h3 class=\"h5\">Intelig\u00eancia emocional no atendimento ao cliente<\/h3>\n<p><a href=\"https:\/\/appfoundry.genesys.com\/filter\/genesyscloud\/listing\/732a6945-ba14-4783-898a-77268bb1f606\">A Cogito<\/a> integra intelig\u00eancia emocional em tempo real ao Genesys Cloud, orientando os agentes a oferecer intera\u00e7\u00f5es mais emp\u00e1ticas e eficazes com os clientes. Ao analisar pistas conversacionais, o Cogito equipa os agentes com insights para melhorar a qualidade do servi\u00e7o e a satisfa\u00e7\u00e3o do cliente, garantindo que cada cliente tenha uma experi\u00eancia mais emp\u00e1tica.<\/p>\n<\/div>[\/vc_column][\/vc_row][\/vc_section][vc_section flair=&#8221;%5B%7B%22flair_type%22%3A%22f_type_image%22%7D%5D&#8221; el_class=&#8221;align-items-center&#8221;][vc_row][vc_column width=&#8221;2\/3&#8243; offset=&#8221;vc_col-lg-offset-2 vc_col-sm-offset-0&#8243;][vc_single_image image=&#8221;562186&#8243; css=&#8221;&#8221;][\/vc_column][\/vc_row][vc_row][vc_column width=&#8221;1\/2&#8243; el_class=&#8221;px-lg-3&#8243;]<div class=\"component icon-list w-100  vertical text-start\"><h3>Junte-se a um mercado confi\u00e1vel para inova\u00e7\u00e3o<\/h3>\n<p>Como um mercado estabelecido, o AppFoundry oferece uma plataforma confi\u00e1vel para exibir suas solu\u00e7\u00f5es. De ferramentas de contact center a inova\u00e7\u00f5es em CX, nosso AppFoundry Marketplace ajuda os clientes da Genesys a encontrar e implementar tecnologias de ponta desenvolvidas para seus setores espec\u00edficos. Participar deste mercado lhe d\u00e1 acesso a novas fontes de receita e conecta suas inova\u00e7\u00f5es a uma ampla rede de empresas globalmente.<\/p>\n<\/div>[\/vc_column][vc_column width=&#8221;1\/2&#8243; el_class=&#8221;px-lg-3&#8243;]<div class=\"component icon-list w-100  vertical text-start\"><h3>Oportunidades do AppFoundry para Parceiros Genesys Ascend<\/h3>\n<p>Desbloqueie novas oportunidades de crescimento como parceiro Genesys Ascend. Ao integrar sua tecnologia com o Genesys Cloud, voc\u00ea pode alcan\u00e7ar um p\u00fablico global, oferecer solu\u00e7\u00f5es personalizadas e ajudar a acelerar o crescimento dos neg\u00f3cios. Voc\u00ea receber\u00e1 suporte estruturado de integra\u00e7\u00e3o, habilita\u00e7\u00e3o e co-venda necess\u00e1rio para escalar de forma mais r\u00e1pida e estrat\u00e9gica. Com benef\u00edcios em camadas e recursos de entrada no mercado, o Ascend capacita voc\u00ea a entrar em novos mercados, impulsionar o sucesso do cliente e expandir seus neg\u00f3cios \u2014 tudo isso enquanto ajuda a aprimorar suas capacidades de contact center e oferece experi\u00eancias excepcionais ao cliente.<\/p>\n<\/div>[\/vc_column][\/vc_row][vc_row][vc_column]<div class=\"btn-container justify-content-lg-center justify-content-center\"><a role=\"button\"  class=\"btn btn-secondary\" href=\"https:\/\/appfoundry.genesys.com\/filter\/genesysclouda?_gl=1*97m16n*_ga*MTM1MTE5NzYyNi4xNzIwMDIzMTQz*_ga_WMDFV6Y7G2*MTcyNjI1NTgxNy42MC4xLjE3MjYyNTYxMTkuMC4wLjA\" target=\"\" rel=\"\">Visite o AppFoundry<\/a><\/div>[\/vc_column][\/vc_row][\/vc_section][vc_section][vc_row r_gutter_size=&#8221;gutter-small&#8221; equal_height=&#8221;yes&#8221;][vc_column width=&#8221;2\/3&#8243; offset=&#8221;vc_col-lg-offset-2&#8243;][vc_column_text css=&#8221;&#8221;]<\/p>\n<h2 style=\"text-align: center;\">Explore os recursos dos parceiros de tecnologia<\/h2>\n<p>[\/vc_column_text][\/vc_column][\/vc_row][vc_row][vc_column]<div class=\"related-posts-container next-steps-module w-100\"><div class=\"inner-container scrollable-row-container\"><div class=\"row align-items-stretch gutter-small col-count-3 scrollable-row\"><div class=\"col-md-4 vertical-cards grid-item card-col item-image grid_type-resources\"><a class=\"card w-100 h-100 bgc-lgray component vertical text-start thumbnail chevron-only\" href=\"https:\/\/www.genesys.com\/pt-br\/resources\/cx-ecosystem\"><div class=\"thumbnail-col thubmnail\"><img decoding=\"async\" src=\"https:\/\/www.genesys.com\/media\/820x464-Resource-Thumbnail-Ebook-Deliver-the-next-level-of-experience-with-an-AI-powered-CX-ecosystem.jpg\" height=\"464\" width=\"820\" alt=\"820&#215;464 resource thumbnail ebook deliver the next level of experience with an ai powered cx ecosystem\"><\/div><div class=\"card-body text-col\"><p class=\"assettag\">Ebook<\/p><h3 class=\"item-title h6\">Entregue o pr\u00f3ximo n\u00edvel de experi\u00eancia com um ecossistema de CX impulsionado por IA.<\/h3><\/div><div class=\"card-footer text-end\"><div class=\"justify-content-end btn-container\"><div class=\"btn chevron small only btn-secondary\"><\/div><\/div><\/div><\/a><\/div><div class=\"col-md-4 vertical-cards grid-item card-col item-image grid_type-resources\"><a class=\"card w-100 h-100 bgc-lgray component vertical text-start thumbnail chevron-only\" href=\"https:\/\/www.genesys.com\/pt-br\/resources\/gartner-magic-quadrant-for-contact-center-as-a-service\"><div class=\"thumbnail-col thubmnail\"><img decoding=\"async\" src=\"https:\/\/www.genesys.com\/media\/resource_thumbnail-gartner_ccass_2025.png\" height=\"528\" width=\"824\" alt=\"Resource thumbnail gartner ccass 2025\"><\/div><div class=\"card-body text-col\"><p class=\"assettag\">Relat\u00f3rio<\/p><h3 class=\"item-title h6\">Gartner\u00ae Magic Quadrant\u2122 para contact center como servi\u00e7o<\/h3><\/div><div class=\"card-footer text-end\"><div class=\"justify-content-end btn-container\"><div class=\"btn chevron small only btn-secondary\"><\/div><\/div><\/div><\/a><\/div><div class=\"col-md-4 vertical-cards item-image grid-item card-col item-image grid_type-\"><a class=\"card w-100 h-100 bgc-lgray component vertical text-start thumbnail chevron-only\" href=\"https:\/\/appfoundry.genesys.com\/docs\/joining?_gl=1*5z3hal*_gcl_au*MTc0NjQ1MzkxNi4xNzI3ODk5MTcz*_ga*Mzk1OTU0NDI5LjE3Mjc4ODQ1NTM.*_ga_WMDFV6Y7G2*MTczMjU1OTE2Ny44OC4xLjE3MzI1NTk1MzEuMC4wLjA.&_ga=2.162764148.911541763.1732556972-395954429.1727884553\"><div class=\"thumbnail-col thubmnail\"><img decoding=\"async\" src=\"https:\/\/www.genesys.com\/media\/Joining-the-AppFoundry-Marketplace-thumbnail.png\" height=\"274\" width=\"483\" alt=\"Joining the appfoundry marketplace thumbnail\"><\/div><div class=\"card-body text-col\"><h3 class=\"item-title h6\">Fa\u00e7a parte do portal AppFoundry<\/h3><\/div><div class=\"card-footer text-end\"><div class=\"justify-content-end btn-container\"><div class=\"btn chevron small only btn-secondary\"><\/div><\/div><\/div><\/a><\/div><\/div><\/div><\/div>[\/vc_column][\/vc_row][\/vc_section][vc_section disable_element=&#8221;yes&#8221; flair=&#8221;%5B%7B%22flair_type%22%3A%22f_type_image%22%2C%22hide_mobile%22%3A%22yes%22%7D%5D&#8221;][vc_row][vc_column el_class=&#8221;col-xl-10 col-md-12&#8243; offset=&#8221;vc_col-lg-offset-1 vc_col-lg-10&#8243;]<a class=\"component-cta-block card w-100 h-100 bgc-lgray centered cta-text-center  vc_custom_1754599261890\"  href=\"https:\/\/www.genesys.com\/partners\/genesys-partner-portal-login\" target=\"\" rel=\"\"><div class=\"card-body text-center col-content\"><h2>Torne-se um parceiro do Genesys AppFoundry<\/h2>\n<p>Marketplaces s\u00e3o um canal dominante para aquisi\u00e7\u00e3o de software de opera\u00e7\u00f5es de infraestrutura. Ajude a garantir que sua solu\u00e7\u00e3o tecnol\u00f3gica esteja posicionada para o crescimento ao se juntar ao Genesys AppFoundry. Como parceiro do Genesys AppFoundry, voc\u00ea estar\u00e1 melhor equipado para expandir sua participa\u00e7\u00e3o de mercado e ajudar a liderar a transforma\u00e7\u00e3o das experi\u00eancias dos clientes em todo o mundo. D\u00ea o primeiro passo para se tornar parte de uma rede diversificada e crescente de l\u00edderes tecnol\u00f3gicos inovadores.<\/p>\n<div class=\" btn-container justify-content-center mt-2\"><div class=\"btn btn-primary\">Junte-se a n\u00f3s<\/div><\/div><\/div><\/a>[\/vc_column][\/vc_row][\/vc_section]<\/p>\n<\/div>","protected":false},"excerpt":{"rendered":"<p>[vc_section sec_modern_width=&#8221;enable&#8221; background_color=&#8221;bgc-lgray&#8221; flair=&#8221;%5B%7B%22flair_type%22%3A%22f_type_image%22%2C%22hide_mobile%22%3A%22yes%22%7D%5D&#8221; vib=&#8221;enable&#8221; css=&#8221;.vc_custom_1750204741420{background-position: center !important;background-repeat: no-repeat !important;background-size: cover !important;}&#8221;][vc_row content_placement=&#8221;middle&#8221;][vc_column width=&#8221;1\/2&#8243;][vc_column_text css=&#8221;&#8221;] Portal AppFoundry Fa\u00e7a parceria com a Genesys para resolver desafios complexos de experi\u00eancia do cliente e expandir seu alcance atrav\u00e9s do Portal AppFoundry\u00ae da Genesys. Nosso marketplace conecta suas solu\u00e7\u00f5es a um p\u00fablico global, capacitando seu neg\u00f3cio a prosperar em [&hellip;]<\/p>\n","protected":false},"author":734,"featured_media":0,"parent":106057,"menu_order":0,"comment_status":"closed","ping_status":"closed","template":"","meta":{"_acf_changed":false,"footnotes":""},"class_list":["post-431299","page","type-page","status-publish","hentry"],"acf":[],"_links":{"self":[{"href":"https:\/\/www.genesys.com\/pt-br\/wp-json\/wp\/v2\/pages\/431299","targetHints":{"allow":["GET"]}}],"collection":[{"href":"https:\/\/www.genesys.com\/pt-br\/wp-json\/wp\/v2\/pages"}],"about":[{"href":"https:\/\/www.genesys.com\/pt-br\/wp-json\/wp\/v2\/types\/page"}],"author":[{"embeddable":true,"href":"https:\/\/www.genesys.com\/pt-br\/wp-json\/wp\/v2\/users\/734"}],"replies":[{"embeddable":true,"href":"https:\/\/www.genesys.com\/pt-br\/wp-json\/wp\/v2\/comments?post=431299"}],"version-history":[{"count":11,"href":"https:\/\/www.genesys.com\/pt-br\/wp-json\/wp\/v2\/pages\/431299\/revisions"}],"predecessor-version":[{"id":597746,"href":"https:\/\/www.genesys.com\/pt-br\/wp-json\/wp\/v2\/pages\/431299\/revisions\/597746"}],"up":[{"embeddable":true,"href":"https:\/\/www.genesys.com\/pt-br\/wp-json\/wp\/v2\/pages\/106057"}],"wp:attachment":[{"href":"https:\/\/www.genesys.com\/pt-br\/wp-json\/wp\/v2\/media?parent=431299"}],"curies":[{"name":"wp","href":"https:\/\/api.w.org\/{rel}","templated":true}]}}