{"id":431296,"date":"2021-03-31T11:08:46","date_gmt":"2021-03-31T18:08:46","guid":{"rendered":"https:\/\/www.genesys.com\/parceiros-de-canal"},"modified":"2025-12-16T18:16:50","modified_gmt":"2025-12-17T02:16:50","slug":"ascend-partners","status":"publish","type":"page","link":"https:\/\/www.genesys.com\/pt-br\/partners\/ascend-partners","title":{"rendered":"Parceiros Ascend"},"content":{"rendered":"<div class=\"wpb-content-wrapper\"><p>[vc_section sec_modern_width=&#8221;enable&#8221; background_color=&#8221;bgc-lgray&#8221; flair=&#8221;%5B%7B%22flair_type%22%3A%22f_type_image%22%7D%5D&#8221; vib=&#8221;enable&#8221; css=&#8221;.vc_custom_1762212280279{background-position: center !important;background-repeat: no-repeat !important;background-size: cover !important;}&#8221;][vc_row content_placement=&#8221;middle&#8221;][vc_column width=&#8221;1\/2&#8243;][vc_column_text css=&#8221;&#8221;]<\/p>\n<h1>Os Parceiros Ascend s\u00e3o sin\u00f4nimo de neg\u00f3cios<\/h1>\n<p>A Genesys e seus Parceiros Ascend ajudam as organiza\u00e7\u00f5es a desbloquear todo o potencial da experi\u00eancia do cliente impulsionada por IA. Nossos fornecedores de solu\u00e7\u00f5es, parceiros de indica\u00e7\u00e3o, distribuidores de solu\u00e7\u00f5es tecnol\u00f3gicas (somente na Am\u00e9rica do Norte) e parceiros de servi\u00e7os colaboram com a Genesys para acelerar a transforma\u00e7\u00e3o, escalar a inova\u00e7\u00e3o e proporcionar resultados de neg\u00f3cios mensur\u00e1veis. Juntos, criamos experi\u00eancias do cliente mais inteligentes e conectadas que impulsionam o crescimento empresarial.[\/vc_column_text]<div class=\"btn-container  \"><a role=\"button\"  class=\"btn btn-primary\" href=\"\/partners\/genesys-partner-portal-login\" target=\"_blank\" rel=\"\">Torne-se um parceiro<\/a><a role=\"button\"  class=\"btn btn-ff-primary chevron\" href=\"\/partners\/partner-finder\" target=\"_blank\" rel=\"\">Encontre um parceiro<\/a><\/div>[\/vc_column][vc_column v_align=&#8221;flexend&#8221; width=&#8221;1\/2&#8243; offset=&#8221;vc_hidden-xs&#8221;][vc_single_image image=&#8221;603963&#8243; css=&#8221;&#8221; rounded_corners=&#8221;rounded-xs&#8221;][\/vc_column][\/vc_row][\/vc_section][vc_section][vc_row][vc_column width=&#8221;1\/2&#8243;][vc_column_text css=&#8221;&#8221;]<\/p>\n<h2 class=\"h3\">Estabele\u00e7a uma parceria com a melhor tecnologia da categoria<\/h2>\n<p>Ao trabalhar com um Parceiro Ascend da Genesys, sua empresa obt\u00e9m acesso direto a conhecimento especializado e tecnologia de classe mundial. Esses parceiros combinam o poder do Genesys Cloud CX com conhecimento comprovado do setor para projetar e fornecer solu\u00e7\u00f5es que atendam \u00e0s suas necessidades exclusivas. De integra\u00e7\u00f5es perfeitas \u00e0 otimiza\u00e7\u00e3o cont\u00ednua, os Parceiros Ascend ajudam voc\u00ea a maximizar o ROI, acelerar a transforma\u00e7\u00e3o e oferecer experi\u00eancias do cliente excepcionais que s\u00e3o escal\u00e1veis.[\/vc_column_text][\/vc_column][\/vc_row][vc_row][vc_column width=&#8221;1\/3&#8243;][vc_column_text ct_style=&#8221;list-block&#8221; css=&#8221;&#8221;]<\/p>\n<h3 class=\"h5\">Lideran\u00e7a em CX com Genesys Cloud<\/h3>\n<p>Genesys Cloud \u00e9 a plataforma de experi\u00eancia do cliente com intelig\u00eancia artificial l\u00edder mundial, utilizada por empresas da Fortune 2000 e marcas globais. Ao trabalhar com um Parceiro Ascend, voc\u00ea se alinha com l\u00edderes do setor que oferecem experi\u00eancias diferenciadas ao cliente e resultados comprovados em escala.[\/vc_column_text][\/vc_column][vc_column width=&#8221;1\/3&#8243;][vc_column_text ct_style=&#8221;list-block&#8221; css=&#8221;&#8221;]<\/p>\n<h3 class=\"h5\">Maior acesso, maior impacto<\/h3>\n<p>A Genesys conecta voc\u00ea a parceiros qualificados que implementam, integram e otimizam as solu\u00e7\u00f5es da Genesys. Com acesso a recursos de co-marketing, desenvolvimento conjunto e capacita\u00e7\u00e3o, os Parceiros Ascend oferecem n\u00e3o apenas tecnologia, mas tamb\u00e9m visibilidade, escala e crescimento para a sua empresa.[\/vc_column_text][\/vc_column][vc_column width=&#8221;1\/3&#8243;][vc_column_text ct_style=&#8221;list-block&#8221; css=&#8221;&#8221;]<\/p>\n<h3 class=\"h5\">Inova\u00e7\u00e3o que gera impacto<\/h3>\n<p>A Genesys tem uma longa hist\u00f3ria de redefini\u00e7\u00e3o da experi\u00eancia do cliente, e os Parceiros Ascend estendem essa inova\u00e7\u00e3o para voc\u00ea. Juntos, oferecemos solu\u00e7\u00f5es personalizadas que mant\u00eam voc\u00ea \u00e0 frente das expectativas dos clientes.[\/vc_column_text][\/vc_column][\/vc_row][\/vc_section][vc_section][vc_row][vc_column width=&#8221;7\/12&#8243;][vc_column_text ct_style=&#8221;stat&#8221; css=&#8221;&#8221;]<\/p>\n<h2>Perspectiva do parceiro<\/h2>\n<p class=\"text-24\">\u201cAo trabalhar com a Genesys e poder oferecer as melhores experi\u00eancias poss\u00edveis, considero que um dos aspectos mais exclusivos \u00e9 a capacidade que o produto tem de abranger todos os setores e atender a empresas de todos os tamanhos.\u201d<\/p>\n<p>\u2014 Tiffany Moses Gschwendtner, L\u00edder Global de Solu\u00e7\u00f5es de CX na TTEC Digital[\/vc_column_text][\/vc_column][\/vc_row][\/vc_section][vc_section flair=&#8221;%5B%7B%22hide_mobile%22%3A%22yes%22%7D%5D&#8221; css=&#8221;.vc_custom_1711487617765{background-position: center !important;background-repeat: no-repeat !important;background-size: cover !important;}&#8221;][vc_row][vc_column width=&#8221;1\/2&#8243;][vc_column_text css=&#8221;&#8221;]<\/p>\n<h2 class=\"h3\">Escolha o parceiro certo para seus objetivos<\/h2>\n<p>O programa de Parceiros Ascend da Genesys re\u00fane uma rede de especialistas confi\u00e1veis que oferecem modelos de engagement flex\u00edveis, proporcionando mais op\u00e7\u00f5es, conhecimento especializado e acesso mais r\u00e1pido \u00e0 solu\u00e7\u00e3o da Genesys ideal para os seus objetivos de neg\u00f3cios. [\/vc_column_text][\/vc_column][\/vc_row][vc_row equal_height=&#8221;yes&#8221;][vc_column width=&#8221;1\/2&#8243;][vc_column_text ct_style=&#8221;list-block&#8221; css=&#8221;&#8221;]<\/p>\n<h3 class=\"h5\">Fornecedor de solu\u00e7\u00f5es<\/h3>\n<p>Trabalhe com um fornecedor de solu\u00e7\u00f5es para obter a entrega completa do Genesys Cloud CX. Esses parceiros n\u00e3o apenas revendem: eles projetam, implementam e gerenciam solu\u00e7\u00f5es completas de experi\u00eancia do cliente como parte de seu amplo portf\u00f3lio de servi\u00e7os. Para a sua empresa, isso significa um \u00fanico fornecedor confi\u00e1vel que pode integrar a solu\u00e7\u00e3o da Genesys perfeitamente \u00e0s suas opera\u00e7\u00f5es e apoiar seu sucesso no longo prazo.[\/vc_column_text][\/vc_column][vc_column width=&#8221;1\/2&#8243;][vc_column_text ct_style=&#8221;list-block&#8221; css=&#8221;&#8221;]<\/p>\n<h3 class=\"h5\">Parceiro de indica\u00e7\u00e3o<\/h3>\n<p>Os parceiros de indica\u00e7\u00e3o e os distribuidores de solu\u00e7\u00f5es tecnol\u00f3gicas conectam voc\u00ea diretamente com a Genesys. Eles simplificam o processo de compra e oferecem um conhecimento profundo do portf\u00f3lio da Genesys, ajudando voc\u00ea a reduzir a complexidade e a implementar a solu\u00e7\u00e3o certa mais rapidamente. [\/vc_column_text][\/vc_column][\/vc_row][\/vc_section][vc_section flair=&#8221;%5B%7B%22flair_type%22%3A%22f_type_image%22%2C%22hide_mobile%22%3A%22yes%22%7D%5D&#8221;][vc_row content_placement=&#8221;middle&#8221;][vc_column width=&#8221;1\/2&#8243;][vc_column_text css=&#8221;&#8221;]<\/p>\n<h2 class=\"h3\">Encontre um parceiro<\/h2>\n<p>Explore o ecossistema de parceiros da Genesys para descobrir a expertise certa para sua empresa. Use nosso mapa interativo para se conectar com parceiros prontos para ajudar voc\u00ea a implantar, expandir e inovar com as solu\u00e7\u00f5es da Genesys. [\/vc_column_text]<div class=\"btn-container  \"><a role=\"button\"  class=\"btn btn-secondary\" href=\"\/partners\/partner-finder\" target=\"_blank\" rel=\"\">Encontre um parceiro<\/a><\/div>[\/vc_column][vc_column width=&#8221;5\/12&#8243; offset=&#8221;vc_col-sm-offset-1&#8243;][vc_single_image image=&#8221;603964&#8243; css=&#8221;&#8221; rounded_corners=&#8221;rounded-lg&#8221;][\/vc_column][\/vc_row][\/vc_section][vc_section flair=&#8221;%5B%7B%22hide_mobile%22%3A%22yes%22%7D%5D&#8221;][vc_row][vc_column width=&#8221;1\/2&#8243;][vc_column_text css=&#8221;&#8221;]<\/p>\n<h2 class=\"h3\" style=\"text-align: left;\">Explore os recursos da Genesys<\/h2>\n<p>[\/vc_column_text][\/vc_column][\/vc_row][vc_row r_gutter_size=&#8221;gutter-small&#8221; equal_height=&#8221;yes&#8221;][vc_column]<div class=\"related-posts-container next-steps-module w-100\"><div class=\"inner-container scrollable-row-container\"><div class=\"row align-items-stretch gutter-small col-count-2 scrollable-row\"><div class=\"col-md-6 horizontal-cards grid-item card-col item-image grid_type-resources\"><a class=\"card w-100 h-100 bgc-lgray component horizontal text-start thumbnail chevron-only\" href=\"https:\/\/www.genesys.com\/pt-br\/resources\/contact-center-buyers-guide\"><div class=\"row align-items-center\"><div class=\"col-12 col-md-5 col-lg-6\"><div class=\"thumbnail-col thubmnail\"><img decoding=\"async\" src=\"https:\/\/www.genesys.com\/media\/820x464-Resource-Thumbnail-Ebook-Buyers-Guide-for-AI-and-CX.jpg\" height=\"464\" width=\"820\" alt=\"820&#215;464 resource thumbnail ebook buyers guide for ai and cx\"><\/div><\/div><div class=\"col-12 col-md-7 col-lg-6\"><div class=\"card-body text-col ps-0\"><p class=\"assettag\">Ebook<\/p><h3 class=\"item-title h6\">Guia do Comprador de Contact Center<\/h3><\/div><div class=\"card-footer text-end ps-0\"><div class=\"justify-content-end btn-container\"><div class=\"btn chevron small only btn-secondary\"><\/div><\/div><\/div><\/div><\/div><\/a><\/div><div class=\"col-md-6 horizontal-cards grid-item card-col item-image grid_type-page\"><a class=\"card w-100 h-100 bgc-lgray component horizontal text-start thumbnail chevron-only\" href=\"https:\/\/www.genesys.com\/pt-br\/partners\/appfoundry\"><div class=\"row align-items-center\"><div class=\"col-12 col-md-5 col-lg-6\"><div class=\"thumbnail-col thubmnail default-thumb\"><img decoding=\"async\" src=\"\/media\/default-resource-thumb-wave-1.jpg\" height=\"464\" width=\"820\" alt=\"Genesys wave default resource thumbnail 1\"><\/div><\/div><div class=\"col-12 col-md-7 col-lg-6\"><div class=\"card-body text-col ps-0\"><h3 class=\"item-title h6\">Portal AppFoundry<\/h3><\/div><div class=\"card-footer text-end ps-0\"><div class=\"justify-content-end btn-container\"><div class=\"btn chevron small only btn-secondary\"><\/div><\/div><\/div><\/div><\/div><\/a><\/div><\/div><\/div><\/div>[\/vc_column][\/vc_row][\/vc_section][vc_section][vc_row][vc_column width=&#8221;5\/6&#8243; offset=&#8221;vc_col-sm-offset-1&#8243;]<a class=\"component-cta-block card w-100 h-100 bgc-lgray centered cta-text-center \"  href=\"https:\/\/genesys.my.site.com\/GenesysPartner\/partnerNewUserRegistration?pageType=as\" target=\"_blank\" rel=\"noopener\"><div class=\"card-body text-center col-content\"><h2 class=\"h3\">Torne-se um parceiro<\/h2>\n<p>Sua expertise \u00e9 inestim\u00e1vel para a rede de parceiros da Genesys e para todo o ecossistema da Genesys. Participe do programa de parceiros da Genesys e tenha acesso a ferramentas, treinamento e suporte para desenvolver seus neg\u00f3cios, aumentar a lucratividade e a receita, impulsionar as vendas e obter reconhecimento. D\u00ea o primeiro passo para revelar o potencial da sua marca tornando-se um parceiro de canal da Genesys hoje mesmo.<\/p>\n<div class=\" btn-container justify-content-center mt-2\"><div class=\"btn btn-primary\">Come\u00e7ar agora<\/div><\/div><\/div><\/a>[\/vc_column][\/vc_row][\/vc_section]<\/p>\n<\/div>","protected":false},"excerpt":{"rendered":"<p>[vc_section sec_modern_width=&#8221;enable&#8221; background_color=&#8221;bgc-lgray&#8221; flair=&#8221;%5B%7B%22flair_type%22%3A%22f_type_image%22%7D%5D&#8221; vib=&#8221;enable&#8221; css=&#8221;.vc_custom_1762212280279{background-position: center !important;background-repeat: no-repeat !important;background-size: cover !important;}&#8221;][vc_row content_placement=&#8221;middle&#8221;][vc_column width=&#8221;1\/2&#8243;][vc_column_text css=&#8221;&#8221;] Os Parceiros Ascend s\u00e3o sin\u00f4nimo de neg\u00f3cios A Genesys e seus Parceiros Ascend ajudam as organiza\u00e7\u00f5es a desbloquear todo o potencial da experi\u00eancia do cliente impulsionada por IA. Nossos fornecedores de solu\u00e7\u00f5es, parceiros de indica\u00e7\u00e3o, distribuidores de solu\u00e7\u00f5es tecnol\u00f3gicas (somente [&hellip;]<\/p>\n","protected":false},"author":308,"featured_media":0,"parent":106057,"menu_order":0,"comment_status":"closed","ping_status":"closed","template":"","meta":{"_acf_changed":false,"footnotes":""},"class_list":["post-431296","page","type-page","status-publish","hentry"],"acf":[],"_links":{"self":[{"href":"https:\/\/www.genesys.com\/pt-br\/wp-json\/wp\/v2\/pages\/431296","targetHints":{"allow":["GET"]}}],"collection":[{"href":"https:\/\/www.genesys.com\/pt-br\/wp-json\/wp\/v2\/pages"}],"about":[{"href":"https:\/\/www.genesys.com\/pt-br\/wp-json\/wp\/v2\/types\/page"}],"author":[{"embeddable":true,"href":"https:\/\/www.genesys.com\/pt-br\/wp-json\/wp\/v2\/users\/308"}],"replies":[{"embeddable":true,"href":"https:\/\/www.genesys.com\/pt-br\/wp-json\/wp\/v2\/comments?post=431296"}],"version-history":[{"count":11,"href":"https:\/\/www.genesys.com\/pt-br\/wp-json\/wp\/v2\/pages\/431296\/revisions"}],"predecessor-version":[{"id":608781,"href":"https:\/\/www.genesys.com\/pt-br\/wp-json\/wp\/v2\/pages\/431296\/revisions\/608781"}],"up":[{"embeddable":true,"href":"https:\/\/www.genesys.com\/pt-br\/wp-json\/wp\/v2\/pages\/106057"}],"wp:attachment":[{"href":"https:\/\/www.genesys.com\/pt-br\/wp-json\/wp\/v2\/media?parent=431296"}],"curies":[{"name":"wp","href":"https:\/\/api.w.org\/{rel}","templated":true}]}}