{"id":320848,"date":"2020-07-30T11:52:05","date_gmt":"2020-07-30T18:52:05","guid":{"rendered":"https:\/\/www.genesys.com\/?page_id=320848"},"modified":"2024-07-01T12:58:26","modified_gmt":"2024-07-01T19:58:26","slug":"products","status":"publish","type":"page","link":"https:\/\/www.genesys.com\/pt-br\/products","title":{"rendered":"Produtos"},"content":{"rendered":"<div class=\"wpb-content-wrapper\"><p>[vc_section vib=&#8221;enable&#8221; background_color=&#8221;bgc-lgray&#8221; flair=&#8221;%5B%7B%22hide_mobile%22%3A%22yes%22%7D%5D&#8221;][vc_row content_placement=&#8221;middle&#8221;][vc_column width=&#8221;5\/12&#8243;][vc_column_text]<\/p>\n<h1>Tudo o que voc\u00ea necessita para proporcionar as melhores experi\u00eancias do cliente<\/h1>\n<p>[\/vc_column_text][\/vc_column][vc_column v_align=&#8221;flexend&#8221; width=&#8221;7\/12&#8243;]<div class=\"genesys-image align-center\"><a class=\"video-lightbox\" href=\"https:\/\/www.youtube.com\/embed\/m4ZcS2UriOU?rel=0\"><img decoding=\"async\" src=\"https:\/\/www.genesys.com\/media\/All-Products-Page-video-Thumbnail.jpg\" alt=\"All products page video thumbnail\" width=\"600\" height=\"338\" class=\"rounded-xs\"\/><\/a><\/div>[\/vc_column][\/vc_row][\/vc_section][vc_section flair=&#8221;%5B%7B%22flair_left%22%3A%220%22%7D%5D&#8221;][vc_row][vc_column width=&#8221;5\/6&#8243; offset=&#8221;vc_col-sm-offset-1&#8243;][vc_column_text css=&#8221;&#8221;]<\/p>\n<h2 style=\"text-align: center;\">Ferramentas melhores possibilitam conversas melhores<\/h2>\n<p style=\"text-align: center;\">Com o software certo de contact center na nuvem, fica mais f\u00e1cil proporcionar uma excelente experi\u00eancia do cliente, desde os elementos b\u00e1sicos do call center at\u00e9 as mais recentes inova\u00e7\u00f5es de CX. Com o software de contact center da Genesys, voc\u00ea obt\u00e9m as melhores e mais abrangentes fun\u00e7\u00f5es de experi\u00eancia do cliente e do colaborador, al\u00e9m de um parceiro que est\u00e1 com voc\u00ea o tempo todo.<\/p>\n<p>[\/vc_column_text][\/vc_column][\/vc_row][vc_row content_placement=&#8221;middle&#8221;][vc_column]<a class=\"component-cta-block card w-100 h-100 bgc-white centered cta-text-end \"  href=\"https:\/\/www.genesys.com\/pt-br\/genesys-cloud\" target=\"\" rel=\"\"><div class=\"row align-items-center image-hide card-body\"><div class=\"col-image col-md-5 flex-column justify-content-center img-top-container sm-offset\"><img decoding=\"async\" width=\"1440\" height=\"1088\" class=\"rounded\" src=\"https:\/\/www.genesys.com\/media\/2024-homepage-gc-product-shot-v2.png\" alt=\"A digital dashboard displaying a user's schedule, task breakdown, and performance metrics, with visual elements like progress bars and point counts. some elements feature red highlights and arrows for emphasis.\" ><\/div><div class=\"col-content col-md-7 mt-1 mt-lg-0\"><div class=\"content-container\"><h3 class=\"d-block font-roboto mb-1 text-32 text-black\">Genesys <span class=\"text-orange\">Cloud CX<\/span>\u2122<\/h3>\n<p class=\"text-22 font-weight-normal\">Escolha a solu\u00e7\u00e3o all-in-one para contact centers na nuvem<\/p>\n<p>Unifique as experi\u00eancias do cliente em todos os canais: telefone, e-mail, chat e mensagem de texto e m\u00eddias sociais. Mantenha os agentes produtivos e comprometidos, independentemente de onde estejam.<\/p>\n<\/div><div class=\" btn-container mt-2\"><div class=\"btn btn-primary\">Saiba mais<\/div><\/div><\/div><\/div><\/a>[\/vc_column][\/vc_row][vc_row content_placement=&#8221;middle&#8221;][vc_column]<a class=\"component-cta-block card w-100 h-100 bgc-white centered cta-text-end \"  href=\"\/pt-br\/genesys-cloud-ex\" target=\"\" rel=\"\"><div class=\"row align-items-center image-hide card-body\"><div class=\"col-image col-md-5 flex-column justify-content-center img-top-container sm-offset\"><img decoding=\"async\" width=\"574\" height=\"231\" class=\"rounded\" src=\"https:\/\/www.genesys.com\/media\/genesys-EX-product-image.svg\" alt=\"\" ><\/div><div class=\"col-content col-md-7 mt-1 mt-lg-0\"><div class=\"content-container\"><h3 class=\"d-block mb-1 text-32 text-black\">Genesys <span class=\"text-orange\">Cloud EX<\/span><\/h3>\n<p class=\"text-22 font-weight-normal\">Aumente a efici\u00eancia e a efic\u00e1cia dos colaboradores no contact center e al\u00e9m<\/p>\n<p>Colaboradores altamente engajados e motivados proporcionam uma melhor experi\u00eancia ao cliente. Com a solu\u00e7\u00e3o Genesys Cloud EX\u2122, voc\u00ea obt\u00e9m um \u00fanico sistema para gerenciar recursos, qualidade e conformidade, e gerenciamento de desempenho, tudo isso junto com seu DAC existente.<\/p>\n<\/div><div class=\" btn-container mt-2\"><div class=\"btn btn-primary\">Saiba mais<\/div><\/div><\/div><\/div><\/a>[\/vc_column][\/vc_row][vc_row content_placement=&#8221;middle&#8221;][vc_column]<a class=\"component-cta-block card w-100 h-100 bgc-white centered cta-text-end \"  href=\"\/pt-br\/pointillist\" target=\"\" rel=\"\"><div class=\"row align-items-center image-hide card-body\"><div class=\"col-image col-md-5 flex-column justify-content-center img-top-container sm-offset\"><img decoding=\"async\" width=\"1731\" height=\"928\" class=\"rounded\" src=\"https:\/\/www.genesys.com\/media\/Pointillist-Bill-Journey-All-Products-Thumbnail.png\" alt=\"\" ><\/div><div class=\"col-content col-md-7 mt-1 mt-lg-0\"><div class=\"content-container\"><h3 class=\"d-block font-roboto mb-1 text-32 text-black\">Pointillist<sup>\u00ae<\/sup><\/h3>\n<p class=\"text-22 font-weight-normal\">Ofere\u00e7a experi\u00eancias sem esfor\u00e7o, conectadas e personalizadas<\/p>\n<p>Me\u00e7a, monitore e orquestre as jornadas do cliente com a Pointillist Customer Journey Management Platform\u2122 para otimizar o CX e melhorar a conten\u00e7\u00e3o digital, o desempenho do contact center e muito mais.<\/p>\n<\/div><div class=\" btn-container mt-2\"><div class=\"btn btn-primary\">Saiba mais<\/div><\/div><\/div><\/div><\/a>[\/vc_column][\/vc_row][\/vc_section][vc_section flair=&#8221;%5B%5D&#8221;][vc_row equal_height=&#8221;yes&#8221;][vc_column width=&#8221;1\/3&#8243;]<a class=\"component card w-100 bgc-lgray vertical text-start nomedia   \" href=\"https:\/\/orchestrators.genesys.com\/home?product=pureconnect\" target=\"_blank\" rel=\"\" ><div class=\"card-body\"><p class=\"mb-0 h4\">Procurando o Genesys DX?<\/p>\n<\/div><div class=\"card-footer text-end\"><div class=\"btn-container \"><div class=\"small mt-0 chevron arrow arrow-primary \" href=\"#\" target=\"\" rel=\"\">Saiba mais<\/div><\/div><\/div><\/a>[\/vc_column][vc_column width=&#8221;1\/3&#8243;]<a class=\"component card w-100 bgc-lgray vertical text-start nomedia   \" href=\"https:\/\/orchestrators.genesys.com\/home?product=genesys-engage-on-prem\" target=\"_blank\" rel=\"\" ><div class=\"card-body\"><p class=\"mb-0 h4\">Procurando o Genesys Engage?<\/p>\n<\/div><div class=\"card-footer text-end\"><div class=\"btn-container \"><div class=\"small mt-0 chevron arrow arrow-primary \" href=\"#\" target=\"\" rel=\"\">Saiba mais<\/div><\/div><\/div><\/a>[\/vc_column][vc_column width=&#8221;1\/3&#8243;]<a class=\"component card w-100 bgc-lgray vertical text-start nomedia   \" href=\"https:\/\/orchestrators.genesys.com\/home?product=genesys-multicloud-cx\" target=\"_blank\" rel=\"\" ><div class=\"card-body\"><p class=\"mb-0 h4\">Procurando o Genesys Multicloud CX?<\/p>\n<\/div><div class=\"card-footer text-end\"><div class=\"btn-container \"><div class=\"small mt-0 chevron arrow arrow-primary \" href=\"#\" target=\"\" rel=\"\">Saiba mais<\/div><\/div><\/div><\/a>[\/vc_column][\/vc_row][\/vc_section]<\/p>\n<\/div>","protected":false},"excerpt":{"rendered":"<p>[vc_section vib=&#8221;enable&#8221; background_color=&#8221;bgc-lgray&#8221; flair=&#8221;%5B%7B%22hide_mobile%22%3A%22yes%22%7D%5D&#8221;][vc_row content_placement=&#8221;middle&#8221;][vc_column width=&#8221;5\/12&#8243;][vc_column_text] Tudo o que voc\u00ea necessita para proporcionar as melhores experi\u00eancias do cliente [\/vc_column_text][\/vc_column][vc_column v_align=&#8221;flexend&#8221; width=&#8221;7\/12&#8243;][\/vc_column][\/vc_row][\/vc_section][vc_section flair=&#8221;%5B%7B%22flair_left%22%3A%220%22%7D%5D&#8221;][vc_row][vc_column width=&#8221;5\/6&#8243; offset=&#8221;vc_col-sm-offset-1&#8243;][vc_column_text css=&#8221;&#8221;] Ferramentas melhores possibilitam conversas melhores Com o software certo de contact center na nuvem, fica mais f\u00e1cil proporcionar uma excelente experi\u00eancia do cliente, desde os elementos b\u00e1sicos do call center [&hellip;]<\/p>\n","protected":false},"author":1,"featured_media":0,"parent":0,"menu_order":0,"comment_status":"closed","ping_status":"closed","template":"","meta":{"_acf_changed":false,"footnotes":""},"class_list":["post-320848","page","type-page","status-publish","hentry"],"acf":[],"_links":{"self":[{"href":"https:\/\/www.genesys.com\/pt-br\/wp-json\/wp\/v2\/pages\/320848","targetHints":{"allow":["GET"]}}],"collection":[{"href":"https:\/\/www.genesys.com\/pt-br\/wp-json\/wp\/v2\/pages"}],"about":[{"href":"https:\/\/www.genesys.com\/pt-br\/wp-json\/wp\/v2\/types\/page"}],"author":[{"embeddable":true,"href":"https:\/\/www.genesys.com\/pt-br\/wp-json\/wp\/v2\/users\/1"}],"replies":[{"embeddable":true,"href":"https:\/\/www.genesys.com\/pt-br\/wp-json\/wp\/v2\/comments?post=320848"}],"version-history":[{"count":15,"href":"https:\/\/www.genesys.com\/pt-br\/wp-json\/wp\/v2\/pages\/320848\/revisions"}],"predecessor-version":[{"id":526785,"href":"https:\/\/www.genesys.com\/pt-br\/wp-json\/wp\/v2\/pages\/320848\/revisions\/526785"}],"wp:attachment":[{"href":"https:\/\/www.genesys.com\/pt-br\/wp-json\/wp\/v2\/media?parent=320848"}],"curies":[{"name":"wp","href":"https:\/\/api.w.org\/{rel}","templated":true}]}}