{"id":261139,"date":"2020-03-28T10:36:05","date_gmt":"2020-03-28T17:36:05","guid":{"rendered":"https:\/\/www.genesys.com\/?page_id=261139"},"modified":"2020-04-02T03:36:21","modified_gmt":"2020-04-02T10:36:21","slug":"remote-workers-solution","status":"publish","type":"page","link":"https:\/\/www.genesys.com\/pt-br\/emergency-response\/remote-workers-solution","title":{"rendered":"Como permitir que os agentes trabalhem nas suas casas"},"content":{"rendered":"<div class=\"wpb-content-wrapper\"><p>[vc_section css=&#8221;.vc_custom_1583521839344{background-color: #f3f3f3 !important;}&#8221;][vc_row][vc_column width=&#8221;5\/6&#8243;][vc_column_text]<\/p>\n<h1>Como permitir que os agentes trabalhem nas suas casas<\/h1>\n<p>[\/vc_column_text][\/vc_column][vc_column width=&#8221;1\/6&#8243;][\/vc_column][\/vc_row][\/vc_section][vc_row][vc_column][vc_column_text]<br \/>\n[\/vc_column_text][\/vc_column][\/vc_row][vc_section][vc_row el_class=&#8221;covid19&#8243;][vc_column][vc_column_text]<\/p>\n<p style=\"text-align: center;\">Todos fomos afetados de alguma forma pelo surto de coronav\u00edrus. Em momentos como esse, voc\u00ea deseja fazer todo o poss\u00edvel para proteger a sa\u00fade de seus funcion\u00e1rios e ajudar a conter a propaga\u00e7\u00e3o do COVID-19. Para esse fim, v\u00e1rias empresas em todo o mundo adotaram uma pol\u00edtica de trabalho em casa e queremos garantir que voc\u00ea seja informado sobre os recursos t\u00e9cnicos do seu produto Genesys que permitem trabalho remoto.<\/p>\n<p>[\/vc_column_text][\/vc_column][\/vc_row][\/vc_section][vc_row][vc_column][vc_column_text]<br \/>\n[\/vc_column_text][\/vc_column][\/vc_row][vc_section full_width=&#8221;stretch_row&#8221; css=&#8221;.vc_custom_1584032211140{background-color: #f3f3f3 !important;}&#8221;][vc_row][vc_column][vc_column_text]<\/p>\n<h2 style=\"text-align: center;\">Descri\u00e7\u00e3o da solu\u00e7\u00e3o<\/h2>\n<p>[\/vc_column_text][vc_column_text css=&#8221;.vc_custom_1584039349757{margin-bottom: 1em !important;}&#8221;]<\/p>\n<h3>Roteamento somente de voz<\/h3>\n<p>[\/vc_column_text]<div class=\"omnitable-scroll\"><div class=\"omnitable col-four plum-plain  scroll \" ><div class=\"ot-row header-row\" ><div class=\"ot-col span-1 h_left v_top\" ><p style=\"text-align: center;\"><strong class=\"no-margin\">Genesys<br \/>\n(PureEngage Premise)<\/strong><\/p>\n<\/div><div class=\"ot-col span-1 h_left v_top\" ><p style=\"text-align: center;\"><strong class=\"no-margin\">Genesys Cloud<\/strong><\/p>\n<\/div><div class=\"ot-col span-1 h_left v_top\" ><p style=\"text-align: center;\"><strong class=\"no-margin\">PureConnect Premise e Cloud<\/strong><\/p>\n<\/div><div class=\"ot-col span-1 h_left v_top\" ><p style=\"text-align: center;\"><strong class=\"no-margin\">Genesys Cloud (PureCloud)<\/strong><\/p>\n<\/div>\n<\/div><div class=\"ot-row \" ><div class=\"ot-col span-4 h_left v_top\" ><p style=\"text-align: center;\"><strong>Ativa\u00e7\u00e3o<\/strong><\/p>\n<\/div>\n<\/div><div class=\"ot-row \" ><div class=\"ot-col span-1 h_left v_top\" ><p>Recurso para trabalho remoto incorporado no Genesys<\/p>\n<\/div><div class=\"ot-col span-1 h_left v_top\" ><p>D\u00e1 suporte aos agentes dom\u00e9sticos\/remotos trabalhando a partir de qualquer local<\/p>\n<\/div><div class=\"ot-col span-1 h_left v_top\" ><p>D\u00e1 suporte aos agentes dom\u00e9sticos\/remotos trabalhando a partir de qualquer local<\/p>\n<\/div><div class=\"ot-col span-1 h_left v_top\" ><p>D\u00e1 suporte aos agentes dom\u00e9sticos\/remotos trabalhando a partir de qualquer local<\/p>\n<\/div>\n<\/div><div class=\"ot-row \" ><div class=\"ot-col span-1 h_left v_top\" ><p>Funciona com qualquer ponto de extremidade de voz incluindo PSTN (telefone IP, celular ou telefone fixo)<\/p>\n<\/div><div class=\"ot-col span-1 h_left v_top\" ><p>Funciona com qualquer terminal de voz incluindo PSTN (telefone IP, celular ou telefone fixo)<\/p>\n<\/div><div class=\"ot-col span-1 h_left v_top\" ><p>Funciona com qualquer terminal de voz incluindo PSTN (telefone IP, celular ou telefone fixo)<\/p>\n<\/div><div class=\"ot-col span-1 h_left v_top\" ><p>Funciona com qualquer terminal de voz incluindo PSTN (telefone IP, celular ou telefone fixo)<\/p>\n<\/div>\n<\/div><div class=\"ot-row \" ><div class=\"ot-col span-1 h_left v_top\" ><p>N\u00e3o \u00e9 necess\u00e1rio o software Genesys Desktop<\/p>\n<\/div><div class=\"ot-col span-1 h_left v_top\" ><p>N\u00e3o \u00e9 necess\u00e1rio o software Genesys Desktop<\/p>\n<\/div><div class=\"ot-col span-1 h_left v_top\" ><p>N\u00e3o \u00e9 necess\u00e1rio o software Genesys Desktop<\/p>\n<\/div><div class=\"ot-col span-1 h_left v_top\" ><p>N\u00e3o \u00e9 necess\u00e1rio o software Genesys Desktop<\/p>\n<\/div>\n<\/div><div class=\"ot-row \" ><div class=\"ot-col span-1 h_left v_top\" ><p>Para utilizar um terminal SIP, \u00e9 necess\u00e1rio um PC<\/p>\n<\/div><div class=\"ot-col span-1 h_left v_top\" ><p>Para utilizar um terminal SIP, \u00e9 necess\u00e1rio um PC<\/p>\n<\/div><div class=\"ot-col span-1 h_left v_top\" ><p>Para utilizar um terminal SIP, \u00e9 necess\u00e1rio um PC<\/p>\n<\/div><div class=\"ot-col span-1 h_left v_top\" ><p>Para utilizar um terminal SIP, \u00e9 necess\u00e1rio um PC<\/p>\n<\/div>\n<\/div><div class=\"ot-row \" ><div class=\"ot-col span-1 h_left v_top\" ><p>N\u00e3o s\u00e3o necess\u00e1rias licen\u00e7as adicionais da Genesys<\/p>\n<\/div><div class=\"ot-col span-1 h_left v_top\" ><p>N\u00e3o s\u00e3o necess\u00e1rias licen\u00e7as adicionais da Genesys<\/p>\n<\/div><div class=\"ot-col span-1 h_left v_top\" ><p>N\u00e3o s\u00e3o necess\u00e1rias licen\u00e7as adicionais da Genesys<\/p>\n<\/div><div class=\"ot-col span-1 h_left v_top\" ><p>N\u00e3o s\u00e3o necess\u00e1rias licen\u00e7as adicionais da Genesys<\/p>\n<\/div>\n<\/div><div class=\"ot-row \" ><div class=\"ot-col span-1 h_left v_top\" ><p>Configura\u00e7\u00e3o m\u00ednima necess\u00e1ria da Genesys<\/p>\n<\/div><div class=\"ot-col span-1 h_left v_top\" ><p>Configura\u00e7\u00e3o m\u00ednima necess\u00e1ria da Genesys<\/p>\n<\/div><div class=\"ot-col span-1 h_left v_top\" ><p>Configura\u00e7\u00e3o m\u00ednima necess\u00e1ria da Genesys<\/p>\n<\/div><div class=\"ot-col span-1 h_left v_top\" ><p>Configura\u00e7\u00e3o m\u00ednima necess\u00e1ria da Genesys<\/p>\n<\/div>\n<\/div>\n<\/div><\/div>[\/vc_column][\/vc_row][vc_row][vc_column][vc_column_text css=&#8221;.vc_custom_1584046516970{padding-bottom: 1em !important;}&#8221;]<\/p>\n<h3>Considera\u00e7\u00f5es e suposi\u00e7\u00f5es<\/h3>\n<ul>\n<li>Os colaboradores remotos devem ter um terminal de voz que possa ser usado.<\/li>\n<li>Para sistemas on-premise, os recursos de gera\u00e7\u00e3o de relat\u00f3rios s\u00e3o limitados. Para sistemas na nuvem, est\u00e3o dispon\u00edveis relat\u00f3rios completos.<\/li>\n<li>WFM e impacto da previs\u00e3o<\/li>\n<li>Para sistemas on-premise, n\u00e3o h\u00e1 acesso \u00e0 tela emergente ou aos aplicativos. Para sistemas na nuvem, a tela emergente para outras ferramentas de CRM baseadas na nuvem deveria funcionar.<\/li>\n<li>Para sistemas on-premise, h\u00e1 um custo potencial de PSTN para cada agente remoto conectado. Isso n\u00e3o se aplica a sistemas baseados na nuvem se os agentes alavancarem o WebRTC.<\/li>\n<\/ul>\n<p>[\/vc_column_text][\/vc_column][\/vc_row][\/vc_section][vc_section full_width=&#8221;stretch_row&#8221;][vc_row][vc_column][vc_column_text css=&#8221;.vc_custom_1584039361373{margin-bottom: 1em !important;padding-top: 1em !important;}&#8221;]<\/p>\n<h3>Voz e digital com tela emergente usando o recurso integrado de esta\u00e7\u00e3o\/colaborador remoto da Genesys<\/h3>\n<p>[\/vc_column_text]<div class=\"omnitable-scroll\"><div class=\"omnitable col-four plum-plain  scroll nomargin\" ><div class=\"ot-row header-row\" ><div class=\"ot-col span-1 h_left v_top\" ><p style=\"text-align: center;\"><strong class=\"no-margin\">Genesys<br \/>\n(PureEngage Premise)<\/strong><\/p>\n<\/div><div class=\"ot-col span-1 h_left v_top\" ><p style=\"text-align: center;\"><strong class=\"no-margin\">Genesys Cloud<\/strong><\/p>\n<\/div><div class=\"ot-col span-1 h_left v_top\" ><p style=\"text-align: center;\"><strong class=\"no-margin\">PureConnect Premise e Cloud<\/strong><\/p>\n<\/div><div class=\"ot-col span-1 h_left v_top\" ><p style=\"text-align: center;\"><strong class=\"no-margin\">Genesys Cloud (PureCloud)<\/strong><\/p>\n<\/div>\n<\/div><div class=\"ot-row \" ><div class=\"ot-col span-1 h_left v_top\" ><p>Requer Genesys Desktop (Workspace nas edi\u00e7\u00f5es Desktop ou Web)<\/p>\n<\/div><div class=\"ot-col span-1 h_left v_top\" ><p>Todas as funcionalidades est\u00e3o dispon\u00edveis no navegador da Web, desde que ele cumpra os requisitos m\u00ednimos do Genesys Cloud e que o agente tenha acesso \u00e0 VPN da empresa.<\/p>\n<\/div><div class=\"ot-col span-1 h_left v_top\" ><p>Os dois aplicativos do cliente s\u00e3o suportados: Interaction Desktop e Interaction Connect. A Genesys recomenda o Interaction Connect<\/p>\n<\/div><div class=\"ot-col span-1 h_left v_top\" ><p>Todas as funcionalidades s\u00e3o disponibilizadas pelo navegador da Web, desde que o navegador atenda aos requisitos m\u00ednimos para o Genesys Cloud e o agente tenha acesso \u00e0 Internet<\/p>\n<\/div>\n<\/div><div class=\"ot-row \" ><div class=\"ot-col span-1 h_left v_top\" ><p>O agente trabalhar\u00e1 do mesmo modo que no escrit\u00f3rio e ter\u00e1 acesso a uma tela emergente<\/p>\n<\/div><div class=\"ot-col span-1 h_left v_top\" ><p>Suporte para todos os canais, de voz e digitais.<\/p>\n<\/div><div class=\"ot-col span-1 h_left v_top\" ><p>Outros aplicativos do PureConnect Suite podem funcionar pela Internet (com algumas restri\u00e7\u00f5es)<\/p>\n<\/div><div class=\"ot-col span-1 h_left v_top\" ><p>Todos os canais s\u00e3o suportados, como os digitais e de voz<\/p>\n<\/div>\n<\/div><div class=\"ot-row \" ><div class=\"ot-col span-1 h_left v_top\" ><p>Dependendo da conectividade da rede, permite que os agentes trabalhem em canais digitais.<br \/>\nTodos os aplicativos est\u00e3o dispon\u00edveis via VPN e podem ser entregues por meio de sess\u00f5es de \u00e1rea de trabalho remota ou recursos de VDI (Windows Terminal Services, Citrix etc.)<\/p>\n<\/div><div class=\"ot-col span-1 h_left v_top\" ><p>A largura de banda da Internet deve ser suficiente para possibilitar uma comunica\u00e7\u00e3o de voz est\u00e1vel.<\/p>\n<\/div><div class=\"ot-col span-1 h_left v_top\" ><p>Todos os aplicativos est\u00e3o dispon\u00edveis via VPN e podem ser entregues por meio de sess\u00f5es de \u00e1rea de trabalho remota ou recursos de VDI (Windows Terminal Services, Citrix etc.)<\/p>\n<\/div><div class=\"ot-col span-1 h_left v_top\" ><p>A largura de banda da Internet deve ser suficiente para possibilitar uma comunica\u00e7\u00e3o de voz est\u00e1vel<\/p>\n<\/div>\n<\/div><div class=\"ot-row \" ><div class=\"ot-col span-1 h_left v_top\" ><p>N\u00e3o s\u00e3o necess\u00e1rias licen\u00e7as adicionais da Genesys<\/p>\n<\/div><div class=\"ot-col span-1 h_left v_top\" ><\/div><div class=\"ot-col span-1 h_left v_top\" ><p>Os agentes que trabalham apenas em canais digitais n\u00e3o precisam de um terminal de voz<\/p>\n<\/div><div class=\"ot-col span-1 h_left v_top\" ><\/div>\n<\/div><div class=\"ot-row \" ><div class=\"ot-col span-1 h_left v_top\" ><p>Relat\u00f3rios e WFM s\u00e3o totalmente funcionais<\/p>\n<\/div><div class=\"ot-col span-1 h_left v_top\" ><\/div><div class=\"ot-col span-1 h_left v_top\" ><p>Os WebSockets podem ser usados apenas para aplicativos que utilizam o Session Manager<\/p>\n<\/div><div class=\"ot-col span-1 h_left v_top\" ><\/div>\n<\/div><div class=\"ot-row \" ><div class=\"ot-col span-1 h_left v_top\" ><p>Configura\u00e7\u00e3o m\u00ednima necess\u00e1ria da Genesys<\/p>\n<\/div><div class=\"ot-col span-1 h_left v_top\" ><\/div><div class=\"ot-col span-1 h_left v_top\" ><p>WebSockets s\u00e3o suportados a partir da vers\u00e3o PureConnect 2016R3<\/p>\n<\/div><div class=\"ot-col span-1 h_left v_top\" ><\/div>\n<\/div><div class=\"ot-row \" ><div class=\"ot-col span-1 h_left v_top\" ><\/div><div class=\"ot-col span-1 h_left v_top\" ><\/div><div class=\"ot-col span-1 h_left v_top\" ><p>Outros aplicativos, como Attendant ou Administrator, podem trabalhar com VPN ou em uma sess\u00e3o de \u00e1rea de trabalho remota<\/p>\n<\/div><div class=\"ot-col span-1 h_left v_top\" ><\/div>\n<\/div><div class=\"ot-row \" ><div class=\"ot-col span-1 h_left v_top\" ><\/div><div class=\"ot-col span-1 h_left v_top\" ><\/div><div class=\"ot-col span-1 h_left v_top\" ><p>Configura\u00e7\u00e3o m\u00ednima necess\u00e1ria da Genesys<\/p>\n<\/div><div class=\"ot-col span-1 h_left v_top\" ><\/div>\n<\/div><div class=\"ot-row \" ><div class=\"ot-col span-1 h_left v_top\" ><\/div><div class=\"ot-col span-1 h_left v_top\" ><\/div><div class=\"ot-col span-1 h_left v_top\" ><p>N\u00e3o s\u00e3o necess\u00e1rias licen\u00e7as adicionais da Genesys<\/p>\n<\/div><div class=\"ot-col span-1 h_left v_top\" ><\/div>\n<\/div>\n<\/div><\/div>[\/vc_column][\/vc_row][vc_row][vc_column][vc_column_text]<\/p>\n<h3>Considera\u00e7\u00f5es e suposi\u00e7\u00f5es<\/h3>\n<ul>\n<li>Os colaboradores remotos devem ter um terminal de voz que possa ser usado.<\/li>\n<li>Os agentes devem ter acesso\/conectividade \u00e0 Internet.<\/li>\n<li>\u00c9 preciso ser capaz de acessar a rede corporativa (VPN)<\/li>\n<li>\u00c9 preciso ter largura de banda suficiente para garantir a qualidade da liga\u00e7\u00e3o<\/li>\n<li>Os sistemas on-premise requerem um ambiente VDI suportado pela Genesys com o Genesys Desktop implantado. Isso n\u00e3o se aplica a sistemas baseados na nuvem.<\/li>\n<li>Nos sistemas on-premise, deve ser instalado um telefone SIP Genesys no PC do trabalhador remoto. Nos sistemas na nuvem, os agentes podem usar o WebRTC baseado no navegador.<\/li>\n<li>O acesso \u00e0 intranet da empresa poder\u00e1 ser necess\u00e1rio para permitir a conectividade SIP e o acesso \u00e0s interfaces do usu\u00e1rio.<\/li>\n<\/ul>\n<p>[\/vc_column_text][\/vc_column][\/vc_row][\/vc_section][vc_section css=&#8221;.vc_custom_1584039065291{background-color: #f3f3f3 !important;}&#8221;][vc_row][vc_column][vc_column_text]<\/p>\n<h3>Seguran\u00e7a<\/h3>\n<p>Em todos os cen\u00e1rios, as diretrizes corporativas com rela\u00e7\u00e3o \u00e0 privacidade e conformidade com o GDPR e outros regulamentos de privacidade devem ser seguidas. Por exemplo, transa\u00e7\u00f5es seguras em um ambiente fora do escrit\u00f3rio\/n\u00e3o gerenciado, onde fatores externos s\u00e3o mais dif\u00edceis de gerenciar, como dados confidenciais do cliente discutidos por uma chamada de voz em que outras pessoas possam estar presentes.<\/p>\n<h3>Materiais de refer\u00eancia<\/h3>\n<p><strong>Genesys Cloud<\/strong><\/p>\n<ul>\n<li>Requisitos de sistema do Genesys Cloud \u0096 <a href=\"https:\/\/help.genesys.cloud\/articles\/purecloud-requirements\/\" target=\"_blank\" rel=\"noopener noreferrer\">Clique aqui<\/a><\/li>\n<li>Sobre os aplicativos (Web, computador e dispositivos m\u00f3veis) \u0096 <a href=\"https:\/\/help.genesys.cloud\/articles\/purecloud-apps\/\" target=\"_blank\" rel=\"noopener noreferrer\">Clique aqui<\/a><\/li>\n<li>Sobre os telefones \u0096 <a href=\"https:\/\/help.genesys.cloud\/articles\/about-managed-phone-configuration\/\" target=\"_blank\" rel=\"noopener noreferrer\">Clique aqui<\/a><\/li>\n<\/ul>\n<p><strong>PureConnect<\/strong><\/p>\n<ul>\n<li>Guia de instala\u00e7\u00e3o de aplicativos da Web (iConnect) \u0096\u00a0<a href=\"https:\/\/help.genesys.com\/cic\/mergedProjects\/wh_tr\/mergedProjects\/wh_tr_cic_web_apps\/desktop\/about_this_document.htm\" target=\"_blank\" rel=\"noopener noreferrer\">Clique aqui<\/a><\/li>\n<li>Aplicativos PureConnect no ambiente dos Servi\u00e7os de Terminal \u0096\u00a0<a href=\"https:\/\/help.genesys.com\/cic\/mergedProjects\/wh_tr\/mergedProjects\/wh_tr_citrix\/desktop\/introduction.htm\" target=\"_blank\" rel=\"noopener noreferrer\">Clique aqui<\/a><\/li>\n<li>Conectar aplicativos IceLib pela Internet (wss:\/\/) \u0096 <a href=\"https:\/\/help.genesys.com\/cic\/mergedProjects\/wh_tr\/mergedProjects\/wh_tr_session_mgr\/desktop\/connecting_icelib_applications_over_the_internet.htm\">Clique aqui<\/a><\/li>\n<li>Ponte SIP de intera\u00e7\u00e3o \u0096\u00a0<a href=\"https:\/\/help.genesys.com\/cic\/mergedProjects\/wh_tr\/mergedProjects\/wh_tr_sip_bridge\/desktop\/interaction_sip_bridge_installation_and_configuration_guide.htm\" target=\"_blank\" rel=\"noopener noreferrer\">Clique aqui<\/a><\/li>\n<li>Esta\u00e7\u00f5es remotas \u0096\u00a0<a href=\"https:\/\/help.genesys.com\/cic\/mergedProjects\/wh_ia\/desktop\/remote_stations_overview.htm\" target=\"_blank\" rel=\"noopener noreferrer\">Clique aqui<\/a><\/li>\n<li>Telefones IP SIP recomendado \u0096 <a href=\"https:\/\/testlab.genesys.com\/ProductsPage.aspx?ProductType=5\" target=\"_blank\" rel=\"noopener noreferrer\">Clique aqui<\/a><\/li>\n<\/ul>\n<p><strong>Genesys<\/strong><\/p>\n<ul>\n<li>Guia de implanta\u00e7\u00e3o do Genesys com Servidor SIP \u0096\u00a0<a href=\"https:\/\/docs.genesys.com\/Special:Repository\/81fr_dep-sip.pdf?id=278979454427&amp;page=Documentation\/SIPS\" target=\"_blank\" rel=\"noopener noreferrer\">Clique aqui<\/a><\/li>\n<li>Telefones IP suportados pelo Genesys \u0096 <a href=\"https:\/\/docs.genesys.com\/Documentation\/System\/latest\/SMI\/SIPSupport\" target=\"_blank\" rel=\"noopener noreferrer\">Clique aqui<\/a><\/li>\n<li>Suporte \u00e0 virtualiza\u00e7\u00e3o do Genesys \u0096\u00a0<a href=\"https:\/\/docs.genesys.com\/Documentation\/System\/latest\/SOE\/Virtualization\" target=\"_blank\" rel=\"noopener noreferrer\">Clique aqui<\/a><\/li>\n<li>Genesys WDE (incluindo ClickOnce e suporte virtual) \u0096\u00a0<a href=\"https:\/\/docs.genesys.com\/Documentation\/IW\/8.5.1\/Dep\/Welcome\" target=\"_blank\" rel=\"noopener noreferrer\">Clique aqui<\/a><\/li>\n<li>Guia de implanta\u00e7\u00e3o do Genesys WWE \u0096 Entre em contato com seu representante da Genesys<\/li>\n<\/ul>\n<p>Se tiver alguma d\u00favida sobre os assuntos acima, consulte nossas <a href=\"https:\/\/www.genesys.com\/pt-br\/emergency-response\/remote-workers-faq\">Perguntas frequentes<\/a> ou entre em contato com o servi\u00e7o de Customer Care.[\/vc_column_text][\/vc_column][\/vc_row][\/vc_section]<\/p>\n<\/div>","protected":false},"excerpt":{"rendered":"<p>[vc_section css=&#8221;.vc_custom_1583521839344{background-color: #f3f3f3 !important;}&#8221;][vc_row][vc_column width=&#8221;5\/6&#8243;][vc_column_text] Como permitir que os agentes trabalhem nas suas casas [\/vc_column_text][\/vc_column][vc_column width=&#8221;1\/6&#8243;][\/vc_column][\/vc_row][\/vc_section][vc_row][vc_column][vc_column_text] [\/vc_column_text][\/vc_column][\/vc_row][vc_section][vc_row el_class=&#8221;covid19&#8243;][vc_column][vc_column_text] Todos fomos afetados de alguma forma pelo surto de coronav\u00edrus. Em momentos como esse, voc\u00ea deseja fazer todo o poss\u00edvel para proteger a sa\u00fade de seus funcion\u00e1rios e ajudar a conter a propaga\u00e7\u00e3o do COVID-19. Para esse [&hellip;]<\/p>\n","protected":false},"author":13,"featured_media":0,"parent":252677,"menu_order":0,"comment_status":"closed","ping_status":"closed","template":"","meta":{"_acf_changed":false,"footnotes":""},"class_list":["post-261139","page","type-page","status-publish","hentry"],"acf":[],"_links":{"self":[{"href":"https:\/\/www.genesys.com\/pt-br\/wp-json\/wp\/v2\/pages\/261139","targetHints":{"allow":["GET"]}}],"collection":[{"href":"https:\/\/www.genesys.com\/pt-br\/wp-json\/wp\/v2\/pages"}],"about":[{"href":"https:\/\/www.genesys.com\/pt-br\/wp-json\/wp\/v2\/types\/page"}],"author":[{"embeddable":true,"href":"https:\/\/www.genesys.com\/pt-br\/wp-json\/wp\/v2\/users\/13"}],"replies":[{"embeddable":true,"href":"https:\/\/www.genesys.com\/pt-br\/wp-json\/wp\/v2\/comments?post=261139"}],"version-history":[{"count":5,"href":"https:\/\/www.genesys.com\/pt-br\/wp-json\/wp\/v2\/pages\/261139\/revisions"}],"predecessor-version":[{"id":265214,"href":"https:\/\/www.genesys.com\/pt-br\/wp-json\/wp\/v2\/pages\/261139\/revisions\/265214"}],"up":[{"embeddable":true,"href":"https:\/\/www.genesys.com\/pt-br\/wp-json\/wp\/v2\/pages\/252677"}],"wp:attachment":[{"href":"https:\/\/www.genesys.com\/pt-br\/wp-json\/wp\/v2\/media?parent=261139"}],"curies":[{"name":"wp","href":"https:\/\/api.w.org\/{rel}","templated":true}]}}