{"id":230072,"date":"2020-02-07T09:54:14","date_gmt":"2020-02-07T17:54:14","guid":{"rendered":"https:\/\/www.genesys.com\/?page_id=230072"},"modified":"2024-10-29T20:41:25","modified_gmt":"2024-10-30T03:41:25","slug":"cloud-platform","status":"publish","type":"page","link":"https:\/\/www.genesys.com\/pt-br\/cloud-platform","title":{"rendered":"Plataforma Genesys Cloud"},"content":{"rendered":"<div class=\"wpb-content-wrapper\"><p>[vc_section full_width=&#8221;stretch_row&#8221; css=&#8221;.vc_custom_1559764311930{background: #ffffff url(https:\/\/www.genesys.com\/media\/d470dff8-hero-banner.jpg?id=150857) !important;background-position: center !important;background-repeat: no-repeat !important;background-size: cover !important;}&#8221;][vc_row equal_height=&#8221;yes&#8221; content_placement=&#8221;middle&#8221; r_advbg_min_height=&#8221;345px&#8221; r_advbg_height=&#8221;20vw&#8221; r_advbg_max_height=&#8221;1000px&#8221;][vc_column width=&#8221;2\/3&#8243;][vc_single_image image=&#8221;319286&#8243; css=&#8221;.vc_custom_1559764455812{margin-bottom: 1em !important;}&#8221; si_max_width=&#8221;480px&#8221;][vc_column_text]<\/p>\n<h1>Descubra a maneira incrivelmente f\u00e1cil de oferecer aos seus clientes o que realmente importa<\/h1>\n<p>[\/vc_column_text][\/vc_column][vc_column width=&#8221;1\/3&#8243;][\/vc_column][\/vc_row][\/vc_section][vc_section full_width=&#8221;stretch_row&#8221; el_class=&#8221;cta-bar&#8221; css=&#8221;.vc_custom_1522458207688{padding-top: 0px !important;padding-bottom: 0px !important;}&#8221;][vc_row full_width=&#8221;stretch_row&#8221; css=&#8221;.vc_custom_1522458201976{padding-top: 0px !important;padding-bottom: 0px<br \/>\n!important;}&#8221;][vc_column][\/vc_column][\/vc_row][\/vc_section][vc_section full_width=&#8221;stretch_row&#8221;][vc_row][vc_column][vc_column_text css=&#8221;.vc_custom_1578707474372{margin-bottom: -4rem !important;padding-top: 4rem !important;}&#8221;]<\/p>\n<h2 style=\"text-align: center;\">Uma plataforma para oferecer experi\u00eancias mais conectadas e significativas<\/h2>\n<p>[\/vc_column_text][\/vc_column][\/vc_row][vc_row][vc_column]<div class=\"section-content\" data-swidth=\"stretch\" data-bg-posx=\"center\" data-bg-posy=\"center\" data-text-theme=\"theme-light\"><div class=\"text-col\"><div class=\"content-container\"><div class=\"section-item format-content-b2 has-image\" ><div class=\"text-col\"><h2><\/h2><h4 class=\"no-top-margin\">Use as mais recentes inova\u00e7\u00f5es digitais e de IA agora mesmo<\/h4>\n<p>Voc\u00ea ter\u00e1 r\u00e1pido acesso \u00e0s novas funcionalidades, incluindo as mais recentes inova\u00e7\u00f5es nas jornadas de clientes e colaboradores acionadas por IA.<\/p>\n<h4>Simplifique sua pilha de tecnologia para obter agilidade operacional e da<br \/>\nplataforma<\/h4>\n<p>Voc\u00ea ter\u00e1 os melhores e mais abrangentes recursos de experi\u00eancia do cliente e dos colaboradores em uma \u00fanica plataforma de tecnologia aberta.<\/p>\n<h4>Aproveite a tranquilidade de uma plataforma SaaS moderna criada para oferecer seguran\u00e7a e resili\u00eancia<\/h4>\n<p>Voc\u00ea ter\u00e1 uma arquitetura baseada em microsservi\u00e7os e multilocat\u00e1rio na qual poder\u00e1 confiar, al\u00e9m da escalabilidade, flexibilidade e seguran\u00e7a que voc\u00ea necessita.<\/p>\n<\/div><div class=\"media-col image-wide type-image\"><img decoding=\"async\" width=\"1106\" height=\"628\" src=\"https:\/\/www.genesys.com\/media\/1803b34e-animated-stylized_screenshot_05.gif\" alt=\"video thumbnail\" \/><\/div><\/div>\n<\/div><\/div><\/div>[\/vc_column][\/vc_row][\/vc_section][vc_section full_width=&#8221;stretch_row&#8221; css=&#8221;.vc_custom_1559764802197{background-color: #f3f3f3 !important;}&#8221;][vc_row][vc_column]<div class=\"section-grid has-title has-desc\" data-swidth=\"stretch\" data-column=\"grid-2x2\" data-format=\"grid-d\" data-cards=\"bgc-clear\" data-shadow=\"\" data-bg-posx=\"center\" data-bg-posy=\"center\" data-text-theme=\"theme-light\"><div class=\"text-col\"><h3>Uma arquitetura de nuvem escal\u00e1vel na qual voc\u00ea pode confiar<\/h3><p>Voc\u00ea pode contar com a melhor plataforma de nuvem do setor: a Genesys Cloud. Passamos mais de dez anos refinando e testando nossa filosofia de desenvolvimento e arquitetura de plataforma. Isso significa que voc\u00ea obt\u00e9m uma plataforma testada e validada para a batalha. Cada servi\u00e7o na plataforma Genesys Cloud \u00e9 criado de acordo com os mais altos padr\u00f5es, assim voc\u00ea tem certeza de:<\/p><\/div><div class=\"grid-container\" ><div class=\"grid-box grid-item has-image\" data-col-span=\"colspan1\" data-row-span=\"rowspan1\"><div class=\"box-media image-wide\"><img decoding=\"async\" width=\"80\" height=\"70\" src=\"https:\/\/www.genesys.com\/media\/fffd62b4-architecture-1.svg\"  alt=\"Architecture 1\" \/><\/div><div class=\"box-content\"><p>Ela \u00e9 multilocat\u00e1ria, usa microsservi\u00e7os e tem uma arquitetura de eventos com implementa\u00e7\u00e3o cont\u00ednua para garantir elasticidade, escalabilidade e efici\u00eancia.<\/p>\n<\/div><\/div><div class=\"grid-box grid-item has-image\" data-col-span=\"colspan1\" data-row-span=\"rowspan1\"><div class=\"box-media image-tall\"><img decoding=\"async\" width=\"65\" height=\"70\" src=\"https:\/\/www.genesys.com\/media\/bc09d563-architecture-2.svg\"  alt=\"Architecture 2\" \/><\/div><div class=\"box-content\"><p>Passou por uma s\u00e9rie de testes abrangentes e automatizados de integra\u00e7\u00e3o e unidade para verificar o desempenho dos componentes individuais e como eles funcionam juntos.<\/p>\n<\/div><\/div><div class=\"grid-box grid-item has-image\" data-col-span=\"colspan1\" data-row-span=\"rowspan1\"><div class=\"box-media image-wide\"><img decoding=\"async\" width=\"80\" height=\"60\" src=\"https:\/\/www.genesys.com\/media\/0f9cc059-architecture-3.svg\"  alt=\"Architecture 3\" \/><\/div><div class=\"box-content\"><p>Ela tem uma camada de dados inteligente e APIs p\u00fablicas para possibilitar novas conex\u00f5es entre aplicativos, de modo que voc\u00ea possa integrar sistemas essenciais e criar solu\u00e7\u00f5es personalizadas.<\/p>\n<\/div><\/div><div class=\"grid-box grid-item has-image\" data-col-span=\"colspan1\" data-row-span=\"rowspan1\"><div class=\"box-media image-tall\"><img decoding=\"async\" width=\"64\" height=\"67\" src=\"https:\/\/www.genesys.com\/media\/56fee7da-architecture-4.svg\"  alt=\"Architecture 4\" \/><\/div><div class=\"box-content\"><p>Ela tem autentica\u00e7\u00e3o e atende \u00e0s nossas especifica\u00e7\u00f5es de seguran\u00e7a para garantir a prote\u00e7\u00e3o das informa\u00e7\u00f5es de clientes e a conformidade com os padr\u00f5es de seguran\u00e7a.<\/p>\n<\/div><\/div>\n<\/div><\/div>[\/vc_column][\/vc_row][\/vc_section][vc_section full_width=&#8221;stretch_row&#8221;][vc_row][vc_column]<div class=\"section-content\" data-swidth=\"stretch\" data-bg-posx=\"center\" data-bg-posy=\"center\" data-text-theme=\"theme-light\"><div class=\"text-col\"><div class=\"content-container\"><div class=\"section-item format-content-a2 has-title has-image\" ><div class=\"text-col\"><h3>Uma plataforma segura que<br \/>\nproporciona a voc\u00ea noites de sono tranquilas<\/h3><p>Know that your data is safe. Our dedicated team of security and privacy experts works hard to keep you protected from threats. The Genesys Cloud platform maintains strong encryption, logical isolation, stringent multi-tenant security standards and key industry certifications, so you can comply with regulations \u2014 no matter your industry or location.<\/p>\n<\/div><div class=\"media-col image-wide type-image\"><img decoding=\"async\" width=\"1106\" height=\"628\" src=\"https:\/\/www.genesys.com\/media\/93625403-animated-stylized_screenshot_07.gif\" alt=\"video thumbnail\" \/><\/div><\/div>\n<\/div><\/div><\/div>[\/vc_column][\/vc_row][\/vc_section][vc_section full_width=&#8221;stretch_row&#8221; css=&#8221;.vc_custom_1559764802197{background-color: #f3f3f3 !important;}&#8221;][vc_row][vc_column]<div class=\"section-grid has-title has-desc\" data-swidth=\"stretch\" data-column=\"grid-1x1\" data-format=\"grid-d\" data-cards=\"bgc-clear\" data-shadow=\"\" data-bg-posx=\"center\" data-bg-posy=\"center\" data-text-theme=\"theme-light\"><div class=\"text-col\"><h3>Uma plataforma aberta facilita a personaliza\u00e7\u00e3o<\/h3><p>Conecte perfeitamente seus dados, processos e sistemas ou crie uma solu\u00e7\u00e3o desenvolvida internamente. Use as ferramentas robustas que fornecemos para criar com base na plataforma Genesys Cloud.<\/p><\/div><div class=\"grid-container\" ><div class=\"grid-box grid-item has-title has-image\" data-col-span=\"colspan1\" data-row-span=\"rowspan1\"><div class=\"box-media image-square\"><img decoding=\"async\" width=\"81\" height=\"81\" src=\"https:\/\/www.genesys.com\/media\/0b3344e9-open-platform-1.svg\"  alt=\"Open platform 1\" \/><\/div><div class=\"box-content\"><h4 class=\"text-18 font-weight-bold\">Navegue pelo nosso portal de aplicativos<\/h4><p>Mais de 280 integra\u00e7\u00f5es prontas para o uso, complementos e plug-ins facilitam a conex\u00e3o dos produtos da Genesys baseados na nuvem com outros sistemas de miss\u00e3o cr\u00edtica, como sistemas de CRM, programas de RH, gest\u00e3o da for\u00e7a de trabalho, ferramentas de Business Intelligence, IA de terceiros e muito mais.<br \/>\n<a href=\"https:\/\/appfoundry.genesys.com\/\" target=\" _blank\" rel=\"noopener noreferrer\">Explore o portal &gt;<\/a><\/p>\n<\/div><\/div><div class=\"grid-box grid-item has-title has-image\" data-col-span=\"colspan1\" data-row-span=\"rowspan1\"><div class=\"box-media image-square\"><img decoding=\"async\" width=\"81\" height=\"81\" src=\"https:\/\/www.genesys.com\/media\/1e81f9d8-open-platform-2.svg\"  alt=\"Open platform 2\" \/><\/div><div class=\"box-content\"><h4 class=\"text-18 font-weight-bold\">Plataforma aberta para criar qualquer coisa com APIs abertas<\/h4><p>Voc\u00ea pode criar quase tudo, em qualquer linguagem de programa\u00e7\u00e3o, usando a mesma API REST p\u00fablica totalmente protegida e controlada por vers\u00e3o que os desenvolvedores da Genesys usam. Esta plataforma de nuvem nativa com origem na API lida com mais de 5 bilh\u00f5es de solicita\u00e7\u00f5es de API por m\u00eas e pode ser dimensionada com perfei\u00e7\u00e3o \u00e0 medida que<br \/>\no volume aumenta.<\/p>\n<\/div><\/div><div class=\"grid-box grid-item has-title has-image\" data-col-span=\"colspan1\" data-row-span=\"rowspan1\"><div class=\"box-media image-tall\"><img decoding=\"async\" width=\"75\" height=\"80\" src=\"https:\/\/www.genesys.com\/media\/d9545c9f-open-platform-3.svg\"  alt=\"Open platform 3\" \/><\/div><div class=\"box-content\"><h4 class=\"text-18 font-weight-bold\">Consulte nossos recursos para desenvolvedores<\/h4><p>Visite o nosso centro de recursos on-line repleto de tutoriais, documenta\u00e7\u00e3o e artigos de conhecimento para come\u00e7ar. Nossos SDKs, APIs e projetos de c\u00f3digo aberto abrangentes e organizados s\u00e3o continuamente atualizados, e nossa comunidade p\u00fablica de desenvolvedores est\u00e1 ansiosa para ajudar.<br \/>\n<a href=\"https:\/\/developer.mypurecloud.com\/\" target=\" _blank\" rel=\"noopener noreferrer\">Explore nossa comunidade de desenvolvedores &gt;<\/a><\/p>\n<\/div><\/div>\n<\/div><\/div>[\/vc_column][\/vc_row][\/vc_section][vc_section full_width=&#8221;stretch_row&#8221; disable_element=&#8221;yes&#8221;][vc_row][vc_column el_class=&#8221;center-this&#8221;]<div class=\"section-grid has-title has-desc\" data-swidth=\"stretch\" data-column=\"grid-2x2\" data-format=\"grid-b\" data-cards=\"bgc-clear\" data-shadow=\"\" id=\"center-this\" data-bg-posx=\"center\" data-bg-posy=\"center\" data-text-theme=\"theme-light\"><div class=\"text-col\"><h3>Uma plataforma. Duas poderosas op\u00e7\u00f5es de SaaS.<\/h3><p>Suas necessidades s\u00e3o exclusivas, por isso, oferecemos op\u00e7\u00f5es a voc\u00ea. Nossos dois produtos de SaaS essenciais foram criados na plataforma Genesys Cloud. Deixe-nos ajud\u00e1-lo a escolher a melhor op\u00e7\u00e3o para atingir suas metas.<\/p><\/div><div class=\"grid-container\" ><div class=\"grid-box grid-item has-cta has-image\" data-col-span=\"colspan1\" data-row-span=\"rowspan1\"><div class=\"box-media image-wide\"><img decoding=\"async\" width=\"228\" height=\"183\" src=\"https:\/\/www.genesys.com\/media\/genesys-cloud-logo-1.png\"  alt=\"Genesys cloud logo\" \/><\/div><div class=\"box-content\"><p>Constru\u00eddo para pessoas e preparado para mudan\u00e7as, o aplicativo para contact centers Genesys Cloud foi criado para oferecer facilidade de uso e simplifica\u00e7\u00e3o e velocidade radicais. Ele foi o primeiro aplicativo de experi\u00eancia do cliente a usar uma arquitetura de microsservi\u00e7os com origem na API para oferecer escalabilidade, confiabilidade e flexibilidade inigual\u00e1veis a todas as equipes.<\/p>\n<div class=\"box-cta cta-btn\"><a role=\"button\" class=\"arrow arrow-primary\" href=\"https:\/\/www.genesys.com\/platform\/purecloud\" target=\"\" rel=\"\">Saiba mais<\/a><\/div><\/div><\/div><div class=\"grid-box grid-item has-cta has-image\" data-col-span=\"colspan1\" data-row-span=\"rowspan1\"><div class=\"box-media image-wide\"><img decoding=\"async\" width=\"164\" height=\"158\" src=\"https:\/\/www.genesys.com\/media\/027bd7cd-pureengage-logo.svg\"  alt=\"Pureengage logo\" \/><\/div><div class=\"box-content\"><p>Desenvolvido com base em 30 anos de inova\u00e7\u00e3o na experi\u00eancia do cliente, o Genesys foi criado para as maiores e mais sofisticadas marcas. Ele fornece o mecanismo de roteamento mais poderoso do planeta e conecta voc\u00ea \u00e0s principais inova\u00e7\u00f5es em IA, tecnologias digitais e experi\u00eancia de colaboradores por meio da Genesys Cloud.<\/p>\n<div class=\"box-cta cta-btn\"><a role=\"button\" class=\"arrow arrow-primary\" href=\"https:\/\/www.genesys.com\/platform\/pureengage\" target=\"\" rel=\"\">Saiba mais<\/a><\/div><\/div><\/div>\n<\/div><\/div>[\/vc_column][\/vc_row][\/vc_section][vc_section full_width=&#8221;stretch_row&#8221;][vc_row equal_height=&#8221;yes&#8221; content_placement=&#8221;middle&#8221;][vc_column width=&#8221;2\/3&#8243;][vc_single_image image=&#8221;467735&#8243;][\/vc_column][vc_column width=&#8221;1\/3&#8243;][vc_single_image image=&#8221;383077&#8243; css=&#8221;.vc_custom_1678731874024{margin-bottom: 1rem !important;}&#8221; si_max_width=&#8221;70px&#8221;][vc_column_text]<\/p>\n<h2 class=\"font-swb\">Regi\u00f5es Globais<\/h2>\n<p>A plataforma Genesys Cloud \u00e9 projetada para fornecer cobertura geogr\u00e1fica m\u00e1xima para empresas em todo o mundo.[\/vc_column_text]<div class=\"btn-container   vc_custom_1717539701828\"><a role=\"button\"  class=\"btn btn-primary\" href=\"\/pt-br\/capabilities\/global-availability\" target=\"\" rel=\"\">Veja as Regi\u00f5es<\/a><\/div>[\/vc_column][\/vc_row][\/vc_section][vc_section g_section_text=&#8221;white&#8221; full_width=&#8221;stretch_row&#8221; css=&#8221;.vc_custom_1559766806411{background-image: url(https:\/\/www.genesys.com\/media\/75db4a64-gradient-background.svg?id=150848) !important;}&#8221;][vc_row][vc_column el_class=&#8221;cta-fix&#8221;]<div class=\"section-content\" data-swidth=\"stretch\" data-bg-posx=\"center\" data-bg-posy=\"center\" data-text-theme=\"theme-light\"><div class=\"text-col\"><div class=\"content-container\"><div class=\"section-item format-content-a1 has-title has-sub_title has-cta has-image\" ><div class=\"text-col\"><h3>N\u00e3o confie apenas na nossa palavra.<\/h3><p>Obtenha insights de analistas e usu\u00e1rios reais do Genesys Cloud.<\/p><a class=\"btn btn-primary pl-2 pr-2 rounded-pill\" href=\"https:\/\/www.genesys.com\/campaign\/analysts-and-users-agree-genesys-cloud-is-a-leading-contact-center-platform\" target=\"\" rel=\"\">Veja como nos sa\u00edmos<\/a><\/div><div class=\"media-col image-wide type-image\"><img decoding=\"async\" width=\"880\" height=\"724\" src=\"https:\/\/www.genesys.com\/media\/fe6090eb-process_artboard-1@4x_white.png\" alt=\"video thumbnail\" \/><\/div><\/div>\n<\/div><\/div><\/div>[\/vc_column][\/vc_row][\/vc_section]<\/p>\n<\/div>","protected":false},"excerpt":{"rendered":"<p>[vc_section full_width=&#8221;stretch_row&#8221; css=&#8221;.vc_custom_1559764311930{background: #ffffff url(https:\/\/www.genesys.com\/media\/d470dff8-hero-banner.jpg?id=150857) !important;background-position: center !important;background-repeat: no-repeat !important;background-size: cover !important;}&#8221;][vc_row equal_height=&#8221;yes&#8221; content_placement=&#8221;middle&#8221; r_advbg_min_height=&#8221;345px&#8221; r_advbg_height=&#8221;20vw&#8221; r_advbg_max_height=&#8221;1000px&#8221;][vc_column width=&#8221;2\/3&#8243;][vc_single_image image=&#8221;319286&#8243; css=&#8221;.vc_custom_1559764455812{margin-bottom: 1em !important;}&#8221; si_max_width=&#8221;480px&#8221;][vc_column_text] Descubra a maneira incrivelmente f\u00e1cil de oferecer aos seus clientes o que realmente importa [\/vc_column_text][\/vc_column][vc_column width=&#8221;1\/3&#8243;][\/vc_column][\/vc_row][\/vc_section][vc_section full_width=&#8221;stretch_row&#8221; el_class=&#8221;cta-bar&#8221; css=&#8221;.vc_custom_1522458207688{padding-top: 0px !important;padding-bottom: 0px !important;}&#8221;][vc_row full_width=&#8221;stretch_row&#8221; css=&#8221;.vc_custom_1522458201976{padding-top: 0px !important;padding-bottom: 0px !important;}&#8221;][vc_column][\/vc_column][\/vc_row][\/vc_section][vc_section full_width=&#8221;stretch_row&#8221;][vc_row][vc_column][vc_column_text css=&#8221;.vc_custom_1578707474372{margin-bottom: -4rem [&hellip;]<\/p>\n","protected":false},"author":1,"featured_media":0,"parent":0,"menu_order":0,"comment_status":"closed","ping_status":"closed","template":"","meta":{"_acf_changed":false,"footnotes":""},"class_list":["post-230072","page","type-page","status-publish","hentry"],"acf":[],"_links":{"self":[{"href":"https:\/\/www.genesys.com\/pt-br\/wp-json\/wp\/v2\/pages\/230072","targetHints":{"allow":["GET"]}}],"collection":[{"href":"https:\/\/www.genesys.com\/pt-br\/wp-json\/wp\/v2\/pages"}],"about":[{"href":"https:\/\/www.genesys.com\/pt-br\/wp-json\/wp\/v2\/types\/page"}],"author":[{"embeddable":true,"href":"https:\/\/www.genesys.com\/pt-br\/wp-json\/wp\/v2\/users\/1"}],"replies":[{"embeddable":true,"href":"https:\/\/www.genesys.com\/pt-br\/wp-json\/wp\/v2\/comments?post=230072"}],"version-history":[{"count":14,"href":"https:\/\/www.genesys.com\/pt-br\/wp-json\/wp\/v2\/pages\/230072\/revisions"}],"predecessor-version":[{"id":544414,"href":"https:\/\/www.genesys.com\/pt-br\/wp-json\/wp\/v2\/pages\/230072\/revisions\/544414"}],"wp:attachment":[{"href":"https:\/\/www.genesys.com\/pt-br\/wp-json\/wp\/v2\/media?parent=230072"}],"curies":[{"name":"wp","href":"https:\/\/api.w.org\/{rel}","templated":true}]}}