{"id":230065,"date":"2020-02-07T09:46:17","date_gmt":"2020-02-07T17:46:17","guid":{"rendered":"https:\/\/www.genesys.com\/?page_id=230065"},"modified":"2025-07-23T00:52:40","modified_gmt":"2025-07-23T07:52:40","slug":"genesys-cloud","status":"publish","type":"page","link":"https:\/\/www.genesys.com\/pt-br\/genesys-cloud","title":{"rendered":"Genesys Cloud CX"},"content":{"rendered":"<div class=\"wpb-content-wrapper\"><p>[vc_section background_color=&#8221;bgc-lgray&#8221; full_width=&#8221;stretch_row&#8221; flair=&#8221;%5B%5D&#8221; vib=&#8221;enable&#8221; css=&#8221;.vc_custom_1729185748658{background-position: center !important;background-repeat: no-repeat !important;background-size: cover !important;}&#8221;][vc_row content_placement=&#8221;middle&#8221;][vc_column width=&#8221;1\/2&#8243; el_class=&#8221;img-offset-right&#8221;][vc_column_text css=&#8221;&#8221;]<\/p>\n<h1 class=\"mb-2\">Genesys Cloud CX<\/h1>\n<p class=\"text-22 font-weight-regular mb-2\">O Genesys Cloud CX orquestra as experi\u00eancias em todas as intera\u00e7\u00f5es com clientes e colaboradores<\/p>\n<p>[\/vc_column_text]<div class=\"btn-container   vc_custom_1747111375505\"><a role=\"button\"  class=\"btn btn-primary\" href=\"\/pt-br\/campaign\/genesys-cloud-guided-tour\" target=\"\" rel=\"\">Fa\u00e7a o tour<\/a><a role=\"button\"  class=\"btn btn-ff-primary chevron\" href=\"\/pt-br\/resources\/get-to-know-genesys-cloud-cx\" target=\"\" rel=\"\">Assista \u00e0 demonstra\u00e7\u00e3o<\/a><\/div>[\/vc_column][vc_column width=&#8221;1\/2&#8243;]<div class=\"genesys-image align-right play-button\"><a class=\"video-lightbox\" href=\"https:\/\/www.youtube.com\/embed\/18rNQO8A9Nw\"><img decoding=\"async\" src=\"https:\/\/www.genesys.com\/media\/Genesys-Cloud-Hero-Video-Thumbnail-threads.png\" alt=\"Genesys cloud hero video thumbnail threads\" width=\"823\" height=\"480\" class=\"rounded-xs\"\/><div class=\"video-backdrop\"><\/div><div class=\"play-btn bgc-white rounded d-flex align-items-center justify-content-center\"><div class=\"play-icon d-flex align-items-center justify-content-center\"><i class=\"fa-kit fa-play\"><\/i><\/div><div class=\"play-label ms-1\"><p class=\"mb-0 play-title\">Genesys Cloud CX<\/p><\/div><\/div><\/a><\/div>[\/vc_column][\/vc_row][\/vc_section][vc_section background_color=&#8221;bgc-lgray&#8221; full_width=&#8221;stretch_row&#8221; flair=&#8221;%5B%5D&#8221; vib=&#8221;enable&#8221; css=&#8221;.vc_custom_1729185748658{background-position: center !important;background-repeat: no-repeat !important;background-size: cover !important;}&#8221;][vc_row content_placement=&#8221;middle&#8221;][vc_column offset=&#8221;vc_col-md-offset-3 vc_col-md-6&#8243;][vc_column_text css=&#8221;&#8221;]<\/p>\n<h2 class=\"h3\" style=\"text-align: center;\">Promova experi\u00eancias personalizadas completas e em escala<\/h2>\n<p style=\"text-align: center;\">O Genesys Cloud CX<sup>\u00ae<\/sup> \u00e9 uma das principais solu\u00e7\u00f5es de orquestra\u00e7\u00e3o de experi\u00eancias impulsionada por IA. Com ela, voc\u00ea pode coordenar cada etapa da experi\u00eancia dos seus clientes e colaboradores ao moldar jornadas para momentos importantes.<\/p>\n<p style=\"text-align: center;\">Com a confian\u00e7a de empresas de todos os tamanhos em mais de 100 pa\u00edses, o Genesys Cloud CX \u00e9 uma solu\u00e7\u00e3o l\u00edder em experi\u00eancia do cliente e do colaborador. Ele permite aumentar a fidelidade do cliente e a reten\u00e7\u00e3o de colaboradores com IA em todos os lugares, proporcionando engagement omnichannel, roteamento inteligente, engagement da for\u00e7a de trabalho integrado, gest\u00e3o de jornadas completas e muito mais. Use uma \u00fanica plataforma para proporcionar experi\u00eancias mais conectadas e significativas. Cada cliente. Cada intera\u00e7\u00e3o. Sempre.<\/p>\n<p>[\/vc_column_text][\/vc_column][\/vc_row][vc_row content_placement=&#8221;middle&#8221;][vc_column offset=&#8221;vc_col-md-offset-1 vc_col-md-10&#8243;]<div class=\"genesys-image align-center play-button\"><a class=\"video-lightbox\" href=\"https:\/\/www.youtube.com\/embed\/quM_4nkB-MI\"><img decoding=\"async\" src=\"https:\/\/www.genesys.com\/media\/genesys-cloud-cx-platform-overview-2025.jpg\" alt=\"Genesys cloud cx platform overview 2025\" width=\"1330\" height=\"720\" class=\"rounded-xs\"\/><div class=\"video-backdrop\"><\/div><div class=\"play-btn bgc-white rounded d-flex align-items-center justify-content-center\"><div class=\"play-icon d-flex align-items-center justify-content-center\"><i class=\"fa-kit fa-play\"><\/i><\/div><div class=\"play-label ms-1\"><p class=\"mb-0 play-title\">Vis\u00e3o geral da solu\u00e7\u00e3o<\/p><\/div><\/div><\/a><\/div>[\/vc_column][\/vc_row][vc_row equal_height=&#8221;yes&#8221;][vc_column width=&#8221;1\/3&#8243;][vc_single_image image=&#8221;567918&#8243; css=&#8221;.vc_custom_1744840181720{padding-bottom: 2rem !important;}&#8221; si_max_width=&#8221;64px&#8221;][vc_column_text css=&#8221;&#8221;]<\/p>\n<h3 class=\"h5\">Com IA<\/h3>\n<p>Gra\u00e7as \u00e0 IA nativa, obtenha insights profundos sobre clientes e colaboradores: antecipe necessidades, identifique tend\u00eancias e tome decis\u00f5es orientadas por dados.[\/vc_column_text][\/vc_column][vc_column width=&#8221;1\/3&#8243;][vc_single_image image=&#8221;567917&#8243; css=&#8221;.vc_custom_1744840187547{padding-bottom: 2rem !important;}&#8221; si_max_width=&#8221;64px&#8221;][vc_column_text css=&#8221;&#8221;]<\/p>\n<h3 class=\"h5\">Nascido na nuvem<\/h3>\n<p>Com uma plataforma de nuvem aberta e nativa que prioriza as APIs, garanta a agilidade, a escalabilidade e as inova\u00e7\u00f5es de que voc\u00ea necessita para ter sucesso.[\/vc_column_text][\/vc_column][vc_column width=&#8221;1\/3&#8243;][vc_single_image image=&#8221;567916&#8243; css=&#8221;.vc_custom_1744840192859{padding-bottom: 2rem !important;}&#8221; si_max_width=&#8221;64px&#8221;][vc_column_text css=&#8221;&#8221;]<\/p>\n<h3 class=\"h5\">Plataforma abrangente<\/h3>\n<p>Combine o engagement do cliente e o engagement da for\u00e7a de trabalho com os recursos de gest\u00e3o das jornadas em uma plataforma unificada.[\/vc_column_text][\/vc_column][\/vc_row][\/vc_section][vc_section background_color=&#8221;bgc-white&#8221; flair=&#8221;%5B%7B%22flair_type%22%3A%22f_type_image%22%2C%22hide_mobile%22%3A%22yes%22%7D%5D&#8221; css=&#8221;.vc_custom_1744914341665{background-image: url(https:\/\/www.genesys.com\/media\/genesys-cloud-cx-bg-wave-2025.png?id=567907) !important;background-position: center !important;background-repeat: no-repeat !important;background-size: cover !important;}&#8221; el_class=&#8221;bg-cover bg-center bg-norepeat&#8221;][vc_row r_gutter_size=&#8221;gutter-small&#8221; background_color=&#8221;bgc-glass&#8221; equal_height=&#8221;yes&#8221; el_class=&#8221;py-3 px-1 px-lg-3 rounded mt-0&#8243;][vc_column offset=&#8221;vc_col-md-6&#8243;][vc_column_text css=&#8221;&#8221;]<\/p>\n<h2>Todas as ferramentas que voc\u00ea necessita em um \u00fanico lugar<\/h2>\n<p>Orquestre cada experi\u00eancia com recursos completos de voz, digitais, IA, an\u00e1lise de jornadas, engagement com o cliente e gest\u00e3o da for\u00e7a de trabalho, tudo em uma \u00fanica plataforma. [\/vc_column_text][\/vc_column][vc_column v_align=&#8221;flexend&#8221; elemental_order=&#8221;order-5&#8243; offset=&#8221;vc_col-md-offset-1 vc_col-md-5&#8243;]<div class=\"btn-container justify-content-lg-end justify-content-center\"><a role=\"button\"  class=\"btn chevron btn-secondary\" href=\"\/pt-br\/capabilities\" target=\"\" rel=\"\">Visualizar todas as fun\u00e7\u00f5es<\/a><\/div>[\/vc_column][vc_column width=&#8221;1\/3&#8243;]<a class=\"component card w-100 bgc-glass vertical text-start nomedia  chevron-only  \" href=\"\/pt-br\/capabilities\/call-center-software\" target=\"\" rel=\"\" ><div class=\"card-body\"><p class=\"h5\">Software de contact center<\/p>\n<p>Molde as experi\u00eancias do cliente e do colaborador para os momentos mais importantes.<\/p>\n<\/div><div class=\"card-footer text-end\"><div class=\"btn-container justify-content-end\"><div class=\"small mt-0 chevron btn btn-secondary  only\"><\/div><\/div><\/div><\/a>[\/vc_column][vc_column width=&#8221;1\/3&#8243;]<a class=\"component card w-100 bgc-glass vertical text-start nomedia  chevron-only  \" href=\"\/pt-br\/capabilities\/digital\" target=\"\" rel=\"\" ><div class=\"card-body\"><p class=\"h5\">Canais digitais<\/p>\n<p>Otimize, conecte e personalize experi\u00eancias em todos os canais.<\/p>\n<\/div><div class=\"card-footer text-end\"><div class=\"btn-container justify-content-end\"><div class=\"small mt-0 chevron btn btn-secondary  only\"><\/div><\/div><\/div><\/a>[\/vc_column][vc_column width=&#8221;1\/3&#8243;]<a class=\"component card w-100 bgc-glass vertical text-start nomedia  chevron-only  \" href=\"\/pt-br\/capabilities\/ai-and-automation\" target=\"\" rel=\"\" ><div class=\"card-body\"><p class=\"h5\">IA e automa\u00e7\u00e3o<\/p>\n<p>Potencialize experi\u00eancias personalizadas, obtenha insights profundos sobre os clientes e muito mais.<\/p>\n<\/div><div class=\"card-footer text-end\"><div class=\"btn-container justify-content-end\"><div class=\"small mt-0 chevron btn btn-secondary  only\"><\/div><\/div><\/div><\/a>[\/vc_column][vc_column width=&#8221;1\/3&#8243;]<a class=\"component card w-100 bgc-glass vertical text-start nomedia  chevron-only  \" href=\"\/pt-br\/capabilities\/wem-workforce-engagement-management\" target=\"\" rel=\"\" ><div class=\"card-body\"><p class=\"h5\">Gest\u00e3o do engagement da for\u00e7a de trabalho<\/p>\n<p>Aumente o valor e a satisfa\u00e7\u00e3o dos colaboradores enquanto simplifica a gest\u00e3o.<\/p>\n<\/div><div class=\"card-footer text-end\"><div class=\"btn-container justify-content-end\"><div class=\"small mt-0 chevron btn btn-secondary  only\"><\/div><\/div><\/div><\/a>[\/vc_column][vc_column width=&#8221;1\/3&#8243;]<a class=\"component card w-100 bgc-glass vertical text-start nomedia  chevron-only  \" href=\"\/pt-br\/capabilities\/customer-journey-management\" target=\"\" rel=\"\" ><div class=\"card-body\"><p class=\"h5\">Gest\u00e3o da jornada do cliente<\/p>\n<p>Unifique todos os dados, descubra insights e organize jornadas conectadas.<\/p>\n<\/div><div class=\"card-footer text-end\"><div class=\"btn-container justify-content-end\"><div class=\"small mt-0 chevron btn btn-secondary  only\"><\/div><\/div><\/div><\/a>[\/vc_column][vc_column width=&#8221;1\/3&#8243;]<a class=\"component card w-100 bgc-glass vertical text-start nomedia  chevron-only  \" href=\"\/pt-br\/capabilities\/cloud-architecture-and-open-platform\" target=\"\" rel=\"\" ><div class=\"card-body\"><p class=\"h5\">Arquitetura de nuvem e plataforma aberta<\/p>\n<p>Unifique sua pilha de tecnologia com uma \u00fanica arquitetura na nuvem que abrange todas as funcionalidades.<\/p>\n<\/div><div class=\"card-footer text-end\"><div class=\"btn-container justify-content-end\"><div class=\"small mt-0 chevron btn btn-secondary  only\"><\/div><\/div><\/div><\/a>[\/vc_column][\/vc_row][\/vc_section][vc_section full_width=&#8221;stretch_row&#8221;][vc_row content_placement=&#8221;middle&#8221;][vc_column offset=&#8221;vc_col-md-6&#8243;][vc_column_text css=&#8221;&#8221;]<\/p>\n<h3>Modernize seu contact center com um l\u00edder em CCaaS<\/h3>\n<p>O Genesys Cloud CX oferece uma aut\u00eantica orquestra\u00e7\u00e3o de experi\u00eancias com IA<\/p>\n<p>[\/vc_column_text][\/vc_column][\/vc_row][vc_row r_gutter_size=&#8221;gutter-small&#8221; equal_height=&#8221;yes&#8221;][vc_column width=&#8221;1\/2&#8243;][vc_single_image image=&#8221;567927&#8243; css=&#8221;&#8221; rounded_corners=&#8221;rounded-xs&#8221; si_max_width=&#8221;540px&#8221;][\/vc_column][vc_column width=&#8221;1\/2&#8243;][vc_column_text ct_style=&#8221;list-block&#8221; css=&#8221;&#8221;]<\/p>\n<h4 class=\"h5\">Uma solu\u00e7\u00e3o vers\u00e1til e abrangente<\/h4>\n<p>Genesys Cloud CX \u00e9 uma solu\u00e7\u00e3o moderna e nativa da nuvem que oferece escalabilidade incompar\u00e1vel, interfaces f\u00e1ceis de usar e prontas para implantar, uma \u00fanica ferramenta para criar fluxos de orquestra\u00e7\u00e3o e uma plataforma de dados de eventos para gerenciamento de ciclo de vida de dados em v\u00e1rios est\u00e1gios.[\/vc_column_text][vc_column_text ct_style=&#8221;list-block&#8221; css=&#8221;&#8221;]<\/p>\n<h4 class=\"h5\">Seguro. Resiliente. Regulamentado.<\/h4>\n<p>A plataforma Genesys Cloud\u2122 supera os padr\u00f5es de seguran\u00e7a modernos com testes de penetra\u00e7\u00e3o externa, automa\u00e7\u00e3o de defesa contra ataques e criptografia TLS e AES-256. Voc\u00ea pode confiar em que todos os dados permanecem privados, n\u00e3o importa o que aconte\u00e7a.[\/vc_column_text][vc_column_text ct_style=&#8221;list-block&#8221; css=&#8221;&#8221;]<\/p>\n<h4 class=\"h5\">Pre\u00e7os flex\u00edveis para atender \u00e0s suas necessidades<\/h4>\n<p>Adquira apenas os recursos de que voc\u00ea necessita. Reduzir ou expandir \u00e9 f\u00e1cil. Com a Genesys, voc\u00ea investe em um parceiro comprovado e em um produto vision\u00e1rio.[\/vc_column_text][\/vc_column][\/vc_row][\/vc_section][vc_section background_color=&#8221;bgc-lgray&#8221; flair=&#8221;%5B%7B%22flair_type%22%3A%22f_type_image%22%2C%22hide_mobile%22%3A%22yes%22%7D%5D&#8221; css=&#8221;.vc_custom_1744842979224{background-position: center !important;background-repeat: no-repeat !important;background-size: cover !important;}&#8221;][vc_row][vc_column offset=&#8221;vc_col-md-5&#8243;][vc_column_text css=&#8221;&#8221;]<\/p>\n<h2 class=\"h3\">Transforme as experi\u00eancias do cliente e dos colaboradores com o Genesys Cloud CX<\/h2>\n<p>Veja como os especialistas em gerenciamento de cr\u00e9dito da Lowell Norway geraram resultados a partir da unifica\u00e7\u00e3o das comunica\u00e7\u00f5es inbound, outbound, URA, e-mail e chat em um \u00fanico desktop de agente.[\/vc_column_text][\/vc_column][vc_column v_align=&#8221;flexend&#8221; offset=&#8221;vc_col-md-offset-1 vc_col-md-6&#8243;]<div class=\"btn-container justify-content-lg-end justify-content-center\"><a role=\"button\"  class=\"btn chevron btn-secondary\" href=\"\/customer-stories\/lowell-norway\" target=\"\" rel=\"\">Leia o estudo de caso<\/a><\/div>[\/vc_column][vc_column width=&#8221;1\/3&#8243;][vc_column_text ct_style=&#8221;stat&#8221; css=&#8221;&#8221;]<\/p>\n<h3 class=\"h2\">94%<\/h3>\n<p>de taxas m\u00e9dias de resposta[\/vc_column_text][\/vc_column][vc_column width=&#8221;1\/3&#8243;][vc_column_text ct_style=&#8221;stat&#8221; css=&#8221;&#8221;]<\/p>\n<h3 class=\"h2\">90%<\/h3>\n<p>de resolu\u00e7\u00e3o na primeira chamada[\/vc_column_text][\/vc_column][vc_column width=&#8221;1\/3&#8243;][vc_column_text ct_style=&#8221;stat&#8221; css=&#8221;&#8221;]<\/p>\n<h3 class=\"h2\">20%<\/h3>\n<p>de aumento na produtividade dos agentes[\/vc_column_text][\/vc_column][\/vc_row][\/vc_section][vc_section background_color=&#8221;bgc-lgray&#8221; flair=&#8221;%5B%7B%22flair_type%22%3A%22f_type_image%22%2C%22hide_mobile%22%3A%22yes%22%7D%5D&#8221;][vc_row][vc_column offset=&#8221;vc_col-md-5&#8243;][vc_column_text css=&#8221;&#8221;]<\/p>\n<h3>Veja por que os clientes adoram o Genesys Cloud CX<\/h3>\n<p>[\/vc_column_text][\/vc_column][vc_column offset=&#8221;vc_col-md-offset-1 vc_col-md-6&#8243;]<div class=\"btn-container justify-content-lg-end justify-content-center\"><a role=\"button\"  class=\"btn chevron btn-secondary\" href=\"\/pt-br\/customer-stories\" target=\"\" rel=\"\">Leias todas as hist\u00f3rias<\/a><\/div>[\/vc_column][vc_column]<div class=\"component-customer-carousel default-layout single-customer\" data-current-active=\"0\" data-layout=\"default\" data-count=\"1\"><div class=\"carousel-main-row\"><div class=\"carousel-content-col\"><div class=\"customer-content active\" data-href=\"500890\" data-index=\"0\"><a class=\"content-row w-100 bgc-glass\" tabindex=\"-1\" href=\"https:\/\/www.genesys.com\/pt-br\/customer-stories\/adapthealth\"><div class=\"customer-image-col\"><img decoding=\"async\" class=\"header-image\" alt=\"Attentive pensioner looking at screen of tablet\" src=\"https:\/\/www.genesys.com\/media\/AdaptHealth_hero.jpg\" width=\"626\" height=\"352\"><\/div><div class=\"customer-quote-col\"><img decoding=\"async\" class=\"company-logo\" alt=\"Adapthealthx250\" src=\"https:\/\/www.genesys.com\/media\/AdaptHealthx250.png\"  width=\"250\" height=\"37\"><p class=\"quote-content mb-2 quote-size-xl\">\u201cA plataforma Genesys Cloud \u00e9 muito intuitiva; n\u00f3s literalmente treinamos a equipe \u00e0 tarde e implantamos no dia seguinte.\u201d<\/p><p class=\"customer-name text-18 font-weight-bold mb-0\">Bill Lewis<\/p><p class=\"customer-title\">Diretor S\u00eanior, Engenharia de Infraestrutura e Seguran\u00e7a, AdaptHealth<\/p><div class=\"btn-container\"><div class=\"btn btn-secondary small\">Leia mais<\/div><\/div><\/div><\/a><\/div><\/div><\/div><\/div>[\/vc_column][\/vc_row][\/vc_section][vc_section flair=&#8221;%5B%7B%22flair_type%22%3A%22f_type_image%22%2C%22hide_mobile%22%3A%22yes%22%7D%5D&#8221; css=&#8221;.vc_custom_1744845135924{background-position: center !important;background-repeat: no-repeat !important;background-size: cover !important;}&#8221;][vc_row r_gutter_size=&#8221;gutter-small&#8221; content_placement=&#8221;middle&#8221;][vc_column][vc_column_text css=&#8221;.vc_custom_1744845242136{padding-bottom: 2rem !important;}&#8221;]<\/p>\n<h2 class=\"h3\">Veja o que h\u00e1 de novo na Genesys<\/h2>\n<p>[\/vc_column_text]<a class=\"component-cta-block card w-100 h-100 bgc-lgray centered cta-text-end \"  href=\"\/resources\/genesys-cloud-cx-architecture-and-open-platform\/\" target=\"\" rel=\"\"><div class=\"row align-items-center image-stack cta-tiny-padding chevron-only card-body nospace\"><div class=\"col-image col-md-4 flex-column justify-content-center img-top-container no-offset\"><img decoding=\"async\" width=\"820\" height=\"464\" class=\"rounded\" src=\"https:\/\/www.genesys.com\/media\/cloud-architecture-2025-thumbnail.jpg\" alt=\"\" ><\/div><div class=\"col-content col-md-8 mt-1 mt-lg-0\"><div class=\"content-container\"><p class=\"assettag\">Relat\u00f3rio<\/p>\n<h3 class=\"h4\">Arquitetura e plataforma aberta do Genesys Cloud<\/h3>\n<\/div><div class=\"justify-content-end btn-container mt-2\"><div class=\"btn chevron small only btn-secondary\"><\/div><\/div><\/div><\/div><\/a>[\/vc_column][vc_column width=&#8221;1\/3&#8243;]<a class=\"component card w-100 bgc-lgray vertical text-start thumbnail  chevron-only  \" href=\"\/pt-br\/resources\/contact-center-buyers-guide\" target=\"\" rel=\"\" ><div class=\"thumbnail-col   thumbnail\"><img decoding=\"async\" width=\"820\" height=\"464\" class=\"card-img-top thumbnail\" src=\"https:\/\/www.genesys.com\/media\/contact-centers-buyers-guide-2025-thumbnail.jpg\" alt=\"contact-centers-buyers-guide-2025-thumbnail\" ><\/div><div class=\"card-body\"><p class=\"assettag\">Guia<\/p>\n<h4 class=\"h6\">Guia do comprador de contact center<\/h4>\n<\/div><div class=\"card-footer text-end\"><div class=\"btn-container justify-content-end\"><div class=\"small mt-0 chevron btn btn-secondary  only\"><\/div><\/div><\/div><\/a>[\/vc_column][vc_column width=&#8221;1\/3&#8243;]<a class=\"component card w-100 bgc-lgray vertical text-start thumbnail  chevron-only  \" href=\"\/pt-br\/resources\/five-trendsetters-in-ai-innovation\" target=\"\" rel=\"\" ><div class=\"thumbnail-col   thumbnail\"><img decoding=\"async\" width=\"820\" height=\"464\" class=\"card-img-top thumbnail\" src=\"https:\/\/www.genesys.com\/media\/five-trendsetters-2025-thumbnail.jpg\" alt=\"five-trendsetters-2025-thumbnail\" ><\/div><div class=\"card-body\"><p class=\"assettag\">e-Book<\/p>\n<h4 class=\"h6\">Cinco criadores de tend\u00eancias em inova\u00e7\u00e3o de IA<\/h4>\n<\/div><div class=\"card-footer text-end\"><div class=\"btn-container justify-content-end\"><div class=\"small mt-0 chevron btn btn-secondary  only\"><\/div><\/div><\/div><\/a>[\/vc_column][vc_column width=&#8221;1\/3&#8243;]<a class=\"component card w-100 bgc-lgray vertical text-start thumbnail  chevron-only  \" href=\"\/resources\/genesys-prescriptive-migration-simplfies-migration-to-the-cloud\" target=\"\" rel=\"\" ><div class=\"thumbnail-col   thumbnail\"><img decoding=\"async\" width=\"820\" height=\"464\" class=\"card-img-top thumbnail\" src=\"https:\/\/www.genesys.com\/media\/genesys-prescriptive-migration-2025-thumbnail.jpg\" alt=\"genesys-prescriptive-migration-2025-thumbnail\" ><\/div><div class=\"card-body\"><p class=\"assettag\">e-Book<\/p>\n<h4 class=\"h6\">Migra\u00e7\u00e3o prescritiva da Genesys<\/h4>\n<\/div><div class=\"card-footer text-end\"><div class=\"btn-container justify-content-end\"><div class=\"small mt-0 chevron btn btn-secondary  only\"><\/div><\/div><\/div><\/a>[\/vc_column][\/vc_row][\/vc_section][vc_section flair=&#8221;%5B%7B%22hide_mobile%22%3A%22yes%22%7D%5D&#8221; css=&#8221;.vc_custom_1714436749712{background-position: center !important;background-repeat: no-repeat !important;background-size: cover !important;}&#8221;][vc_row content_placement=&#8221;middle&#8221; el_class=&#8221;forced-modern&#8221;][vc_column]<a class=\"component-cta-block card w-100 h-100 bgc-glass centered cta-text-start  vc_custom_1744846593872\" role=\"button\" data-bs-toggle=\"modal\" aria-haspopup=\"true\" data-target=\"#getStartedBox\"  style=\"--ob-bg-mobile:url();\"  href=\"#getStartedBox\" target=\"\" rel=\"\"><div class=\"row align-items-center image-stack card-body\"><div class=\"col-content col-md-5\"><div class=\"content-container\"><h2 class=\"h3\">Explore tudo o que voc\u00ea pode fazer com a Genesys Cloud CX<\/h2>\n<p>Solicite uma demo e descubra como o Genesys Cloud CX pode ajudar voc\u00ea a orquestrar uma experi\u00eancia completa que ajuda os clientes e colaboradores a atingirem seus objetivos mais rapidamente e gera os resultados comerciais que voc\u00ea procura.<\/p>\n<\/div><div class=\" btn-container mt-2\"><div class=\"btn btn-primary\">Come\u00e7ar agora<\/div><\/div><\/div><\/div><\/a><style type='text\/css'>\r .forced-modern .component-cta-block .card-body { padding: 1rem 2.5rem; } .forced-modern a { background-position: right !important; background-size: cover !important; }\r <\/style>[\/vc_column][\/vc_row][\/vc_section]<\/p>\n<\/div>","protected":false},"excerpt":{"rendered":"<p>[vc_section background_color=&#8221;bgc-lgray&#8221; full_width=&#8221;stretch_row&#8221; flair=&#8221;%5B%5D&#8221; vib=&#8221;enable&#8221; css=&#8221;.vc_custom_1729185748658{background-position: center !important;background-repeat: no-repeat !important;background-size: cover !important;}&#8221;][vc_row content_placement=&#8221;middle&#8221;][vc_column width=&#8221;1\/2&#8243; el_class=&#8221;img-offset-right&#8221;][vc_column_text css=&#8221;&#8221;] Genesys Cloud CX O Genesys Cloud CX orquestra as experi\u00eancias em todas as intera\u00e7\u00f5es com clientes e colaboradores [\/vc_column_text][\/vc_column][vc_column width=&#8221;1\/2&#8243;][\/vc_column][\/vc_row][\/vc_section][vc_section background_color=&#8221;bgc-lgray&#8221; full_width=&#8221;stretch_row&#8221; flair=&#8221;%5B%5D&#8221; vib=&#8221;enable&#8221; css=&#8221;.vc_custom_1729185748658{background-position: center !important;background-repeat: no-repeat !important;background-size: cover !important;}&#8221;][vc_row content_placement=&#8221;middle&#8221;][vc_column offset=&#8221;vc_col-md-offset-3 vc_col-md-6&#8243;][vc_column_text css=&#8221;&#8221;] Promova experi\u00eancias personalizadas completas [&hellip;]<\/p>\n","protected":false},"author":13,"featured_media":503675,"parent":0,"menu_order":0,"comment_status":"closed","ping_status":"closed","template":"","meta":{"_acf_changed":false,"footnotes":""},"class_list":["post-230065","page","type-page","status-publish","has-post-thumbnail","hentry"],"acf":[],"_links":{"self":[{"href":"https:\/\/www.genesys.com\/pt-br\/wp-json\/wp\/v2\/pages\/230065","targetHints":{"allow":["GET"]}}],"collection":[{"href":"https:\/\/www.genesys.com\/pt-br\/wp-json\/wp\/v2\/pages"}],"about":[{"href":"https:\/\/www.genesys.com\/pt-br\/wp-json\/wp\/v2\/types\/page"}],"author":[{"embeddable":true,"href":"https:\/\/www.genesys.com\/pt-br\/wp-json\/wp\/v2\/users\/13"}],"replies":[{"embeddable":true,"href":"https:\/\/www.genesys.com\/pt-br\/wp-json\/wp\/v2\/comments?post=230065"}],"version-history":[{"count":25,"href":"https:\/\/www.genesys.com\/pt-br\/wp-json\/wp\/v2\/pages\/230065\/revisions"}],"predecessor-version":[{"id":584775,"href":"https:\/\/www.genesys.com\/pt-br\/wp-json\/wp\/v2\/pages\/230065\/revisions\/584775"}],"wp:featuredmedia":[{"embeddable":true,"href":"https:\/\/www.genesys.com\/pt-br\/wp-json\/wp\/v2\/media\/503675"}],"wp:attachment":[{"href":"https:\/\/www.genesys.com\/pt-br\/wp-json\/wp\/v2\/media?parent=230065"}],"curies":[{"name":"wp","href":"https:\/\/api.w.org\/{rel}","templated":true}]}}