{"id":106284,"date":"2017-11-29T21:34:21","date_gmt":"2017-11-29T21:34:21","guid":{"rendered":"https:\/\/www.genesys.com\/login"},"modified":"2025-09-16T13:14:51","modified_gmt":"2025-09-16T20:14:51","slug":"login","status":"publish","type":"page","link":"https:\/\/www.genesys.com\/pt-br\/login","title":{"rendered":"Genesys Login"},"content":{"rendered":"<div class=\"wpb-content-wrapper\"><p>[vc_section sec_modern_width=&#8221;enable&#8221; background_color=&#8221;bgc-lgray&#8221; flair=&#8221;%5B%7B%22flair_type%22%3A%22f_type_image%22%2C%22hide_mobile%22%3A%22yes%22%7D%5D&#8221;][vc_row][vc_column][vc_column_text css=&#8221;&#8221;]<\/p>\n<h1>Login<\/h1>\n<p>[\/vc_column_text][\/vc_column][\/vc_row][\/vc_section][vc_section full_width=&#8221;stretch_row&#8221;][vc_row][vc_column width=&#8221;2\/3&#8243;][vc_column_text css=&#8221;&#8221;]<\/p>\n<h2>Cloud Product Login<\/h2>\n<p>O portal Genesys Cloud Product Login permite que voc\u00ea fa\u00e7a login em qualquer um dos produtos na nuvem da Genesys: CX Builder, EchoSystem Manager, Engage: Account Manager, Engage: Enterprise Manager, Insight, Mobile Messaging Manager, Mobile Site Builder e Social Analytics.[\/vc_column_text]<div class=\"btn-container  \"><a role=\"button\"  class=\"btn btn-primary\" href=\"https:\/\/login.mypurecloud.com\/\" target=\"_blank\" rel=\"noopener\">Log in to your product<\/a><a role=\"button\"  class=\"btn btn-ff-primary chevron\" href=\"https:\/\/genesys.my.site.com\/customercare\/GenesysCommunityLogin\" target=\"_blank\" rel=\"noopener\">Support portal<\/a><\/div>[\/vc_column][\/vc_row][vc_row][vc_column width=&#8221;2\/3&#8243;][vc_column_text css=&#8221;&#8221;]<\/p>\n<h3>Genesys Knowledge Network<\/h3>\n<p>Este \u00e9 o seu ponto de acesso all-in-one para proporcionar uma melhor experi\u00eancia do cliente. Navegue at\u00e9 a biblioteca de informa\u00e7\u00e3o e discuss\u00f5es espec\u00edficas de produtos no site p\u00fablico, ou fa\u00e7a login com suas credenciais de in\u00edcio de sess\u00e3o \u00fanico (SSO) para obter uma experi\u00eancia personalizada completa. Todos os contatos de clientes e parceiros designados da Genesys podem fazer login.[\/vc_column_text]<div class=\"btn-container  \"><a role=\"button\"  class=\"btn btn-primary\" href=\"http:\/\/orchestrators.genesys.com\/\" target=\"\" rel=\"\">Go to Genesys Knowledge Network<\/a><\/div>[\/vc_column][\/vc_row][\/vc_section]<\/p>\n<\/div>","protected":false},"excerpt":{"rendered":"<p>[vc_section sec_modern_width=&#8221;enable&#8221; background_color=&#8221;bgc-lgray&#8221; flair=&#8221;%5B%7B%22flair_type%22%3A%22f_type_image%22%2C%22hide_mobile%22%3A%22yes%22%7D%5D&#8221;][vc_row][vc_column][vc_column_text css=&#8221;&#8221;] Login [\/vc_column_text][\/vc_column][\/vc_row][\/vc_section][vc_section full_width=&#8221;stretch_row&#8221;][vc_row][vc_column width=&#8221;2\/3&#8243;][vc_column_text css=&#8221;&#8221;] Cloud Product Login O portal Genesys Cloud Product Login permite que voc\u00ea fa\u00e7a login em qualquer um dos produtos na nuvem da Genesys: CX Builder, EchoSystem Manager, Engage: Account Manager, Engage: Enterprise Manager, Insight, Mobile Messaging Manager, Mobile Site Builder e Social Analytics.[\/vc_column_text][\/vc_column][\/vc_row][vc_row][vc_column width=&#8221;2\/3&#8243;][vc_column_text css=&#8221;&#8221;] [&hellip;]<\/p>\n","protected":false},"author":1,"featured_media":0,"parent":0,"menu_order":9,"comment_status":"closed","ping_status":"closed","template":"","meta":{"_acf_changed":false,"footnotes":""},"class_list":["post-106284","page","type-page","status-publish","hentry"],"acf":[],"_links":{"self":[{"href":"https:\/\/www.genesys.com\/pt-br\/wp-json\/wp\/v2\/pages\/106284","targetHints":{"allow":["GET"]}}],"collection":[{"href":"https:\/\/www.genesys.com\/pt-br\/wp-json\/wp\/v2\/pages"}],"about":[{"href":"https:\/\/www.genesys.com\/pt-br\/wp-json\/wp\/v2\/types\/page"}],"author":[{"embeddable":true,"href":"https:\/\/www.genesys.com\/pt-br\/wp-json\/wp\/v2\/users\/1"}],"replies":[{"embeddable":true,"href":"https:\/\/www.genesys.com\/pt-br\/wp-json\/wp\/v2\/comments?post=106284"}],"version-history":[{"count":8,"href":"https:\/\/www.genesys.com\/pt-br\/wp-json\/wp\/v2\/pages\/106284\/revisions"}],"predecessor-version":[{"id":593870,"href":"https:\/\/www.genesys.com\/pt-br\/wp-json\/wp\/v2\/pages\/106284\/revisions\/593870"}],"wp:attachment":[{"href":"https:\/\/www.genesys.com\/pt-br\/wp-json\/wp\/v2\/media?parent=106284"}],"curies":[{"name":"wp","href":"https:\/\/api.w.org\/{rel}","templated":true}]}}