{"id":106180,"date":"2017-11-29T21:34:07","date_gmt":"2017-11-29T21:34:07","guid":{"rendered":"https:\/\/www.genesys.com\/company"},"modified":"2026-01-08T21:44:55","modified_gmt":"2026-01-09T05:44:55","slug":"company","status":"publish","type":"page","link":"https:\/\/www.genesys.com\/pt-br\/company","title":{"rendered":"Empresa"},"content":{"rendered":"<div class=\"wpb-content-wrapper\"><p>[vc_section sec_modern_width=&#8221;enable&#8221; background_color=&#8221;bgc-lgray&#8221; flair=&#8221;%5B%7B%22flair_type%22%3A%22f_type_image%22%2C%22flair_image%22%3A%22561577%22%2C%22flair_width%22%3A%221220px%22%2C%22flair_right%22%3A%22-10%25%22%2C%22flair_bottom%22%3A%220%22%7D%5D&#8221; vib=&#8221;enable&#8221;][vc_row content_placement=&#8221;middle&#8221;][vc_column background_color=&#8221;bgc-glass&#8221; width=&#8221;2\/3&#8243; el_class=&#8221;px-md-3 py-md-5&#8243; offset=&#8221;vc_col-md-5&#8243;][vc_column_text css=&#8221;&#8221;]<\/p>\n<h1>Sobre a Genesys<\/h1>\n<p>A Genesys empodera mais de 8.000 organiza\u00e7\u00f5es em mais de 100 pa\u00edses, oferecendo o futuro da experi\u00eancia do cliente para que elas possam proporcionar experi\u00eancias emp\u00e1ticas e personalizadas em escala.[\/vc_column_text][\/vc_column][\/vc_row][\/vc_section][vc_section background_color=&#8221;bgc-lgray&#8221; flair=&#8221;%5B%7B%22flair_type%22%3A%22f_type_image%22%2C%22hide_mobile%22%3A%22yes%22%7D%5D&#8221; el_class=&#8221;mt-2 mt-lg-5&#8243;][vc_row][vc_column width=&#8221;1\/2&#8243;][vc_column_text css=&#8221;&#8221;]<\/p>\n<h2>Quem somos<\/h2>\n<p>Com a nossa inovadora plataforma de orquestra\u00e7\u00e3o de experi\u00eancias com IA, empoderamos empresas de todos os tamanhos para fortalecer a fidelidade dos seus clientes e melhorar os resultados comerciais criando as melhores experi\u00eancias para clientes e colaboradores.[\/vc_column_text][\/vc_column][\/vc_row][vc_row r_gutter_size=&#8221;gutter-small&#8221; r_scrollable=&#8221;yes&#8221; equal_height=&#8221;yes&#8221;][vc_column width=&#8221;1\/3&#8243;]<a class=\"component card w-100 bgc-glass vertical text-start nomedia   \" href=\"\/company\/leadership\" target=\"\" rel=\"\" ><div class=\"card-body\"><h3 class=\"h5\">Lideran\u00e7a<\/h3>\n<p>Nossa lideran\u00e7a combina experi\u00eancia no setor com uma vis\u00e3o de tecnologia orientada pela empatia. Por meio de insights estrat\u00e9gicos e um foco nos clientes, nossos l\u00edderes impulsionam a Genesys para oferecer valor e resultados excepcionais.<\/p>\n<\/div><div class=\"card-footer text-end\"><div class=\"btn-container \"><div class=\"small mt-0 chevron arrow arrow-primary \" href=\"#\" target=\"\" rel=\"\">Saiba mais<\/div><\/div><\/div><\/a>[\/vc_column][vc_column width=&#8221;1\/3&#8243;]<a class=\"component card w-100 bgc-glass vertical text-start nomedia   \" href=\"\/pt-br\/company\/sustainability\" target=\"\" rel=\"\" ><div class=\"card-body\"><h3 class=\"h5\">Sustentabilidade<\/h3>\n<p>A sustentabilidade \u00e9 fundamental para a nossa miss\u00e3o, e n\u00f3s nos esfor\u00e7amos constantemente para reduzir o nosso impacto ambiental global. Na Genesys, nos dedicamos a pr\u00e1ticas comerciais respons\u00e1veis, desde opera\u00e7\u00f5es di\u00e1rias at\u00e9 metas de sustentabilidade mais amplas.<\/p>\n<\/div><div class=\"card-footer text-end\"><div class=\"btn-container \"><div class=\"small mt-0 chevron arrow arrow-primary \" href=\"#\" target=\"\" rel=\"\">Saiba mais<\/div><\/div><\/div><\/a>[\/vc_column][vc_column width=&#8221;1\/3&#8243;]<a class=\"component card w-100 bgc-glass vertical text-start nomedia   \" href=\"\/pt-br\/company\/newsroom\/awards-and-recognitions\" target=\"\" rel=\"\" ><div class=\"card-body\"><h3 class=\"h5\">Pr\u00eamios e reconhecimento<\/h3>\n<p>Por mais de tr\u00eas d\u00e9cadas, nossa dedica\u00e7\u00e3o em oferecer experi\u00eancias transformadoras e significativas nos conquistou in\u00fameros pr\u00eamios em experi\u00eancia do cliente, lideran\u00e7a em IA e engagement do colaborador em todo o setor.<\/p>\n<\/div><div class=\"card-footer text-end\"><div class=\"btn-container \"><div class=\"small mt-0 chevron arrow arrow-primary \" href=\"#\" target=\"\" rel=\"\">Saiba mais<\/div><\/div><\/div><\/a>[\/vc_column][\/vc_row][\/vc_section][vc_section][vc_row][vc_column width=&#8221;1\/2&#8243;][vc_column_text css=&#8221;&#8221;]<\/p>\n<h2>O que fazemos<\/h2>\n<p>Na Genesys, entregamos IA para a economia da experi\u00eancia por meio de solu\u00e7\u00f5es avan\u00e7adas, servi\u00e7os especializados e parcerias estrat\u00e9gicas que ajudam as organiza\u00e7\u00f5es a orquestrar intera\u00e7\u00f5es mais inteligentes em escala.[\/vc_column_text][\/vc_column][\/vc_row][vc_row][vc_column width=&#8221;1\/2&#8243;]<div class=\"genesys-image align-center play-button\"><a class=\"video-lightbox\" href=\"https:\/\/www.youtube.com\/embed\/ZOjhUNiFvGA?rel=0\"><img decoding=\"async\" src=\"https:\/\/www.genesys.com\/media\/genesys-experience-economy-video.png\" alt=\"Genesys experience economy video\" width=\"824\" height=\"600\" class=\"rounded-xs\"\/><div class=\"video-backdrop\"><\/div><div class=\"play-btn bgc-white rounded d-flex align-items-center justify-content-center\"><div class=\"play-icon d-flex align-items-center justify-content-center\"><i class=\"fa-kit fa-play\"><\/i><\/div><div class=\"play-label ms-1\"><p class=\"mb-0 play-title\">Play<\/p><\/div><\/div><\/a><\/div>[\/vc_column][vc_column width=&#8221;1\/2&#8243;]<a class=\"component card w-100 bgc-lgray vertical text-start nomedia  chevron-only  \" href=\"\/pt-br\/genesys-cloud\" target=\"\" rel=\"\" ><div class=\"card-body\"><h3 class=\"h4\">Solu\u00e7\u00f5es<\/h3>\n<p>Oferecemos solu\u00e7\u00f5es com IA que permitem experi\u00eancias personalizadas em todos os pontos de contato. Dos contact centers \u00e0 IA conversacional, nossas solu\u00e7\u00f5es ajudam a garantir que cada intera\u00e7\u00e3o seja perfeita e atenda \u00e0s necessidades reais do cliente.<\/p>\n<\/div><div class=\"card-footer text-end\"><div class=\"btn-container justify-content-end\"><div class=\"small mt-0 chevron btn btn-secondary  only\"><\/div><\/div><\/div><\/a><a class=\"component card w-100 bgc-lgray vertical text-start nomedia  chevron-only  \" href=\"\/pt-br\/customer-success\/professional-services\" target=\"\" rel=\"\" ><div class=\"card-body\"><h3 class=\"h4\">Servi\u00e7os<\/h3>\n<p>Nossos servi\u00e7os profissionais oferecem suporte \u00e0s empresas em todas as etapas, desde a integra\u00e7\u00e3o e o treinamento at\u00e9 a consultoria estrat\u00e9gica. Nossos especialistas t\u00e9cnicos e estrat\u00e9gicos ajudam as equipes a otimizar as experi\u00eancias e usar nossas ferramentas para alcan\u00e7ar um sucesso mensur\u00e1vel.<\/p>\n<\/div><div class=\"card-footer text-end\"><div class=\"btn-container justify-content-end\"><div class=\"small mt-0 chevron btn btn-secondary  only\"><\/div><\/div><\/div><\/a><a class=\"component card w-100 bgc-lgray vertical text-start nomedia  chevron-only  \" href=\"\/pt-br\/partners\" target=\"\" rel=\"\" ><div class=\"card-body\"><h3 class=\"h4\">Parcerias<\/h3>\n<p>Nossa rede global de parceiros combina a experi\u00eancia da Genesys com uma ampla variedade de parceiros l\u00edderes de tecnologia. Juntos, trabalhamos para criar experi\u00eancias ricas e personalizadas que proporcionam valor aos nossos clientes, em todos os setores e em todo o mundo.<\/p>\n<\/div><div class=\"card-footer text-end\"><div class=\"btn-container justify-content-end\"><div class=\"small mt-0 chevron btn btn-secondary  only\"><\/div><\/div><\/div><\/a>[\/vc_column][\/vc_row][\/vc_section][vc_section][vc_row][vc_column width=&#8221;1\/2&#8243;][vc_column_text css=&#8221;&#8221;]<\/p>\n<h2>Nossos colaboradores est\u00e3o no centro de tudo o que fazemos<\/h2>\n<p>[\/vc_column_text][\/vc_column][\/vc_row][vc_row r_scrollable=&#8221;yes&#8221; equal_height=&#8221;yes&#8221;][vc_column width=&#8221;1\/3&#8243;]<a class=\"component card w-100 bgc-lgray vertical text-start nomedia  chevron-only  \" href=\"\/pt-br\/company\/careers\" target=\"\" rel=\"\" ><div class=\"card-body\"><h3>Carreiras<\/h3>\n<p>Ajude a definir o futuro da experi\u00eancia do cliente. Junte-se a uma equipe diversa que acredita na sinceridade, na divers\u00e3o e no trabalho colaborativo.<\/p>\n<\/div><div class=\"card-footer text-end\"><div class=\"btn-container justify-content-end\"><div class=\"small mt-0 chevron btn btn-secondary  only\"><\/div><\/div><\/div><\/a>[\/vc_column][vc_column width=&#8221;1\/3&#8243;]<a class=\"component card w-100 bgc-lgray vertical text-start nomedia  chevron-only  \" href=\"\/company\/diversity\" target=\"\" rel=\"\" ><div class=\"card-body\"><h3>Inclus\u00e3o<\/h3>\n<p>Acreditamos que a inclus\u00e3o para todos \u00e9 essencial para construir uma cultura pr\u00f3spera e criativa, em que todos sintam que pertencem.<\/p>\n<\/div><div class=\"card-footer text-end\"><div class=\"btn-container justify-content-end\"><div class=\"small mt-0 chevron btn btn-secondary  only\"><\/div><\/div><\/div><\/a>[\/vc_column][vc_column width=&#8221;1\/3&#8243;]<a class=\"component card w-100 bgc-lgray vertical text-start nomedia  chevron-only  \" href=\"\/pt-br\/company\/your-potential-is-waiting\" target=\"\" rel=\"\" ><div class=\"card-body\"><h3>Locais<\/h3>\n<p>A Genesys \u00e9 impulsionada por uma equipe global de milhares de pessoas, trabalhando juntas em escrit\u00f3rios por todo o mundo compartilhando a mesma miss\u00e3o.<\/p>\n<\/div><div class=\"card-footer text-end\"><div class=\"btn-container justify-content-end\"><div class=\"small mt-0 chevron btn btn-secondary  only\"><\/div><\/div><\/div><\/a>[\/vc_column][\/vc_row][\/vc_section][vc_section background_color=&#8221;bgc-lgray&#8221; flair=&#8221;%5B%7B%22flair_type%22%3A%22f_type_image%22%2C%22hide_mobile%22%3A%22yes%22%7D%5D&#8221;][vc_row][vc_column width=&#8221;1\/2&#8243;][vc_column_text css=&#8221;&#8221;]<\/p>\n<h2 class=\"h3\">A Genesys \u00e9 uma l\u00edder global em solu\u00e7\u00f5es para contact center na nuvem e experi\u00eancia do cliente<\/h2>\n<p>[\/vc_column_text][\/vc_column][\/vc_row][vc_row][vc_column width=&#8221;1\/3&#8243;][vc_column_text ct_style=&#8221;stat&#8221; css=&#8221;&#8221;]<\/p>\n<p class=\"h2\">Desde 1990<\/p>\n<p>Atendemos a milhares de clientes de pequenas e m\u00e9dias empresas, e de grandes corpora\u00e7\u00f5es. Atualmente, atendemos a mais de 8.000 deles.[\/vc_column_text][\/vc_column][vc_column width=&#8221;1\/3&#8243;][vc_column_text ct_style=&#8221;stat&#8221; css=&#8221;&#8221;]<\/p>\n<p class=\"h2\">Mais de 100 pa\u00edses<\/p>\n<p>Organiza\u00e7\u00f5es em mais de 100 pa\u00edses e em seis continentes confiam na Genesys. Estamos presentes em uma grande \u00e1rea.[\/vc_column_text][\/vc_column][vc_column width=&#8221;1\/3&#8243;][vc_column_text ct_style=&#8221;stat&#8221; css=&#8221;&#8221;]<\/p>\n<p class=\"h2\">Mais de 6.000 colaboradores<\/p>\n<p>Os colaboradores da Genesys trabalham juntos para criar as melhores experi\u00eancias do cliente.[\/vc_column_text][\/vc_column][\/vc_row][\/vc_section][vc_section][vc_row][vc_column]<a class=\"component-cta-block card w-100 h-100 bgc-glass centered cta-text-start  vc_custom_1741988229723\"  style=\"--ob-bg-mobile:url(https:\/\/www.genesys.com\/media\/Discover-the-Genesys-Experience-Index-mobile.png);\"  href=\"https:\/\/www.genesys.com\/experience-index\" target=\"\" rel=\"\"><div class=\"row align-items-center image-stack card-body\"><div class=\"col-content col-md-4\"><div class=\"content-container\"><h2 class=\"h3 text-balance\">Descubra o Experience Index da Genesys<\/h2>\n<p>Entenda o que \u00e9 importante para seus clientes e sua for\u00e7a de trabalho, e melhore seus programas de Voz do Cliente e do Colaborador, com a metodologia Experience Index\u2122 da Genesys.<\/p>\n<\/div><div class=\" btn-container mt-2\"><div class=\"btn btn-primary\">Saiba mais<\/div><\/div><\/div><\/div><\/a>[\/vc_column][\/vc_row][\/vc_section]<\/p>\n<\/div>","protected":false},"excerpt":{"rendered":"<p>[vc_section sec_modern_width=&#8221;enable&#8221; background_color=&#8221;bgc-lgray&#8221; flair=&#8221;%5B%7B%22flair_type%22%3A%22f_type_image%22%2C%22flair_image%22%3A%22561577%22%2C%22flair_width%22%3A%221220px%22%2C%22flair_right%22%3A%22-10%25%22%2C%22flair_bottom%22%3A%220%22%7D%5D&#8221; vib=&#8221;enable&#8221;][vc_row content_placement=&#8221;middle&#8221;][vc_column background_color=&#8221;bgc-glass&#8221; width=&#8221;2\/3&#8243; el_class=&#8221;px-md-3 py-md-5&#8243; offset=&#8221;vc_col-md-5&#8243;][vc_column_text css=&#8221;&#8221;] Sobre a Genesys A Genesys empodera mais de 8.000 organiza\u00e7\u00f5es em mais de 100 pa\u00edses, oferecendo o futuro da experi\u00eancia do cliente para que elas possam proporcionar experi\u00eancias emp\u00e1ticas e personalizadas em escala.[\/vc_column_text][\/vc_column][\/vc_row][\/vc_section][vc_section background_color=&#8221;bgc-lgray&#8221; flair=&#8221;%5B%7B%22flair_type%22%3A%22f_type_image%22%2C%22hide_mobile%22%3A%22yes%22%7D%5D&#8221; el_class=&#8221;mt-2 mt-lg-5&#8243;][vc_row][vc_column width=&#8221;1\/2&#8243;][vc_column_text css=&#8221;&#8221;] Quem somos Com a [&hellip;]<\/p>\n","protected":false},"author":1,"featured_media":0,"parent":0,"menu_order":8,"comment_status":"closed","ping_status":"closed","template":"","meta":{"_acf_changed":false,"footnotes":""},"class_list":["post-106180","page","type-page","status-publish","hentry"],"acf":[],"_links":{"self":[{"href":"https:\/\/www.genesys.com\/pt-br\/wp-json\/wp\/v2\/pages\/106180","targetHints":{"allow":["GET"]}}],"collection":[{"href":"https:\/\/www.genesys.com\/pt-br\/wp-json\/wp\/v2\/pages"}],"about":[{"href":"https:\/\/www.genesys.com\/pt-br\/wp-json\/wp\/v2\/types\/page"}],"author":[{"embeddable":true,"href":"https:\/\/www.genesys.com\/pt-br\/wp-json\/wp\/v2\/users\/1"}],"replies":[{"embeddable":true,"href":"https:\/\/www.genesys.com\/pt-br\/wp-json\/wp\/v2\/comments?post=106180"}],"version-history":[{"count":17,"href":"https:\/\/www.genesys.com\/pt-br\/wp-json\/wp\/v2\/pages\/106180\/revisions"}],"predecessor-version":[{"id":610969,"href":"https:\/\/www.genesys.com\/pt-br\/wp-json\/wp\/v2\/pages\/106180\/revisions\/610969"}],"wp:attachment":[{"href":"https:\/\/www.genesys.com\/pt-br\/wp-json\/wp\/v2\/media?parent=106180"}],"curies":[{"name":"wp","href":"https:\/\/api.w.org\/{rel}","templated":true}]}}