{"id":106057,"date":"2018-04-11T20:14:34","date_gmt":"2018-04-11T20:14:34","guid":{"rendered":"https:\/\/www.genesys.com\/partners"},"modified":"2025-12-16T17:48:01","modified_gmt":"2025-12-17T01:48:01","slug":"partners","status":"publish","type":"page","link":"https:\/\/www.genesys.com\/pt-br\/partners","title":{"rendered":"Vis\u00e3o geral do parceiro"},"content":{"rendered":"<div class=\"wpb-content-wrapper\"><p>[vc_section sec_modern_width=&#8221;enable&#8221; background_color=&#8221;bgc-lgray&#8221; flair=&#8221;%5B%7B%22flair_type%22%3A%22f_type_image%22%2C%22hide_mobile%22%3A%22yes%22%7D%5D&#8221; vib=&#8221;enable&#8221; css=&#8221;.vc_custom_1760042427123{background-position: center !important;background-repeat: no-repeat !important;background-size: cover !important;}&#8221;][vc_row equal_height=&#8221;yes&#8221; content_placement=&#8221;middle&#8221;][vc_column width=&#8221;1\/2&#8243;][vc_column_text css=&#8221;&#8221;]<\/p>\n<h1>Potencializa\u00e7\u00e3o da orquestra\u00e7\u00e3o das experi\u00eancias por meio dos parceiros da Genesys<\/h1>\n<p class=\"text-balance\">Nosso ecossistema global de parceiros \u2014 composto por parceiros do Programa Ascend da Genesys, portal AppFoundry, integradores de sistemas globais e parceiros tecnol\u00f3gicos estrat\u00e9gicos \u2014 foi projetado para ajudar os clientes a acelerar a transforma\u00e7\u00e3o e aproveitar todo o potencial da plataforma Genesys Cloud.<\/p>\n<p>[\/vc_column_text][\/vc_column][vc_column width=&#8221;5\/12&#8243; offset=&#8221;vc_col-sm-offset-1&#8243;][vc_single_image image=&#8221;601671&#8243; css=&#8221;&#8221; rounded_corners=&#8221;rounded&#8221;][\/vc_column][\/vc_row][\/vc_section][vc_section][vc_row][vc_column width=&#8221;1\/2&#8243;][vc_column_text css=&#8221;&#8221;]<\/p>\n<h2>Acelere a transforma\u00e7\u00e3o dos neg\u00f3cios com parceiros confi\u00e1veis<\/h2>\n<p>Os parceiros do Programa Ascend da Genesys, o portal AppFoundry, os integradores de sistemas globais e os parceiros tecnol\u00f3gicos estrat\u00e9gicos oferecem expertise, conhecimento local e integra\u00e7\u00f5es poderosas que funcionam perfeitamente com a IA da Genesys para impulsionar sua estrat\u00e9gia de CX.[\/vc_column_text][\/vc_column][vc_column width=&#8221;1\/2&#8243;][\/vc_column][\/vc_row][vc_row][vc_column width=&#8221;1\/3&#8243;][vc_column_text ct_style=&#8221;list-block&#8221; css=&#8221;&#8221;]<\/p>\n<h3 class=\"h5\">Inovadores<\/h3>\n<p>Ao introduzir novas funcionalidades, ferramentas avan\u00e7adas e tecnologias emergentes, nossos parceiros aprimoram o ecossistema da Genesys com recursos, integra\u00e7\u00f5es inteligentes e solu\u00e7\u00f5es de ponta que agregam valor.[\/vc_column_text][\/vc_column][vc_column width=&#8221;1\/3&#8243;][vc_column_text ct_style=&#8221;list-block&#8221; css=&#8221;&#8221;]<\/p>\n<h3 class=\"h5\">Integrados<\/h3>\n<p>Os parceiros s\u00e3o uma extens\u00e3o da equipe da Genesys e da equipe do cliente, e est\u00e3o alinhados aos objetivos do cliente e conectados aos nossos. Integra\u00e7\u00f5es perfeitas aprimoram os fluxos de dados, simplificam as opera\u00e7\u00f5es e preparam as equipes dos clientes para que possam oferecer experi\u00eancias proativas, unificadas e personalizadas em escala.[\/vc_column_text][\/vc_column][vc_column width=&#8221;1\/3&#8243;][vc_column_text ct_style=&#8221;list-block&#8221; css=&#8221;&#8221;]<\/p>\n<h3 class=\"h5\">Orientados a valor<\/h3>\n<p>Capacitamos os nossos parceiros com ferramentas e processos que simplificam cada etapa da jornada do cliente, desde a avalia\u00e7\u00e3o inicial at\u00e9 a implementa\u00e7\u00e3o e a otimiza\u00e7\u00e3o cont\u00ednua, garantindo resultados de neg\u00f3cios mensur\u00e1veis e sucesso do cliente no longo prazo.[\/vc_column_text][\/vc_column][\/vc_row][\/vc_section][vc_section flair=&#8221;%5B%7B%22hide_mobile%22%3A%22yes%22%7D%5D&#8221; css=&#8221;.vc_custom_1714456937508{background-position: center !important;background-repeat: no-repeat !important;background-size: cover !important;}&#8221;][vc_row equal_height=&#8221;yes&#8221; content_placement=&#8221;middle&#8221;][vc_column width=&#8221;5\/12&#8243; offset=&#8221;vc_hidden-xs&#8221;][vc_single_image image=&#8221;601672&#8243; css=&#8221;&#8221; rounded_corners=&#8221;rounded&#8221;][\/vc_column][vc_column width=&#8221;1\/2&#8243; offset=&#8221;vc_col-sm-offset-1&#8243;][vc_column_text css=&#8221;&#8221;]<\/p>\n<h2 class=\"h3\">Desbloqueie a experi\u00eancia do cliente escal\u00e1vel com IA<\/h2>\n<p>A Genesys desenvolveu a orquestra\u00e7\u00e3o da experi\u00eancia em n\u00edveis como uma estrutura simples para ajudar as organiza\u00e7\u00f5es a navegar na transi\u00e7\u00e3o para experi\u00eancias do cliente impulsionadas por IA. Ela define um caminho claro para ajudar voc\u00ea a entender o que \u00e9 poss\u00edvel com IA, identificar onde voc\u00ea est\u00e1 hoje e avan\u00e7ar para as pr\u00f3ximas etapas estrat\u00e9gicas a fim de modernizar as jornadas do cliente, aumentar o valor e oferecer intera\u00e7\u00f5es mais conectadas e personalizadas.<\/p>\n<p>Nosso ecossistema de parceiros desempenha um papel fundamental na concretiza\u00e7\u00e3o dessa estrutura. Tanto se voc\u00ea \u00e9 um iniciante na explora\u00e7\u00e3o da automa\u00e7\u00e3o como se est\u00e1 buscando escalar a IA em toda a empresa, os parceiros da Genesys oferecem conhecimento especializado, experi\u00eancia no setor e suporte \u00e0 implementa\u00e7\u00e3o para ajudar voc\u00ea a avan\u00e7ar mais rapidamente.<br \/>\n[\/vc_column_text][\/vc_column][\/vc_row][\/vc_section][vc_section sec_modern_width=&#8221;enable&#8221; background_color=&#8221;bgc-lgray&#8221; flair=&#8221;%5B%7B%22flair_type%22%3A%22f_type_image%22%2C%22hide_mobile%22%3A%22yes%22%7D%5D&#8221; css=&#8221;.vc_custom_1749627756591{background-image: url(https:\/\/www.genesys.com\/media\/Genesys_Threads_209.png?id=569364) !important;}&#8221; el_class=&#8221;bg-cover bg-150-md bg-center bg-norepeat&#8221;][vc_row r_gutter_size=&#8221;gutter-small&#8221; background_color=&#8221;bgc-glass&#8221; equal_height=&#8221;yes&#8221; el_class=&#8221;py-3 px-1 px-lg-3 rounded mt-0&#8243;][vc_column offset=&#8221;vc_col-md-7&#8243; el_class=&#8221;mb-1&#8243;][vc_column_text css=&#8221;&#8221;]<\/p>\n<h2 class=\"h3\">O ecossistema de parceiros da Genesys<\/h2>\n<p>Os parceiros da Genesys se apresentam de diversas formas, mas compartilham um objetivo: ajudar voc\u00ea a criar experi\u00eancias do cliente de classe mundial com menos riscos e um retorno sobre o investimento mais r\u00e1pido.[\/vc_column_text][\/vc_column][vc_column elemental_order=&#8221;order-5&#8243; offset=&#8221;vc_col-md-5&#8243; el_class=&#8221;mt-2 mt-lg-0&#8243;][\/vc_column][vc_column width=&#8221;1\/2&#8243;]<a class=\"component card w-100 bgc-lgray vertical text-start nomedia   \" href=\"\/pt-br\/partners\/channel-partners\" target=\"\" rel=\"\" ><div class=\"card-body\"><h3 class=\"h5\">Parceiros Ascend<\/h3>\n<p>Parceiros que podem acelerar o crescimento com conhecimento especializado para impulsionar maior sucesso do cliente e impacto nos neg\u00f3cios:<\/p>\n<ul>\n<li>Fornecedores de solu\u00e7\u00f5es que revendem solu\u00e7\u00f5es da Genesys.<\/li>\n<li>Parceiros de vendas de indica\u00e7\u00e3o de leads ou distribuidores de solu\u00e7\u00f5es de tecnol\u00f3gicas (somente na Am\u00e9rica do Norte) que encaminham oportunidades diretamente para a Genesys.<\/li>\n<li>Parceiros de servi\u00e7os que implementam solu\u00e7\u00f5es da Genesys<\/li>\n<\/ul>\n<\/div><div class=\"card-footer text-end\"><div class=\"btn-container \"><div class=\"small mt-0 chevron arrow arrow-primary \" href=\"#\" target=\"\" rel=\"\">Saiba mais<\/div><\/div><\/div><\/a>[\/vc_column][vc_column width=&#8221;1\/2&#8243;]<a class=\"component card w-100 bgc-lgray vertical text-start nomedia   \" href=\"\/pt-br\/partners\/global-system-integrators\" target=\"\" rel=\"\" ><div class=\"card-body\"><h3 class=\"h5\">Integradores de sistemas globais<\/h3>\n<p>Especialistas em transforma\u00e7\u00e3o da experi\u00eancia do cliente (CX) que fornecem:<\/p>\n<ul>\n<li>Conhecimento profundo e experi\u00eancia no setor.<\/li>\n<li>Expertise em gest\u00e3o de mudan\u00e7as.<\/li>\n<li>Metodologias comprovadas que conectam pessoas, processos e tecnologia.<\/li>\n<\/ul>\n<\/div><div class=\"card-footer text-end\"><div class=\"btn-container \"><div class=\"small mt-0 chevron arrow arrow-primary \" href=\"#\" target=\"\" rel=\"\">Saiba mais<\/div><\/div><\/div><\/a>[\/vc_column][vc_column width=&#8221;1\/2&#8243;]<a class=\"component card w-100 bgc-lgray vertical text-start nomedia   \" href=\"\/pt-br\/partners\/global-strategic-alliances\" target=\"\" rel=\"\" ><div class=\"card-body\"><h3 class=\"h5\">Parceiros tecnol\u00f3gicos estrat\u00e9gicos<\/h3>\n<p>Empresas globais l\u00edderes que oferecem:<\/p>\n<ul>\n<li>Tecnologias de ponta que impulsionam a transforma\u00e7\u00e3o digital.<\/li>\n<li>Integra\u00e7\u00f5es perfeitas entre plataformas, processos e experi\u00eancias do cliente.<\/li>\n<li>Capacita\u00e7\u00e3o dos clientes de nuvem para que possam crescer com efici\u00eancia e obter maior valor comercial de seus investimentos.<\/li>\n<\/ul>\n<\/div><div class=\"card-footer text-end\"><div class=\"btn-container \"><div class=\"small mt-0 chevron arrow arrow-primary \" href=\"#\" target=\"\" rel=\"\">Saiba mais<\/div><\/div><\/div><\/a>[\/vc_column][vc_column width=&#8221;1\/2&#8243;]<a class=\"component card w-100 bgc-lgray vertical text-start nomedia   \" href=\"\/pt-br\/partners\/appfoundry\" target=\"\" rel=\"\" ><div class=\"card-body\"><h3 class=\"h5\">Parceiros AppFoundry<\/h3>\n<p>Amplia\u00e7\u00e3o da plataforma da Genesys para:<\/p>\n<ul>\n<li>Resolver as necessidades espec\u00edficas dos clientes.<\/li>\n<li>Aprimorar as experi\u00eancias do cliente.<\/li>\n<li>Alcan\u00e7ar novos p\u00fablicos por meio do portal AppFoundry\u00ae, nosso marketplace de aplicativos corporativos.<\/li>\n<\/ul>\n<\/div><div class=\"card-footer text-end\"><div class=\"btn-container \"><div class=\"small mt-0 chevron arrow arrow-primary \" href=\"#\" target=\"\" rel=\"\">Saiba mais<\/div><\/div><\/div><\/a>[\/vc_column][\/vc_row][\/vc_section][vc_section][vc_row][vc_column offset=&#8221;vc_col-md-offset-1 vc_col-md-10&#8243;]<a class=\"component-cta-block card w-100 h-100 bgc-lgray centered cta-text-start \"  href=\"\/pt-br\/blog\/post\/deliver-the-next-level-of-experience-with-genesys-cloud-ai-studio-and-ai-guides\" target=\"\" rel=\"\"><div class=\"row align-items-center image-stack card-body\"><div class=\"col-content col-md-7\"><div class=\"content-container\"><h2 class=\"text-balance\">CX criada para a sua empresa<\/h2>\n<p>Com o Genesys Cloud AI Studio e os Guias de IA, nossos parceiros ajudam voc\u00ea a escalar a IA em todo o seu ecossistema de CX, criando fluxos de trabalho inteligentes que detectam, entendem e respondem no momento, gerando mais valor com menos esfor\u00e7o manual.<\/p>\n<\/div><div class=\" btn-container mt-2\"><div class=\"btn btn-secondary\">Saiba mais<\/div><\/div><\/div><div class=\"col-image col-md-5 flex-column justify-content-center mt-1 mt-lg-0 img-top-container no-offset\"><img decoding=\"async\" width=\"818\" height=\"547\" src=\"https:\/\/www.genesys.com\/media\/AI-Guide-Blog-Hero-1071x716-F-e1750784463547.png\" alt=\"\" class=\"rounded\"><\/div><\/div><\/a>[\/vc_column][\/vc_row][\/vc_section][vc_section flair=&#8221;%5B%7B%22hide_mobile%22%3A%22yes%22%7D%5D&#8221; css=&#8221;.vc_custom_1714457585759{background-position: center !important;background-repeat: no-repeat !important;background-size: cover !important;}&#8221; el_id=&#8221;findapartner&#8221;][vc_row][vc_column width=&#8221;1\/2&#8243;][vc_column_text css=&#8221;&#8221;]<\/p>\n<h2 class=\"h3\">Encontre um parceiro<\/h2>\n<p>O ecossistema de parceiros da Genesys abriga milhares de empresas de todos os tipos. Explore as solu\u00e7\u00f5es dos parceiros ou obtenha recursos pr\u00f3prios por meio de nosso mapa de parceiros e portal de recursos.[\/vc_column_text][\/vc_column][vc_column width=&#8221;1\/2&#8243;][\/vc_column][\/vc_row][vc_row r_gutter_size=&#8221;gutter-small&#8221; equal_height=&#8221;yes&#8221;][vc_column width=&#8221;1\/3&#8243;]<a class=\"component card w-100 bgc-lgray vertical text-start nomedia   \" href=\"\/partners\/partner-finder\" target=\"_blank\" rel=\"\" ><div class=\"card-body\"><h3 class=\"h5\">Localizador de parceiros<\/h3>\n<p>Explore o mapa de parceiros do nosso ecossistema global.<\/p>\n<\/div><div class=\"card-footer text-end\"><div class=\"btn-container \"><div class=\"small mt-0 chevron arrow arrow-primary \" href=\"#\" target=\"\" rel=\"\">Veja o mapa de parceiros<\/div><\/div><\/div><\/a>[\/vc_column][vc_column width=&#8221;1\/3&#8243;]<a class=\"component card w-100 bgc-lgray vertical text-start nomedia   \" href=\"https:\/\/appfoundry.genesys.com\/\" target=\"_blank\" rel=\"\" ><div class=\"card-body\"><h3 class=\"h5\">Portal AppFoundry<\/h3>\n<p>Explore aplicativos e integra\u00e7\u00f5es selecionados no portal AppFoundry.<\/p>\n<\/div><div class=\"card-footer text-end\"><div class=\"btn-container \"><div class=\"small mt-0 chevron arrow arrow-primary \" href=\"#\" target=\"\" rel=\"\">Visite o AppFoundry<\/div><\/div><\/div><\/a>[\/vc_column][vc_column width=&#8221;1\/3&#8243;]<a class=\"component card w-100 bgc-lgray vertical text-start nomedia   \" href=\"https:\/\/genesys.my.site.com\/GenesysPartner\/PartnerLogin\" target=\"_blank\" rel=\"noopener\" ><div class=\"card-body\"><h3 class=\"h5\">Login no portal<\/h3>\n<p>Os parceiros atuais podem fazer login no portal.<\/p>\n<\/div><div class=\"card-footer text-end\"><div class=\"btn-container \"><div class=\"small mt-0 chevron arrow arrow-primary \" href=\"#\" target=\"\" rel=\"\">Fa\u00e7a login<\/div><\/div><\/div><\/a>[\/vc_column][\/vc_row][\/vc_section][vc_section flair=&#8221;%5B%7B%22hide_mobile%22%3A%22yes%22%7D%5D&#8221; el_class=&#8221;z-index-2&#8243;][vc_row][vc_column width=&#8221;1\/2&#8243;][vc_column_text css=&#8221;&#8221;]<\/p>\n<h2 class=\"h3\">Recursos<\/h2>\n<p>[\/vc_column_text][\/vc_column][vc_column width=&#8221;1\/2&#8243;][\/vc_column][\/vc_row][vc_row r_gutter_size=&#8221;gutter-small&#8221; equal_height=&#8221;yes&#8221;][vc_column]<div class=\"related-posts-container next-steps-module w-100\"><div class=\"inner-container scrollable-row-container\"><div class=\"row align-items-stretch gutter-small col-count-6 scrollable-row\"><div class=\"col-12 primary-item item-image grid-item card-col item-image grid_type-\"><a class=\"card w-100 h-100 bgc-lgray component-cta-block centered cta-text-end\" href=\"\/company\/newsroom\/announcements\/genesys-earns-spot-on-crns-cloud-100-list-for-2025\"><div class=\"row align-items-stretch image-stack chevron-only card-body\"><div class=\"col-image col-md-5 flex-column justify-content-center img-top-container no-offset\"><img decoding=\"async\" class=\"rounded\" src=\"https:\/\/www.genesys.com\/media\/pr-genesys-earns-spot-on-crns-cloud-100-list-for-2025-thumbnail.png\" height=\"463\" width=\"792\" alt=\"Pr genesys earns spot on crns cloud 100 list for 2025 thumbnail\"><\/div><div class=\"col-content col-md-7 mt-lg-0\"><div class=\"content-container align-self-start align-self-md-center\"><p class=\"assettag\">An\u00fancio<\/p><h3 class=\"item-title mb-0\">A Genesys conquista um lugar na lista Cloud 100 da CRN para 2025<\/h3><\/div><div class=\"justify-content-end btn-container\"><div class=\"btn chevron small only btn-secondary\"><\/div><\/div><\/div><\/div><\/a><\/div><div class=\"col-md-4 vertical-cards grid-item card-col item-image grid_type-resources\"><a class=\"card w-100 h-100 bgc-lgray component vertical text-start thumbnail chevron-only\" href=\"https:\/\/www.genesys.com\/pt-br\/resources\/contact-center-buyers-guide\"><div class=\"thumbnail-col thubmnail\"><img decoding=\"async\" src=\"https:\/\/www.genesys.com\/media\/820x464-Resource-Thumbnail-Ebook-Buyers-Guide-for-AI-and-CX.jpg\" height=\"464\" width=\"820\" alt=\"820&#215;464 resource thumbnail ebook buyers guide for ai and cx\"><\/div><div class=\"card-body text-col\"><p class=\"assettag\">Ebook<\/p><h3 class=\"item-title h6\">Guia do Comprador de Contact Center<\/h3><\/div><div class=\"card-footer text-end\"><div class=\"justify-content-end btn-container\"><div class=\"btn chevron small only btn-secondary\"><\/div><\/div><\/div><\/a><\/div><div class=\"col-md-4 vertical-cards grid-item card-col item-image grid_type-blog\"><a class=\"card w-100 h-100 bgc-lgray component vertical text-start thumbnail chevron-only\" href=\"https:\/\/www.genesys.com\/pt-br\/blog\/post\/ai-for-the-experience-economy-how-to-deliver-the-next-level-of-experience\"><div class=\"thumbnail-col thubmnail\"><img decoding=\"async\" src=\"https:\/\/www.genesys.com\/media\/2560x1707-Blog-Image-AI-for-the-Experience-Economy-e1751340246402.png\" height=\"547\" width=\"820\" alt=\"\"><\/div><div class=\"card-body text-col\"><p class=\"assettag\">Blog<\/p><h3 class=\"item-title h6\">IA para a Economia da Experi\u00eancia: Como entregar o pr\u00f3ximo n\u00edvel de CX<\/h3><\/div><div class=\"card-footer text-end\"><div class=\"justify-content-end btn-container\"><div class=\"btn chevron small only btn-secondary\"><\/div><\/div><\/div><\/a><\/div><div class=\"col-md-4 vertical-cards grid-item card-col item-image grid_type-blog\"><a class=\"card w-100 h-100 bgc-lgray component vertical text-start thumbnail chevron-only\" href=\"https:\/\/www.genesys.com\/pt-br\/blog\/post\/the-levels-of-experience-orchestration\"><div class=\"thumbnail-col thubmnail\"><img decoding=\"async\" src=\"https:\/\/www.genesys.com\/media\/Levels-of-Experience-Orchestration-blog-image-820-x-548.webp\" height=\"547\" width=\"820\" alt=\"\"><\/div><div class=\"card-body text-col\"><p class=\"assettag\">Blog<\/p><h3 class=\"item-title h6\">Os n\u00edveis de orquestra\u00e7\u00e3o da experi\u00eancia<\/h3><\/div><div class=\"card-footer text-end\"><div class=\"justify-content-end btn-container\"><div class=\"btn chevron small only btn-secondary\"><\/div><\/div><\/div><\/a><\/div><div class=\"col-md-6 horizontal-cards item-image grid-item card-col item-image grid_type-\"><div class=\"card w-100 h-100 bgc-lgray component horizontal text-start thumbnail chevron-only\"><div class=\"row align-items-center\"><div class=\"col-12 col-md-5 col-lg-6\"><div class=\"thumbnail-col thubmnail\"><img decoding=\"async\" src=\"https:\/\/www.genesys.com\/media\/820x464-Resource-Thumbnail-Ebook-Deliver-the-next-level-of-experience-with-an-AI-powered-CX-ecosystem.jpg\" height=\"464\" width=\"820\" alt=\"820&#215;464 resource thumbnail ebook deliver the next level of experience with an ai powered cx ecosystem\"><\/div><\/div><div class=\"col-12 col-md-7 col-lg-6\"><div class=\"card-body text-col ps-0\"><p class=\"assettag\">E-book<\/p><h3 class=\"item-title h6\">E-book sobre o ecossistema de parceiros<\/h3><\/div><\/div><\/div><\/div><\/div><div class=\"col-md-6 horizontal-cards item-image grid-item card-col item-image grid_type-\"><a class=\"card w-100 h-100 bgc-lgray component horizontal text-start thumbnail chevron-only\" href=\"https:\/\/www.genesys.com\/pt-br\/resources\/five-trendsetters-in-ai-innovation\"><div class=\"row align-items-center\"><div class=\"col-12 col-md-5 col-lg-6\"><div class=\"thumbnail-col thubmnail\"><img decoding=\"async\" src=\"https:\/\/www.genesys.com\/media\/five-trendsetters-in-ai-innovation.jpg\" height=\"464\" width=\"820\" alt=\"Five trendsetters in ai innovation\"><\/div><\/div><div class=\"col-12 col-md-7 col-lg-6\"><div class=\"card-body text-col ps-0\"><p class=\"assettag\">E-book<\/p><h3 class=\"item-title h6\">Descubra como os l\u00edderes do setor est\u00e3o redefinindo a experi\u00eancia do cliente com IA<\/h3><\/div><div class=\"card-footer text-end ps-0\"><div class=\"justify-content-end btn-container\"><div class=\"btn chevron small only btn-secondary\"><\/div><\/div><\/div><\/div><\/div><\/a><\/div><\/div><\/div><\/div>[\/vc_column][\/vc_row][\/vc_section][vc_section][vc_row][vc_column]<a class=\"component-cta-block card w-100 h-100 bgc-lgray centered cta-text-center \"  href=\"\/partners\/genesys-partner-portal-login\" target=\"\" rel=\"\"><div class=\"card-body text-center col-content\"><h2 class=\"h3\">Torne-se um parceiro da Genesys<\/h2>\n<p>Sua experi\u00eancia \u00e9 inestim\u00e1vel para a rede de parceiros da Genesys e para todo o ecossistema da Genesys. Participe do programa de parceiros da Genesys e tenha acesso a ferramentas, treinamento e suporte para desenvolver seus neg\u00f3cios, aumentar a rentabilidade e a receita, impulsionar as vendas e obter reconhecimento. D\u00ea o primeiro passo para revelar o potencial da sua marca tornando-se um parceiro da Genesys hoje mesmo.<\/p>\n<div class=\" btn-container justify-content-center mt-2\"><div class=\"btn btn-primary\">Come\u00e7ar agora<\/div><\/div><\/div><\/a>[\/vc_column][\/vc_row][\/vc_section]<\/p>\n<\/div>","protected":false},"excerpt":{"rendered":"<p>[vc_section sec_modern_width=&#8221;enable&#8221; background_color=&#8221;bgc-lgray&#8221; flair=&#8221;%5B%7B%22flair_type%22%3A%22f_type_image%22%2C%22hide_mobile%22%3A%22yes%22%7D%5D&#8221; vib=&#8221;enable&#8221; css=&#8221;.vc_custom_1760042427123{background-position: center !important;background-repeat: no-repeat !important;background-size: cover !important;}&#8221;][vc_row equal_height=&#8221;yes&#8221; content_placement=&#8221;middle&#8221;][vc_column width=&#8221;1\/2&#8243;][vc_column_text css=&#8221;&#8221;] Potencializa\u00e7\u00e3o da orquestra\u00e7\u00e3o das experi\u00eancias por meio dos parceiros da Genesys Nosso ecossistema global de parceiros \u2014 composto por parceiros do Programa Ascend da Genesys, portal AppFoundry, integradores de sistemas globais e parceiros tecnol\u00f3gicos estrat\u00e9gicos \u2014 foi projetado para [&hellip;]<\/p>\n","protected":false},"author":1,"featured_media":0,"parent":0,"menu_order":11,"comment_status":"closed","ping_status":"closed","template":"","meta":{"_acf_changed":false,"footnotes":""},"class_list":["post-106057","page","type-page","status-publish","hentry"],"acf":[],"_links":{"self":[{"href":"https:\/\/www.genesys.com\/pt-br\/wp-json\/wp\/v2\/pages\/106057","targetHints":{"allow":["GET"]}}],"collection":[{"href":"https:\/\/www.genesys.com\/pt-br\/wp-json\/wp\/v2\/pages"}],"about":[{"href":"https:\/\/www.genesys.com\/pt-br\/wp-json\/wp\/v2\/types\/page"}],"author":[{"embeddable":true,"href":"https:\/\/www.genesys.com\/pt-br\/wp-json\/wp\/v2\/users\/1"}],"replies":[{"embeddable":true,"href":"https:\/\/www.genesys.com\/pt-br\/wp-json\/wp\/v2\/comments?post=106057"}],"version-history":[{"count":21,"href":"https:\/\/www.genesys.com\/pt-br\/wp-json\/wp\/v2\/pages\/106057\/revisions"}],"predecessor-version":[{"id":608765,"href":"https:\/\/www.genesys.com\/pt-br\/wp-json\/wp\/v2\/pages\/106057\/revisions\/608765"}],"wp:attachment":[{"href":"https:\/\/www.genesys.com\/pt-br\/wp-json\/wp\/v2\/media?parent=106057"}],"curies":[{"name":"wp","href":"https:\/\/api.w.org\/{rel}","templated":true}]}}