{"id":105941,"date":"2018-10-26T14:18:40","date_gmt":"2018-10-26T21:18:40","guid":{"rendered":"https:\/\/www.genesys.com\/?page_id=105941"},"modified":"2024-06-04T21:53:37","modified_gmt":"2024-06-05T04:53:37","slug":"request-a-demo","status":"publish","type":"page","link":"https:\/\/www.genesys.com\/pt-br\/request-a-demo","title":{"rendered":"Solicite uma demonstra\u00e7\u00e3o"},"content":{"rendered":"<div class=\"wpb-content-wrapper\"><p>[vc_section g_section_overflow=&#8221;visible&#8221; g_section_text=&#8221;white&#8221; m_background_color=&#8221;bgc-navy&#8221; flair=&#8221;%5B%7B%22flair_image%22%3A%22449983%22%2C%22flair_width%22%3A%22100%25%22%2C%22flair_height%22%3A%22115%25%22%2C%22flair_top%22%3A%220%22%2C%22flair_left%22%3A%220%22%2C%22hide_mobile%22%3A%22yes%22%7D%5D&#8221; el_id=&#8221;form&#8221;][vc_row equal_height=&#8221;yes&#8221; content_placement=&#8221;middle&#8221;][vc_column width=&#8221;1\/2&#8243;][vc_column_text css=&#8221;.vc_custom_1683666253934{padding-bottom: 20px !important;}&#8221;]<\/p>\n<h1>Evolua seu Contact Center na Nuvem e transforme a E<span class=\"Y2IQFc\" lang=\"pt\">xperi\u00eancia <\/span>de clientes e colaboradores com o Genesys Cloud.<\/h1>\n<p>Cloud Contact Center (CCaaS), Customer Experience (CX) e Employee Experience (EX)[\/vc_column_text][\/vc_column][vc_column width=&#8221;1\/2&#8243;]<div class=\"eloq_form elq-container gmkto_form_type_advanced gmkto_format_vertical\"><form method=\"post\" name=\"MasterLeadIntakeForm\" action=\"https:\/\/s1260946616.t.eloqua.com\/e\/f2\" data-proc=\"page\" data-ppcount=\"5\" onsubmit=\"return proc_submit(this);\" class=\"beam-form elq-form init nolazy noknown noprefill yespp strict-check\"  ><div id=\"known_person\" style=\"display:none;\"><p class=\"welcome_user\"><span id=\"welcome_person\">Welcome back<\/span> <span id=\"person_info\"><span class=\"person_first\"><\/span>&nbsp;<span class=\"person_last\"><\/span><\/span><\/p><p class=\"delete_button\"><a class=\"deletemyrecord\">Not You?<\/a><\/p>\n    <div class=\"form-row cb_off white-box work-email el_field form-floating\">\n        <input type=\"email\" class=\"form-control el_field elq-item-input cb_off  required\" name=\"secondaryEmailAddress1\" id=\"fe644\" value=\"\" placeholder=\"Please provide your work email\">\n        <label for=\"fe644\">Please provide your work email<span class=\"required-asterisk\">*<\/span><\/label>\n    <\/div><\/div><input value=\"MasterLeadIntakeForm\" type=\"hidden\" name=\"elqFormName\"><input value=\"1260946616\" type=\"hidden\" name=\"elqSiteId\"><input name=\"elqCampaignId\" type=\"hidden\"><input type=\"hidden\" name=\"elqCustomerGUID\" value=\"\"><input type=\"hidden\" name=\"elqCookieWrite\" value=\"0\"><input type=\"hidden\" name=\"client_ip_address\" id=\"fe449\" value=\"\"><div class=\"fields\"><input type=\"hidden\" name=\"CID\" id=\"fe198\" value=\"7010d000001KeaxAAC\"><input type=\"hidden\" name=\"CID_STATUS\" id=\"fe281\" value=\"\"><input type=\"hidden\" name=\"redirect_url\" id=\"fe217\" value=\"https:\/\/www.genesys.com\/pt-br\/campaign\/explore-o-genesys-cloud-cx-video-demo\"><input type=\"hidden\" name=\"landing_page_url\" id=\"fe204\" value=\"https:\/\/www.genesys.com\/pt-br\/wp-json\/wp\/v2\/pages\/105941\"><input type=\"hidden\" name=\"post_type\" id=\"fe448\" value=\"page\"><input type=\"hidden\" name=\"integration\" id=\"fe362\" value=\"\"><input type=\"hidden\" name=\"language_code\" id=\"fe479\" value=\"pt-br\"><input type=\"hidden\" name=\"full_url\" id=\"fe983\" value=\"https:\/\/www.genesys.com\/pt-br\/wp-json\/wp\/v2\/pages\/105941\"><input type=\"hidden\" name=\"post_id\" id=\"fe984\" value=\"105941\">\n    <div class=\"form-row row-email el_field form-floating\">\n        <input type=\"email\" class=\"form-control el_field elq-item-input required\" name=\"emailAddress\" id=\"fe192\" value=\"\" aria-label=\"Email Corporativo\" placeholder=\"Email Corporativo\">\n        <label for=\"fe192\">Email Corporativo<span class=\"required-asterisk\">*<\/span><\/label>\n    <\/div>\n    <div class=\"form-row cb_off el_field form-floating\">\n        <input type=\"text\" class=\"form-control el_field elq-item-input cb_off  required\" name=\"firstName\" id=\"fe190\" value=\"\" placeholder=\"Nome\">\n        <label for=\"fe190\">Nome<span class=\"required-asterisk\">*<\/span><\/label>\n    <\/div>\n    <div class=\"form-row cb_off el_field form-floating\">\n        <input type=\"text\" class=\"form-control el_field elq-item-input cb_off required\" name=\"lastName\" id=\"fe191\" value=\"\" placeholder=\"Sobrenome\">\n        <label for=\"fe191\">Sobrenome<span class=\"required-asterisk\">*<\/span><\/label>\n    <\/div>\n    <div class=\"form-row cb_off eloq_ppe el_field form-floating\">\n        <select class=\"form-select el_field elq-item-select cb_off required eloq_ppe\" id=\"fe219\" name=\"jobLevel1\" data-value=\"\">\n            <option selected=\"\" value=\"\"><\/option><option value=\"C-Level\">C-Level<\/option><option value=\"VP\">Vice Presidente<\/option><option value=\"Director\">Diretor<\/option><option value=\"Manager\">Gerente<\/option><option value=\"Principal\">Presidente<\/option><option value=\"Engineer \/ Architect\">Engenheiro\/Arquiteto<\/option><option value=\"Consultant\">Consultor<\/option><option value=\"Analyst\">Analista<\/option><option value=\"Partner\">Parceiro<\/option><option value=\"Staff\">Staff<\/option><option value=\"Unknown\">Desconhecida<\/option>\n        <\/select>\n        <label for=\"fe219\">N\u00edvel<span class=\"required-asterisk\">*<\/span><\/label>\n    <\/div>\n    <div class=\"form-row cb_off eloq_ppe el_field form-floating\">\n        <select class=\"form-select el_field elq-item-select cb_off required eloq_ppe\" id=\"fe218\" name=\"jobFunction1\" data-value=\"\">\n            <option selected=\"\" value=\"\"><\/option>\n            <option value=\"Claims\">Seguros<\/option><option value=\"Collections\">Cobran\u00e7as<\/option><option value=\"Contact Center Management\">Gerenciamento de Contact Center<\/option><option value=\"Customer Experience\">Experi\u00eancia do cliente<\/option><option value=\"Customer Service\">Atendimento ao cliente<\/option><option value=\"Ecommerce\/Digital Channels\">Ecommerce\/Canais digitais<\/option><option value=\"Finance\">Finan\u00e7as<\/option><option value=\"Human Resources\">Recursos Humanos<\/option><option value=\"Influencer\">Influenciador<\/option><option value=\"Information Technology\">Tecnologia da Informa\u00e7\u00e3o<\/option><option value=\"IT Architecture\">Arquitetura de TI<\/option><option value=\"IT Infrastructure\">Infraestrutura de TI<\/option><option value=\"IVR\">URA<\/option><option value=\"Marketing\">Marketing<\/option><option value=\"Operations \/ Process Management\">Opera\u00e7\u00f5es\/Gerenciamento de Processos<\/option><option value=\"Production Management\">Gerenciamento de Produ\u00e7\u00e3o<\/option><option value=\"Purchasing\">Compras<\/option><option value=\"Sales\">Vendas<\/option><option value=\"Unknown\">Desconhecida<\/option>\n        <\/select>\n        <label for=\"fe218\">Fun\u00e7\u00e3o<span class=\"required-asterisk\">*<\/span><\/label>\n    <\/div>\n    <div class=\"form-row cb_off eloq_ppe el_field form-floating\">\n        <input type=\"text\" class=\"form-control el_field elq-item-input cb_off required eloq_ppe\" name=\"company\" id=\"fe193\" value=\"\" placeholder=\"Empresa\">\n        <label for=\"fe193\">Empresa<span class=\"required-asterisk\">*<\/span><\/label>\n    <\/div>\n    <div class=\"form-row cb_off eloq_ppe el_field form-floating\">\n        <input type=\"tel\" class=\"form-control el_field elq-item-input cb_off required eloq_ppe\" name=\"busPhone\" id=\"fe215\" value=\"\" placeholder=\"Telefone\">\n        <label for=\"fe215\">Telefone<span class=\"required-asterisk\">*<\/span><\/label>\n    <\/div><div class=\"form-check single-checkbox-row form-row gdpr-field white-box \"><input type=\"checkbox\" class=\"el_field eloq_ppe\" name=\"explicitConsentEmailPhone\" id=\"fe224\" val=\"\"><label class=\"checkbox-aligned elq-item-label\" for=\"fe224\">Sim. Gostaria de receber informa\u00e7\u00e3o sobre a Genesys via e-mail ou telefone.<\/label><\/div><div class=\"single-checkbox-row form-row white-box \"><input type=\"checkbox\" class=\"el_field eloq_ppe\" name=\"contactMe\" id=\"fe509\" val=\"\"><label class=\"checkbox-aligned elq-item-label\" for=\"fe509\">Gostaria de ser contatado por um especialista do CX.<\/label><\/div><input type=\"hidden\" data-query=\"utm_medium\" name=\"utm_medium\" id=\"fe199\" value=\"\"><input type=\"hidden\" data-query=\"utm_source\" name=\"utm_source\" id=\"fe200\" value=\"\"><input type=\"hidden\" data-query=\"utm_campaign\" name=\"utm_campaign\" id=\"fe201\" value=\"\"><input type=\"hidden\" data-query=\"utm_term\" name=\"utm_term\" id=\"fe202\" value=\"\"><input type=\"hidden\" data-query=\"utm_content\" name=\"utm_content\" id=\"fe203\" value=\"\"><input type=\"hidden\" data-query=\"ost_tool\" name=\"ost_tool\" id=\"fe293\" value=\"\"><input type=\"hidden\" data-query=\"ost_campaign\" name=\"ost_campaign\" id=\"fe294\" value=\"\"><input type=\"hidden\" data-query=\"ost_content\" name=\"ost_content\" id=\"fe295\" value=\"\"><input type=\"hidden\" data-query=\"blaid\" name=\"eloquaBLAID_c\" id=\"fe3099\" value=\"\"><input type=\"hidden\" data-query=\"gclid\" name=\"gCLID1\" id=\"fe283\" value=\"\"><input type=\"hidden\" data-query=\"mkwid\" name=\"mKWID1\" id=\"fe678\" value=\"\"><input type=\"hidden\" name=\"gAClientID1\" id=\"fe284\" value=\"\"><input type=\"hidden\" name=\"noteCreatorTitle1\" id=\"fe313\" value=\"\"><input type=\"hidden\" name=\"webContentAutoResponderDefault\" id=\"fe286\" value=\"OFF\"><input type=\"hidden\" name=\"webContentAutoResponderTitle\" id=\"fe287\" value=\"\"><input type=\"hidden\" name=\"webContentAutoResponderURL\" id=\"fe288\" value=\"\"><input type=\"hidden\" name=\"noteCreator2\" id=\"fe478\" value=\"\"><input type=\"hidden\" class=\"yesprefill\" name=\"neverbounceResult1\" id=\"fe640\" value=\"OFF\"><input type=\"hidden\" class=\"yesprefill\" name=\"neverbounceFlags1\" id=\"fe641\" value=\"OFF\"><input type=\"hidden\" class=\"yesprefill\" name=\"neverbounceSuggestedCorrection1\" id=\"fe642\" value=\"6sense\"><input type=\"hidden\" name=\"clearbitPersonID1\" id=\"fe630\" value=\"\"><input type=\"hidden\" name=\"clearbitFieldCount1\" id=\"fe633\" value=\"\"><input type=\"hidden\" name=\"clearbitTitle1\" id=\"fe646\" value=\"\"><input type=\"hidden\" name=\"clearbitRole1\" id=\"fe631\" value=\"\"><input type=\"hidden\" name=\"clearbitNumberofEmployees1\" id=\"fe647\" value=\"\"><input type=\"hidden\" name=\"clearbitNumberofEmployeesRange1\" id=\"fe648\" value=\"\"><input type=\"hidden\" name=\"clearbitWebsite1\" id=\"fe802\" value=\"\"><input type=\"hidden\" name=\"browserUserAgent\" id=\"fe3319\" value=\"\"><input type=\"text\" class=\"honeypp\" name=\"honeypp\" id=\"honeypp\" value=\"\" ><input role=\"button\" aria-label=\"Quero uma demo perzonalizada\" type=\"Submit\" class=\"submit-button-style btn btn-primary \" value=\"Quero uma demo perzonalizada\" id=\"fe195\"><div class=\"loading\"><\/div><div class=\"gdpr-field form-row white-box legal\"><span>By providing your information, you agree to our <a href=\"https:\/\/www.genesys.com\/company\/legal\/privacy-policy\" target=\"_blank\">privacy policy<\/a>.<\/span><\/div><\/div><\/form><\/div>[\/vc_column][\/vc_row][\/vc_section][vc_section flair=&#8221;%5B%7B%22hide_mobile%22%3A%22yes%22%7D%5D&#8221;][vc_row][vc_column][vc_column_text css=&#8221;&#8221;]<\/p>\n<h2 style=\"text-align: center;\">Jornadas do cliente orquestradas com todo o poder da I.A, desde o primeiro contato at\u00e9 a lealdade duradoura. Conhe\u00e7a o Genesys Cloud e saiba o que podemos fazer por voc\u00ea.<\/h2>\n<p>[\/vc_column_text][\/vc_column][\/vc_row][vc_row equal_height=&#8221;yes&#8221;][vc_column width=&#8221;1\/4&#8243;]<div class=\"component card w-100 bgc-teal vertical text-center nomedia  chevron-only  \" ><div class=\"card-body\"><p class=\"text-60 font-swb\">50%<\/p>\n<p>Redu\u00e7\u00e3o de 50% nos custos.<\/p>\n<\/div><\/div>[\/vc_column][vc_column width=&#8221;1\/4&#8243;]<div class=\"component card w-100 bgc-yellow vertical text-center nomedia  chevron-only  \" ><div class=\"card-body\"><p class=\"text-60 font-swb\">97%<\/p>\n<p>Redu\u00e7\u00e3o de 97% na resolu\u00e7\u00e3o inicial<\/p>\n<\/div><\/div>[\/vc_column][vc_column width=&#8221;1\/4&#8243;]<div class=\"component card w-100 bgc-light-blue vertical text-center nomedia  chevron-only  \" ><div class=\"card-body\"><p class=\"text-60 font-swb\">100%<\/p>\n<p>100% de melhoria na efici\u00eancia dos agentes<\/p>\n<\/div><\/div>[\/vc_column][vc_column width=&#8221;1\/4&#8243;]<div class=\"component card w-100 bgc-orange vertical text-center nomedia  chevron-only  \" ><div class=\"card-body\"><p class=\"text-60 font-swb\">97%<\/p>\n<p>Redu\u00e7\u00e3o de 97% nas chamadas abandonadas<\/p>\n<\/div><\/div>[\/vc_column][\/vc_row][\/vc_section][vc_section flair=&#8221;%5B%7B%22hide_mobile%22%3A%22yes%22%7D%5D&#8221;][vc_row equal_height=&#8221;yes&#8221; content_placement=&#8221;middle&#8221;][vc_column css=&#8221;.vc_custom_1644010270935{margin-bottom: 50px !important;}&#8221;][vc_video link=&#8221;https:\/\/www.youtube.com\/watch?v=DQ-HjhKj11c&amp;list=PLFDeNMlFMQCNJ_McJsscHeJMtw0H3UMtH&amp;index=54&#8243;]<div class=\"btn-container justify-content-center \"><a role=\"button\"  class=\"btn btn-primary\" href=\"#form\" target=\"\" rel=\"\">Solicite uma demo<\/a><\/div>[\/vc_column][\/vc_row][\/vc_section][vc_section flair=&#8221;%5B%7B%22hide_mobile%22%3A%22yes%22%7D%5D&#8221;][vc_row][vc_column]<div class=\"chunk-template-container\" ><div class=\"wpb-content-wrapper\"><p>[vc_section flair=&#8221;%5B%5D&#8221; css=&#8221;.vc_custom_1714506662607{background-position: center !important;background-repeat: no-repeat !important;background-size: cover !important;}&#8221;][vc_row][vc_column]<a class=\"component-cta-block card w-100 h-100 bgc-lgray centered cta-text-end \"  href=\"\/pt-br\/resources\/gartner-magic-quadrant-for-contact-center-as-a-service\" target=\"\" rel=\"\"><div class=\"row align-items-center image-stack-flipped card-body\"><div class=\"col-image col-md-5 flex-column justify-content-center img-top-container no-offset\"><img decoding=\"async\" width=\"474\" height=\"298\" class=\"rounded\" src=\"https:\/\/www.genesys.com\/media\/Gartner_MQ_Chunkers_2025.png\" alt=\"\" ><\/div><div class=\"col-content col-md-7 mt-1 mt-lg-0\"><div class=\"content-container\"><p><img decoding=\"async\" class=\"attachment-thumbnail size-thumbnail vc_single_image-img\" style=\"max-width: 175px;\" src=\"https:\/\/www.genesys.com\/media\/d6672569-gartnerlogo-gray.svg\" sizes=\"(max-width: 264px) 100vw, 264px\" srcset=\"https:\/\/www.genesys.com\/media\/d6672569-gartnerlogo-gray.svg 264w, https:\/\/www.genesys.com\/media\/d6672569-gartnerlogo-gray.svg 300w, https:\/\/www.genesys.com\/media\/d6672569-gartnerlogo-gray.svg 566w, https:\/\/www.genesys.com\/media\/d6672569-gartnerlogo-gray.svg 1244w\" alt=\"Gartner logo\" width=\"264\" height=\"61\" \/><\/p>\n<p>Quadrante M\u00e1gico\u2122 do Gartner\u00ae 2025 para Contact Center como Servi\u00e7o<\/p>\n<p class=\"h5\">A Genesys foi nomeada uma L\u00edder pelo Gartner pelo 11\u00ba ano consecutivo<\/p>\n<\/div><div class=\" btn-container mt-2\"><div class=\"btn btn-primary\">Obtenha o relat\u00f3rio da Gartner<\/div><\/div><\/div><\/div><\/a>[\/vc_column][\/vc_row][\/vc_section]<\/p>\n<\/div><style type=\"text\/css\" data-type=\"vc_shortcodes-custom-css\">.vc_custom_1714506662607{background-position: center !important;background-repeat: no-repeat !important;background-size: cover !important;}<\/style><\/div>[\/vc_column][\/vc_row][\/vc_section][vc_section][vc_row][vc_column]<div class=\"btn-container justify-content-center \"><a role=\"button\"  class=\"btn btn-primary\" href=\"https:\/\/www.genesys.com\/pt-br\/customer-stories\" target=\"_blank\" rel=\"\">Casos de Successo na Am\u00e9rica Latina<\/a><\/div>[vc_row_inner][vc_column_inner][\/vc_column_inner][\/vc_row_inner][\/vc_column][\/vc_row][vc_row][vc_column width=&#8221;1\/3&#8243;]<div class=\"cqc-container h-100\"><div class=\"cqc-body h-100 vertical\"><div class=\"logo\">\n                <img decoding=\"async\" width=\"380\" height=\"380\" src=\"https:\/\/www.genesys.com\/media\/logo-cqc-Vivo.svg\" class=\"shadowed-lg\" alt=\"\"><\/div><div class=\"details rounded text-center shadow-lg  \"><blockquote class=\"pt-br\"><p>Entre as empresas que avaliamos, a Genesys demonstrou ser o fornecedor mais maduro do ponto de vista da tecnologia e o que ofereceu o melhor modelo de transi\u00e7\u00e3o, e esse foi o motivo pelo qual foi escolhida.<\/p>\n<\/blockquote><p class=\"attribution mb-1\"> \u2014 Rafael Grottoli, Director de TI, Vivo, Vivo<\/p><\/div><\/div><\/div>[\/vc_column][vc_column width=&#8221;1\/3&#8243;]<div class=\"cqc-container h-100\"><div class=\"cqc-body h-100 vertical\"><div class=\"logo\">\n                <img decoding=\"async\" width=\"440\" height=\"240\" src=\"https:\/\/www.genesys.com\/media\/BancoItau_ResourceThumbnail.jpg\" class=\"shadowed-lg\" alt=\"\"><\/div><div class=\"details rounded text-center shadow-lg  \"><blockquote class=\"pt-br\"><p>A Genesys est\u00e1 nos ajudando no desafio de integrar todos os tipos de contatos, centralizando as diversas m\u00eddias em um ambiente unificado, robusto e escal\u00e1vel.<\/p>\n<\/blockquote><p class=\"attribution mb-1\"> \u2014 Carlos Truffa, Telecom, Banco Itau. Telecom<\/p><\/div><\/div><\/div>[\/vc_column][vc_column width=&#8221;1\/3&#8243;]<div class=\"cqc-container h-100\"><div class=\"cqc-body h-100 vertical\"><div class=\"logo\">\n                <img decoding=\"async\" width=\"464\" height=\"464\" src=\"https:\/\/www.genesys.com\/media\/Circle-1.png\" class=\"shadowed-lg\" alt=\"\"><\/div><div class=\"details rounded text-center shadow-lg  \"><blockquote class=\"pt-br\"><p>A plataforma Genesys provou ser uma excelente op\u00e7\u00e3o. Conseguimos otimizar os recursos de atendimento e, principalmente, melhoramos os \u00edndices de produtividade e a satisfa\u00e7\u00e3o do nosso cliente.<\/p>\n<\/blockquote><p class=\"attribution mb-1\"> \u2014 Douglas Pina. Diretor-Geral de Mainstream de Frota e Mobilidade., Edenred Brasil<\/p><\/div><\/div><\/div>[\/vc_column][\/vc_row][vc_row][vc_column]<div  class=\"component-cta-block card w-100 h-100 bgc-light-blue centered cta-text-center \"><div class=\"card-body text-center col-content\"><h2 class=\"h3\">Crie jornadas do cliente entre canais e promova melhores resultados de neg\u00f3cio<\/h2>\n<div class=\" btn-container justify-content-center mt-2\"><a class=\"main-cta\" href=\"#form\" target=\"\" rel=\"\"><div class=\"shadow btn btn-secondary\">Solicite uma demo<\/div><\/a><a role=\"button\" class=\"btn btn-ff-secondary ms-lg-1 ms-sm-0\" href=\"\/pt-br\/contact-us\" target=\"_blank\" rel=\"\">Fale Conosco<\/a><\/div><\/div><\/div>[\/vc_column][\/vc_row][\/vc_section]<\/p>\n<\/div>","protected":false},"excerpt":{"rendered":"<p>[vc_section g_section_overflow=&#8221;visible&#8221; g_section_text=&#8221;white&#8221; m_background_color=&#8221;bgc-navy&#8221; flair=&#8221;%5B%7B%22flair_image%22%3A%22449983%22%2C%22flair_width%22%3A%22100%25%22%2C%22flair_height%22%3A%22115%25%22%2C%22flair_top%22%3A%220%22%2C%22flair_left%22%3A%220%22%2C%22hide_mobile%22%3A%22yes%22%7D%5D&#8221; el_id=&#8221;form&#8221;][vc_row equal_height=&#8221;yes&#8221; content_placement=&#8221;middle&#8221;][vc_column width=&#8221;1\/2&#8243;][vc_column_text css=&#8221;.vc_custom_1683666253934{padding-bottom: 20px !important;}&#8221;] Evolua seu Contact Center na Nuvem e transforme a Experi\u00eancia de clientes e colaboradores com o Genesys Cloud. Cloud Contact Center (CCaaS), Customer Experience (CX) e Employee Experience (EX)[\/vc_column_text][\/vc_column][vc_column width=&#8221;1\/2&#8243;][\/vc_column][\/vc_row][\/vc_section][vc_section flair=&#8221;%5B%7B%22hide_mobile%22%3A%22yes%22%7D%5D&#8221;][vc_row][vc_column][vc_column_text css=&#8221;&#8221;] Jornadas do cliente orquestradas com todo o poder da I.A, desde [&hellip;]<\/p>\n","protected":false},"author":1,"featured_media":0,"parent":0,"menu_order":4,"comment_status":"closed","ping_status":"closed","template":"","meta":{"_acf_changed":false,"footnotes":""},"class_list":["post-105941","page","type-page","status-publish","hentry"],"acf":[],"_links":{"self":[{"href":"https:\/\/www.genesys.com\/pt-br\/wp-json\/wp\/v2\/pages\/105941","targetHints":{"allow":["GET"]}}],"collection":[{"href":"https:\/\/www.genesys.com\/pt-br\/wp-json\/wp\/v2\/pages"}],"about":[{"href":"https:\/\/www.genesys.com\/pt-br\/wp-json\/wp\/v2\/types\/page"}],"author":[{"embeddable":true,"href":"https:\/\/www.genesys.com\/pt-br\/wp-json\/wp\/v2\/users\/1"}],"replies":[{"embeddable":true,"href":"https:\/\/www.genesys.com\/pt-br\/wp-json\/wp\/v2\/comments?post=105941"}],"version-history":[{"count":8,"href":"https:\/\/www.genesys.com\/pt-br\/wp-json\/wp\/v2\/pages\/105941\/revisions"}],"predecessor-version":[{"id":522393,"href":"https:\/\/www.genesys.com\/pt-br\/wp-json\/wp\/v2\/pages\/105941\/revisions\/522393"}],"wp:attachment":[{"href":"https:\/\/www.genesys.com\/pt-br\/wp-json\/wp\/v2\/media?parent=105941"}],"curies":[{"name":"wp","href":"https:\/\/api.w.org\/{rel}","templated":true}]}}