{"id":105939,"date":"2018-10-26T14:17:50","date_gmt":"2018-10-26T21:17:50","guid":{"rendered":"https:\/\/www.genesys.com\/?page_id=105939"},"modified":"2026-04-07T08:54:42","modified_gmt":"2026-04-07T15:54:42","slug":"contact-us","status":"publish","type":"page","link":"https:\/\/www.genesys.com\/pt-br\/contact-us","title":{"rendered":"Fale conosco"},"content":{"rendered":"<div class=\"wpb-content-wrapper\"><p>[vc_section background_color=&#8221;bgc-lgray&#8221; flair=&#8221;%5B%7B%22hide_mobile%22%3A%22yes%22%7D%5D&#8221;][vc_row][vc_column][vc_column_text css=&#8221;&#8221;]<\/p>\n<h1 style=\"text-align: center;\"><strong data-start=\"1325\" data-end=\"1382\">Fale com especialistas em experi\u00eancia do cliente e IA<\/strong><\/h1>\n<p class=\"text-22\" style=\"text-align: center;\">Descubra como automatizar o atendimento, reduzir custos e melhorar a experi\u00eancia em todos os canais.<\/p>\n<p>[\/vc_column_text][\/vc_column][\/vc_row][vc_row][vc_column width=&#8221;2\/3&#8243;]<div class=\"eloq_form elq-container gmkto_form_type_contact gmkto_format_horizontal\"><form method=\"post\" name=\"MasterLeadIntakeForm\" action=\"https:\/\/s1260946616.t.eloqua.com\/e\/f2\" data-proc=\"inline\" data-ppcount=\"5\" onsubmit=\"return proc_submit(this);\" class=\"beam-form elq-form init yesknown yesprefill yespp strict-check\"  data-target=\".thank-you\" ><div id=\"known_person\" style=\"display:none;\"><p class=\"welcome_user\"><span id=\"welcome_person\">Welcome back<\/span> <span id=\"person_info\"><span class=\"person_first\"><\/span>&nbsp;<span class=\"person_last\"><\/span><\/span><\/p><p class=\"delete_button\"><a class=\"deletemyrecord\">Not You?<\/a><\/p>\n    <div class=\"form-row cb_available white-box work-email el_field form-floating\">\n        <input type=\"email\" class=\"form-control el_field elq-item-input cb_available  required\" name=\"secondaryEmailAddress1\" id=\"fe644\" value=\"\" placeholder=\"Please provide your work email\">\n        <label for=\"fe644\">Please provide your work email<span class=\"required-asterisk\">*<\/span><\/label>\n    <\/div><\/div><input value=\"MasterLeadIntakeForm\" type=\"hidden\" name=\"elqFormName\"><input value=\"1260946616\" type=\"hidden\" name=\"elqSiteId\"><input name=\"elqCampaignId\" type=\"hidden\"><input type=\"hidden\" name=\"elqCustomerGUID\" value=\"\"><input type=\"hidden\" name=\"elqCookieWrite\" value=\"0\"><input type=\"hidden\" name=\"client_ip_address\" id=\"fe449\" value=\"\"><div class=\"fields\"><input type=\"hidden\" name=\"CID\" id=\"fe198\" value=\"701U0000000UtZl\"><input type=\"hidden\" name=\"CID_STATUS\" id=\"fe281\" value=\"\"><input type=\"hidden\" name=\"redirect_url\" id=\"fe217\" value=\"\"><input type=\"hidden\" name=\"landing_page_url\" id=\"fe204\" value=\"https:\/\/www.genesys.com\/pt-br\/wp-json\/wp\/v2\/pages\/105939\"><input type=\"hidden\" name=\"post_type\" id=\"fe448\" value=\"page\"><input type=\"hidden\" name=\"integration\" id=\"fe362\" value=\"\"><input type=\"hidden\" name=\"language_code\" id=\"fe479\" value=\"pt-br\"><input type=\"hidden\" name=\"full_url\" id=\"fe983\" value=\"https:\/\/www.genesys.com\/pt-br\/wp-json\/wp\/v2\/pages\/105939\"><input type=\"hidden\" name=\"post_id\" id=\"fe984\" value=\"105939\">\n    <div class=\"form-row row-email el_field form-floating\">\n        <input type=\"email\" class=\"form-control el_field elq-item-input required\" name=\"emailAddress\" id=\"fe192\" value=\"\" aria-label=\"Email Corporativo\" placeholder=\"Email Corporativo\">\n        <label for=\"fe192\">Email Corporativo<span class=\"required-asterisk\">*<\/span><\/label>\n    <\/div>\n    <div class=\"form-row cb_available el_field form-floating\">\n        <input type=\"text\" class=\"form-control el_field elq-item-input cb_available  required\" name=\"firstName\" id=\"fe190\" value=\"\" placeholder=\"Nome\">\n        <label for=\"fe190\">Nome<span class=\"required-asterisk\">*<\/span><\/label>\n    <\/div>\n    <div class=\"form-row cb_available el_field form-floating\">\n        <input type=\"text\" class=\"form-control el_field elq-item-input cb_available required\" name=\"lastName\" id=\"fe191\" value=\"\" placeholder=\"Sobrenome\">\n        <label for=\"fe191\">Sobrenome<span class=\"required-asterisk\">*<\/span><\/label>\n    <\/div>\n    <div class=\"form-row form-floating el_field\">\n        <input type=\"tel\" class=\"form-control el_field elq-item-input required pre-exclude\" name=\"busPhone\" id=\"fe215\" value=\"\" placeholder=\"Telefone\">\n        <label for=\"fe215\">Telefone<span class=\"required-asterisk\">*<\/span><\/label>\n    <\/div>\n    <div class=\"form-row cb_available eloq_ppe el_field form-floating\">\n        <select class=\"form-select el_field elq-item-select cb_available required eloq_ppe\" id=\"fe219\" name=\"jobLevel1\" data-value=\"\">\n            <option selected=\"\" value=\"\"><\/option><option value=\"C-Level\">C-Level<\/option><option value=\"VP\">Vice Presidente<\/option><option value=\"Director\">Diretor<\/option><option value=\"Manager\">Gerente<\/option><option value=\"Principal\">Presidente<\/option><option value=\"Engineer \/ Architect\">Engenheiro\/Arquiteto<\/option><option value=\"Consultant\">Consultor<\/option><option value=\"Analyst\">Analista<\/option><option value=\"Partner\">Parceiro<\/option><option value=\"Staff\">Staff<\/option><option value=\"Unknown\">Desconhecida<\/option>\n        <\/select>\n        <label for=\"fe219\">N\u00edvel<span class=\"required-asterisk\">*<\/span><\/label>\n    <\/div>\n    <div class=\"form-row cb_available eloq_ppe el_field form-floating\">\n        <select class=\"form-select el_field elq-item-select cb_available required eloq_ppe\" id=\"fe218\" name=\"jobFunction1\" data-value=\"\">\n            <option selected=\"\" value=\"\"><\/option>\n            <option value=\"Claims\">Seguros<\/option><option value=\"Collections\">Cobran\u00e7as<\/option><option value=\"Contact Center Management\">Gerenciamento de Contact Center<\/option><option value=\"Customer Experience\">Experi\u00eancia do cliente<\/option><option value=\"Customer Service\">Atendimento ao cliente<\/option><option value=\"Ecommerce\/Digital Channels\">Ecommerce\/Canais digitais<\/option><option value=\"Finance\">Finan\u00e7as<\/option><option value=\"Human Resources\">Recursos Humanos<\/option><option value=\"Influencer\">Influenciador<\/option><option value=\"Information Technology\">Tecnologia da Informa\u00e7\u00e3o<\/option><option value=\"IT Architecture\">Arquitetura de TI<\/option><option value=\"IT Infrastructure\">Infraestrutura de TI<\/option><option value=\"IVR\">URA<\/option><option value=\"Marketing\">Marketing<\/option><option value=\"Operations \/ Process Management\">Opera\u00e7\u00f5es\/Gerenciamento de Processos<\/option><option value=\"Production Management\">Gerenciamento de Produ\u00e7\u00e3o<\/option><option value=\"Purchasing\">Compras<\/option><option value=\"Sales\">Vendas<\/option><option value=\"Unknown\">Desconhecida<\/option>\n        <\/select>\n        <label for=\"fe218\">Fun\u00e7\u00e3o<span class=\"required-asterisk\">*<\/span><\/label>\n    <\/div>\n    <div class=\"form-row cb_available eloq_ppe el_field form-floating\">\n        <input type=\"text\" class=\"form-control el_field elq-item-input cb_available required eloq_ppe\" name=\"company\" id=\"fe193\" value=\"\" placeholder=\"Empresa\">\n        <label for=\"fe193\">Empresa<span class=\"required-asterisk\">*<\/span><\/label>\n    <\/div>\n    <div class=\"form-row cb_available eloq_ppe el_field form-floating\">\n        <select class=\"form-select el_field elq-item-select cb_available required eloq_ppe\" id=\"fe194\" name=\"country\" data-value=\"\">\n            <option value=\"\"><\/option>\n            <!-- Add country options here -->\n        <\/select>\n        <label for=\"fe194\">Pa\u00eds<span class=\"required-asterisk\">*<\/span><\/label>\n    <\/div>\n    <div class=\"form-row cb_available country_dep el_field form-floating\">\n        <select class=\"form-select el_field elq-item-select cb_available required eloq_ppe\" id=\"fe214\" name=\"stateProv\" data-value=\"\">\n            <option selected=\"\" value=\"\"><\/option>\n        <\/select>\n        <label for=\"fe214\">Estado<span class=\"required-asterisk\">*<\/span><\/label>\n    <\/div>\n    <div class=\"form-row cb_available eloq_ppe el_field form-floating\">\n        <input type=\"text\" class=\"form-control el_field elq-item-input cb_available required eloq_ppe\" name=\"website1\" id=\"fe801\" value=\"\" placeholder=\"Your Website\">\n        <label for=\"fe801\">Your Website<span class=\"required-asterisk\">*<\/span><\/label>\n    <\/div>\n    <div class=\"form-row cb_available eloq_ppe el_field form-floating\">\n        <input type=\"text\" class=\"form-control el_field elq-item-input cb_available required eloq_ppe\" name=\"city\" id=\"fe226\" value=\"\" placeholder=\"Cidade\">\n        <label for=\"fe226\">Cidade<span class=\"required-asterisk\">*<\/span><\/label>\n    <\/div>\n    <div class=\"form-row cb_available eloq_ppe el_field form-floating\">\n        <input type=\"text\" class=\"form-control el_field elq-item-input cb_available required eloq_ppe\" name=\"title\" id=\"fe220\" value=\"\" placeholder=\"Cargo\">\n        <label for=\"fe220\">Cargo<span class=\"required-asterisk\">*<\/span><\/label>\n    <\/div>\n    <div class=\"form-row cb_available eloq_ppe el_field form-floating\">\n        <select class=\"form-select el_field elq-item-select cb_available required eloq_ppe\" id=\"fe221\" name=\"industry1\" data-value=\"\">\n            <option value=\"\" ><\/option>\n            <option value=\"Banking\">Servi\u00e7os banc\u00e1rios<\/option><option value=\"Business Services\">Presta\u00e7\u00e3o de servi\u00e7os a empresas<\/option><option value=\"Capital Markets\">Mercado de Capitais<\/option><option value=\"Communications\">Ag\u00eancia de Comunica\u00e7\u00e3o<\/option><option value=\"Consumer Products\">Bens de Consumo<\/option><option value=\"Defense & Intelligence\">Defesa & Intelig\u00eancia<\/option><option value=\"Education & Non-Profit\">Educa\u00e7\u00e3o<\/option><option value=\"Energy & Utilities\">Energia & Utilities<\/option><option value=\"Entertainment\">Entretenimento<\/option><option value=\"Government\">Governo<\/option><option value=\"Insurance\">Seguros<\/option><option value=\"Life Sciences\">Bioci\u00eancia<\/option><option value=\"Logistics\">Log\u00edstica<\/option><option value=\"Manufacturing\">Manufacturing<\/option><option value=\"Payors\">Payors<\/option><option value=\"Providers\">Provedores<\/option><option value=\"Retailers\">Varejo<\/option><option value=\"Technology\">Tecnologia<\/option><option value=\"Travel & Hospitality\">Viagem & Hospedagem<\/option><option value=\"Retail Banking\">Banco de Varejo<\/option><option value=\"Other\">Outro<\/option>\n        <\/select>\n        <label for=\"fe221\">Ind\u00fastria<span class=\"required-asterisk\">*<\/span><\/label>\n    <\/div>\n    <div class=\"form-row cb_available eloq_ppe el_field form-floating\">\n        <select class=\"form-select el_field elq-item-select cb_available required eloq_ppe\" id=\"fe222\" name=\"levelofInterest1\" data-value=\"\">\n            <option value=\"\"><\/option>\n            <option value=\"Just researching\">Apenas pesquisando<\/option><option value=\"Gathering business requirements\">Consolidando requisitos de neg\u00f3cios<\/option><option value=\"Comparing solutions\">Comparando solu\u00e7\u00f5es<\/option><option value=\"Ready for a conversation\">Pronto para uma conversa<\/option>\n        <\/select>\n        <label for=\"fe222\">N\u00edvel de Interesse<span class=\"required-asterisk\">*<\/span><\/label>\n    <\/div>\n    <div class=\"form-row cb_available eloq_ppe el_field form-floating\">\n        <select class=\"form-select el_field elq-item-select cb_available required eloq_ppe\" id=\"fe225\" name=\"numberofAgentsForm1\" data-value=\"\">\n            <option value=\"\"><\/option>\n            <option value=\"1-20\">Entre 1 e 20<\/option><option value=\"21-50\">De 21 a 50<\/option><option value=\"51-100\">De 51 a 100<\/option><option value=\"101-300\">De 101 a 300<\/option><option value=\"301-500\">De 301 a 500<\/option><option value=\"501-1000\">De 501 a 1.000<\/option><option value=\">1000\">&gt;1000<\/option><option value=\"No Contact Center\">Sem contact center<\/option><option value=\"Don't Know\">N\u00e3o sei<\/option>\n        <\/select>\n        <label for=\"fe225\">N\u00famero de posi\u00e7\u00f5es de agentes<span class=\"required-asterisk\">*<\/span><\/label>\n    <\/div>\n    <div class=\"form-row row-textarea el_field form-floating\">\n        <textarea name=\"noteCreator1\" id=\"fe285\" style=\"height: 100px\" rows=\"2\" class=\"form-control el_field elq-item-input required\" placeholder=\"Quais s\u00e3o suas necessidades?\"><\/textarea>\n        <label for=\"fe285\">Quais s\u00e3o suas necessidades?<span class=\"required-asterisk\">*<\/span><\/label>\n    <\/div><div class=\"form-check single-checkbox-row form-row gdpr-field white-box \"><input type=\"checkbox\" class=\"el_field eloq_ppe\" name=\"explicitConsentEmailPhone\" id=\"fe224\" val=\"\"><label class=\"checkbox-aligned elq-item-label\" for=\"fe224\">Sim. Gostaria de receber informa\u00e7\u00e3o sobre a Genesys via e-mail ou telefone.<\/label><\/div><input type=\"hidden\" data-query=\"utm_medium\" name=\"utm_medium\" id=\"fe199\" value=\"\"><input type=\"hidden\" data-query=\"utm_source\" name=\"utm_source\" id=\"fe200\" value=\"\"><input type=\"hidden\" data-query=\"utm_campaign\" name=\"utm_campaign\" id=\"fe201\" value=\"\"><input type=\"hidden\" data-query=\"utm_term\" name=\"utm_term\" id=\"fe202\" value=\"\"><input type=\"hidden\" data-query=\"utm_content\" name=\"utm_content\" id=\"fe203\" value=\"\"><input type=\"hidden\" data-query=\"ost_tool\" name=\"ost_tool\" id=\"fe293\" value=\"\"><input type=\"hidden\" data-query=\"ost_campaign\" name=\"ost_campaign\" id=\"fe294\" value=\"\"><input type=\"hidden\" data-query=\"ost_content\" name=\"ost_content\" id=\"fe295\" value=\"\"><input type=\"hidden\" data-query=\"blaid\" name=\"eloquaBLAID_c\" id=\"fe3099\" value=\"\"><input type=\"hidden\" data-query=\"gclid\" name=\"gCLID1\" id=\"fe283\" value=\"\"><input type=\"hidden\" data-query=\"mkwid\" name=\"mKWID1\" id=\"fe678\" value=\"\"><input type=\"hidden\" name=\"gAClientID1\" id=\"fe284\" value=\"\"><input type=\"hidden\" name=\"noteCreatorTitle1\" id=\"fe313\" value=\"\"><input type=\"hidden\" name=\"webContentAutoResponderDefault\" id=\"fe286\" value=\"Hot Lead\"><input type=\"hidden\" name=\"webContentAutoResponderTitle\" id=\"fe287\" value=\"\"><input type=\"hidden\" name=\"webContentAutoResponderURL\" id=\"fe288\" value=\"\"><input type=\"hidden\" name=\"noteCreator2\" id=\"fe478\" value=\"\"><input type=\"hidden\" class=\"yesprefill\" name=\"neverbounceResult1\" id=\"fe640\" value=\"OFF\"><input type=\"hidden\" class=\"yesprefill\" name=\"neverbounceFlags1\" id=\"fe641\" value=\"OFF\"><input type=\"hidden\" class=\"yesprefill\" name=\"neverbounceSuggestedCorrection1\" id=\"fe642\" value=\"6sense\"><input type=\"hidden\" name=\"clearbitPersonID1\" id=\"fe630\" value=\"\"><input type=\"hidden\" name=\"clearbitFieldCount1\" id=\"fe633\" value=\"\"><input type=\"hidden\" name=\"clearbitTitle1\" id=\"fe646\" value=\"\"><input type=\"hidden\" name=\"clearbitRole1\" id=\"fe631\" value=\"\"><input type=\"hidden\" name=\"clearbitNumberofEmployees1\" id=\"fe647\" value=\"\"><input type=\"hidden\" name=\"clearbitNumberofEmployeesRange1\" id=\"fe648\" value=\"\"><input type=\"hidden\" name=\"clearbitWebsite1\" id=\"fe802\" value=\"\"><input type=\"hidden\" name=\"browserUserAgent\" id=\"fe3319\" value=\"\"><input type=\"text\" class=\"honeypp\" name=\"honeypp\" id=\"honeypp\" value=\"\" ><input role=\"button\" aria-label=\"Fale conosco\" type=\"Submit\" class=\"submit-button-style btn btn-primary \" value=\"Fale conosco\" id=\"fe195\"><div class=\"loading\"><\/div><div class=\"gdpr-field form-row white-box legal\"><span>By providing your information, you agree to our <a href=\"https:\/\/www.genesys.com\/company\/legal\/privacy-policy\" target=\"_blank\">privacy policy<\/a>.<\/span><\/div><\/div><\/form><\/div>[vc_column_text css=&#8221;&#8221; el_class=&#8221;thank-you&#8221;]<\/p>\n<p class=\"h4 font-weight-bold\" style=\"text-align: center;\">Obrigado pelo seu interesse.<\/p>\n<p style=\"text-align: center;\">Entraremos em contato com voc\u00ea para agendar o dia e o hor\u00e1rio mais conveniente.<\/p>\n<p>[\/vc_column_text][\/vc_column][vc_column width=&#8221;1\/3&#8243;][vc_column_text css=&#8221;&#8221;]<\/p>\n<h2 class=\"h5\">S\u00e3o Paulo<\/h2>\n<p>Av. Das Na\u00e7\u00f5es Unidas,<br \/>\n12.995 \u2013 20\u00ba andar 04578-000 \u2013<br \/>\nS\u00e3o Paulo, SP Brazil<br \/>\nPhone: +55 11 3197 8004[\/vc_column_text]<div class=\"btn-container  \"><a role=\"button\"  class=\"arrow arrow-primary\" href=\"https:\/\/www.genesys.com\/global-offices\" target=\"\" rel=\"\">Conhe\u00e7a os nossos escrit\u00f3rios<\/a><\/div>[\/vc_column][\/vc_row][\/vc_section][vc_section][vc_row][vc_column width=&#8221;1\/3&#8243;][vc_video link=&#8221;https:\/\/youtu.be\/Mp65oMUUqGY&#8221;][\/vc_column][vc_column width=&#8221;1\/3&#8243;][vc_video link=&#8221;https:\/\/youtu.be\/sQLGwivZ2s8&#8243;][\/vc_column][vc_column width=&#8221;1\/3&#8243;][vc_video link=&#8221;https:\/\/youtu.be\/nnQSS9CHveQ&#8221;][\/vc_column][\/vc_row][\/vc_section]<\/p>\n<\/div>","protected":false},"excerpt":{"rendered":"<p>[vc_section background_color=&#8221;bgc-lgray&#8221; flair=&#8221;%5B%7B%22hide_mobile%22%3A%22yes%22%7D%5D&#8221;][vc_row][vc_column][vc_column_text css=&#8221;&#8221;] Fale com especialistas em experi\u00eancia do cliente e IA Descubra como automatizar o atendimento, reduzir custos e melhorar a experi\u00eancia em todos os canais. [\/vc_column_text][\/vc_column][\/vc_row][vc_row][vc_column width=&#8221;2\/3&#8243;][vc_column_text css=&#8221;&#8221; el_class=&#8221;thank-you&#8221;] Obrigado pelo seu interesse. Entraremos em contato com voc\u00ea para agendar o dia e o hor\u00e1rio mais conveniente. [\/vc_column_text][\/vc_column][vc_column width=&#8221;1\/3&#8243;][vc_column_text css=&#8221;&#8221;] S\u00e3o Paulo [&hellip;]<\/p>\n","protected":false},"author":1,"featured_media":0,"parent":0,"menu_order":3,"comment_status":"closed","ping_status":"closed","template":"","meta":{"_acf_changed":false,"footnotes":""},"class_list":["post-105939","page","type-page","status-publish","hentry"],"acf":[],"_links":{"self":[{"href":"https:\/\/www.genesys.com\/pt-br\/wp-json\/wp\/v2\/pages\/105939","targetHints":{"allow":["GET"]}}],"collection":[{"href":"https:\/\/www.genesys.com\/pt-br\/wp-json\/wp\/v2\/pages"}],"about":[{"href":"https:\/\/www.genesys.com\/pt-br\/wp-json\/wp\/v2\/types\/page"}],"author":[{"embeddable":true,"href":"https:\/\/www.genesys.com\/pt-br\/wp-json\/wp\/v2\/users\/1"}],"replies":[{"embeddable":true,"href":"https:\/\/www.genesys.com\/pt-br\/wp-json\/wp\/v2\/comments?post=105939"}],"version-history":[{"count":18,"href":"https:\/\/www.genesys.com\/pt-br\/wp-json\/wp\/v2\/pages\/105939\/revisions"}],"predecessor-version":[{"id":621589,"href":"https:\/\/www.genesys.com\/pt-br\/wp-json\/wp\/v2\/pages\/105939\/revisions\/621589"}],"wp:attachment":[{"href":"https:\/\/www.genesys.com\/pt-br\/wp-json\/wp\/v2\/media?parent=105939"}],"curies":[{"name":"wp","href":"https:\/\/api.w.org\/{rel}","templated":true}]}}