{"id":104892,"date":"2018-10-26T14:18:14","date_gmt":"2018-10-26T21:18:14","guid":{"rendered":"https:\/\/www.genesys.com\/?page_id=104892"},"modified":"2021-02-09T23:53:14","modified_gmt":"2021-02-10T07:53:14","slug":"purebridge-for-individuals","status":"publish","type":"page","link":"https:\/\/www.genesys.com\/pt-br\/better-results\/purebridge-for-individuals","title":{"rendered":"PureBridge para profissionais"},"content":{"rendered":"<div class=\"wpb-content-wrapper\"><p>[vc_section full_width=&#8221;stretch_row&#8221; el_class=&#8221;section_header&#8221; css=&#8221;.vc_custom_1524059717904{background-image: url(https:\/\/www.genesys.com\/media\/Customer-Experience-Achieve-Better-Results.jpg?id=8346) !important;}&#8221;][vc_row equal_height=&#8221;yes&#8221; content_placement=&#8221;middle&#8221;][vc_column][vc_column_text]<\/p>\n<h1>Torne-se um campe\u00e3o em experi\u00eancia do cliente<\/h1>\n<p>[\/vc_column_text][\/vc_column][\/vc_row][\/vc_section][vc_section full_width=&#8221;stretch_row&#8221; el_class=&#8221;cta-bar&#8221; css=&#8221;.vc_custom_1522458207688{padding-top: 0px !important;padding-bottom: 0px !important;}&#8221;][vc_row full_width=&#8221;stretch_row&#8221; css=&#8221;.vc_custom_1522458201976{padding-top: 0px !important;padding-bottom: 0px !important;}&#8221;][vc_column][\/vc_column][\/vc_row][\/vc_section][vc_section full_width=&#8221;stretch_row&#8221;][vc_row][vc_column][vc_column_text]<\/p>\n<h2 style=\"text-align: center;\">Obtenha as habilidades que voc\u00ea necessita<\/h2>\n<p style=\"text-align: center;\"><span style=\"font-weight: 400;\">No mercado atual orientado por dados e servi\u00e7os, as habilidades em experi\u00eancia do cliente s\u00e3o mais procuradas do que nunca. Os consumidores s\u00e3o mais &#8220;m\u00f3veis&#8221;, esperam obter facilidade de uso e a capacidade de se conectar com as empresas quando e como desejam.<\/span><\/p>\n<p style=\"text-align: center;\"><span style=\"font-weight: 400;\">Aproveite as vantagens dos cursos on-line gratuitos da Genesys para acompanhar as tend\u00eancias e os avan\u00e7os tecnol\u00f3gicos da experi\u00eancia do cliente (CX) no mundo dos neg\u00f3cios. Explorar a\u00a0<a href=\"https:\/\/purebridge.genesys.com\/cx-masters-series\/\">CX Master Series<\/a>, pequenas sess\u00f5es interativas que apresentam clientes reais e seus desafios de CX, al\u00e9m de especialistas que orientar\u00e3o voc\u00ea em v\u00e1rios cen\u00e1rios. Confira tamb\u00e9m o\u00a0<a href=\"\/campaign\/take-the-course-today\">Curso de certifica\u00e7\u00e3o para profissionais de CX\u00a0<\/a>para aprender sobre o mapeamento de jornadas, desenvolvimento de personas e o que a voz do cliente realmente significa para a sua estrat\u00e9gia de CX.<\/span><\/p>\n<p>[\/vc_column_text][\/vc_column][\/vc_row][\/vc_section][vc_section full_width=&#8221;stretch_row&#8221; disable_element=&#8221;yes&#8221;][vc_row full_width=&#8221;stretch_row&#8221;][vc_column]<div class=\"db_cta_dynamic align-center style-dark\" data-offset=\"0\" data-section-bg=\"https:\/\/www.genesys.com\/media\/V2-CTA-BANNER.jpg\" data-limit=\"1\" data-result=\"%5B%5D\"><h3>Fa\u00e7a o novo curso Mestre em CX<\/h3><div class=\"genesys-button medium align-center genesys-white \"><a href=\"https:\/\/purebridge.genesys.com\/cx-masters-series\/\" target=\"_blank\" rel=\"\">Comece agora<\/a><\/div><\/div>[\/vc_column][\/vc_row][\/vc_section][vc_section full_width=&#8221;stretch_row&#8221;][vc_row equal_height=&#8221;yes&#8221; content_placement=&#8221;middle&#8221;][vc_column][vc_column_text]<\/p>\n<h2 style=\"text-align: center;\">Check your customer experience expertise<\/h2>\n<p>[\/vc_column_text][\/vc_column][\/vc_row][vc_row el_class=&#8221;no-bg&#8221;][vc_column width=&#8221;1\/3&#8243;]<div class=\"box-cta\"><div class=\"box-focus overlay-default\" style=\"background-image:url('')\"><a class=\"box-link\" href=\"\/campaign\/take-the-course-today\" target=\"\" rel=\"\"><div class=\"box-space\"><div class=\"box-equal\"><img decoding=\"async\" class=\"box-image\" src=\"https:\/\/www.genesys.com\/media\/trophy-award.svg\" alt=\"Awards & recognitions\"><div class=\"box-content\"><h4>Become a customer experience champion<\/h4>\n<p>Take the FREE CX Professional Accreditation course and get the foundation to create an excellent customer experience.<\/p>\n<\/div><div class=\"box-cta-button\">Comece agora<\/div><\/div><\/div><\/a><\/div><\/div>[\/vc_column][\/vc_row][\/vc_section]<\/p>\n<\/div>","protected":false},"excerpt":{"rendered":"<p>[vc_section full_width=&#8221;stretch_row&#8221; el_class=&#8221;section_header&#8221; css=&#8221;.vc_custom_1524059717904{background-image: url(https:\/\/www.genesys.com\/media\/Customer-Experience-Achieve-Better-Results.jpg?id=8346) !important;}&#8221;][vc_row equal_height=&#8221;yes&#8221; content_placement=&#8221;middle&#8221;][vc_column][vc_column_text] Torne-se um campe\u00e3o em experi\u00eancia do cliente [\/vc_column_text][\/vc_column][\/vc_row][\/vc_section][vc_section full_width=&#8221;stretch_row&#8221; el_class=&#8221;cta-bar&#8221; css=&#8221;.vc_custom_1522458207688{padding-top: 0px !important;padding-bottom: 0px !important;}&#8221;][vc_row full_width=&#8221;stretch_row&#8221; css=&#8221;.vc_custom_1522458201976{padding-top: 0px !important;padding-bottom: 0px !important;}&#8221;][vc_column][\/vc_column][\/vc_row][\/vc_section][vc_section full_width=&#8221;stretch_row&#8221;][vc_row][vc_column][vc_column_text] Obtenha as habilidades que voc\u00ea necessita No mercado atual orientado por dados e servi\u00e7os, as habilidades em experi\u00eancia do cliente s\u00e3o mais procuradas do que [&hellip;]<\/p>\n","protected":false},"author":15,"featured_media":11515,"parent":104864,"menu_order":0,"comment_status":"closed","ping_status":"closed","template":"","meta":{"_acf_changed":false,"footnotes":""},"class_list":["post-104892","page","type-page","status-publish","has-post-thumbnail","hentry"],"acf":[],"_links":{"self":[{"href":"https:\/\/www.genesys.com\/pt-br\/wp-json\/wp\/v2\/pages\/104892","targetHints":{"allow":["GET"]}}],"collection":[{"href":"https:\/\/www.genesys.com\/pt-br\/wp-json\/wp\/v2\/pages"}],"about":[{"href":"https:\/\/www.genesys.com\/pt-br\/wp-json\/wp\/v2\/types\/page"}],"author":[{"embeddable":true,"href":"https:\/\/www.genesys.com\/pt-br\/wp-json\/wp\/v2\/users\/15"}],"replies":[{"embeddable":true,"href":"https:\/\/www.genesys.com\/pt-br\/wp-json\/wp\/v2\/comments?post=104892"}],"version-history":[{"count":5,"href":"https:\/\/www.genesys.com\/pt-br\/wp-json\/wp\/v2\/pages\/104892\/revisions"}],"predecessor-version":[{"id":363675,"href":"https:\/\/www.genesys.com\/pt-br\/wp-json\/wp\/v2\/pages\/104892\/revisions\/363675"}],"up":[{"embeddable":true,"href":"https:\/\/www.genesys.com\/pt-br\/wp-json\/wp\/v2\/pages\/104864"}],"wp:featuredmedia":[{"embeddable":true,"href":"https:\/\/www.genesys.com\/pt-br\/wp-json\/wp\/v2\/media\/11515"}],"wp:attachment":[{"href":"https:\/\/www.genesys.com\/pt-br\/wp-json\/wp\/v2\/media?parent=104892"}],"curies":[{"name":"wp","href":"https:\/\/api.w.org\/{rel}","templated":true}]}}