{"id":104875,"date":"2018-10-26T14:18:08","date_gmt":"2018-10-26T21:18:08","guid":{"rendered":"https:\/\/www.genesys.com\/?page_id=104875"},"modified":"2018-11-01T09:27:56","modified_gmt":"2018-11-01T16:27:56","slug":"improving-agent-performance","status":"publish","type":"page","link":"https:\/\/www.genesys.com\/pt-br\/better-results\/improving-agent-performance","title":{"rendered":"Melhorar o desempenho dos agentes"},"content":{"rendered":"<div class=\"wpb-content-wrapper\"><p>[vc_section full_width=&#8221;stretch_row&#8221; el_class=&#8221;section_header&#8221; css=&#8221;.vc_custom_1530113572660{background-image: url(https:\/\/www.genesys.com\/media\/0618-Customer-Experience-Achieve-Better-Results.jpg?id=16689) !important;}&#8221;][vc_row equal_height=&#8221;yes&#8221; content_placement=&#8221;middle&#8221;][vc_column width=&#8221;3\/5&#8243;][vc_column_text]<\/p>\n<h1>Melhore o desempenho dos agentes do contact center<\/h1>\n<p>[\/vc_column_text][\/vc_column][vc_column width=&#8221;2\/5&#8243;][\/vc_column][\/vc_row][\/vc_section][vc_section full_width=&#8221;stretch_row&#8221; el_class=&#8221;cta-bar&#8221; css=&#8221;.vc_custom_1522458207688{padding-top: 0px !important;padding-bottom: 0px !important;}&#8221;][vc_row full_width=&#8221;stretch_row&#8221; css=&#8221;.vc_custom_1522458201976{padding-top: 0px !important;padding-bottom: 0px !important;}&#8221;][vc_column][\/vc_column][\/vc_row][\/vc_section][vc_section full_width=&#8221;stretch_row&#8221;][vc_row][vc_column][vc_column_text]<\/p>\n<h2 style=\"text-align: center;\">Forme uma equipe de contact center mais eficiente<\/h2>\n<p style=\"text-align: center;\">Melhorar o desempenho dos agentes \u00e9 fundamental para administrar o contact center com mais efici\u00eancia e cumprir as metas di\u00e1rias, mensais e trimestrais. A otimiza\u00e7\u00e3o come\u00e7a com a visibilidade de cada intera\u00e7\u00e3o e das an\u00e1lises para obter insights valiosos e pr\u00e1ticos. Tamb\u00e9m \u00e9 importante para reduzir o tempo de resolu\u00e7\u00e3o e melhorar a colabora\u00e7\u00e3o dentro da equipe. O treinamento tamb\u00e9m melhora o desempenho, permitindo que cada agente atenda a uma ampla gama de clientes e forne\u00e7a com efici\u00eancia uma excelente experi\u00eancia para cada intera\u00e7\u00e3o.<\/p>\n<p>[\/vc_column_text][\/vc_column][\/vc_row][\/vc_section][vc_section full_width=&#8221;stretch_row&#8221; el_class=&#8221;section_light-gray&#8221;][vc_row][vc_column][vc_column_text]<\/p>\n<h3 style=\"text-align: center;\">Saiba mais sobre&#8230;<\/h3>\n<p>[\/vc_column_text]<div class=\"vc_grid-container-wrapper vc_clearfix grid_type-page-features wrapper_style_colored-boxes\"><div class=\"vc_grid-container vc_clearfix wpb_content_element vc_basic_grid\"><div class=\"vc_grid vc_row vc_grid-gutter-35px vc_pageable-wrapper vc_hook_hover gen_text-center\" data-vc-pageable-content=\"true\"><div class=\"vc_pageable-slide-wrapper vc_clearfix\" data-vc-grid-content=\"true\"><div data-type=\"capability\" ><\/div><div class=\"vc_grid-item vc_clearfix style_colored-boxes vc_col-sm-3 vc_grid-item-zone-c-bottom vc_visible-item fadeIn animated\"><a href=\"https:\/\/www.genesys.com\/pt-br\/capabilities\/automated-routing\"><div class=\"overlay\"><h4>Roteamento preditivo<\/h4><\/div><div class=\"content\"><h4>Roteamento preditivo<\/h4><p>Use a IA para relacionar os clientes com os colaboradores com mais probabilidade de oferecer o melhor servi\u00e7o e KPIs em tempo real.<\/p><div class=\"genesys-button medium  genesys-orange\"><span>Obtenha mais informa\u00e7\u00e3o<\/span><\/div><\/div><\/a><\/div><div class=\"vc_grid-item vc_clearfix style_colored-boxes vc_col-sm-3 vc_grid-item-zone-c-bottom vc_visible-item fadeIn animated\"><a href=\"https:\/\/www.genesys.com\/pt-br\/capabilities\/voice-services\"><div class=\"overlay\"><h4>Servi\u00e7os de voz<\/h4><\/div><div class=\"content\"><h4>Servi\u00e7os de voz<\/h4><p>Esteja presente para os clientes que preferem suporte por telefone. Obtenha servi\u00e7os de voz que funcionam para sua empresa. <\/p><div class=\"genesys-button medium  genesys-orange\"><span>Obtenha mais informa\u00e7\u00e3o<\/span><\/div><\/div><\/a><\/div><div class=\"vc_grid-item vc_clearfix style_colored-boxes vc_col-sm-3 vc_grid-item-zone-c-bottom vc_visible-item fadeIn animated\"><a href=\"https:\/\/www.genesys.com\/pt-br\/capabilities\/outbound\"><div class=\"overlay\"><h4>Outbound<\/h4><\/div><div class=\"content\"><h4>Outbound<\/h4><p>Construa relacionamentos duradouros com os clientes utilizando comunica\u00e7\u00f5es proativas oportunas, personalizadas e contextuais em qualquer canal<\/p><div class=\"genesys-button medium  genesys-orange\"><span>Obtenha mais informa\u00e7\u00e3o<\/span><\/div><\/div><\/a><\/div><div class=\"vc_grid-item vc_clearfix style_colored-boxes vc_col-sm-3 vc_grid-item-zone-c-bottom vc_visible-item fadeIn animated\"><a href=\"https:\/\/www.genesys.com\/pt-br\/capabilities\/inbound\"><div class=\"overlay\"><h4>Inbound<\/h4><\/div><div class=\"content\"><h4>Inbound<\/h4><p>Facilite a conex\u00e3o com a sua empresa. Ofere\u00e7a suporte e supere as expectativas em todos os canais.<\/p><div class=\"genesys-button medium  genesys-orange\"><span>Obtenha mais informa\u00e7\u00e3o<\/span><\/div><\/div><\/a><\/div><\/div><\/div><\/div><\/div>[\/vc_column][\/vc_row][\/vc_section][vc_section full_width=&#8221;stretch_row&#8221; disable_element=&#8221;yes&#8221; el_class=&#8221;cta-bar&#8221;][vc_row][vc_column]<div class=\"db_cta_dynamic align-center style-dark\" data-offset=\"0\" data-section-bg=\"https:\/\/www.genesys.com\/media\/1600-Charcoal-Right.jpg\" data-limit=\"1\" data-result=\"%5B%5D\"><h3>RCB transforma o desempenho de seus agentes para aumentar o customer engagement e obter uma receita tr\u00eas vezes maior.<\/h3><div class=\"genesys-button medium align-center genesys-white \"><a href=\"\/customer-stories\/rcb\" target=\"\" rel=\"\">Veja a hist\u00f3ria de sucesso<\/a><\/div><\/div>[\/vc_column][\/vc_row][\/vc_section][vc_section full_width=&#8221;stretch_row&#8221;][vc_row equal_height=&#8221;yes&#8221; content_placement=&#8221;middle&#8221; el_class=&#8221;mobile-reverse&#8221;][vc_column width=&#8221;2\/3&#8243;][vc_column_text]<\/p>\n<h2>Mais colabora\u00e7\u00e3o entre as equipes para aumentar a produtividade<\/h2>\n<p>Melhore a efic\u00e1cia da sua equipe com ferramentas de colabora\u00e7\u00e3o que permitem compartilhar ideias e trabalhar com mais facilidade. Com a colabora\u00e7\u00e3o em tempo real, seus agentes podem atender melhor aos clientes, resolver problemas rapidamente e interagir com mais membros da equipe. A colabora\u00e7\u00e3o tamb\u00e9m simplifica o trabalho entre diversos locais e fusos hor\u00e1rios. Quando voc\u00ea melhora a comunica\u00e7\u00e3o da sua equipe, tamb\u00e9m melhora a resolu\u00e7\u00e3o de problemas, o desenvolvimento de habilidades e o compartilhamento de sucessos.[\/vc_column_text][\/vc_column][vc_column width=&#8221;1\/3&#8243;]<div class=\"gicon-container\" style=\"max-width:60%;margin:0 auto 2em;text-align:center;align-items:center;\"><\/div>[\/vc_column][\/vc_row][\/vc_section][vc_section full_width=&#8221;stretch_row&#8221; el_class=&#8221;section_light-gray&#8221;][vc_row equal_height=&#8221;yes&#8221; content_placement=&#8221;middle&#8221;][vc_column width=&#8221;1\/2&#8243; offset=&#8221;vc_hidden-xs&#8221;][vc_single_image image=&#8221;10663&#8243; img_size=&#8221;full&#8221;][\/vc_column][vc_column width=&#8221;1\/2&#8243;][vc_column_text]<\/p>\n<h2>Atenda aos seus clientes melhor com insights de qualidade<\/h2>\n<p>A capacidade de gravar chamadas e telas de todas as intera\u00e7\u00f5es dos clientes pode ser um divisor de \u00e1guas quando voc\u00ea deseja obter insights mais profundos sobre o comportamento do cliente e o desempenho da equipe. Utilize as an\u00e1lises de cada intera\u00e7\u00e3o para automatizar o processo de escuta das conversas e analis\u00e1-las para entender melhor as intera\u00e7\u00f5es. O resultado s\u00e3o valiosos insights sobre tend\u00eancias, problemas e desempenho que podem ser utilizados para melhorar a qualidade do customer engagement, tomar melhores decis\u00f5es e aumentar a efici\u00eancia de seus agentes.[\/vc_column_text][\/vc_column][\/vc_row][\/vc_section][vc_section full_width=&#8221;stretch_row&#8221; disable_element=&#8221;yes&#8221; el_class=&#8221;cta-bar&#8221;][vc_row][vc_column]<div class=\"db_cta_dynamic align-center style-dark\" data-offset=\"0\" data-section-bg=\"https:\/\/www.genesys.com\/media\/1600-WarmRed-Right.jpg\" data-limit=\"1\" data-result=\"%5B%5D\"><h3>Touring Club Suisse melhora o desempenho dos agentes em 40 minutos por dia.<\/h3><div class=\"genesys-button medium align-center genesys-white \"><a href=\"\/customer-stories\/tcs\" target=\"\" rel=\"\">Veja a hist\u00f3ria de sucesso<\/a><\/div><\/div>[\/vc_column][\/vc_row][\/vc_section][vc_section full_width=&#8221;stretch_row&#8221;][vc_row equal_height=&#8221;yes&#8221; content_placement=&#8221;middle&#8221; el_class=&#8221;mobile-reverse&#8221;][vc_column width=&#8221;2\/3&#8243;][vc_column_text]<\/p>\n<h2>Transforme cada agente em um colaborador de alto desempenho<\/h2>\n<p>A verdadeira gest\u00e3o de desempenho envolve a compreens\u00e3o das habilidades, dos conhecimentos e de outros atributos que tornam os agentes de alto desempenho bem-sucedidos. Com isso, voc\u00ea tem um plano para aumentar as habilidades, os conhecimentos e outros atributos de todos os seus agentes. Utilize todos os dados de desempenho dispon\u00edveis para descobrir, por fun\u00e7\u00e3o, o que \u00e9 um desempenho excelente e identificar as lacunas nas compet\u00eancias de cada agente. Voc\u00ea tem acesso aos insights necess\u00e1rios para fornecer coaching e treinamento individualizados e melhorar o desempenho de toda a sua equipe.[\/vc_column_text][\/vc_column][vc_column width=&#8221;1\/3&#8243;]<div class=\"gicon-container\" style=\"max-width:60%;margin:0 auto 2em;text-align:center;align-items:center;\"><\/div>[\/vc_column][\/vc_row][\/vc_section][vc_section][vc_row][vc_column]<span class=\"g_separator genesys-light-gray\" style=\"height:1px\"><\/span>[vc_column_text]<\/p>\n<h3 style=\"text-align: center;\">Explorar as solu\u00e7\u00f5es da Genesys para&#8230;<\/h3>\n<p>[\/vc_column_text]<div class=\"vc_grid-container-wrapper vc_clearfix grid_type-page-relative wrapper_style_list\"><div class=\"vc_grid-container vc_clearfix wpb_content_element vc_basic_grid\"><div class=\"vc_grid vc_row vc_grid-gutter-35px vc_pageable-wrapper vc_hook_hover gen_text-center\" data-vc-pageable-content=\"true\"><div class=\"vc_pageable-slide-wrapper vc_clearfix siblinglist w-100 d-flex flex-wrap justify-content-center\" data-vc-grid-content=\"true\"><div class=\"vc_grid-item vc_clearfix col-lg-2 vc_grid-item-zone-c-bottom vc_visible-item fadeIn animated style_list itemclass-236868\"><a href=\"https:\/\/www.genesys.com\/pt-br\/customer-migrations\"><h5>Migra\u00e7\u00f5es de clientes<\/h5><\/a><\/div><div class=\"vc_grid-item vc_clearfix col-lg-2 vc_grid-item-zone-c-bottom vc_visible-item fadeIn animated style_list itemclass-620285\"><a href=\"https:\/\/www.genesys.com\/pt-br\/cx-in-focus\"><h5>CX em Foco<\/h5><\/a><\/div><div class=\"vc_grid-item vc_clearfix col-lg-2 vc_grid-item-zone-c-bottom vc_visible-item fadeIn animated style_list itemclass-614315\"><a href=\"https:\/\/www.genesys.com\/pt-br\/xperience-on-tour-brasil\"><h5>Xperience On Tour Brasil<\/h5><\/a><\/div><div class=\"vc_grid-item vc_clearfix col-lg-2 vc_grid-item-zone-c-bottom vc_visible-item fadeIn animated style_list itemclass-616110\"><a href=\"https:\/\/www.genesys.com\/pt-br\/tour\"><h5>Tour<\/h5><\/a><\/div><div class=\"vc_grid-item vc_clearfix col-lg-2 vc_grid-item-zone-c-bottom vc_visible-item fadeIn animated style_list itemclass-602356\"><a href=\"https:\/\/www.genesys.com\/pt-br\/genesys-charitable-discount-program\"><h5>Programa de descontos da Genesys para institui\u00e7\u00f5es de caridade<\/h5><\/a><\/div><div class=\"vc_grid-item vc_clearfix col-lg-2 vc_grid-item-zone-c-bottom vc_visible-item fadeIn animated style_list itemclass-604322\"><a href=\"https:\/\/www.genesys.com\/pt-br\/digital-customer-experience\"><h5>Experi\u00eancia digital do cliente<\/h5><\/a><\/div><div class=\"vc_grid-item vc_clearfix col-lg-2 vc_grid-item-zone-c-bottom vc_visible-item fadeIn animated style_list itemclass-588815\"><a href=\"https:\/\/www.genesys.com\/pt-br\/responsible-ai\"><h5>IA respons\u00e1vel<\/h5><\/a><\/div><div class=\"vc_grid-item vc_clearfix col-lg-2 vc_grid-item-zone-c-bottom vc_visible-item fadeIn animated style_list itemclass-590247\"><a href=\"https:\/\/www.genesys.com\/pt-br\/workforce-management-software\"><h5>Software de gest\u00e3o da for\u00e7a de trabalho<\/h5><\/a><\/div><div class=\"vc_grid-item vc_clearfix col-lg-2 vc_grid-item-zone-c-bottom vc_visible-item fadeIn animated style_list itemclass-597988\"><a href=\"https:\/\/www.genesys.com\/pt-br\/ai-contact-center\"><h5>Contact center com IA<\/h5><\/a><\/div><div class=\"vc_grid-item vc_clearfix col-lg-2 vc_grid-item-zone-c-bottom vc_visible-item fadeIn animated style_list itemclass-579207\"><a href=\"https:\/\/www.genesys.com\/pt-br\/customer-journey-management\"><h5>Gest\u00e3o da jornada do cliente<\/h5><\/a><\/div><div class=\"vc_grid-item vc_clearfix col-lg-2 vc_grid-item-zone-c-bottom vc_visible-item fadeIn animated style_list itemclass-571495\"><a href=\"https:\/\/www.genesys.com\/pt-br\/scuderiaferrari\"><h5>Ferrari<\/h5><\/a><\/div><div class=\"vc_grid-item vc_clearfix col-lg-2 vc_grid-item-zone-c-bottom vc_visible-item fadeIn animated style_list itemclass-578038\"><a href=\"https:\/\/www.genesys.com\/pt-br\/guide-to-copilots\"><h5>Copilots<\/h5><\/a><\/div><div class=\"vc_grid-item vc_clearfix col-lg-2 vc_grid-item-zone-c-bottom vc_visible-item fadeIn animated style_list itemclass-560420\"><a href=\"https:\/\/www.genesys.com\/pt-br\/innovations\"><h5>Innovations<\/h5><\/a><\/div><div class=\"vc_grid-item vc_clearfix col-lg-2 vc_grid-item-zone-c-bottom vc_visible-item fadeIn animated style_list itemclass-554896\"><a href=\"https:\/\/www.genesys.com\/pt-br\/contact-center-software\"><h5>Software de contact center<\/h5><\/a><\/div><div class=\"vc_grid-item vc_clearfix col-lg-2 vc_grid-item-zone-c-bottom vc_visible-item fadeIn animated style_list itemclass-574723\"><a href=\"https:\/\/www.genesys.com\/pt-br\/lavercup\"><h5>Laver Cup<\/h5><\/a><\/div><div class=\"vc_grid-item vc_clearfix col-lg-2 vc_grid-item-zone-c-bottom vc_visible-item fadeIn animated style_list itemclass-526774\"><a href=\"https:\/\/www.genesys.com\/pt-br\/genesys-cloud-ex\"><h5>Genesys Cloud EX<\/h5><\/a><\/div><div class=\"vc_grid-item vc_clearfix col-lg-2 vc_grid-item-zone-c-bottom vc_visible-item fadeIn animated style_list itemclass-526797\"><a href=\"https:\/\/www.genesys.com\/pt-br\/experience-orchestration\"><h5>Orquestra\u00e7\u00e3o das experi\u00eancias<\/h5><\/a><\/div><div class=\"vc_grid-item vc_clearfix col-lg-2 vc_grid-item-zone-c-bottom vc_visible-item fadeIn animated style_list itemclass-498024\"><a href=\"https:\/\/www.genesys.com\/pt-br\/gcap\"><h5>GCAP<\/h5><\/a><\/div><div class=\"vc_grid-item vc_clearfix col-lg-2 vc_grid-item-zone-c-bottom vc_visible-item fadeIn animated style_list itemclass-497277\"><a href=\"https:\/\/www.genesys.com\/pt-br\/thank-you-page\"><h5>Thank You Page<\/h5><\/a><\/div><div class=\"vc_grid-item vc_clearfix col-lg-2 vc_grid-item-zone-c-bottom vc_visible-item fadeIn animated style_list itemclass-485466\"><a href=\"https:\/\/www.genesys.com\/pt-br\/why-join-us\"><h5>Por que se juntar a n\u00f3s<\/h5><\/a><\/div><div class=\"vc_grid-item vc_clearfix col-lg-2 vc_grid-item-zone-c-bottom vc_visible-item fadeIn animated style_list itemclass-462370\"><a href=\"https:\/\/www.genesys.com\/pt-br\/pointillist\"><h5>Pointillist<\/h5><\/a><\/div><div class=\"vc_grid-item vc_clearfix col-lg-2 vc_grid-item-zone-c-bottom vc_visible-item fadeIn animated style_list itemclass-117004\"><a href=\"https:\/\/www.genesys.com\/pt-br\/blog\"><h5>Blog<\/h5><\/a><\/div><div class=\"vc_grid-item vc_clearfix col-lg-2 vc_grid-item-zone-c-bottom vc_visible-item fadeIn animated style_list itemclass-432056\"><a href=\"https:\/\/www.genesys.com\/pt-br\/genesys-dx\"><h5>Genesys DX<\/h5><\/a><\/div><div class=\"vc_grid-item vc_clearfix col-lg-2 vc_grid-item-zone-c-bottom vc_visible-item fadeIn animated style_list itemclass-535643\"><a href=\"https:\/\/www.genesys.com\/pt-br\/pricing\"><h5>Pre\u00e7os<\/h5><\/a><\/div><div class=\"vc_grid-item vc_clearfix col-lg-2 vc_grid-item-zone-c-bottom vc_visible-item fadeIn animated style_list itemclass-230065\"><a href=\"https:\/\/www.genesys.com\/pt-br\/genesys-cloud\"><h5>Genesys Cloud CX<\/h5><\/a><\/div><div class=\"vc_grid-item vc_clearfix col-lg-2 vc_grid-item-zone-c-bottom vc_visible-item fadeIn animated style_list itemclass-230072\"><a href=\"https:\/\/www.genesys.com\/pt-br\/cloud-platform\"><h5>Plataforma Genesys Cloud<\/h5><\/a><\/div><div class=\"vc_grid-item vc_clearfix col-lg-2 vc_grid-item-zone-c-bottom vc_visible-item fadeIn animated style_list itemclass-252677\"><a href=\"https:\/\/www.genesys.com\/pt-br\/emergency-response\"><h5>Resposta \u00e0 emerg\u00eancia<\/h5><\/a><\/div><div class=\"vc_grid-item vc_clearfix col-lg-2 vc_grid-item-zone-c-bottom vc_visible-item fadeIn animated style_list itemclass-236872\"><a href=\"https:\/\/www.genesys.com\/pt-br\/call-center-cloud-migration-overview\"><h5>Vis\u00e3o geral da migra\u00e7\u00e3o do call center para a nuvem<\/h5><\/a><\/div><div class=\"vc_grid-item vc_clearfix col-lg-2 vc_grid-item-zone-c-bottom vc_visible-item fadeIn animated style_list itemclass-236870\"><a href=\"https:\/\/www.genesys.com\/pt-br\/call-center-cloud-migration\"><h5>Migra\u00e7\u00e3o do call center para a nuvem<\/h5><\/a><\/div><div class=\"vc_grid-item vc_clearfix col-lg-2 vc_grid-item-zone-c-bottom vc_visible-item fadeIn animated style_list itemclass-619622\"><a href=\"https:\/\/www.genesys.com\/pt-br\/majesticks\"><h5>Majesticks<\/h5><\/a><\/div><div class=\"vc_grid-item vc_clearfix col-lg-2 vc_grid-item-zone-c-bottom vc_visible-item fadeIn animated style_list itemclass-256790\"><a href=\"https:\/\/www.genesys.com\/pt-br\/cx-blueprint\"><h5>CX Blueprint<\/h5><\/a><\/div><div class=\"vc_grid-item vc_clearfix col-lg-2 vc_grid-item-zone-c-bottom vc_visible-item fadeIn animated style_list itemclass-293132\"><a href=\"https:\/\/www.genesys.com\/pt-br\/microsoft\"><h5>Parceria com a Microsoft<\/h5><\/a><\/div><div class=\"vc_grid-item vc_clearfix col-lg-2 vc_grid-item-zone-c-bottom vc_visible-item fadeIn animated style_list itemclass-325267\"><a href=\"https:\/\/www.genesys.com\/pt-br\/zoom\"><h5>Parceria com Zoom<\/h5><\/a><\/div><div class=\"vc_grid-item vc_clearfix col-lg-2 vc_grid-item-zone-c-bottom vc_visible-item fadeIn animated style_list itemclass-320848\"><a href=\"https:\/\/www.genesys.com\/pt-br\/products\"><h5>Produtos<\/h5><\/a><\/div><div class=\"vc_grid-item vc_clearfix col-lg-2 vc_grid-item-zone-c-bottom vc_visible-item fadeIn animated style_list itemclass-363295\"><a href=\"https:\/\/www.genesys.com\/pt-br\/superhuman\"><h5>Super Human Service<\/h5><\/a><\/div><div class=\"vc_grid-item vc_clearfix col-lg-2 vc_grid-item-zone-c-bottom vc_visible-item fadeIn animated style_list itemclass-371632\"><a href=\"https:\/\/www.genesys.com\/pt-br\/fedramp\"><h5>Plataforma de engagement da Genesys e da Maximus<\/h5><\/a><\/div><div class=\"vc_grid-item vc_clearfix col-lg-2 vc_grid-item-zone-c-bottom vc_visible-item fadeIn animated style_list itemclass-621418\"><a href=\"https:\/\/www.genesys.com\/pt-br\/customer-awards\"><h5>Pr\u00eamios do Cliente<\/h5><\/a><\/div><div class=\"vc_grid-item vc_clearfix col-lg-2 vc_grid-item-zone-c-bottom vc_visible-item fadeIn animated style_list itemclass-104867\"><a href=\"https:\/\/www.genesys.com\/pt-br\/automation\"><h5>Automa\u00e7\u00e3o<\/h5><\/a><\/div><div class=\"vc_grid-item vc_clearfix col-lg-2 vc_grid-item-zone-c-bottom vc_visible-item fadeIn animated style_list itemclass-105935\"><a href=\"https:\/\/www.genesys.com\/pt-br\"><h5>In\u00edcio<\/h5><\/a><\/div><div class=\"vc_grid-item vc_clearfix col-lg-2 vc_grid-item-zone-c-bottom vc_visible-item fadeIn animated style_list itemclass-106518\"><a href=\"https:\/\/www.genesys.com\/pt-br\/subscribe\"><h5>Planos de assinatura<\/h5><\/a><\/div><div class=\"vc_grid-item vc_clearfix col-lg-2 vc_grid-item-zone-c-bottom vc_visible-item fadeIn animated style_list itemclass-104973\"><a href=\"https:\/\/www.genesys.com\/pt-br\/googlecloud\"><h5>Contact Center AI do Google Cloud<\/h5><p>Proporcione as melhores experi\u00eancias do cliente por meio da parceria entre a Genesys e a Google. <\/p><\/a><\/div><div class=\"vc_grid-item vc_clearfix col-lg-2 vc_grid-item-zone-c-bottom vc_visible-item fadeIn animated style_list itemclass-104856\"><a href=\"https:\/\/www.genesys.com\/pt-br\/solutions\"><h5>Solu\u00e7\u00f5es<\/h5><\/a><\/div><div class=\"vc_grid-item vc_clearfix col-lg-2 vc_grid-item-zone-c-bottom vc_visible-item fadeIn animated style_list itemclass-106222\"><a href=\"https:\/\/www.genesys.com\/pt-br\/customer-success\"><h5>Sucesso do cliente<\/h5><\/a><\/div><div class=\"vc_grid-item vc_clearfix col-lg-2 vc_grid-item-zone-c-bottom vc_visible-item fadeIn animated style_list itemclass-104890\"><a href=\"https:\/\/www.genesys.com\/pt-br\/messaging\"><h5>Mensagens ass\u00edncronas<\/h5><\/a><\/div><div class=\"vc_grid-item vc_clearfix col-lg-2 vc_grid-item-zone-c-bottom vc_visible-item fadeIn animated style_list itemclass-104869\"><a href=\"https:\/\/www.genesys.com\/pt-br\/platform\"><h5>Plataforma<\/h5><p>Promova experi\u00eancias do cliente magn\u00edficas com a Genesys Customer Experience Platform<\/p><\/a><\/div><div class=\"vc_grid-item vc_clearfix col-lg-2 vc_grid-item-zone-c-bottom vc_visible-item fadeIn animated style_list itemclass-105939\"><a href=\"https:\/\/www.genesys.com\/pt-br\/contact-us\"><h5>Fale conosco<\/h5><\/a><\/div><div class=\"vc_grid-item vc_clearfix col-lg-2 vc_grid-item-zone-c-bottom vc_visible-item fadeIn animated style_list itemclass-105941\"><a href=\"https:\/\/www.genesys.com\/pt-br\/request-a-demo\"><h5>Solicite uma demonstra\u00e7\u00e3o<\/h5><\/a><\/div><div class=\"vc_grid-item vc_clearfix col-lg-2 vc_grid-item-zone-c-bottom vc_visible-item fadeIn animated style_list itemclass-104873\"><a href=\"https:\/\/www.genesys.com\/pt-br\/innovations-altocloud\"><h5>Altocloud<\/h5><p>Obtenha insights sobre a jornada do seu cliente com a an\u00e1lise preditiva<\/p><\/a><\/div><div class=\"vc_grid-item vc_clearfix col-lg-2 vc_grid-item-zone-c-bottom vc_visible-item fadeIn animated style_list itemclass-103620\"><a href=\"https:\/\/www.genesys.com\/pt-br\/resources\"><h5>recursos<\/h5><\/a><\/div><div class=\"vc_grid-item vc_clearfix col-lg-2 vc_grid-item-zone-c-bottom vc_visible-item fadeIn animated style_list itemclass-106260\"><a href=\"https:\/\/www.genesys.com\/pt-br\/events\"><h5>Eventos<\/h5><\/a><\/div><div class=\"vc_grid-item vc_clearfix col-lg-2 vc_grid-item-zone-c-bottom vc_visible-item fadeIn animated style_list itemclass-106553\"><a href=\"https:\/\/www.genesys.com\/pt-br\/webinars\"><h5>Webinars<\/h5><\/a><\/div><div class=\"vc_grid-item vc_clearfix col-lg-2 vc_grid-item-zone-c-bottom vc_visible-item fadeIn animated style_list itemclass-106211\"><a href=\"https:\/\/www.genesys.com\/pt-br\/customer-stories\"><h5>Hist\u00f3rias de sucesso<\/h5><\/a><\/div><div class=\"vc_grid-item vc_clearfix col-lg-2 vc_grid-item-zone-c-bottom vc_visible-item fadeIn animated style_list itemclass-106180\"><a href=\"https:\/\/www.genesys.com\/pt-br\/company\"><h5>Empresa<\/h5><\/a><\/div><div class=\"vc_grid-item vc_clearfix col-lg-2 vc_grid-item-zone-c-bottom vc_visible-item fadeIn animated style_list itemclass-106459\"><a href=\"https:\/\/www.genesys.com\/pt-br\/definitions\"><h5>Defini\u00e7\u00f5es<\/h5><\/a><\/div><div class=\"vc_grid-item vc_clearfix col-lg-2 vc_grid-item-zone-c-bottom vc_visible-item fadeIn animated style_list itemclass-106284\"><a href=\"https:\/\/www.genesys.com\/pt-br\/login\"><h5>Genesys Login<\/h5><\/a><\/div><div class=\"vc_grid-item vc_clearfix col-lg-2 vc_grid-item-zone-c-bottom vc_visible-item fadeIn animated style_list itemclass-105937\"><a href=\"https:\/\/www.genesys.com\/pt-br\/select-region\"><h5>Selecionar regi\u00e3o<\/h5><\/a><\/div><div class=\"vc_grid-item vc_clearfix col-lg-2 vc_grid-item-zone-c-bottom vc_visible-item fadeIn animated style_list itemclass-106057\"><a href=\"https:\/\/www.genesys.com\/pt-br\/partners\"><h5>Vis\u00e3o geral do parceiro<\/h5><p>Os parceiros da Genesys t\u00eam acesso a tecnologias e oportunidades para aumentar a participa\u00e7\u00e3o no mercado, e os clientes podem trabalhar com uma rede de parceiros da Genesys para impulsionar seus neg\u00f3cios.<\/p><\/a><\/div><div class=\"vc_grid-item vc_clearfix col-lg-2 vc_grid-item-zone-c-bottom vc_visible-item fadeIn animated style_list itemclass-103638\"><a href=\"https:\/\/www.genesys.com\/pt-br\/capabilities\"><h5>Fun\u00e7\u00f5es<\/h5><\/a><\/div><\/div><\/div><\/div><\/div>[\/vc_column][\/vc_row][\/vc_section]<\/p>\n<\/div>","protected":false},"excerpt":{"rendered":"<p>[vc_section full_width=&#8221;stretch_row&#8221; el_class=&#8221;section_header&#8221; css=&#8221;.vc_custom_1530113572660{background-image: url(https:\/\/www.genesys.com\/media\/0618-Customer-Experience-Achieve-Better-Results.jpg?id=16689) !important;}&#8221;][vc_row equal_height=&#8221;yes&#8221; content_placement=&#8221;middle&#8221;][vc_column width=&#8221;3\/5&#8243;][vc_column_text] Melhore o desempenho dos agentes do contact center [\/vc_column_text][\/vc_column][vc_column width=&#8221;2\/5&#8243;][\/vc_column][\/vc_row][\/vc_section][vc_section full_width=&#8221;stretch_row&#8221; el_class=&#8221;cta-bar&#8221; css=&#8221;.vc_custom_1522458207688{padding-top: 0px !important;padding-bottom: 0px !important;}&#8221;][vc_row full_width=&#8221;stretch_row&#8221; css=&#8221;.vc_custom_1522458201976{padding-top: 0px !important;padding-bottom: 0px !important;}&#8221;][vc_column][\/vc_column][\/vc_row][\/vc_section][vc_section full_width=&#8221;stretch_row&#8221;][vc_row][vc_column][vc_column_text] Forme uma equipe de contact center mais eficiente Melhorar o desempenho dos agentes \u00e9 fundamental para administrar o contact center com mais [&hellip;]<\/p>\n","protected":false},"author":1,"featured_media":10446,"parent":104864,"menu_order":1,"comment_status":"closed","ping_status":"closed","template":"","meta":{"_acf_changed":false,"footnotes":""},"class_list":["post-104875","page","type-page","status-publish","has-post-thumbnail","hentry"],"acf":[],"_links":{"self":[{"href":"https:\/\/www.genesys.com\/pt-br\/wp-json\/wp\/v2\/pages\/104875","targetHints":{"allow":["GET"]}}],"collection":[{"href":"https:\/\/www.genesys.com\/pt-br\/wp-json\/wp\/v2\/pages"}],"about":[{"href":"https:\/\/www.genesys.com\/pt-br\/wp-json\/wp\/v2\/types\/page"}],"author":[{"embeddable":true,"href":"https:\/\/www.genesys.com\/pt-br\/wp-json\/wp\/v2\/users\/1"}],"replies":[{"embeddable":true,"href":"https:\/\/www.genesys.com\/pt-br\/wp-json\/wp\/v2\/comments?post=104875"}],"version-history":[{"count":4,"href":"https:\/\/www.genesys.com\/pt-br\/wp-json\/wp\/v2\/pages\/104875\/revisions"}],"predecessor-version":[{"id":110745,"href":"https:\/\/www.genesys.com\/pt-br\/wp-json\/wp\/v2\/pages\/104875\/revisions\/110745"}],"up":[{"embeddable":true,"href":"https:\/\/www.genesys.com\/pt-br\/wp-json\/wp\/v2\/pages\/104864"}],"wp:featuredmedia":[{"embeddable":true,"href":"https:\/\/www.genesys.com\/pt-br\/wp-json\/wp\/v2\/media\/10446"}],"wp:attachment":[{"href":"https:\/\/www.genesys.com\/pt-br\/wp-json\/wp\/v2\/media?parent=104875"}],"curies":[{"name":"wp","href":"https:\/\/api.w.org\/{rel}","templated":true}]}}