{"id":104873,"date":"2018-10-26T14:18:28","date_gmt":"2018-10-26T21:18:28","guid":{"rendered":"https:\/\/www.genesys.com\/?page_id=104873"},"modified":"2018-11-01T09:28:16","modified_gmt":"2018-11-01T16:28:16","slug":"innovations-altocloud","status":"publish","type":"page","link":"https:\/\/www.genesys.com\/pt-br\/innovations-altocloud","title":{"rendered":"Altocloud"},"content":{"rendered":"<div class=\"wpb-content-wrapper\"><p>[vc_section full_width=&#8221;stretch_row&#8221; el_class=&#8221;section_header&#8221; css=&#8221;.vc_custom_1530124845360{background-image: url(https:\/\/www.genesys.com\/media\/0618-Customer-Experience-Innovations.jpg?id=16690) !important;}&#8221;][vc_row equal_height=&#8221;yes&#8221; content_placement=&#8221;middle&#8221;][vc_column width=&#8221;1\/2&#8243;][vc_column_text]<\/p>\n<h1>Modele as jornadas dos clientes com an\u00e1lises preditivas em tempo real<\/h1>\n<p>[\/vc_column_text][\/vc_column][vc_column width=&#8221;1\/2&#8243;][\/vc_column][\/vc_row][\/vc_section][vc_section full_width=&#8221;stretch_row&#8221; el_class=&#8221;cta-bar&#8221; css=&#8221;.vc_custom_1522458207688{padding-top: 0px !important;padding-bottom: 0px !important;}&#8221;][vc_row full_width=&#8221;stretch_row&#8221; css=&#8221;.vc_custom_1522458201976{padding-top: 0px !important;padding-bottom: 0px !important;}&#8221;][vc_column][\/vc_column][\/vc_row][\/vc_section][vc_section full_width=&#8221;stretch_row&#8221;][vc_row][vc_column][vc_column_text]<\/p>\n<h2 style=\"text-align: center;\">Identifique os padr\u00f5es do cliente<\/h2>\n<p style=\"text-align: center;\">Fortale\u00e7a os relacionamentos com os seus clientes por meio da an\u00e1lise preditiva e aprenda a promover automaticamente um customer engagement mais inteligente. Genesys Altocloud combina intelig\u00eancia artificial com dados de diferentes fontes para prever a probabilidade de que um cliente atinja um evento espec\u00edfico em sua jornada. Se esse evento for solicitar um produto, uma cota\u00e7\u00e3o de seguro ou reservar um voo no site, a visualiza\u00e7\u00e3o em tempo real de seu comportamento digital oferece o contexto por tr\u00e1s de todo o processo. Identifique rapidamente os pontos problem\u00e1ticos do cliente para converter qualquer engagement em uma experi\u00eancia positiva e aumentar o valor do ciclo de vida do cliente.<\/p>\n<p>[\/vc_column_text][\/vc_column][\/vc_row][\/vc_section][vc_section full_width=&#8221;stretch_row&#8221; disable_element=&#8221;yes&#8221; el_class=&#8221;section_light-gray&#8221;][vc_row][vc_column]<div class=\"db_cta_dynamic align-center style-dark\" data-offset=\"0\" data-section-bg=\"https:\/\/www.genesys.com\/media\/Website-CTA-Backgrounds-Plum-Right.png\" data-limit=\"1\" data-result=\"%5B%5D\"><h3>Analisar e modelar as jornadas dos clientes<\/h3><div class=\"genesys-button medium align-center genesys-white \"><a href=\"\/resources\/analyzing-and-shaping-customer-journeys\" target=\"\" rel=\"\">Read the paper<\/a><\/div><\/div>[\/vc_column][\/vc_row][\/vc_section][vc_section full_width=&#8221;stretch_row&#8221;][vc_row equal_height=&#8221;yes&#8221; content_placement=&#8221;middle&#8221;][vc_column][vc_column_text]<\/p>\n<h3 style=\"text-align: center;\">Colete os dados certos e fortale\u00e7a seu relacionamento com os clientes<\/h3>\n<p>[\/vc_column_text][\/vc_column][\/vc_row][vc_row gap=&#8221;15&#8243;][vc_column width=&#8221;1\/3&#8243; offset=&#8221;vc_hidden-xs&#8221;][vc_single_image image=&#8221;10728&#8243; add_caption=&#8221;yes&#8221; alignment=&#8221;center&#8221; img_size=&#8221;full&#8221;][\/vc_column][vc_column width=&#8221;1\/3&#8243;][vc_column_text]<\/p>\n<h4>Cause um grande impacto com a riqueza do contexto dos clientes<\/h4>\n<p>Uma \u00fanica informa\u00e7\u00e3o pode fazer uma grande diferen\u00e7a na convers\u00e3o de um cliente. Re\u00fana dados valiosos, como o hist\u00f3rico de navega\u00e7\u00e3o do cliente, eventos da jornada que levaram a uma decis\u00e3o de chamada ou solu\u00e7\u00f5es para problemas semelhantes do cliente. O Genesys Altocloud analisa esse rico contexto em tempo real para gerar mais valor para o ciclo de vida do cliente.[\/vc_column_text][\/vc_column][vc_column width=&#8221;1\/3&#8243;][vc_column_text]<\/p>\n<h4>Personalize as jornadas por meio de insights de an\u00e1lise<\/h4>\n<p>Aplique a an\u00e1lise para entender melhor seus clientes e personalizar suas jornadas. Como profissional de marketing, voc\u00ea pode utilizar a segmenta\u00e7\u00e3o e o agrupamento para ajudar a entender os clientes e seus padr\u00f5es de comportamento. Depois, utilize esses dados coletados para prever se um novo cliente ser\u00e1 convertido em uma venda com base na aprendizagem autom\u00e1tica de clientes anteriores. Voc\u00ea tamb\u00e9m pode determinar a quantidade de segmentos formados e as caracter\u00edsticas de cada cliente.[\/vc_column_text][\/vc_column][\/vc_row][\/vc_section][vc_section full_width=&#8221;stretch_row&#8221; css=&#8221;.vc_custom_1526431368706{background-color: #f3f3f3 !important;}&#8221;][vc_row equal_height=&#8221;yes&#8221; content_placement=&#8221;middle&#8221;][vc_column][vc_column_text]<\/p>\n<h3 style=\"text-align: center;\">Aplique a an\u00e1lise preditiva \u00e0 jornada do cliente<\/h3>\n<p>[\/vc_column_text][\/vc_column][\/vc_row][vc_row gap=&#8221;30&#8243;][vc_column width=&#8221;1\/3&#8243;][vc_column_text]<\/p>\n<h4>Saiba o que seu cliente est\u00e1 pensando<\/h4>\n<p>A an\u00e1lise preditiva permite que voc\u00ea preveja o comportamento do usu\u00e1rio, mudan\u00e7as de interesses ou a probabilidade de eventos. Preveja quando oferecer o suporte de um agente para um cliente que est\u00e1 navegando pelo seu site. Melhore a experi\u00eancia geral identificando e interagindo com clientes potenciais e existentes no momento certo e no melhor canal, de autoatendimento ou assistido, antes que eles decidam entrar em contato com sua empresa.[\/vc_column_text][\/vc_column][vc_column width=&#8221;1\/3&#8243;][vc_column_text]<\/p>\n<h4>Ajuste a an\u00e1lise com os feedbacks<\/h4>\n<p>O comportamento e as necessidades do cliente mudam rapidamente, e as suposi\u00e7\u00f5es de ontem podem n\u00e3o ser precisas hoje. O Genesys Altocloud utiliza o feedback impl\u00edcito e expl\u00edcito para aplicar a an\u00e1lise preditiva \u00e0 din\u00e2mica das jornadas dos clientes. Automatize as respostas que otimizam a jornada e aplique os recursos certos para as necessidades mais importantes de seus clientes. Voc\u00ea aumentar\u00e1 a satisfa\u00e7\u00e3o do cliente e os resultados dos neg\u00f3cios.[\/vc_column_text][\/vc_column][vc_column width=&#8221;1\/3&#8243; offset=&#8221;vc_hidden-xs&#8221;][vc_single_image image=&#8221;10729&#8243; add_caption=&#8221;yes&#8221; alignment=&#8221;center&#8221; img_size=&#8221;full&#8221;][\/vc_column][\/vc_row][\/vc_section][vc_section full_width=&#8221;stretch_row&#8221; disable_element=&#8221;yes&#8221; css=&#8221;.vc_custom_1539898363279{background-image: url(https:\/\/www.genesys.com\/media\/Website-CTA-Backgrounds-Gradient-Bar.png?id=16908) !important;}&#8221; el_class=&#8221;section_white&#8221;][vc_row][vc_column]<div class=\"db_cta_dynamic align-center style-dark\" data-offset=\"0\" data-section-bg=\"\" data-limit=\"1\" data-result=\"%5B%5D\"><h3>With Genesys Altocloud, Polycom realized a 72% savings in cost per chat, and a 62% savings in cost per lead. Get your own results with a free trial.<\/h3><div class=\"genesys-button medium align-center genesys-white \"><a href=\"https:\/\/www.genesys.com\/campaign\/try-altocloud-free?cid=7010B000001SXSv\" target=\"\" rel=\"\">Try for free<\/a><\/div><\/div>[\/vc_column][\/vc_row][\/vc_section][vc_section][vc_row][vc_column][vc_column_text]<\/p>\n<h3 style=\"text-align: center;\">Explorar as inova\u00e7\u00f5es da Genesys&#8230;<\/h3>\n<p>[\/vc_column_text]<div class=\"vc_grid-container-wrapper vc_clearfix grid_type-page-relative wrapper_style_list\"><div class=\"vc_grid-container vc_clearfix wpb_content_element vc_basic_grid\"><div class=\"vc_grid vc_row vc_grid-gutter-35px vc_pageable-wrapper vc_hook_hover gen_text-center\" data-vc-pageable-content=\"true\"><div class=\"vc_pageable-slide-wrapper vc_clearfix siblinglist w-100 d-flex flex-wrap justify-content-center\" data-vc-grid-content=\"true\"><div class=\"vc_grid-item vc_clearfix col-lg-3 vc_grid-item-zone-c-bottom vc_visible-item fadeIn animated style_list itemclass-236868\"><a href=\"https:\/\/www.genesys.com\/pt-br\/customer-migrations\"><h5>Migra\u00e7\u00f5es de clientes<\/h5><\/a><\/div><div class=\"vc_grid-item vc_clearfix col-lg-3 vc_grid-item-zone-c-bottom vc_visible-item fadeIn animated style_list itemclass-620285\"><a href=\"https:\/\/www.genesys.com\/pt-br\/cx-in-focus\"><h5>CX em Foco<\/h5><\/a><\/div><div class=\"vc_grid-item vc_clearfix col-lg-3 vc_grid-item-zone-c-bottom vc_visible-item fadeIn animated style_list itemclass-614315\"><a href=\"https:\/\/www.genesys.com\/pt-br\/xperience-on-tour-brasil\"><h5>Xperience On Tour Brasil<\/h5><p>Participe do Xperience on Tour 2026 no Grand Hyatt S\u00e3o Paulo, dia 05 de maio. Obtenha os insights que est\u00e3o acelerando a era da economia da experi\u00eancia do cliente com IA e compartilhe boas pr\u00e1ticas com pares da ind\u00fastria.<\/p><\/a><\/div><div class=\"vc_grid-item vc_clearfix col-lg-3 vc_grid-item-zone-c-bottom vc_visible-item fadeIn animated style_list itemclass-616110\"><a href=\"https:\/\/www.genesys.com\/pt-br\/tour\"><h5>Tour<\/h5><\/a><\/div><div class=\"vc_grid-item vc_clearfix col-lg-3 vc_grid-item-zone-c-bottom vc_visible-item fadeIn animated style_list itemclass-602356\"><a href=\"https:\/\/www.genesys.com\/pt-br\/genesys-charitable-discount-program\"><h5>Programa de descontos da Genesys para institui\u00e7\u00f5es de caridade<\/h5><\/a><\/div><div class=\"vc_grid-item vc_clearfix col-lg-3 vc_grid-item-zone-c-bottom vc_visible-item fadeIn animated style_list itemclass-604322\"><a href=\"https:\/\/www.genesys.com\/pt-br\/digital-customer-experience\"><h5>Experi\u00eancia digital do cliente<\/h5><\/a><\/div><div class=\"vc_grid-item vc_clearfix col-lg-3 vc_grid-item-zone-c-bottom vc_visible-item fadeIn animated style_list itemclass-588815\"><a href=\"https:\/\/www.genesys.com\/pt-br\/responsible-ai\"><h5>IA respons\u00e1vel<\/h5><\/a><\/div><div class=\"vc_grid-item vc_clearfix col-lg-3 vc_grid-item-zone-c-bottom vc_visible-item fadeIn animated style_list itemclass-590247\"><a href=\"https:\/\/www.genesys.com\/pt-br\/workforce-management-software\"><h5>Software de gest\u00e3o da for\u00e7a de trabalho<\/h5><\/a><\/div><div class=\"vc_grid-item vc_clearfix col-lg-3 vc_grid-item-zone-c-bottom vc_visible-item fadeIn animated style_list itemclass-597988\"><a href=\"https:\/\/www.genesys.com\/pt-br\/ai-contact-center\"><h5>Contact center com IA<\/h5><\/a><\/div><div class=\"vc_grid-item vc_clearfix col-lg-3 vc_grid-item-zone-c-bottom vc_visible-item fadeIn animated style_list itemclass-579207\"><a href=\"https:\/\/www.genesys.com\/pt-br\/customer-journey-management\"><h5>Gest\u00e3o da jornada do cliente<\/h5><\/a><\/div><div class=\"vc_grid-item vc_clearfix col-lg-3 vc_grid-item-zone-c-bottom vc_visible-item fadeIn animated style_list itemclass-571495\"><a href=\"https:\/\/www.genesys.com\/pt-br\/scuderiaferrari\"><h5>Ferrari<\/h5><\/a><\/div><div class=\"vc_grid-item vc_clearfix col-lg-3 vc_grid-item-zone-c-bottom vc_visible-item fadeIn animated style_list itemclass-578038\"><a href=\"https:\/\/www.genesys.com\/pt-br\/guide-to-copilots\"><h5>Copilots<\/h5><\/a><\/div><div class=\"vc_grid-item vc_clearfix col-lg-3 vc_grid-item-zone-c-bottom vc_visible-item fadeIn animated style_list itemclass-560420\"><a href=\"https:\/\/www.genesys.com\/pt-br\/innovations\"><h5>Innovations<\/h5><\/a><\/div><div class=\"vc_grid-item vc_clearfix col-lg-3 vc_grid-item-zone-c-bottom vc_visible-item fadeIn animated style_list itemclass-554896\"><a href=\"https:\/\/www.genesys.com\/pt-br\/contact-center-software\"><h5>Software de contact center<\/h5><\/a><\/div><div class=\"vc_grid-item vc_clearfix col-lg-3 vc_grid-item-zone-c-bottom vc_visible-item fadeIn animated style_list itemclass-574723\"><a href=\"https:\/\/www.genesys.com\/pt-br\/lavercup\"><h5>Laver Cup<\/h5><\/a><\/div><div class=\"vc_grid-item vc_clearfix col-lg-3 vc_grid-item-zone-c-bottom vc_visible-item fadeIn animated style_list itemclass-526774\"><a href=\"https:\/\/www.genesys.com\/pt-br\/genesys-cloud-ex\"><h5>Genesys Cloud EX<\/h5><\/a><\/div><div class=\"vc_grid-item vc_clearfix col-lg-3 vc_grid-item-zone-c-bottom vc_visible-item fadeIn animated style_list itemclass-526797\"><a href=\"https:\/\/www.genesys.com\/pt-br\/experience-orchestration\"><h5>Orquestra\u00e7\u00e3o das experi\u00eancias<\/h5><\/a><\/div><div class=\"vc_grid-item vc_clearfix col-lg-3 vc_grid-item-zone-c-bottom vc_visible-item fadeIn animated style_list itemclass-498024\"><a href=\"https:\/\/www.genesys.com\/pt-br\/gcap\"><h5>GCAP<\/h5><\/a><\/div><div class=\"vc_grid-item vc_clearfix col-lg-3 vc_grid-item-zone-c-bottom vc_visible-item fadeIn animated style_list itemclass-497277\"><a href=\"https:\/\/www.genesys.com\/pt-br\/thank-you-page\"><h5>Thank You Page<\/h5><\/a><\/div><div class=\"vc_grid-item vc_clearfix col-lg-3 vc_grid-item-zone-c-bottom vc_visible-item fadeIn animated style_list itemclass-485466\"><a href=\"https:\/\/www.genesys.com\/pt-br\/why-join-us\"><h5>Por que se juntar a n\u00f3s<\/h5><\/a><\/div><div class=\"vc_grid-item vc_clearfix col-lg-3 vc_grid-item-zone-c-bottom vc_visible-item fadeIn animated style_list itemclass-117004\"><a href=\"https:\/\/www.genesys.com\/pt-br\/blog\"><h5>Blog<\/h5><\/a><\/div><div class=\"vc_grid-item vc_clearfix col-lg-3 vc_grid-item-zone-c-bottom vc_visible-item fadeIn animated style_list itemclass-462370\"><a href=\"https:\/\/www.genesys.com\/pt-br\/pointillist\"><h5>Pointillist<\/h5><\/a><\/div><div class=\"vc_grid-item vc_clearfix col-lg-3 vc_grid-item-zone-c-bottom vc_visible-item fadeIn animated style_list itemclass-535643\"><a href=\"https:\/\/www.genesys.com\/pt-br\/pricing\"><h5>Pre\u00e7os<\/h5><\/a><\/div><div class=\"vc_grid-item vc_clearfix col-lg-3 vc_grid-item-zone-c-bottom vc_visible-item fadeIn animated style_list itemclass-230065\"><a href=\"https:\/\/www.genesys.com\/pt-br\/genesys-cloud\"><h5>Genesys Cloud CX<\/h5><\/a><\/div><div class=\"vc_grid-item vc_clearfix col-lg-3 vc_grid-item-zone-c-bottom vc_visible-item fadeIn animated style_list itemclass-230072\"><a href=\"https:\/\/www.genesys.com\/pt-br\/cloud-platform\"><h5>Plataforma Genesys Cloud<\/h5><\/a><\/div><div class=\"vc_grid-item vc_clearfix col-lg-3 vc_grid-item-zone-c-bottom vc_visible-item fadeIn animated style_list itemclass-252677\"><a href=\"https:\/\/www.genesys.com\/pt-br\/emergency-response\"><h5>Resposta \u00e0 emerg\u00eancia<\/h5><\/a><\/div><div class=\"vc_grid-item vc_clearfix col-lg-3 vc_grid-item-zone-c-bottom vc_visible-item fadeIn animated style_list itemclass-236872\"><a href=\"https:\/\/www.genesys.com\/pt-br\/call-center-cloud-migration-overview\"><h5>Vis\u00e3o geral da migra\u00e7\u00e3o do call center para a nuvem<\/h5><\/a><\/div><div class=\"vc_grid-item vc_clearfix col-lg-3 vc_grid-item-zone-c-bottom vc_visible-item fadeIn animated style_list itemclass-236870\"><a href=\"https:\/\/www.genesys.com\/pt-br\/call-center-cloud-migration\"><h5>Migra\u00e7\u00e3o do call center para a nuvem<\/h5><\/a><\/div><div class=\"vc_grid-item vc_clearfix col-lg-3 vc_grid-item-zone-c-bottom vc_visible-item fadeIn animated style_list itemclass-619622\"><a href=\"https:\/\/www.genesys.com\/pt-br\/majesticks\"><h5>Majesticks<\/h5><\/a><\/div><div class=\"vc_grid-item vc_clearfix col-lg-3 vc_grid-item-zone-c-bottom vc_visible-item fadeIn animated style_list itemclass-256790\"><a href=\"https:\/\/www.genesys.com\/pt-br\/cx-blueprint\"><h5>CX Blueprint<\/h5><\/a><\/div><div class=\"vc_grid-item vc_clearfix col-lg-3 vc_grid-item-zone-c-bottom vc_visible-item fadeIn animated style_list itemclass-293132\"><a href=\"https:\/\/www.genesys.com\/pt-br\/microsoft\"><h5>Parceria com a Microsoft<\/h5><\/a><\/div><div class=\"vc_grid-item vc_clearfix col-lg-3 vc_grid-item-zone-c-bottom vc_visible-item fadeIn animated style_list itemclass-325267\"><a href=\"https:\/\/www.genesys.com\/pt-br\/zoom\"><h5>Parceria com Zoom<\/h5><\/a><\/div><div class=\"vc_grid-item vc_clearfix col-lg-3 vc_grid-item-zone-c-bottom vc_visible-item fadeIn animated style_list itemclass-320848\"><a href=\"https:\/\/www.genesys.com\/pt-br\/products\"><h5>Produtos<\/h5><\/a><\/div><div class=\"vc_grid-item vc_clearfix col-lg-3 vc_grid-item-zone-c-bottom vc_visible-item fadeIn animated style_list itemclass-363295\"><a href=\"https:\/\/www.genesys.com\/pt-br\/superhuman\"><h5>Super Human Service<\/h5><\/a><\/div><div class=\"vc_grid-item vc_clearfix col-lg-3 vc_grid-item-zone-c-bottom vc_visible-item fadeIn animated style_list itemclass-371632\"><a href=\"https:\/\/www.genesys.com\/pt-br\/fedramp\"><h5>Plataforma de engagement da Genesys e da Maximus<\/h5><\/a><\/div><div class=\"vc_grid-item vc_clearfix col-lg-3 vc_grid-item-zone-c-bottom vc_visible-item fadeIn animated style_list itemclass-432056\"><a href=\"https:\/\/www.genesys.com\/pt-br\/genesys-dx\"><h5>Genesys DX<\/h5><\/a><\/div><div class=\"vc_grid-item vc_clearfix col-lg-3 vc_grid-item-zone-c-bottom vc_visible-item fadeIn animated style_list itemclass-621418\"><a href=\"https:\/\/www.genesys.com\/pt-br\/customer-awards\"><h5>Pr\u00eamios do Cliente<\/h5><\/a><\/div><div class=\"vc_grid-item vc_clearfix col-lg-3 vc_grid-item-zone-c-bottom vc_visible-item fadeIn animated style_list itemclass-104867\"><a href=\"https:\/\/www.genesys.com\/pt-br\/automation\"><h5>Automa\u00e7\u00e3o<\/h5><\/a><\/div><div class=\"vc_grid-item vc_clearfix col-lg-3 vc_grid-item-zone-c-bottom vc_visible-item fadeIn animated style_list itemclass-105935\"><a href=\"https:\/\/www.genesys.com\/pt-br\"><h5>In\u00edcio<\/h5><\/a><\/div><div class=\"vc_grid-item vc_clearfix col-lg-3 vc_grid-item-zone-c-bottom vc_visible-item fadeIn animated style_list itemclass-106518\"><a href=\"https:\/\/www.genesys.com\/pt-br\/subscribe\"><h5>Planos de assinatura<\/h5><\/a><\/div><div class=\"vc_grid-item vc_clearfix col-lg-3 vc_grid-item-zone-c-bottom vc_visible-item fadeIn animated style_list itemclass-104973\"><a href=\"https:\/\/www.genesys.com\/pt-br\/googlecloud\"><h5>Contact Center AI do Google Cloud<\/h5><p>Proporcione as melhores experi\u00eancias do cliente por meio da parceria entre a Genesys e a Google. <\/p><\/a><\/div><div class=\"vc_grid-item vc_clearfix col-lg-3 vc_grid-item-zone-c-bottom vc_visible-item fadeIn animated style_list itemclass-104856\"><a href=\"https:\/\/www.genesys.com\/pt-br\/solutions\"><h5>Solu\u00e7\u00f5es<\/h5><\/a><\/div><div class=\"vc_grid-item vc_clearfix col-lg-3 vc_grid-item-zone-c-bottom vc_visible-item fadeIn animated style_list itemclass-106222\"><a href=\"https:\/\/www.genesys.com\/pt-br\/customer-success\"><h5>Sucesso do cliente<\/h5><\/a><\/div><div class=\"vc_grid-item vc_clearfix col-lg-3 vc_grid-item-zone-c-bottom vc_visible-item fadeIn animated style_list itemclass-104890\"><a href=\"https:\/\/www.genesys.com\/pt-br\/messaging\"><h5>Mensagens ass\u00edncronas<\/h5><\/a><\/div><div class=\"vc_grid-item vc_clearfix col-lg-3 vc_grid-item-zone-c-bottom vc_visible-item fadeIn animated style_list itemclass-104869\"><a href=\"https:\/\/www.genesys.com\/pt-br\/platform\"><h5>Plataforma<\/h5><p>Promova experi\u00eancias do cliente magn\u00edficas com a Genesys Customer Experience Platform<\/p><\/a><\/div><div class=\"vc_grid-item vc_clearfix col-lg-3 vc_grid-item-zone-c-bottom vc_visible-item fadeIn animated style_list itemclass-105939\"><a href=\"https:\/\/www.genesys.com\/pt-br\/contact-us\"><h5>Fale conosco<\/h5><\/a><\/div><div class=\"vc_grid-item vc_clearfix col-lg-3 vc_grid-item-zone-c-bottom vc_visible-item fadeIn animated style_list itemclass-105941\"><a href=\"https:\/\/www.genesys.com\/pt-br\/request-a-demo\"><h5>Solicite uma demonstra\u00e7\u00e3o<\/h5><\/a><\/div><div class=\"vc_grid-item vc_clearfix col-lg-3 vc_grid-item-zone-c-bottom vc_visible-item fadeIn animated style_list itemclass-103620\"><a href=\"https:\/\/www.genesys.com\/pt-br\/resources\"><h5>recursos<\/h5><\/a><\/div><div class=\"vc_grid-item vc_clearfix col-lg-3 vc_grid-item-zone-c-bottom vc_visible-item fadeIn animated style_list itemclass-106260\"><a href=\"https:\/\/www.genesys.com\/pt-br\/events\"><h5>Eventos<\/h5><\/a><\/div><div class=\"vc_grid-item vc_clearfix col-lg-3 vc_grid-item-zone-c-bottom vc_visible-item fadeIn animated style_list itemclass-106553\"><a href=\"https:\/\/www.genesys.com\/pt-br\/webinars\"><h5>Webinars<\/h5><\/a><\/div><div class=\"vc_grid-item vc_clearfix col-lg-3 vc_grid-item-zone-c-bottom vc_visible-item fadeIn animated style_list itemclass-106211\"><a href=\"https:\/\/www.genesys.com\/pt-br\/customer-stories\"><h5>Hist\u00f3rias de sucesso<\/h5><\/a><\/div><div class=\"vc_grid-item vc_clearfix col-lg-3 vc_grid-item-zone-c-bottom vc_visible-item fadeIn animated style_list itemclass-106180\"><a href=\"https:\/\/www.genesys.com\/pt-br\/company\"><h5>Empresa<\/h5><\/a><\/div><div class=\"vc_grid-item vc_clearfix col-lg-3 vc_grid-item-zone-c-bottom vc_visible-item fadeIn animated style_list itemclass-106459\"><a href=\"https:\/\/www.genesys.com\/pt-br\/definitions\"><h5>Defini\u00e7\u00f5es<\/h5><\/a><\/div><div class=\"vc_grid-item vc_clearfix col-lg-3 vc_grid-item-zone-c-bottom vc_visible-item fadeIn animated style_list itemclass-106284\"><a href=\"https:\/\/www.genesys.com\/pt-br\/login\"><h5>Genesys Login<\/h5><\/a><\/div><div class=\"vc_grid-item vc_clearfix col-lg-3 vc_grid-item-zone-c-bottom vc_visible-item fadeIn animated style_list itemclass-105937\"><a href=\"https:\/\/www.genesys.com\/pt-br\/select-region\"><h5>Selecionar regi\u00e3o<\/h5><\/a><\/div><div class=\"vc_grid-item vc_clearfix col-lg-3 vc_grid-item-zone-c-bottom vc_visible-item fadeIn animated style_list itemclass-106057\"><a href=\"https:\/\/www.genesys.com\/pt-br\/partners\"><h5>Vis\u00e3o geral do parceiro<\/h5><p>Os parceiros da Genesys t\u00eam acesso a tecnologias e oportunidades para aumentar a participa\u00e7\u00e3o no mercado, e os clientes podem trabalhar com uma rede de parceiros da Genesys para impulsionar seus neg\u00f3cios.<\/p><\/a><\/div><div class=\"vc_grid-item vc_clearfix col-lg-3 vc_grid-item-zone-c-bottom vc_visible-item fadeIn animated style_list itemclass-103638\"><a href=\"https:\/\/www.genesys.com\/pt-br\/capabilities\"><h5>Fun\u00e7\u00f5es<\/h5><\/a><\/div><\/div><\/div><\/div><\/div>[\/vc_column][\/vc_row][\/vc_section]<\/p>\n<\/div>","protected":false},"excerpt":{"rendered":"<p>[vc_section full_width=&#8221;stretch_row&#8221; el_class=&#8221;section_header&#8221; css=&#8221;.vc_custom_1530124845360{background-image: url(https:\/\/www.genesys.com\/media\/0618-Customer-Experience-Innovations.jpg?id=16690) !important;}&#8221;][vc_row equal_height=&#8221;yes&#8221; content_placement=&#8221;middle&#8221;][vc_column width=&#8221;1\/2&#8243;][vc_column_text] Modele as jornadas dos clientes com an\u00e1lises preditivas em tempo real [\/vc_column_text][\/vc_column][vc_column width=&#8221;1\/2&#8243;][\/vc_column][\/vc_row][\/vc_section][vc_section full_width=&#8221;stretch_row&#8221; el_class=&#8221;cta-bar&#8221; css=&#8221;.vc_custom_1522458207688{padding-top: 0px !important;padding-bottom: 0px !important;}&#8221;][vc_row full_width=&#8221;stretch_row&#8221; css=&#8221;.vc_custom_1522458201976{padding-top: 0px !important;padding-bottom: 0px !important;}&#8221;][vc_column][\/vc_column][\/vc_row][\/vc_section][vc_section full_width=&#8221;stretch_row&#8221;][vc_row][vc_column][vc_column_text] Identifique os padr\u00f5es do cliente Fortale\u00e7a os relacionamentos com os seus clientes por meio da an\u00e1lise preditiva e aprenda [&hellip;]<\/p>\n","protected":false},"author":15,"featured_media":81928,"parent":0,"menu_order":4,"comment_status":"closed","ping_status":"closed","template":"","meta":{"_acf_changed":false,"footnotes":""},"class_list":["post-104873","page","type-page","status-publish","has-post-thumbnail","hentry"],"acf":[],"_links":{"self":[{"href":"https:\/\/www.genesys.com\/pt-br\/wp-json\/wp\/v2\/pages\/104873","targetHints":{"allow":["GET"]}}],"collection":[{"href":"https:\/\/www.genesys.com\/pt-br\/wp-json\/wp\/v2\/pages"}],"about":[{"href":"https:\/\/www.genesys.com\/pt-br\/wp-json\/wp\/v2\/types\/page"}],"author":[{"embeddable":true,"href":"https:\/\/www.genesys.com\/pt-br\/wp-json\/wp\/v2\/users\/15"}],"replies":[{"embeddable":true,"href":"https:\/\/www.genesys.com\/pt-br\/wp-json\/wp\/v2\/comments?post=104873"}],"version-history":[{"count":4,"href":"https:\/\/www.genesys.com\/pt-br\/wp-json\/wp\/v2\/pages\/104873\/revisions"}],"predecessor-version":[{"id":110754,"href":"https:\/\/www.genesys.com\/pt-br\/wp-json\/wp\/v2\/pages\/104873\/revisions\/110754"}],"wp:featuredmedia":[{"embeddable":true,"href":"https:\/\/www.genesys.com\/pt-br\/wp-json\/wp\/v2\/media\/81928"}],"wp:attachment":[{"href":"https:\/\/www.genesys.com\/pt-br\/wp-json\/wp\/v2\/media?parent=104873"}],"curies":[{"name":"wp","href":"https:\/\/api.w.org\/{rel}","templated":true}]}}