{"id":104869,"date":"2018-10-26T14:17:53","date_gmt":"2018-10-26T21:17:53","guid":{"rendered":"https:\/\/www.genesys.com\/?page_id=104869"},"modified":"2021-06-28T01:36:42","modified_gmt":"2021-06-28T08:36:42","slug":"platform","status":"publish","type":"page","link":"https:\/\/www.genesys.com\/pt-br\/platform","title":{"rendered":"Plataforma"},"content":{"rendered":"<div class=\"wpb-content-wrapper\"><p>[vc_section full_width=&#8221;stretch_row&#8221; el_class=&#8221;section_header&#8221; css=&#8221;.vc_custom_1533841032237{background-image: url(https:\/\/www.genesys.com\/media\/7c342731-v4-platform.jpg?id=86383) !important;}&#8221;][vc_row equal_height=&#8221;yes&#8221; content_placement=&#8221;middle&#8221;][vc_column width=&#8221;3\/5&#8243;][vc_column_text]<\/p>\n<h1>Plataforma de experi\u00eancia do cliente omnichannel<\/h1>\n<p>[\/vc_column_text][\/vc_column][vc_column width=&#8221;2\/5&#8243;][\/vc_column][\/vc_row][\/vc_section][vc_section full_width=&#8221;stretch_row&#8221; el_class=&#8221;cta-bar&#8221; css=&#8221;.vc_custom_1522458207688{padding-top: 0px !important;padding-bottom: 0px !important;}&#8221;][vc_row full_width=&#8221;stretch_row&#8221; css=&#8221;.vc_custom_1522458201976{padding-top: 0px !important;padding-bottom: 0px !important;}&#8221;][vc_column][\/vc_column][\/vc_row][\/vc_section][vc_section full_width=&#8221;stretch_row&#8221;][vc_row][vc_column][vc_column_text]<\/p>\n<h2 style=\"text-align: center;\">Transforme a experi\u00eancia do cliente em um diferencial estrat\u00e9gico<\/h2>\n<p style=\"text-align: center;\">Os neg\u00f3cios ficam mais competitivos a cada dia, e as exig\u00eancias dos seus clientes tamb\u00e9m aumentam. Supere suas metas de neg\u00f3cios e as expectativas do cliente com a Genesys Customer Experience Platform.<\/p>\n<p style=\"text-align: center;\">Uma excelente CX gera melhores resultados para os neg\u00f3cios e a fidelidade do cliente. A Genesys oferece a voc\u00ea as ferramentas para administrar as jornadas dos clientes em um ou mais canais. Voc\u00ea saber\u00e1 quem est\u00e1 falando com a empresa e como proporcionar a melhor resolu\u00e7\u00e3o poss\u00edvel desde o primeiro contato do cliente. E suas equipes ter\u00e3o a informa\u00e7\u00e3o e os aplicativos que necessitam ao seu alcance.<\/p>\n<p style=\"text-align: center;\">Empresas do mundo todo contam com a Genesys para oferecer capacidades de customer engagement, employee engagement e business optimization que promovem relacionamentos duradouros e produzem resultados impressionantes nos neg\u00f3cios.<\/p>\n<p>[\/vc_column_text][\/vc_column][\/vc_row][\/vc_section][vc_section full_width=&#8221;stretch_row&#8221; el_class=&#8221;section_light-gray&#8221;][vc_row][vc_column][vc_column_text]<\/p>\n<h3 style=\"text-align: center;\">Explorar a plataforma da Genesys\u2026<\/h3>\n<p>[\/vc_column_text]<div class=\"child-pages vc_grid-container-wrapper vc_clearfix grid_type-page-relative wrapper_style_colored-boxes\"><div class=\"vc_grid-container vc_clearfix wpb_content_element vc_basic_grid\"><div class=\"grid vc_grid vc_row vc_grid-gutter-35px vc_pageable-wrapper vc_hook_hover gen_text-center\" data-vc-pageable-content=\"true\"><div class=\"vc_pageable-slide-wrapper vc_clearfix d-flex flex-wrap justify-content-center w-100\" data-vc-grid-content=\"true\"><div class=\"vc_grid-item vc_clearfix style_colored-boxes col-lg-3 vc_grid-item-zone-c-bottom vc_visible-item fadeIn animated itemclass-104858\"><a href=\"https:\/\/www.genesys.com\/pt-br\/platform\/pureconnect\"><div class=\"overlay\"><h4 class=\"item-title\">PureConnect<\/h4><\/div><div class=\"content\"><h4 class=\"item-title\">PureConnect<\/h4><p>Aumente o customer engagement com a plataforma de experi\u00eancia do cliente all-in-one flex\u00edvel PureConnect<\/p><div class=\"genesys-button medium  genesys-orange\"><span>Obtenha mais informa\u00e7\u00e3o<\/span><\/div><\/div><\/a><\/div><div class=\"vc_grid-item vc_clearfix style_colored-boxes col-lg-3 vc_grid-item-zone-c-bottom vc_visible-item fadeIn animated itemclass-104969\"><a href=\"https:\/\/www.genesys.com\/pt-br\/platform\/purecloud\"><div class=\"overlay\"><h4 class=\"item-title\">PureCloud<\/h4><\/div><div class=\"content\"><h4 class=\"item-title\">PureCloud<\/h4><p>Capacite sua empresa para fornecer um servi\u00e7o excelente durante toda a jornada do cliente<\/p><div class=\"genesys-button medium  genesys-orange\"><span>Obtenha mais informa\u00e7\u00e3o<\/span><\/div><\/div><\/a><\/div><div class=\"vc_grid-item vc_clearfix style_colored-boxes col-lg-3 vc_grid-item-zone-c-bottom vc_visible-item fadeIn animated itemclass-156325\"><a href=\"https:\/\/www.genesys.com\/pt-br\/platform\/genesys-cloud\"><div class=\"overlay\"><h4 class=\"item-title\">Genesys Cloud CX<\/h4><\/div><div class=\"content\"><h4 class=\"item-title\">Genesys Cloud CX<\/h4><div class=\"genesys-button medium  genesys-orange\"><span>Obtenha mais informa\u00e7\u00e3o<\/span><\/div><\/div><\/a><\/div><div class=\"vc_grid-item vc_clearfix style_colored-boxes col-lg-3 vc_grid-item-zone-c-bottom vc_visible-item fadeIn animated itemclass-104860\"><a href=\"https:\/\/www.genesys.com\/pt-br\/platform\/pureengage\"><div class=\"overlay\"><h4 class=\"item-title\">PureEngage<\/h4><\/div><div class=\"content\"><h4 class=\"item-title\">PureEngage<\/h4><p>Promova o sucesso da experi\u00eancia do cliente e a transforma\u00e7\u00e3o digital com a plataforma PureEngage da Genesys <\/p><div class=\"genesys-button medium  genesys-orange\"><span>Obtenha mais informa\u00e7\u00e3o<\/span><\/div><\/div><\/a><\/div><\/div><\/div><\/div><\/div>[\/vc_column][\/vc_row][\/vc_section][vc_section full_width=&#8221;stretch_row&#8221;][vc_row equal_height=&#8221;yes&#8221; content_placement=&#8221;middle&#8221; el_class=&#8221;mobile-reverse&#8221;][vc_column width=&#8221;2\/3&#8243;][vc_column_text]<\/p>\n<h3>A plataforma Genesys Cloud<\/h3>\n<p>Leve sua empresa para o futuro com a plataforma Genesys Cloud\u2122, uma solu\u00e7\u00e3o all-in-one unificada de software de gest\u00e3o de customer engagement e employee management que \u00e9 f\u00e1cil de usar, r\u00e1pida de implementar e criada para uma r\u00e1pida inova\u00e7\u00e3o. Os recursos omnichannel perfeitos e a confiabilidade excepcional permitem que voc\u00ea se conecte e interaja com seus clientes onde e quando quiser. A plataforma Genesys Cloud oferece uma ado\u00e7\u00e3o interna incrivelmente r\u00e1pida para o mercado de pequenas e m\u00e9dias empresas, bem como para uma lista crescente de clientes de grande porte. Com funcionalidades impressionantes e uma verdadeira arquitetura na nuvem que suporta melhorias cont\u00ednuas, Genesys Cloud atende \u00e0s suas necessidades agora e em qualquer situa\u00e7\u00e3o no futuro.[\/vc_column_text]<div class=\"btn-container justify-content-start \"><a class=\"btn small btn-primary\" href=\"\/pt-br\/platform\/purecloud\" target=\"\" style=\"width:auto;\" rel=\"\" >Saiba mais<\/a><\/div>[\/vc_column][vc_column width=&#8221;1\/3&#8243;][vc_single_image image=&#8221;382403&#8243; img_size=&#8221;full&#8221; css=&#8221;.vc_custom_1624869359700{margin-bottom: 2em !important;}&#8221;][\/vc_column][\/vc_row][\/vc_section][vc_row][vc_column]<span class=\"g_separator genesys-light-gray\" style=\"height:1px\"><\/span>[\/vc_column][\/vc_row][vc_section full_width=&#8221;stretch_row&#8221;][vc_row equal_height=&#8221;yes&#8221; content_placement=&#8221;middle&#8221;][vc_column width=&#8221;1\/3&#8243;][vc_single_image image=&#8221;12944&#8243; img_size=&#8221;full&#8221; css=&#8221;.vc_custom_1525984984575{margin-bottom: 2em !important;}&#8221;][\/vc_column][vc_column width=&#8221;2\/3&#8243;][vc_column_text]<\/p>\n<h3>A plataforma PureConnect da Genesys<\/h3>\n<p>Os clientes t\u00eam o controle, e voc\u00ea precisa interagir com eles do jeito que eles quiserem. Dispon\u00edvel on-premise e na nuvem, a plataforma PureConnect\u0099 \u00e9 a solu\u00e7\u00e3o de contact center omnichannel para empresas m\u00e9dias e grandes. Com tecnologia comprovada que promove a comunica\u00e7\u00e3o cont\u00ednua em canais digitais e de voz, voc\u00ea pode comunicar-se com seus clientes por telefone, chat, texto ou redes sociais, e tudo isso atrav\u00e9s de um \u00fanico e poderoso aplicativo. Simples de administrar e desenvolvida para integrar-se com outros sistemas, esta plataforma pode ser adaptada para atender \u00e0s suas necessidades espec\u00edficas e utilizar recursos adicionais com licen\u00e7as por assinatura.[\/vc_column_text]<div class=\"btn-container justify-content-start \"><a class=\"btn small btn-primary\" href=\"\/pt-br\/platform\/pureconnect\" target=\"\" style=\"width:auto;\" rel=\"\" >Saiba mais<\/a><\/div>[\/vc_column][\/vc_row][\/vc_section][vc_row][vc_column]<span class=\"g_separator genesys-light-gray\" style=\"height:1px\"><\/span>[\/vc_column][\/vc_row][vc_section full_width=&#8221;stretch_row&#8221;][vc_row equal_height=&#8221;yes&#8221; content_placement=&#8221;middle&#8221; el_class=&#8221;mobile-reverse&#8221;][vc_column width=&#8221;2\/3&#8243;][vc_column_text]<\/p>\n<h3>A plataforma Genesys<\/h3>\n<p>Proporcione experi\u00eancias competitivamente superiores e a transforma\u00e7\u00e3o digital em qualquer escala com a su\u00edte de customer engagement omnichannel Genesys\u2122 para empresas de grande porte. A plataforma Genesys combina jornadas contextuais em tempo real, roteamento inteligente de primeira classe e transforma\u00e7\u00e3o digital. Esses recursos transformam a experi\u00eancia do cliente em seu diferencial competitivo. Com ferramentas robustas e f\u00e1ceis de usar ao seu alcance, as equipes podem superar as crescentes expectativas dos clientes para obter intera\u00e7\u00f5es personalizadas e sem interrup\u00e7\u00f5es. A plataforma Genesys oferece diferentes efici\u00eancias operacionais e uma experi\u00eancia do cliente de qualidade superior, al\u00e9m de personaliza\u00e7\u00e3o abrangente baseada em APIs abertas e padr\u00f5es da web.[\/vc_column_text]<div class=\"btn-container justify-content-start \"><a class=\"btn small btn-primary\" href=\"\/pt-br\/platform\/pureengage\" target=\"\" style=\"width:auto;\" rel=\"\" >Saiba mais<\/a><\/div>[\/vc_column][vc_column width=&#8221;1\/3&#8243;][vc_single_image image=&#8221;382419&#8243; img_size=&#8221;full&#8221; css=&#8221;.vc_custom_1624869381247{margin-bottom: 2em !important;}&#8221;][\/vc_column][\/vc_row][\/vc_section][vc_section full_width=&#8221;stretch_row&#8221; css=&#8221;.vc_custom_1524350271998{background-color: #f3f3f3 !important;}&#8221;][vc_row equal_height=&#8221;yes&#8221; content_placement=&#8221;middle&#8221;][vc_column width=&#8221;1\/2&#8243; el_class=&#8221;hide-on-mobile&#8221; offset=&#8221;vc_hidden-xs&#8221;][vc_single_image image=&#8221;9168&#8243; alignment=&#8221;center&#8221; img_size=&#8221;full&#8221;][\/vc_column][vc_column width=&#8221;1\/2&#8243;][vc_column_text]<\/p>\n<h3>Posicione-se para atender \u00e0s necessidades dos clientes \u00e0 medida que elas evoluem<\/h3>\n<p>Conte com a Genesys para proporcionar excelentes experi\u00eancias do cliente, agora e no futuro. \u00a0Procure-nos para encontrar os recursos e o conhecimento especializado que definem a pr\u00f3xima gera\u00e7\u00e3o da experi\u00eancia do cliente.<\/p>\n<ul>\n<li>Intelig\u00eancia artificial e bots<\/li>\n<li>Integra\u00e7\u00f5es da Internet das Coisas (IoT) com o Google, Amazon e Apple Business Chat<\/li>\n<li>An\u00e1lise de tom e palavra-chave<\/li>\n<li>Roteamento preditivo baseado na aprendizagem autom\u00e1tica<\/li>\n<li>Realidade virtual e aumentada, incluindo suporte ao cliente em v\u00eddeo<\/li>\n<li>Armazenamento e an\u00e1lise da big data para utilizar melhor os dados em seus pr\u00f3prios sistemas<\/li>\n<\/ul>\n<p>[\/vc_column_text]<div class=\"btn-container justify-content-start \"><a class=\"btn small btn-primary\" href=\"\/pt-br\/customer-experience\/innovations\" target=\"\" style=\"width:auto;\" rel=\"\" >Saiba mais<\/a><\/div>[\/vc_column][\/vc_row][\/vc_section][vc_section full_width=&#8221;stretch_row&#8221;][vc_row][vc_column][vc_column_text]<\/p>\n<h3 style=\"text-align: center;\">Explorar a plataforma da Genesys\u2026<\/h3>\n<p>[\/vc_column_text][\/vc_column][\/vc_row][\/vc_section]<\/p>\n<\/div>","protected":false},"excerpt":{"rendered":"<p>[vc_section full_width=&#8221;stretch_row&#8221; el_class=&#8221;section_header&#8221; css=&#8221;.vc_custom_1533841032237{background-image: url(https:\/\/www.genesys.com\/media\/7c342731-v4-platform.jpg?id=86383) !important;}&#8221;][vc_row equal_height=&#8221;yes&#8221; content_placement=&#8221;middle&#8221;][vc_column width=&#8221;3\/5&#8243;][vc_column_text] Plataforma de experi\u00eancia do cliente omnichannel [\/vc_column_text][\/vc_column][vc_column width=&#8221;2\/5&#8243;][\/vc_column][\/vc_row][\/vc_section][vc_section full_width=&#8221;stretch_row&#8221; el_class=&#8221;cta-bar&#8221; css=&#8221;.vc_custom_1522458207688{padding-top: 0px !important;padding-bottom: 0px !important;}&#8221;][vc_row full_width=&#8221;stretch_row&#8221; css=&#8221;.vc_custom_1522458201976{padding-top: 0px !important;padding-bottom: 0px !important;}&#8221;][vc_column][\/vc_column][\/vc_row][\/vc_section][vc_section full_width=&#8221;stretch_row&#8221;][vc_row][vc_column][vc_column_text] Transforme a experi\u00eancia do cliente em um diferencial estrat\u00e9gico Os neg\u00f3cios ficam mais competitivos a cada dia, e as exig\u00eancias dos seus clientes tamb\u00e9m [&hellip;]<\/p>\n","protected":false},"author":1,"featured_media":0,"parent":0,"menu_order":3,"comment_status":"closed","ping_status":"closed","template":"","meta":{"_acf_changed":false,"footnotes":""},"class_list":["post-104869","page","type-page","status-publish","hentry"],"acf":[],"_links":{"self":[{"href":"https:\/\/www.genesys.com\/pt-br\/wp-json\/wp\/v2\/pages\/104869","targetHints":{"allow":["GET"]}}],"collection":[{"href":"https:\/\/www.genesys.com\/pt-br\/wp-json\/wp\/v2\/pages"}],"about":[{"href":"https:\/\/www.genesys.com\/pt-br\/wp-json\/wp\/v2\/types\/page"}],"author":[{"embeddable":true,"href":"https:\/\/www.genesys.com\/pt-br\/wp-json\/wp\/v2\/users\/1"}],"replies":[{"embeddable":true,"href":"https:\/\/www.genesys.com\/pt-br\/wp-json\/wp\/v2\/comments?post=104869"}],"version-history":[{"count":6,"href":"https:\/\/www.genesys.com\/pt-br\/wp-json\/wp\/v2\/pages\/104869\/revisions"}],"predecessor-version":[{"id":386370,"href":"https:\/\/www.genesys.com\/pt-br\/wp-json\/wp\/v2\/pages\/104869\/revisions\/386370"}],"wp:attachment":[{"href":"https:\/\/www.genesys.com\/pt-br\/wp-json\/wp\/v2\/media?parent=104869"}],"curies":[{"name":"wp","href":"https:\/\/api.w.org\/{rel}","templated":true}]}}