{"id":602362,"date":"2025-11-11T02:09:42","date_gmt":"2025-11-11T10:09:42","guid":{"rendered":"https:\/\/www.genesys.com\/?page_id=602362"},"modified":"2025-11-11T02:09:42","modified_gmt":"2025-11-11T10:09:42","slug":"genesys-charitable-discount-program","status":"publish","type":"page","link":"https:\/\/www.genesys.com\/it-it\/genesys-charitable-discount-program","title":{"rendered":"Programma di sconti Genesys per enti benefici"},"content":{"rendered":"<div class=\"wpb-content-wrapper\"><p>[vc_section sec_modern_width=&#8221;enable&#8221; background_color=&#8221;bgc-lgray&#8221; flair=&#8221;%5B%7B%22flair_type%22%3A%22f_type_image%22%2C%22hide_mobile%22%3A%22yes%22%7D%5D&#8221; el_id=&#8221;form&#8221; css=&#8221;.vc_custom_1748643950239{background-image: url(https:\/\/www.genesys.com\/media\/Demo-Call-management-BG.png?id=575082) !important;}&#8221;][vc_row background_color=&#8221;bgc-glass&#8221; equal_height=&#8221;yes&#8221; content_placement=&#8221;middle&#8221; el_class=&#8221;rounded p-2 p-lg-4 mt-md-0&#8243;][vc_column width=&#8221;7\/12&#8243;][vc_column_text css=&#8221;.vc_custom_1762855514842{padding-top: 7px !important;}&#8221;]<\/p>\n<p class=\"text-16\">Programma di sconti Genesys\u00ae per enti benefici<\/p>\n<h1>Ti aiutiamo ad aiutare gli altri<\/h1>\n<p>A supporto della tua missione, Genesys offre fino al 50% di sconto su soluzioni selezionate per aiutarti a orchestrare esperienze end-to-end pi\u00f9 personalizzate.<\/p>\n<p><em class=\"text-12\">*Offerta soggetta a termini e condizioni<\/em>[\/vc_column_text][\/vc_column][vc_column width=&#8221;5\/12&#8243;]<div class=\"eloq_form elq-container gmkto_form_type_advanced gmkto_format_vertical\"><form method=\"post\" name=\"MasterLeadIntakeForm\" action=\"https:\/\/s1260946616.t.eloqua.com\/e\/f2\" data-proc=\"inline\" data-ppcount=\"5\" onsubmit=\"return proc_submit(this);\" class=\"beam-form elq-form init no-bg-form yesknown yesprefill yespp strict-check\"  data-target=\".thank-you\" ><div id=\"known_person\" style=\"display:none;\"><p class=\"welcome_user\"><span id=\"welcome_person\">Salve<\/span> <span id=\"person_info\"><span class=\"person_first\"><\/span>&nbsp;<span class=\"person_last\"><\/span><\/span><\/p><p class=\"delete_button\"><a class=\"deletemyrecord\">Non sei tu?<\/a><\/p><\/div><input value=\"MasterLeadIntakeForm\" type=\"hidden\" name=\"elqFormName\"><input value=\"1260946616\" type=\"hidden\" name=\"elqSiteId\"><input name=\"elqCampaignId\" type=\"hidden\"><input type=\"hidden\" name=\"elqCustomerGUID\" value=\"\"><input type=\"hidden\" name=\"elqCookieWrite\" value=\"0\"><input type=\"hidden\" name=\"client_ip_address\" id=\"fe449\" value=\"\"><div class=\"fields\"><input type=\"hidden\" name=\"CID\" id=\"fe198\" value=\"7011T000001YwdlQAC\"><input type=\"hidden\" name=\"CID_STATUS\" id=\"fe281\" value=\"\"><input type=\"hidden\" name=\"redirect_url\" id=\"fe217\" value=\"\"><input type=\"hidden\" name=\"landing_page_url\" id=\"fe204\" value=\"https:\/\/www.genesys.com\/it-it\/wp-json\/wp\/v2\/pages\/602362\"><input type=\"hidden\" name=\"post_type\" id=\"fe448\" value=\"page\"><input type=\"hidden\" name=\"integration\" id=\"fe362\" value=\"\"><input type=\"hidden\" name=\"language_code\" id=\"fe479\" value=\"it-it\"><input type=\"hidden\" name=\"full_url\" id=\"fe983\" value=\"https:\/\/www.genesys.com\/it-it\/wp-json\/wp\/v2\/pages\/602362\"><input type=\"hidden\" name=\"post_id\" id=\"fe984\" value=\"602362\">\n    <div class=\"form-row row-email el_field form-floating\">\n        <input type=\"email\" class=\"form-control el_field elq-item-input required\" name=\"emailAddress\" id=\"fe192\" value=\"\" aria-label=\"Email aziendale\" placeholder=\"Email aziendale\">\n        <label for=\"fe192\">Email aziendale<span class=\"required-asterisk\">*<\/span><\/label>\n    <\/div>\n    <div class=\"form-row cb_available el_field form-floating\">\n        <input type=\"text\" class=\"form-control el_field elq-item-input cb_available  required\" name=\"firstName\" id=\"fe190\" value=\"\" placeholder=\"Nome\">\n        <label for=\"fe190\">Nome<span class=\"required-asterisk\">*<\/span><\/label>\n    <\/div>\n    <div class=\"form-row cb_available el_field form-floating\">\n        <input type=\"text\" class=\"form-control el_field elq-item-input cb_available required\" name=\"lastName\" id=\"fe191\" value=\"\" placeholder=\"Cognome\">\n        <label for=\"fe191\">Cognome<span class=\"required-asterisk\">*<\/span><\/label>\n    <\/div>\n    <div class=\"form-row cb_available eloq_ppe el_field form-floating\">\n        <select class=\"form-select el_field elq-item-select cb_available required eloq_ppe\" id=\"fe219\" name=\"jobLevel1\" data-value=\"\">\n            <option selected=\"\" value=\"\"><\/option><option value=\"C-Level\">Alto dirigente<\/option><option value=\"VP\">VP<\/option><option value=\"Director\">Direttore<\/option><option value=\"Manager\">Manager<\/option><option value=\"Principal\">Principale<\/option><option value=\"Engineer \/ Architect\">Ingegnere\/architetto<\/option><option value=\"Consultant\">Consulente<\/option><option value=\"Analyst\">Analista<\/option><option value=\"Partner\">Partner<\/option><option value=\"Staff\">Personale<\/option><option value=\"Unknown\">Sconosciuto<\/option>\n        <\/select>\n        <label for=\"fe219\">Profilo<span class=\"required-asterisk\">*<\/span><\/label>\n    <\/div>\n    <div class=\"form-row cb_available eloq_ppe el_field form-floating\">\n        <select class=\"form-select el_field elq-item-select cb_available required eloq_ppe\" id=\"fe218\" name=\"jobFunction1\" data-value=\"\">\n            <option selected=\"\" value=\"\"><\/option>\n            <option value=\"Claims\">Reclami<\/option><option value=\"Collections\">Riscossioni<\/option><option value=\"Contact Center Management\">Gestione del contact center<\/option><option value=\"Customer Experience\">Customer Experience<\/option><option value=\"Customer Service\">Customer Service<\/option><option value=\"Ecommerce\/Digital Channels\">Canali di e-commerce\/digitali<\/option><option value=\"Finance\">Finanza<\/option><option value=\"Human Resources\">Risorse umane<\/option><option value=\"Influencer\">Influencer<\/option><option value=\"Information Technology\">Tecnologia informatica<\/option><option value=\"IT Architecture\">Architettura IT<\/option><option value=\"IT Infrastructure\">Infrastruttura IT<\/option><option value=\"IVR\">IVR<\/option><option value=\"Marketing\">Marketing<\/option><option value=\"Operations \/ Process Management\">Gestione delle operazioni\/dei processi<\/option><option value=\"Production Management\">Gestione della produzione<\/option><option value=\"Purchasing\">Acquisti<\/option><option value=\"Sales\">Vendite<\/option><option value=\"Unknown\">Sconosciuto<\/option>\n        <\/select>\n        <label for=\"fe218\">Funzioni<span class=\"required-asterisk\">*<\/span><\/label>\n    <\/div>\n    <div class=\"form-row cb_available eloq_ppe el_field form-floating\">\n        <input type=\"text\" class=\"form-control el_field elq-item-input cb_available required eloq_ppe\" name=\"company\" id=\"fe193\" value=\"\" placeholder=\"Societ\u00e0\">\n        <label for=\"fe193\">Societ\u00e0<span class=\"required-asterisk\">*<\/span><\/label>\n    <\/div>\n    <div class=\"form-row cb_available eloq_ppe el_field form-floating\">\n        <input type=\"tel\" class=\"form-control el_field elq-item-input cb_available required eloq_ppe\" name=\"busPhone\" id=\"fe215\" value=\"\" placeholder=\"Telefono\">\n        <label for=\"fe215\">Telefono<span class=\"required-asterisk\">*<\/span><\/label>\n    <\/div>\n    <div class=\"form-row cb_available eloq_ppe el_field form-floating\">\n        <select class=\"form-select el_field elq-item-select cb_available required eloq_ppe\" id=\"fe194\" name=\"country\" data-value=\"\">\n            <option value=\"\"><\/option>\n            <!-- Add country options here -->\n        <\/select>\n        <label for=\"fe194\">Paese<span class=\"required-asterisk\">*<\/span><\/label>\n    <\/div>\n    <div class=\"form-row cb_available country_dep el_field form-floating\">\n        <select class=\"form-select el_field elq-item-select cb_available required eloq_ppe\" id=\"fe214\" name=\"stateProv\" data-value=\"\">\n            <option selected=\"\" value=\"\"><\/option>\n        <\/select>\n        <label for=\"fe214\">Stato\/Provincia<span class=\"required-asterisk\">*<\/span><\/label>\n    <\/div>\n    <div class=\"form-row cb_available eloq_ppe el_field form-floating\">\n        <input type=\"text\" class=\"form-control el_field elq-item-input cb_available required eloq_ppe\" name=\"website1\" id=\"fe801\" value=\"\" placeholder=\"Your Website\">\n        <label for=\"fe801\">Your Website<span class=\"required-asterisk\">*<\/span><\/label>\n    <\/div><div class=\"form-check single-checkbox-row form-row gdpr-field white-box \"><input type=\"checkbox\" class=\"el_field eloq_ppe\" name=\"explicitConsentEmailPhone\" id=\"fe224\" val=\"\"><label class=\"checkbox-aligned elq-item-label\" for=\"fe224\">S\u00ec. Desidero ricevere aggiornamenti via e-mail o telefono su Genesys.<\/label><\/div><input type=\"hidden\" data-query=\"utm_medium\" name=\"utm_medium\" id=\"fe199\" value=\"\"><input type=\"hidden\" data-query=\"utm_source\" name=\"utm_source\" id=\"fe200\" value=\"\"><input type=\"hidden\" data-query=\"utm_campaign\" name=\"utm_campaign\" id=\"fe201\" value=\"\"><input type=\"hidden\" data-query=\"utm_term\" name=\"utm_term\" id=\"fe202\" value=\"\"><input type=\"hidden\" data-query=\"utm_content\" name=\"utm_content\" id=\"fe203\" value=\"\"><input type=\"hidden\" data-query=\"ost_tool\" name=\"ost_tool\" id=\"fe293\" value=\"\"><input type=\"hidden\" data-query=\"ost_campaign\" name=\"ost_campaign\" id=\"fe294\" value=\"\"><input type=\"hidden\" data-query=\"ost_content\" name=\"ost_content\" id=\"fe295\" value=\"\"><input type=\"hidden\" data-query=\"blaid\" name=\"eloquaBLAID_c\" id=\"fe3099\" value=\"\"><input type=\"hidden\" data-query=\"gclid\" name=\"gCLID1\" id=\"fe283\" value=\"\"><input type=\"hidden\" data-query=\"mkwid\" name=\"mKWID1\" id=\"fe678\" value=\"\"><input type=\"hidden\" name=\"gAClientID1\" id=\"fe284\" value=\"\"><input type=\"hidden\" name=\"noteCreatorTitle1\" id=\"fe313\" value=\"\"><input type=\"hidden\" name=\"webContentAutoResponderDefault\" id=\"fe286\" value=\"OFF\"><input type=\"hidden\" name=\"webContentAutoResponderTitle\" id=\"fe287\" value=\"\"><input type=\"hidden\" name=\"webContentAutoResponderURL\" id=\"fe288\" value=\"\"><input type=\"hidden\" name=\"noteCreator2\" id=\"fe478\" value=\"\"><input type=\"hidden\" class=\"yesprefill\" name=\"neverbounceResult1\" id=\"fe640\" value=\"OFF\"><input type=\"hidden\" class=\"yesprefill\" name=\"neverbounceFlags1\" id=\"fe641\" value=\"OFF\"><input type=\"hidden\" class=\"yesprefill\" name=\"neverbounceSuggestedCorrection1\" id=\"fe642\" value=\"6sense\"><input type=\"hidden\" name=\"clearbitPersonID1\" id=\"fe630\" value=\"\"><input type=\"hidden\" name=\"clearbitFieldCount1\" id=\"fe633\" value=\"\"><input type=\"hidden\" name=\"clearbitTitle1\" id=\"fe646\" value=\"\"><input type=\"hidden\" name=\"clearbitRole1\" id=\"fe631\" value=\"\"><input type=\"hidden\" name=\"clearbitNumberofEmployees1\" id=\"fe647\" value=\"\"><input type=\"hidden\" name=\"clearbitNumberofEmployeesRange1\" id=\"fe648\" value=\"\"><input type=\"hidden\" name=\"clearbitWebsite1\" id=\"fe802\" value=\"\"><input type=\"hidden\" name=\"browserUserAgent\" id=\"fe3319\" value=\"\"><input type=\"text\" class=\"honeypp\" name=\"honeypp\" id=\"honeypp\" value=\"\" ><input role=\"button\" aria-label=\"Inizia a risparmiare oggi stesso\" type=\"Submit\" class=\"submit-button-style btn btn-primary \" value=\"Inizia a risparmiare oggi stesso\" id=\"fe195\"><div class=\"loading\"><\/div><div class=\"gdpr-field form-row white-box legal\"><span>Fornendo queste informazioni accetti la <a href=\"https:\/\/www.genesys.com\/company\/legal\/privacy-policy\" target=\"_blank\">nostra politica sulla privacy<\/a>.<\/span><\/div><\/div><\/form><\/div>[vc_column_text css=&#8221;&#8221; el_class=&#8221;thank-you bgc-white p-2 rounded&#8221;]<\/p>\n<p class=\"h1 text-secondary h4\">Grazie!<\/p>\n<p class=\"text-mid-gray text-16\">Grazie per l&#8217;interesse dimostrato nel programma di sconti Genesys per enti benefici.<\/p>\n<p class=\"text-mid-gray text-16\">Genesys si impegna ad aiutare chi aiuta gli altri. Stiamo esaminando la tua richiesta e non vediamo l&#8217;ora di metterci in contatto con te il prima possibile per scoprire come possiamo aiutarti a supportare la tua missione.<\/p>\n<p class=\"text-mid-gray text-16\">Cordiali saluti, il team Genesys<\/p>\n<p>[\/vc_column_text][\/vc_column][\/vc_row][\/vc_section][vc_section flair=&#8221;%5B%7B%22flair_width%22%3A%22100%25%22%2C%22flair_height%22%3A%22100%25%22%2C%22flair_top%22%3A%220%22%2C%22flair_left%22%3A%220%22%2C%22flair_bgc%22%3A%22%23ffffff%22%2C%22hide_mobile%22%3A%22yes%22%7D%5D&#8221; css=&#8221;.vc_custom_1678384799357{background-position: center !important;background-repeat: no-repeat !important;background-size: cover !important;}&#8221;][vc_row][vc_column width=&#8221;1\/2&#8243;][vc_column_text css=&#8221;&#8221;]<\/p>\n<h2>Fai davvero la differenza per la comunit\u00e0 che supporti.<\/h2>\n<p>Conosci meglio le persone che stai aiutando e anticipa le loro esigenze al fine di fornire servizi ancora pi\u00f9 utili e migliorare l&#8217;efficienza di processi e persone per massimizzare il tuo impatto.[\/vc_column_text][\/vc_column][vc_column width=&#8221;1\/2&#8243;][vc_column_text css=&#8221;&#8221;]<\/p>\n<h3 class=\"h4\">Guidati dai nostri valori<\/h3>\n<p>Noi di Genesys sosteniamo l&#8217;empatia. \u00c8 il fondamento della nostra cultura, della nostra tecnologia e del nostro business.<\/p>\n<p>Sappiamo che i budget sono limitati e le spese aumentano rapidamente. Ecco perch\u00e9, per le organizzazioni benefiche qualificate, offriamo fino al 50% di sconto su:<\/p>\n<ul>\n<li style=\"list-style-type: none;\">\n<ul>\n<li>Licenze Genesys Cloud<sup>TM<\/sup><\/li>\n<li>Implementazione dei servizi Jumpstart<\/li>\n<li>Abbonamenti a corsi di formazione Beyond<\/li>\n<\/ul>\n<\/li>\n<\/ul>\n<p>Ci impegniamo a fare la differenza per te in modo che tu possa farla ancora di pi\u00f9 per gli altri.[\/vc_column_text][\/vc_column][\/vc_row][\/vc_section][vc_section sec_modern_width=&#8221;enable&#8221; background_color=&#8221;bgc-lgray&#8221; flair=&#8221;%5B%7B%22flair_type%22%3A%22f_type_image%22%7D%5D&#8221;][vc_row equal_height=&#8221;yes&#8221;][vc_column width=&#8221;7\/12&#8243;][vc_column_text css=&#8221;&#8221;]<\/p>\n<h3>Unisciti ad altre organizzazioni benefiche partner di Genesys<\/h3>\n<p>Genesys consente alle organizzazioni di beneficenza di offrire esperienze proattive, predittive e personalizzate per migliorare la produttivit\u00e0 e rafforzare il coinvolgimento dei dipendenti.[\/vc_column_text][\/vc_column][vc_column width=&#8221;5\/12&#8243;]<div class=\"btn-container justify-content-lg-end justify-content-center\"><a role=\"button\"  class=\"btn btn-secondary\" href=\"\/it-it\/customer-stories\" target=\"\" rel=\"\">Visualizza tutte le storie<\/a><\/div>[\/vc_column][\/vc_row][vc_row container_class=&#8221;mt-0&#8243;][vc_column]<div class=\"component-customer-carousel default-layout single-customer\" data-current-active=\"0\" data-layout=\"default\" data-count=\"1\"><div class=\"carousel-main-row\"><div class=\"carousel-content-col\"><div class=\"customer-content active\" data-href=\"428433\" data-index=\"0\"><a class=\"content-row w-100 bgc-glass\" tabindex=\"-1\" href=\"\/customer-stories\/national-domestic-violence-hotline\"><div class=\"customer-image-col\"><img decoding=\"async\" class=\"header-image\" alt=\"Customer story still image national domestic violence hotline\" src=\"https:\/\/www.genesys.com\/media\/customer_story-still_image-National_Domestic-Violence_Hotline.jpg\" width=\"1216\" height=\"684\"><\/div><div class=\"customer-quote-col\"><img decoding=\"async\" class=\"company-logo\" alt=\"Ndvh 100x100\" src=\"https:\/\/www.genesys.com\/media\/NDVH_100x100.png\"  width=\"100\" height=\"100\"><p class=\"quote-content mb-2 quote-size-lg\">\u00abGenesys Cloud ha messo a disposizione un'interfaccia ottimale, i prezzi pi\u00f9 trasparenti disponibili e le migliori opzioni di integrazione. L'ultimo punto \u00e8 stato fondamentale perch\u00e9 volevamo evitare di dover gestire soluzioni aggiuntive.\u00bb<\/p><p class=\"customer-name text-18 font-weight-bold mb-0\">Marty Hand<\/p><p class=\"customer-title\">VP of Technology<\/p><div class=\"btn-container\"><div class=\"btn btn-secondary small\">Leggi la sua storia<\/div><\/div><\/div><\/a><\/div><\/div><\/div><\/div>[\/vc_column][\/vc_row][\/vc_section][vc_section flair=&#8221;%5B%5D&#8221;][vc_row][vc_column width=&#8221;1\/2&#8243;][vc_column_text css=&#8221;.vc_custom_1762490862235{padding-bottom: 20px !important;}&#8221;]<\/p>\n<h3>Crea un nuovo mondo di efficienza ed empatia<\/h3>\n<p>[\/vc_column_text][\/vc_column][\/vc_row][vc_row equal_height=&#8221;yes&#8221; css=&#8221;.vc_custom_1682022752839{padding-top: -10px !important;padding-bottom: -10px !important;}&#8221;][vc_column v_align=&#8221;middle&#8221; width=&#8221;1\/2&#8243;]<a class=\"component card w-100 bgc-lgray vertical text-start nomedia   \" href=\"\/it-it\/genesys-cloud\" target=\"\" rel=\"\" ><div class=\"card-body\"><h4 class=\"h5\">Genesys Cloud<\/h4>\n<p>Trasforma la tua organizzazione con la piattaforma per la Customer Experience di Genesys. Gestisci tutte le fasi di ciascuna esperienza, contribuisci ad aumentare l&#8217;efficienza in termini di tecnologia, personale e processi e sviluppa relazioni migliori con la comunit\u00e0 e le persone che supporti.<\/p>\n<\/div><div class=\"card-footer text-end\"><div class=\"btn-container \"><div class=\"small mt-0 btn btn-secondary \" href=\"#\" target=\"\" rel=\"\">Scopri di pi\u00f9<\/div><\/div><\/div><\/a>[\/vc_column][vc_column width=&#8221;1\/2&#8243;]<a class=\"component card w-100 bgc-lgray vertical text-start nomedia   \" href=\"#\" target=\"\" rel=\"\" ><div class=\"card-body\"><h4 class=\"h5\">Ottieni il tuo sconto<\/h4>\n<p>Approfitta del nostro prezzo speciale scontato per la tua organizzazione di beneficenza. Contattaci oggi stesso per maggiori dettagli.<\/p>\n<\/div><div class=\"card-footer text-end\"><div class=\"btn-container \"><div class=\"small mt-0 chevron arrow arrow-primary \" href=\"#\" target=\"\" rel=\"\">Parliamone<\/div><\/div><\/div><\/a>[\/vc_column][\/vc_row][vc_row][vc_column][vc_column_text css=&#8221;&#8221;]<\/p>\n<p class=\"text-mid-gray text-12\"><strong class=\"text-14\">Termini e condizioni<\/strong><\/p>\n<p class=\"text-mid-gray text-12\">Le organizzazioni di beneficenza devono soddisfare e verificare l&#8217;adempimento ai seguenti criteri:<\/p>\n<ul>\n<li class=\"text-mid-gray text-12\">Organizzazione di beneficenza riconosciuta a livello federale\n<ul>\n<li class=\"text-mid-gray text-12\">Negli Stati Uniti l&#8217;organizzazione deve essere di tipo IRS 501(c)(3) e fornire il modulo 990 corrispettivo<\/li>\n<li class=\"text-mid-gray text-12\">In Canada l&#8217;organizzazione deve essere un ente di beneficenza registrato e fornire il proprio T3010<\/li>\n<li class=\"text-mid-gray text-12\">Tutti gli altri paesi devono presentare prova dello stato di ente di beneficenza ufficialmente riconosciuto<\/li>\n<\/ul>\n<\/li>\n<li class=\"text-mid-gray text-12\">Non operare nei settori pubblico, dell&#8217;istruzione o dell&#8217;assistenza sanitaria<\/li>\n<li class=\"text-mid-gray text-12\">Budget operativo inferiore a 100 milioni di dollari statunitensi<\/li>\n<li class=\"text-mid-gray text-12\">Le organizzazioni di beneficenza di tipo religioso devono fornire assistenza indipendentemente dalle credenze religiose dei destinatari<\/li>\n<\/ul>\n<p>[\/vc_column_text][\/vc_column][\/vc_row][\/vc_section]<\/p>\n<\/div>","protected":false},"excerpt":{"rendered":"<p>[vc_section sec_modern_width=&#8221;enable&#8221; background_color=&#8221;bgc-lgray&#8221; flair=&#8221;%5B%7B%22flair_type%22%3A%22f_type_image%22%2C%22hide_mobile%22%3A%22yes%22%7D%5D&#8221; el_id=&#8221;form&#8221; css=&#8221;.vc_custom_1748643950239{background-image: url(https:\/\/www.genesys.com\/media\/Demo-Call-management-BG.png?id=575082) !important;}&#8221;][vc_row background_color=&#8221;bgc-glass&#8221; equal_height=&#8221;yes&#8221; content_placement=&#8221;middle&#8221; el_class=&#8221;rounded p-2 p-lg-4 mt-md-0&#8243;][vc_column width=&#8221;7\/12&#8243;][vc_column_text css=&#8221;.vc_custom_1762855514842{padding-top: 7px !important;}&#8221;] Programma di sconti Genesys\u00ae per enti benefici Ti aiutiamo ad aiutare gli altri A supporto della tua missione, Genesys offre fino al 50% di sconto su soluzioni selezionate per aiutarti a orchestrare esperienze end-to-end pi\u00f9 personalizzate. [&hellip;]<\/p>\n","protected":false},"author":1197,"featured_media":0,"parent":0,"menu_order":0,"comment_status":"closed","ping_status":"closed","template":"","meta":{"_acf_changed":false,"footnotes":""},"class_list":["post-602362","page","type-page","status-publish","hentry"],"acf":[],"_links":{"self":[{"href":"https:\/\/www.genesys.com\/it-it\/wp-json\/wp\/v2\/pages\/602362","targetHints":{"allow":["GET"]}}],"collection":[{"href":"https:\/\/www.genesys.com\/it-it\/wp-json\/wp\/v2\/pages"}],"about":[{"href":"https:\/\/www.genesys.com\/it-it\/wp-json\/wp\/v2\/types\/page"}],"author":[{"embeddable":true,"href":"https:\/\/www.genesys.com\/it-it\/wp-json\/wp\/v2\/users\/1197"}],"replies":[{"embeddable":true,"href":"https:\/\/www.genesys.com\/it-it\/wp-json\/wp\/v2\/comments?post=602362"}],"version-history":[{"count":5,"href":"https:\/\/www.genesys.com\/it-it\/wp-json\/wp\/v2\/pages\/602362\/revisions"}],"predecessor-version":[{"id":602888,"href":"https:\/\/www.genesys.com\/it-it\/wp-json\/wp\/v2\/pages\/602362\/revisions\/602888"}],"wp:attachment":[{"href":"https:\/\/www.genesys.com\/it-it\/wp-json\/wp\/v2\/media?parent=602362"}],"curies":[{"name":"wp","href":"https:\/\/api.w.org\/{rel}","templated":true}]}}