{"id":97472,"date":"2018-10-04T10:02:29","date_gmt":"2018-10-04T17:02:29","guid":{"rendered":"https:\/\/www.genesys.com\/?page_id=97472"},"modified":"2020-11-13T12:59:45","modified_gmt":"2020-11-13T20:59:45","slug":"purecloud-services-and-support","status":"publish","type":"page","link":"https:\/\/www.genesys.com\/fr-fr\/platform\/purecloud-services-and-support","title":{"rendered":"Services et support Genesys Cloud"},"content":{"rendered":"<div class=\"wpb-content-wrapper\"><p>[vc_section full_width=\u00a0\u00bbstretch_row\u00a0\u00bb el_class=\u00a0\u00bbsection_header\u00a0\u00bb css=\u00a0\u00bb.vc_custom_1532973566467{background-image: url(https:\/\/www.genesys.com\/media\/e2840feb-purecloud-v1.png?id=83898) !important;}\u00a0\u00bb][vc_row equal_height=\u00a0\u00bbyes\u00a0\u00bb content_placement=\u00a0\u00bbmiddle\u00a0\u00bb][vc_column][vc_column_text]<\/p>\n<h1>Support et Services Genesys Cloud<\/h1>\n<p>[\/vc_column_text][\/vc_column][\/vc_row][\/vc_section][vc_section full_width=\u00a0\u00bbstretch_row\u00a0\u00bb el_class=\u00a0\u00bbcta-bar\u00a0\u00bb css=\u00a0\u00bb.vc_custom_1522458207688{padding-top: 0px !important;padding-bottom: 0px !important;}\u00a0\u00bb][vc_row full_width=\u00a0\u00bbstretch_row\u00a0\u00bb css=\u00a0\u00bb.vc_custom_1522458201976{padding-top: 0px !important;padding-bottom: 0px !important;}\u00a0\u00bb][vc_column][\/vc_column][\/vc_row][\/vc_section][vc_section full_width=\u00a0\u00bbstretch_row\u00a0\u00bb][vc_row equal_height=\u00a0\u00bbyes\u00a0\u00bb el_class=\u00a0\u00bbmobile-reverse\u00a0\u00bb][vc_column][vc_column_text]<\/p>\n<h2 style=\"text-align: center;\">Satisfaction et r\u00e9ussite garanties<\/h2>\n<p style=\"text-align: center;\">La plateforme de centre de contact Genesys Cloud est con\u00e7ue et test\u00e9e pour fonctionner au plus haut niveau, avec une architecture stable et une restauration rapide. Mais en cas de probl\u00e8me, il existe plusieurs fa\u00e7ons d&rsquo;obtenir l&rsquo;aide et le support dont vous avez besoin.<\/p>\n<p style=\"text-align: center;\">Poursuivez votre lecture et d\u00e9couvrez comment lancer l&rsquo;am\u00e9lioration de votre taux de recommandation net (NPS).<\/p>\n<p>[\/vc_column_text][\/vc_column][\/vc_row][\/vc_section][vc_section full_width=\u00a0\u00bbstretch_row\u00a0\u00bb][vc_row][vc_column][vc_column_text]<\/p>\n<h3 style=\"text-align: center;\">Obtenez l&rsquo;aide dont vous avez besoin<\/h3>\n<p>[\/vc_column_text][\/vc_column][\/vc_row][vc_row equal_height=\u00a0\u00bbyes\u00a0\u00bb content_placement=\u00a0\u00bbmiddle\u00a0\u00bb el_class=\u00a0\u00bbmobile-reverse\u00a0\u00bb][vc_column width=\u00a0\u00bb1\/3&Prime;]<div class=\"gicon-container\" style=\"text-align:center;\"><\/div>[vc_column_text]<\/p>\n<h4 style=\"text-align: center;\">En ligne<\/h4>\n<p style=\"text-align: center;\"><a href=\"https:\/\/Help.MyPureCloud.com\" target=\"_blank\" rel=\"noopener noreferrer\">Help.MyPureCloud.com<\/a><\/p>\n<p>[\/vc_column_text][\/vc_column][vc_column width=\u00a0\u00bb1\/3&Prime;]<div class=\"gicon-container\" style=\"text-align:center;\"><\/div>[vc_column_text]<\/p>\n<h4 style=\"text-align: center;\">Par t\u00e9l\u00e9phone<\/h4>\n<p style=\"text-align: center;\">01 84 88 49 52<\/p>\n<p>[\/vc_column_text][\/vc_column][vc_column width=\u00a0\u00bb1\/3&Prime;]<div class=\"gicon-container\" style=\"text-align:center;\"><\/div>[vc_column_text]<\/p>\n<h4 style=\"text-align: center;\">Portail\u00a0Web Assistance<\/h4>\n<p style=\"text-align: center;\"><a href=\"https:\/\/genesys.my.site.com\/customercare\/GenesysCommunityLogin\" target=\"_blank\" rel=\"noopener noreferrer\">Consulter le portail<\/a><\/p>\n<p>[\/vc_column_text][\/vc_column][\/vc_row][\/vc_section][vc_section full_width=\u00a0\u00bbstretch_row\u00a0\u00bb css=\u00a0\u00bb.vc_custom_1533151923376{background-color: #f3f3f3 !important;}\u00a0\u00bb][vc_row equal_height=\u00a0\u00bbyes\u00a0\u00bb content_placement=\u00a0\u00bbmiddle\u00a0\u00bb][vc_column][vc_column_text]<\/p>\n<h3 style=\"text-align: center;\">Chaque probl\u00e8me a sa solution<\/h3>\n<p>[\/vc_column_text][vc_row_inner][vc_column_inner width=\u00a0\u00bb1\/2&Prime;][vc_column_text]<\/p>\n<h4>D\u00e9finition des niveaux de gravit\u00e9<\/h4>\n<p>Les appels de rapports de panne sont class\u00e9s par ordre de priorit\u00e9 et trait\u00e9s en fonction de leur niveau de gravit\u00e9, attribu\u00e9 par l&rsquo;\u00e9quipe du support technique d\u00e8s r\u00e9ception d&rsquo;une demande. L&rsquo;\u00e9quipe du support r\u00e9pond \u00e0 chaque ticket selon les temps de r\u00e9ponse cibles initiaux et trouvera une solution dans les d\u00e9lais de restauration cibles.[\/vc_column_text][\/vc_column_inner][vc_column_inner width=\u00a0\u00bb1\/2&Prime;][vc_column_text]<\/p>\n<h4>Disponibilit\u00e9 garantie<\/h4>\n<p>Le support est disponible 24\u00a0h\/24, 7\u00a0j\/7, et emploie tous les moyens commercialement raisonnables pour offrir une disponibilit\u00e9 \u00e0 100\u00a0%, sauf pour\u00a0: (i) les temps d&rsquo;arr\u00eat occasionnels pr\u00e9vus pendant les heures creuses (pour lesquels vous recevrez un pr\u00e9avis)\u00a0; ou (ii) toute indisponibilit\u00e9 caus\u00e9e par des circonstances ind\u00e9pendantes de notre volont\u00e9.[\/vc_column_text][\/vc_column_inner][\/vc_row_inner][vc_row_inner equal_height=\u00a0\u00bbyes\u00a0\u00bb gap=\u00a0\u00bb10&Prime;][vc_column_inner][vc_column_text]<\/p>\n<h3 style=\"text-align: center;\">Niveaux de gravit\u00e9 et temps de traitement<\/h3>\n<p>[\/vc_column_text][\/vc_column_inner][\/vc_row_inner][vc_row_inner equal_height=\u00a0\u00bbyes\u00a0\u00bb gap=\u00a0\u00bb20&Prime;][vc_column_inner width=\u00a0\u00bb1\/4&Prime; css=\u00a0\u00bb.vc_custom_1533151051930{border-top-width: 1px !important;border-right-width: 1px !important;border-bottom-width: 1px !important;border-left-width: 1px !important;padding-top: 0px !important;padding-right: 0px !important;padding-bottom: 0px !important;padding-left: 0px !important;background-color: #ffffff !important;border-left-color: #d3d3d4 !important;border-left-style: solid !important;border-right-color: #d3d3d4 !important;border-right-style: solid !important;border-top-color: #d3d3d4 !important;border-top-style: solid !important;border-bottom-color: #d3d3d4 !important;border-bottom-style: solid !important;}\u00a0\u00bb][vc_column_text css=\u00a0\u00bb.vc_custom_1533154313887{border-top-width: 30px !important;border-right-width: 0px !important;border-bottom-width: 0px !important;border-left-width: 0px !important;padding-right: 30px !important;padding-bottom: 20px !important;padding-left: 30px !important;border-left-color: #dd3333 !important;border-left-style: solid !important;border-right-color: #dd3333 !important;border-right-style: solid !important;border-top-color: #dd3333 !important;border-top-style: solid !important;border-bottom-color: #dd3333 !important;border-bottom-style: solid !important;}\u00a0\u00bb]<\/p>\n<h4 style=\"text-align: center;\">Impact critique (code rouge)<\/h4>\n<p style=\"text-align: center;\">Vous rencontrez un probl\u00e8me s\u00e9rieux qui vous emp\u00eache d&rsquo;accomplir une fonction m\u00e9tier critique. Aucun moyen de contourner la panne.<\/p>\n<p>[\/vc_column_text]<span class=\"g_separator genesys-light-gray\" style=\"height:1px\"><\/span>[vc_column_text css=\u00a0\u00bb.vc_custom_1605285790902{padding-right: 30px !important;padding-left: 30px !important;background-color: #ffffff !important;}\u00a0\u00bb]<\/p>\n<p style=\"text-align: center;\"><strong>Le d\u00e9lai moyen de restauration de Genesys Cloud est de 4 heures.<\/strong><\/p>\n<p>[\/vc_column_text][\/vc_column_inner][vc_column_inner width=\u00a0\u00bb1\/4&Prime; css=\u00a0\u00bb.vc_custom_1533151528194{padding: 0px !important;background-color: #ffffff !important;border: 1px solid #d3d3d4 !important;}\u00a0\u00bb][vc_column_text css=\u00a0\u00bb.vc_custom_1533154452571{border-top-width: 30px !important;border-right-width: 0px !important;border-bottom-width: 0px !important;border-left-width: 0px !important;padding-right: 30px !important;padding-bottom: 80px !important;padding-left: 30px !important;border-left-color: #ff7070 !important;border-left-style: solid !important;border-right-color: #ff7070 !important;border-right-style: solid !important;border-top-color: #ff7070 !important;border-top-style: solid !important;border-bottom-color: #ff7070 !important;border-bottom-style: solid !important;}\u00a0\u00bb]<\/p>\n<h4 style=\"text-align: center;\">Impact \u00e9lev\u00e9<\/h4>\n<p style=\"text-align: center;\">Vous pouvez r\u00e9aliser vos t\u00e2ches professionnelles, mais avec des performances d\u00e9t\u00e9rior\u00e9es, voire extr\u00eamement limit\u00e9es.<\/p>\n<p>[\/vc_column_text]<span class=\"g_separator genesys-light-gray\" style=\"height:1px\"><\/span>[vc_column_text css=\u00a0\u00bb.vc_custom_1605285814128{padding-right: 30px !important;padding-left: 30px !important;}\u00a0\u00bb]<\/p>\n<p style=\"text-align: center;\"><strong>Le d\u00e9lai moyen de restauration de la plateforme Genesys Cloud est de deux (2) jours.<\/strong><\/p>\n<p>[\/vc_column_text][\/vc_column_inner][vc_column_inner width=\u00a0\u00bb1\/4&Prime; css=\u00a0\u00bb.vc_custom_1533151545790{padding: 0px !important;background-color: #ffffff !important;border: 1px solid #d3d3d4 !important;}\u00a0\u00bb][vc_column_text css=\u00a0\u00bb.vc_custom_1533151663704{border-top-width: 30px !important;border-right-width: 0px !important;border-bottom-width: 0px !important;border-left-width: 0px !important;padding-right: 30px !important;padding-left: 30px !important;border-left-color: #fabb00 !important;border-left-style: solid !important;border-right-color: #fabb00 !important;border-right-style: solid !important;border-top-color: #fabb00 !important;border-top-style: solid !important;border-bottom-color: #fabb00 !important;border-bottom-style: solid !important;}\u00a0\u00bb]<\/p>\n<h4 style=\"text-align: center;\">Impact moyen<\/h4>\n<p style=\"text-align: center;\">Vous rencontrez des perturbations minimales de votre activit\u00e9, mais certaines fonctions ou proc\u00e9dures non critiques sont difficiles, voire impossibles \u00e0 utiliser. Il est possible de contourner le probl\u00e8me.<\/p>\n<p>[\/vc_column_text]<span class=\"g_separator genesys-light-gray\" style=\"height:1px\"><\/span>[vc_column_text css=\u00a0\u00bb.vc_custom_1605285826957{padding-right: 30px !important;padding-left: 30px !important;}\u00a0\u00bb]<\/p>\n<p style=\"text-align: center;\"><strong>Le d\u00e9lai moyen de restauration de la plateforme Genesys Cloud est de cinq (5) jours.<\/strong><\/p>\n<p>[\/vc_column_text][\/vc_column_inner][vc_column_inner width=\u00a0\u00bb1\/4&Prime; css=\u00a0\u00bb.vc_custom_1533151565151{padding: 0px !important;background-color: #ffffff !important;border: 1px solid #d3d3d4 !important;}\u00a0\u00bb][vc_column_text css=\u00a0\u00bb.vc_custom_1533154463032{border-top-width: 30px !important;border-right-width: 0px !important;border-bottom-width: 0px !important;border-left-width: 0px !important;padding-right: 30px !important;padding-bottom: 40px !important;padding-left: 30px !important;border-left-color: #a1d318 !important;border-left-style: solid !important;border-right-color: #a1d318 !important;border-right-style: solid !important;border-top-color: #a1d318 !important;border-top-style: solid !important;border-bottom-color: #a1d318 !important;border-bottom-style: solid !important;}\u00a0\u00bb]<\/p>\n<h4 style=\"text-align: center;\">Impact faible<\/h4>\n<p style=\"text-align: center;\">L&rsquo;impact sur le syst\u00e8me est minime. Les probl\u00e8mes concernent certaines questions et fonctionnalit\u00e9s non critiques.<\/p>\n<p>[\/vc_column_text]<span class=\"g_separator genesys-light-gray\" style=\"height:1px\"><\/span>[vc_column_text css=\u00a0\u00bb.vc_custom_1533152021877{padding-right: 30px !important;padding-left: 30px !important;}\u00a0\u00bb]<\/p>\n<p style=\"text-align: center;\"><strong>Mises \u00e0 jour continues avec HAE fournie si disponible.<\/strong><\/p>\n<p>[\/vc_column_text][\/vc_column_inner][\/vc_row_inner][\/vc_column][\/vc_row][\/vc_section][vc_section full_width=\u00a0\u00bbstretch_row\u00a0\u00bb][vc_row][vc_column][vc_column_text]<\/p>\n<h3 style=\"text-align: center;\">Services professionnels pour vos besoins<\/h3>\n<p>[\/vc_column_text][vc_row_inner][vc_column_inner width=\u00a0\u00bb1\/4&Prime;]<div class=\"gicon-container\" style=\"text-align:center;\"><\/div>[\/vc_column_inner][vc_column_inner width=\u00a0\u00bb3\/4&Prime;][vc_column_text]<\/p>\n<h4>Autonomie gr\u00e2ce aux ressources en ligne<\/h4>\n<p>Si vous voulez \u00eatre op\u00e9rationnel sans assistance, les <a href=\"https:\/\/help.genesys.cloud\/articles\/self-start\/\">supports de formation autonomes<\/a>, qui incluent des modules de formation en ligne et des \u00e9v\u00e8nements d&rsquo;accompagnement bas\u00e9s sur le Web, peuvent vous aider.[\/vc_column_text][\/vc_column_inner][\/vc_row_inner][vc_row_inner][vc_column_inner width=\u00a0\u00bb1\/4&Prime;]<div class=\"gicon-container\" style=\"text-align:center;align-items:center;\"><\/div>[\/vc_column_inner][vc_column_inner width=\u00a0\u00bb3\/4&Prime;][vc_column_text]<\/p>\n<h4>Services Premier\u00a0Success<\/h4>\n<p>Soyez rassur\u00e9, le support t\u00e9l\u00e9phonique d&rsquo;urgence 24\u00a0h\/24, 7\u00a0j\/7, la file d&rsquo;attente prioritaire du support, les \u00e9v\u00e8nements d&rsquo;accompagnement et les webinaires avec des sessions de questions-r\u00e9ponses en direct sont l\u00e0 pour vous aider. Travaillez avec un gestionnaire de services d\u00e9di\u00e9 et une \u00e9quipe du support technique affect\u00e9e.[\/vc_column_text][\/vc_column_inner][\/vc_row_inner][vc_row_inner][vc_column_inner width=\u00a0\u00bb1\/4&Prime;]<div class=\"gicon-container\" style=\"text-align:center;align-items:center;\"><\/div>[\/vc_column_inner][vc_column_inner width=\u00a0\u00bb3\/4&Prime;][vc_column_text]<\/p>\n<h4>Catalogue de jetons de service<\/h4>\n<p>Achetez des lots de jetons directement sur la plateforme Genesys Cloud, puis utilisez-les imm\u00e9diatement ou gardez-les pour de futurs besoins de services. Utilisez votre support pour tout probl\u00e8me, des conseils r\u00e9seau \u00e0 la configuration d&rsquo;int\u00e9gration.[\/vc_column_text][\/vc_column_inner][\/vc_row_inner][vc_row_inner][vc_column_inner width=\u00a0\u00bb1\/4&Prime;]<div class=\"gicon-container\" style=\"text-align:center;align-items:center;\"><\/div>[\/vc_column_inner][vc_column_inner width=\u00a0\u00bb3\/4&Prime;][vc_column_text]<\/p>\n<h4>\u00c9cosyst\u00e8me partenaire<\/h4>\n<p>Trouvez chaussure \u00e0 votre pied parmi les divers partenaires Genesys Cloud dans le <a href=\"http:\/\/genesys.force.com\/Finderloc\">R\u00e9pertoire des partenaires<\/a>. Le bon fournisseur peut vous aider \u00e0 acheter, mettre en \u009cuvre, entretenir, prendre en charge et ajouter de la valeur \u00e0 votre impl\u00e9mentation Genesys Cloud.[\/vc_column_text][\/vc_column_inner][\/vc_row_inner][\/vc_column][\/vc_row][\/vc_section][vc_section full_width=\u00a0\u00bbstretch_row\u00a0\u00bb disable_element=\u00a0\u00bbyes\u00a0\u00bb css=\u00a0\u00bb.vc_custom_1551287958578{background-color: #f3f3f3 !important;}\u00a0\u00bb][vc_row][vc_column]<div class=\"genesys-customer\"><div class=\"db_customer_static\"><div class=\"row vc_row wpb_row vc_row-fluid vc_row-o-equal-height vc_row-o-content-top vc_row-flex vc_column-gap-35\"><div class=\"wpb_column vc_column_container col-sm-3\"><div class=\"vc_column-inner \"><div class=\"wpb_wrapper\"><div class=\"g_customer-wrap\"><img decoding=\"async\" width=\"556\" height=\"310\" src=\"https:\/\/www.genesys.com\/media\/ae37e020-vivonet-new-thumbnail.png\" class=\"attachment-full size-full\" alt=\"\" srcset=\"https:\/\/www.genesys.com\/media\/ae37e020-vivonet-new-thumbnail.png 556w, https:\/\/www.genesys.com\/media\/ae37e020-vivonet-new-thumbnail-300x167.png 300w, https:\/\/www.genesys.com\/media\/ae37e020-vivonet-new-thumbnail-258x144.png 258w, https:\/\/www.genesys.com\/media\/ae37e020-vivonet-new-thumbnail-374x210.png 374w\" sizes=\"(max-width: 556px) 100vw, 556px\" \/><\/div><\/div><\/div><\/div><div class=\"wpb_column vc_column_container col-sm-9\"><div class=\"vc_column-inner \"><div class=\"wpb_wrapper\"><p class=\"quoteblock\">The documentation on the PureCloud Online Help center, combined with its web portal, phone support and developer forum give us fast, easy and convenient ways to get more out of the system.<\/p><p class=\"quotespeaker\">Shafique Adatia, Team Lead, System Administrator, Vivonet<\/p> <\/div><\/div><\/div>[\/vc_column][\/vc_row][\/vc_section][vc_section disable_element=\u00a0\u00bbyes\u00a0\u00bb][vc_row][vc_column][vc_column_text]<\/p>\n<h3 style=\"text-align: center;\">En savoir plus sur&#8230;<\/h3>\n<p>[\/vc_column_text]<div class=\"vc_grid-container-wrapper vc_clearfix grid_type-page-relative wrapper_style_list\"><div class=\"vc_grid-container vc_clearfix wpb_content_element vc_basic_grid\"><div class=\"vc_grid vc_row vc_grid-gutter-35px vc_pageable-wrapper vc_hook_hover gen_text-center\" data-vc-pageable-content=\"true\"><div class=\"vc_pageable-slide-wrapper vc_clearfix siblinglist w-100 d-flex flex-wrap justify-content-center\" data-vc-grid-content=\"true\"><div class=\"vc_grid-item vc_clearfix col-lg-3 vc_grid-item-zone-c-bottom vc_visible-item fadeIn animated style_list itemclass-78186\"><a href=\"https:\/\/www.genesys.com\/fr-fr\/platform\/pureconnect\"><h5>Genesys Connect<\/h5><p>Accro\u00eetre l&apos;engagement client gr\u00e2ce \u00e0 la plateforme exp\u00e9rience client flexible et tout-en-un Genesys Connect<\/p><\/a><\/div><\/div><\/div><\/div><\/div>[\/vc_column][\/vc_row][\/vc_section]<\/p>\n<\/div>","protected":false},"excerpt":{"rendered":"<p>[vc_section full_width=\u00a0\u00bbstretch_row\u00a0\u00bb el_class=\u00a0\u00bbsection_header\u00a0\u00bb css=\u00a0\u00bb.vc_custom_1532973566467{background-image: url(https:\/\/www.genesys.com\/media\/e2840feb-purecloud-v1.png?id=83898) !important;}\u00a0\u00bb][vc_row equal_height=\u00a0\u00bbyes\u00a0\u00bb content_placement=\u00a0\u00bbmiddle\u00a0\u00bb][vc_column][vc_column_text] Support et Services Genesys Cloud [\/vc_column_text][\/vc_column][\/vc_row][\/vc_section][vc_section full_width=\u00a0\u00bbstretch_row\u00a0\u00bb el_class=\u00a0\u00bbcta-bar\u00a0\u00bb css=\u00a0\u00bb.vc_custom_1522458207688{padding-top: 0px !important;padding-bottom: 0px !important;}\u00a0\u00bb][vc_row full_width=\u00a0\u00bbstretch_row\u00a0\u00bb css=\u00a0\u00bb.vc_custom_1522458201976{padding-top: 0px !important;padding-bottom: 0px !important;}\u00a0\u00bb][vc_column][\/vc_column][\/vc_row][\/vc_section][vc_section full_width=\u00a0\u00bbstretch_row\u00a0\u00bb][vc_row equal_height=\u00a0\u00bbyes\u00a0\u00bb el_class=\u00a0\u00bbmobile-reverse\u00a0\u00bb][vc_column][vc_column_text] Satisfaction et r\u00e9ussite garanties La plateforme de centre de contact Genesys Cloud est con\u00e7ue et test\u00e9e pour fonctionner au plus haut niveau, avec une architecture [&hellip;]<\/p>\n","protected":false},"author":13,"featured_media":84647,"parent":78185,"menu_order":0,"comment_status":"closed","ping_status":"closed","template":"","meta":{"_acf_changed":false,"footnotes":""},"class_list":["post-97472","page","type-page","status-publish","has-post-thumbnail","hentry"],"acf":[],"_links":{"self":[{"href":"https:\/\/www.genesys.com\/fr-fr\/wp-json\/wp\/v2\/pages\/97472","targetHints":{"allow":["GET"]}}],"collection":[{"href":"https:\/\/www.genesys.com\/fr-fr\/wp-json\/wp\/v2\/pages"}],"about":[{"href":"https:\/\/www.genesys.com\/fr-fr\/wp-json\/wp\/v2\/types\/page"}],"author":[{"embeddable":true,"href":"https:\/\/www.genesys.com\/fr-fr\/wp-json\/wp\/v2\/users\/13"}],"replies":[{"embeddable":true,"href":"https:\/\/www.genesys.com\/fr-fr\/wp-json\/wp\/v2\/comments?post=97472"}],"version-history":[{"count":4,"href":"https:\/\/www.genesys.com\/fr-fr\/wp-json\/wp\/v2\/pages\/97472\/revisions"}],"predecessor-version":[{"id":352859,"href":"https:\/\/www.genesys.com\/fr-fr\/wp-json\/wp\/v2\/pages\/97472\/revisions\/352859"}],"up":[{"embeddable":true,"href":"https:\/\/www.genesys.com\/fr-fr\/wp-json\/wp\/v2\/pages\/78185"}],"wp:featuredmedia":[{"embeddable":true,"href":"https:\/\/www.genesys.com\/fr-fr\/wp-json\/wp\/v2\/media\/84647"}],"wp:attachment":[{"href":"https:\/\/www.genesys.com\/fr-fr\/wp-json\/wp\/v2\/media?parent=97472"}],"curies":[{"name":"wp","href":"https:\/\/api.w.org\/{rel}","templated":true}]}}