{"id":78750,"date":"2018-08-10T10:40:49","date_gmt":"2018-08-10T17:40:49","guid":{"rendered":"https:\/\/www.genesys.com\/?page_id=78750"},"modified":"2025-09-16T13:12:10","modified_gmt":"2025-09-16T20:12:10","slug":"login","status":"publish","type":"page","link":"https:\/\/www.genesys.com\/fr-fr\/login","title":{"rendered":"Connexion \u00e0 Genesys"},"content":{"rendered":"<div class=\"wpb-content-wrapper\"><p>[vc_section sec_modern_width=\u00a0\u00bbenable\u00a0\u00bb background_color=\u00a0\u00bbbgc-lgray\u00a0\u00bb flair=\u00a0\u00bb%5B%7B%22flair_type%22%3A%22f_type_image%22%2C%22hide_mobile%22%3A%22yes%22%7D%5D\u00a0\u00bb][vc_row][vc_column][vc_column_text]<\/p>\n<h1>Connexion \u00e0 Genesys<\/h1>\n<p>[\/vc_column_text][\/vc_column][\/vc_row][\/vc_section][vc_section full_width=\u00a0\u00bbstretch_row\u00a0\u00bb][vc_row][vc_column width=\u00a0\u00bb2\/3&Prime;][vc_column_text]<\/p>\n<h3>Connexion aux produits cloud<\/h3>\n<p>Le portail de connexion aux produits cloud Genesys vous permet de vous connecter \u00e0 n&rsquo;importe lequel des produits cloud Genesys\u00a0: CX Builder, EchoSystem Manager, Engage: Account Manager, Engager: Enterprise Manager, Insight, Mobile Messaging Manager, Mobile Site Builder et Social Analytics.[\/vc_column_text]<div class=\"btn-container  \"><a role=\"button\"  class=\"btn btn-primary\" href=\"https:\/\/login.mypurecloud.com\/\" target=\"_blank\" rel=\"noopener\">Log in to your product<\/a><a role=\"button\"  class=\"btn btn-ff-primary chevron\" href=\"https:\/\/genesys.my.site.com\/customercare\/GenesysCommunityLogin\" target=\"_blank\" rel=\"noopener\">Support portal<\/a><\/div>[\/vc_column][\/vc_row][vc_row][vc_column width=\u00a0\u00bb2\/3&Prime;][vc_column_text]<\/p>\n<h3>Genesys Knowledge Network<\/h3>\n<p>C&rsquo;est votre point d&rsquo;acc\u00e8s tout-en-un pour offrir une meilleure exp\u00e9rience client. Parcourez la biblioth\u00e8que d&rsquo;informations et de discussions propres aux produits sur le site public, ou connectez-vous avec vos identifiants uniques pour une exp\u00e9rience compl\u00e8te et personnalis\u00e9e. Tous les contacts clients et partenaires Genesys d\u00e9sign\u00e9s peuvent se connecter.[\/vc_column_text]<div class=\"btn-container  \"><a role=\"button\"  class=\"btn btn-primary\" href=\"http:\/\/orchestrators.genesys.com\/\" target=\"\" rel=\"\">Go to Genesys Knowledge Network<\/a><\/div>[\/vc_column][\/vc_row][\/vc_section]<\/p>\n<\/div>","protected":false},"excerpt":{"rendered":"<p>[vc_section sec_modern_width=\u00a0\u00bbenable\u00a0\u00bb background_color=\u00a0\u00bbbgc-lgray\u00a0\u00bb flair=\u00a0\u00bb%5B%7B%22flair_type%22%3A%22f_type_image%22%2C%22hide_mobile%22%3A%22yes%22%7D%5D\u00a0\u00bb][vc_row][vc_column][vc_column_text] Connexion \u00e0 Genesys [\/vc_column_text][\/vc_column][\/vc_row][\/vc_section][vc_section full_width=\u00a0\u00bbstretch_row\u00a0\u00bb][vc_row][vc_column width=\u00a0\u00bb2\/3&Prime;][vc_column_text] Connexion aux produits cloud Le portail de connexion aux produits cloud Genesys vous permet de vous connecter \u00e0 n&rsquo;importe lequel des produits cloud Genesys\u00a0: CX Builder, EchoSystem Manager, Engage: Account Manager, Engager: Enterprise Manager, Insight, Mobile Messaging Manager, Mobile Site Builder et Social Analytics.[\/vc_column_text][\/vc_column][\/vc_row][vc_row][vc_column width=\u00a0\u00bb2\/3&Prime;][vc_column_text] [&hellip;]<\/p>\n","protected":false},"author":1,"featured_media":0,"parent":0,"menu_order":9,"comment_status":"closed","ping_status":"closed","template":"","meta":{"_acf_changed":false,"footnotes":""},"class_list":["post-78750","page","type-page","status-publish","hentry"],"acf":[],"_links":{"self":[{"href":"https:\/\/www.genesys.com\/fr-fr\/wp-json\/wp\/v2\/pages\/78750","targetHints":{"allow":["GET"]}}],"collection":[{"href":"https:\/\/www.genesys.com\/fr-fr\/wp-json\/wp\/v2\/pages"}],"about":[{"href":"https:\/\/www.genesys.com\/fr-fr\/wp-json\/wp\/v2\/types\/page"}],"author":[{"embeddable":true,"href":"https:\/\/www.genesys.com\/fr-fr\/wp-json\/wp\/v2\/users\/1"}],"replies":[{"embeddable":true,"href":"https:\/\/www.genesys.com\/fr-fr\/wp-json\/wp\/v2\/comments?post=78750"}],"version-history":[{"count":5,"href":"https:\/\/www.genesys.com\/fr-fr\/wp-json\/wp\/v2\/pages\/78750\/revisions"}],"predecessor-version":[{"id":593867,"href":"https:\/\/www.genesys.com\/fr-fr\/wp-json\/wp\/v2\/pages\/78750\/revisions\/593867"}],"wp:attachment":[{"href":"https:\/\/www.genesys.com\/fr-fr\/wp-json\/wp\/v2\/media?parent=78750"}],"curies":[{"name":"wp","href":"https:\/\/api.w.org\/{rel}","templated":true}]}}