{"id":78743,"date":"2018-04-11T20:14:34","date_gmt":"2018-04-11T20:14:34","guid":{"rendered":"https:\/\/www.genesys.com\/?page_id=78743"},"modified":"2025-12-16T17:40:28","modified_gmt":"2025-12-17T01:40:28","slug":"partners","status":"publish","type":"page","link":"https:\/\/www.genesys.com\/fr-fr\/partners","title":{"rendered":"Pr\u00e9sentation des partenaires"},"content":{"rendered":"<div class=\"wpb-content-wrapper\"><p>[vc_section sec_modern_width=\u00a0\u00bbenable\u00a0\u00bb background_color=\u00a0\u00bbbgc-lgray\u00a0\u00bb flair=\u00a0\u00bb%5B%7B%22flair_type%22%3A%22f_type_image%22%2C%22hide_mobile%22%3A%22yes%22%7D%5D\u00a0\u00bb vib=\u00a0\u00bbenable\u00a0\u00bb css=\u00a0\u00bb.vc_custom_1760042427123{background-position: center !important;background-repeat: no-repeat !important;background-size: cover !important;}\u00a0\u00bb][vc_row equal_height=\u00a0\u00bbyes\u00a0\u00bb content_placement=\u00a0\u00bbmiddle\u00a0\u00bb][vc_column width=\u00a0\u00bb1\/2&Prime;][vc_column_text css=\u00a0\u00bb\u00a0\u00bb]<\/p>\n<h1>Les partenaires Genesys orchestrent l&rsquo;exp\u00e9rience client \u00e0 l&rsquo;\u00e9chelle mondiale<\/h1>\n<p class=\"text-balance\">\u00c0 travers notre \u00e9cosyst\u00e8me mondial de partenaires\u00a0(Genesys\u00a0Ascend, AppFoundry Marketplace, int\u00e9grateurs syst\u00e8mes internationaux\u00a0(GSI) et partenaires technologiques strat\u00e9giques), nous aidons nos clients \u00e0 acc\u00e9l\u00e9rer leur transformation et \u00e0 lib\u00e9rer tout le potentiel de la plateforme Genesys\u00a0Cloud.<\/p>\n<p>[\/vc_column_text][\/vc_column][vc_column width=\u00a0\u00bb5\/12&Prime; offset=\u00a0\u00bbvc_col-sm-offset-1&Prime;][vc_single_image image=\u00a0\u00bb601671&Prime; css=\u00a0\u00bb\u00a0\u00bb rounded_corners=\u00a0\u00bbrounded\u00a0\u00bb][\/vc_column][\/vc_row][\/vc_section][vc_section][vc_row][vc_column width=\u00a0\u00bb1\/2&Prime;][vc_column_text css=\u00a0\u00bb\u00a0\u00bb]<\/p>\n<h2>Acc\u00e9l\u00e9rez la transformation de votre entreprise avec des partenaires de confiance<\/h2>\n<p>Les partenaires Genesys\u00a0Ascend et AppFoundry, les int\u00e9grateurs syst\u00e8mes internationaux\u00a0(GSI) et les partenaires technologiques strat\u00e9giques de Genesys \u00e9l\u00e8vent votre strat\u00e9gie\u00a0CX par leur expertise, leurs connaissances locales et leurs int\u00e9grations puissantes parfaitement compatibles avec Genesys\u00a0AI.[\/vc_column_text][\/vc_column][vc_column width=\u00a0\u00bb1\/2&Prime;][\/vc_column][\/vc_row][vc_row][vc_column width=\u00a0\u00bb1\/3&Prime;][vc_column_text ct_style=\u00a0\u00bblist-block\u00a0\u00bb css=\u00a0\u00bb\u00a0\u00bb]<\/p>\n<h3 class=\"h5\">Innovation<\/h3>\n<p>Les nouvelles capacit\u00e9s, les outils avanc\u00e9s et les technologies \u00e9mergentes de nos partenaires enrichissent l&rsquo;\u00e9cosyst\u00e8me Genesys de fonctionnalit\u00e9s, d&rsquo;int\u00e9grations intelligentes et de solutions de pointe \u00e0 forte valeur ajout\u00e9e.[\/vc_column_text][\/vc_column][vc_column width=\u00a0\u00bb1\/3&Prime;][vc_column_text ct_style=\u00a0\u00bblist-block\u00a0\u00bb css=\u00a0\u00bb\u00a0\u00bb]<\/p>\n<h3 class=\"h5\">Int\u00e9gration<\/h3>\n<p>Extension naturelle de l&rsquo;\u00e9quipe Genesys et de celle des clients, nos partenaires s&rsquo;alignent sur les objectifs de tous. Gr\u00e2ce \u00e0 des int\u00e9grations transparentes, ils optimisent les flux de donn\u00e9es, simplifient les op\u00e9rations et permettent aux \u00e9quipes clients de proposer des exp\u00e9riences proactives, unifi\u00e9es et personnalis\u00e9es \u00e0 grande \u00e9chelle.[\/vc_column_text][\/vc_column][vc_column width=\u00a0\u00bb1\/3&Prime;][vc_column_text ct_style=\u00a0\u00bblist-block\u00a0\u00bb css=\u00a0\u00bb\u00a0\u00bb]<\/p>\n<h3 class=\"h5\">Cr\u00e9ation de valeur<\/h3>\n<p>Nous mettons \u00e0 la disposition de nos partenaires des outils et des processus qui simplifient chaque \u00e9tape du parcours client, de l&rsquo;\u00e9valuation initiale \u00e0 l&rsquo;impl\u00e9mentation et \u00e0 l&rsquo;optimisation en continu. R\u00e9sultat\u00a0: une valeur m\u00e9tier mesurable et une r\u00e9ussite garantie pour nos clients \u00e0 long terme.[\/vc_column_text][\/vc_column][\/vc_row][\/vc_section][vc_section flair=\u00a0\u00bb%5B%7B%22hide_mobile%22%3A%22yes%22%7D%5D\u00a0\u00bb css=\u00a0\u00bb.vc_custom_1714456937508{background-position: center !important;background-repeat: no-repeat !important;background-size: cover !important;}\u00a0\u00bb][vc_row equal_height=\u00a0\u00bbyes\u00a0\u00bb content_placement=\u00a0\u00bbmiddle\u00a0\u00bb][vc_column width=\u00a0\u00bb5\/12&Prime; offset=\u00a0\u00bbvc_hidden-xs\u00a0\u00bb][vc_single_image image=\u00a0\u00bb601672&Prime; css=\u00a0\u00bb\u00a0\u00bb rounded_corners=\u00a0\u00bbrounded\u00a0\u00bb][\/vc_column][vc_column width=\u00a0\u00bb1\/2&Prime; offset=\u00a0\u00bbvc_col-sm-offset-1&Prime;][vc_column_text css=\u00a0\u00bb\u00a0\u00bb]<\/p>\n<h2 class=\"h3\">D\u00e9ployez votre CX gr\u00e2ce \u00e0 l&rsquo;IA<\/h2>\n<p>Genesys a d\u00e9velopp\u00e9 le framework \u00ab\u00a0Niveaux d&rsquo;orchestration de l&rsquo;exp\u00e9rience\u00a0\u00bb pour aider les entreprises \u00e0 n\u00e9gocier le virage de l&rsquo;exp\u00e9rience client pilot\u00e9e par\u00a0IA. Ce framework d\u00e9finit une trajectoire claire pour bien comprendre le potentiel de l&rsquo;IA, d\u00e9terminer o\u00f9 en est votre entreprise et prendre les bonnes mesures strat\u00e9giques pour moderniser vos parcours clients, cr\u00e9er plus de valeur et offrir des interactions encore plus connect\u00e9es et personnalis\u00e9es.<\/p>\n<p>Notre \u00e9cosyst\u00e8me de partenaires joue un r\u00f4le essentiel dans la concr\u00e9tisation de ce framework. Que vous commenciez \u00e0 explorer l&rsquo;automatisation ou que vous cherchiez \u00e0 d\u00e9velopper l&rsquo;IA \u00e0 l&rsquo;\u00e9chelle de l&rsquo;entreprise, les partenaires Genesys offrent l&rsquo;expertise sp\u00e9cialis\u00e9e, la connaissance du secteur et l&rsquo;assistance \u00e0 l&rsquo;impl\u00e9mentation dont vous avez besoin pour booster votre croissance.<br \/>\n[\/vc_column_text][\/vc_column][\/vc_row][\/vc_section][vc_section sec_modern_width=\u00a0\u00bbenable\u00a0\u00bb background_color=\u00a0\u00bbbgc-lgray\u00a0\u00bb flair=\u00a0\u00bb%5B%7B%22flair_type%22%3A%22f_type_image%22%2C%22hide_mobile%22%3A%22yes%22%7D%5D\u00a0\u00bb css=\u00a0\u00bb.vc_custom_1749627756591{background-image: url(https:\/\/www.genesys.com\/media\/Genesys_Threads_209.png?id=569364) !important;}\u00a0\u00bb el_class=\u00a0\u00bbbg-cover bg-150-md bg-center bg-norepeat\u00a0\u00bb][vc_row r_gutter_size=\u00a0\u00bbgutter-small\u00a0\u00bb background_color=\u00a0\u00bbbgc-glass\u00a0\u00bb equal_height=\u00a0\u00bbyes\u00a0\u00bb el_class=\u00a0\u00bbpy-3 px-1 px-lg-3 rounded mt-0&Prime;][vc_column offset=\u00a0\u00bbvc_col-md-7&Prime; el_class=\u00a0\u00bbmb-1&Prime;][vc_column_text css=\u00a0\u00bb\u00a0\u00bb]<\/p>\n<h2 class=\"h3\">L&rsquo;\u00e9cosyst\u00e8me de partenaires Genesys<\/h2>\n<p>Les partenaires Genesys sont divers, mais r\u00e9unis autour d&rsquo;un m\u00eame objectif\u00a0: vous aider \u00e0 cr\u00e9er des exp\u00e9riences clients d&rsquo;excellence tout en r\u00e9duisant les risques et en optimisant votre ROI.[\/vc_column_text][\/vc_column][vc_column elemental_order=\u00a0\u00bborder-5&Prime; offset=\u00a0\u00bbvc_col-md-5&Prime; el_class=\u00a0\u00bbmt-2 mt-lg-0&Prime;][\/vc_column][vc_column width=\u00a0\u00bb1\/2&Prime;]<a class=\"component card w-100 bgc-lgray vertical text-start nomedia   \" href=\"\/fr-fr\/partners\/channel-partners\" target=\"\" rel=\"\" ><div class=\"card-body\"><h3 class=\"h5\">Partenaires Ascend<\/h3>\n<p>Partenaires qui acc\u00e9l\u00e8rent la croissance et favorisent la r\u00e9ussite des clients et de l&rsquo;entreprise gr\u00e2ce \u00e0 leur expertise sp\u00e9cialis\u00e9e\u00a0:<\/p>\n<ul>\n<li>Revendeurs de solutions Genesys<\/li>\n<li>Partenaires de vente Lead Referral ou Technology Solutions Distributors (en Am\u00e9rique du Nord uniquement) qui envoient directement des leads \u00e0 Genesys<\/li>\n<li>Partenaires de services qui impl\u00e9mentent les solutions Genesys<\/li>\n<\/ul>\n<\/div><div class=\"card-footer text-end\"><div class=\"btn-container \"><div class=\"small mt-0 chevron arrow arrow-primary \" href=\"#\" target=\"\" rel=\"\">En savoir plus<\/div><\/div><\/div><\/a>[\/vc_column][vc_column width=\u00a0\u00bb1\/2&Prime;]<a class=\"component card w-100 bgc-lgray vertical text-start nomedia   \" href=\"\/fr-fr\/partners\/global-system-integrators\" target=\"\" rel=\"\" ><div class=\"card-body\"><h3 class=\"h5\">Int\u00e9grateurs syst\u00e8mes internationaux\u00a0(GSI)<\/h3>\n<p>Experts en transformation\u00a0CX qui fournissent\u00a0:<\/p>\n<ul>\n<li>Une connaissance et une exp\u00e9rience approfondies du secteur<\/li>\n<li>Une expertise en gestion du changement<\/li>\n<li>Des m\u00e9thodologies \u00e9prouv\u00e9es qui relient les personnes, les processus et la technologie<\/li>\n<\/ul>\n<\/div><div class=\"card-footer text-end\"><div class=\"btn-container \"><div class=\"small mt-0 chevron arrow arrow-primary \" href=\"#\" target=\"\" rel=\"\">En savoir plus<\/div><\/div><\/div><\/a>[\/vc_column][vc_column width=\u00a0\u00bb1\/2&Prime;]<a class=\"component card w-100 bgc-lgray vertical text-start nomedia   \" href=\"\/fr-fr\/partners\/global-strategic-alliances\" target=\"\" rel=\"\" ><div class=\"card-body\"><h3 class=\"h5\">Partenaires technologiques strat\u00e9giques<\/h3>\n<p>Des entreprises mondiales leaders qui fournissent\u00a0:<\/p>\n<ul>\n<li>Des technologies de pointe pour booster la transformation digitale<\/li>\n<li>Des int\u00e9grations transparentes entre les plateformes, les processus et les exp\u00e9riences clients<\/li>\n<li>Des solutions qui permettent aux clients de se d\u00e9velopper efficacement et de rentabiliser leurs investissements sur le cloud<\/li>\n<\/ul>\n<\/div><div class=\"card-footer text-end\"><div class=\"btn-container \"><div class=\"small mt-0 chevron arrow arrow-primary \" href=\"#\" target=\"\" rel=\"\">En savoir plus<\/div><\/div><\/div><\/a>[\/vc_column][vc_column width=\u00a0\u00bb1\/2&Prime;]<a class=\"component card w-100 bgc-lgray vertical text-start nomedia   \" href=\"\/fr-fr\/partners\/appfoundry\" target=\"\" rel=\"\" ><div class=\"card-body\"><h3 class=\"h5\">Partenaires AppFoundry<\/h3>\n<p>Des fournisseurs qui \u00e9tendent la plateforme Genesys pour\u00a0:<\/p>\n<ul>\n<li>R\u00e9pondre aux besoins uniques des clients<\/li>\n<li>Am\u00e9liorer les exp\u00e9riences clients<\/li>\n<li>Atteindre de nouveaux publics sur l&rsquo;AppFoundry\u00ae, la marketplace Genesys pour les applications d&rsquo;entreprise<\/li>\n<\/ul>\n<\/div><div class=\"card-footer text-end\"><div class=\"btn-container \"><div class=\"small mt-0 chevron arrow arrow-primary \" href=\"#\" target=\"\" rel=\"\">En savoir plus<\/div><\/div><\/div><\/a>[\/vc_column][\/vc_row][\/vc_section][vc_section][vc_row][vc_column offset=\u00a0\u00bbvc_col-md-offset-1 vc_col-md-10&Prime;]<a class=\"component-cta-block card w-100 h-100 bgc-lgray centered cta-text-start \"  href=\"\/fr-fr\/blog\/post\/deliver-the-next-level-of-experience-with-genesys-cloud-ai-studio-and-ai-guides\" target=\"\" rel=\"\"><div class=\"row align-items-center image-stack card-body\"><div class=\"col-content col-md-7\"><div class=\"content-container\"><h2 class=\"text-balance\">Une CX con\u00e7ue pour votre entreprise<\/h2>\n<p>Avec Genesys\u00a0Cloud AI\u00a0Studio et AI\u00a0Guides, nos partenaires vous aident \u00e0 d\u00e9velopper l&rsquo;IA dans votre \u00e9cosyst\u00e8me CX. Ils cr\u00e9ent des workflows intelligents qui d\u00e9tectent, comprennent et r\u00e9pondent dans l&rsquo;instant, g\u00e9n\u00e9rant ainsi plus de valeur en mobilisant moins d&rsquo;efforts manuels.<\/p>\n<\/div><div class=\" btn-container mt-2\"><div class=\"btn btn-secondary\">En savoir plus<\/div><\/div><\/div><div class=\"col-image col-md-5 flex-column justify-content-center mt-1 mt-lg-0 img-top-container no-offset\"><img decoding=\"async\" width=\"818\" height=\"547\" src=\"https:\/\/www.genesys.com\/media\/AI-Guide-Blog-Hero-1071x716-F-e1750784463547.png\" alt=\"\" class=\"rounded\"><\/div><\/div><\/a>[\/vc_column][\/vc_row][\/vc_section][vc_section flair=\u00a0\u00bb%5B%7B%22hide_mobile%22%3A%22yes%22%7D%5D\u00a0\u00bb css=\u00a0\u00bb.vc_custom_1714457585759{background-position: center !important;background-repeat: no-repeat !important;background-size: cover !important;}\u00a0\u00bb el_id=\u00a0\u00bbfindapartner\u00a0\u00bb][vc_row][vc_column width=\u00a0\u00bb1\/2&Prime;][vc_column_text css=\u00a0\u00bb\u00a0\u00bb]<\/p>\n<h2 class=\"h3\">Trouver un partenaire<\/h2>\n<p>L&rsquo;\u00e9cosyst\u00e8me de partenaires Genesys regroupe des milliers d&rsquo;entreprises diverses. Explorez leurs solutions ou obtenez vos propres ressources depuis la carte de nos partenaires, notre marketplace et notre portail de ressources.[\/vc_column_text][\/vc_column][vc_column width=\u00a0\u00bb1\/2&Prime;][\/vc_column][\/vc_row][vc_row r_gutter_size=\u00a0\u00bbgutter-small\u00a0\u00bb equal_height=\u00a0\u00bbyes\u00a0\u00bb][vc_column width=\u00a0\u00bb1\/3&Prime;]<a class=\"component card w-100 bgc-lgray vertical text-start nomedia   \" href=\"\/partners\/partner-finder\" target=\"_blank\" rel=\"\" ><div class=\"card-body\"><h3 class=\"h5\">Partner Finder<\/h3>\n<p>Explorez la carte des partenaires de notre \u00e9cosyst\u00e8me mondial.<\/p>\n<\/div><div class=\"card-footer text-end\"><div class=\"btn-container \"><div class=\"small mt-0 chevron arrow arrow-primary \" href=\"#\" target=\"\" rel=\"\">Afficher la carte des partenaires<\/div><\/div><\/div><\/a>[\/vc_column][vc_column width=\u00a0\u00bb1\/3&Prime;]<a class=\"component card w-100 bgc-lgray vertical text-start nomedia   \" href=\"https:\/\/appfoundry.genesys.com\/\" target=\"_blank\" rel=\"\" ><div class=\"card-body\"><h3 class=\"h5\">AppFoundry\u00a0Marketplace<\/h3>\n<p>Parcourez les applications et les int\u00e9grations de l&rsquo;AppFoundry\u00a0Marketplace.<\/p>\n<\/div><div class=\"card-footer text-end\"><div class=\"btn-container \"><div class=\"small mt-0 chevron arrow arrow-primary \" href=\"#\" target=\"\" rel=\"\">Visitez l'AppFoundry\u00a0Marketplace<\/div><\/div><\/div><\/a>[\/vc_column][vc_column width=\u00a0\u00bb1\/3&Prime;]<a class=\"component card w-100 bgc-lgray vertical text-start nomedia   \" href=\"https:\/\/genesys.my.site.com\/GenesysPartner\/PartnerLogin\" target=\"_blank\" rel=\"noopener\" ><div class=\"card-body\"><h3 class=\"h5\">Connexion au portail<\/h3>\n<p>D\u00e9j\u00e0 partenaire\u00a0? Connectez\u2011vous au portail.<\/p>\n<\/div><div class=\"card-footer text-end\"><div class=\"btn-container \"><div class=\"small mt-0 chevron arrow arrow-primary \" href=\"#\" target=\"\" rel=\"\">Connexion<\/div><\/div><\/div><\/a>[\/vc_column][\/vc_row][\/vc_section][vc_section flair=\u00a0\u00bb%5B%7B%22hide_mobile%22%3A%22yes%22%7D%5D\u00a0\u00bb el_class=\u00a0\u00bbz-index-2&Prime;][vc_row][vc_column width=\u00a0\u00bb1\/2&Prime;][vc_column_text css=\u00a0\u00bb\u00a0\u00bb]<\/p>\n<h2 class=\"h3\">Ressources<\/h2>\n<p>[\/vc_column_text][\/vc_column][vc_column width=\u00a0\u00bb1\/2&Prime;][\/vc_column][\/vc_row][vc_row r_gutter_size=\u00a0\u00bbgutter-small\u00a0\u00bb equal_height=\u00a0\u00bbyes\u00a0\u00bb][vc_column]<div class=\"related-posts-container next-steps-module w-100\"><div class=\"inner-container scrollable-row-container\"><div class=\"row align-items-stretch gutter-small col-count-6 scrollable-row\"><div class=\"col-12 primary-item item-image grid-item card-col item-image grid_type-\"><a class=\"card w-100 h-100 bgc-lgray component-cta-block centered cta-text-end\" href=\"\/company\/newsroom\/announcements\/genesys-earns-spot-on-crns-cloud-100-list-for-2025\"><div class=\"row align-items-stretch image-stack chevron-only card-body\"><div class=\"col-image col-md-5 flex-column justify-content-center img-top-container no-offset\"><img decoding=\"async\" class=\"rounded\" src=\"https:\/\/www.genesys.com\/media\/pr-genesys-earns-spot-on-crns-cloud-100-list-for-2025-thumbnail.png\" height=\"463\" width=\"792\" alt=\"Pr genesys earns spot on crns cloud 100 list for 2025 thumbnail\"><\/div><div class=\"col-content col-md-7 mt-lg-0\"><div class=\"content-container align-self-start align-self-md-center\"><p class=\"assettag\">Annonce<\/p><h3 class=\"item-title mb-0\">Genesys figure sur la liste Cloud\u00a0100 de CRN pour 2025<\/h3><\/div><div class=\"justify-content-end btn-container\"><div class=\"btn chevron small only btn-secondary\"><\/div><\/div><\/div><\/div><\/a><\/div><div class=\"col-md-4 vertical-cards grid-item card-col item-image grid_type-resources\"><a class=\"card w-100 h-100 bgc-lgray component vertical text-start thumbnail chevron-only\" href=\"https:\/\/www.genesys.com\/fr-fr\/resources\/contact-center-buyers-guide\"><div class=\"thumbnail-col thubmnail\"><img decoding=\"async\" src=\"https:\/\/www.genesys.com\/media\/820x464-Resource-Thumbnail-Ebook-Buyers-Guide-for-AI-and-CX.jpg\" height=\"464\" width=\"820\" alt=\"820&#215;464 resource thumbnail ebook buyers guide for ai and cx\"><\/div><div class=\"card-body text-col\"><p class=\"assettag\">eBook<\/p><h3 class=\"item-title h6\">Guide d'achat pour les centres de contact<\/h3><\/div><div class=\"card-footer text-end\"><div class=\"justify-content-end btn-container\"><div class=\"btn chevron small only btn-secondary\"><\/div><\/div><\/div><\/a><\/div><div class=\"col-md-4 vertical-cards grid-item card-col item-image grid_type-blog\"><a class=\"card w-100 h-100 bgc-lgray component vertical text-start thumbnail chevron-only\" href=\"https:\/\/www.genesys.com\/fr-fr\/blog\/post\/ai-for-the-experience-economy-how-to-deliver-the-next-level-of-experience\"><div class=\"thumbnail-col thubmnail\"><img decoding=\"async\" src=\"https:\/\/www.genesys.com\/media\/2560x1707-Blog-Image-AI-for-the-Experience-Economy-e1751340246402.png\" height=\"547\" width=\"820\" alt=\"\"><\/div><div class=\"card-body text-col\"><p class=\"assettag\">Blog<\/p><h3 class=\"item-title h6\">L\u2019IA pour l\u2019\u00e9conomie de l\u2019exp\u00e9rience : comment propulser la CX vers de nouveaux sommets<\/h3><\/div><div class=\"card-footer text-end\"><div class=\"justify-content-end btn-container\"><div class=\"btn chevron small only btn-secondary\"><\/div><\/div><\/div><\/a><\/div><div class=\"col-md-4 vertical-cards grid-item card-col item-image grid_type-blog\"><a class=\"card w-100 h-100 bgc-lgray component vertical text-start thumbnail chevron-only\" href=\"https:\/\/www.genesys.com\/fr-fr\/blog\/post\/the-levels-of-experience-orchestration\"><div class=\"thumbnail-col thubmnail\"><img decoding=\"async\" src=\"https:\/\/www.genesys.com\/media\/Levels-of-Experience-Orchestration-blog-image-820-x-548.webp\" height=\"547\" width=\"820\" alt=\"\"><\/div><div class=\"card-body text-col\"><p class=\"assettag\">Blog<\/p><h3 class=\"item-title h6\">Les niveaux d'orchestration de l'exp\u00e9rience<\/h3><\/div><div class=\"card-footer text-end\"><div class=\"justify-content-end btn-container\"><div class=\"btn chevron small only btn-secondary\"><\/div><\/div><\/div><\/a><\/div><div class=\"col-md-6 horizontal-cards item-image grid-item card-col item-image grid_type-\"><div class=\"card w-100 h-100 bgc-lgray component horizontal text-start thumbnail chevron-only\"><div class=\"row align-items-center\"><div class=\"col-12 col-md-5 col-lg-6\"><div class=\"thumbnail-col thubmnail\"><img decoding=\"async\" src=\"https:\/\/www.genesys.com\/media\/820x464-Resource-Thumbnail-Ebook-Deliver-the-next-level-of-experience-with-an-AI-powered-CX-ecosystem.jpg\" height=\"464\" width=\"820\" alt=\"820&#215;464 resource thumbnail ebook deliver the next level of experience with an ai powered cx ecosystem\"><\/div><\/div><div class=\"col-12 col-md-7 col-lg-6\"><div class=\"card-body text-col ps-0\"><p class=\"assettag\">eBook<\/p><h3 class=\"item-title h6\">\u00c9cosyst\u00e8me de partenaires\u00a0: l'eBook<\/h3><\/div><\/div><\/div><\/div><\/div><div class=\"col-md-6 horizontal-cards item-image grid-item card-col item-image grid_type-\"><a class=\"card w-100 h-100 bgc-lgray component horizontal text-start thumbnail chevron-only\" href=\"https:\/\/www.genesys.com\/fr-fr\/resources\/five-trendsetters-in-ai-innovation\"><div class=\"row align-items-center\"><div class=\"col-12 col-md-5 col-lg-6\"><div class=\"thumbnail-col thubmnail\"><img decoding=\"async\" src=\"https:\/\/www.genesys.com\/media\/five-trendsetters-in-ai-innovation.jpg\" height=\"464\" width=\"820\" alt=\"Five trendsetters in ai innovation\"><\/div><\/div><div class=\"col-12 col-md-7 col-lg-6\"><div class=\"card-body text-col ps-0\"><p class=\"assettag\">eBook<\/p><h3 class=\"item-title h6\">D\u00e9couvrez comment des leaders red\u00e9finissent l'exp\u00e9rience client avec l'IA<\/h3><\/div><div class=\"card-footer text-end ps-0\"><div class=\"justify-content-end btn-container\"><div class=\"btn chevron small only btn-secondary\"><\/div><\/div><\/div><\/div><\/div><\/a><\/div><\/div><\/div><\/div>[\/vc_column][\/vc_row][\/vc_section][vc_section][vc_row][vc_column]<a class=\"component-cta-block card w-100 h-100 bgc-lgray centered cta-text-center \"  href=\"\/partners\/genesys-partner-portal-login\" target=\"\" rel=\"\"><div class=\"card-body text-center col-content\"><h2 class=\"h3\">Devenez partenaire Genesys<\/h2>\n<p>Votre expertise est inestimable pour notre r\u00e9seau de partenaires et pour l&rsquo;ensemble de notre \u00e9cosyst\u00e8me Genesys. Rejoignez le programme Genesys\u00a0Partners et b\u00e9n\u00e9ficiez d&rsquo;outils, de formations et d&rsquo;un accompagnement afin de d\u00e9velopper votre activit\u00e9 (rentabilit\u00e9, chiffre d&rsquo;affaires, dynamique et visibilit\u00e9 des ventes, etc.). Devenez partenaire Genesys et faites le premier pas pour lib\u00e9rer tout le potentiel de votre entreprise.<\/p>\n<div class=\" btn-container justify-content-center mt-2\"><div class=\"btn btn-primary\">D\u00e9marrer<\/div><\/div><\/div><\/a>[\/vc_column][\/vc_row][\/vc_section]<\/p>\n<\/div>","protected":false},"excerpt":{"rendered":"<p>[vc_section sec_modern_width=\u00a0\u00bbenable\u00a0\u00bb background_color=\u00a0\u00bbbgc-lgray\u00a0\u00bb flair=\u00a0\u00bb%5B%7B%22flair_type%22%3A%22f_type_image%22%2C%22hide_mobile%22%3A%22yes%22%7D%5D\u00a0\u00bb vib=\u00a0\u00bbenable\u00a0\u00bb css=\u00a0\u00bb.vc_custom_1760042427123{background-position: center !important;background-repeat: no-repeat !important;background-size: cover !important;}\u00a0\u00bb][vc_row equal_height=\u00a0\u00bbyes\u00a0\u00bb content_placement=\u00a0\u00bbmiddle\u00a0\u00bb][vc_column width=\u00a0\u00bb1\/2&Prime;][vc_column_text css=\u00a0\u00bb\u00a0\u00bb] Les partenaires Genesys orchestrent l&rsquo;exp\u00e9rience client \u00e0 l&rsquo;\u00e9chelle mondiale \u00c0 travers notre \u00e9cosyst\u00e8me mondial de partenaires\u00a0(Genesys\u00a0Ascend, AppFoundry Marketplace, int\u00e9grateurs syst\u00e8mes internationaux\u00a0(GSI) et partenaires technologiques strat\u00e9giques), nous aidons nos clients \u00e0 acc\u00e9l\u00e9rer leur transformation et \u00e0 lib\u00e9rer tout le potentiel [&hellip;]<\/p>\n","protected":false},"author":1,"featured_media":0,"parent":0,"menu_order":11,"comment_status":"closed","ping_status":"closed","template":"","meta":{"_acf_changed":false,"footnotes":""},"class_list":["post-78743","page","type-page","status-publish","hentry"],"acf":[],"_links":{"self":[{"href":"https:\/\/www.genesys.com\/fr-fr\/wp-json\/wp\/v2\/pages\/78743","targetHints":{"allow":["GET"]}}],"collection":[{"href":"https:\/\/www.genesys.com\/fr-fr\/wp-json\/wp\/v2\/pages"}],"about":[{"href":"https:\/\/www.genesys.com\/fr-fr\/wp-json\/wp\/v2\/types\/page"}],"author":[{"embeddable":true,"href":"https:\/\/www.genesys.com\/fr-fr\/wp-json\/wp\/v2\/users\/1"}],"replies":[{"embeddable":true,"href":"https:\/\/www.genesys.com\/fr-fr\/wp-json\/wp\/v2\/comments?post=78743"}],"version-history":[{"count":15,"href":"https:\/\/www.genesys.com\/fr-fr\/wp-json\/wp\/v2\/pages\/78743\/revisions"}],"predecessor-version":[{"id":608759,"href":"https:\/\/www.genesys.com\/fr-fr\/wp-json\/wp\/v2\/pages\/78743\/revisions\/608759"}],"wp:attachment":[{"href":"https:\/\/www.genesys.com\/fr-fr\/wp-json\/wp\/v2\/media?parent=78743"}],"curies":[{"name":"wp","href":"https:\/\/api.w.org\/{rel}","templated":true}]}}