{"id":78205,"date":"2018-08-10T10:37:34","date_gmt":"2018-08-10T17:37:34","guid":{"rendered":"https:\/\/www.genesys.com\/?page_id=78205"},"modified":"2019-08-05T16:30:09","modified_gmt":"2019-08-05T23:30:09","slug":"improving-agent-performance","status":"publish","type":"page","link":"https:\/\/www.genesys.com\/fr-fr\/better-results\/improving-agent-performance","title":{"rendered":"Am\u00e9liorer les performances des agents"},"content":{"rendered":"<div class=\"wpb-content-wrapper\"><p>[vc_section full_width=\u00a0\u00bbstretch_row\u00a0\u00bb el_class=\u00a0\u00bbsection_header\u00a0\u00bb css=\u00a0\u00bb.vc_custom_1530113572660{background-image: url(https:\/\/www.genesys.com\/media\/0618-Customer-Experience-Achieve-Better-Results.jpg?id=16689) !important;}\u00a0\u00bb][vc_row equal_height=\u00a0\u00bbyes\u00a0\u00bb content_placement=\u00a0\u00bbmiddle\u00a0\u00bb][vc_column width=\u00a0\u00bb3\/5&Prime;][vc_column_text]<\/p>\n<h1>Am\u00e9liorez les performances des agents du centre de contact<\/h1>\n<p>[\/vc_column_text][\/vc_column][vc_column width=\u00a0\u00bb2\/5&Prime;][\/vc_column][\/vc_row][\/vc_section][vc_section full_width=\u00a0\u00bbstretch_row\u00a0\u00bb el_class=\u00a0\u00bbcta-bar\u00a0\u00bb css=\u00a0\u00bb.vc_custom_1522458207688{padding-top: 0px !important;padding-bottom: 0px !important;}\u00a0\u00bb][vc_row full_width=\u00a0\u00bbstretch_row\u00a0\u00bb css=\u00a0\u00bb.vc_custom_1522458201976{padding-top: 0px !important;padding-bottom: 0px !important;}\u00a0\u00bb][vc_column][\/vc_column][\/vc_row][\/vc_section][vc_section full_width=\u00a0\u00bbstretch_row\u00a0\u00bb][vc_row][vc_column][vc_column_text]<\/p>\n<h2 style=\"text-align: center;\">Constituez une \u00e9quipe de centre de contact plus efficace<\/h2>\n<p style=\"text-align: center;\">Am\u00e9liorer les performances des agents est un point essentiel pour g\u00e9rer votre centre de contact de fa\u00e7on plus efficace et atteindre les objectifs quotidiens, mensuels et trimestriels. Les am\u00e9liorations commencent par la visibilit\u00e9, qui doit \u00eatre totale pour les interactions et les analyses afin d\u2019obtenir des donn\u00e9es pr\u00e9cieuses et exploitables. Il est \u00e9galement important de r\u00e9duire le temps de r\u00e9solution des probl\u00e8mes et d\u2019am\u00e9liorer la collaboration au sein de votre \u00e9quipe. La formation augmente aussi les performances\u00a0; elle permet \u00e0 des agents individuels de renseigner une plus vaste gamme de clients et de proposer une exp\u00e9rience agr\u00e9able \u00e0 chaque interaction.<\/p>\n<p>[\/vc_column_text][\/vc_column][\/vc_row][\/vc_section][vc_section full_width=\u00a0\u00bbstretch_row\u00a0\u00bb el_class=\u00a0\u00bbsection_light-gray\u00a0\u00bb][vc_row][vc_column][vc_column_text]<\/p>\n<h3 style=\"text-align: center;\">Plus d\u2019infos sur\u2026<\/h3>\n<p>[\/vc_column_text]<div class=\"vc_grid-container-wrapper vc_clearfix grid_type-page-features wrapper_style_colored-boxes\"><div class=\"vc_grid-container vc_clearfix wpb_content_element vc_basic_grid\"><div class=\"vc_grid vc_row vc_grid-gutter-35px vc_pageable-wrapper vc_hook_hover gen_text-center\" data-vc-pageable-content=\"true\"><div class=\"vc_pageable-slide-wrapper vc_clearfix\" data-vc-grid-content=\"true\"><div data-type=\"capability\" ><\/div><div class=\"vc_grid-item vc_clearfix style_colored-boxes vc_col-sm-3 vc_grid-item-zone-c-bottom vc_visible-item fadeIn animated\"><a href=\"https:\/\/www.genesys.com\/fr-fr\/capabilities\/automated-routing\"><div class=\"overlay\"><h4>Routage pr\u00e9dictif<\/h4><\/div><div class=\"content\"><h4>Routage pr\u00e9dictif<\/h4><p>Utilisez l'IA pour mettre les clients en relation avec les agents susceptibles de fournir le meilleur service et les meilleurs r\u00e9sultats en temps r\u00e9el.<\/p><div class=\"genesys-button medium  genesys-orange\"><span>En savoir plus<\/span><\/div><\/div><\/a><\/div><div class=\"vc_grid-item vc_clearfix style_colored-boxes vc_col-sm-3 vc_grid-item-zone-c-bottom vc_visible-item fadeIn animated\"><a href=\"https:\/\/www.genesys.com\/fr-fr\/capabilities\/voice-services\"><div class=\"overlay\"><h4>Services vocaux<\/h4><\/div><div class=\"content\"><h4>Services vocaux<\/h4><p>Soyez pr\u00e9sent pour les clients qui pr\u00e9f\u00e8rent encore une assistance par t\u00e9l\u00e9phone gr\u00e2ce \u00e0 des services vocaux adapt\u00e9s \u00e0 votre entreprise. <\/p><div class=\"genesys-button medium  genesys-orange\"><span>En savoir plus<\/span><\/div><\/div><\/a><\/div><div class=\"vc_grid-item vc_clearfix style_colored-boxes vc_col-sm-3 vc_grid-item-zone-c-bottom vc_visible-item fadeIn animated\"><a href=\"https:\/\/www.genesys.com\/fr-fr\/capabilities\/inbound\"><div class=\"overlay\"><h4>Communications entrantes<\/h4><\/div><div class=\"content\"><h4>Communications entrantes<\/h4><p>Facilitez la communication avec votre entreprise. Proposez votre assistance et d\u00e9passez les attentes des clients sur tous les canaux.<\/p><div class=\"genesys-button medium  genesys-orange\"><span>En savoir plus<\/span><\/div><\/div><\/a><\/div><div class=\"vc_grid-item vc_clearfix style_colored-boxes vc_col-sm-3 vc_grid-item-zone-c-bottom vc_visible-item fadeIn animated\"><a href=\"https:\/\/www.genesys.com\/fr-fr\/capabilities\/outbound\"><div class=\"overlay\"><h4>Communications sortantes<\/h4><\/div><div class=\"content\"><h4>Communications sortantes<\/h4><p>Menez des communications proactives, rapides, personnalis\u00e9es et contextuelles sur tous les canaux pour am\u00e9liorer votre relation client.<\/p><div class=\"genesys-button medium  genesys-orange\"><span>En savoir plus<\/span><\/div><\/div><\/a><\/div><\/div><\/div><\/div><\/div>[\/vc_column][\/vc_row][\/vc_section][vc_section full_width=\u00a0\u00bbstretch_row\u00a0\u00bb][vc_row equal_height=\u00a0\u00bbyes\u00a0\u00bb content_placement=\u00a0\u00bbmiddle\u00a0\u00bb el_class=\u00a0\u00bbmobile-reverse\u00a0\u00bb][vc_column width=\u00a0\u00bb2\/3&Prime;][vc_column_text]<\/p>\n<h3>Collaboration entre \u00e9quipes pour plus de productivit\u00e9<\/h3>\n<p>Am\u00e9liorez l\u2019efficacit\u00e9 de votre \u00e9quipe gr\u00e2ce \u00e0 des outils collaboratifs qui permettent aux agents de partager leurs id\u00e9es et de faire avancer les choses plus facilement. Avec une collaboration instantan\u00e9e et en temps r\u00e9el, vos agents peuvent mieux renseigner les clients, r\u00e9soudre rapidement des probl\u00e8mes et interagir avec les membres de l\u2019\u00e9quipe \u00e9largie. La collaboration simplifie \u00e9galement le travail dans des lieux et des fuseaux horaires diff\u00e9rents. Lorsque vous am\u00e9liorez la communication de votre \u00e9quipe, vous am\u00e9liorez aussi la r\u00e9solution de probl\u00e8mes, le d\u00e9veloppement des comp\u00e9tences et le partage des r\u00e9ussites.[\/vc_column_text][\/vc_column][vc_column width=\u00a0\u00bb1\/3&Prime;]<div class=\"gicon-container\" style=\"max-width:60%;margin:0 auto 2em;text-align:center;align-items:center;\"><\/div>[\/vc_column][\/vc_row][\/vc_section][vc_section full_width=\u00a0\u00bbstretch_row\u00a0\u00bb el_class=\u00a0\u00bbsection_light-gray\u00a0\u00bb][vc_row equal_height=\u00a0\u00bbyes\u00a0\u00bb content_placement=\u00a0\u00bbmiddle\u00a0\u00bb][vc_column width=\u00a0\u00bb1\/2&Prime; offset=\u00a0\u00bbvc_hidden-xs\u00a0\u00bb][vc_single_image image=\u00a0\u00bb10663&Prime; img_size=\u00a0\u00bbfull\u00a0\u00bb][\/vc_column][vc_column width=\u00a0\u00bb1\/2&Prime;][vc_column_text]<\/p>\n<h3>Mieux renseigner vos clients gr\u00e2ce aux donn\u00e9es qualitatives<\/h3>\n<p>La possibilit\u00e9 d\u2019enregistrer les appels et les \u00e9crans de toutes les interactions clients peut changer la donne lorsque vous souhaitez recueillir des donn\u00e9es plus pr\u00e9cises \u00e0 propos du comportement d\u2019un client ou des performances de votre \u00e9quipe. Utilisez les analyses d\u2019interactions pour automatiser le processus d\u2019\u00e9coute des conversations et celui d\u2019analyse afin de mieux comprendre les interactions. Il en r\u00e9sulte des donn\u00e9es portant sur les tendances, les probl\u00e8mes et les performances qui peuvent \u00eatre utilis\u00e9es pour am\u00e9liorer la qualit\u00e9 de vos engagements client, prendre des d\u00e9cisions mieux \u00e9clair\u00e9es et accro\u00eetre l\u2019efficacit\u00e9 de vos agents.[\/vc_column_text][\/vc_column][\/vc_row][\/vc_section][vc_section full_width=\u00a0\u00bbstretch_row\u00a0\u00bb][vc_row equal_height=\u00a0\u00bbyes\u00a0\u00bb content_placement=\u00a0\u00bbmiddle\u00a0\u00bb el_class=\u00a0\u00bbmobile-reverse\u00a0\u00bb][vc_column width=\u00a0\u00bb2\/3&Prime;][vc_column_text]<\/p>\n<h3>Hissez chaque agent au premier rang<\/h3>\n<p>Une v\u00e9ritable gestion des performances implique de comprendre les comp\u00e9tences, les connaissances et les autres caract\u00e9ristiques qui font de vos employ\u00e9s des agents hors pair. Avec cela, vous avez un plan pour am\u00e9liorer les comp\u00e9tences, les connaissances et les autres caract\u00e9ristiques de tous vos agents. Utilisez toutes les donn\u00e9es disponibles sur les performances pour discerner, selon les postes, \u00e0 quoi ressemblent des performances exceptionnelles et identifier les lacunes de chaque employ\u00e9. Vous disposez alors des donn\u00e9es n\u00e9cessaires pour fournir une formation et un accompagnement individualis\u00e9s et ainsi am\u00e9liorer les performances de votre \u00e9quipe.[\/vc_column_text][\/vc_column][vc_column width=\u00a0\u00bb1\/3&Prime;]<div class=\"gicon-container\" style=\"max-width:60%;margin:0 auto 2em;text-align:center;align-items:center;\"><\/div>[\/vc_column][\/vc_row][\/vc_section][vc_section][vc_row][vc_column]<span class=\"g_separator genesys-light-gray\" style=\"height:1px\"><\/span>[vc_column_text]<\/p>\n<h3 style=\"text-align: center;\">D\u00e9couvrez les solutions\u00a0Genesys pour\u2026<\/h3>\n<p>[\/vc_column_text]<div class=\"vc_grid-container-wrapper vc_clearfix grid_type-page-relative wrapper_style_list\"><div class=\"vc_grid-container vc_clearfix wpb_content_element vc_basic_grid\"><div class=\"vc_grid vc_row vc_grid-gutter-35px vc_pageable-wrapper vc_hook_hover gen_text-center\" data-vc-pageable-content=\"true\"><div class=\"vc_pageable-slide-wrapper vc_clearfix siblinglist w-100 d-flex flex-wrap justify-content-center\" data-vc-grid-content=\"true\"><div class=\"vc_grid-item vc_clearfix col-lg-2 vc_grid-item-zone-c-bottom vc_visible-item fadeIn animated style_list itemclass-255161\"><a href=\"https:\/\/www.genesys.com\/fr-fr\/emergency-response\"><h5>Plan d&rsquo;urgence<\/h5><\/a><\/div><div class=\"vc_grid-item vc_clearfix col-lg-2 vc_grid-item-zone-c-bottom vc_visible-item fadeIn animated style_list itemclass-616116\"><a href=\"https:\/\/www.genesys.com\/fr-fr\/tour\"><h5>Tour<\/h5><\/a><\/div><div class=\"vc_grid-item vc_clearfix col-lg-2 vc_grid-item-zone-c-bottom vc_visible-item fadeIn animated style_list itemclass-604980\"><a href=\"https:\/\/www.genesys.com\/fr-fr\/digital-customer-experience\"><h5>Exp\u00e9rience client digitale<\/h5><\/a><\/div><div class=\"vc_grid-item vc_clearfix col-lg-2 vc_grid-item-zone-c-bottom vc_visible-item fadeIn animated style_list itemclass-602365\"><a href=\"https:\/\/www.genesys.com\/fr-fr\/genesys-charitable-discount-program\"><h5>Programme de remise Genesys pour les organisations caritatives<\/h5><\/a><\/div><div class=\"vc_grid-item vc_clearfix col-lg-2 vc_grid-item-zone-c-bottom vc_visible-item fadeIn animated style_list itemclass-588820\"><a href=\"https:\/\/www.genesys.com\/fr-fr\/responsible-ai\"><h5>IA responsable<\/h5><\/a><\/div><div class=\"vc_grid-item vc_clearfix col-lg-2 vc_grid-item-zone-c-bottom vc_visible-item fadeIn animated style_list itemclass-599587\"><a href=\"https:\/\/www.genesys.com\/fr-fr\/ai-contact-center\"><h5>IA pour centres de contact<\/h5><\/a><\/div><div class=\"vc_grid-item vc_clearfix col-lg-2 vc_grid-item-zone-c-bottom vc_visible-item fadeIn animated style_list itemclass-586346\"><a href=\"https:\/\/www.genesys.com\/fr-fr\/workforce-management-software\"><h5>Logiciel de Workforce Management<\/h5><\/a><\/div><div class=\"vc_grid-item vc_clearfix col-lg-2 vc_grid-item-zone-c-bottom vc_visible-item fadeIn animated style_list itemclass-579679\"><a href=\"https:\/\/www.genesys.com\/fr-fr\/xperience-on-tour-emea\"><h5>Xperience on Tour &#8211; EMEA<\/h5><\/a><\/div><div class=\"vc_grid-item vc_clearfix col-lg-2 vc_grid-item-zone-c-bottom vc_visible-item fadeIn animated style_list itemclass-579475\"><a href=\"https:\/\/www.genesys.com\/fr-fr\/guide-to-copilots\"><h5>Copilotes<\/h5><\/a><\/div><div class=\"vc_grid-item vc_clearfix col-lg-2 vc_grid-item-zone-c-bottom vc_visible-item fadeIn animated style_list itemclass-579486\"><a href=\"https:\/\/www.genesys.com\/fr-fr\/customer-journey-management\"><h5>Gestion des parcours clients<\/h5><\/a><\/div><div class=\"vc_grid-item vc_clearfix col-lg-2 vc_grid-item-zone-c-bottom vc_visible-item fadeIn animated style_list itemclass-571213\"><a href=\"https:\/\/www.genesys.com\/fr-fr\/scuderiaferrari\"><h5>Ferrari<\/h5><\/a><\/div><div class=\"vc_grid-item vc_clearfix col-lg-2 vc_grid-item-zone-c-bottom vc_visible-item fadeIn animated style_list itemclass-558942\"><a href=\"https:\/\/www.genesys.com\/fr-fr\/innovations\"><h5>Innovations<\/h5><\/a><\/div><div class=\"vc_grid-item vc_clearfix col-lg-2 vc_grid-item-zone-c-bottom vc_visible-item fadeIn animated style_list itemclass-558201\"><a href=\"https:\/\/www.genesys.com\/fr-fr\/contact-center-software\"><h5>Logiciels de centre de contact<\/h5><\/a><\/div><div class=\"vc_grid-item vc_clearfix col-lg-2 vc_grid-item-zone-c-bottom vc_visible-item fadeIn animated style_list itemclass-575959\"><a href=\"https:\/\/www.genesys.com\/fr-fr\/lavercup\"><h5>Laver\u00a0Cup<\/h5><\/a><\/div><div class=\"vc_grid-item vc_clearfix col-lg-2 vc_grid-item-zone-c-bottom vc_visible-item fadeIn animated style_list itemclass-524293\"><a href=\"https:\/\/www.genesys.com\/fr-fr\/experience-orchestration\"><h5>Orchestration de l&rsquo;exp\u00e9rience<\/h5><\/a><\/div><div class=\"vc_grid-item vc_clearfix col-lg-2 vc_grid-item-zone-c-bottom vc_visible-item fadeIn animated style_list itemclass-497539\"><a href=\"https:\/\/www.genesys.com\/fr-fr\/experience-index\"><h5>Experience\u00a0Index par Genesys<\/h5><\/a><\/div><div class=\"vc_grid-item vc_clearfix col-lg-2 vc_grid-item-zone-c-bottom vc_visible-item fadeIn animated style_list itemclass-479945\"><a href=\"https:\/\/www.genesys.com\/fr-fr\/genesys-cloud-ex\"><h5>Genesys\u00a0Cloud\u00a0EX<\/h5><\/a><\/div><div class=\"vc_grid-item vc_clearfix col-lg-2 vc_grid-item-zone-c-bottom vc_visible-item fadeIn animated style_list itemclass-440343\"><a href=\"https:\/\/www.genesys.com\/fr-fr\/pointillist\"><h5>Pointillist<\/h5><\/a><\/div><div class=\"vc_grid-item vc_clearfix col-lg-2 vc_grid-item-zone-c-bottom vc_visible-item fadeIn animated style_list itemclass-409245\"><a href=\"https:\/\/www.genesys.com\/fr-fr\/genesys-choice\"><h5>Genesys Choice<\/h5><\/a><\/div><div class=\"vc_grid-item vc_clearfix col-lg-2 vc_grid-item-zone-c-bottom vc_visible-item fadeIn animated style_list itemclass-116986\"><a href=\"https:\/\/www.genesys.com\/fr-fr\/blog\"><h5>Blog<\/h5><\/a><\/div><div class=\"vc_grid-item vc_clearfix col-lg-2 vc_grid-item-zone-c-bottom vc_visible-item fadeIn animated style_list itemclass-371619\"><a href=\"https:\/\/www.genesys.com\/fr-fr\/fedramp\"><h5>Plateforme d&rsquo;engagement Maximus Genesys<\/h5><\/a><\/div><div class=\"vc_grid-item vc_clearfix col-lg-2 vc_grid-item-zone-c-bottom vc_visible-item fadeIn animated style_list itemclass-244536\"><a href=\"https:\/\/www.genesys.com\/fr-fr\/pricing\"><h5>Tarification<\/h5><\/a><\/div><div class=\"vc_grid-item vc_clearfix col-lg-2 vc_grid-item-zone-c-bottom vc_visible-item fadeIn animated style_list itemclass-226745\"><a href=\"https:\/\/www.genesys.com\/fr-fr\/genesys-cloud\"><h5>Genesys\u00a0Cloud\u00a0CX<\/h5><\/a><\/div><div class=\"vc_grid-item vc_clearfix col-lg-2 vc_grid-item-zone-c-bottom vc_visible-item fadeIn animated style_list itemclass-245040\"><a href=\"https:\/\/www.genesys.com\/fr-fr\/cx-blueprint\"><h5>Plan exp\u00e9rience client<\/h5><\/a><\/div><div class=\"vc_grid-item vc_clearfix col-lg-2 vc_grid-item-zone-c-bottom vc_visible-item fadeIn animated style_list itemclass-236346\"><a href=\"https:\/\/www.genesys.com\/fr-fr\/call-center-cloud-migration-overview\"><h5>Pr\u00e9sentation de la migration du centre d&rsquo;appel vers le cloud<\/h5><\/a><\/div><div class=\"vc_grid-item vc_clearfix col-lg-2 vc_grid-item-zone-c-bottom vc_visible-item fadeIn animated style_list itemclass-236342\"><a href=\"https:\/\/www.genesys.com\/fr-fr\/customer-migrations\"><h5>Migrations de clients<\/h5><\/a><\/div><div class=\"vc_grid-item vc_clearfix col-lg-2 vc_grid-item-zone-c-bottom vc_visible-item fadeIn animated style_list itemclass-619987\"><a href=\"https:\/\/www.genesys.com\/fr-fr\/majesticks\"><h5>Majesticks<\/h5><\/a><\/div><div class=\"vc_grid-item vc_clearfix col-lg-2 vc_grid-item-zone-c-bottom vc_visible-item fadeIn animated style_list itemclass-283375\"><a href=\"https:\/\/www.genesys.com\/fr-fr\/_external-form\"><h5>_External Form<\/h5><\/a><\/div><div class=\"vc_grid-item vc_clearfix col-lg-2 vc_grid-item-zone-c-bottom vc_visible-item fadeIn animated style_list itemclass-287561\"><a href=\"https:\/\/www.genesys.com\/fr-fr\/test-wpml\"><h5>Test WPML<\/h5><\/a><\/div><div class=\"vc_grid-item vc_clearfix col-lg-2 vc_grid-item-zone-c-bottom vc_visible-item fadeIn animated style_list itemclass-319252\"><a href=\"https:\/\/www.genesys.com\/fr-fr\/zoom\"><h5>Partenariat avec Zoom<\/h5><\/a><\/div><div class=\"vc_grid-item vc_clearfix col-lg-2 vc_grid-item-zone-c-bottom vc_visible-item fadeIn animated style_list itemclass-288710\"><a href=\"https:\/\/www.genesys.com\/fr-fr\/microsoft\"><h5>Partenariat avec Microsoft<\/h5><\/a><\/div><div class=\"vc_grid-item vc_clearfix col-lg-2 vc_grid-item-zone-c-bottom vc_visible-item fadeIn animated style_list itemclass-320828\"><a href=\"https:\/\/www.genesys.com\/fr-fr\/products\"><h5>Produits<\/h5><\/a><\/div><div class=\"vc_grid-item vc_clearfix col-lg-2 vc_grid-item-zone-c-bottom vc_visible-item fadeIn animated style_list itemclass-405948\"><a href=\"https:\/\/www.genesys.com\/fr-fr\/genesys-dx\"><h5>Genesys DX<\/h5><\/a><\/div><div class=\"vc_grid-item vc_clearfix col-lg-2 vc_grid-item-zone-c-bottom vc_visible-item fadeIn animated style_list itemclass-621142\"><a href=\"https:\/\/www.genesys.com\/fr-fr\/customer-awards\"><h5>Customer Awards<\/h5><\/a><\/div><div class=\"vc_grid-item vc_clearfix col-lg-2 vc_grid-item-zone-c-bottom vc_visible-item fadeIn animated style_list itemclass-78197\"><a href=\"https:\/\/www.genesys.com\/fr-fr\/innovations\"><h5>Innovations<\/h5><p>Innovez dans un environnement moins risqu\u00e9 et plus gratifiant<\/p><\/a><\/div><div class=\"vc_grid-item vc_clearfix col-lg-2 vc_grid-item-zone-c-bottom vc_visible-item fadeIn animated style_list itemclass-78172\"><a href=\"https:\/\/www.genesys.com\/fr-fr\"><h5>Accueil<\/h5><\/a><\/div><div class=\"vc_grid-item vc_clearfix col-lg-2 vc_grid-item-zone-c-bottom vc_visible-item fadeIn animated style_list itemclass-81815\"><a href=\"https:\/\/www.genesys.com\/fr-fr\/googlecloud\"><h5>IA du Centre de contact de Google\u00a0Cloud<\/h5><p>Offrez des exp\u00e9riences clients d'exception gr\u00e2ce au partenariat entre Genesys et Google. <\/p><\/a><\/div><div class=\"vc_grid-item vc_clearfix col-lg-2 vc_grid-item-zone-c-bottom vc_visible-item fadeIn animated style_list itemclass-78202\"><a href=\"https:\/\/www.genesys.com\/fr-fr\/solutions\"><h5>Solutions<\/h5><\/a><\/div><div class=\"vc_grid-item vc_clearfix col-lg-2 vc_grid-item-zone-c-bottom vc_visible-item fadeIn animated style_list itemclass-78762\"><a href=\"https:\/\/www.genesys.com\/fr-fr\/customer-success\"><h5>Customer Success<\/h5><\/a><\/div><div class=\"vc_grid-item vc_clearfix col-lg-2 vc_grid-item-zone-c-bottom vc_visible-item fadeIn animated style_list itemclass-78195\"><a href=\"https:\/\/www.genesys.com\/fr-fr\/moving-to-the-cloud\"><h5>Migration vers le cloud<\/h5><\/a><\/div><div class=\"vc_grid-item vc_clearfix col-lg-2 vc_grid-item-zone-c-bottom vc_visible-item fadeIn animated style_list itemclass-78171\"><a href=\"https:\/\/www.genesys.com\/fr-fr\/contact-us\"><h5>Nous contacter<\/h5><\/a><\/div><div class=\"vc_grid-item vc_clearfix col-lg-2 vc_grid-item-zone-c-bottom vc_visible-item fadeIn animated style_list itemclass-78185\"><a href=\"https:\/\/www.genesys.com\/fr-fr\/platform\"><h5>Plateforme<\/h5><p>Cr\u00e9ez des exp\u00e9riences client exceptionnelles avec la plateforme exp\u00e9rience client Genesys<\/p><\/a><\/div><div class=\"vc_grid-item vc_clearfix col-lg-2 vc_grid-item-zone-c-bottom vc_visible-item fadeIn animated style_list itemclass-78168\"><a href=\"https:\/\/www.genesys.com\/fr-fr\/request-a-demo\"><h5>Demander une d\u00e9mo<\/h5><\/a><\/div><div class=\"vc_grid-item vc_clearfix col-lg-2 vc_grid-item-zone-c-bottom vc_visible-item fadeIn animated style_list itemclass-81710\"><a href=\"https:\/\/www.genesys.com\/fr-fr\/resources\"><h5>Ressources<\/h5><\/a><\/div><div class=\"vc_grid-item vc_clearfix col-lg-2 vc_grid-item-zone-c-bottom vc_visible-item fadeIn animated style_list itemclass-78751\"><a href=\"https:\/\/www.genesys.com\/fr-fr\/events\"><h5>\u00c9v\u00e9nements<\/h5><\/a><\/div><div class=\"vc_grid-item vc_clearfix col-lg-2 vc_grid-item-zone-c-bottom vc_visible-item fadeIn animated style_list itemclass-78741\"><a href=\"https:\/\/www.genesys.com\/fr-fr\/webinars\"><h5>Webinaires<\/h5><\/a><\/div><div class=\"vc_grid-item vc_clearfix col-lg-2 vc_grid-item-zone-c-bottom vc_visible-item fadeIn animated style_list itemclass-78733\"><a href=\"https:\/\/www.genesys.com\/fr-fr\/company\"><h5>Entreprise<\/h5><\/a><\/div><div class=\"vc_grid-item vc_clearfix col-lg-2 vc_grid-item-zone-c-bottom vc_visible-item fadeIn animated style_list itemclass-78753\"><a href=\"https:\/\/www.genesys.com\/fr-fr\/customer-stories\"><h5>T\u00e9moignages clients<\/h5><\/a><\/div><div class=\"vc_grid-item vc_clearfix col-lg-2 vc_grid-item-zone-c-bottom vc_visible-item fadeIn animated style_list itemclass-79077\"><a href=\"https:\/\/www.genesys.com\/fr-fr\/definitions\"><h5>D\u00e9finitions<\/h5><\/a><\/div><div class=\"vc_grid-item vc_clearfix col-lg-2 vc_grid-item-zone-c-bottom vc_visible-item fadeIn animated style_list itemclass-78750\"><a href=\"https:\/\/www.genesys.com\/fr-fr\/login\"><h5>Connexion \u00e0 Genesys<\/h5><\/a><\/div><div class=\"vc_grid-item vc_clearfix col-lg-2 vc_grid-item-zone-c-bottom vc_visible-item fadeIn animated style_list itemclass-78173\"><a href=\"https:\/\/www.genesys.com\/fr-fr\/select-region\"><h5>Choisir un pays<\/h5><\/a><\/div><div class=\"vc_grid-item vc_clearfix col-lg-2 vc_grid-item-zone-c-bottom vc_visible-item fadeIn animated style_list itemclass-78743\"><a href=\"https:\/\/www.genesys.com\/fr-fr\/partners\"><h5>Pr\u00e9sentation des partenaires<\/h5><p>Les partenaires Genesys ont acc\u00e8s \u00e0 des technologies et des opportunit\u00e9s pour accro\u00eetre leur part de march\u00e9. Quant aux clients, ils peuvent travailler avec un r\u00e9seau de partenaires Genesys pour booster la croissance de leur entreprise.<\/p><\/a><\/div><div class=\"vc_grid-item vc_clearfix col-lg-2 vc_grid-item-zone-c-bottom vc_visible-item fadeIn animated style_list itemclass-84881\"><a href=\"https:\/\/www.genesys.com\/fr-fr\/capabilities\"><h5>Fonctionnalit\u00e9s<\/h5><\/a><\/div><\/div><\/div><\/div><\/div>[\/vc_column][\/vc_row][\/vc_section]<\/p>\n<\/div>","protected":false},"excerpt":{"rendered":"<p>[vc_section full_width=\u00a0\u00bbstretch_row\u00a0\u00bb el_class=\u00a0\u00bbsection_header\u00a0\u00bb css=\u00a0\u00bb.vc_custom_1530113572660{background-image: url(https:\/\/www.genesys.com\/media\/0618-Customer-Experience-Achieve-Better-Results.jpg?id=16689) !important;}\u00a0\u00bb][vc_row equal_height=\u00a0\u00bbyes\u00a0\u00bb content_placement=\u00a0\u00bbmiddle\u00a0\u00bb][vc_column width=\u00a0\u00bb3\/5&Prime;][vc_column_text] Am\u00e9liorez les performances des agents du centre de contact [\/vc_column_text][\/vc_column][vc_column width=\u00a0\u00bb2\/5&Prime;][\/vc_column][\/vc_row][\/vc_section][vc_section full_width=\u00a0\u00bbstretch_row\u00a0\u00bb el_class=\u00a0\u00bbcta-bar\u00a0\u00bb css=\u00a0\u00bb.vc_custom_1522458207688{padding-top: 0px !important;padding-bottom: 0px !important;}\u00a0\u00bb][vc_row full_width=\u00a0\u00bbstretch_row\u00a0\u00bb css=\u00a0\u00bb.vc_custom_1522458201976{padding-top: 0px !important;padding-bottom: 0px !important;}\u00a0\u00bb][vc_column][\/vc_column][\/vc_row][\/vc_section][vc_section full_width=\u00a0\u00bbstretch_row\u00a0\u00bb][vc_row][vc_column][vc_column_text] Constituez une \u00e9quipe de centre de contact plus efficace Am\u00e9liorer les performances des agents est un point essentiel pour g\u00e9rer votre [&hellip;]<\/p>\n","protected":false},"author":1,"featured_media":10446,"parent":78203,"menu_order":1,"comment_status":"closed","ping_status":"closed","template":"","meta":{"_acf_changed":false,"footnotes":""},"class_list":["post-78205","page","type-page","status-publish","has-post-thumbnail","hentry"],"acf":[],"_links":{"self":[{"href":"https:\/\/www.genesys.com\/fr-fr\/wp-json\/wp\/v2\/pages\/78205","targetHints":{"allow":["GET"]}}],"collection":[{"href":"https:\/\/www.genesys.com\/fr-fr\/wp-json\/wp\/v2\/pages"}],"about":[{"href":"https:\/\/www.genesys.com\/fr-fr\/wp-json\/wp\/v2\/types\/page"}],"author":[{"embeddable":true,"href":"https:\/\/www.genesys.com\/fr-fr\/wp-json\/wp\/v2\/users\/1"}],"replies":[{"embeddable":true,"href":"https:\/\/www.genesys.com\/fr-fr\/wp-json\/wp\/v2\/comments?post=78205"}],"version-history":[{"count":5,"href":"https:\/\/www.genesys.com\/fr-fr\/wp-json\/wp\/v2\/pages\/78205\/revisions"}],"predecessor-version":[{"id":162800,"href":"https:\/\/www.genesys.com\/fr-fr\/wp-json\/wp\/v2\/pages\/78205\/revisions\/162800"}],"up":[{"embeddable":true,"href":"https:\/\/www.genesys.com\/fr-fr\/wp-json\/wp\/v2\/pages\/78203"}],"wp:featuredmedia":[{"embeddable":true,"href":"https:\/\/www.genesys.com\/fr-fr\/wp-json\/wp\/v2\/media\/10446"}],"wp:attachment":[{"href":"https:\/\/www.genesys.com\/fr-fr\/wp-json\/wp\/v2\/media?parent=78205"}],"curies":[{"name":"wp","href":"https:\/\/api.w.org\/{rel}","templated":true}]}}