{"id":78192,"date":"2018-08-10T10:39:11","date_gmt":"2018-08-10T17:39:11","guid":{"rendered":"https:\/\/www.genesys.com\/?page_id=78192"},"modified":"2018-08-10T10:39:39","modified_gmt":"2018-08-10T17:39:39","slug":"innovations-altocloud","status":"publish","type":"page","link":"https:\/\/www.genesys.com\/fr-fr\/innovations\/innovations-altocloud","title":{"rendered":"Altocloud"},"content":{"rendered":"<div class=\"wpb-content-wrapper\"><p>[vc_section full_width=\u00a0\u00bbstretch_row\u00a0\u00bb el_class=\u00a0\u00bbsection_header\u00a0\u00bb css=\u00a0\u00bb.vc_custom_1530124845360{background-image: url(https:\/\/www.genesys.com\/media\/0618-Customer-Experience-Innovations.jpg?id=16690) !important;}\u00a0\u00bb][vc_row equal_height=\u00a0\u00bbyes\u00a0\u00bb content_placement=\u00a0\u00bbmiddle\u00a0\u00bb][vc_column width=\u00a0\u00bb1\/2&Prime;][vc_column_text]<\/p>\n<h1>Fa\u00e7onnez les parcours des clients gr\u00e2ce \u00e0 des analyses pr\u00e9dictives en temps r\u00e9el<\/h1>\n<p>[\/vc_column_text][\/vc_column][vc_column width=\u00a0\u00bb1\/2&Prime;][\/vc_column][\/vc_row][\/vc_section][vc_section full_width=\u00a0\u00bbstretch_row\u00a0\u00bb el_class=\u00a0\u00bbcta-bar\u00a0\u00bb css=\u00a0\u00bb.vc_custom_1522458207688{padding-top: 0px !important;padding-bottom: 0px !important;}\u00a0\u00bb][vc_row full_width=\u00a0\u00bbstretch_row\u00a0\u00bb css=\u00a0\u00bb.vc_custom_1522458201976{padding-top: 0px !important;padding-bottom: 0px !important;}\u00a0\u00bb][vc_column][\/vc_column][\/vc_row][\/vc_section][vc_section full_width=\u00a0\u00bbstretch_row\u00a0\u00bb][vc_row][vc_column][vc_column_text]<\/p>\n<h2 style=\"text-align: center;\">Mieux comprendre les habitudes des clients<\/h2>\n<p style=\"text-align: center;\">Am\u00e9liorez vos relations clients gr\u00e2ce aux analyses pr\u00e9dictives et apprenez comment stimuler automatiquement un engagement client plus intelligent. Altocloud de\u00a0Genesys associe l&rsquo;intelligence artificielle \u00e0 des donn\u00e9es provenant de sources multiples pour pr\u00e9dire la probabilit\u00e9 qu&rsquo;un client atteigne une \u00e9tape sp\u00e9cifique dans son parcours. Que ce jalon soit la commande d&rsquo;un produit, la demande d&rsquo;un devis d&rsquo;assurance ou la r\u00e9servation d&rsquo;un vol sur un site\u00a0Web, la visualisation en temps r\u00e9el du comportement digital vous donne \u00e0 voir le contexte qui entoure l&rsquo;ensemble de cette \u00e9tape. Identifiez rapidement les points de difficult\u00e9 du client pour convertir tout engagement en une exp\u00e9rience positive et augmenter la valeur de la dur\u00e9e de vie du client.<\/p>\n<p>[\/vc_column_text][\/vc_column][\/vc_row][\/vc_section][vc_section full_width=\u00a0\u00bbstretch_row\u00a0\u00bb disable_element=\u00a0\u00bbyes\u00a0\u00bb el_class=\u00a0\u00bbsection_light-gray\u00a0\u00bb][vc_row][vc_column]<div class=\"db_cta_dynamic align-center style-dark\" data-offset=\"0\" data-section-bg=\"https:\/\/www.genesys.com\/media\/Website-CTA-Backgrounds-Plum-Right.png\" data-limit=\"1\" data-result=\"%5B%5D\"><h3>Analysez et fa\u00e7onnez les parcours des clients<\/h3><div class=\"genesys-button medium align-center genesys-white \"><a href=\"\/resources\/analyzing-and-shaping-customer-journeys\" target=\"\" rel=\"\">Read the paper<\/a><\/div><\/div>[\/vc_column][\/vc_row][\/vc_section][vc_section full_width=\u00a0\u00bbstretch_row\u00a0\u00bb][vc_row equal_height=\u00a0\u00bbyes\u00a0\u00bb content_placement=\u00a0\u00bbmiddle\u00a0\u00bb][vc_column][vc_column_text]<\/p>\n<h3 style=\"text-align: center;\">Recueillez les donn\u00e9es appropri\u00e9es et renforcez vos relations clients<\/h3>\n<p>[\/vc_column_text][\/vc_column][\/vc_row][vc_row gap=\u00a0\u00bb15&Prime;][vc_column width=\u00a0\u00bb1\/3&Prime; offset=\u00a0\u00bbvc_hidden-xs\u00a0\u00bb][vc_single_image image=\u00a0\u00bb10728&Prime; img_size=\u00a0\u00bbfull\u00a0\u00bb add_caption=\u00a0\u00bbyes\u00a0\u00bb alignment=\u00a0\u00bbcenter\u00a0\u00bb][\/vc_column][vc_column width=\u00a0\u00bb1\/3&Prime;][vc_column_text]<\/p>\n<h4>Marquez le coup avec un contexte client riche<\/h4>\n<p>Un d\u00e9tail peut suffire \u00e0 faire la diff\u00e9rence lorsqu&rsquo;il s&rsquo;agit de convertir un client. Recueillez des donn\u00e9es pr\u00e9cieuses, telles que l&rsquo;historique de navigation du client, les \u00e9l\u00e9ments de son parcours qui l&rsquo;ont incit\u00e9 \u00e0 appeler ou des solutions \u00e0 des probl\u00e8mes similaires. Altocloud analyse ce contexte riche en temps r\u00e9el pour \u00e9laborer la valeur de la dur\u00e9e de vie du client.[\/vc_column_text][\/vc_column][vc_column width=\u00a0\u00bb1\/3&Prime;][vc_column_text]<\/p>\n<h4>Personnalisez les parcours gr\u00e2ce aux r\u00e9sultats des analyses<\/h4>\n<p>Utilisez les analyses pour mieux comprendre vos clients et personnaliser leur parcours. En tant que vendeur, vous pouvez utiliser la segmentation et le regroupement pour vous aider \u00e0 comprendre les clients et leur mod\u00e8le de comportement. Utilisez ensuite ces donn\u00e9es collect\u00e9es pour pr\u00e9voir la conversion d&rsquo;un nouveau client \u00e0 l&rsquo;aide de l&rsquo;apprentissage machine des clients pr\u00e9c\u00e9dents. Vous pouvez aussi d\u00e9terminer le nombre de segments \u00e0 former et les caract\u00e9ristiques client de chaque segment.[\/vc_column_text][\/vc_column][\/vc_row][\/vc_section][vc_section full_width=\u00a0\u00bbstretch_row\u00a0\u00bb css=\u00a0\u00bb.vc_custom_1526431368706{background-color: #f3f3f3 !important;}\u00a0\u00bb][vc_row equal_height=\u00a0\u00bbyes\u00a0\u00bb content_placement=\u00a0\u00bbmiddle\u00a0\u00bb][vc_column][vc_column_text]<\/p>\n<h3 style=\"text-align: center;\">Appliquez les analyses pr\u00e9dictives au parcours du client<\/h3>\n<p>[\/vc_column_text][\/vc_column][\/vc_row][vc_row gap=\u00a0\u00bb30&Prime;][vc_column width=\u00a0\u00bb1\/3&Prime;][vc_column_text]<\/p>\n<h4>D\u00e9couvrez ce que pense votre client<\/h4>\n<p>Les analyses pr\u00e9dictives vous permettent de pr\u00e9voir le comportement d&rsquo;un utilisateur, ses changements d&rsquo;int\u00e9r\u00eat ou la probabilit\u00e9 de certains \u00e9v\u00e9nements. Anticipez le moment opportun o\u00f9 proposer l&rsquo;assistance d&rsquo;un agent \u00e0 un client qui navigue sur votre site. Am\u00e9liorez l&rsquo;exp\u00e9rience globale en identifiant et en contactant les prospects et les clients au bon moment et via le bon canal (automatique ou assist\u00e9) avant qu&rsquo;ils ne fassent appel \u00e0 vous.[\/vc_column_text][\/vc_column][vc_column width=\u00a0\u00bb1\/3&Prime;][vc_column_text]<\/p>\n<h4>Affinez vos analyses gr\u00e2ce au feedback<\/h4>\n<p>Le comportement et les besoins des clients changent rapidement\u00a0: les hypoth\u00e8ses d&rsquo;hier peuvent ne plus \u00eatre valables aujourd&rsquo;hui. Altocloud de\u00a0Genesys utilise des commentaires \u00e0 la fois implicites et explicites pour appliquer les analyses pr\u00e9dictives au parcours dynamique des clients. Automatisez les r\u00e9ponses qui optimisent le parcours et appliquez les ressources appropri\u00e9es aux besoins du client les plus importants. Vous am\u00e9liorerez la satisfaction de votre client\u00e8le et votre chiffre d&rsquo;affaires.[\/vc_column_text][\/vc_column][vc_column width=\u00a0\u00bb1\/3&Prime; offset=\u00a0\u00bbvc_hidden-xs\u00a0\u00bb][vc_single_image image=\u00a0\u00bb10729&Prime; img_size=\u00a0\u00bbfull\u00a0\u00bb add_caption=\u00a0\u00bbyes\u00a0\u00bb alignment=\u00a0\u00bbcenter\u00a0\u00bb][\/vc_column][\/vc_row][\/vc_section][vc_section full_width=\u00a0\u00bbstretch_row\u00a0\u00bb css=\u00a0\u00bb.vc_custom_1530124935332{background-image: url(https:\/\/www.genesys.com\/media\/Website-CTA-Backgrounds-Gradient-Bar.png?id=16908) !important;}\u00a0\u00bb el_class=\u00a0\u00bbsection_white\u00a0\u00bb][vc_row][vc_column][vc_column_text]<\/p>\n<h3 class=\"quoteblock\" style=\"text-align: center;\">Dans les quatre premiers mois apr\u00e8s la mise en \u0153uvre d&rsquo;Altocloud de\u00a0Genesys, Polycom a r\u00e9alis\u00e9 une \u00e9conomie de\u00a072\u00a0% du co\u00fbt de la messagerie instantan\u00e9e et une \u00e9conomie de\u00a062\u00a0% du co\u00fbt de chaque prospect.<\/h3>\n<p>[\/vc_column_text][\/vc_column][\/vc_row][\/vc_section][vc_section][vc_row][vc_column][vc_column_text]<\/p>\n<h3 style=\"text-align: center;\">D\u00e9couvrez les innovations\u00a0Genesys\u2026<\/h3>\n<p>[\/vc_column_text]<div class=\"vc_grid-container-wrapper vc_clearfix grid_type-page-relative wrapper_style_list\"><div class=\"vc_grid-container vc_clearfix wpb_content_element vc_basic_grid\"><div class=\"vc_grid vc_row vc_grid-gutter-35px vc_pageable-wrapper vc_hook_hover gen_text-center\" data-vc-pageable-content=\"true\"><div class=\"vc_pageable-slide-wrapper vc_clearfix siblinglist w-100 d-flex flex-wrap justify-content-center\" data-vc-grid-content=\"true\"><div class=\"vc_grid-item vc_clearfix col-lg-3 vc_grid-item-zone-c-bottom vc_visible-item fadeIn animated style_list itemclass-98429\"><a href=\"https:\/\/www.genesys.com\/fr-fr\/innovations\/automation\"><h5>Automatisation intelligente<\/h5><\/a><\/div><div class=\"vc_grid-item vc_clearfix col-lg-3 vc_grid-item-zone-c-bottom vc_visible-item fadeIn animated style_list itemclass-78184\"><a href=\"https:\/\/www.genesys.com\/fr-fr\/innovations\/omnichannel\"><h5>Omnicanal<\/h5><\/a><\/div><div class=\"vc_grid-item vc_clearfix col-lg-3 vc_grid-item-zone-c-bottom vc_visible-item fadeIn animated style_list itemclass-78179\"><a href=\"https:\/\/www.genesys.com\/fr-fr\/innovations\/messaging\"><h5>Messagerie asynchrone<\/h5><\/a><\/div><\/div><\/div><\/div><\/div>[\/vc_column][\/vc_row][\/vc_section]<\/p>\n<\/div>","protected":false},"excerpt":{"rendered":"<p>[vc_section full_width=\u00a0\u00bbstretch_row\u00a0\u00bb el_class=\u00a0\u00bbsection_header\u00a0\u00bb css=\u00a0\u00bb.vc_custom_1530124845360{background-image: url(https:\/\/www.genesys.com\/media\/0618-Customer-Experience-Innovations.jpg?id=16690) !important;}\u00a0\u00bb][vc_row equal_height=\u00a0\u00bbyes\u00a0\u00bb content_placement=\u00a0\u00bbmiddle\u00a0\u00bb][vc_column width=\u00a0\u00bb1\/2&Prime;][vc_column_text] Fa\u00e7onnez les parcours des clients gr\u00e2ce \u00e0 des analyses pr\u00e9dictives en temps r\u00e9el [\/vc_column_text][\/vc_column][vc_column width=\u00a0\u00bb1\/2&Prime;][\/vc_column][\/vc_row][\/vc_section][vc_section full_width=\u00a0\u00bbstretch_row\u00a0\u00bb el_class=\u00a0\u00bbcta-bar\u00a0\u00bb css=\u00a0\u00bb.vc_custom_1522458207688{padding-top: 0px !important;padding-bottom: 0px !important;}\u00a0\u00bb][vc_row full_width=\u00a0\u00bbstretch_row\u00a0\u00bb css=\u00a0\u00bb.vc_custom_1522458201976{padding-top: 0px !important;padding-bottom: 0px !important;}\u00a0\u00bb][vc_column][\/vc_column][\/vc_row][\/vc_section][vc_section full_width=\u00a0\u00bbstretch_row\u00a0\u00bb][vc_row][vc_column][vc_column_text] Mieux comprendre les habitudes des clients Am\u00e9liorez vos relations clients gr\u00e2ce aux analyses pr\u00e9dictives et apprenez comment [&hellip;]<\/p>\n","protected":false},"author":15,"featured_media":11406,"parent":78197,"menu_order":4,"comment_status":"closed","ping_status":"closed","template":"","meta":{"_acf_changed":false,"footnotes":""},"class_list":["post-78192","page","type-page","status-publish","has-post-thumbnail","hentry"],"acf":[],"_links":{"self":[{"href":"https:\/\/www.genesys.com\/fr-fr\/wp-json\/wp\/v2\/pages\/78192","targetHints":{"allow":["GET"]}}],"collection":[{"href":"https:\/\/www.genesys.com\/fr-fr\/wp-json\/wp\/v2\/pages"}],"about":[{"href":"https:\/\/www.genesys.com\/fr-fr\/wp-json\/wp\/v2\/types\/page"}],"author":[{"embeddable":true,"href":"https:\/\/www.genesys.com\/fr-fr\/wp-json\/wp\/v2\/users\/15"}],"replies":[{"embeddable":true,"href":"https:\/\/www.genesys.com\/fr-fr\/wp-json\/wp\/v2\/comments?post=78192"}],"version-history":[{"count":5,"href":"https:\/\/www.genesys.com\/fr-fr\/wp-json\/wp\/v2\/pages\/78192\/revisions"}],"predecessor-version":[{"id":81541,"href":"https:\/\/www.genesys.com\/fr-fr\/wp-json\/wp\/v2\/pages\/78192\/revisions\/81541"}],"up":[{"embeddable":true,"href":"https:\/\/www.genesys.com\/fr-fr\/wp-json\/wp\/v2\/pages\/78197"}],"wp:featuredmedia":[{"embeddable":true,"href":"https:\/\/www.genesys.com\/fr-fr\/wp-json\/wp\/v2\/media\/11406"}],"wp:attachment":[{"href":"https:\/\/www.genesys.com\/fr-fr\/wp-json\/wp\/v2\/media?parent=78192"}],"curies":[{"name":"wp","href":"https:\/\/api.w.org\/{rel}","templated":true}]}}