{"id":78185,"date":"2018-07-12T21:56:45","date_gmt":"2018-07-12T21:56:45","guid":{"rendered":"https:\/\/www.genesys.com\/?page_id=78185"},"modified":"2023-01-18T03:32:05","modified_gmt":"2023-01-18T11:32:05","slug":"platform","status":"publish","type":"page","link":"https:\/\/www.genesys.com\/fr-fr\/platform","title":{"rendered":"Plateforme"},"content":{"rendered":"<div class=\"wpb-content-wrapper\"><p>[vc_section full_width=\u00a0\u00bbstretch_row\u00a0\u00bb el_class=\u00a0\u00bbsection_header\u00a0\u00bb css=\u00a0\u00bb.vc_custom_1533841032237{background-image: url(https:\/\/www.genesys.com\/media\/7c342731-v4-platform.jpg?id=86383) !important;}\u00a0\u00bb][vc_row equal_height=\u00a0\u00bbyes\u00a0\u00bb content_placement=\u00a0\u00bbmiddle\u00a0\u00bb][vc_column width=\u00a0\u00bb3\/5&Prime;][vc_column_text]<\/p>\n<h1>Plateforme exp\u00e9rience client omnicanal<\/h1>\n<p>[\/vc_column_text][\/vc_column][vc_column width=\u00a0\u00bb2\/5&Prime;][\/vc_column][\/vc_row][\/vc_section][vc_section full_width=\u00a0\u00bbstretch_row\u00a0\u00bb el_class=\u00a0\u00bbcta-bar\u00a0\u00bb css=\u00a0\u00bb.vc_custom_1522458207688{padding-top: 0px !important;padding-bottom: 0px !important;}\u00a0\u00bb][vc_row full_width=\u00a0\u00bbstretch_row\u00a0\u00bb css=\u00a0\u00bb.vc_custom_1522458201976{padding-top: 0px !important;padding-bottom: 0px !important;}\u00a0\u00bb][vc_column][\/vc_column][\/vc_row][\/vc_section][vc_section full_width=\u00a0\u00bbstretch_row\u00a0\u00bb][vc_row][vc_column][vc_column_text]<\/p>\n<h2 style=\"text-align: center;\">Transformez l\u2019exp\u00e9rience client en facteur de diff\u00e9renciation strat\u00e9gique<\/h2>\n<p style=\"text-align: center;\">L\u2019activit\u00e9 cro\u00eet chaque jour de mani\u00e8re plus concurrentielle, et les demandes de vos clients augmentent aussi. D\u00e9passez vos objectifs strat\u00e9giques et les attentes de vos clients gr\u00e2ce \u00e0 la plateforme exp\u00e9rience client Genesys.<\/p>\n<p style=\"text-align: center;\">Une bonne exp\u00e9rience client booste les r\u00e9sultats et entra\u00eene de la fid\u00e9lit\u00e9 envers votre marque. Genesys vous offre les outils n\u00e9cessaires pour g\u00e9rer les parcours clients sur un ou plusieurs canaux. Vous pourrez conna\u00eetre l\u2019identit\u00e9 de la personne qui vous contacte et d\u00e9terminer comment obtenir la meilleure r\u00e9solution possible d\u00e8s le d\u00e9but de l\u2019interaction. De plus, vos \u00e9quipes auront \u00e0 leur disposition les informations et les applications dont elles ont besoin.<\/p>\n<p style=\"text-align: center;\">Les entreprises du monde entier font confiance \u00e0 Genesys pour fournir l\u2019engagement client, l\u2019engagement employ\u00e9 et les capacit\u00e9s d\u2019optimisation n\u00e9cessaires pour lier des relations durables et engendrer des r\u00e9sultats impressionnants.<\/p>\n<p>[\/vc_column_text][\/vc_column][\/vc_row][\/vc_section][vc_section full_width=\u00a0\u00bbstretch_row\u00a0\u00bb el_class=\u00a0\u00bbsection_light-gray\u00a0\u00bb][vc_row][vc_column][vc_column_text]<\/p>\n<h3 style=\"text-align: center;\">D\u00e9couvrez la plateforme\u00a0Genesys\u2026<\/h3>\n<p>[\/vc_column_text]<div class=\"child-pages vc_grid-container-wrapper vc_clearfix grid_type-page-relative wrapper_style_colored-boxes\"><div class=\"vc_grid-container vc_clearfix wpb_content_element vc_basic_grid\"><div class=\"grid vc_grid vc_row vc_grid-gutter-35px vc_pageable-wrapper vc_hook_hover gen_text-center\" data-vc-pageable-content=\"true\"><div class=\"vc_pageable-slide-wrapper vc_clearfix d-flex flex-wrap justify-content-center w-100\" data-vc-grid-content=\"true\"><div class=\"vc_grid-item vc_clearfix style_colored-boxes col-lg-3 vc_grid-item-zone-c-bottom vc_visible-item fadeIn animated itemclass-78186\"><a href=\"https:\/\/www.genesys.com\/fr-fr\/platform\/pureconnect\"><div class=\"overlay\"><h4 class=\"item-title\">Genesys Connect<\/h4><\/div><div class=\"content\"><h4 class=\"item-title\">Genesys Connect<\/h4><p>Accro\u00eetre l&apos;engagement client gr\u00e2ce \u00e0 la plateforme exp\u00e9rience client flexible et tout-en-un Genesys Connect<\/p><div class=\"genesys-button medium  genesys-orange\"><span>En savoir plus<\/span><\/div><\/div><\/a><\/div><div class=\"vc_grid-item vc_clearfix style_colored-boxes col-lg-3 vc_grid-item-zone-c-bottom vc_visible-item fadeIn animated itemclass-97472\"><a href=\"https:\/\/www.genesys.com\/fr-fr\/platform\/purecloud-services-and-support\"><div class=\"overlay\"><h4 class=\"item-title\">Services et support Genesys Cloud<\/h4><\/div><div class=\"content\"><h4 class=\"item-title\">Services et support Genesys Cloud<\/h4><div class=\"genesys-button medium  genesys-orange\"><span>En savoir plus<\/span><\/div><\/div><\/a><\/div><\/div><\/div><\/div><\/div>[\/vc_column][\/vc_row][\/vc_section][vc_section full_width=\u00a0\u00bbstretch_row\u00a0\u00bb][vc_row equal_height=\u00a0\u00bbyes\u00a0\u00bb content_placement=\u00a0\u00bbmiddle\u00a0\u00bb el_class=\u00a0\u00bbmobile-reverse\u00a0\u00bb][vc_column width=\u00a0\u00bb2\/3&Prime;][vc_column_text]<\/p>\n<h3>La plateforme Genesys Genesys Cloud<\/h3>\n<p>Faites entrer votre entreprise dans l\u2019\u00e8re du num\u00e9rique avec la plateforme Genesys Cloud\u2122, une solution logicielle d\u2019engagement client et de gestion des employ\u00e9s unifi\u00e9e, tout-en-un et simple d\u2019utilisation, rapide \u00e0 d\u00e9ployer et con\u00e7ue pour acc\u00e9l\u00e9rer l\u2019innovation. Ses capacit\u00e9s omnicanal homog\u00e8nes et sa fiabilit\u00e9 exceptionnelle vous permettent de vous connecter et d\u2019engager le dialogue avec vos clients, n\u2019importe o\u00f9 et n\u2019importe quand. La plateforme Genesys Cloud offre une adoption en interne incroyablement rapide pour les petites et moyennes entreprises, et vous permet de d\u00e9velopper votre liste de clients importants de fa\u00e7on continue. Gr\u00e2ce \u00e0 ses fonctionnalit\u00e9s impressionnantes et sa v\u00e9ritable architecture cloud prenant en charge les am\u00e9liorations de fa\u00e7on continue, le logiciel Genesys Cloud r\u00e9pond \u00e0 tous vos besoins actuels et futurs, peu importe le chemin que prendra votre entreprise.[\/vc_column_text]<div class=\"btn-container justify-content-start \"><a class=\"btn small btn-primary\" href=\"\/fr-fr\/platform\/purecloud\" target=\"\" style=\"width:auto;\" rel=\"\" >Learn more<\/a><\/div>[\/vc_column][vc_column width=\u00a0\u00bb1\/3&Prime;][vc_single_image image=\u00a0\u00bb382403&Prime; img_size=\u00a0\u00bbfull\u00a0\u00bb css=\u00a0\u00bb.vc_custom_1624868740360{margin-bottom: 2em !important;}\u00a0\u00bb][\/vc_column][\/vc_row][\/vc_section][vc_row][vc_column]<span class=\"g_separator genesys-light-gray\" style=\"height:1px\"><\/span>[\/vc_column][\/vc_row][vc_section full_width=\u00a0\u00bbstretch_row\u00a0\u00bb][vc_row equal_height=\u00a0\u00bbyes\u00a0\u00bb content_placement=\u00a0\u00bbmiddle\u00a0\u00bb][vc_column width=\u00a0\u00bb1\/3&Prime;][vc_single_image image=\u00a0\u00bb12944&Prime; img_size=\u00a0\u00bbfull\u00a0\u00bb css=\u00a0\u00bb.vc_custom_1525984984575{margin-bottom: 2em !important;}\u00a0\u00bb][\/vc_column][vc_column width=\u00a0\u00bb2\/3&Prime;][vc_column_text]<\/p>\n<h3>La plateforme Genesys\u00a0PureConnect<\/h3>\n<p>Vos clients ont des responsabilit\u00e9s, et vous devez vous adapter \u00e0 leur mode de fonctionnement. Disponible \u00e0 la fois sur site et dans le cloud, la plateforme PureConnect\u2122 est la solution de centre de contact omnicanal adapt\u00e9e aux moyennes et grandes entreprises. Gr\u00e2ce \u00e0 sa technologie prouv\u00e9e qui oriente une communication continue sur les canaux digitaux et voix, vous pouvez communiquer avec vos clients via t\u00e9l\u00e9phone, chat, message ou r\u00e9seaux sociaux, le tout depuis une seule application ultra performante. Simple \u00e0 administrer et con\u00e7ue pour s\u2019int\u00e9grer \u00e0 vos syst\u00e8mes existants, cette plateforme est personnalisable selon vos besoins sp\u00e9cifiques\u00a0; vous pouvez m\u00eame d\u00e9verrouiller des fonctionnalit\u00e9s suppl\u00e9mentaires par le biais de licences d\u2019abonnement.[\/vc_column_text]<div class=\"btn-container justify-content-start \"><a class=\"btn small btn-primary\" href=\"\/fr-fr\/platform\/pureconnect\" target=\"\" style=\"width:auto;\" rel=\"\" >Learn more<\/a><\/div>[\/vc_column][\/vc_row][\/vc_section][vc_row][vc_column]<span class=\"g_separator genesys-light-gray\" style=\"height:1px\"><\/span>[\/vc_column][\/vc_row][vc_section full_width=\u00a0\u00bbstretch_row\u00a0\u00bb][vc_row equal_height=\u00a0\u00bbyes\u00a0\u00bb content_placement=\u00a0\u00bbmiddle\u00a0\u00bb el_class=\u00a0\u00bbmobile-reverse\u00a0\u00bb][vc_column width=\u00a0\u00bb2\/3&Prime;][vc_column_text]<\/p>\n<h3>La plateforme Genesys<\/h3>\n<p>Offrez des exp\u00e9riences de qualit\u00e9 sup\u00e9rieure et dirigez des processus de transformation digitale \u00e0 toute \u00e9chelle avec la suite d\u2019engagement client omnicanal Genesys\u2122 con\u00e7ue pour les grandes entreprises. La plateforme Genesys associe des parcours contextuels en temps r\u00e9el, un routage intelligent exceptionnel et un processus de transformation digitale \u00e0 toute \u00e9chelle. Ces capacit\u00e9s transforment votre exp\u00e9rience client en facteur de diff\u00e9renciation concurrentiel. Avec des outils robustes et conviviaux \u00e0 leur disposition, vos \u00e9quipes sont habilit\u00e9es \u00e0 d\u00e9passer les attentes croissantes des clients, pour leur proposer des interactions personnalis\u00e9es et continues. La plateforme Genesys offre une efficacit\u00e9 op\u00e9rationnelle et une exp\u00e9rience client sup\u00e9rieures. Vous disposez d\u2019une grande capacit\u00e9 de personnalisation sur les API ouverts et les normes Web.<\/p>\n<p>[\/vc_column_text]<div class=\"btn-container justify-content-start \"><a class=\"btn small btn-primary\" href=\"\/fr-fr\/platform\/pureengage\" target=\"\" style=\"width:auto;\" rel=\"\" >Learn more<\/a><\/div>[\/vc_column][vc_column width=\u00a0\u00bb1\/3&Prime;][vc_single_image image=\u00a0\u00bb463683&Prime; img_size=\u00a0\u00bbfull\u00a0\u00bb css=\u00a0\u00bb.vc_custom_1674041449397{margin-bottom: 2em !important;}\u00a0\u00bb][\/vc_column][\/vc_row][\/vc_section][vc_section full_width=\u00a0\u00bbstretch_row\u00a0\u00bb css=\u00a0\u00bb.vc_custom_1524350271998{background-color: #f3f3f3 !important;}\u00a0\u00bb][vc_row equal_height=\u00a0\u00bbyes\u00a0\u00bb content_placement=\u00a0\u00bbmiddle\u00a0\u00bb][vc_column width=\u00a0\u00bb1\/2&Prime; el_class=\u00a0\u00bbhide-on-mobile\u00a0\u00bb offset=\u00a0\u00bbvc_hidden-xs\u00a0\u00bb][vc_single_image image=\u00a0\u00bb9168&Prime; alignment=\u00a0\u00bbcenter\u00a0\u00bb img_size=\u00a0\u00bbfull\u00a0\u00bb][\/vc_column][vc_column width=\u00a0\u00bb1\/2&Prime;][vc_column_text]<\/p>\n<h3>Positionnez-vous pour r\u00e9pondre aux besoins des clients \u00e0 mesure qu\u2019ils \u00e9voluent<\/h3>\n<p>Aujourd\u2019hui et demain, comptez sur Genesys pour cr\u00e9er des exp\u00e9riences client de qualit\u00e9. \u00a0Nous poss\u00e9dons les capacit\u00e9s et l\u2019expertise qui caract\u00e9risent la nouvelle g\u00e9n\u00e9ration d\u2019exp\u00e9rience client.<\/p>\n<ul>\n<li>Intelligence artificielle et bots<\/li>\n<li>Int\u00e9gration des solutions\u00a0IoT (Internet of Things) \u00e0 Google, Amazon et Apple\u00a0Business\u00a0Chat<\/li>\n<li>Analyse de ton et de mot cl\u00e9<\/li>\n<li>Routage pr\u00e9dictif bas\u00e9 sur l\u2019apprentissage machine<\/li>\n<li>R\u00e9alit\u00e9 virtuelle et augment\u00e9e, y compris pour l\u2019assistance vid\u00e9o<\/li>\n<li>Stockage et analyse du Big Data pour am\u00e9liorer l\u2019utilisation des donn\u00e9es dans vos propres syst\u00e8mes<\/li>\n<\/ul>\n<p>[\/vc_column_text]<div class=\"btn-container justify-content-start \"><a class=\"btn small btn-primary\" href=\"\/fr-fr\/customer-experience\/innovations\" target=\"\" style=\"width:auto;\" rel=\"\" >Learn more<\/a><\/div>[\/vc_column][\/vc_row][\/vc_section][vc_section full_width=\u00a0\u00bbstretch_row\u00a0\u00bb][vc_row][vc_column][vc_column_text]<\/p>\n<h3 style=\"text-align: center;\">D\u00e9couvrez la plateforme\u00a0Genesys\u2026<\/h3>\n<p>[\/vc_column_text][\/vc_column][\/vc_row][\/vc_section]<\/p>\n<\/div>","protected":false},"excerpt":{"rendered":"<p>[vc_section full_width=\u00a0\u00bbstretch_row\u00a0\u00bb el_class=\u00a0\u00bbsection_header\u00a0\u00bb css=\u00a0\u00bb.vc_custom_1533841032237{background-image: url(https:\/\/www.genesys.com\/media\/7c342731-v4-platform.jpg?id=86383) !important;}\u00a0\u00bb][vc_row equal_height=\u00a0\u00bbyes\u00a0\u00bb content_placement=\u00a0\u00bbmiddle\u00a0\u00bb][vc_column width=\u00a0\u00bb3\/5&Prime;][vc_column_text] Plateforme exp\u00e9rience client omnicanal [\/vc_column_text][\/vc_column][vc_column width=\u00a0\u00bb2\/5&Prime;][\/vc_column][\/vc_row][\/vc_section][vc_section full_width=\u00a0\u00bbstretch_row\u00a0\u00bb el_class=\u00a0\u00bbcta-bar\u00a0\u00bb css=\u00a0\u00bb.vc_custom_1522458207688{padding-top: 0px !important;padding-bottom: 0px !important;}\u00a0\u00bb][vc_row full_width=\u00a0\u00bbstretch_row\u00a0\u00bb css=\u00a0\u00bb.vc_custom_1522458201976{padding-top: 0px !important;padding-bottom: 0px !important;}\u00a0\u00bb][vc_column][\/vc_column][\/vc_row][\/vc_section][vc_section full_width=\u00a0\u00bbstretch_row\u00a0\u00bb][vc_row][vc_column][vc_column_text] Transformez l\u2019exp\u00e9rience client en facteur de diff\u00e9renciation strat\u00e9gique L\u2019activit\u00e9 cro\u00eet chaque jour de mani\u00e8re plus concurrentielle, et les demandes de vos clients augmentent aussi. D\u00e9passez vos [&hellip;]<\/p>\n","protected":false},"author":1,"featured_media":0,"parent":0,"menu_order":3,"comment_status":"closed","ping_status":"closed","template":"","meta":{"_acf_changed":false,"footnotes":""},"class_list":["post-78185","page","type-page","status-publish","hentry"],"acf":[],"_links":{"self":[{"href":"https:\/\/www.genesys.com\/fr-fr\/wp-json\/wp\/v2\/pages\/78185","targetHints":{"allow":["GET"]}}],"collection":[{"href":"https:\/\/www.genesys.com\/fr-fr\/wp-json\/wp\/v2\/pages"}],"about":[{"href":"https:\/\/www.genesys.com\/fr-fr\/wp-json\/wp\/v2\/types\/page"}],"author":[{"embeddable":true,"href":"https:\/\/www.genesys.com\/fr-fr\/wp-json\/wp\/v2\/users\/1"}],"replies":[{"embeddable":true,"href":"https:\/\/www.genesys.com\/fr-fr\/wp-json\/wp\/v2\/comments?post=78185"}],"version-history":[{"count":7,"href":"https:\/\/www.genesys.com\/fr-fr\/wp-json\/wp\/v2\/pages\/78185\/revisions"}],"predecessor-version":[{"id":463685,"href":"https:\/\/www.genesys.com\/fr-fr\/wp-json\/wp\/v2\/pages\/78185\/revisions\/463685"}],"wp:attachment":[{"href":"https:\/\/www.genesys.com\/fr-fr\/wp-json\/wp\/v2\/media?parent=78185"}],"curies":[{"name":"wp","href":"https:\/\/api.w.org\/{rel}","templated":true}]}}