{"id":619987,"date":"2026-03-04T15:02:25","date_gmt":"2026-03-04T23:02:25","guid":{"rendered":"https:\/\/www.genesys.com\/majesticks"},"modified":"2026-03-24T14:26:08","modified_gmt":"2026-03-24T21:26:08","slug":"majesticks","status":"publish","type":"page","link":"https:\/\/www.genesys.com\/fr-fr\/majesticks","title":{"rendered":"Majesticks"},"content":{"rendered":"<div class=\"wpb-content-wrapper\"><p>[vc_section sec_modern_width=\u00a0\u00bbenable\u00a0\u00bb sec_advbg=\u00a0\u00bbhtml5video\u00a0\u00bb content_placement=\u00a0\u00bbbottom\u00a0\u00bb flair=\u00a0\u00bb%5B%7B%22flair_type%22%3A%22f_type_image%22%7D%5D\u00a0\u00bb css=\u00a0\u00bb.vc_custom_1772090757990{margin-bottom: 12px !important;}\u00a0\u00bb el_class=\u00a0\u00bbd-flex flex-column justify-content-end justify-content-md-center bg-top bg-cover\u00a0\u00bb sec_advbg_height=\u00a0\u00bb100vh\u00a0\u00bb sec_advbg_min_height=\u00a0\u00bb308px\u00a0\u00bb sec_advbg_max_height=\u00a0\u00bb630px\u00a0\u00bb el_id=\u00a0\u00bbmajesticks-hero\u00a0\u00bb html5_mp4=\u00a0\u00bb616181&Prime;][vc_row el_class=\u00a0\u00bbmt-5 mt-md-0&Prime;][vc_column background_color=\u00a0\u00bbbgc-glass\u00a0\u00bb width=\u00a0\u00bb5\/12&Prime; el_class=\u00a0\u00bbp-2 p-lg-4 mt-auto mt-md-0&Prime;][vc_column_text css=\u00a0\u00bb\u00a0\u00bb]<\/p>\n<p class=\"eyebrow\">Genesys + Majesticks Golf Club<\/p>\n<h1>La nouvelle fronti\u00e8re de l&rsquo;exp\u00e9rience<\/h1>\n<p class=\"text-22 mb-0\">Genesys et Majesticks Golf Club partagent une ambition commune\u00a0: viser en permanence l\u2019excellence, que ce soit sur les parcours de golf ou au c\u0153ur de l\u2019\u00e9conomie de l\u2019exp\u00e9rience.<\/p>\n<p>[\/vc_column_text][\/vc_column][\/vc_row][\/vc_section][vc_section sec_modern_width=\u00a0\u00bbenable\u00a0\u00bb flair=\u00a0\u00bb%5B%7B%22flair_type%22%3A%22f_type_image%22%2C%22hide_mobile%22%3A%22yes%22%7D%5D\u00a0\u00bb css=\u00a0\u00bb.vc_custom_1772060983749{background: #000000 url(https:\/\/www.genesys.com\/media\/Genesys-Wave-Big-scaled.png?id=616175) !important;background-position: center !important;background-repeat: no-repeat !important;background-size: cover !important;}\u00a0\u00bb][vc_row equal_height=\u00a0\u00bbyes\u00a0\u00bb el_class=\u00a0\u00bbjustify-content-center\u00a0\u00bb][vc_column background_color=\u00a0\u00bbbgc-glass\u00a0\u00bb width=\u00a0\u00bb2\/3&Prime; offset=\u00a0\u00bbvc_col-sm-offset-2&Prime; el_class=\u00a0\u00bbp-2 p-lg-4&Prime;][vc_single_image image=\u00a0\u00bb616167&Prime; alignment=\u00a0\u00bbcenter\u00a0\u00bb css=\u00a0\u00bb\u00a0\u00bb si_max_width=\u00a0\u00bb320px\u00a0\u00bb el_class=\u00a0\u00bbmb-2&Prime;][vc_column_text css=\u00a0\u00bb\u00a0\u00bb]<\/p>\n<h2 style=\"text-align: center;\">Majesticks Golf Club et Genesys<\/h2>\n<p class=\"text-24\" style=\"text-align: center;\">Tout comme Majesticks Golf Club red\u00e9finit l&rsquo;esprit de comp\u00e9tition et l\u2019engagement avec les fans de golf, Genesys permet aux organisations de d\u00e9passer les attentes en cr\u00e9ant des exp\u00e9riences transformatrices qui rapprochent clients et collaborateurs.\u202f En s\u2019associant \u00e0 Majesticks, Genesys s\u2019aligne avec une \u00e9quipe anim\u00e9e par la m\u00eame qu\u00eate d\u2019excellence, o\u00f9 la performance individuelle s\u2019harmonise gr\u00e2ce \u00e0 une orchestration efficace pour atteindre un succ\u00e8s v\u00e9ritablement collectif.\u202f Cette collaboration illustre notre engagement partag\u00e9 envers l\u2019innovation et la performance, incarnant la pr\u00e9cision, la strat\u00e9gie et la synergie indispensables pour r\u00e9ussir sur les parcours comme dans l\u2019exp\u00e9rience client.<\/p>\n<p class=\"text-24\" style=\"text-align: center;\">En mati\u00e8re d&rsquo;exp\u00e9rience client, si vous n&rsquo;\u00e9voluez pas ensemble, vous prenez du retard. Genesys incarne cette volont\u00e9 in\u00e9branlable, en s\u2019appuyant sur une orchestration pilot\u00e9e par l\u2019IA pour aider les \u00e9quipes \u00e0 offrir des exp\u00e9riences personnalis\u00e9es, proactives et parfaitement anticip\u00e9es. En pr\u00e9parant les organisations \u00e0 s&rsquo;adapter en temps r\u00e9el, nous favorisons une croissance durable et une comp\u00e9titivit\u00e9 renforc\u00e9e gr\u00e2ce \u00e0 une innovation continue. Chaque exp\u00e9rience peut ainsi faire la diff\u00e9rence pour votre marque, tout comme chaque putt peut faire la diff\u00e9rence sur les greens.<\/p>\n<p>[\/vc_column_text][\/vc_column][\/vc_row][\/vc_section][vc_section flair=\u00a0\u00bb%5B%7B%22hide_mobile%22%3A%22yes%22%7D%5D\u00a0\u00bb][vc_row content_placement=\u00a0\u00bbmiddle\u00a0\u00bb][vc_column width=\u00a0\u00bb1\/3&Prime;][vc_column_text css=\u00a0\u00bb\u00a0\u00bb]<\/p>\n<h2>Driver l&rsquo;exp\u00e9rience vers des niveaux d&rsquo;excellence in\u00e9dits<\/h2>\n<p>Les athl\u00e8tes et les \u00e9quipes d&rsquo;\u00e9lite se donnent \u00e0 fond et sont sans cesse en qu\u00eate du prochain d\u00e9fi. Le Majesticks Golf Club n&rsquo;\u00e9chappe pas \u00e0 la r\u00e8gle. \u00c0 l&rsquo;image de ses co-capitaines Lee\u00a0Westwood et Ian\u00a0Poulter, l\u2019\u00e9quipe recherche en permanence le prochain niveau d\u2019exp\u00e9rience, ma\u00eetrisant la pr\u00e9cision, la strat\u00e9gie et les synergies indispensables pour gagner sur les parcours du monde entier.[\/vc_column_text][\/vc_column][vc_column width=\u00a0\u00bb7\/12&Prime; offset=\u00a0\u00bbvc_col-sm-offset-1&Prime;]<div class=\"genesys-image align-center play-button\"><a class=\"video-lightbox\" href=\"https:\/\/www.youtube.com\/embed\/JFHK7wC5SzA?si=3cWFqjqUKhtJjy-n\"><img decoding=\"async\" src=\"https:\/\/www.genesys.com\/media\/Majesticks-duo-YouTube-thumbnail.png\" alt=\"Majesticks duo youtube thumbnail\" width=\"1600\" height=\"900\" class=\"rounded-xs\"\/><div class=\"video-backdrop\"><\/div><div class=\"play-btn bgc-white rounded d-flex align-items-center justify-content-center\"><div class=\"play-icon d-flex align-items-center justify-content-center\"><i class=\"fa-kit fa-play\"><\/i><\/div><div class=\"play-label ms-1\"><p class=\"mb-0 play-title\">Play<\/p><\/div><\/div><\/a><\/div>[\/vc_column][\/vc_row][\/vc_section][vc_section flair=\u00a0\u00bb%5B%7B%22flair_type%22%3A%22f_type_image%22%2C%22flair_image%22%3A%22554845%22%2C%22flair_width%22%3A%22100%25%22%2C%22flair_height%22%3A%22100%25%22%2C%22flair_top%22%3A%220%22%2C%22flair_left%22%3A%220%22%7D%5D\u00a0\u00bb][vc_row][vc_column offset=\u00a0\u00bbvc_col-md-offset-1 vc_col-md-10&Prime;][vc_row_inner content_placement=\u00a0\u00bbmiddle\u00a0\u00bb el_class=\u00a0\u00bbform-card bgc-glass\u00a0\u00bb][vc_column_inner width=\u00a0\u00bb5\/12&Prime; offset=\u00a0\u00bbvc_col-xs-6&Prime;][vc_single_image image=\u00a0\u00bb616169&Prime; css=\u00a0\u00bb\u00a0\u00bb][\/vc_column_inner][vc_column_inner width=\u00a0\u00bb7\/12&Prime;][vc_column_text css=\u00a0\u00bb\u00a0\u00bb]<\/p>\n<p class=\"text-24\">\u00ab\u00a0Majesticks Golf Club et Genesys partagent un engagement profond pour une performance de classe mondiale. Offrir des exp\u00e9riences exceptionnelles, c&rsquo;est comme r\u00e9ussir un parcours sans faute\u00a0: les deux sont le fruit d&rsquo;une s\u00e9rie de d\u00e9cisions pr\u00e9cises et intentionnelles. Nous sommes fiers de nous associer \u00e0 Majesticks\u00a0GC pour rapprocher les fans des moments qui comptent vraiment. En combinant la passion de l\u2019\u00e9quipe \u00e0 notre orchestration de l\u2019exp\u00e9rience pilot\u00e9e par\u00a0IA, nous cr\u00e9ons des parcours plus connect\u00e9s et m\u00e9morables, capables de renforcer durablement la fid\u00e9lit\u00e9.\u00a0\u00bb<\/p>\n<p><strong>Tony\u00a0Bates<\/strong><br \/>\nPDG de Genesys[\/vc_column_text][\/vc_column_inner][\/vc_row_inner][\/vc_column][\/vc_row][\/vc_section][vc_section content_placement=\u00a0\u00bbmiddle\u00a0\u00bb disable_element=\u00a0\u00bbyes\u00a0\u00bb flair=\u00a0\u00bb%5B%7B%22flair_type%22%3A%22f_type_image%22%7D%5D\u00a0\u00bb][vc_row content_placement=\u00a0\u00bbmiddle\u00a0\u00bb el_id=\u00a0\u00bbferrari-block\u00a0\u00bb][vc_column]<a class=\"component-cta-block card w-100 h-100 bgc-glass centered cta-text-start  vc_custom_1771450782468\"  style=\"--ob-bg-mobile:url(https:\/\/www.genesys.com\/media\/laver-cup-mobile.png);\"  href=\"\/scuderiaferrari\" target=\"\" rel=\"\"><div class=\"row align-items-center image-stack card-body\"><div class=\"col-content col-md-4\"><div class=\"content-container\"><h2 class=\"h3 text-balance\">La nouvelle fronti\u00e8re de l&rsquo;exp\u00e9rience<\/h2>\n<p>Genesys et Scuderia Ferrari HP partagent les m\u00eames ambitions d&rsquo;innovation, de collaboration et de performance.<\/p>\n<\/div><div class=\" btn-container mt-2\"><div class=\"btn btn-primary\">En savoir plus<\/div><\/div><\/div><\/div><\/a><style type='text\/css'>\r #ferrari-block .component-cta-block .card-body { padding: 1.5rem 3rem; }\r <\/style>[\/vc_column][\/vc_row][\/vc_section][vc_section sec_modern_width=\u00a0\u00bbenable\u00a0\u00bb background_color=\u00a0\u00bbbgc-lgray\u00a0\u00bb flair=\u00a0\u00bb%5B%7B%22flair_type%22%3A%22f_type_image%22%2C%22hide_mobile%22%3A%22yes%22%7D%5D\u00a0\u00bb css=\u00a0\u00bb.vc_custom_1741334671940{background-image: url(https:\/\/www.genesys.com\/media\/Threads-Right-Wave.png?id=549945) !important;}\u00a0\u00bb el_class=\u00a0\u00bbpx-0 py-2 px-md-5 py-md-5&Prime; el_id=\u00a0\u00bbdemo\u00a0\u00bb][vc_row background_color=\u00a0\u00bbbgc-glass\u00a0\u00bb content_placement=\u00a0\u00bbmiddle\u00a0\u00bb el_class=\u00a0\u00bbform-card\u00a0\u00bb][vc_column width=\u00a0\u00bb5\/12&Prime;][vc_column_text css=\u00a0\u00bb\u00a0\u00bb]<\/p>\n<h2>Am\u00e9liorez votre exp\u00e9rience client d\u00e8s aujourd&rsquo;hui<\/h2>\n<p>Faire \u00e9quipe avec Genesys, c&rsquo;est franchir un nouveau cap de l&rsquo;exp\u00e9rience client et collaborateur. Contactez-nous d\u00e8s aujourd&rsquo;hui pour d\u00e9couvrir comment.[\/vc_column_text][\/vc_column][vc_column width=\u00a0\u00bb1\/2&Prime; offset=\u00a0\u00bbvc_col-sm-offset-1&Prime;]<div class=\"eloq_form elq-container gmkto_form_type_hot gmkto_format_vertical\"><form method=\"post\" name=\"MasterLeadIntakeForm\" action=\"https:\/\/s1260946616.t.eloqua.com\/e\/f2\" data-proc=\"inline\" data-ppcount=\"5\" onsubmit=\"return proc_submit(this);\" class=\"beam-form elq-form init no-bg-form yesknown yesprefill yespp strict-check\"  data-target=\".thank-you\" ><div id=\"known_person\" style=\"display:none;\"><p class=\"welcome_user\"><span id=\"welcome_person\">Heureux de vous revoir,<\/span> <span id=\"person_info\"><span class=\"person_first\"><\/span>&nbsp;<span class=\"person_last\"><\/span><\/span><\/p><p class=\"delete_button\"><a class=\"deletemyrecord\">Ce n\u2019est pas vous ?<\/a><\/p><\/div><input value=\"MasterLeadIntakeForm\" type=\"hidden\" name=\"elqFormName\"><input value=\"1260946616\" type=\"hidden\" name=\"elqSiteId\"><input name=\"elqCampaignId\" type=\"hidden\"><input type=\"hidden\" name=\"elqCustomerGUID\" value=\"\"><input type=\"hidden\" name=\"elqCookieWrite\" value=\"0\"><input type=\"hidden\" name=\"client_ip_address\" id=\"fe449\" value=\"\"><div class=\"fields\"><input type=\"hidden\" name=\"CID\" id=\"fe198\" value=\"7010d000001KeaxAAC\"><input type=\"hidden\" name=\"CID_STATUS\" id=\"fe281\" value=\"\"><input type=\"hidden\" name=\"redirect_url\" id=\"fe217\" value=\"\"><input type=\"hidden\" name=\"landing_page_url\" id=\"fe204\" value=\"https:\/\/www.genesys.com\/fr-fr\/wp-json\/wp\/v2\/pages\/619987\"><input type=\"hidden\" name=\"post_type\" id=\"fe448\" value=\"page\"><input type=\"hidden\" name=\"integration\" id=\"fe362\" value=\"\"><input type=\"hidden\" name=\"language_code\" id=\"fe479\" value=\"fr-fr\"><input type=\"hidden\" name=\"full_url\" id=\"fe983\" value=\"https:\/\/www.genesys.com\/fr-fr\/wp-json\/wp\/v2\/pages\/619987\"><input type=\"hidden\" name=\"post_id\" id=\"fe984\" value=\"619987\">\n    <div class=\"form-row row-email el_field form-floating\">\n        <input type=\"email\" class=\"form-control el_field elq-item-input required\" name=\"emailAddress\" id=\"fe192\" value=\"\" aria-label=\"E-mail professionnel\" placeholder=\"E-mail professionnel\">\n        <label for=\"fe192\">E-mail professionnel<span class=\"required-asterisk\">*<\/span><\/label>\n    <\/div>\n    <div class=\"form-row cb_available el_field form-floating\">\n        <input type=\"text\" class=\"form-control el_field elq-item-input cb_available  required\" name=\"firstName\" id=\"fe190\" value=\"\" placeholder=\"Pr\u00e9nom\">\n        <label for=\"fe190\">Pr\u00e9nom<span class=\"required-asterisk\">*<\/span><\/label>\n    <\/div>\n    <div class=\"form-row cb_available el_field form-floating\">\n        <input type=\"text\" class=\"form-control el_field elq-item-input cb_available required\" name=\"lastName\" id=\"fe191\" value=\"\" placeholder=\"Nom\">\n        <label for=\"fe191\">Nom<span class=\"required-asterisk\">*<\/span><\/label>\n    <\/div>\n    <div class=\"form-row form-floating el_field\">\n        <input type=\"tel\" class=\"form-control el_field elq-item-input required pre-exclude\" name=\"busPhone\" id=\"fe215\" value=\"\" placeholder=\"T\u00e9l\u00e9phone\">\n        <label for=\"fe215\">T\u00e9l\u00e9phone<span class=\"required-asterisk\">*<\/span><\/label>\n    <\/div>\n    <div class=\"form-row cb_available eloq_ppe el_field form-floating\">\n        <select class=\"form-select el_field elq-item-select cb_available required eloq_ppe\" id=\"fe219\" name=\"jobLevel1\" data-value=\"\">\n            <option selected=\"\" value=\"\"><\/option><option value=\"C-Level\">Cadre sup\u00e9rieur<\/option><option value=\"VP\">VP<\/option><option value=\"Director\">Directeur<\/option><option value=\"Manager\">Manager<\/option><option value=\"Principal\">Principal<\/option><option value=\"Engineer \/ Architect\">Ing\u00e9nieur\/Architecte<\/option><option value=\"Consultant\">Consultant<\/option><option value=\"Analyst\">Analyste<\/option><option value=\"Partner\">Partenaire<\/option><option value=\"Staff\">Personnel<\/option><option value=\"Unknown\">Autre<\/option>\n        <\/select>\n        <label for=\"fe219\">R\u00f4le<span class=\"required-asterisk\">*<\/span><\/label>\n    <\/div>\n    <div class=\"form-row cb_available eloq_ppe el_field form-floating\">\n        <select class=\"form-select el_field elq-item-select cb_available required eloq_ppe\" id=\"fe218\" name=\"jobFunction1\" data-value=\"\">\n            <option selected=\"\" value=\"\"><\/option>\n            <option value=\"Claims\">R\u00e9clamations<\/option><option value=\"Collections\">Collecte<\/option><option value=\"Contact Center Management\">Gestion du centre de contact<\/option><option value=\"Customer Experience\">Exp\u00e9rience client<\/option><option value=\"Customer Service\">Service client<\/option><option value=\"Ecommerce\/Digital Channels\">E-commerce\/canaux digitaux<\/option><option value=\"Finance\">Finance<\/option><option value=\"Human Resources\">Ressources humaines<\/option><option value=\"Influencer\">Influenceur<\/option><option value=\"Information Technology\">IT<\/option><option value=\"IT Architecture\">IT Architecture<\/option><option value=\"IT Infrastructure\">IT Infrastructure<\/option><option value=\"IVR\">SVI<\/option><option value=\"Marketing\">Marketing<\/option><option value=\"Operations \/ Process Management\">Gestion des op\u00e9rations\/processus<\/option><option value=\"Production Management\">Gestion de la production<\/option><option value=\"Purchasing\">Achats<\/option><option value=\"Sales\">Ventes<\/option><option value=\"Unknown\">Autre<\/option>\n        <\/select>\n        <label for=\"fe218\">D\u00e9partement<span class=\"required-asterisk\">*<\/span><\/label>\n    <\/div>\n    <div class=\"form-row cb_available eloq_ppe el_field form-floating\">\n        <input type=\"text\" class=\"form-control el_field elq-item-input cb_available required eloq_ppe\" name=\"company\" id=\"fe193\" value=\"\" placeholder=\"Nom de la soci\u00e9t\u00e9\">\n        <label for=\"fe193\">Nom de la soci\u00e9t\u00e9<span class=\"required-asterisk\">*<\/span><\/label>\n    <\/div>\n    <div class=\"form-row cb_available eloq_ppe el_field form-floating\">\n        <select class=\"form-select el_field elq-item-select cb_available required eloq_ppe\" id=\"fe194\" name=\"country\" data-value=\"\">\n            <option value=\"\"><\/option>\n            <!-- Add country options here -->\n        <\/select>\n        <label for=\"fe194\">Pays<span class=\"required-asterisk\">*<\/span><\/label>\n    <\/div>\n    <div class=\"form-row cb_available country_dep el_field form-floating\">\n        <select class=\"form-select el_field elq-item-select cb_available required eloq_ppe\" id=\"fe214\" name=\"stateProv\" data-value=\"\">\n            <option selected=\"\" value=\"\"><\/option>\n        <\/select>\n        <label for=\"fe214\">D\u00e9partement\/r\u00e9gion<span class=\"required-asterisk\">*<\/span><\/label>\n    <\/div>\n    <div class=\"form-row cb_available eloq_ppe el_field form-floating\">\n        <input type=\"text\" class=\"form-control el_field elq-item-input cb_available required eloq_ppe\" name=\"website1\" id=\"fe801\" value=\"\" placeholder=\"Your Website\">\n        <label for=\"fe801\">Your Website<span class=\"required-asterisk\">*<\/span><\/label>\n    <\/div>\n    <div class=\"form-row cb_available eloq_ppe el_field form-floating\">\n        <input type=\"text\" class=\"form-control el_field elq-item-input cb_available required eloq_ppe\" name=\"city\" id=\"fe226\" value=\"\" placeholder=\"Ville\">\n        <label for=\"fe226\">Ville<span class=\"required-asterisk\">*<\/span><\/label>\n    <\/div>\n    <div class=\"form-row cb_available eloq_ppe el_field form-floating\">\n        <input type=\"text\" class=\"form-control el_field elq-item-input cb_available required eloq_ppe\" name=\"title\" id=\"fe220\" value=\"\" placeholder=\"Intitul\u00e9 du poste\">\n        <label for=\"fe220\">Intitul\u00e9 du poste<span class=\"required-asterisk\">*<\/span><\/label>\n    <\/div>\n    <div class=\"form-row cb_available eloq_ppe el_field form-floating\">\n        <select class=\"form-select el_field elq-item-select cb_available required eloq_ppe\" id=\"fe221\" name=\"industry1\" data-value=\"\">\n            <option value=\"\" ><\/option>\n            <option value=\"Banking\">Banque<\/option><option value=\"Business Services\">Services commerciaux<\/option><option value=\"Capital Markets\">Capital Markets<\/option><option value=\"Communications\">Communications<\/option><option value=\"Consumer Products\">Consumer Products<\/option><option value=\"Defense & Intelligence\">Defense & Intelligence<\/option><option value=\"Education & Non-Profit\">Education & Non-Profit<\/option><option value=\"Energy & Utilities\">\u00c9nergie et services publics<\/option><option value=\"Entertainment\">Divertissement<\/option><option value=\"Government\">Service public<\/option><option value=\"Insurance\">Assurance<\/option><option value=\"Life Sciences\">Life Sciences<\/option><option value=\"Logistics\">Logistics<\/option><option value=\"Manufacturing\">Manufacturing<\/option><option value=\"Payors\">Payors<\/option><option value=\"Providers\">Providers<\/option><option value=\"Retailers\">Retailers<\/option><option value=\"Technology\">Technologies<\/option><option value=\"Travel & Hospitality\">Travel & Hospitality<\/option><option value=\"Retail Banking\">Retail Banking<\/option><option value=\"Other\">Autre<\/option>\n        <\/select>\n        <label for=\"fe221\">Industrie<span class=\"required-asterisk\">*<\/span><\/label>\n    <\/div>\n    <div class=\"form-row cb_available eloq_ppe el_field form-floating\">\n        <select class=\"form-select el_field elq-item-select cb_available required eloq_ppe\" id=\"fe222\" name=\"levelofInterest1\" data-value=\"\">\n            <option value=\"\"><\/option>\n            <option value=\"Just researching\">Recherches pr\u00e9liminaires<\/option><option value=\"Gathering business requirements\">\u00c9tablissement d\u2019un cahier des charges<\/option><option value=\"Comparing solutions\">Comparaison de solutions<\/option><option value=\"Ready for a conversation\">Pr\u00eat \u00e0 engager une discussion<\/option>\n        <\/select>\n        <label for=\"fe222\">Domaine d\u2019int\u00e9r\u00eat<span class=\"required-asterisk\">*<\/span><\/label>\n    <\/div>\n    <div class=\"form-row cb_available eloq_ppe el_field form-floating\">\n        <select class=\"form-select el_field elq-item-select cb_available required eloq_ppe\" id=\"fe225\" name=\"numberofAgentsForm1\" data-value=\"\">\n            <option value=\"\"><\/option>\n            <option value=\"1-20\">1 \u00e0 20<\/option><option value=\"21-50\">21 \u00e0 50<\/option><option value=\"51-100\">51 \u00e0 100<\/option><option value=\"101-300\">101 \u00e0 300<\/option><option value=\"301-500\">301 \u00e0 500<\/option><option value=\"501-1000\">501 \u00e0 1\u00a0000<\/option><option value=\">1000\">Plus de 1\u00a0000<\/option><option value=\"No Contact Center\">Pas un centre de contact<\/option><option value=\"Don't Know\">Ne sait pas<\/option>\n        <\/select>\n        <label for=\"fe225\">Nombre de postes agents<span class=\"required-asterisk\">*<\/span><\/label>\n    <\/div><div class=\"form-check single-checkbox-row form-row gdpr-field white-box \"><input type=\"checkbox\" class=\"el_field eloq_ppe\" name=\"explicitConsentEmailPhone\" id=\"fe224\" val=\"\"><label class=\"checkbox-aligned elq-item-label\" for=\"fe224\">Oui. Me tenir inform\u00e9 par e-mail ou par t\u00e9l\u00e9phone des informations relatives \u00e0 Genesys.<\/label><\/div><div class=\"single-checkbox-row form-row white-box \"><input type=\"checkbox\" class=\"el_field eloq_ppe\" name=\"contactMe\" id=\"fe509\" val=\"\"><label class=\"checkbox-aligned elq-item-label\" for=\"fe509\">Je souhaite \u00eatre contact\u00e9 par un expert CX<\/label><\/div><input type=\"hidden\" data-query=\"utm_medium\" name=\"utm_medium\" id=\"fe199\" value=\"\"><input type=\"hidden\" data-query=\"utm_source\" name=\"utm_source\" id=\"fe200\" value=\"\"><input type=\"hidden\" data-query=\"utm_campaign\" name=\"utm_campaign\" id=\"fe201\" value=\"\"><input type=\"hidden\" data-query=\"utm_term\" name=\"utm_term\" id=\"fe202\" value=\"\"><input type=\"hidden\" data-query=\"utm_content\" name=\"utm_content\" id=\"fe203\" value=\"\"><input type=\"hidden\" data-query=\"ost_tool\" name=\"ost_tool\" id=\"fe293\" value=\"\"><input type=\"hidden\" data-query=\"ost_campaign\" name=\"ost_campaign\" id=\"fe294\" value=\"\"><input type=\"hidden\" data-query=\"ost_content\" name=\"ost_content\" id=\"fe295\" value=\"\"><input type=\"hidden\" data-query=\"blaid\" name=\"eloquaBLAID_c\" id=\"fe3099\" value=\"\"><input type=\"hidden\" data-query=\"gclid\" name=\"gCLID1\" id=\"fe283\" value=\"\"><input type=\"hidden\" data-query=\"mkwid\" name=\"mKWID1\" id=\"fe678\" value=\"\"><input type=\"hidden\" name=\"gAClientID1\" id=\"fe284\" value=\"\"><input type=\"hidden\" name=\"noteCreatorTitle1\" id=\"fe313\" value=\"\"><input type=\"hidden\" name=\"webContentAutoResponderDefault\" id=\"fe286\" value=\"Hot Lead\"><input type=\"hidden\" name=\"webContentAutoResponderTitle\" id=\"fe287\" value=\"\"><input type=\"hidden\" name=\"webContentAutoResponderURL\" id=\"fe288\" value=\"\"><input type=\"hidden\" name=\"noteCreator2\" id=\"fe478\" value=\"\"><input type=\"hidden\" class=\"yesprefill\" name=\"neverbounceResult1\" id=\"fe640\" value=\"OFF\"><input type=\"hidden\" class=\"yesprefill\" name=\"neverbounceFlags1\" id=\"fe641\" value=\"OFF\"><input type=\"hidden\" class=\"yesprefill\" name=\"neverbounceSuggestedCorrection1\" id=\"fe642\" value=\"6sense\"><input type=\"hidden\" name=\"clearbitPersonID1\" id=\"fe630\" value=\"\"><input type=\"hidden\" name=\"clearbitFieldCount1\" id=\"fe633\" value=\"\"><input type=\"hidden\" name=\"clearbitTitle1\" id=\"fe646\" value=\"\"><input type=\"hidden\" name=\"clearbitRole1\" id=\"fe631\" value=\"\"><input type=\"hidden\" name=\"clearbitNumberofEmployees1\" id=\"fe647\" value=\"\"><input type=\"hidden\" name=\"clearbitNumberofEmployeesRange1\" id=\"fe648\" value=\"\"><input type=\"hidden\" name=\"clearbitWebsite1\" id=\"fe802\" value=\"\"><input type=\"hidden\" name=\"browserUserAgent\" id=\"fe3319\" value=\"\"><input type=\"text\" class=\"honeypp\" name=\"honeypp\" id=\"honeypp\" value=\"\" ><input role=\"button\" aria-label=\"Demander une d\u00e9mo\" type=\"Submit\" class=\"submit-button-style btn btn-primary \" value=\"Demander une d\u00e9mo\" id=\"fe195\"><div class=\"loading\"><\/div><div class=\"gdpr-field form-row white-box legal\"><span>En fournissant vos informations, vous acceptez notre <a href=\"https:\/\/www.genesys.com\/company\/legal\/privacy-policy\" target=\"_blank\">politique de confidentialit\u00e9<\/a><\/span><\/div><\/div><\/form><\/div>[vc_column_text css=\u00a0\u00bb\u00a0\u00bb el_class=\u00a0\u00bbthank-you\u00a0\u00bb]<\/p>\n<p class=\"h4\">Merci de votre int\u00e9r\u00eat.<\/p>\n<p>Nous vous contacterons directement pour d\u00e9finir la date et l&rsquo;heure qui vous conviennent.[\/vc_column_text][\/vc_column][\/vc_row][\/vc_section]<\/p>\n<\/div>","protected":false},"excerpt":{"rendered":"<p>[vc_section sec_modern_width=\u00a0\u00bbenable\u00a0\u00bb sec_advbg=\u00a0\u00bbhtml5video\u00a0\u00bb content_placement=\u00a0\u00bbbottom\u00a0\u00bb flair=\u00a0\u00bb%5B%7B%22flair_type%22%3A%22f_type_image%22%7D%5D\u00a0\u00bb css=\u00a0\u00bb.vc_custom_1772090757990{margin-bottom: 12px !important;}\u00a0\u00bb el_class=\u00a0\u00bbd-flex flex-column justify-content-end justify-content-md-center bg-top bg-cover\u00a0\u00bb sec_advbg_height=\u00a0\u00bb100vh\u00a0\u00bb sec_advbg_min_height=\u00a0\u00bb308px\u00a0\u00bb sec_advbg_max_height=\u00a0\u00bb630px\u00a0\u00bb el_id=\u00a0\u00bbmajesticks-hero\u00a0\u00bb html5_mp4=\u00a0\u00bb616181&Prime;][vc_row el_class=\u00a0\u00bbmt-5 mt-md-0&Prime;][vc_column background_color=\u00a0\u00bbbgc-glass\u00a0\u00bb width=\u00a0\u00bb5\/12&Prime; el_class=\u00a0\u00bbp-2 p-lg-4 mt-auto mt-md-0&Prime;][vc_column_text css=\u00a0\u00bb\u00a0\u00bb] Genesys + Majesticks Golf Club La nouvelle fronti\u00e8re de l&rsquo;exp\u00e9rience Genesys et Majesticks Golf Club partagent une ambition commune\u00a0: viser en permanence l\u2019excellence, que ce soit sur [&hellip;]<\/p>\n","protected":false},"author":1197,"featured_media":0,"parent":0,"menu_order":0,"comment_status":"closed","ping_status":"closed","template":"","meta":{"_acf_changed":false,"footnotes":""},"class_list":["post-619987","page","type-page","status-publish","hentry"],"acf":[],"_links":{"self":[{"href":"https:\/\/www.genesys.com\/fr-fr\/wp-json\/wp\/v2\/pages\/619987","targetHints":{"allow":["GET"]}}],"collection":[{"href":"https:\/\/www.genesys.com\/fr-fr\/wp-json\/wp\/v2\/pages"}],"about":[{"href":"https:\/\/www.genesys.com\/fr-fr\/wp-json\/wp\/v2\/types\/page"}],"author":[{"embeddable":true,"href":"https:\/\/www.genesys.com\/fr-fr\/wp-json\/wp\/v2\/users\/1197"}],"replies":[{"embeddable":true,"href":"https:\/\/www.genesys.com\/fr-fr\/wp-json\/wp\/v2\/comments?post=619987"}],"version-history":[{"count":5,"href":"https:\/\/www.genesys.com\/fr-fr\/wp-json\/wp\/v2\/pages\/619987\/revisions"}],"predecessor-version":[{"id":619992,"href":"https:\/\/www.genesys.com\/fr-fr\/wp-json\/wp\/v2\/pages\/619987\/revisions\/619992"}],"wp:attachment":[{"href":"https:\/\/www.genesys.com\/fr-fr\/wp-json\/wp\/v2\/media?parent=619987"}],"curies":[{"name":"wp","href":"https:\/\/api.w.org\/{rel}","templated":true}]}}