{"id":602365,"date":"2025-11-11T01:10:30","date_gmt":"2025-11-11T09:10:30","guid":{"rendered":"https:\/\/www.genesys.com\/?page_id=602365"},"modified":"2025-11-11T01:14:00","modified_gmt":"2025-11-11T09:14:00","slug":"genesys-charitable-discount-program","status":"publish","type":"page","link":"https:\/\/www.genesys.com\/fr-fr\/genesys-charitable-discount-program","title":{"rendered":"Programme de remise Genesys pour les organisations caritatives"},"content":{"rendered":"<div class=\"wpb-content-wrapper\"><p>[vc_section sec_modern_width=\u00a0\u00bbenable\u00a0\u00bb background_color=\u00a0\u00bbbgc-lgray\u00a0\u00bb flair=\u00a0\u00bb%5B%7B%22flair_type%22%3A%22f_type_image%22%2C%22hide_mobile%22%3A%22yes%22%7D%5D\u00a0\u00bb el_id=\u00a0\u00bbform\u00a0\u00bb css=\u00a0\u00bb.vc_custom_1748643950239{background-image: url(https:\/\/www.genesys.com\/media\/Demo-Call-management-BG.png?id=575082) !important;}\u00a0\u00bb][vc_row background_color=\u00a0\u00bbbgc-glass\u00a0\u00bb equal_height=\u00a0\u00bbyes\u00a0\u00bb content_placement=\u00a0\u00bbmiddle\u00a0\u00bb el_class=\u00a0\u00bbrounded p-2 p-lg-4 mt-md-0&Prime;][vc_column width=\u00a0\u00bb7\/12&Prime;][vc_column_text css=\u00a0\u00bb.vc_custom_1762851217205{padding-top: 7px !important;}\u00a0\u00bb]<\/p>\n<p class=\"text-16\">Le programme de remise Genesys\u00ae pour les organisations caritatives<\/p>\n<h1>Vous aider, pour que vous puissiez aider les autres<\/h1>\n<p>Pour soutenir votre mission, Genesys offre jusqu\u2019\u00e0 50 % de r\u00e9duction sur un choix de solutions. Rien de tel pour orchestrer des exp\u00e9riences plus personnalis\u00e9es de bout en bout !<\/p>\n<p><em class=\"text-12\">*Offre soumise \u00e0 conditions<\/em>[\/vc_column_text][\/vc_column][vc_column width=\u00a0\u00bb5\/12&Prime;]<div class=\"eloq_form elq-container gmkto_form_type_advanced gmkto_format_vertical\"><form method=\"post\" name=\"MasterLeadIntakeForm\" action=\"https:\/\/s1260946616.t.eloqua.com\/e\/f2\" data-proc=\"inline\" data-ppcount=\"5\" onsubmit=\"return proc_submit(this);\" class=\"beam-form elq-form init no-bg-form yesknown yesprefill yespp strict-check\"  data-target=\".thank-you\" ><div id=\"known_person\" style=\"display:none;\"><p class=\"welcome_user\"><span id=\"welcome_person\">Heureux de vous revoir,<\/span> <span id=\"person_info\"><span class=\"person_first\"><\/span>&nbsp;<span class=\"person_last\"><\/span><\/span><\/p><p class=\"delete_button\"><a class=\"deletemyrecord\">Ce n\u2019est pas vous ?<\/a><\/p><\/div><input value=\"MasterLeadIntakeForm\" type=\"hidden\" name=\"elqFormName\"><input value=\"1260946616\" type=\"hidden\" name=\"elqSiteId\"><input name=\"elqCampaignId\" type=\"hidden\"><input type=\"hidden\" name=\"elqCustomerGUID\" value=\"\"><input type=\"hidden\" name=\"elqCookieWrite\" value=\"0\"><input type=\"hidden\" name=\"client_ip_address\" id=\"fe449\" value=\"\"><div class=\"fields\"><input type=\"hidden\" name=\"CID\" id=\"fe198\" value=\"7011T000001YwdlQAC\"><input type=\"hidden\" name=\"CID_STATUS\" id=\"fe281\" value=\"\"><input type=\"hidden\" name=\"redirect_url\" id=\"fe217\" value=\"\"><input type=\"hidden\" name=\"landing_page_url\" id=\"fe204\" value=\"https:\/\/www.genesys.com\/fr-fr\/wp-json\/wp\/v2\/pages\/602365\"><input type=\"hidden\" name=\"post_type\" id=\"fe448\" value=\"page\"><input type=\"hidden\" name=\"integration\" id=\"fe362\" value=\"\"><input type=\"hidden\" name=\"language_code\" id=\"fe479\" value=\"fr-fr\"><input type=\"hidden\" name=\"full_url\" id=\"fe983\" value=\"https:\/\/www.genesys.com\/fr-fr\/wp-json\/wp\/v2\/pages\/602365\"><input type=\"hidden\" name=\"post_id\" id=\"fe984\" value=\"602365\">\n    <div class=\"form-row row-email el_field form-floating\">\n        <input type=\"email\" class=\"form-control el_field elq-item-input required\" name=\"emailAddress\" id=\"fe192\" value=\"\" aria-label=\"E-mail professionnel\" placeholder=\"E-mail professionnel\">\n        <label for=\"fe192\">E-mail professionnel<span class=\"required-asterisk\">*<\/span><\/label>\n    <\/div>\n    <div class=\"form-row cb_available el_field form-floating\">\n        <input type=\"text\" class=\"form-control el_field elq-item-input cb_available  required\" name=\"firstName\" id=\"fe190\" value=\"\" placeholder=\"Pr\u00e9nom\">\n        <label for=\"fe190\">Pr\u00e9nom<span class=\"required-asterisk\">*<\/span><\/label>\n    <\/div>\n    <div class=\"form-row cb_available el_field form-floating\">\n        <input type=\"text\" class=\"form-control el_field elq-item-input cb_available required\" name=\"lastName\" id=\"fe191\" value=\"\" placeholder=\"Nom\">\n        <label for=\"fe191\">Nom<span class=\"required-asterisk\">*<\/span><\/label>\n    <\/div>\n    <div class=\"form-row cb_available eloq_ppe el_field form-floating\">\n        <select class=\"form-select el_field elq-item-select cb_available required eloq_ppe\" id=\"fe219\" name=\"jobLevel1\" data-value=\"\">\n            <option selected=\"\" value=\"\"><\/option><option value=\"C-Level\">Cadre sup\u00e9rieur<\/option><option value=\"VP\">VP<\/option><option value=\"Director\">Directeur<\/option><option value=\"Manager\">Manager<\/option><option value=\"Principal\">Principal<\/option><option value=\"Engineer \/ Architect\">Ing\u00e9nieur\/Architecte<\/option><option value=\"Consultant\">Consultant<\/option><option value=\"Analyst\">Analyste<\/option><option value=\"Partner\">Partenaire<\/option><option value=\"Staff\">Personnel<\/option><option value=\"Unknown\">Autre<\/option>\n        <\/select>\n        <label for=\"fe219\">R\u00f4le<span class=\"required-asterisk\">*<\/span><\/label>\n    <\/div>\n    <div class=\"form-row cb_available eloq_ppe el_field form-floating\">\n        <select class=\"form-select el_field elq-item-select cb_available required eloq_ppe\" id=\"fe218\" name=\"jobFunction1\" data-value=\"\">\n            <option selected=\"\" value=\"\"><\/option>\n            <option value=\"Claims\">R\u00e9clamations<\/option><option value=\"Collections\">Collecte<\/option><option value=\"Contact Center Management\">Gestion du centre de contact<\/option><option value=\"Customer Experience\">Exp\u00e9rience client<\/option><option value=\"Customer Service\">Service client<\/option><option value=\"Ecommerce\/Digital Channels\">E-commerce\/canaux digitaux<\/option><option value=\"Finance\">Finance<\/option><option value=\"Human Resources\">Ressources humaines<\/option><option value=\"Influencer\">Influenceur<\/option><option value=\"Information Technology\">IT<\/option><option value=\"IT Architecture\">IT Architecture<\/option><option value=\"IT Infrastructure\">IT Infrastructure<\/option><option value=\"IVR\">SVI<\/option><option value=\"Marketing\">Marketing<\/option><option value=\"Operations \/ Process Management\">Gestion des op\u00e9rations\/processus<\/option><option value=\"Production Management\">Gestion de la production<\/option><option value=\"Purchasing\">Achats<\/option><option value=\"Sales\">Ventes<\/option><option value=\"Unknown\">Autre<\/option>\n        <\/select>\n        <label for=\"fe218\">D\u00e9partement<span class=\"required-asterisk\">*<\/span><\/label>\n    <\/div>\n    <div class=\"form-row cb_available eloq_ppe el_field form-floating\">\n        <input type=\"text\" class=\"form-control el_field elq-item-input cb_available required eloq_ppe\" name=\"company\" id=\"fe193\" value=\"\" placeholder=\"Nom de la soci\u00e9t\u00e9\">\n        <label for=\"fe193\">Nom de la soci\u00e9t\u00e9<span class=\"required-asterisk\">*<\/span><\/label>\n    <\/div>\n    <div class=\"form-row cb_available eloq_ppe el_field form-floating\">\n        <input type=\"tel\" class=\"form-control el_field elq-item-input cb_available required eloq_ppe\" name=\"busPhone\" id=\"fe215\" value=\"\" placeholder=\"T\u00e9l\u00e9phone\">\n        <label for=\"fe215\">T\u00e9l\u00e9phone<span class=\"required-asterisk\">*<\/span><\/label>\n    <\/div>\n    <div class=\"form-row cb_available eloq_ppe el_field form-floating\">\n        <select class=\"form-select el_field elq-item-select cb_available required eloq_ppe\" id=\"fe194\" name=\"country\" data-value=\"\">\n            <option value=\"\"><\/option>\n            <!-- Add country options here -->\n        <\/select>\n        <label for=\"fe194\">Pays<span class=\"required-asterisk\">*<\/span><\/label>\n    <\/div>\n    <div class=\"form-row cb_available country_dep el_field form-floating\">\n        <select class=\"form-select el_field elq-item-select cb_available required eloq_ppe\" id=\"fe214\" name=\"stateProv\" data-value=\"\">\n            <option selected=\"\" value=\"\"><\/option>\n        <\/select>\n        <label for=\"fe214\">D\u00e9partement\/r\u00e9gion<span class=\"required-asterisk\">*<\/span><\/label>\n    <\/div>\n    <div class=\"form-row cb_available eloq_ppe el_field form-floating\">\n        <input type=\"text\" class=\"form-control el_field elq-item-input cb_available required eloq_ppe\" name=\"website1\" id=\"fe801\" value=\"\" placeholder=\"Your Website\">\n        <label for=\"fe801\">Your Website<span class=\"required-asterisk\">*<\/span><\/label>\n    <\/div><div class=\"form-check single-checkbox-row form-row gdpr-field white-box \"><input type=\"checkbox\" class=\"el_field eloq_ppe\" name=\"explicitConsentEmailPhone\" id=\"fe224\" val=\"\"><label class=\"checkbox-aligned elq-item-label\" for=\"fe224\">Oui. Me tenir inform\u00e9 par e-mail ou par t\u00e9l\u00e9phone des informations relatives \u00e0 Genesys.<\/label><\/div><input type=\"hidden\" data-query=\"utm_medium\" name=\"utm_medium\" id=\"fe199\" value=\"\"><input type=\"hidden\" data-query=\"utm_source\" name=\"utm_source\" id=\"fe200\" value=\"\"><input type=\"hidden\" data-query=\"utm_campaign\" name=\"utm_campaign\" id=\"fe201\" value=\"\"><input type=\"hidden\" data-query=\"utm_term\" name=\"utm_term\" id=\"fe202\" value=\"\"><input type=\"hidden\" data-query=\"utm_content\" name=\"utm_content\" id=\"fe203\" value=\"\"><input type=\"hidden\" data-query=\"ost_tool\" name=\"ost_tool\" id=\"fe293\" value=\"\"><input type=\"hidden\" data-query=\"ost_campaign\" name=\"ost_campaign\" id=\"fe294\" value=\"\"><input type=\"hidden\" data-query=\"ost_content\" name=\"ost_content\" id=\"fe295\" value=\"\"><input type=\"hidden\" data-query=\"blaid\" name=\"eloquaBLAID_c\" id=\"fe3099\" value=\"\"><input type=\"hidden\" data-query=\"gclid\" name=\"gCLID1\" id=\"fe283\" value=\"\"><input type=\"hidden\" data-query=\"mkwid\" name=\"mKWID1\" id=\"fe678\" value=\"\"><input type=\"hidden\" name=\"gAClientID1\" id=\"fe284\" value=\"\"><input type=\"hidden\" name=\"noteCreatorTitle1\" id=\"fe313\" value=\"\"><input type=\"hidden\" name=\"webContentAutoResponderDefault\" id=\"fe286\" value=\"OFF\"><input type=\"hidden\" name=\"webContentAutoResponderTitle\" id=\"fe287\" value=\"\"><input type=\"hidden\" name=\"webContentAutoResponderURL\" id=\"fe288\" value=\"\"><input type=\"hidden\" name=\"noteCreator2\" id=\"fe478\" value=\"\"><input type=\"hidden\" class=\"yesprefill\" name=\"neverbounceResult1\" id=\"fe640\" value=\"OFF\"><input type=\"hidden\" class=\"yesprefill\" name=\"neverbounceFlags1\" id=\"fe641\" value=\"OFF\"><input type=\"hidden\" class=\"yesprefill\" name=\"neverbounceSuggestedCorrection1\" id=\"fe642\" value=\"6sense\"><input type=\"hidden\" name=\"clearbitPersonID1\" id=\"fe630\" value=\"\"><input type=\"hidden\" name=\"clearbitFieldCount1\" id=\"fe633\" value=\"\"><input type=\"hidden\" name=\"clearbitTitle1\" id=\"fe646\" value=\"\"><input type=\"hidden\" name=\"clearbitRole1\" id=\"fe631\" value=\"\"><input type=\"hidden\" name=\"clearbitNumberofEmployees1\" id=\"fe647\" value=\"\"><input type=\"hidden\" name=\"clearbitNumberofEmployeesRange1\" id=\"fe648\" value=\"\"><input type=\"hidden\" name=\"clearbitWebsite1\" id=\"fe802\" value=\"\"><input type=\"hidden\" name=\"browserUserAgent\" id=\"fe3319\" value=\"\"><input type=\"text\" class=\"honeypp\" name=\"honeypp\" id=\"honeypp\" value=\"\" ><input role=\"button\" aria-label=\"Faites des \u00e9conomies d\u00e8s aujourd'hui\" type=\"Submit\" class=\"submit-button-style btn btn-primary \" value=\"Faites des \u00e9conomies d\u00e8s aujourd'hui\" id=\"fe195\"><div class=\"loading\"><\/div><div class=\"gdpr-field form-row white-box legal\"><span>En fournissant vos informations, vous acceptez notre <a href=\"https:\/\/www.genesys.com\/company\/legal\/privacy-policy\" target=\"_blank\">politique de confidentialit\u00e9<\/a><\/span><\/div><\/div><\/form><\/div>[vc_column_text css=\u00a0\u00bb\u00a0\u00bb el_class=\u00a0\u00bbthank-you bgc-white p-2 rounded\u00a0\u00bb]Par avance merci\u00a0!<\/p>\n<p>Merci de votre int\u00e9r\u00eat pour le programme de remise Genesys pour les organisations caritatives.<\/p>\n<p>Chez Genesys, nous nous engageons \u00e0 aider ceux qui aident les autres. Nous \u00e9tudions votre demande et vous recontacterons d\u00e8s que possible pour en savoir plus sur la fa\u00e7on dont nous pouvons vous aider \u00e0 mener \u00e0 bien votre mission.<\/p>\n<p>Cordialement, l&rsquo;\u00e9quipe Genesys[\/vc_column_text][\/vc_column][\/vc_row][\/vc_section][vc_section flair=\u00a0\u00bb%5B%7B%22flair_width%22%3A%22100%25%22%2C%22flair_height%22%3A%22100%25%22%2C%22flair_top%22%3A%220%22%2C%22flair_left%22%3A%220%22%2C%22flair_bgc%22%3A%22%23ffffff%22%2C%22hide_mobile%22%3A%22yes%22%7D%5D\u00a0\u00bb css=\u00a0\u00bb.vc_custom_1678384799357{background-position: center !important;background-repeat: no-repeat !important;background-size: cover !important;}\u00a0\u00bb][vc_row equal_height=\u00a0\u00bbyes\u00a0\u00bb][vc_column width=\u00a0\u00bb1\/2&Prime;][vc_column_text css=\u00a0\u00bb\u00a0\u00bb]<\/p>\n<h2>Faites vraiment la diff\u00e9rence pour la communaut\u00e9 que vous servez.<\/h2>\n<p>Faites-vous une meilleure id\u00e9e des personnes que vous aidez et anticipez leurs besoins pour fournir des services plus utiles et gagner en efficacit\u00e9 sur l\u2019ensemble de vos processus et collaborateurs afin d\u2019 optimiser votre impact.[\/vc_column_text][\/vc_column][vc_column width=\u00a0\u00bb1\/2&Prime;][vc_column_text css=\u00a0\u00bb\u00a0\u00bb]<\/p>\n<h3 class=\"h4\">Guid\u00e9 par nos valeurs<\/h3>\n<p>Chez Genesys, l\u2019empathie est au c\u0153ur de tout. C\u2019est le fondement de notre culture, de notre technologie et de notre activit\u00e9.<\/p>\n<p>Nous savons que les budgets sont serr\u00e9s et que les d\u00e9penses s\u2019accumulent rapidement. C\u2019est pourquoi nous offrons jusqu\u2019\u00e0 50 % de r\u00e9duction aux organisations caritatives \u00e9ligibles sur l&rsquo;achat de :<\/p>\n<ul>\n<li style=\"list-style-type: none;\">\n<ul>\n<li>Licences Genesys Cloud<sup>TM<\/sup><\/li>\n<li>Mise en \u0153uvre des services Jumpstart<\/li>\n<li>Abonnements aux formations et au-del\u00e0<\/li>\n<\/ul>\n<\/li>\n<\/ul>\n<p>Nous nous engageons \u00e0 faire la diff\u00e9rence pour vous afin que vous puissiez faire une plus grande diff\u00e9rence pour les autres.[\/vc_column_text][\/vc_column][\/vc_row][\/vc_section][vc_section sec_modern_width=\u00a0\u00bbenable\u00a0\u00bb background_color=\u00a0\u00bbbgc-lgray\u00a0\u00bb flair=\u00a0\u00bb%5B%7B%22flair_type%22%3A%22f_type_image%22%7D%5D\u00a0\u00bb][vc_row equal_height=\u00a0\u00bbyes\u00a0\u00bb][vc_column width=\u00a0\u00bb7\/12&Prime;][vc_column_text css=\u00a0\u00bb\u00a0\u00bb]<\/p>\n<h3>Rejoignez d\u2019autres organisations caritatives en partenariat avec Genesys<\/h3>\n<p>Genesys offre aux organisations caritatives la possibilit\u00e9 de fournir des exp\u00e9riences proactives, pr\u00e9dictives et personnalis\u00e9es pour am\u00e9liorer la productivit\u00e9 et renforcer l\u2019engagement des collaborateurs.[\/vc_column_text][\/vc_column][vc_column width=\u00a0\u00bb5\/12&Prime;]<div class=\"btn-container justify-content-lg-end justify-content-center\"><a role=\"button\"  class=\"btn btn-secondary\" href=\"\/fr-fr\/customer-stories\" target=\"\" rel=\"\">Voir toutes les histoires<\/a><\/div>[\/vc_column][\/vc_row][vc_row container_class=\u00a0\u00bbmt-0&Prime;][vc_column]<div class=\"component-customer-carousel default-layout single-customer\" data-current-active=\"0\" data-layout=\"default\" data-count=\"1\"><div class=\"carousel-main-row\"><div class=\"carousel-content-col\"><div class=\"customer-content active\" data-href=\"428433\" data-index=\"0\"><a class=\"content-row w-100 bgc-glass\" tabindex=\"-1\" href=\"https:\/\/www.genesys.com\/customer-stories\/national-domestic-violence-hotline\"><div class=\"customer-image-col\"><img decoding=\"async\" class=\"header-image\" alt=\"Customer story still image national domestic violence hotline\" src=\"https:\/\/www.genesys.com\/media\/customer_story-still_image-National_Domestic-Violence_Hotline.jpg\" width=\"1216\" height=\"684\"><\/div><div class=\"customer-quote-col\"><img decoding=\"async\" class=\"company-logo\" alt=\"Ndvh 100x100\" src=\"https:\/\/www.genesys.com\/media\/NDVH_100x100.png\"  width=\"100\" height=\"100\"><p class=\"quote-content mb-2 quote-size-lg\">\u00abGenesys Cloud offrait la meilleure interface, la tarification la plus transparente et les meilleures options d\u2019int\u00e9gration. Le dernier point \u00e9tait essentiel car nous voulions \u00e9viter les probl\u00e8mes li\u00e9s \u00e0 la gestion des solutions compl\u00e9mentaires.\u00bb<\/p><p class=\"customer-name text-18 font-weight-bold mb-0\">Marty Hand<\/p><p class=\"customer-title\">CTO, The Hotline<\/p><div class=\"btn-container\"><div class=\"btn btn-secondary small\">Lire le t\u00e9moignage<\/div><\/div><\/div><\/a><\/div><\/div><\/div><\/div>[\/vc_column][\/vc_row][\/vc_section][vc_section flair=\u00a0\u00bb%5B%5D\u00a0\u00bb][vc_row][vc_column width=\u00a0\u00bb1\/2&Prime;][vc_column_text css=\u00a0\u00bb.vc_custom_1762495734439{padding-bottom: 20px !important;}\u00a0\u00bb]<\/p>\n<h3>Cr\u00e9er un nouveau monde d\u2019efficacit\u00e9 et d\u2019empathie<\/h3>\n<p>[\/vc_column_text][\/vc_column][\/vc_row][vc_row equal_height=\u00a0\u00bbyes\u00a0\u00bb css=\u00a0\u00bb.vc_custom_1682022752839{padding-top: -10px !important;padding-bottom: -10px !important;}\u00a0\u00bb][vc_column v_align=\u00a0\u00bbmiddle\u00a0\u00bb width=\u00a0\u00bb1\/2&Prime;]<a class=\"component card w-100 bgc-lgray vertical text-start nomedia   \" href=\"\/fr-fr\/genesys-cloud\" target=\"\" rel=\"\" ><div class=\"card-body\"><h4 class=\"h5\">Genesys Cloud<\/h4>\n<p>Transformez votre organisation avec la plateforme d\u2019exp\u00e9rience client Genesys. Orchestrez chaque \u00e9tape de chaque exp\u00e9rience, gagnez en efficacit\u00e9 sur l\u2019ensemble de vos technologies, de vos collaborateurs et de vos processus, et cr\u00e9ez de meilleures relations avec la communaut\u00e9 et les personnes que vous aidez.<\/p>\n<\/div><div class=\"card-footer text-end\"><div class=\"btn-container \"><div class=\"small mt-0 btn btn-secondary \" href=\"#\" target=\"\" rel=\"\">En savoir plus<\/div><\/div><\/div><\/a>[\/vc_column][vc_column width=\u00a0\u00bb1\/2&Prime;]<a class=\"component card w-100 bgc-lgray vertical text-start nomedia   \" href=\"#\" target=\"\" rel=\"\" ><div class=\"card-body\"><h4 class=\"h5\">Profitez de votre remise<\/h4>\n<p>Profitez de notre tarif r\u00e9duit pour votre organisation caritative. Contactez-nous d\u00e8s aujourd\u2019hui pour en savoir plus.<\/p>\n<\/div><div class=\"card-footer text-end\"><div class=\"btn-container \"><div class=\"small mt-0 chevron arrow arrow-primary \" href=\"#\" target=\"\" rel=\"\">Discutons ensemble<\/div><\/div><\/div><\/a>[\/vc_column][\/vc_row][vc_row][vc_column][vc_column_text css=\u00a0\u00bb\u00a0\u00bb]<\/p>\n<p class=\"text-mid-gray text-12\"><strong class=\"text-14\">Conditions g\u00e9n\u00e9rales<\/strong><\/p>\n<p class=\"text-mid-gray text-12\">Les organisations caritatives doivent r\u00e9pondre aux crit\u00e8res suivants\u00a0:<\/p>\n<ul>\n<li class=\"text-mid-gray text-12\">L\u2019organisation caritative doit \u00eatre reconnue au niveau f\u00e9d\u00e9ral\n<ul>\n<li class=\"text-mid-gray text-12\">Aux \u00c9tats-Unis, l\u2019organisation doit \u00eatre une organisation IRS 501(c)(3) et fournir son formulaire\u00a0990<\/li>\n<li class=\"text-mid-gray text-12\">Au Canada, l\u2019organisation doit \u00eatre une organisation caritative enregistr\u00e9e et fournir son formulaire\u00a0T3010<\/li>\n<li class=\"text-mid-gray text-12\">Dans tous les autres pays, l\u2019organisation doit fournir une preuve de reconnaissance officielle de son statut caritatif<\/li>\n<\/ul>\n<\/li>\n<li class=\"text-mid-gray text-12\">L\u2019organisation ne doit pas op\u00e9rer dans le secteur public, de l\u2019\u00e9ducation ou de la sant\u00e9<\/li>\n<li class=\"text-mid-gray text-12\">Le budget de fonctionnement doit \u00eatre inf\u00e9rieur \u00e0 100\u00a0millions de dollars am\u00e9ricains<\/li>\n<li class=\"text-mid-gray text-12\">Les organisations caritatives religieuses doivent apporter leur aide sans faire de distinction entre les croyances religieuses des b\u00e9n\u00e9ficiaires<\/li>\n<\/ul>\n<p>[\/vc_column_text][\/vc_column][\/vc_row][\/vc_section]<\/p>\n<\/div>","protected":false},"excerpt":{"rendered":"<p>[vc_section sec_modern_width=\u00a0\u00bbenable\u00a0\u00bb background_color=\u00a0\u00bbbgc-lgray\u00a0\u00bb flair=\u00a0\u00bb%5B%7B%22flair_type%22%3A%22f_type_image%22%2C%22hide_mobile%22%3A%22yes%22%7D%5D\u00a0\u00bb el_id=\u00a0\u00bbform\u00a0\u00bb css=\u00a0\u00bb.vc_custom_1748643950239{background-image: url(https:\/\/www.genesys.com\/media\/Demo-Call-management-BG.png?id=575082) !important;}\u00a0\u00bb][vc_row background_color=\u00a0\u00bbbgc-glass\u00a0\u00bb equal_height=\u00a0\u00bbyes\u00a0\u00bb content_placement=\u00a0\u00bbmiddle\u00a0\u00bb el_class=\u00a0\u00bbrounded p-2 p-lg-4 mt-md-0&Prime;][vc_column width=\u00a0\u00bb7\/12&Prime;][vc_column_text css=\u00a0\u00bb.vc_custom_1762851217205{padding-top: 7px !important;}\u00a0\u00bb] Le programme de remise Genesys\u00ae pour les organisations caritatives Vous aider, pour que vous puissiez aider les autres Pour soutenir votre mission, Genesys offre jusqu\u2019\u00e0 50 % de r\u00e9duction sur un choix de solutions. Rien de [&hellip;]<\/p>\n","protected":false},"author":1197,"featured_media":0,"parent":0,"menu_order":0,"comment_status":"closed","ping_status":"closed","template":"","meta":{"_acf_changed":false,"footnotes":""},"class_list":["post-602365","page","type-page","status-publish","hentry"],"acf":[],"_links":{"self":[{"href":"https:\/\/www.genesys.com\/fr-fr\/wp-json\/wp\/v2\/pages\/602365","targetHints":{"allow":["GET"]}}],"collection":[{"href":"https:\/\/www.genesys.com\/fr-fr\/wp-json\/wp\/v2\/pages"}],"about":[{"href":"https:\/\/www.genesys.com\/fr-fr\/wp-json\/wp\/v2\/types\/page"}],"author":[{"embeddable":true,"href":"https:\/\/www.genesys.com\/fr-fr\/wp-json\/wp\/v2\/users\/1197"}],"replies":[{"embeddable":true,"href":"https:\/\/www.genesys.com\/fr-fr\/wp-json\/wp\/v2\/comments?post=602365"}],"version-history":[{"count":6,"href":"https:\/\/www.genesys.com\/fr-fr\/wp-json\/wp\/v2\/pages\/602365\/revisions"}],"predecessor-version":[{"id":602873,"href":"https:\/\/www.genesys.com\/fr-fr\/wp-json\/wp\/v2\/pages\/602365\/revisions\/602873"}],"wp:attachment":[{"href":"https:\/\/www.genesys.com\/fr-fr\/wp-json\/wp\/v2\/media?parent=602365"}],"curies":[{"name":"wp","href":"https:\/\/api.w.org\/{rel}","templated":true}]}}