{"id":577292,"date":"2025-06-17T00:12:43","date_gmt":"2025-06-17T07:12:43","guid":{"rendered":"https:\/\/www.genesys.com\/level-up"},"modified":"2025-06-23T13:41:41","modified_gmt":"2025-06-23T20:41:41","slug":"level-up","status":"publish","type":"page","link":"https:\/\/www.genesys.com\/fr-fr\/customer-success\/level-up","title":{"rendered":"Level\u00a0Up"},"content":{"rendered":"<div class=\"wpb-content-wrapper\"><p>[vc_section background_color=\u00a0\u00bbbgc-lgray\u00a0\u00bb flair=\u00a0\u00bb%5B%7B%22flair_type%22%3A%22f_type_image%22%2C%22hide_mobile%22%3A%22yes%22%7D%5D\u00a0\u00bb][vc_row equal_height=\u00a0\u00bbyes\u00a0\u00bb content_placement=\u00a0\u00bbmiddle\u00a0\u00bb][vc_column width=\u00a0\u00bb1\/2&Prime; offset=\u00a0\u00bbvc_col-md-5&Prime;][vc_column_text css=\u00a0\u00bb\u00a0\u00bb]<\/p>\n<h1>Perfectionnez votre expertise Genesys Cloud<\/h1>\n<p class=\"text-22\">D\u00e9veloppez vos connaissances de la plateforme gr\u00e2ce \u00e0 une s\u00e9lection de cours sp\u00e9cialement con\u00e7us pour vous aider \u00e0 ma\u00eetriser Genesys Cloud \u00e0 la perfection<\/p>\n<p>[\/vc_column_text][\/vc_column][vc_column width=\u00a0\u00bb1\/2&Prime; offset=\u00a0\u00bbvc_col-md-offset-1 vc_col-md-6&Prime;][vc_single_image image=\u00a0\u00bb571353&Prime; css=\u00a0\u00bb\u00a0\u00bb rounded_corners=\u00a0\u00bbrounded\u00a0\u00bb][\/vc_column][\/vc_row][\/vc_section][vc_section][vc_row][vc_column offset=\u00a0\u00bbvc_col-md-5&Prime;][vc_column_text css=\u00a0\u00bb\u00a0\u00bb]<\/p>\n<h2>Choisissez votre parcours th\u00e9matique<\/h2>\n<p>La s\u00e9rie Genesys\u00a0Cloud\u00a0Level\u00a0Up propose des parcours th\u00e9matiques pour vous aider \u00e0 ma\u00eetriser la plateforme Genesys\u00a0Cloud\u2122. Chaque parcours est anim\u00e9 par des experts Genesys qui vous aideront \u00e0 acqu\u00e9rir les comp\u00e9tences n\u00e9cessaires pour faire de notre plateforme compl\u00e8te d\u2019exp\u00e9rience client le levier de votre future croissance.[\/vc_column_text][\/vc_column][\/vc_row][vc_row][vc_column width=\u00a0\u00bb1\/3&Prime;]<a class=\"component card w-100 bgc-lgray vertical text-start thumbnail  chevron-only  \" href=\"\/fr-fr\/campaign\/level-up-series-featuring-ai\" target=\"\" rel=\"\" ><div class=\"thumbnail-col   thumbnail\"><img decoding=\"async\" width=\"820\" height=\"464\" class=\"card-img-top thumbnail\" src=\"https:\/\/www.genesys.com\/media\/Resource-thumbnail_video_Webinar_820x464.jpg\" alt=\"Resource thumbnail_video_Webinar_820x464\" ><\/div><div class=\"card-body\"><p class=\"text-22\">Am\u00e9liorez l&rsquo;exp\u00e9rience de vos clients et de vos collaborateurs gr\u00e2ce \u00e0 l&rsquo;IA<\/p>\n<\/div><div class=\"card-footer text-end\"><div class=\"btn-container justify-content-end\"><div class=\"small mt-0 chevron btn btn-secondary  only\"><\/div><\/div><\/div><\/a>[\/vc_column][vc_column width=\u00a0\u00bb1\/3&Prime;]<a class=\"component card w-100 bgc-lgray vertical text-start thumbnail  chevron-only  \" href=\"\/fr-fr\/campaign\/genesys-level-up-series-featuring-cgjm\" target=\"\" rel=\"\" ><div class=\"thumbnail-col   thumbnail\"><img decoding=\"async\" width=\"820\" height=\"464\" class=\"card-img-top thumbnail\" src=\"https:\/\/www.genesys.com\/media\/Resource-thumbnail_820x464.jpg\" alt=\"Resource thumbnail_820x464\" ><\/div><div class=\"card-body\"><p class=\"text-22\">Exploitez des insights bas\u00e9s sur les donn\u00e9es gr\u00e2ce \u00e0 la gestion des parcours<\/p>\n<\/div><div class=\"card-footer text-end\"><div class=\"btn-container justify-content-end\"><div class=\"small mt-0 chevron btn btn-secondary  only\"><\/div><\/div><\/div><\/a>[\/vc_column][vc_column width=\u00a0\u00bb1\/3&Prime;]<a class=\"component card w-100 bgc-lgray vertical text-start thumbnail  chevron-only  \" href=\"\/fr-fr\/campaign\/genesys-level-up-series\" target=\"\" rel=\"\" ><div class=\"thumbnail-col   thumbnail\"><img decoding=\"async\" width=\"820\" height=\"464\" class=\"card-img-top thumbnail\" src=\"https:\/\/www.genesys.com\/media\/Resource-thumbnail_video_Course_820x464.jpg\" alt=\"Resource thumbnail_video_Course_820x464\" ><\/div><div class=\"card-body\"><p class=\"text-22\">Renforcez les capacit\u00e9s de votre \u00e9quipe gr\u00e2ce au Workforce Engagement Management (WEM)<\/p>\n<\/div><div class=\"card-footer text-end\"><div class=\"btn-container justify-content-end\"><div class=\"small mt-0 chevron btn btn-secondary  only\"><\/div><\/div><\/div><\/a>[\/vc_column][\/vc_row][\/vc_section][vc_section background_color=\u00a0\u00bbbgc-lgray\u00a0\u00bb flair=\u00a0\u00bb%5B%7B%22flair_type%22%3A%22f_type_image%22%2C%22hide_mobile%22%3A%22yes%22%7D%5D\u00a0\u00bb css=\u00a0\u00bb.vc_custom_1746138004788{background-position: center !important;background-repeat: no-repeat !important;background-size: cover !important;}\u00a0\u00bb el_class=\u00a0\u00bbsky-high\u00a0\u00bb][vc_row][vc_column offset=\u00a0\u00bbvc_col-md-6&Prime;][vc_column_text css=\u00a0\u00bb\u00a0\u00bb]<\/p>\n<h2 class=\"text-balance\">D\u00e9couvrez les retours d&rsquo;exp\u00e9rience de nos clients<\/h2>\n<p>[\/vc_column_text][\/vc_column][vc_column offset=\u00a0\u00bbvc_col-md-6&Prime;]<div class=\"btn-container justify-content-lg-end justify-content-end\"><a role=\"button\"  class=\"btn chevron btn-secondary\" href=\"\/fr-fr\/customer-stories\" target=\"\" rel=\"\">D\u00e9couvrez tous les t\u00e9moignages<\/a><\/div>[\/vc_column][vc_column offset=\u00a0\u00bbvc_col-md-offset-1 vc_col-md-10&Prime;]<div class=\"component-customer-carousel default-layout single-customer\" data-current-active=\"0\" data-layout=\"default\" data-count=\"1\"><div class=\"carousel-main-row\"><div class=\"carousel-content-col\"><div class=\"customer-content active\" data-href=\"497588\" data-index=\"0\"><a class=\"content-row w-100 bgc-glass\" tabindex=\"-1\" href=\"\/customer-stories\/adapthealth \"><div class=\"customer-image-col\"><img decoding=\"async\" class=\"header-image\" alt=\"Attentive pensioner looking at screen of tablet\" src=\"https:\/\/www.genesys.com\/media\/AdaptHealth_hero.jpg\" width=\"626\" height=\"352\"><\/div><div class=\"customer-quote-col\"><img decoding=\"async\" class=\"company-logo\" alt=\"Adapthealthx250\" src=\"https:\/\/www.genesys.com\/media\/AdaptHealthx250.png\"  width=\"250\" height=\"37\"><p class=\"quote-content mb-2 quote-size-sm\">\u00abLa plateforme Genesys Cloud est si intuitive qu\u2019en formant nos collaborateurs l\u2019apr\u00e8s-midi, nous sommes op\u00e9rationnels d\u00e8s le lendemain. Une semaine plus tard, nous int\u00e9grons le WEM de Genesys et nos niveaux de service augmentent instantan\u00e9ment, tandis que le temps de traitement moyen et le taux d\u2019abandon d\u00e9clinent \u00e0 vue d\u2019\u0153il. Jusqu\u2019ici, cela a \u00e9t\u00e9 le cas pour tous nos d\u00e9ploiements.\u00bb<\/p><p class=\"customer-name text-18 font-weight-bold mb-0\">Bill Lewis<\/p><p class=\"customer-title\">Senior Director, Infrastructure and Security Engineering, AdaptHealth<\/p><div class=\"btn-container\"><div class=\"btn btn-secondary small\">Lire le t\u00e9moignage<\/div><\/div><\/div><\/a><\/div><\/div><\/div><\/div>[\/vc_column][\/vc_row][\/vc_section][vc_section][vc_row][vc_column offset=\u00a0\u00bbvc_col-md-6&Prime;][vc_column_text css=\u00a0\u00bb\u00a0\u00bb]<\/p>\n<h2>Explorez les principales tendances et les bonnes pratiques CX<\/h2>\n<p>[\/vc_column_text][\/vc_column][\/vc_row][vc_row][vc_column]<div class=\"related-posts-container next-steps-module w-100\"><div class=\"inner-container scrollable-row-container\"><div class=\"row align-items-stretch gutter-small col-count-2 scrollable-row\"><div class=\"col-md-6 horizontal-cards grid-item card-col item-image grid_type-resources\"><a class=\"card w-100 h-100 bgc-lgray component horizontal text-start thumbnail chevron-only\" href=\"https:\/\/www.genesys.com\/fr-fr\/resources\/top-cx-trends\"><div class=\"row align-items-center\"><div class=\"col-12 col-md-5 col-lg-6\"><div class=\"thumbnail-col thubmnail\"><img decoding=\"async\" src=\"https:\/\/www.genesys.com\/media\/cx-trends-22-featured-300x170-1.jpeg\" height=\"170\" width=\"300\" alt=\"Cx trends 22 featured 300&#215;170\"><\/div><\/div><div class=\"col-12 col-md-7 col-lg-6\"><div class=\"card-body text-col ps-0\"><p class=\"assettag\">Interactif<\/p><h3 class=\"item-title h6\">Exp\u00e9rience client : principales tendances pour 2025 et au-del\u00e0<\/h3><\/div><div class=\"card-footer text-end ps-0\"><div class=\"justify-content-end btn-container\"><div class=\"btn chevron small only btn-secondary\"><\/div><\/div><\/div><\/div><\/div><\/a><\/div><div class=\"col-md-6 horizontal-cards grid-item card-col item-image grid_type-blog\"><a class=\"card w-100 h-100 bgc-lgray component horizontal text-start thumbnail chevron-only\" href=\"https:\/\/www.genesys.com\/fr-fr\/blog\/post\/practical-ai-use-cases-to-drive-customer-experience-success\"><div class=\"row align-items-center\"><div class=\"col-12 col-md-5 col-lg-6\"><div class=\"thumbnail-col thubmnail\"><img decoding=\"async\" src=\"https:\/\/www.genesys.com\/media\/AdobeStock_1083745441-scaled-e1734454435488.jpeg\" height=\"547\" width=\"1037\" alt=\"Ai, cx, customer experience, conversational ai, customer service, ai use cases\"><\/div><\/div><div class=\"col-12 col-md-7 col-lg-6\"><div class=\"card-body text-col ps-0\"><p class=\"assettag\">Blog<\/p><h3 class=\"item-title h6\">IA : les cas d\u2019usage pratiques qui optimisent l\u2019exp\u00e9rience client<\/h3><\/div><div class=\"card-footer text-end ps-0\"><div class=\"justify-content-end btn-container\"><div class=\"btn chevron small only btn-secondary\"><\/div><\/div><\/div><\/div><\/div><\/a><\/div><\/div><\/div><\/div>[\/vc_column][\/vc_row][\/vc_section][vc_section background_color=\u00a0\u00bbbgc-white\u00a0\u00bb flair=\u00a0\u00bb%5B%7B%22flair_type%22%3A%22f_type_image%22%2C%22hide_mobile%22%3A%22yes%22%7D%5D\u00a0\u00bb][vc_row el_class=\u00a0\u00bbforced-modern\u00a0\u00bb][vc_column]<a class=\"component-cta-block card w-100 h-100 bgc-glass centered cta-text-start  vc_custom_1750416947998\" role=\"button\" data-bs-toggle=\"modal\" aria-haspopup=\"true\" data-target=\"#getStartedBox\"  style=\"--ob-bg-mobile:url();\"  href=\"#getStartedBox\" target=\"\" rel=\"\"><div class=\"row align-items-center image-stack card-body\"><div class=\"col-content col-md-4\"><div class=\"content-container\"><h2 class=\"h3 text-balance\">Transformez votre centre de contact d\u00e8s aujourd&rsquo;hui<\/h2>\n<p>Nos experts sont l\u00e0 pour vous aider \u00e0 renforcer vos comp\u00e9tences actuelles sur la plateforme Genesys\u00a0Cloud. D\u00e9couvrez comment augmenter votre productivit\u00e9, rationaliser vos op\u00e9rations et am\u00e9liorer la satisfaction de vos clients et de vos collaborateurs. Avec Genesys, vous adaptez les solutions \u00e0 vos besoins et exploitez toute la puissance de votre plateforme.<\/p>\n<\/div><div class=\" btn-container mt-2\"><div class=\"btn btn-primary\">Dialoguer avec un expert<\/div><\/div><\/div><\/div><\/a><style type='text\/css'>\r .forced-modern .component-cta-block .card-body { padding: 1rem 2.5rem; }\r <\/style>[\/vc_column][\/vc_row][\/vc_section]<\/p>\n<\/div>","protected":false},"excerpt":{"rendered":"<p>[vc_section background_color=\u00a0\u00bbbgc-lgray\u00a0\u00bb flair=\u00a0\u00bb%5B%7B%22flair_type%22%3A%22f_type_image%22%2C%22hide_mobile%22%3A%22yes%22%7D%5D\u00a0\u00bb][vc_row equal_height=\u00a0\u00bbyes\u00a0\u00bb content_placement=\u00a0\u00bbmiddle\u00a0\u00bb][vc_column width=\u00a0\u00bb1\/2&Prime; offset=\u00a0\u00bbvc_col-md-5&Prime;][vc_column_text css=\u00a0\u00bb\u00a0\u00bb] Perfectionnez votre expertise Genesys Cloud D\u00e9veloppez vos connaissances de la plateforme gr\u00e2ce \u00e0 une s\u00e9lection de cours sp\u00e9cialement con\u00e7us pour vous aider \u00e0 ma\u00eetriser Genesys Cloud \u00e0 la perfection [\/vc_column_text][\/vc_column][vc_column width=\u00a0\u00bb1\/2&Prime; offset=\u00a0\u00bbvc_col-md-offset-1 vc_col-md-6&Prime;][vc_single_image image=\u00a0\u00bb571353&Prime; css=\u00a0\u00bb\u00a0\u00bb rounded_corners=\u00a0\u00bbrounded\u00a0\u00bb][\/vc_column][\/vc_row][\/vc_section][vc_section][vc_row][vc_column offset=\u00a0\u00bbvc_col-md-5&Prime;][vc_column_text css=\u00a0\u00bb\u00a0\u00bb] Choisissez votre parcours th\u00e9matique La s\u00e9rie Genesys\u00a0Cloud\u00a0Level\u00a0Up propose des [&hellip;]<\/p>\n","protected":false},"author":9,"featured_media":0,"parent":78762,"menu_order":0,"comment_status":"closed","ping_status":"closed","template":"","meta":{"_acf_changed":false,"footnotes":""},"class_list":["post-577292","page","type-page","status-publish","hentry"],"acf":[],"_links":{"self":[{"href":"https:\/\/www.genesys.com\/fr-fr\/wp-json\/wp\/v2\/pages\/577292","targetHints":{"allow":["GET"]}}],"collection":[{"href":"https:\/\/www.genesys.com\/fr-fr\/wp-json\/wp\/v2\/pages"}],"about":[{"href":"https:\/\/www.genesys.com\/fr-fr\/wp-json\/wp\/v2\/types\/page"}],"author":[{"embeddable":true,"href":"https:\/\/www.genesys.com\/fr-fr\/wp-json\/wp\/v2\/users\/9"}],"replies":[{"embeddable":true,"href":"https:\/\/www.genesys.com\/fr-fr\/wp-json\/wp\/v2\/comments?post=577292"}],"version-history":[{"count":6,"href":"https:\/\/www.genesys.com\/fr-fr\/wp-json\/wp\/v2\/pages\/577292\/revisions"}],"predecessor-version":[{"id":578451,"href":"https:\/\/www.genesys.com\/fr-fr\/wp-json\/wp\/v2\/pages\/577292\/revisions\/578451"}],"up":[{"embeddable":true,"href":"https:\/\/www.genesys.com\/fr-fr\/wp-json\/wp\/v2\/pages\/78762"}],"wp:attachment":[{"href":"https:\/\/www.genesys.com\/fr-fr\/wp-json\/wp\/v2\/media?parent=577292"}],"curies":[{"name":"wp","href":"https:\/\/api.w.org\/{rel}","templated":true}]}}