{"id":497539,"date":"2023-11-06T04:17:16","date_gmt":"2023-11-06T12:17:16","guid":{"rendered":"https:\/\/www.genesys.com\/experience-index-par-genesys"},"modified":"2023-11-07T06:16:30","modified_gmt":"2023-11-07T14:16:30","slug":"experience-index","status":"publish","type":"page","link":"https:\/\/www.genesys.com\/fr-fr\/experience-index","title":{"rendered":"Experience\u00a0Index par Genesys"},"content":{"rendered":"<div class=\"wpb-content-wrapper\"><p>[vc_section background_color=\u00a0\u00bbbgc-teal\u00a0\u00bb m_background_color=\u00a0\u00bbbgc-navy\u00a0\u00bb flair=\u00a0\u00bb%5B%7B%22flair_image%22%3A%22494799%22%2C%22flair_width%22%3A%22100%25%22%2C%22flair_height%22%3A%22100%25%22%2C%22flair_top%22%3A%220%22%2C%22flair_left%22%3A%220%22%2C%22flair_bgc%22%3A%22%23ffffff%22%2C%22hide_mobile%22%3A%22yes%22%7D%5D\u00a0\u00bb css=\u00a0\u00bb.vc_custom_1696892906532{padding-top: 8rem !important;padding-bottom: 8rem !important;}\u00a0\u00bb][vc_row content_placement=\u00a0\u00bbmiddle\u00a0\u00bb][vc_column width=\u00a0\u00bb1\/2&Prime;][vc_column_text]<\/p>\n<h1>Experience\u00a0Index par Genesys<\/h1>\n<p>Une nouvelle approche ax\u00e9e sur les personnes et exploitable pour mesurer, comparer et am\u00e9liorer les exp\u00e9riences.[\/vc_column_text]<div class=\"btn-container  \"><a role=\"button\"  class=\"btn btn-primary\" href=\"https:\/\/appfoundry.genesys.com\/filter\/genesyscloud\/listing\/86813f27-33e4-4d84-8646-1cdc838f88d4\" target=\"_blank\" rel=\"\">D\u00e9couvrir l&apos;offre<\/a><\/div>[\/vc_column][vc_column width=\u00a0\u00bb1\/2&Prime; offset=\u00a0\u00bbvc_hidden-xs\u00a0\u00bb][vc_single_image image=\u00a0\u00bb494798&Prime; alignment=\u00a0\u00bbcenter\u00a0\u00bb][\/vc_column][\/vc_row][\/vc_section][vc_section flair=\u00a0\u00bb%5B%7B%22flair_image%22%3A%22385690%22%2C%22flair_width%22%3A%22100%25%22%2C%22flair_height%22%3A%22100%25%22%2C%22flair_top%22%3A%220%22%2C%22flair_left%22%3A%220%22%2C%22hide_mobile%22%3A%22yes%22%7D%5D\u00a0\u00bb][vc_row][vc_column][vc_column_text]<\/p>\n<h2 style=\"text-align: center;\">D\u00e9couvrez le potentiel inexploit\u00e9 de votre entreprise<\/h2>\n<p style=\"text-align: center;\">L&rsquo;exp\u00e9rience propos\u00e9e par votre entreprise peut s&rsquo;av\u00e9rer extr\u00eamement compliqu\u00e9e \u00e0 g\u00e9rer. Les approches traditionnelles sont peu efficaces dans trois domaines principaux.<\/p>\n<p>[\/vc_column_text][\/vc_column][\/vc_row][vc_row equal_height=\u00a0\u00bbyes\u00a0\u00bb][vc_column width=\u00a0\u00bb1\/3&Prime;]<div class=\"component card w-100 bgc-white vertical text-start   chevron-only has-card-header  \" ><div class=\"card-header p-1 bgc-light-blue \" style=\"min-height:154px;\"><p class=\"font-swb h1 mb-0 text-center\">1<\/p>\n<p class=\"h3 mb-0 text-center\">Mesure introspective<\/p><\/div><div class=\"card-body\"><p style=\"text-align: center;\">Les indicateurs tels que la satisfaction client (CSAT), le taux de recommandation net (NPS) et le taux d&rsquo;effort client (CES) ne posent pas toujours les bonnes questions. Et ils ne peuvent faire que des suppositions sur ce qui compte vraiment pour les personnes faisant cette exp\u00e9rience.<\/p>\n<\/div><\/div>[\/vc_column][vc_column width=\u00a0\u00bb1\/3&Prime;]<div class=\"component card w-100 bgc-white vertical text-start   chevron-only has-card-header  \" ><div class=\"card-header p-1 bgc-light-blue \" style=\"min-height:154px;\"><p class=\"font-swb h1 mb-0 text-center\">2<\/p>\n<p class=\"h3 mb-0 text-center\">Collecte de donn\u00e9es isol\u00e9e<\/p>\n<\/div><div class=\"card-body\"><p style=\"text-align: center;\">Les approches traditionnelles analysent souvent les transactions et ne couvrent pas l&rsquo;ensemble du parcours. Un point de contact unique n&rsquo;est pas toujours repr\u00e9sentatif du ressenti et peut ne pas d\u00e9tecter les vrais probl\u00e8mes.<\/p>\n<\/div><\/div>[\/vc_column][vc_column width=\u00a0\u00bb1\/3&Prime;]<div class=\"component card w-100 bgc-white vertical text-start   chevron-only has-card-header  \" ><div class=\"card-header p-1 bgc-light-blue \" style=\"min-height:154px;\"><p class=\"font-swb h1 mb-0 text-center\">3<\/p>\n<p class=\"h3 mb-0 text-center\">Informations peu concluantes<\/p><\/div><div class=\"card-body\"><p style=\"text-align: center;\">Sans analyse approfondie, les commentaires ne vous permettent pas de comprendre clairement les points \u00e0 am\u00e9liorer. Il peut \u00eatre \u00e0 la fois difficile et long de mettre en relation les indicateurs d&rsquo;exp\u00e9rience et les indicateurs cl\u00e9s de performance, puis d&rsquo;apporter des am\u00e9liorations \u00e0 l&rsquo;entreprise.<\/p>\n<\/div><\/div>[\/vc_column][\/vc_row][\/vc_section][vc_section][vc_row][vc_column][vc_column_text]<\/p>\n<h3 style=\"text-align: center;\">Obtenez un avantage concurrentiel bas\u00e9 sur la recherche gr\u00e2ce \u00e0 Experience\u00a0Index<\/h3>\n<p style=\"text-align: center;\">L&rsquo;orchestration de l&rsquo;exp\u00e9rience est au c\u0153ur de Genesys. Pour pouvoir orchestrer des exp\u00e9riences, il est essentiel de les comprendre. Depuis des ann\u00e9es, nous utilisons Experience\u00a0Index<sup>\u2122<\/sup> de Genesys pour optimiser nos interactions avec nos clients et nos collaborateurs. D\u00e9sormais, nous mettons cette m\u00e9thodologie \u00e0 disposition pour aider toutes les entreprises \u00e0 cr\u00e9er des exp\u00e9riences m\u00e9morables et \u00e0 fid\u00e9liser leurs clients.<\/p>\n<p>[\/vc_column_text][vc_single_image image=\u00a0\u00bb494800&Prime; alignment=\u00a0\u00bbcenter\u00a0\u00bb el_class=\u00a0\u00bbmt-2&Prime;][\/vc_column][\/vc_row][vc_row][vc_column width=\u00a0\u00bb1\/3&Prime;]<div class=\"component icon-list w-100  vertical text-start\"><h4 style=\"text-align: center;\">Ax\u00e9 sur les personnes<\/h4>\n<p style=\"text-align: center;\">Experience\u00a0Index place l&rsquo;humain en premier. Des experts ont organis\u00e9 des centaines d&rsquo;entretiens et de groupes de discussion pour comprendre ce qui compte vraiment pour un public sp\u00e9cifique au cours de certaines exp\u00e9riences.<\/p>\n<\/div>[\/vc_column][vc_column width=\u00a0\u00bb1\/3&Prime;]<div class=\"component icon-list w-100  vertical text-start\"><h4 style=\"text-align: center;\">De A \u00e0 Z<\/h4>\n<p style=\"text-align: center;\">Experience\u00a0Index se penche sur les aspects cl\u00e9s de chaque phase d&rsquo;une exp\u00e9rience. Cette m\u00e9thode aide les collaborateurs de leur arriv\u00e9e en entreprise \u00e0 leur d\u00e9part, et les clients de la premi\u00e8re approche \u00e0 la fid\u00e9lisation.<\/p>\n<\/div>[\/vc_column][vc_column width=\u00a0\u00bb1\/3&Prime;]<div class=\"component icon-list w-100  vertical text-start\"><h4 style=\"text-align: center;\">Des r\u00e9f\u00e9rences exploitables<\/h4>\n<p style=\"text-align: center;\">Obtenez des donn\u00e9es sur l&rsquo;ensemble des fonctions de l&rsquo;entreprise, des canaux, des aspects de l&rsquo;exp\u00e9rience et bien plus encore. D\u00e9couvrez comment vous vous situez par rapport \u00e0 vos pairs, gardez une longueur d&rsquo;avance sur les tendances du secteur et proposez ce qui compte vraiment pour vos clients et vos collaborateurs.<\/p>\n<\/div>[\/vc_column][\/vc_row][\/vc_section][vc_section background_color=\u00a0\u00bbbgc-lgray\u00a0\u00bb flair=\u00a0\u00bb%5B%7B%22hide_mobile%22%3A%22yes%22%7D%5D\u00a0\u00bb][vc_row][vc_column][vc_column_text]<\/p>\n<h3 style=\"text-align: center;\">Identifiez pr\u00e9cis\u00e9ment les points \u00e0 am\u00e9liorer pour les collaborateurs et les clients<\/h3>\n<p style=\"text-align: center;\">Laissez nos r\u00e9f\u00e9rences du secteur mettre en \u00e9vidence les informations cl\u00e9s sur votre entreprise, tout comme elles ont su mettre en \u00e9vidence les informations suivantes\u00a0:<\/p>\n<p>[\/vc_column_text][\/vc_column][\/vc_row][vc_row][vc_column width=\u00a0\u00bb1\/3&Prime;]<div class=\"component icon-list w-100  vertical text-start\"><h4 style=\"text-align: center;\">Les agents \u00e0 distance rencontrent des difficult\u00e9s li\u00e9s au syst\u00e8me<\/h4>\n<p style=\"text-align: center;\">Aux \u00c9tats-Unis, les agents \u00e0 distance ont obtenu pour leurs exp\u00e9riences d&rsquo;interaction avec les clients une note inf\u00e9rieure de six points \u00e0 l&rsquo;indice de r\u00e9f\u00e9rence, principalement en raison du fait que tout ce dont ils ont besoin pour accompagner les clients n&rsquo;est pas disponible au m\u00eame endroit ou dans un seul syst\u00e8me.<\/p>\n<\/div>[\/vc_column][vc_column width=\u00a0\u00bb1\/3&Prime;]<div class=\"component icon-list w-100  vertical text-start\"><h4 style=\"text-align: center;\">Les collaborateurs hybrides obtiennent une note plus \u00e9lev\u00e9e en d\u00e9veloppement<\/h4>\n<p style=\"text-align: center;\">En termes de d\u00e9veloppement professionnel, les collaborateurs hybrides ont obtenu les notes globales les plus \u00e9lev\u00e9es. Le temps consacr\u00e9 aux formations \u00e9tait de quatre points sup\u00e9rieur \u00e0 l&rsquo;indice de r\u00e9f\u00e9rence, et de pr\u00e8s de huit points sup\u00e9rieur pour les collaborateurs hybrides par rapport aux collaborateurs \u00e0 distance.<\/p>\n<\/div>[\/vc_column][vc_column width=\u00a0\u00bb1\/3&Prime;]<div class=\"component icon-list w-100  vertical text-start\"><h4 style=\"text-align: center;\">Les clients et les collaborateurs ont tous deux du mal \u00e0 g\u00e9rer les e-mails<\/h4>\n<p style=\"text-align: center;\">Les clients et les agents ont tous deux eu des exp\u00e9riences tr\u00e8s n\u00e9gatives (respectivement -5 et -8) avec les e-mails, qui sont le deuxi\u00e8me type d&rsquo;interaction le plus utilis\u00e9 par volume pour les deux groupes.<\/p>\n<\/div>[\/vc_column][\/vc_row][\/vc_section][vc_section flair=\u00a0\u00bb%5B%7B%22hide_mobile%22%3A%22yes%22%7D%5D\u00a0\u00bb][vc_row][vc_column]<a class=\"component-cta-block card w-100 h-100 bgc-orange centered cta-text-start \"  href=\"https:\/\/appfoundry.genesys.com\/filter\/genesyscloud\/listing\/86813f27-33e4-4d84-8646-1cdc838f88d4\" target=\"_blank\" rel=\"\"><div class=\"row align-items-center image-stack card-body\"><div class=\"col-content col-md-7\"><div class=\"content-container\"><h3>D\u00e9couvrez Experience\u00a0Index en action<\/h3>\n<\/div><div class=\" btn-container mt-2\"><div class=\"btn btn-secondary\">En savoir plus<\/div><\/div><\/div><div class=\"col-image col-md-5 flex-column justify-content-center mt-1 mt-lg-0 img-top-container no-offset\"><img decoding=\"async\" width=\"710\" height=\"467\" src=\"https:\/\/www.genesys.com\/media\/XI_banner-image.png\" alt=\"\" class=\"\"><\/div><\/div><\/a>[\/vc_column][\/vc_row][\/vc_section][vc_section][vc_row][vc_column][vc_column_text]<\/p>\n<h3 style=\"text-align: center;\">D\u00e9couvrez ce que nos clients ont \u00e0 dire<\/h3>\n<p>[\/vc_column_text][\/vc_column][\/vc_row][vc_row equal_height=\u00a0\u00bbyes\u00a0\u00bb][vc_column width=\u00a0\u00bb1\/2&Prime;]<div class=\"component card w-100 bgc-navy vertical text-start nomedia  chevron-only  \" ><div class=\"card-body\"><h5>\u00ab\u00a0Experience\u00a0Index de Genesys analyse le cycle de vie du parcours des collaborateurs, ce qui nous donne une perspective totalement in\u00e9dite, car nous enqu\u00eatons rarement sur ce type de questions.\u00a0\u00bb<\/h5>\n<p>\u2014 Client &#8211; Secteur de la vente au d\u00e9tail<\/p>\n<\/div><\/div>[\/vc_column][vc_column width=\u00a0\u00bb1\/2&Prime;]<div class=\"component card w-100 bgc-navy vertical text-start nomedia  chevron-only  \" ><div class=\"card-body\"><h5>\u00ab\u00a0Experience\u00a0Index de Genesys nous donne des informations sur des donn\u00e9es que nous n&rsquo;aurions pas pu voir seuls. Nous pouvons d\u00e9cortiquer les donn\u00e9es en r\u00e9sultats exploitables pour nos \u00e9quipes gr\u00e2ce \u00e0 la facilit\u00e9 d&rsquo;utilisation des multiples vues et filtres.\u00a0\u00bb<\/h5>\n<p>\u2014 Client &#8211; Secteur des technologies<\/p>\n<\/div><\/div>[\/vc_column][\/vc_row][\/vc_section][vc_section background_color=\u00a0\u00bbbgc-lgray\u00a0\u00bb flair=\u00a0\u00bb%5B%7B%22hide_mobile%22%3A%22yes%22%7D%5D\u00a0\u00bb][vc_row][vc_column]<div class=\"related-posts-container next-steps-module w-100\"><div class=\"inner-container\"><div class=\"row\"><div class=\"text-col col-lg-12 title-container\"><h2 class=\"text-center\">Am\u00e9liorez l'exp\u00e9rience de vos clients et de vos collaborateurs<\/h2><\/div><\/div><div class=\"row align-items-stretch gutter-small col-count-1\"><div class=\"col-12 primary-item grid-item card-col item-image grid_type-page\"><a class=\"card w-100 h-100 bgc-lgray component-cta-block centered cta-text-end\" href=\"https:\/\/www.genesys.com\/fr-fr\/experience-index\"><div class=\"row align-items-stretch image-stack chevron-only card-body\"><div class=\"col-image col-md-5 flex-column justify-content-center img-top-container no-offset default-thumb\"><img decoding=\"async\" class=\"rounded\" src=\"\/media\/default-resource-thumb-wave-1.jpg\" height=\"464\" width=\"820\" alt=\"Genesys wave default resource thumbnail 1\"><\/div><div class=\"col-content col-md-7 mt-lg-0\"><div class=\"content-container align-self-start align-self-md-center\"><h3 class=\"item-title\">Harvard Business Review: Beyond NPS<\/h3><p class=\"brief-desc text-20 mb-0\">Genesys met Experience as a Service\u24c7 en action. Experience\u00a0Index est une nouvelle approche ax\u00e9e sur les personnes et exploitable permettant de mesurer et d&apos;am\u00e9liorer les exp\u00e9riences. En savoir plus.<\/p><\/div><div class=\"justify-content-end btn-container\"><div class=\"btn chevron small only btn-secondary\"><\/div><\/div><\/div><\/div><\/a><\/div><div class=\"col-md-4 vertical-cards item-image grid-item card-col item-image grid_type-\"><a class=\"card w-100 h-100 bgc-lgray component vertical text-start thumbnail chevron-only\" href=\"https:\/\/appfoundry.genesys.com\/filter\/genesyscloud\/listing\/86813f27-33e4-4d84-8646-1cdc838f88d4\" target=\"_blank\"><div class=\"thumbnail-col thubmnail default-thumb\"><img decoding=\"async\" src=\"\/media\/default-resource-thumb-wave-2.jpg\" height=\"464\" width=\"820\" alt=\"Genesys wave default resource thumbnail 2\"><\/div><div class=\"card-body text-col\"><h3 class=\"item-title h6\">Experience\u00a0Index pour les collaborateurs des CCaaS<\/h3><\/div><div class=\"card-footer text-end\"><div class=\"justify-content-end btn-container\"><div class=\"btn chevron small only btn-secondary\"><\/div><\/div><\/div><\/a><\/div><div class=\"col-md-4 vertical-cards grid-item card-col item-image grid_type-page\"><a class=\"card w-100 h-100 bgc-lgray component vertical text-start thumbnail chevron-only\" href=\"https:\/\/www.genesys.com\/fr-fr\/experience-index\"><div class=\"thumbnail-col thubmnail default-thumb\"><img decoding=\"async\" src=\"\/media\/default-resource-thumb-wave-3.jpg\" height=\"464\" width=\"820\" alt=\"Genesys wave default resource thumbnail 3\"><\/div><div class=\"card-body text-col\"><h3 class=\"item-title h6\">Experience\u00a0Index par Genesys<\/h3><\/div><div class=\"card-footer text-end\"><div class=\"justify-content-end btn-container\"><div class=\"btn chevron small only btn-secondary\"><\/div><\/div><\/div><\/a><\/div><div class=\"col-md-4 vertical-cards grid-item card-col item-image grid_type-page\"><a class=\"card w-100 h-100 bgc-lgray component vertical text-start thumbnail chevron-only\" href=\"https:\/\/www.genesys.com\/fr-fr\/experience-index\"><div class=\"thumbnail-col thubmnail default-thumb\"><img decoding=\"async\" src=\"\/media\/default-resource-thumb-wave-4.jpg\" height=\"464\" width=\"820\" alt=\"Genesys wave default resource thumbnail 4\"><\/div><div class=\"card-body text-col\"><h3 class=\"item-title h6\">Experience\u00a0Index par Genesys<\/h3><\/div><div class=\"card-footer text-end\"><div class=\"justify-content-end btn-container\"><div class=\"btn chevron small only btn-secondary\"><\/div><\/div><\/div><\/a><\/div><\/div><\/div><\/div>[\/vc_column][\/vc_row][\/vc_section]<\/p>\n<\/div>","protected":false},"excerpt":{"rendered":"<p>[vc_section background_color=\u00a0\u00bbbgc-teal\u00a0\u00bb m_background_color=\u00a0\u00bbbgc-navy\u00a0\u00bb flair=\u00a0\u00bb%5B%7B%22flair_image%22%3A%22494799%22%2C%22flair_width%22%3A%22100%25%22%2C%22flair_height%22%3A%22100%25%22%2C%22flair_top%22%3A%220%22%2C%22flair_left%22%3A%220%22%2C%22flair_bgc%22%3A%22%23ffffff%22%2C%22hide_mobile%22%3A%22yes%22%7D%5D\u00a0\u00bb css=\u00a0\u00bb.vc_custom_1696892906532{padding-top: 8rem !important;padding-bottom: 8rem !important;}\u00a0\u00bb][vc_row content_placement=\u00a0\u00bbmiddle\u00a0\u00bb][vc_column width=\u00a0\u00bb1\/2&Prime;][vc_column_text] Experience\u00a0Index par Genesys Une nouvelle approche ax\u00e9e sur les personnes et exploitable pour mesurer, comparer et am\u00e9liorer les exp\u00e9riences.[\/vc_column_text][\/vc_column][vc_column width=\u00a0\u00bb1\/2&Prime; offset=\u00a0\u00bbvc_hidden-xs\u00a0\u00bb][vc_single_image image=\u00a0\u00bb494798&Prime; alignment=\u00a0\u00bbcenter\u00a0\u00bb][\/vc_column][\/vc_row][\/vc_section][vc_section flair=\u00a0\u00bb%5B%7B%22flair_image%22%3A%22385690%22%2C%22flair_width%22%3A%22100%25%22%2C%22flair_height%22%3A%22100%25%22%2C%22flair_top%22%3A%220%22%2C%22flair_left%22%3A%220%22%2C%22hide_mobile%22%3A%22yes%22%7D%5D\u00a0\u00bb][vc_row][vc_column][vc_column_text] D\u00e9couvrez le potentiel inexploit\u00e9 de votre entreprise L&rsquo;exp\u00e9rience propos\u00e9e par votre entreprise peut s&rsquo;av\u00e9rer extr\u00eamement compliqu\u00e9e \u00e0 g\u00e9rer. Les approches [&hellip;]<\/p>\n","protected":false},"author":1,"featured_media":0,"parent":0,"menu_order":0,"comment_status":"closed","ping_status":"closed","template":"","meta":{"_acf_changed":false,"footnotes":""},"class_list":["post-497539","page","type-page","status-publish","hentry"],"acf":[],"_links":{"self":[{"href":"https:\/\/www.genesys.com\/fr-fr\/wp-json\/wp\/v2\/pages\/497539","targetHints":{"allow":["GET"]}}],"collection":[{"href":"https:\/\/www.genesys.com\/fr-fr\/wp-json\/wp\/v2\/pages"}],"about":[{"href":"https:\/\/www.genesys.com\/fr-fr\/wp-json\/wp\/v2\/types\/page"}],"author":[{"embeddable":true,"href":"https:\/\/www.genesys.com\/fr-fr\/wp-json\/wp\/v2\/users\/1"}],"replies":[{"embeddable":true,"href":"https:\/\/www.genesys.com\/fr-fr\/wp-json\/wp\/v2\/comments?post=497539"}],"version-history":[{"count":5,"href":"https:\/\/www.genesys.com\/fr-fr\/wp-json\/wp\/v2\/pages\/497539\/revisions"}],"predecessor-version":[{"id":497744,"href":"https:\/\/www.genesys.com\/fr-fr\/wp-json\/wp\/v2\/pages\/497539\/revisions\/497744"}],"wp:attachment":[{"href":"https:\/\/www.genesys.com\/fr-fr\/wp-json\/wp\/v2\/media?parent=497539"}],"curies":[{"name":"wp","href":"https:\/\/api.w.org\/{rel}","templated":true}]}}