{"id":465935,"date":"2022-12-20T11:03:29","date_gmt":"2022-12-20T19:03:29","guid":{"rendered":"https:\/\/www.genesys.com\/les-integrateurs-de-systemes-internationaux"},"modified":"2026-04-07T15:48:31","modified_gmt":"2026-04-07T22:48:31","slug":"global-system-integrators","status":"publish","type":"page","link":"https:\/\/www.genesys.com\/fr-fr\/partners\/global-system-integrators","title":{"rendered":"Int\u00e9grateurs syst\u00e8mes"},"content":{"rendered":"<div class=\"wpb-content-wrapper\"><p>[vc_section sec_modern_width=\u00a0\u00bbenable\u00a0\u00bb background_color=\u00a0\u00bbbgc-lgray\u00a0\u00bb flair=\u00a0\u00bb%5B%7B%22flair_type%22%3A%22f_type_image%22%2C%22hide_mobile%22%3A%22yes%22%7D%5D\u00a0\u00bb vib=\u00a0\u00bbenable\u00a0\u00bb css=\u00a0\u00bb.vc_custom_1749627119105{background-position: center !important;background-repeat: no-repeat !important;background-size: cover !important;}\u00a0\u00bb][vc_row content_placement=\u00a0\u00bbmiddle\u00a0\u00bb][vc_column width=\u00a0\u00bb1\/2&Prime;][vc_column_text css=\u00a0\u00bb\u00a0\u00bb]<\/p>\n<h1 class=\"no-balance\">Les int\u00e9grateurs syst\u00e8mes internationaux, partenaires de votre transformation\u00a0CX<\/h1>\n<p>La transformation de votre exp\u00e9rience client (CX) va au-del\u00e0 du centre de contact. Souvent, elle exige d&rsquo;int\u00e9grer des technologies complexes et de disposer d&rsquo;une v\u00e9ritable expertise en mati\u00e8re de gestion du changement. C&rsquo;est pourquoi Genesys a nou\u00e9 des partenariats avec des int\u00e9grateurs syst\u00e8mes internationaux (GSI) de premier plan, qui acc\u00e9l\u00e8rent et simplifient vos processus de transformation.[\/vc_column_text]<div class=\"btn-container  \"><a role=\"button\"  class=\"btn btn-primary\" href=\"#gsa\" target=\"\" rel=\"\">Voir les partenaires GSI<\/a><\/div>[\/vc_column][vc_column width=\u00a0\u00bb5\/12&Prime; offset=\u00a0\u00bbvc_col-sm-offset-1&Prime;][vc_single_image image=\u00a0\u00bb602451&Prime; css=\u00a0\u00bb\u00a0\u00bb rounded_corners=\u00a0\u00bbrounded-lg\u00a0\u00bb][\/vc_column][\/vc_row][\/vc_section][vc_section flair=\u00a0\u00bb%5B%7B%22hide_mobile%22%3A%22yes%22%7D%5D\u00a0\u00bb css=\u00a0\u00bb.vc_custom_1714456937508{background-position: center !important;background-repeat: no-repeat !important;background-size: cover !important;}\u00a0\u00bb][vc_row equal_height=\u00a0\u00bbyes\u00a0\u00bb content_placement=\u00a0\u00bbmiddle\u00a0\u00bb][vc_column width=\u00a0\u00bb5\/12&Prime; offset=\u00a0\u00bbvc_hidden-xs\u00a0\u00bb][vc_single_image image=\u00a0\u00bb602452&Prime; css=\u00a0\u00bb\u00a0\u00bb rounded_corners=\u00a0\u00bbrounded-lg\u00a0\u00bb][\/vc_column][vc_column width=\u00a0\u00bb1\/2&Prime; offset=\u00a0\u00bbvc_col-sm-offset-1&Prime;][vc_column_text css=\u00a0\u00bb\u00a0\u00bb]<\/p>\n<h2 class=\"h3\">Des partenariats strat\u00e9giques pens\u00e9s pour la croissance<\/h2>\n<p>Genesys s&rsquo;associe \u00e0 des GSI leaders partout dans le monde pour aider les entreprises \u00e0 booster leur croissance en inscrivant la transformation\u00a0CX au c\u0153ur de leurs strat\u00e9gies m\u00e9tiers. Ces partenariats ne font pas que moderniser le centre de contact\u00a0: ils favorisent le changement \u00e0 l&rsquo;\u00e9chelle de l&rsquo;entreprise en cr\u00e9ant des exp\u00e9riences connect\u00e9es, intelligentes et adaptatives qui acc\u00e9l\u00e8rent la transformation digitale.[\/vc_column_text][\/vc_column][\/vc_row][\/vc_section][vc_section][vc_row][vc_column width=\u00a0\u00bb7\/12&Prime;][vc_column_text css=\u00a0\u00bb\u00a0\u00bb]<\/p>\n<h2>Acc\u00e9l\u00e9rez la transformation de votre exp\u00e9rience client avec l&rsquo;aide d&rsquo;un GSI<\/h2>\n<p>Nos partenaires GSI de confiance apportent \u00e0 vos initiatives\u00a0CX une connaissance approfondie du secteur, des m\u00e9thodologies \u00e9prouv\u00e9es et une scalabilit\u00e9 mondiale. Ils aident les entreprises de toutes tailles \u00e0 concevoir et \u00e0 offrir des parcours clients plus intelligents tout en optimisant leurs investissements existants (plateformes, donn\u00e9es, personnes).<\/p>\n<p>Ces partenaires\u00a0GSI proposent des strat\u00e9gies de migration prescriptives, des plans de modernisation de l&rsquo;exp\u00e9rience client et des mod\u00e8les op\u00e9rationnels \u00e9volutifs con\u00e7us pour g\u00e9n\u00e9rer de la valeur rapidement. Une fois combin\u00e9s \u00e0 notre \u00e9cosyst\u00e8me technologique plus large, les GSI vous aident \u00e0 lib\u00e9rer tout le potentiel de votre technologie dans l&rsquo;int\u00e9r\u00eat de vos clients.[\/vc_column_text][\/vc_column][\/vc_row][vc_row][vc_column width=\u00a0\u00bb1\/4&Prime;][vc_column_text ct_style=\u00a0\u00bblist-block\u00a0\u00bb css=\u00a0\u00bb\u00a0\u00bb]<\/p>\n<h3 class=\"h5\">Une expertise\u00a0CX adapt\u00e9e \u00e0 votre secteur<\/h3>\n<p>Nos partenaires GSI proposent des connaissances sp\u00e9cialis\u00e9es dans des secteurs vari\u00e9s\u00a0: services financiers, sant\u00e9, secteur public, retail et plus encore. Nous travaillons ensemble pour donner vie \u00e0 votre vision CX.[\/vc_column_text][\/vc_column][vc_column width=\u00a0\u00bb1\/4&Prime;][vc_column_text ct_style=\u00a0\u00bblist-block\u00a0\u00bb css=\u00a0\u00bb\u00a0\u00bb]<\/p>\n<h3 class=\"h5\">Obtenez des r\u00e9sultats concrets<\/h3>\n<p>Gains d&rsquo;efficacit\u00e9 op\u00e9rationnelle, r\u00e9duction des co\u00fbts d&rsquo;assistance, optimisation de la satisfaction client, fid\u00e9lit\u00e9 accrue\u00a0: avec un GSI, vous alignez votre transformation\u00a0CX sur des r\u00e9sultats m\u00e9tiers mesurables et \u00e0 long terme.[\/vc_column_text][\/vc_column][vc_column width=\u00a0\u00bb1\/4&Prime;][vc_column_text ct_style=\u00a0\u00bblist-block\u00a0\u00bb css=\u00a0\u00bb\u00a0\u00bb]<\/p>\n<h3 class=\"h5\">Pr\u00e9sence mondiale, connaissances locales<\/h3>\n<p>Les GSI offrent \u00e0 la fois l&rsquo;envergure n\u00e9cessaire pour vous d\u00e9velopper \u00e0 l&rsquo;\u00e9chelle mondiale et l&rsquo;expertise r\u00e9gionale dont vous avez besoin pour r\u00e9pondre aux exigences r\u00e9glementaires, aux attentes des clients et aux nuances culturelles, quelle que soit la r\u00e9gion.[\/vc_column_text][\/vc_column][vc_column width=\u00a0\u00bb1\/4&Prime;][vc_column_text ct_style=\u00a0\u00bblist-block\u00a0\u00bb css=\u00a0\u00bb\u00a0\u00bb]<\/p>\n<h3 class=\"h5\">Lib\u00e9rez toute la valeur de votre investissement CX<\/h3>\n<p>Un GSI fournit des mod\u00e8les de livraison structur\u00e9s, des bonnes pratiques et des frameworks reproductibles afin d&rsquo;acc\u00e9l\u00e9rer le time\u2011to\u2011value\u00a0(TTV) et de r\u00e9duire les risques de d\u00e9ploiement sur des projets \u00e0 grande \u00e9chelle.[\/vc_column_text][\/vc_column][\/vc_row][\/vc_section][vc_section sec_modern_width=\u00a0\u00bbenable\u00a0\u00bb background_color=\u00a0\u00bbbgc-lgray\u00a0\u00bb flair=\u00a0\u00bb%5B%7B%22flair_type%22%3A%22f_type_image%22%2C%22hide_mobile%22%3A%22yes%22%7D%5D\u00a0\u00bb css=\u00a0\u00bb.vc_custom_1761248218078{background-image: url(https:\/\/www.genesys.com\/media\/Genesys_Threads_209.png?id=569364) !important;}\u00a0\u00bb el_class=\u00a0\u00bbbg-cover bg-150-md bg-center bg-norepeat\u00a0\u00bb el_id=\u00a0\u00bbgsa\u00a0\u00bb][vc_row r_gutter_size=\u00a0\u00bbgutter-small\u00a0\u00bb background_color=\u00a0\u00bbbgc-glass\u00a0\u00bb equal_height=\u00a0\u00bbyes\u00a0\u00bb el_class=\u00a0\u00bbpy-3 px-1 px-lg-3 rounded mt-0&Prime;][vc_column offset=\u00a0\u00bbvc_col-md-7&Prime; el_class=\u00a0\u00bbmb-1&Prime;][vc_column_text css=\u00a0\u00bb\u00a0\u00bb]<\/p>\n<h2>Int\u00e9grateurs syst\u00e8mes Genesys<\/h2>\n<p>Nous conjuguons les innovations de la plateforme Genesys\u00a0Cloud\u2122 d&rsquo;orchestration de l&rsquo;exp\u00e9rience pilot\u00e9e par\u00a0IA \u00e0 l&rsquo;expertise sectorielle et \u00e0 la couverture mondiale de nos partenaires GSI. Ainsi, nous donnons aux entreprises les moyens de r\u00e9inventer leur engagement client et collaborateur, ce qui leur permet de g\u00e9n\u00e9rer de meilleurs r\u00e9sultats \u00e0 grande \u00e9chelle. Que ce soit dans le cadre de votre migration vers le cloud, d&rsquo;une refonte de votre strat\u00e9gie data ou d&rsquo;une initiative d&rsquo;impl\u00e9mentation de l&rsquo;IA, ces solutions conjointes vous aideront \u00e0 moderniser votre infrastructure, \u00e0 unifier vos donn\u00e9es cloisonn\u00e9es et \u00e0 op\u00e9rationnaliser l&rsquo;IA tout en acc\u00e9l\u00e9rant la valeur m\u00e9tier et le time\u2011to\u2011market\u00a0(TTM). [\/vc_column_text]<style type='text\/css'>\r .component.card.has-card-header img { border-radius: 0}\r <\/style>[\/vc_column][vc_column elemental_order=\u00a0\u00bborder-5&Prime; offset=\u00a0\u00bbvc_col-md-5&Prime; el_class=\u00a0\u00bbmt-2 mt-lg-0&Prime;][\/vc_column][vc_column width=\u00a0\u00bb1\/2&Prime;]<a class=\"component card w-100 bgc-white vertical text-start   has-card-header  \" href=\"https:\/\/www.accenture.com\/fr-fr\" target=\"_blank\" rel=\"noopener\" ><div class=\"card-header p-1 bgc-lgray d-flex justify-content-center align-items-center\" style=\"min-height:175px;\"><img decoding=\"async\" style=\"max-width:250px;\"width=\"163\" height=\"43\" src=\"https:\/\/www.genesys.com\/media\/Accenture.svg\" alt=\"Accenture\" ><\/div><div class=\"card-body\"><h3 class=\"h5\">Accenture<\/h3>\n<p>Accenture propose des services professionnels leaders \u00e0 des entreprises de premier plan, \u00e0 des acteurs publics et \u00e0 d&rsquo;autres organisations \u00e0 l&rsquo;\u00e9chelle mondiale. Le sp\u00e9cialiste en consulting les aide \u00e0 \u00e9tablir un socle digital, \u00e0 optimiser leurs op\u00e9rations, \u00e0 acc\u00e9l\u00e9rer leurs revenus ou encore \u00e0 am\u00e9liorer les services publics. Ainsi, ces organisations g\u00e9n\u00e8rent plus de valeur, plus vite et \u00e0 grande \u00e9chelle. Ensemble, Genesys et Accenture ont \u00e9labor\u00e9 des solutions de pointe qui allient exp\u00e9riences clients d&rsquo;exception, connaissances d&rsquo;experts et puissants acc\u00e9l\u00e9rateurs pour vous soutenir dans votre transformation.<\/p>\n<\/div><div class=\"card-footer text-end\"><div class=\"btn-container \"><div class=\"small mt-0 chevron arrow arrow-primary \" href=\"#\" target=\"\" rel=\"\">En savoir plus<\/div><\/div><\/div><\/a>[\/vc_column][vc_column width=\u00a0\u00bb1\/2&Prime;]<a class=\"component card w-100 bgc-white vertical text-start   has-card-header  \" href=\"https:\/\/www.capgemini.com\/fr-fr\" target=\"_blank\" rel=\"noopener\" ><div class=\"card-header p-1 bgc-lgray d-flex justify-content-center align-items-center\" style=\"min-height:175px;\"><img decoding=\"async\" style=\"max-width:240px;\"width=\"1280\" height=\"299\" src=\"https:\/\/www.genesys.com\/media\/Capgemini-logo.png\" alt=\"Capgemini-logo\" ><\/div><div class=\"card-body\"><h3 class=\"h5\">Capgemini<\/h3>\n<p>Capgemini est un partenaire de transformation technologique mondial qui aide les entreprises \u00e0 acc\u00e9l\u00e9rer leur double transition vers un monde digital et durable. Ainsi, elles g\u00e9n\u00e8rent un impact concret dont b\u00e9n\u00e9ficient les grandes entreprises et, plus largement, la soci\u00e9t\u00e9. Ce groupe responsable et diversifi\u00e9 compte 340\u00a0000\u00a0collaborateurs dans plus de 50\u00a0pays. Fort de son h\u00e9ritage de plus de 55\u00a0ans, Capgemini a su se d\u00e9marquer comme le partenaire technologique de confiance pour r\u00e9pondre aux besoins de ses clients. L&rsquo;entreprise les accompagne sur toute la ligne\u00a0\u2013 de la strat\u00e9gie et la conception jusqu&rsquo;au d\u00e9veloppement\u00a0\u2013 gr\u00e2ce \u00e0 des services et des solutions pilot\u00e9s par ses capacit\u00e9s leaders (IA, GenAI, cloud et data), \u00e0 son expertise du secteur et \u00e0 son riche \u00e9cosyst\u00e8me de partenaires. <\/p>\n<\/div><div class=\"card-footer text-end\"><div class=\"btn-container \"><div class=\"small mt-0 chevron arrow arrow-primary \" href=\"#\" target=\"\" rel=\"\">En savoir plus<\/div><\/div><\/div><\/a>[\/vc_column][vc_column width=\u00a0\u00bb1\/2&Prime;]<a class=\"component card w-100 bgc-white vertical text-start   has-card-header  \" href=\"https:\/\/www.deloittedigital.com\/fr\/fr.html\" target=\"_blank\" rel=\"noopener\" ><div class=\"card-header p-1 bgc-lgray d-flex justify-content-center align-items-center\" style=\"min-height:175px;\"><img decoding=\"async\" style=\"max-width:200px;\"width=\"510\" height=\"283\" src=\"https:\/\/www.genesys.com\/media\/Deloitte-Digital.png\" alt=\"Deloitte Digital\" ><\/div><div class=\"card-body\"><h3 class=\"h5\">Deloitte Digital<\/h3>\n<p>Ensemble, Deloitte Digital et Genesys fournissent des solutions d&rsquo;exp\u00e9rience client optimis\u00e9es et des outils avanc\u00e9s qui am\u00e9liorent les op\u00e9rations du centre de contact. Ces solutions associent des capacit\u00e9s omnicanales, digitales et d&rsquo;IA sp\u00e9cialement con\u00e7ues pour augmenter l&rsquo;efficacit\u00e9 et la satisfaction. Enfin, leurs capacit\u00e9s de Workforce Management\u00a0(WFM) sur mesure et leurs services int\u00e9gr\u00e9s boostent l&rsquo;efficacit\u00e9 du Contact-Center-as-a-Service (CCaaS). Cette collaboration vise \u00e0 am\u00e9liorer l&rsquo;engagement client, \u00e0 fluidifier les exp\u00e9riences sur tous les points de contact, \u00e0 renforcer la fid\u00e9lit\u00e9 client et \u00e0 encourager la r\u00e9ussite des entreprises \u00e0 l&rsquo;\u00e8re du digital. <\/p>\n<\/div><div class=\"card-footer text-end\"><div class=\"btn-container \"><div class=\"small mt-0 chevron arrow arrow-primary \" href=\"#\" target=\"\" rel=\"\">En savoir plus<\/div><\/div><\/div><\/a>[\/vc_column][vc_column width=\u00a0\u00bb1\/2&Prime;]<a class=\"component card w-100 bgc-white vertical text-start   has-card-header  \" href=\"https:\/\/www.ibm.com\/fr-fr\" target=\"_blank\" rel=\"noopener\" ><div class=\"card-header p-1 bgc-lgray d-flex justify-content-center align-items-center\" style=\"min-height:175px;\"><img decoding=\"async\" style=\"max-width:200px;\"width=\"200\" height=\"83\" src=\"https:\/\/www.genesys.com\/media\/648d9008-ibm-logo-200px-.png\" alt=\"ibm logo 200px\" ><\/div><div class=\"card-body\"><h3 class=\"h5\">IBM<\/h3>\n<p>IBM est l&rsquo;un des GSI et partenaires d&rsquo;impl\u00e9mentation les plus exp\u00e9riment\u00e9s de notre \u00e9cosyst\u00e8me. L&rsquo;entreprise a notamment men\u00e9 de nombreux projets d&rsquo;impl\u00e9mentation innovants et \u00e0 grande \u00e9chelle sur l&rsquo;offre Genesys\u00a0Cloud\u00a0CX<sup>\u00ae<\/sup>. IBM conseille les clients sur l&rsquo;enti\u00e8ret\u00e9 de leur strat\u00e9gie\u00a0CX et de centre de contact, depuis sa mise en \u0153uvre jusqu&rsquo;\u00e0 l&rsquo;optimisation des processus m\u00e9tiers et des op\u00e9rations du centre de contact.<\/p>\n<p>La collaboration entre IBM et Genesys vise \u00e0 offrir des exp\u00e9riences clients nouvelle g\u00e9n\u00e9ration\u00a0: un service client digital\u2011first et pilot\u00e9 par\u00a0IA qui utilise l&rsquo;agentique et l&rsquo;IA g\u00e9n\u00e9rative. Les deux partenaires ont \u00e9galement int\u00e9gr\u00e9 des outils d&rsquo;IA aux solutions de centre de contact, cr\u00e9\u00e9 des outils internes et con\u00e7u des incubateurs d&rsquo;entreprise sp\u00e9cialement pour acc\u00e9l\u00e9rer l&rsquo;impl\u00e9mentation des solutions Genesys et la cr\u00e9ation de valeur.<\/p>\n<\/div><div class=\"card-footer text-end\"><div class=\"btn-container \"><div class=\"small mt-0 chevron arrow arrow-primary \" href=\"#\" target=\"\" rel=\"\">En savoir plus<\/div><\/div><\/div><\/a>[\/vc_column][\/vc_row][\/vc_section][vc_section][vc_row][vc_column width=\u00a0\u00bb7\/12&Prime;][vc_column_text css=\u00a0\u00bb\u00a0\u00bb]<\/p>\n<h2 class=\"h3\">D\u00e9couvrez les ressources Genesys<\/h2>\n<p>[\/vc_column_text][\/vc_column][\/vc_row][vc_row r_gutter_size=\u00a0\u00bbgutter-small\u00a0\u00bb equal_height=\u00a0\u00bbyes\u00a0\u00bb][vc_column]<div class=\"related-posts-container next-steps-module w-100\"><div class=\"inner-container scrollable-row-container\"><div class=\"row align-items-stretch gutter-small col-count-2 scrollable-row\"><div class=\"col-md-6 horizontal-cards grid-item card-col item-image grid_type-resources\"><a class=\"card w-100 h-100 bgc-lgray component horizontal text-start thumbnail chevron-only\" href=\"https:\/\/www.genesys.com\/fr-fr\/resources\/contact-center-buyers-guide\"><div class=\"row align-items-center\"><div class=\"col-12 col-md-5 col-lg-6\"><div class=\"thumbnail-col thubmnail\"><img decoding=\"async\" src=\"https:\/\/www.genesys.com\/media\/820x464-Resource-Thumbnail-Ebook-Buyers-Guide-for-AI-and-CX.jpg\" height=\"464\" width=\"820\" alt=\"820&#215;464 resource thumbnail ebook buyers guide for ai and cx\"><\/div><\/div><div class=\"col-12 col-md-7 col-lg-6\"><div class=\"card-body text-col ps-0\"><p class=\"assettag\">eBook<\/p><h3 class=\"item-title h6\">Guide d'achat pour les centres de contact<\/h3><\/div><div class=\"card-footer text-end ps-0\"><div class=\"justify-content-end btn-container\"><div class=\"btn chevron small only btn-secondary\"><\/div><\/div><\/div><\/div><\/div><\/a><\/div><div class=\"col-md-6 horizontal-cards grid-item card-col item-image grid_type-blog\"><a class=\"card w-100 h-100 bgc-lgray component horizontal text-start thumbnail chevron-only\" href=\"https:\/\/www.genesys.com\/fr-fr\/blog\/post\/the-levels-of-experience-orchestration\"><div class=\"row align-items-center\"><div class=\"col-12 col-md-5 col-lg-6\"><div class=\"thumbnail-col thubmnail\"><img decoding=\"async\" src=\"https:\/\/www.genesys.com\/media\/Levels-of-Experience-Orchestration-blog-image-820-x-548.webp\" height=\"547\" width=\"820\" alt=\"\"><\/div><\/div><div class=\"col-12 col-md-7 col-lg-6\"><div class=\"card-body text-col ps-0\"><p class=\"assettag\">Blog<\/p><h3 class=\"item-title h6\">Les niveaux d'orchestration de l'exp\u00e9rience<\/h3><\/div><div class=\"card-footer text-end ps-0\"><div class=\"justify-content-end btn-container\"><div class=\"btn chevron small only btn-secondary\"><\/div><\/div><\/div><\/div><\/div><\/a><\/div><\/div><\/div><\/div>[\/vc_column][\/vc_row][\/vc_section]<\/p>\n<\/div>","protected":false},"excerpt":{"rendered":"<p>[vc_section sec_modern_width=\u00a0\u00bbenable\u00a0\u00bb background_color=\u00a0\u00bbbgc-lgray\u00a0\u00bb flair=\u00a0\u00bb%5B%7B%22flair_type%22%3A%22f_type_image%22%2C%22hide_mobile%22%3A%22yes%22%7D%5D\u00a0\u00bb vib=\u00a0\u00bbenable\u00a0\u00bb css=\u00a0\u00bb.vc_custom_1749627119105{background-position: center !important;background-repeat: no-repeat !important;background-size: cover !important;}\u00a0\u00bb][vc_row content_placement=\u00a0\u00bbmiddle\u00a0\u00bb][vc_column width=\u00a0\u00bb1\/2&Prime;][vc_column_text css=\u00a0\u00bb\u00a0\u00bb] Les int\u00e9grateurs syst\u00e8mes internationaux, partenaires de votre transformation\u00a0CX La transformation de votre exp\u00e9rience client (CX) va au-del\u00e0 du centre de contact. Souvent, elle exige d&rsquo;int\u00e9grer des technologies complexes et de disposer d&rsquo;une v\u00e9ritable expertise en mati\u00e8re de gestion du changement. [&hellip;]<\/p>\n","protected":false},"author":1,"featured_media":0,"parent":78743,"menu_order":0,"comment_status":"closed","ping_status":"closed","template":"","meta":{"_acf_changed":false,"footnotes":""},"class_list":["post-465935","page","type-page","status-publish","hentry"],"acf":[],"_links":{"self":[{"href":"https:\/\/www.genesys.com\/fr-fr\/wp-json\/wp\/v2\/pages\/465935","targetHints":{"allow":["GET"]}}],"collection":[{"href":"https:\/\/www.genesys.com\/fr-fr\/wp-json\/wp\/v2\/pages"}],"about":[{"href":"https:\/\/www.genesys.com\/fr-fr\/wp-json\/wp\/v2\/types\/page"}],"author":[{"embeddable":true,"href":"https:\/\/www.genesys.com\/fr-fr\/wp-json\/wp\/v2\/users\/1"}],"replies":[{"embeddable":true,"href":"https:\/\/www.genesys.com\/fr-fr\/wp-json\/wp\/v2\/comments?post=465935"}],"version-history":[{"count":13,"href":"https:\/\/www.genesys.com\/fr-fr\/wp-json\/wp\/v2\/pages\/465935\/revisions"}],"predecessor-version":[{"id":621711,"href":"https:\/\/www.genesys.com\/fr-fr\/wp-json\/wp\/v2\/pages\/465935\/revisions\/621711"}],"up":[{"embeddable":true,"href":"https:\/\/www.genesys.com\/fr-fr\/wp-json\/wp\/v2\/pages\/78743"}],"wp:attachment":[{"href":"https:\/\/www.genesys.com\/fr-fr\/wp-json\/wp\/v2\/media?parent=465935"}],"curies":[{"name":"wp","href":"https:\/\/api.w.org\/{rel}","templated":true}]}}