{"id":409245,"date":"2021-12-06T09:16:37","date_gmt":"2021-12-06T17:16:37","guid":{"rendered":"https:\/\/www.genesys.com\/genesys-choice"},"modified":"2021-12-06T09:14:28","modified_gmt":"2021-12-06T17:14:28","slug":"genesys-choice","status":"publish","type":"page","link":"https:\/\/www.genesys.com\/fr-fr\/genesys-choice","title":{"rendered":"Genesys Choice"},"content":{"rendered":"<div class=\"wpb-content-wrapper\"><p>[vc_section background_color=\u00a0\u00bbbgc-light-blue\u00a0\u00bb flair=\u00a0\u00bb%5B%7B%22hide_mobile%22%3A%22yes%22%7D%5D\u00a0\u00bb css=\u00a0\u00bb.vc_custom_1624046097327{background-image: url(https:\/\/www.genesys.com\/media\/genesys-choice-hero-bg.svg?id=384443) !important;}\u00a0\u00bb][vc_row content_placement=\u00a0\u00bbmiddle\u00a0\u00bb][vc_column width=\u00a0\u00bb5\/12&Prime;][vc_column_text]<\/p>\n<h1>Genesys Choice<\/h1>\n<p>Profitez de la libert\u00e9 de choisir ce que vous voulez,<br \/>\nquand vous voulez[\/vc_column_text]<div class=\"btn-container  \"><a role=\"button\"  class=\"btn btn-secondary\" href=\"#demo\" target=\"\" rel=\"\">R\u00e9server une d\u00e9monstration<\/a><\/div>[\/vc_column][vc_column v_align=\u00a0\u00bbflexend\u00a0\u00bb width=\u00a0\u00bb1\/2&Prime; offset=\u00a0\u00bbvc_col-sm-offset-1&Prime;][vc_single_image image=\u00a0\u00bb384442&Prime; alignment=\u00a0\u00bbcenter\u00a0\u00bb si_max_width=\u00a0\u00bb414px\u00a0\u00bb css=\u00a0\u00bb.vc_custom_1624046052243{margin-bottom: -4.167rem !important;}\u00a0\u00bb][\/vc_column][\/vc_row][\/vc_section][vc_section][vc_row content_placement=\u00a0\u00bbmiddle\u00a0\u00bb][vc_column width=\u00a0\u00bb5\/12&Prime;][vc_column_text]<\/p>\n<h3>Une nouvelle fa\u00e7on d&rsquo;acheter et de consommer<\/h3>\n<p>Avec Genesys Choice, vous pouvez acheter et utiliser de mani\u00e8re flexible n&rsquo;importe quelle technologie Genesys. Acc\u00e9dez \u00e0 toutes les capacit\u00e9s de Genesys, aux innovations en mati\u00e8re d&rsquo;intelligence artificielle (IA) et m\u00eame aux fonctionnalit\u00e9s futures. Activez ou d\u00e9sactivez des services en fonction des besoins, faites-les \u00e9voluer et d\u00e9veloppez-les \u00e0 tout moment. Suivez le rythme de l&rsquo;\u00e9volution rapide des demandes et assurez-vous de tirer le meilleur parti de votre investissement.[\/vc_column_text][\/vc_column][vc_column width=\u00a0\u00bb1\/2&Prime; offset=\u00a0\u00bbvc_col-sm-offset-1&Prime;][vc_single_image image=\u00a0\u00bb384444&Prime;][\/vc_column][\/vc_row][\/vc_section][vc_section background_color=\u00a0\u00bbbgc-navy\u00a0\u00bb flair=\u00a0\u00bb%5B%7B%22hide_mobile%22%3A%22yes%22%7D%5D\u00a0\u00bb css=\u00a0\u00bb.vc_custom_1624046507099{background-image: url(https:\/\/www.genesys.com\/media\/genesys-choice-navy-bg.svg?id=384446) !important;}\u00a0\u00bb][vc_row][vc_column][vc_column_text]<\/p>\n<h3 style=\"text-align: center;\">B\u00e9n\u00e9ficiez de la flexibilit\u00e9 et du contr\u00f4le dont vous avez besoin<\/h3>\n<p>[\/vc_column_text][\/vc_column][\/vc_row][vc_row][vc_column width=\u00a0\u00bb1\/3&Prime;]<div class=\"component icon-list w-100  vertical text-center\"><i class=\"mb-1 icon-size-regular fak fa-gen-feature text-orange\"><\/i><h5 style=\"text-align: center;\">Faites \u00e9voluer vos services en un instant<\/h5>\n<p style=\"text-align: center;\">Arr\u00eatez l&rsquo;architecture pour une utilisation optimale. Faites \u00e9voluer et d\u00e9velopper vos services pour vous adapter aux fluctuations saisonni\u00e8res et aux pics de demande impr\u00e9vus.<\/p>\n<\/div>[\/vc_column][vc_column width=\u00a0\u00bb1\/3&Prime;]<div class=\"component icon-list w-100  vertical text-center\"><i class=\"mb-1 icon-size-regular fak fa-gen-mobile-self-service text-orange\"><\/i><h5 style=\"text-align: center;\">Contr\u00f4lez ce que vous utilisez<\/h5>\n<p style=\"text-align: center;\">Acc\u00e9dez aux caract\u00e9ristiques, fonctionnalit\u00e9s et innovations dont vous avez besoin \u00e0 partir de Genesys\u2122, \u00e9dition priv\u00e9e et Genesys Cloud\u2122.<\/p>\n<\/div>[\/vc_column][vc_column width=\u00a0\u00bb1\/3&Prime;]<div class=\"component icon-list w-100  vertical text-center\"><i class=\"mb-1 icon-size-regular fak fa-gen-graph-bar-marketing-sales text-orange\"><\/i><h5 style=\"text-align: center;\">Optimisez votre remise<\/h5>\n<p style=\"text-align: center;\">Appliquez Genesys Choice \u00e0 toutes les unit\u00e9s commerciales. Optimisez votre remise au niveau de l&rsquo;entreprise avec un seul contrat pour l&rsquo;ensemble de votre organisation.<\/p>\n<\/div>[\/vc_column][\/vc_row][\/vc_section][vc_section][vc_row][vc_column][vc_column_text]<\/p>\n<h3 style=\"text-align: center;\">G\u00e9rez l&rsquo;utilisation et les d\u00e9penses en toute confiance<\/h3>\n<p>[\/vc_column_text][\/vc_column][\/vc_row][vc_row][vc_column width=\u00a0\u00bb1\/2&Prime;]<div class=\"component icon-list w-100  vertical text-start\"><i class=\"mb-1 icon-size-regular fak fa-gen-lightbulb text-orange\"><\/i><h5>Innovez sans tracas<\/h5>\n<p>Profitez des nouvelles ressources et fonctionnalit\u00e9s d\u00e8s qu&rsquo;elles sont disponibles. L&rsquo;acc\u00e8s \u00e0 l&rsquo;innovation ne fait l&rsquo;objet d&rsquo;aucune n\u00e9gociation, il est int\u00e9gr\u00e9 \u00e0 Genesys Choice.<\/p>\n<\/div>[\/vc_column][vc_column width=\u00a0\u00bb1\/2&Prime;]<div class=\"component icon-list w-100  vertical text-start\"><i class=\"mb-1 icon-size-regular fak fa-gen-visible text-orange\"><\/i><h5>Consultez votre utilisation et vos d\u00e9penses<\/h5>\n<p>Le portail Genesys Choice offre une vue d&rsquo;ensemble de l&rsquo;utilisation et des d\u00e9penses par rapport \u00e0 votre engagement annuel, ce qui contribue \u00e0 garantir le respect du budget.<\/p>\n<\/div>[\/vc_column][vc_column width=\u00a0\u00bb1\/2&Prime;]<div class=\"component icon-list w-100  vertical text-start\"><i class=\"mb-1 icon-size-regular fak fa-gen-accelerator text-orange\"><\/i><h5>Modifiez selon les besoins de l&rsquo;entreprise<\/h5>\n<p>Obtenez les ressources dont vous avez besoin lorsque vous en avez besoin. Prenez le contr\u00f4le de votre entreprise en \u00e9changeant rapidement des r\u00e9f\u00e9rences ou en activant ou d\u00e9sactivant les fonctionnalit\u00e9s.<\/p>\n<\/div>[\/vc_column][vc_column width=\u00a0\u00bb1\/2&Prime;]<div class=\"component icon-list w-100  vertical text-start\"><i class=\"mb-1 icon-size-regular fak fa-gen-laptop-sales text-orange\"><\/i><h5>R\u00e9duisez la complexit\u00e9 de la facturation<\/h5>\n<p>L&rsquo;offre group\u00e9e simplifi\u00e9e est facile \u00e0 comprendre et rapide \u00e0 d\u00e9ployer. Obtenez un contrat unique avec un engagement annuel et une remise au niveau de l&rsquo;entreprise.<\/p>\n<\/div>[\/vc_column][\/vc_row][\/vc_section][vc_section background_color=\u00a0\u00bbbgc-light-blue\u00a0\u00bb flair=\u00a0\u00bb%5B%7B%22hide_mobile%22%3A%22yes%22%7D%5D\u00a0\u00bb css=\u00a0\u00bb.vc_custom_1624047261199{background-image: url(https:\/\/www.genesys.com\/media\/genesys-choice-lightblue-bg.svg?id=384445) !important;}\u00a0\u00bb][vc_row][vc_column][vc_column_text]<\/p>\n<h3 style=\"text-align: center;\">D\u00e9couvrez les possibilit\u00e9s de Genesys Choice<\/h3>\n<p>[\/vc_column_text][\/vc_column][\/vc_row][vc_row equal_height=\u00a0\u00bbyes\u00a0\u00bb][vc_column width=\u00a0\u00bb1\/3&Prime;]<a class=\"component card w-100 bgc-white vertical text-start nomedia   \" href=\"\/r\u00e9ussite-client\" target=\"\" rel=\"\" ><div class=\"card-body\"><h5>Obtenez une proposition personnalis\u00e9e<\/h5>\n<p>Si vous \u00eates d\u00e9j\u00e0 un client de Genesys, faites appel \u00e0 votre Customer Success Manager et demandez une proposition personnalis\u00e9e de Genesys Choice adapt\u00e9e \u00e0 vos besoins professionnels.<\/p>\n<\/div><div class=\"card-footer text-end\"><div class=\"btn-container \"><div class=\"small mt-0 chevron arrow arrow-primary \" href=\"#\" target=\"\" rel=\"\">En savoir plus<\/div><\/div><\/div><\/a>[\/vc_column][vc_column width=\u00a0\u00bb1\/3&Prime;]<a class=\"component card w-100 bgc-white vertical text-start nomedia   \" href=\"\/genesys-engage\" target=\"\" rel=\"\" ><div class=\"card-body\"><h5>Explorez Genesys<\/h5>\n<p>D\u00e9couvrez comment notre logiciel de centre de contact grand compte s&rsquo;adapte \u00e0 votre environnement d&rsquo;exp\u00e9rience client pour offrir des solutions de qualit\u00e9 \u00e0 grande \u00e9chelle.<\/p>\n<\/div><div class=\"card-footer text-end\"><div class=\"btn-container \"><div class=\"small mt-0 chevron arrow arrow-primary \" href=\"#\" target=\"\" rel=\"\">En savoir plus<\/div><\/div><\/div><\/a>[\/vc_column][vc_column width=\u00a0\u00bb1\/3&Prime;]<a class=\"component card w-100 bgc-white vertical text-start nomedia   \" href=\"\/resources\/genesys-engage-and-microsoft-azure-the-enterprise-buyers-guide-to-an-omnichannel-cloud-contact-center\" target=\"\" rel=\"\" ><div class=\"card-body\"><h5>Suivez vos prochaines \u00e9tapes<\/h5>\n<p>Le cloud change l&rsquo;engagement des clients. Obtenez le guide d&rsquo;achat de l&rsquo;entreprise pour un centre de contact omnicanal dans le cloud, d\u00e9velopp\u00e9 par Genesys et Microsoft.<\/p>\n<\/div><div class=\"card-footer text-end\"><div class=\"btn-container \"><div class=\"small mt-0 chevron arrow arrow-primary \" href=\"#\" target=\"\" rel=\"\">T\u00e9l\u00e9charger<\/div><\/div><\/div><\/a>[\/vc_column][\/vc_row][\/vc_section][vc_section flair=\u00a0\u00bb%5B%7B%22hide_mobile%22%3A%22yes%22%7D%5D\u00a0\u00bb el_id=\u00a0\u00bbdemo\u00a0\u00bb][vc_row][vc_column width=\u00a0\u00bb1\/2&Prime;][vc_column_text]<\/p>\n<h3>D\u00e9couvrez Genesys<\/h3>\n<p>D\u00e9couvrez tout ce que vous pouvez faire avec Genesys pour permettre des conversations sur les canaux num\u00e9riques et vocaux au sein d&rsquo;une interface simple et centralis\u00e9e.<\/p>\n<p>D\u00e9couvrez comment votre entreprise peut b\u00e9n\u00e9ficier d&rsquo;une solution aussi sophistiqu\u00e9e que riche en fonctionnalit\u00e9s, et transformez en un clin d&rsquo;\u0153il votre centre de contact en centre d&rsquo;exp\u00e9rience aliment\u00e9 par l&rsquo;IA.[\/vc_column_text][\/vc_column][vc_column width=\u00a0\u00bb1\/2&Prime;]<div class=\"eloq_form elq-container gmkto_form_type_hot gmkto_format_vertical\"><form method=\"post\" name=\"MasterLeadIntakeForm\" action=\"https:\/\/s1260946616.t.eloqua.com\/e\/f2\" data-proc=\"inline\" data-ppcount=\"5\" onsubmit=\"return proc_submit(this);\" class=\"beam-form elq-form init yesknown yesprefill yespp strict-check\"  data-target=\".thank-you\" ><div id=\"known_person\" style=\"display:none;\"><p class=\"welcome_user\"><span id=\"welcome_person\">Heureux de vous revoir,<\/span> <span id=\"person_info\"><span class=\"person_first\"><\/span>&nbsp;<span class=\"person_last\"><\/span><\/span><\/p><p class=\"delete_button\"><a class=\"deletemyrecord\">Ce n\u2019est pas vous ?<\/a><\/p><\/div><input value=\"MasterLeadIntakeForm\" type=\"hidden\" name=\"elqFormName\"><input value=\"1260946616\" type=\"hidden\" name=\"elqSiteId\"><input name=\"elqCampaignId\" type=\"hidden\"><input type=\"hidden\" name=\"elqCustomerGUID\" value=\"\"><input type=\"hidden\" name=\"elqCookieWrite\" value=\"0\"><input type=\"hidden\" name=\"client_ip_address\" id=\"fe449\" value=\"\"><div class=\"fields\"><input type=\"hidden\" name=\"CID\" id=\"fe198\" value=\"7011T000001kpokQAA\"><input type=\"hidden\" name=\"CID_STATUS\" id=\"fe281\" value=\"\"><input type=\"hidden\" name=\"redirect_url\" id=\"fe217\" value=\"\"><input type=\"hidden\" name=\"landing_page_url\" id=\"fe204\" value=\"https:\/\/www.genesys.com\/fr-fr\/wp-json\/wp\/v2\/pages\/409245\"><input type=\"hidden\" name=\"post_type\" id=\"fe448\" value=\"page\"><input type=\"hidden\" name=\"integration\" id=\"fe362\" value=\"\"><input type=\"hidden\" name=\"language_code\" id=\"fe479\" value=\"fr-fr\"><input type=\"hidden\" name=\"full_url\" id=\"fe983\" value=\"https:\/\/www.genesys.com\/fr-fr\/wp-json\/wp\/v2\/pages\/409245\"><input type=\"hidden\" name=\"post_id\" id=\"fe984\" value=\"409245\">\n    <div class=\"form-row row-email el_field form-floating\">\n        <input type=\"email\" class=\"form-control el_field elq-item-input required\" name=\"emailAddress\" id=\"fe192\" value=\"\" aria-label=\"E-mail professionnel\" placeholder=\"E-mail professionnel\">\n        <label for=\"fe192\">E-mail professionnel<span class=\"required-asterisk\">*<\/span><\/label>\n    <\/div>\n    <div class=\"form-row cb_available el_field form-floating\">\n        <input type=\"text\" class=\"form-control el_field elq-item-input cb_available  required\" name=\"firstName\" id=\"fe190\" value=\"\" placeholder=\"Pr\u00e9nom\">\n        <label for=\"fe190\">Pr\u00e9nom<span class=\"required-asterisk\">*<\/span><\/label>\n    <\/div>\n    <div class=\"form-row cb_available el_field form-floating\">\n        <input type=\"text\" class=\"form-control el_field elq-item-input cb_available required\" name=\"lastName\" id=\"fe191\" value=\"\" placeholder=\"Nom\">\n        <label for=\"fe191\">Nom<span class=\"required-asterisk\">*<\/span><\/label>\n    <\/div>\n    <div class=\"form-row form-floating el_field\">\n        <input type=\"tel\" class=\"form-control el_field elq-item-input required pre-exclude\" name=\"busPhone\" id=\"fe215\" value=\"\" placeholder=\"T\u00e9l\u00e9phone\">\n        <label for=\"fe215\">T\u00e9l\u00e9phone<span class=\"required-asterisk\">*<\/span><\/label>\n    <\/div>\n    <div class=\"form-row cb_available eloq_ppe el_field form-floating\">\n        <select class=\"form-select el_field elq-item-select cb_available required eloq_ppe\" id=\"fe219\" name=\"jobLevel1\" data-value=\"\">\n            <option selected=\"\" value=\"\"><\/option><option value=\"C-Level\">Cadre sup\u00e9rieur<\/option><option value=\"VP\">VP<\/option><option value=\"Director\">Directeur<\/option><option value=\"Manager\">Manager<\/option><option value=\"Principal\">Principal<\/option><option value=\"Engineer \/ Architect\">Ing\u00e9nieur\/Architecte<\/option><option value=\"Consultant\">Consultant<\/option><option value=\"Analyst\">Analyste<\/option><option value=\"Partner\">Partenaire<\/option><option value=\"Staff\">Personnel<\/option><option value=\"Unknown\">Autre<\/option>\n        <\/select>\n        <label for=\"fe219\">R\u00f4le<span class=\"required-asterisk\">*<\/span><\/label>\n    <\/div>\n    <div class=\"form-row cb_available eloq_ppe el_field form-floating\">\n        <select class=\"form-select el_field elq-item-select cb_available required eloq_ppe\" id=\"fe218\" name=\"jobFunction1\" data-value=\"\">\n            <option selected=\"\" value=\"\"><\/option>\n            <option value=\"Claims\">R\u00e9clamations<\/option><option value=\"Collections\">Collecte<\/option><option value=\"Contact Center Management\">Gestion du centre de contact<\/option><option value=\"Customer Experience\">Exp\u00e9rience client<\/option><option value=\"Customer Service\">Service client<\/option><option value=\"Ecommerce\/Digital Channels\">E-commerce\/canaux digitaux<\/option><option value=\"Finance\">Finance<\/option><option value=\"Human Resources\">Ressources humaines<\/option><option value=\"Influencer\">Influenceur<\/option><option value=\"Information Technology\">IT<\/option><option value=\"IT Architecture\">IT Architecture<\/option><option value=\"IT Infrastructure\">IT Infrastructure<\/option><option value=\"IVR\">SVI<\/option><option value=\"Marketing\">Marketing<\/option><option value=\"Operations \/ Process Management\">Gestion des op\u00e9rations\/processus<\/option><option value=\"Production Management\">Gestion de la production<\/option><option value=\"Purchasing\">Achats<\/option><option value=\"Sales\">Ventes<\/option><option value=\"Unknown\">Autre<\/option>\n        <\/select>\n        <label for=\"fe218\">D\u00e9partement<span class=\"required-asterisk\">*<\/span><\/label>\n    <\/div>\n    <div class=\"form-row cb_available eloq_ppe el_field form-floating\">\n        <input type=\"text\" class=\"form-control el_field elq-item-input cb_available required eloq_ppe\" name=\"company\" id=\"fe193\" value=\"\" placeholder=\"Nom de la soci\u00e9t\u00e9\">\n        <label for=\"fe193\">Nom de la soci\u00e9t\u00e9<span class=\"required-asterisk\">*<\/span><\/label>\n    <\/div>\n    <div class=\"form-row cb_available eloq_ppe el_field form-floating\">\n        <select class=\"form-select el_field elq-item-select cb_available required eloq_ppe\" id=\"fe194\" name=\"country\" data-value=\"\">\n            <option value=\"\"><\/option>\n            <!-- Add country options here -->\n        <\/select>\n        <label for=\"fe194\">Pays<span class=\"required-asterisk\">*<\/span><\/label>\n    <\/div>\n    <div class=\"form-row cb_available country_dep el_field form-floating\">\n        <select class=\"form-select el_field elq-item-select cb_available required eloq_ppe\" id=\"fe214\" name=\"stateProv\" data-value=\"\">\n            <option selected=\"\" value=\"\"><\/option>\n        <\/select>\n        <label for=\"fe214\">D\u00e9partement\/r\u00e9gion<span class=\"required-asterisk\">*<\/span><\/label>\n    <\/div>\n    <div class=\"form-row cb_available eloq_ppe el_field form-floating\">\n        <input type=\"text\" class=\"form-control el_field elq-item-input cb_available required eloq_ppe\" name=\"website1\" id=\"fe801\" value=\"\" placeholder=\"Your Website\">\n        <label for=\"fe801\">Your Website<span class=\"required-asterisk\">*<\/span><\/label>\n    <\/div>\n    <div class=\"form-row cb_available eloq_ppe el_field form-floating\">\n        <input type=\"text\" class=\"form-control el_field elq-item-input cb_available required eloq_ppe\" name=\"city\" id=\"fe226\" value=\"\" placeholder=\"Ville\">\n        <label for=\"fe226\">Ville<span class=\"required-asterisk\">*<\/span><\/label>\n    <\/div>\n    <div class=\"form-row cb_available eloq_ppe el_field form-floating\">\n        <input type=\"text\" class=\"form-control el_field elq-item-input cb_available required eloq_ppe\" name=\"title\" id=\"fe220\" value=\"\" placeholder=\"Intitul\u00e9 du poste\">\n        <label for=\"fe220\">Intitul\u00e9 du poste<span class=\"required-asterisk\">*<\/span><\/label>\n    <\/div>\n    <div class=\"form-row cb_available eloq_ppe el_field form-floating\">\n        <select class=\"form-select el_field elq-item-select cb_available required eloq_ppe\" id=\"fe221\" name=\"industry1\" data-value=\"\">\n            <option value=\"\" ><\/option>\n            <option value=\"Banking\">Banque<\/option><option value=\"Business Services\">Services commerciaux<\/option><option value=\"Capital Markets\">Capital Markets<\/option><option value=\"Communications\">Communications<\/option><option value=\"Consumer Products\">Consumer Products<\/option><option value=\"Defense & Intelligence\">Defense & Intelligence<\/option><option value=\"Education & Non-Profit\">Education & Non-Profit<\/option><option value=\"Energy & Utilities\">\u00c9nergie et services publics<\/option><option value=\"Entertainment\">Divertissement<\/option><option value=\"Government\">Service public<\/option><option value=\"Insurance\">Assurance<\/option><option value=\"Life Sciences\">Life Sciences<\/option><option value=\"Logistics\">Logistics<\/option><option value=\"Manufacturing\">Manufacturing<\/option><option value=\"Payors\">Payors<\/option><option value=\"Providers\">Providers<\/option><option value=\"Retailers\">Retailers<\/option><option value=\"Technology\">Technologies<\/option><option value=\"Travel & Hospitality\">Travel & Hospitality<\/option><option value=\"Retail Banking\">Retail Banking<\/option><option value=\"Other\">Autre<\/option>\n        <\/select>\n        <label for=\"fe221\">Industrie<span class=\"required-asterisk\">*<\/span><\/label>\n    <\/div>\n    <div class=\"form-row cb_available eloq_ppe el_field form-floating\">\n        <select class=\"form-select el_field elq-item-select cb_available required eloq_ppe\" id=\"fe222\" name=\"levelofInterest1\" data-value=\"\">\n            <option value=\"\"><\/option>\n            <option value=\"Just researching\">Recherches pr\u00e9liminaires<\/option><option value=\"Gathering business requirements\">\u00c9tablissement d\u2019un cahier des charges<\/option><option value=\"Comparing solutions\">Comparaison de solutions<\/option><option value=\"Ready for a conversation\">Pr\u00eat \u00e0 engager une discussion<\/option>\n        <\/select>\n        <label for=\"fe222\">Domaine d\u2019int\u00e9r\u00eat<span class=\"required-asterisk\">*<\/span><\/label>\n    <\/div>\n    <div class=\"form-row cb_available eloq_ppe el_field form-floating\">\n        <select class=\"form-select el_field elq-item-select cb_available required eloq_ppe\" id=\"fe225\" name=\"numberofAgentsForm1\" data-value=\"\">\n            <option value=\"\"><\/option>\n            <option value=\"1-20\">1 \u00e0 20<\/option><option value=\"21-50\">21 \u00e0 50<\/option><option value=\"51-100\">51 \u00e0 100<\/option><option value=\"101-300\">101 \u00e0 300<\/option><option value=\"301-500\">301 \u00e0 500<\/option><option value=\"501-1000\">501 \u00e0 1\u00a0000<\/option><option value=\">1000\">Plus de 1\u00a0000<\/option><option value=\"No Contact Center\">Pas un centre de contact<\/option><option value=\"Don't Know\">Ne sait pas<\/option>\n        <\/select>\n        <label for=\"fe225\">Nombre de postes agents<span class=\"required-asterisk\">*<\/span><\/label>\n    <\/div><div class=\"form-check single-checkbox-row form-row gdpr-field white-box \"><input type=\"checkbox\" class=\"el_field eloq_ppe\" name=\"explicitConsentEmailPhone\" id=\"fe224\" val=\"\"><label class=\"checkbox-aligned elq-item-label\" for=\"fe224\">Oui. Me tenir inform\u00e9 par e-mail ou par t\u00e9l\u00e9phone des informations relatives \u00e0 Genesys.<\/label><\/div><div class=\"single-checkbox-row form-row white-box \"><input type=\"checkbox\" class=\"el_field eloq_ppe\" name=\"contactMe\" id=\"fe509\" val=\"\"><label class=\"checkbox-aligned elq-item-label\" for=\"fe509\">Je souhaite \u00eatre contact\u00e9 par un expert CX<\/label><\/div><input type=\"hidden\" data-query=\"utm_medium\" name=\"utm_medium\" id=\"fe199\" value=\"\"><input type=\"hidden\" data-query=\"utm_source\" name=\"utm_source\" id=\"fe200\" value=\"\"><input type=\"hidden\" data-query=\"utm_campaign\" name=\"utm_campaign\" id=\"fe201\" value=\"\"><input type=\"hidden\" data-query=\"utm_term\" name=\"utm_term\" id=\"fe202\" value=\"\"><input type=\"hidden\" data-query=\"utm_content\" name=\"utm_content\" id=\"fe203\" value=\"\"><input type=\"hidden\" data-query=\"ost_tool\" name=\"ost_tool\" id=\"fe293\" value=\"\"><input type=\"hidden\" data-query=\"ost_campaign\" name=\"ost_campaign\" id=\"fe294\" value=\"\"><input type=\"hidden\" data-query=\"ost_content\" name=\"ost_content\" id=\"fe295\" value=\"\"><input type=\"hidden\" data-query=\"blaid\" name=\"eloquaBLAID_c\" id=\"fe3099\" value=\"\"><input type=\"hidden\" data-query=\"gclid\" name=\"gCLID1\" id=\"fe283\" value=\"\"><input type=\"hidden\" data-query=\"mkwid\" name=\"mKWID1\" id=\"fe678\" value=\"\"><input type=\"hidden\" name=\"gAClientID1\" id=\"fe284\" value=\"\"><input type=\"hidden\" name=\"noteCreatorTitle1\" id=\"fe313\" value=\"\"><input type=\"hidden\" name=\"webContentAutoResponderDefault\" id=\"fe286\" value=\"Hot Lead\"><input type=\"hidden\" name=\"webContentAutoResponderTitle\" id=\"fe287\" value=\"\"><input type=\"hidden\" name=\"webContentAutoResponderURL\" id=\"fe288\" value=\"\"><input type=\"hidden\" name=\"noteCreator2\" id=\"fe478\" value=\"\"><input type=\"hidden\" class=\"yesprefill\" name=\"neverbounceResult1\" id=\"fe640\" value=\"OFF\"><input type=\"hidden\" class=\"yesprefill\" name=\"neverbounceFlags1\" id=\"fe641\" value=\"OFF\"><input type=\"hidden\" class=\"yesprefill\" name=\"neverbounceSuggestedCorrection1\" id=\"fe642\" value=\"6sense\"><input type=\"hidden\" name=\"clearbitPersonID1\" id=\"fe630\" value=\"\"><input type=\"hidden\" name=\"clearbitFieldCount1\" id=\"fe633\" value=\"\"><input type=\"hidden\" name=\"clearbitTitle1\" id=\"fe646\" value=\"\"><input type=\"hidden\" name=\"clearbitRole1\" id=\"fe631\" value=\"\"><input type=\"hidden\" name=\"clearbitNumberofEmployees1\" id=\"fe647\" value=\"\"><input type=\"hidden\" name=\"clearbitNumberofEmployeesRange1\" id=\"fe648\" value=\"\"><input type=\"hidden\" name=\"clearbitWebsite1\" id=\"fe802\" value=\"\"><input type=\"hidden\" name=\"browserUserAgent\" id=\"fe3319\" value=\"\"><input type=\"text\" class=\"honeypp\" name=\"honeypp\" id=\"honeypp\" value=\"\" ><input role=\"button\" aria-label=\"R\u00e9server une d\u00e9monstration\" type=\"Submit\" class=\"submit-button-style btn btn-primary \" value=\"R\u00e9server une d\u00e9monstration\" id=\"fe195\"><div class=\"loading\"><\/div><div class=\"gdpr-field form-row white-box legal\"><span>En fournissant vos informations, vous acceptez notre <a href=\"https:\/\/www.genesys.com\/company\/legal\/privacy-policy\" target=\"_blank\">politique de confidentialit\u00e9<\/a><\/span><\/div><\/div><\/form><\/div>[vc_column_text el_class=\u00a0\u00bbthank-you\u00a0\u00bb]<\/p>\n<h4>Merci de votre int\u00e9r\u00eat.<\/h4>\n<p>Nous vous contacterons directement pour d\u00e9finir la date et l&rsquo;heure qui vous conviennent.[\/vc_column_text][\/vc_column][\/vc_row][\/vc_section]<\/p>\n<\/div>","protected":false},"excerpt":{"rendered":"<p>[vc_section background_color=\u00a0\u00bbbgc-light-blue\u00a0\u00bb flair=\u00a0\u00bb%5B%7B%22hide_mobile%22%3A%22yes%22%7D%5D\u00a0\u00bb css=\u00a0\u00bb.vc_custom_1624046097327{background-image: url(https:\/\/www.genesys.com\/media\/genesys-choice-hero-bg.svg?id=384443) !important;}\u00a0\u00bb][vc_row content_placement=\u00a0\u00bbmiddle\u00a0\u00bb][vc_column width=\u00a0\u00bb5\/12&Prime;][vc_column_text] Genesys Choice Profitez de la libert\u00e9 de choisir ce que vous voulez, quand vous voulez[\/vc_column_text][\/vc_column][vc_column v_align=\u00a0\u00bbflexend\u00a0\u00bb width=\u00a0\u00bb1\/2&Prime; offset=\u00a0\u00bbvc_col-sm-offset-1&Prime;][vc_single_image image=\u00a0\u00bb384442&Prime; alignment=\u00a0\u00bbcenter\u00a0\u00bb si_max_width=\u00a0\u00bb414px\u00a0\u00bb css=\u00a0\u00bb.vc_custom_1624046052243{margin-bottom: -4.167rem !important;}\u00a0\u00bb][\/vc_column][\/vc_row][\/vc_section][vc_section][vc_row content_placement=\u00a0\u00bbmiddle\u00a0\u00bb][vc_column width=\u00a0\u00bb5\/12&Prime;][vc_column_text] Une nouvelle fa\u00e7on d&rsquo;acheter et de consommer Avec Genesys Choice, vous pouvez acheter et utiliser de mani\u00e8re flexible n&rsquo;importe quelle technologie [&hellip;]<\/p>\n","protected":false},"author":1,"featured_media":0,"parent":0,"menu_order":0,"comment_status":"closed","ping_status":"closed","template":"","meta":{"_acf_changed":false,"footnotes":""},"class_list":["post-409245","page","type-page","status-publish","hentry"],"acf":[],"_links":{"self":[{"href":"https:\/\/www.genesys.com\/fr-fr\/wp-json\/wp\/v2\/pages\/409245","targetHints":{"allow":["GET"]}}],"collection":[{"href":"https:\/\/www.genesys.com\/fr-fr\/wp-json\/wp\/v2\/pages"}],"about":[{"href":"https:\/\/www.genesys.com\/fr-fr\/wp-json\/wp\/v2\/types\/page"}],"author":[{"embeddable":true,"href":"https:\/\/www.genesys.com\/fr-fr\/wp-json\/wp\/v2\/users\/1"}],"replies":[{"embeddable":true,"href":"https:\/\/www.genesys.com\/fr-fr\/wp-json\/wp\/v2\/comments?post=409245"}],"version-history":[{"count":4,"href":"https:\/\/www.genesys.com\/fr-fr\/wp-json\/wp\/v2\/pages\/409245\/revisions"}],"predecessor-version":[{"id":411109,"href":"https:\/\/www.genesys.com\/fr-fr\/wp-json\/wp\/v2\/pages\/409245\/revisions\/411109"}],"wp:attachment":[{"href":"https:\/\/www.genesys.com\/fr-fr\/wp-json\/wp\/v2\/media?parent=409245"}],"curies":[{"name":"wp","href":"https:\/\/api.w.org\/{rel}","templated":true}]}}