{"id":384688,"date":"2021-03-31T11:13:07","date_gmt":"2021-03-31T18:13:07","guid":{"rendered":"https:\/\/www.genesys.com\/?page_id=384688"},"modified":"2025-12-16T18:45:00","modified_gmt":"2025-12-17T02:45:00","slug":"global-strategic-alliances","status":"publish","type":"page","link":"https:\/\/www.genesys.com\/fr-fr\/partners\/global-strategic-alliances","title":{"rendered":"Alliances strat\u00e9giques"},"content":{"rendered":"<div class=\"wpb-content-wrapper\"><p>[vc_section sec_modern_width=\u00a0\u00bbenable\u00a0\u00bb background_color=\u00a0\u00bbbgc-lgray\u00a0\u00bb flair=\u00a0\u00bb%5B%7B%22flair_type%22%3A%22f_type_image%22%2C%22hide_mobile%22%3A%22yes%22%7D%5D\u00a0\u00bb vib=\u00a0\u00bbenable\u00a0\u00bb css=\u00a0\u00bb.vc_custom_1749627119105{background-position: center !important;background-repeat: no-repeat !important;background-size: cover !important;}\u00a0\u00bb][vc_row][vc_column width=\u00a0\u00bb1\/2&Prime;][vc_column_text css=\u00a0\u00bb\u00a0\u00bb]<\/p>\n<h1 class=\"no-balance\">Nos partenaires strat\u00e9giques donnent vie \u00e0 l&rsquo;orchestration de l&rsquo;exp\u00e9rience pilot\u00e9e par\u00a0IA<\/h1>\n<p>Nos partenaires strat\u00e9giques ont \u00e9t\u00e9 tri\u00e9s sur le volet pour leur leadership technologique et la qualit\u00e9 de leurs services, ainsi que pour leur engagement \u00e0 incarner les valeurs de Genesys.[\/vc_column_text][\/vc_column][vc_column width=\u00a0\u00bb5\/12&Prime; offset=\u00a0\u00bbvc_col-sm-offset-1&Prime;][vc_single_image image=\u00a0\u00bb577762&Prime; css=\u00a0\u00bb\u00a0\u00bb rounded_corners=\u00a0\u00bbrounded-xs\u00a0\u00bb][\/vc_column][\/vc_row][\/vc_section][vc_section][vc_row][vc_column width=\u00a0\u00bb1\/2&Prime;][vc_column_text css=\u00a0\u00bb\u00a0\u00bb]<\/p>\n<h2>Des partenariats qui acc\u00e9l\u00e8rent votre r\u00e9ussite<\/h2>\n<p>Reconnus pour leur leadership, tous nos partenaires technologiques apportent une valeur unique \u00e0 chaque client et \u00e0 chaque interaction. Voici leurs principaux avantages\u00a0:[\/vc_column_text][\/vc_column][vc_column width=\u00a0\u00bb1\/2&Prime;][\/vc_column][\/vc_row][vc_row][vc_column width=\u00a0\u00bb1\/4&Prime;][vc_column_text ct_style=\u00a0\u00bblist-block\u00a0\u00bb css=\u00a0\u00bb\u00a0\u00bb]<\/p>\n<h3 class=\"h5\">Leadership technologique et innovation<\/h3>\n<p>Notre expertise, notre connaissance du secteur et notre parcours jalonn\u00e9 de nombreux succ\u00e8s vous permettent de concr\u00e9tiser votre vision la plus ambitieuse pour votre exp\u00e9rience client.[\/vc_column_text][\/vc_column][vc_column width=\u00a0\u00bb1\/4&Prime;][vc_column_text ct_style=\u00a0\u00bblist-block\u00a0\u00bb css=\u00a0\u00bb\u00a0\u00bb]<\/p>\n<h3 class=\"h5\">Acc\u00e8s mondial aux march\u00e9s et aux clients<\/h3>\n<p>Nos partenaires sont des entreprises internationales, \u00e0 la t\u00eate de grandes marques et qui ont gagn\u00e9 la confiance de milliers de clients. Reconnus pour leurs technologies innovantes, ils fonctionnent en parfaite synergie avec Genesys.[\/vc_column_text][\/vc_column][vc_column width=\u00a0\u00bb1\/4&Prime;][vc_column_text ct_style=\u00a0\u00bblist-block\u00a0\u00bb css=\u00a0\u00bb\u00a0\u00bb]<\/p>\n<h3 class=\"h5\">Solutions SaaS scalables<\/h3>\n<p>Les int\u00e9grations technologiques de nos partenaires permettent aux agents de r\u00e9pondre simplement et instantan\u00e9ment aux pics inattendus de demandes des clients.[\/vc_column_text][\/vc_column][vc_column width=\u00a0\u00bb1\/4&Prime;][vc_column_text ct_style=\u00a0\u00bblist-block\u00a0\u00bb css=\u00a0\u00bb\u00a0\u00bb]<\/p>\n<h3 class=\"h5\">Acc\u00e9l\u00e9rez l\u2019atteinte de vos objectifs m\u00e9tiers<\/h3>\n<p>En combinant les points forts des innovateurs du monde entier, vous cr\u00e9ez plus de valeur et atteignez vos objectifs plus rapidement en s\u00e9lectionnant des solutions en phase avec vos besoins.[\/vc_column_text][\/vc_column][\/vc_row][\/vc_section][vc_section sec_modern_width=\u00a0\u00bbenable\u00a0\u00bb background_color=\u00a0\u00bbbgc-lgray\u00a0\u00bb flair=\u00a0\u00bb%5B%7B%22flair_type%22%3A%22f_type_image%22%2C%22hide_mobile%22%3A%22yes%22%7D%5D\u00a0\u00bb css=\u00a0\u00bb.vc_custom_1749627756591{background-image: url(https:\/\/www.genesys.com\/media\/Genesys_Threads_209.png?id=569364) !important;}\u00a0\u00bb el_class=\u00a0\u00bbbg-cover bg-150-md bg-center bg-norepeat\u00a0\u00bb][vc_row r_gutter_size=\u00a0\u00bbgutter-small\u00a0\u00bb background_color=\u00a0\u00bbbgc-glass\u00a0\u00bb equal_height=\u00a0\u00bbyes\u00a0\u00bb el_class=\u00a0\u00bbpy-3 px-1 px-lg-3 rounded mt-0&Prime;][vc_column offset=\u00a0\u00bbvc_col-md-7&Prime; el_class=\u00a0\u00bbmb-1&Prime;][vc_column_text css=\u00a0\u00bb\u00a0\u00bb]<\/p>\n<h2>Alliances strat\u00e9giques Genesys<\/h2>\n<p>[\/vc_column_text][\/vc_column][vc_column elemental_order=\u00a0\u00bborder-5&Prime; offset=\u00a0\u00bbvc_col-md-5&Prime; el_class=\u00a0\u00bbmt-2 mt-lg-0&Prime;][\/vc_column][vc_column width=\u00a0\u00bb1\/3&Prime;]<a class=\"component card w-100 bgc-white vertical text-start   has-card-header  \" href=\"\/fr-fr\/partners\/global-strategic-alliances\/aws\" target=\"\" rel=\"\" ><div class=\"card-header p-1 bgc-lgray d-flex justify-content-center align-items-center\" style=\"min-height:165px;\"><img decoding=\"async\" style=\"max-width:150px;\"width=\"1600\" height=\"957\" src=\"https:\/\/www.genesys.com\/media\/AWS_logo_RGB_SQUID_INK-1.png\" alt=\"AWS_logo_RGB_SQUID_INK\" ><\/div><div class=\"card-body\"><h3 class=\"h5\">Amazon\u00a0Web\u00a0Services<\/h3>\n<p>Offrez l&rsquo;avenir de l&rsquo;orchestration de l&rsquo;exp\u00e9rience avec Genesys\u00a0Cloud. La plateforme leader pilot\u00e9e par\u00a0IA et con\u00e7ue sur AWS vous rapproche de vos clients et de vos collaborateurs \u00e0 chaque interaction.<\/p>\n<p>Acc\u00e9l\u00e9rez le time\u2011to\u2011market\u00a0(TTM) gr\u00e2ce \u00e0 des capacit\u00e9s d&rsquo;IA pr\u00eates \u00e0 l&#8217;emploi et activ\u00e9es par des services AWS comme Amazon Bedrock. Ainsi, vous pouvez d\u00e9ployer et int\u00e9grer Genesys\u00a0Cloud au-del\u00e0 du centre de contact.<\/p>\n<p>Seul le partenariat Genesys et AWS vous offre une telle flexibilit\u00e9, une telle fiabilit\u00e9 et une telle scalabilit\u00e9. Aucun autre fournisseur de services cloud ne peut en dire autant.<\/p>\n<p>Rentabilisez votre investissement Genesys et effectuez vos achats sur AWS\u00a0Marketplace pour r\u00e9aliser des \u00e9conomies suppl\u00e9mentaires.<\/p>\n<\/div><div class=\"card-footer text-end\"><div class=\"btn-container \"><div class=\"small mt-0 chevron arrow arrow-primary \" href=\"#\" target=\"\" rel=\"\">En savoir plus<\/div><\/div><\/div><\/a>[\/vc_column][vc_column width=\u00a0\u00bb1\/3&Prime;]<a class=\"component card w-100 bgc-white vertical text-start   has-card-header  \" href=\"\/fr-fr\/partners\/global-strategic-alliances\/salesforce\" target=\"\" rel=\"\" ><div class=\"card-header p-1 bgc-lgray d-flex justify-content-center align-items-center\" style=\"min-height:165px;\"><img decoding=\"async\" style=\"max-width:170px;\"width=\"1134\" height=\"794\" src=\"https:\/\/www.genesys.com\/media\/Salesforce_Corporate_Logo_RGB.png\" alt=\"Salesforce_Corporate_Logo_RGB\" ><\/div><div class=\"card-body\"><h3 class=\"h5\">Salesforce<\/h3>\n<p>Salesforce et Genesys aident les entreprises \u00e0 rassembler les donn\u00e9es, les conseillers, les bots et les canaux de communication pour cr\u00e9er des exp\u00e9riences clients et collaborateurs plus efficaces de bout en bout. Gr\u00e2ce \u00e0 une nouvelle int\u00e9gration native entre la plateforme Genesys\u00a0Cloud et Salesforce Service\u00a0Cloud, la solution combine les fonctionnalit\u00e9s de centre de contact d\u2019entreprise et de Workforce Engagement Management\u00a0(WEM) pour faciliter les t\u00e2ches des conseillers et des superviseurs. Gr\u00e2ce au partage bidirectionnel des donn\u00e9es entre les plateformes, les entreprises peuvent \u00e9liminer les silos et mieux comprendre les interactions, le comportement et l\u2019historique des clients tout au long de leur parcours.<\/p>\n<\/div><div class=\"card-footer text-end\"><div class=\"btn-container \"><div class=\"small mt-0 chevron arrow arrow-primary \" href=\"#\" target=\"\" rel=\"\">En savoir plus<\/div><\/div><\/div><\/a>[\/vc_column][vc_column width=\u00a0\u00bb1\/3&Prime;]<a class=\"component card w-100 bgc-white vertical text-start   has-card-header  \" href=\"\/fr-fr\/blog\/post\/3-keys-to-delivering-unified-experiences-with-genesys-and-servicenow\" target=\"\" rel=\"\" ><div class=\"card-header p-1 bgc-lgray d-flex justify-content-center align-items-center\" style=\"min-height:165px;\"><img decoding=\"async\" style=\"max-width:250px;\"width=\"250\" height=\"36\" src=\"https:\/\/www.genesys.com\/media\/sn-logo-color.png\" alt=\"sn-logo-color\" ><\/div><div class=\"card-body\"><h3 class=\"h5\">ServiceNow<\/h3>\n<p>Genesys et ServiceNow collaborent pour am\u00e9liorer les exp\u00e9riences des clients et des collaborateurs. Les deux partenaires pr\u00e9voient d\u2019int\u00e9grer la plateforme Genesys\u00a0Cloud\u2122 au Customer Service Management\u00a0(CSM) de ServiceNow pour fournir aux entreprises du monde entier une solution cl\u00e9 en main pilot\u00e9e par\u00a0IA sous le nom de \u00ab\u00a0Unified Experience from Genesys and ServiceNow\u00a0\u00bb. En combinant l\u2019IA, l\u2019automatisation et les fonctionnalit\u00e9s digitales de pointe des deux entreprises, Unified Experience r\u00e9unit le meilleur de chaque plateforme pour unifier les \u00e9quipes de service client via un poste de travail unique, centraliser le routage entre les services et les canaux et optimiser l\u2019engagement collaborateur pour des exp\u00e9riences clients plus personnalis\u00e9es et des exp\u00e9riences collaborateurs simplifi\u00e9es.<\/p>\n<\/div><div class=\"card-footer text-end\"><div class=\"btn-container \"><div class=\"small mt-0 chevron arrow arrow-primary \" href=\"#\" target=\"\" rel=\"\">En savoir plus<\/div><\/div><\/div><\/a>[\/vc_column][\/vc_row][\/vc_section][vc_section][vc_row r_gutter_size=\u00a0\u00bbgutter-small\u00a0\u00bb equal_height=\u00a0\u00bbyes\u00a0\u00bb][vc_column]<a class=\"component-cta-block card w-100 h-100 bgc-lgray centered cta-text-start \"  href=\"\/fr-fr\/resources\/cx-ecosystem\" target=\"\" rel=\"\"><div class=\"row align-items-center image-stack cta-tiny-padding card-body\"><div class=\"col-12 col-md-5 offset-md-1 no-offset\"><div class=\"content-container\"><h3>Offrez une exp\u00e9rience de niveau sup\u00e9rieur gr\u00e2ce \u00e0 un \u00e9cosyst\u00e8me\u00a0CX pilot\u00e9 par\u00a0IA<\/h3>\n<p>D\u00e9couvrez comment Genesys\u00a0Cloud et ses partenaires acc\u00e9l\u00e8rent le service, r\u00e9duisent les co\u00fbts et renforcent la fid\u00e9lit\u00e9 client<\/p>\n<\/div><div class=\" btn-container mt-2\"><div class=\"btn btn-primary\">T\u00e9l\u00e9chargez l'eBook<\/div><\/div><\/div><div class=\"col-image offset-0 offset-md-1 col-md-5 flex-column justify-content-center mt-1 mt-lg-0 img-top-container no-offset flex-column justify-content-center mt-1 mt-lg-0 img-top-container\"><img decoding=\"async\" width=\"508\" height=\"474\" src=\"https:\/\/www.genesys.com\/media\/cta_block_img-CX_Ecosystem_ebook.png\" alt=\"\" class=\"rounded\"><\/div><\/div><\/a>[\/vc_column][\/vc_row][\/vc_section][vc_section][vc_row][vc_column][vc_column_text]<\/p>\n<h2 class=\"h3\" style=\"text-align: center;\">Ressources<\/h2>\n<p>[\/vc_column_text][\/vc_column][\/vc_row][vc_row r_gutter_size=\u00a0\u00bbgutter-small\u00a0\u00bb equal_height=\u00a0\u00bbyes\u00a0\u00bb][vc_column]<div class=\"related-posts-container next-steps-module w-100\"><div class=\"inner-container scrollable-row-container\"><div class=\"row align-items-stretch gutter-small col-count-2 scrollable-row\"><div class=\"col-md-6 horizontal-cards grid-item card-col item-image grid_type-resources\"><a class=\"card w-100 h-100 bgc-lgray component horizontal text-start thumbnail chevron-only\" href=\"https:\/\/www.genesys.com\/fr-fr\/resources\/product-overview-cx-cloud-from-genesys-and-salesforce\"><div class=\"row align-items-center\"><div class=\"col-12 col-md-5 col-lg-6\"><div class=\"thumbnail-col thubmnail\"><img decoding=\"async\" src=\"https:\/\/www.genesys.com\/media\/Product-Overview-Genesys-SFDC-thumb.png\" height=\"480\" width=\"880\" alt=\"Product overview   genesys  sfdc thumb\"><\/div><\/div><div class=\"col-12 col-md-7 col-lg-6\"><div class=\"card-body text-col ps-0\"><p class=\"assettag\">Pr\u00e9sentation du produit<\/p><h3 class=\"item-title h6\">CX\u00a0Cloud de Genesys et Salesforce<\/h3><\/div><div class=\"card-footer text-end ps-0\"><div class=\"justify-content-end btn-container\"><div class=\"btn chevron small only btn-secondary\"><\/div><\/div><\/div><\/div><\/div><\/a><\/div><div class=\"col-md-6 horizontal-cards item-image grid-item card-col item-image grid_type-\"><a class=\"card w-100 h-100 bgc-lgray component horizontal text-start thumbnail chevron-only\" href=\"https:\/\/www.genesys.com\/resources\/making-generative-ai-part-of-the-team-with-genesys\"><div class=\"row align-items-center\"><div class=\"col-12 col-md-5 col-lg-6\"><div class=\"thumbnail-col thubmnail\"><img decoding=\"async\" src=\"https:\/\/www.genesys.com\/media\/Making-AWS-gen-AI-part-of-Genesys\u200b.jpg\" height=\"480\" width=\"823\" alt=\"Making aws gen ai part of genesys\u200b\"><\/div><\/div><div class=\"col-12 col-md-7 col-lg-6\"><div class=\"card-body text-col ps-0\"><p class=\"assettag\">Video<\/p><h3 class=\"item-title h6\">Making Generative AI Part of the Team with Genesys<\/h3><\/div><div class=\"card-footer text-end ps-0\"><div class=\"justify-content-end btn-container\"><div class=\"btn chevron small only btn-secondary\"><\/div><\/div><\/div><\/div><\/div><\/a><\/div><\/div><\/div><\/div>[\/vc_column][\/vc_row][\/vc_section]<\/p>\n<\/div>","protected":false},"excerpt":{"rendered":"<p>[vc_section sec_modern_width=\u00a0\u00bbenable\u00a0\u00bb background_color=\u00a0\u00bbbgc-lgray\u00a0\u00bb flair=\u00a0\u00bb%5B%7B%22flair_type%22%3A%22f_type_image%22%2C%22hide_mobile%22%3A%22yes%22%7D%5D\u00a0\u00bb vib=\u00a0\u00bbenable\u00a0\u00bb css=\u00a0\u00bb.vc_custom_1749627119105{background-position: center !important;background-repeat: no-repeat !important;background-size: cover !important;}\u00a0\u00bb][vc_row][vc_column width=\u00a0\u00bb1\/2&Prime;][vc_column_text css=\u00a0\u00bb\u00a0\u00bb] Nos partenaires strat\u00e9giques donnent vie \u00e0 l&rsquo;orchestration de l&rsquo;exp\u00e9rience pilot\u00e9e par\u00a0IA Nos partenaires strat\u00e9giques ont \u00e9t\u00e9 tri\u00e9s sur le volet pour leur leadership technologique et la qualit\u00e9 de leurs services, ainsi que pour leur engagement \u00e0 incarner les valeurs de Genesys.[\/vc_column_text][\/vc_column][vc_column [&hellip;]<\/p>\n","protected":false},"author":1,"featured_media":0,"parent":78743,"menu_order":0,"comment_status":"closed","ping_status":"closed","template":"","meta":{"_acf_changed":false,"footnotes":""},"class_list":["post-384688","page","type-page","status-publish","hentry"],"acf":[],"_links":{"self":[{"href":"https:\/\/www.genesys.com\/fr-fr\/wp-json\/wp\/v2\/pages\/384688","targetHints":{"allow":["GET"]}}],"collection":[{"href":"https:\/\/www.genesys.com\/fr-fr\/wp-json\/wp\/v2\/pages"}],"about":[{"href":"https:\/\/www.genesys.com\/fr-fr\/wp-json\/wp\/v2\/types\/page"}],"author":[{"embeddable":true,"href":"https:\/\/www.genesys.com\/fr-fr\/wp-json\/wp\/v2\/users\/1"}],"replies":[{"embeddable":true,"href":"https:\/\/www.genesys.com\/fr-fr\/wp-json\/wp\/v2\/comments?post=384688"}],"version-history":[{"count":22,"href":"https:\/\/www.genesys.com\/fr-fr\/wp-json\/wp\/v2\/pages\/384688\/revisions"}],"predecessor-version":[{"id":608793,"href":"https:\/\/www.genesys.com\/fr-fr\/wp-json\/wp\/v2\/pages\/384688\/revisions\/608793"}],"up":[{"embeddable":true,"href":"https:\/\/www.genesys.com\/fr-fr\/wp-json\/wp\/v2\/pages\/78743"}],"wp:attachment":[{"href":"https:\/\/www.genesys.com\/fr-fr\/wp-json\/wp\/v2\/media?parent=384688"}],"curies":[{"name":"wp","href":"https:\/\/api.w.org\/{rel}","templated":true}]}}