{"id":384685,"date":"2021-03-31T11:06:55","date_gmt":"2021-03-31T18:06:55","guid":{"rendered":"https:\/\/www.genesys.com\/?page_id=384685"},"modified":"2025-11-10T19:40:06","modified_gmt":"2025-11-11T03:40:06","slug":"appfoundry","status":"publish","type":"page","link":"https:\/\/www.genesys.com\/fr-fr\/partners\/appfoundry","title":{"rendered":"Partenaires\u00a0AppFoundry"},"content":{"rendered":"<div class=\"wpb-content-wrapper\"><p>[vc_section sec_modern_width=\u00a0\u00bbenable\u00a0\u00bb background_color=\u00a0\u00bbbgc-lgray\u00a0\u00bb flair=\u00a0\u00bb%5B%7B%22flair_type%22%3A%22f_type_image%22%2C%22hide_mobile%22%3A%22yes%22%7D%5D\u00a0\u00bb vib=\u00a0\u00bbenable\u00a0\u00bb css=\u00a0\u00bb.vc_custom_1750204741420{background-position: center !important;background-repeat: no-repeat !important;background-size: cover !important;}\u00a0\u00bb][vc_row content_placement=\u00a0\u00bbmiddle\u00a0\u00bb][vc_column width=\u00a0\u00bb1\/2&Prime;][vc_column_text css=\u00a0\u00bb\u00a0\u00bb]<\/p>\n<h1>AppFoundry\u00a0Marketplace<\/h1>\n<p>Faites \u00e9quipe avec Genesys pour r\u00e9soudre vos probl\u00e8mes\u00a0CX les plus complexes et \u00e9tendre votre influence gr\u00e2ce \u00e0 la marketplace AppFoundry\u00ae. Cette derni\u00e8re connecte vos solutions \u00e0 un public mondial, ce qui permet \u00e0 votre entreprise de se d\u00e9velopper sur des march\u00e9s \u00e9mergents et existants.[\/vc_column_text]<div class=\"btn-container  \"><a role=\"button\"  class=\"btn btn-primary\" href=\"https:\/\/appfoundry.genesys.com\/filter\/genesyscloud\" target=\"_blank\" rel=\"\">Voir les applications<\/a><a role=\"button\"  class=\"btn btn-ff-primary chevron\" href=\"\/partners\/genesys-partner-portal-login\" target=\"_blank\" rel=\"\">Devenir partenaire<\/a><\/div>[\/vc_column][vc_column width=\u00a0\u00bb1\/2&Prime; offset=\u00a0\u00bbvc_col-sm-offset-0 vc_hidden-xs\u00a0\u00bb][vc_single_image image=\u00a0\u00bb550880&Prime; css=\u00a0\u00bb\u00a0\u00bb][\/vc_column][\/vc_row][\/vc_section][vc_section flair=\u00a0\u00bb%5B%7B%22hide_mobile%22%3A%22yes%22%7D%5D\u00a0\u00bb][vc_row][vc_column width=\u00a0\u00bb7\/12&Prime;][vc_column_text css=\u00a0\u00bb\u00a0\u00bb]<\/p>\n<h2>Votre solution + notre plateforme =\u00a0plus de valeur<\/h2>\n<p>En devenant partenaire\u00a0AppFoundry, vous avez la possibilit\u00e9 d\u2019atteindre de nouveaux clients, d\u2019am\u00e9liorer les capacit\u00e9s de votre solution et d\u2019obtenir des r\u00e9sultats encore plus percutants dans le monde entier. Rejoindre le programme\u00a0AppFoundry vous donne acc\u00e8s \u00e0 un large march\u00e9 diversifi\u00e9 d\u2019entreprises utilisatrices des solutions\u00a0CX Genesys, et vous classe au rang des principaux innovateurs technologiques du secteur.<\/p>\n<p>La marketplace accueille des \u00e9diteurs de logiciels ind\u00e9pendants\u00a0(ISV) qui d\u00e9veloppent des solutions compl\u00e9mentaires. Ainsi, la recherche d&rsquo;une solution et son int\u00e9gration \u00e0 la plateforme Genesys\u00a0Cloud\u2122 s&rsquo;effectuent en toute transparence. Que votre objectif soit de booster l\u2019adoption, d\u2019am\u00e9liorer la visibilit\u00e9 ou de d\u00e9ployer vos offres \u00e0 grande \u00e9chelle, AppFoundry facilite la connexion avec les clients et acc\u00e9l\u00e8re la croissance.[\/vc_column_text][vc_column_text ct_style=\u00a0\u00bblist-block\u00a0\u00bb css=\u00a0\u00bb\u00a0\u00bb]<\/p>\n<h3 class=\"h5\">Une marketplace illimit\u00e9e \u00e0 l&rsquo;\u00e9chelle mondiale<\/h3>\n<p>Genesys op\u00e8re dans le monde entier\u00a0\u2013 et bient\u00f4t, vous aussi. Que vous cherchiez \u00e0 \u00e9tendre vos partenariats existants ou \u00e0 vous d\u00e9velopper dans de nouvelles r\u00e9gions, notre marketplace\u00a0AppFoundry \u00e9limine les obstacles afin que vous puissiez proposer vos services au plus pr\u00e8s de vos clients.[\/vc_column_text][vc_column_text ct_style=\u00a0\u00bblist-block\u00a0\u00bb css=\u00a0\u00bb\u00a0\u00bb]<\/p>\n<h3 class=\"h5\">Une expansion de votre base client<\/h3>\n<p>Environ un\u00a0tiers des clients Genesys\u00a0Cloud exploitent au moins une application AppFoundry dans leurs environnements cloud.* Gr\u00e2ce \u00e0 l&rsquo;expansion rapide de sa base d&rsquo;utilisateurs, l\u2019\u00e9cosyst\u00e8me\u00a0AppFoundry offre un immense potentiel de croissance. De plus, la diversit\u00e9 des programmes garantit votre succ\u00e8s, quel que soit le type de solution que vous proposez.[\/vc_column_text][vc_column_text ct_style=\u00a0\u00bblist-block\u00a0\u00bb css=\u00a0\u00bb\u00a0\u00bb]<\/p>\n<h3 class=\"h5\">Exp\u00e9rience d\u2019application\u00a0ISV<\/h3>\n<p>Simplifiez votre strat\u00e9gie go-to-market en r\u00e9pertoriant votre application ISV sur AppFoundry\u00a0Marketplace. Que vous proposiez une application de base ou premium, la solution s&rsquo;int\u00e8gre en toute transparence \u00e0 Genesys\u00a0Cloud, o\u00f9 elle est disponible pour un achat direct ou une vente assist\u00e9e. Pour les applications premium, la marketplace propose \u00e9galement un essai gratuit qui permet aux clients d&rsquo;explorer vos capacit\u00e9s et renforce la confiance des acheteurs potentiels. Nous prenons en charge l&rsquo;int\u00e9gralit\u00e9 du cycle de vie client\u00a0: facturation, abonnements, conversion des devises internationales, etc. Ainsi, vous pouvez vous consacrer enti\u00e8rement \u00e0 la cr\u00e9ation de solutions innovantes.[\/vc_column_text][\/vc_column][vc_column width=\u00a0\u00bb1\/3&Prime; offset=\u00a0\u00bbvc_col-sm-offset-1&Prime;]<a class=\"component card w-100 bgc-lgray vertical text-start nomedia   \" href=\"https:\/\/www.genesys.com\/partners\/genesys-partner-portal-login\" target=\"\" rel=\"\" ><div class=\"card-body\"><h3>Devenir un partenaire AppFoundry<\/h3>\n<p>Les marketplaces font partie des principaux canaux d\u2019achat de logiciels d&rsquo;exploitation de l\u2019infrastructure. Positionnez votre solution pour la croissance en rejoignant Genesys AppFoundry. En tant que partenaire, vous augmenterez votre part de march\u00e9 et contribuerez \u00e0 transformer l\u2019exp\u00e9rience client dans le monde entier. En faisant ce premier pas, vous rejoindrez un r\u00e9seau diversifi\u00e9 et florissant de leaders de l&rsquo;innovation tech.<\/p>\n<\/div><div class=\"card-footer text-end\"><div class=\"btn-container \"><div class=\"small mt-0 chevron arrow arrow-primary \" href=\"#\" target=\"\" rel=\"\">Rejoignez-nous<\/div><\/div><\/div><\/a>[\/vc_column][\/vc_row][\/vc_section][vc_section background_color=\u00a0\u00bbbgc-lgray\u00a0\u00bb flair=\u00a0\u00bb%5B%7B%22flair_type%22%3A%22f_type_image%22%2C%22hide_mobile%22%3A%22yes%22%7D%5D\u00a0\u00bb][vc_row r_gutter_size=\u00a0\u00bbgutter-small\u00a0\u00bb equal_height=\u00a0\u00bbyes\u00a0\u00bb][vc_column offset=\u00a0\u00bbvc_col-md-5&Prime;][vc_column_text css=\u00a0\u00bb\u00a0\u00bb]<\/p>\n<h2>L&rsquo;union fait la force<\/h2>\n<p>Nos partenaires proposent des solutions de pointe qui aident nos clients \u00e0 r\u00e9inventer leur strat\u00e9gie\u00a0CX. Gr\u00e2ce \u00e0 la marketplace AppFoundry, les ISV peuvent innover, se d\u00e9velopper et cr\u00e9er l&rsquo;impact. Voici quelques-unes des r\u00e9ussites les plus marquantes de partenaires AppFoundry qui ont su transformer l\u2019exp\u00e9rience client.[\/vc_column_text][\/vc_column][vc_column elemental_order=\u00a0\u00bborder-5&Prime; el_class=\u00a0\u00bbmt-2 mt-lg-0&Prime; offset=\u00a0\u00bbvc_col-md-offset-3 vc_col-md-4&Prime;][\/vc_column][vc_column width=\u00a0\u00bb1\/3&Prime;]<div class=\"component icon-list w-100  vertical text-start\"><h3 class=\"h5\">Des exp\u00e9riences clients accessibles et inclusives<\/h3>\n<p>Cr\u00e9\u00e9 par et pour les personnes en situation de d\u00e9ficience visuelle, <a href=\"https:\/\/appfoundry.genesys.com\/filter\/genesyscloud\/listing\/0dfc5dcc-f74e-4495-9dd4-6362154f242e\">Be My Eyes<\/a> transforme le service client en am\u00e9liorant l&rsquo;accessibilit\u00e9 pour les personnes aveugles et malvoyantes. Int\u00e9gr\u00e9 \u00e0 Genesys\u00a0Cloud, Be My Eyes connecte les clients \u00e0 des agents en direct qui proposent une assistance visuelle en temps r\u00e9el, en utilisant la technologie pour favoriser l\u2019inclusivit\u00e9 et personnaliser le service client.<\/p>\n<\/div>[\/vc_column][vc_column width=\u00a0\u00bb1\/3&Prime;]<div class=\"component icon-list w-100  vertical text-start\"><h3 class=\"h5\">Les donn\u00e9es au service de d\u00e9cisions\u00a0CX plus efficaces<\/h3>\n<p><a href=\"https:\/\/appfoundry.genesys.com\/filter\/genesyscloud\/listing\/2f7e6df9-388d-49af-88ef-14f1b985590f\">SuccessKPI<\/a> permet aux entreprises d\u2019analyser et d\u2019agir sur les donn\u00e9es en temps r\u00e9el dans Genesys\u00a0Cloud. Ces analyses puissantes permettent aux entreprises de prendre des d\u00e9cisions \u00e9clair\u00e9es qui am\u00e9liorent les interactions clients, boostent les performances des agents et contribuent \u00e0 l\u2019efficacit\u00e9 globale. Cette approche ax\u00e9e sur les donn\u00e9es garantit l&rsquo;agilit\u00e9 n\u00e9cessaire pour \u00e9voluer au sein d&rsquo;un environnement en rapide \u00e9volution.<\/p>\n<\/div>[\/vc_column][vc_column width=\u00a0\u00bb1\/3&Prime;]<div class=\"component icon-list w-100  vertical text-start\"><h3 class=\"h5\">L&rsquo;int\u00e9gration de l&rsquo;intelligence \u00e9motionnelle au service client<\/h3>\n<p><a href=\"https:\/\/appfoundry.genesys.com\/filter\/genesyscloud\/listing\/732a6945-ba14-4783-898a-77268bb1f606\">Cogito<\/a> int\u00e8gre l&rsquo;intelligence \u00e9motionnelle en temps r\u00e9el dans Genesys\u00a0Cloud afin d&rsquo;aider les agents \u00e0 cr\u00e9er des interactions client plus empathiques et efficaces. En analysant les \u00e9l\u00e9ments conversationnels, Cogito fournit aux agents des insights qui am\u00e9liorent la qualit\u00e9 de leur service et la satisfaction client, et placent chaque exp\u00e9rience sous le signe de l&#8217;empathie.<\/p>\n<\/div>[\/vc_column][\/vc_row][\/vc_section][vc_section flair=\u00a0\u00bb%5B%7B%22flair_type%22%3A%22f_type_image%22%7D%5D\u00a0\u00bb el_class=\u00a0\u00bbalign-items-center\u00a0\u00bb][vc_row][vc_column width=\u00a0\u00bb2\/3&Prime; offset=\u00a0\u00bbvc_col-lg-offset-2 vc_col-sm-offset-0&Prime;][vc_single_image image=\u00a0\u00bb562186&Prime; css=\u00a0\u00bb\u00a0\u00bb][\/vc_column][\/vc_row][vc_row][vc_column width=\u00a0\u00bb1\/2&Prime; el_class=\u00a0\u00bbpx-lg-3&Prime;]<div class=\"component icon-list w-100  vertical text-start\"><h3>Rejoignez une marketplace de confiance qui favorise l&rsquo;innovation<\/h3>\n<p>En tant que marketplace \u00e9tablie, AppFoundry constitue une plateforme fiable pour pr\u00e9senter vos solutions. Qu\u2019il s\u2019agisse d\u2019outils de centre de contact ou d\u2019innovations\u00a0CX, elle aide les clients Genesys \u00e0 trouver et \u00e0 impl\u00e9menter des technologies de pointe con\u00e7ues pour leurs secteurs sp\u00e9cifiques. En rejoignant notre marketplace, vous g\u00e9n\u00e9rerez de nouvelles sources de revenus et connecterez vos innovations \u00e0 un vaste r\u00e9seau d\u2019entreprises \u00e0 l\u2019\u00e9chelle mondiale.<\/p>\n<\/div>[\/vc_column][vc_column width=\u00a0\u00bb1\/2&Prime; el_class=\u00a0\u00bbpx-lg-3&Prime;]<div class=\"component icon-list w-100  vertical text-start\"><h3>Opportunit\u00e9s AppFoundry pour les partenaires Genesys Ascend<\/h3>\n<p>Actionnez de nouveaux relais de croissance en tant que partenaire Genesys Ascend. En int\u00e9grant votre technologie \u00e0 Genesys\u00a0Cloud, vous pourrez atteindre les clients \u00e0 l&rsquo;\u00e9chelle mondiale, proposer des solutions sur mesure et contribuer \u00e0 acc\u00e9l\u00e9rer la croissance de votre entreprise. Vous b\u00e9n\u00e9ficierez d&rsquo;une assistance structur\u00e9e pour l&rsquo;onboarding, l\u2019activation et le co-selling, ce qui vous permettra de d\u00e9ployer votre solution plus rapidement et plus efficacement. Gr\u00e2ce \u00e0 ses diff\u00e9rents niveaux d&rsquo;avantages et \u00e0 ses ressources go-to-market, Ascend vous permet d&rsquo;entrer sur de nouveaux march\u00e9s, de booster la r\u00e9ussite client et de d\u00e9velopper votre entreprise\u00a0\u2013 tout en optimisant les capacit\u00e9s de votre centre de contact et vos exp\u00e9riences clients.<\/p>\n<\/div>[\/vc_column][\/vc_row][vc_row][vc_column]<div class=\"btn-container justify-content-lg-center justify-content-center\"><a role=\"button\"  class=\"btn btn-secondary\" href=\"https:\/\/appfoundry.genesys.com\/filter\/genesysclouda?_gl=1*97m16n*_ga*MTM1MTE5NzYyNi4xNzIwMDIzMTQz*_ga_WMDFV6Y7G2*MTcyNjI1NTgxNy42MC4xLjE3MjYyNTYxMTkuMC4wLjA\" target=\"\" rel=\"\">Visitez AppFoundry<\/a><\/div>[\/vc_column][\/vc_row][\/vc_section][vc_section][vc_row r_gutter_size=\u00a0\u00bbgutter-small\u00a0\u00bb equal_height=\u00a0\u00bbyes\u00a0\u00bb][vc_column width=\u00a0\u00bb2\/3&Prime; offset=\u00a0\u00bbvc_col-lg-offset-2&Prime;][vc_column_text css=\u00a0\u00bb\u00a0\u00bb]<\/p>\n<h2 style=\"text-align: center;\">Explorez les ressources de nos partenaires technologiques<\/h2>\n<p>[\/vc_column_text][\/vc_column][\/vc_row][vc_row][vc_column]<div class=\"related-posts-container next-steps-module w-100\"><div class=\"inner-container scrollable-row-container\"><div class=\"row align-items-stretch gutter-small col-count-3 scrollable-row\"><div class=\"col-md-4 vertical-cards grid-item card-col item-image grid_type-resources\"><a class=\"card w-100 h-100 bgc-lgray component vertical text-start thumbnail chevron-only\" href=\"https:\/\/www.genesys.com\/fr-fr\/resources\/cx-ecosystem\"><div class=\"thumbnail-col thubmnail\"><img decoding=\"async\" src=\"https:\/\/www.genesys.com\/media\/820x464-Resource-Thumbnail-Ebook-Deliver-the-next-level-of-experience-with-an-AI-powered-CX-ecosystem.jpg\" height=\"464\" width=\"820\" alt=\"820&#215;464 resource thumbnail ebook deliver the next level of experience with an ai powered cx ecosystem\"><\/div><div class=\"card-body text-col\"><p class=\"assettag\">eBook<\/p><h3 class=\"item-title h6\">Offrez une exp\u00e9rience de niveau sup\u00e9rieur gr\u00e2ce \u00e0 un \u00e9cosyst\u00e8me CX pilot\u00e9 par IA<\/h3><\/div><div class=\"card-footer text-end\"><div class=\"justify-content-end btn-container\"><div class=\"btn chevron small only btn-secondary\"><\/div><\/div><\/div><\/a><\/div><div class=\"col-md-4 vertical-cards grid-item card-col item-image grid_type-resources\"><a class=\"card w-100 h-100 bgc-lgray component vertical text-start thumbnail chevron-only\" href=\"https:\/\/www.genesys.com\/fr-fr\/resources\/gartner-magic-quadrant-for-contact-center-as-a-service\"><div class=\"thumbnail-col thubmnail\"><img decoding=\"async\" src=\"https:\/\/www.genesys.com\/media\/resource_thumbnail-gartner_ccass_2025.png\" height=\"528\" width=\"824\" alt=\"Resource thumbnail gartner ccass 2025\"><\/div><div class=\"card-body text-col\"><p class=\"assettag\">Rapport<\/p><h3 class=\"item-title h6\">Gartner\u00ae Magic Quadrant\u2122 pour les Contact Center as a Service (CCaaS)<\/h3><\/div><div class=\"card-footer text-end\"><div class=\"justify-content-end btn-container\"><div class=\"btn chevron small only btn-secondary\"><\/div><\/div><\/div><\/a><\/div><div class=\"col-md-4 vertical-cards item-image grid-item card-col item-image grid_type-\"><a class=\"card w-100 h-100 bgc-lgray component vertical text-start thumbnail chevron-only\" href=\"https:\/\/fr-help.genesys.cloud\/articles\/about-the-appfoundry\/\"><div class=\"thumbnail-col thubmnail\"><img decoding=\"async\" src=\"https:\/\/www.genesys.com\/media\/Joining-the-AppFoundry-Marketplace-thumbnail.png\" height=\"274\" width=\"483\" alt=\"Joining the appfoundry marketplace thumbnail\"><\/div><div class=\"card-body text-col\"><h3 class=\"item-title h6\">Rejoindre la marketplace AppFoundry<\/h3><\/div><div class=\"card-footer text-end\"><div class=\"justify-content-end btn-container\"><div class=\"btn chevron small only btn-secondary\"><\/div><\/div><\/div><\/a><\/div><\/div><\/div><\/div>[\/vc_column][\/vc_row][\/vc_section][vc_section disable_element=\u00a0\u00bbyes\u00a0\u00bb flair=\u00a0\u00bb%5B%7B%22flair_type%22%3A%22f_type_image%22%2C%22hide_mobile%22%3A%22yes%22%7D%5D\u00a0\u00bb][vc_row][vc_column el_class=\u00a0\u00bbcol-xl-10 col-md-12&Prime; offset=\u00a0\u00bbvc_col-lg-offset-1 vc_col-lg-10&Prime;]<a class=\"component-cta-block card w-100 h-100 bgc-lgray centered cta-text-center  vc_custom_1754599261890\"  href=\"https:\/\/www.genesys.com\/partners\/genesys-partner-portal-login\" target=\"\" rel=\"\"><div class=\"card-body text-center col-content\"><h2>Devenir un partenaire AppFoundry<\/h2>\n<p>Les marketplaces font partie des principaux canaux d\u2019achat de logiciels d&rsquo;exploitation de l\u2019infrastructure. Positionnez votre solution pour la croissance en rejoignant Genesys AppFoundry. En tant que partenaire, vous augmenterez votre part de march\u00e9 et contribuerez \u00e0 transformer l\u2019exp\u00e9rience client dans le monde entier. En faisant ce premier pas, vous rejoindrez un r\u00e9seau diversifi\u00e9 et florissant de leaders de l&rsquo;innovation tech.<\/p>\n<div class=\" btn-container justify-content-center mt-2\"><div class=\"btn btn-primary\">Rejoignez-nous<\/div><\/div><\/div><\/a>[\/vc_column][\/vc_row][\/vc_section]<\/p>\n<\/div>","protected":false},"excerpt":{"rendered":"<p>[vc_section sec_modern_width=\u00a0\u00bbenable\u00a0\u00bb background_color=\u00a0\u00bbbgc-lgray\u00a0\u00bb flair=\u00a0\u00bb%5B%7B%22flair_type%22%3A%22f_type_image%22%2C%22hide_mobile%22%3A%22yes%22%7D%5D\u00a0\u00bb vib=\u00a0\u00bbenable\u00a0\u00bb css=\u00a0\u00bb.vc_custom_1750204741420{background-position: center !important;background-repeat: no-repeat !important;background-size: cover !important;}\u00a0\u00bb][vc_row content_placement=\u00a0\u00bbmiddle\u00a0\u00bb][vc_column width=\u00a0\u00bb1\/2&Prime;][vc_column_text css=\u00a0\u00bb\u00a0\u00bb] AppFoundry\u00a0Marketplace Faites \u00e9quipe avec Genesys pour r\u00e9soudre vos probl\u00e8mes\u00a0CX les plus complexes et \u00e9tendre votre influence gr\u00e2ce \u00e0 la marketplace AppFoundry\u00ae. Cette derni\u00e8re connecte vos solutions \u00e0 un public mondial, ce qui permet \u00e0 votre entreprise de se d\u00e9velopper sur [&hellip;]<\/p>\n","protected":false},"author":734,"featured_media":0,"parent":78743,"menu_order":0,"comment_status":"closed","ping_status":"closed","template":"","meta":{"_acf_changed":false,"footnotes":""},"class_list":["post-384685","page","type-page","status-publish","hentry"],"acf":[],"_links":{"self":[{"href":"https:\/\/www.genesys.com\/fr-fr\/wp-json\/wp\/v2\/pages\/384685","targetHints":{"allow":["GET"]}}],"collection":[{"href":"https:\/\/www.genesys.com\/fr-fr\/wp-json\/wp\/v2\/pages"}],"about":[{"href":"https:\/\/www.genesys.com\/fr-fr\/wp-json\/wp\/v2\/types\/page"}],"author":[{"embeddable":true,"href":"https:\/\/www.genesys.com\/fr-fr\/wp-json\/wp\/v2\/users\/734"}],"replies":[{"embeddable":true,"href":"https:\/\/www.genesys.com\/fr-fr\/wp-json\/wp\/v2\/comments?post=384685"}],"version-history":[{"count":12,"href":"https:\/\/www.genesys.com\/fr-fr\/wp-json\/wp\/v2\/pages\/384685\/revisions"}],"predecessor-version":[{"id":602837,"href":"https:\/\/www.genesys.com\/fr-fr\/wp-json\/wp\/v2\/pages\/384685\/revisions\/602837"}],"up":[{"embeddable":true,"href":"https:\/\/www.genesys.com\/fr-fr\/wp-json\/wp\/v2\/pages\/78743"}],"wp:attachment":[{"href":"https:\/\/www.genesys.com\/fr-fr\/wp-json\/wp\/v2\/media?parent=384685"}],"curies":[{"name":"wp","href":"https:\/\/api.w.org\/{rel}","templated":true}]}}