{"id":320828,"date":"2020-06-17T09:04:35","date_gmt":"2020-06-17T16:04:35","guid":{"rendered":"https:\/\/www.genesys.com\/?page_id=320828"},"modified":"2024-06-18T04:03:50","modified_gmt":"2024-06-18T11:03:50","slug":"products","status":"publish","type":"page","link":"https:\/\/www.genesys.com\/fr-fr\/products","title":{"rendered":"Produits"},"content":{"rendered":"<div class=\"wpb-content-wrapper\"><p>[vc_section vib=\u00a0\u00bbenable\u00a0\u00bb background_color=\u00a0\u00bbbgc-lgray\u00a0\u00bb flair=\u00a0\u00bb%5B%7B%22hide_mobile%22%3A%22yes%22%7D%5D\u00a0\u00bb][vc_row content_placement=\u00a0\u00bbmiddle\u00a0\u00bb][vc_column width=\u00a0\u00bb5\/12&Prime;][vc_column_text]<\/p>\n<h1>Tout ce dont vous avez besoin pour offrir une exp\u00e9rience client de premier ordre<\/h1>\n<p>[\/vc_column_text][\/vc_column][vc_column v_align=\u00a0\u00bbflexend\u00a0\u00bb width=\u00a0\u00bb7\/12&Prime;]<div class=\"genesys-image align-center\"><a class=\"video-lightbox\" href=\"https:\/\/www.youtube.com\/embed\/m4ZcS2UriOU?rel=0\"><img decoding=\"async\" src=\"https:\/\/www.genesys.com\/media\/All-Products-Page-video-Thumbnail.jpg\" alt=\"All products page video thumbnail\" width=\"600\" height=\"338\" class=\"rounded-xs\"\/><\/a><\/div>[\/vc_column][\/vc_row][\/vc_section][vc_section flair=\u00a0\u00bb%5B%7B%22flair_left%22%3A%220%22%7D%5D\u00a0\u00bb][vc_row][vc_column width=\u00a0\u00bb5\/6&Prime; offset=\u00a0\u00bbvc_col-sm-offset-1&Prime;][vc_column_text css=\u00a0\u00bb\u00a0\u00bb]<\/p>\n<h2 style=\"text-align: center;\">De meilleurs outils pour de meilleures conversations<\/h2>\n<p style=\"text-align: center;\">Le logiciel de centre de contact cloud id\u00e9al pour fournir facilement une exp\u00e9rience client (CX) exceptionnelle, des fondamentaux du centre d&rsquo;appel aux derni\u00e8res innovations en mati\u00e8re d&rsquo;exp\u00e9rience client. Avec le logiciel de centre de contact de Genesys, vous b\u00e9n\u00e9ficiez des meilleures et des plus larges fonctionnalit\u00e9s en mati\u00e8re d&rsquo;exp\u00e9rience client et d&rsquo;exp\u00e9rience des employ\u00e9s (et d&rsquo;un partenaire qui vous accompagne tout au long du processus).<\/p>\n<p>[\/vc_column_text][\/vc_column][\/vc_row][vc_row content_placement=\u00a0\u00bbmiddle\u00a0\u00bb][vc_column]<a class=\"component-cta-block card w-100 h-100 bgc-white centered cta-text-end \"  href=\"https:\/\/www.genesys.com\/fr-fr\/genesys-cloud\" target=\"\" rel=\"\"><div class=\"row align-items-center image-hide card-body\"><div class=\"col-image col-md-5 flex-column justify-content-center img-top-container sm-offset\"><img decoding=\"async\" width=\"1440\" height=\"1088\" class=\"rounded\" src=\"https:\/\/www.genesys.com\/media\/2024-homepage-gc-product-shot-v2.png\" alt=\"A digital dashboard displaying a user's schedule, task breakdown, and performance metrics, with visual elements like progress bars and point counts. some elements feature red highlights and arrows for emphasis.\" ><\/div><div class=\"col-content col-md-7 mt-1 mt-lg-0\"><div class=\"content-container\"><h3 class=\"d-block mb-1 text-32 text-black\">Genesys\u00a0<span class=\"text-orange\">Cloud\u00a0CX<\/span><\/h3>\n<p class=\"text-22 font-weight-normal\">Choisir le centre de contact cloud tout-en-un<\/p>\n<p>Unifiez l&rsquo;exp\u00e9rience client par t\u00e9l\u00e9phone, e-mail, chat, SMS et via les r\u00e9seaux sociaux. Maintenez la productivit\u00e9 et l&rsquo;engagement des agents, o\u00f9 qu&rsquo;ils se trouvent. L&rsquo;offre de la plateforme Genesys\u00a0Cloud\u00a0CX\u00ae fait tout.<\/p>\n<\/div><div class=\" btn-container mt-2\"><div class=\"btn btn-primary\">En savoir plus<\/div><\/div><\/div><\/div><\/a>[\/vc_column][\/vc_row][vc_row content_placement=\u00a0\u00bbmiddle\u00a0\u00bb][vc_column]<a class=\"component-cta-block card w-100 h-100 bgc-white centered cta-text-end \"  href=\"\/fr-fr\/genesys-cloud-ex\" target=\"\" rel=\"\"><div class=\"row align-items-center image-hide card-body\"><div class=\"col-image col-md-5 flex-column justify-content-center img-top-container sm-offset\"><img decoding=\"async\" width=\"574\" height=\"231\" class=\"rounded\" src=\"https:\/\/www.genesys.com\/media\/genesys-EX-product-image.svg\" alt=\"\" ><\/div><div class=\"col-content col-md-7 mt-1 mt-lg-0\"><div class=\"content-container\"><h3 class=\"d-block mb-1 text-32 text-black\">Genesys\u00a0<span class=\"text-orange\">Cloud\u00a0EX<\/span><\/h3>\n<p class=\"text-22 font-weight-normal\">Am\u00e9liorez l&rsquo;efficacit\u00e9 des collaborateurs dans le centre de contact et au-del\u00e0<\/p>\n<p>Des collaborateurs tr\u00e8s engag\u00e9s et motiv\u00e9s garantissent une meilleure exp\u00e9rience client. Avec la solution Genesys\u00a0Cloud\u00a0EX\u2122, vous disposez d&rsquo;un syst\u00e8me unique pour g\u00e9rer les ressources, la qualit\u00e9 et la conformit\u00e9, ainsi que la gestion des performances, le tout avec votre syst\u00e8me DAA existant.<\/p>\n<\/div><div class=\" btn-container mt-2\"><div class=\"btn btn-primary\">En savoir plus<\/div><\/div><\/div><\/div><\/a>[\/vc_column][\/vc_row][vc_row content_placement=\u00a0\u00bbmiddle\u00a0\u00bb][vc_column]<a class=\"component-cta-block card w-100 h-100 bgc-white centered cta-text-end \"  href=\"\/fr-fr\/pointillist\" target=\"\" rel=\"\"><div class=\"row align-items-center image-hide card-body\"><div class=\"col-image col-md-5 flex-column justify-content-center img-top-container sm-offset\"><img decoding=\"async\" width=\"1731\" height=\"928\" class=\"rounded\" src=\"https:\/\/www.genesys.com\/media\/Pointillist-Bill-Journey-All-Products-Thumbnail.png\" alt=\"\" ><\/div><div class=\"col-content col-md-7 mt-1 mt-lg-0\"><div class=\"content-container\"><h3 class=\"d-block mb-1 text-32 text-black\">Pointillist\u00a0by\u00a0Genesys<\/h3>\n<p class=\"text-22 font-weight-normal\">Offrez des exp\u00e9riences simples, connect\u00e9es et personnalis\u00e9es<\/p>\n<p>Mesurez, surveillez et orchestrez les parcours clients avec la plateforme de gestion du parcours client Pointillist<sup>\u00ae<\/sup> pour optimiser l&rsquo;exp\u00e9rience client et am\u00e9liorer la r\u00e9tention num\u00e9rique, les performances du centre de contact et bien plus encore.<\/p>\n<\/div><div class=\" btn-container mt-2\"><div class=\"btn btn-primary\">En savoir plus<\/div><\/div><\/div><\/div><\/a>[\/vc_column][\/vc_row][\/vc_section][vc_section flair=\u00a0\u00bb%5B%5D\u00a0\u00bb][vc_row equal_height=\u00a0\u00bbyes\u00a0\u00bb][vc_column width=\u00a0\u00bb1\/3&Prime;]<a class=\"component card w-100 bgc-lgray vertical text-start nomedia   \" href=\"https:\/\/orchestrators.genesys.com\/home?product=pureconnect\" target=\"_blank\" rel=\"\" ><div class=\"card-body\"><p class=\"mb-0 h4\">Vous recherchez PureConnect\u00a0?<\/p>\n<\/div><div class=\"card-footer text-end\"><div class=\"btn-container \"><div class=\"small mt-0 chevron arrow arrow-primary \" href=\"#\" target=\"\" rel=\"\">En savoir plus<\/div><\/div><\/div><\/a>[\/vc_column][vc_column width=\u00a0\u00bb1\/3&Prime;]<a class=\"component card w-100 bgc-lgray vertical text-start nomedia   \" href=\"https:\/\/orchestrators.genesys.com\/home?product=genesys-engage-on-prem\" target=\"_blank\" rel=\"\" ><div class=\"card-body\"><p class=\"mb-0 h4\">Vous recherchez Genesys\u00a0Engage\u00a0?<\/p>\n<\/div><div class=\"card-footer text-end\"><div class=\"btn-container \"><div class=\"small mt-0 chevron arrow arrow-primary \" href=\"#\" target=\"\" rel=\"\">En savoir plus<\/div><\/div><\/div><\/a>[\/vc_column][vc_column width=\u00a0\u00bb1\/3&Prime;]<a class=\"component card w-100 bgc-lgray vertical text-start nomedia   \" href=\"https:\/\/orchestrators.genesys.com\/home?product=genesys-multicloud-cx\" target=\"_blank\" rel=\"\" ><div class=\"card-body\"><p class=\"mb-0 h4\">Vous recherchez Genesys\u00a0Multicloud\u00a0CX\u00a0?<\/p>\n<\/div><div class=\"card-footer text-end\"><div class=\"btn-container \"><div class=\"small mt-0 chevron arrow arrow-primary \" href=\"#\" target=\"\" rel=\"\">En savoir plus<\/div><\/div><\/div><\/a>[\/vc_column][\/vc_row][\/vc_section]<\/p>\n<\/div>","protected":false},"excerpt":{"rendered":"<p>[vc_section vib=\u00a0\u00bbenable\u00a0\u00bb background_color=\u00a0\u00bbbgc-lgray\u00a0\u00bb flair=\u00a0\u00bb%5B%7B%22hide_mobile%22%3A%22yes%22%7D%5D\u00a0\u00bb][vc_row content_placement=\u00a0\u00bbmiddle\u00a0\u00bb][vc_column width=\u00a0\u00bb5\/12&Prime;][vc_column_text] Tout ce dont vous avez besoin pour offrir une exp\u00e9rience client de premier ordre [\/vc_column_text][\/vc_column][vc_column v_align=\u00a0\u00bbflexend\u00a0\u00bb width=\u00a0\u00bb7\/12&Prime;][\/vc_column][\/vc_row][\/vc_section][vc_section flair=\u00a0\u00bb%5B%7B%22flair_left%22%3A%220%22%7D%5D\u00a0\u00bb][vc_row][vc_column width=\u00a0\u00bb5\/6&Prime; offset=\u00a0\u00bbvc_col-sm-offset-1&Prime;][vc_column_text css=\u00a0\u00bb\u00a0\u00bb] De meilleurs outils pour de meilleures conversations Le logiciel de centre de contact cloud id\u00e9al pour fournir facilement une exp\u00e9rience client (CX) exceptionnelle, des fondamentaux du centre d&rsquo;appel [&hellip;]<\/p>\n","protected":false},"author":1,"featured_media":0,"parent":0,"menu_order":0,"comment_status":"closed","ping_status":"closed","template":"","meta":{"_acf_changed":false,"footnotes":""},"class_list":["post-320828","page","type-page","status-publish","hentry"],"acf":[],"_links":{"self":[{"href":"https:\/\/www.genesys.com\/fr-fr\/wp-json\/wp\/v2\/pages\/320828","targetHints":{"allow":["GET"]}}],"collection":[{"href":"https:\/\/www.genesys.com\/fr-fr\/wp-json\/wp\/v2\/pages"}],"about":[{"href":"https:\/\/www.genesys.com\/fr-fr\/wp-json\/wp\/v2\/types\/page"}],"author":[{"embeddable":true,"href":"https:\/\/www.genesys.com\/fr-fr\/wp-json\/wp\/v2\/users\/1"}],"replies":[{"embeddable":true,"href":"https:\/\/www.genesys.com\/fr-fr\/wp-json\/wp\/v2\/comments?post=320828"}],"version-history":[{"count":13,"href":"https:\/\/www.genesys.com\/fr-fr\/wp-json\/wp\/v2\/pages\/320828\/revisions"}],"predecessor-version":[{"id":524361,"href":"https:\/\/www.genesys.com\/fr-fr\/wp-json\/wp\/v2\/pages\/320828\/revisions\/524361"}],"wp:attachment":[{"href":"https:\/\/www.genesys.com\/fr-fr\/wp-json\/wp\/v2\/media?parent=320828"}],"curies":[{"name":"wp","href":"https:\/\/api.w.org\/{rel}","templated":true}]}}