{"id":259429,"date":"2020-03-24T10:36:41","date_gmt":"2020-03-24T17:36:41","guid":{"rendered":"https:\/\/www.genesys.com\/?page_id=259429"},"modified":"2020-11-13T12:52:56","modified_gmt":"2020-11-13T20:52:56","slug":"remote-workers-solution","status":"publish","type":"page","link":"https:\/\/www.genesys.com\/fr-fr\/emergency-response\/remote-workers-solution","title":{"rendered":"Permettre aux agents de travailler \u00e0 domicile"},"content":{"rendered":"<div class=\"wpb-content-wrapper\"><p>[vc_section css=\u00a0\u00bb.vc_custom_1583521839344{background-color: #f3f3f3 !important;}\u00a0\u00bb][vc_row][vc_column width=\u00a0\u00bb5\/6&Prime;][vc_column_text]<\/p>\n<h1>Permettre aux agents de travailler \u00e0 domicile<\/h1>\n<p>[\/vc_column_text][\/vc_column][vc_column width=\u00a0\u00bb1\/6&Prime;][\/vc_column][\/vc_row][\/vc_section][vc_row][vc_column][vc_column_text]<br \/>\n[\/vc_column_text][\/vc_column][\/vc_row][vc_section][vc_row el_class=\u00a0\u00bbcovid19&Prime;][vc_column][vc_column_text]<\/p>\n<p style=\"text-align: center;\">Nous sommes tous affect\u00e9s d&rsquo;une mani\u00e8re ou d&rsquo;une autre par l&rsquo;\u00e9pid\u00e9mie de Coronavirus. En de pareils moments, vous devez faire tout ce qui est possible pour prot\u00e9ger la sant\u00e9 de vos employ\u00e9s et pour aider \u00e0 contenir la propagation du COVID-19. \u00c0 cette fin, plusieurs entreprises du monde entier ont adopt\u00e9 une politique de travail \u00e0 domicile, et nous voulons nous assurer que vous \u00eates inform\u00e9 des capacit\u00e9s techniques de votre produit Genesys autorisant le travail \u00e0 distance.<\/p>\n<p>[\/vc_column_text][\/vc_column][\/vc_row][\/vc_section][vc_row][vc_column][vc_column_text]<br \/>\n[\/vc_column_text][\/vc_column][\/vc_row][vc_section full_width=\u00a0\u00bbstretch_row\u00a0\u00bb css=\u00a0\u00bb.vc_custom_1584032211140{background-color: #f3f3f3 !important;}\u00a0\u00bb][vc_row][vc_column][vc_column_text]<\/p>\n<h2 style=\"text-align: center;\">Description de la solution<\/h2>\n<p>[\/vc_column_text][vc_column_text css=\u00a0\u00bb.vc_custom_1584039349757{margin-bottom: 1em !important;}\u00a0\u00bb]<\/p>\n<h3>Routage vocal uniquement<\/h3>\n<p>[\/vc_column_text]<div class=\"omnitable-scroll\"><div class=\"omnitable col-four plum-plain  scroll \" ><div class=\"ot-row header-row\" ><div class=\"ot-col span-1 h_left v_top\" ><p style=\"text-align: center;\"><strong class=\"no-margin\">Genesys<br \/>\n<\/strong><\/p>\n<\/div><div class=\"ot-col span-1 h_left v_top\" ><p style=\"text-align: center;\"><strong class=\"no-margin\">Genesys Cloud<\/strong><\/p>\n<\/div><div class=\"ot-col span-1 h_left v_top\" ><p style=\"text-align: center;\"><strong class=\"no-margin\">Genesys Connect Premise et Cloud<\/strong><\/p>\n<\/div><div class=\"ot-col span-1 h_left v_top\" ><p style=\"text-align: center;\"><strong class=\"no-margin\">Genesys Cloud<\/strong><\/p>\n<\/div>\n<\/div><div class=\"ot-row \" ><div class=\"ot-col span-4 h_left v_top\" ><p style=\"text-align: center;\"><strong>Activation<\/strong><\/p>\n<\/div>\n<\/div><div class=\"ot-row \" ><div class=\"ot-col span-1 h_left v_top\" ><p>Fonctionnalit\u00e9 int\u00e9gr\u00e9e \u00e0 Genesys pour les travailleurs \u00e0 distance<\/p>\n<\/div><div class=\"ot-col span-1 h_left v_top\" ><p>Aide les agents \u00e0 domicile\/\u00e0 distance \u00e0 travailler depuis n&rsquo;importe quel endroit<\/p>\n<\/div><div class=\"ot-col span-1 h_left v_top\" ><p>Aide les agents \u00e0 domicile\/\u00e0 distance \u00e0 travailler depuis n&rsquo;importe quel endroit<\/p>\n<\/div><div class=\"ot-col span-1 h_left v_top\" ><p>Aide les agents \u00e0 domicile\/\u00e0 distance \u00e0 travailler depuis n&rsquo;importe quel endroit<\/p>\n<\/div>\n<\/div><div class=\"ot-row \" ><div class=\"ot-col span-1 h_left v_top\" ><p>Fonctionnera avec n&rsquo;importe quel terminal vocal, y compris PSTN (t\u00e9l\u00e9phone IP\/mobile\/fixe)<\/p>\n<\/div><div class=\"ot-col span-1 h_left v_top\" ><p>Fonctionnera avec n&rsquo;importe quel terminal vocal, y compris PSTN (t\u00e9l\u00e9phone IP\/mobile\/fixe)<\/p>\n<\/div><div class=\"ot-col span-1 h_left v_top\" ><p>Fonctionnera avec n&rsquo;importe quel terminal vocal, y compris PSTN (t\u00e9l\u00e9phone IP\/mobile\/fixe)<\/p>\n<\/div><div class=\"ot-col span-1 h_left v_top\" ><p>Fonctionnera avec n&rsquo;importe quel terminal vocal, y compris PSTN (WebRTC\/t\u00e9l\u00e9phone IP\/mobile\/fixe)<\/p>\n<\/div>\n<\/div><div class=\"ot-row \" ><div class=\"ot-col span-1 h_left v_top\" ><p>Aucun logiciel de bureau Genesys requis<\/p>\n<\/div><div class=\"ot-col span-1 h_left v_top\" ><p>Aucun logiciel de bureau Genesys requis<\/p>\n<\/div><div class=\"ot-col span-1 h_left v_top\" ><p>Aucun logiciel de bureau Genesys requis<\/p>\n<\/div><div class=\"ot-col span-1 h_left v_top\" ><p>Aucun logiciel de bureau Genesys requis<\/p>\n<\/div>\n<\/div><div class=\"ot-row \" ><div class=\"ot-col span-1 h_left v_top\" ><p>Un ordinateur est n\u00e9cessaire pour utiliser un terminal SIP<\/p>\n<\/div><div class=\"ot-col span-1 h_left v_top\" ><p>Un ordinateur est n\u00e9cessaire pour utiliser un terminal SIP<\/p>\n<\/div><div class=\"ot-col span-1 h_left v_top\" ><p>Un ordinateur est n\u00e9cessaire pour utiliser un terminal SIP<\/p>\n<\/div><div class=\"ot-col span-1 h_left v_top\" ><p>Un ordinateur est n\u00e9cessaire pour utiliser un terminal SIP<\/p>\n<\/div>\n<\/div><div class=\"ot-row \" ><div class=\"ot-col span-1 h_left v_top\" ><p>Aucune licence suppl\u00e9mentaire requise<\/p>\n<\/div><div class=\"ot-col span-1 h_left v_top\" ><p>Aucune licence suppl\u00e9mentaire requise<\/p>\n<\/div><div class=\"ot-col span-1 h_left v_top\" ><p>Aucune licence suppl\u00e9mentaire requise<\/p>\n<\/div><div class=\"ot-col span-1 h_left v_top\" ><p>Aucune licence suppl\u00e9mentaire requise<\/p>\n<\/div>\n<\/div><div class=\"ot-row \" ><div class=\"ot-col span-1 h_left v_top\" ><p>Configuration minimale de Genesys requise<\/p>\n<\/div><div class=\"ot-col span-1 h_left v_top\" ><p>Configuration minimale de Genesys requise<\/p>\n<\/div><div class=\"ot-col span-1 h_left v_top\" ><p>Configuration minimale de Genesys requise<\/p>\n<\/div><div class=\"ot-col span-1 h_left v_top\" ><p>Configuration minimale de Genesys requise<\/p>\n<\/div>\n<\/div>\n<\/div><\/div>[\/vc_column][\/vc_row][vc_row][vc_column][vc_column_text css=\u00a0\u00bb.vc_custom_1584046516970{padding-bottom: 1em !important;}\u00a0\u00bb]<\/p>\n<h3>Consid\u00e9rations et hypoth\u00e8ses<\/h3>\n<ul>\n<li>Les travailleurs \u00e0 distance doivent disposer d&rsquo;un terminal vocal utilisable.<\/li>\n<li>Pour les syst\u00e8mes bas\u00e9s sur site, capacit\u00e9s de reporting limit\u00e9es\u00a0; pour les syst\u00e8mes bas\u00e9s dans le cloud, le reporting complet est disponible.<\/li>\n<li>Impact sur la gestion des effectifs et les pr\u00e9visions<\/li>\n<li>Pour les syst\u00e8mes bas\u00e9s sur site, aucun acc\u00e8s aux fen\u00eatres contextuelles et aux applications\u00a0; pour les syst\u00e8mes bas\u00e9s dans le cloud, les fen\u00eatres contextuelles des autres outils CRM bas\u00e9s dans le cloud devraient fonctionner.<\/li>\n<li>Pour les syst\u00e8mes bas\u00e9s sur site, co\u00fbt PSTN \u00e9ventuel pour chaque agent distant connect\u00e9\u00a0; cela ne s&rsquo;applique pas aux syst\u00e8mes bas\u00e9s dans le cloud lorsque les agents utilisent WebRTC.<\/li>\n<\/ul>\n<p>[\/vc_column_text][\/vc_column][\/vc_row][\/vc_section][vc_row][vc_column][vc_column_text]<br \/>\n[\/vc_column_text][\/vc_column][\/vc_row][vc_section full_width=\u00a0\u00bbstretch_row\u00a0\u00bb][vc_row][vc_column][vc_column_text css=\u00a0\u00bb.vc_custom_1584039361373{margin-bottom: 1em !important;padding-top: 1em !important;}\u00a0\u00bb]<\/p>\n<h3>Vocal et num\u00e9rique avec fen\u00eatre contextuelle gr\u00e2ce \u00e0 la fonctionnalit\u00e9 pour les travailleurs\/stations \u00e0 distance int\u00e9gr\u00e9e de Genesys<\/h3>\n<p>[\/vc_column_text]<div class=\"omnitable-scroll\"><div class=\"omnitable col-four plum-plain  scroll \" ><div class=\"ot-row header-row\" ><div class=\"ot-col span-1 h_left v_top\" ><p style=\"text-align: center;\"><strong class=\"no-margin\">Genesys<br \/>\n<\/strong><\/p>\n<\/div><div class=\"ot-col span-1 h_left v_top\" ><p style=\"text-align: center;\"><strong class=\"no-margin\">Genesys Cloud<\/strong><\/p>\n<\/div><div class=\"ot-col span-1 h_left v_top\" ><p style=\"text-align: center;\"><strong class=\"no-margin\">Genesys Connect Premise et Cloud<\/strong><\/p>\n<\/div><div class=\"ot-col span-1 h_left v_top\" ><p style=\"text-align: center;\"><strong class=\"no-margin\">Genesys Cloud<\/strong><\/p>\n<\/div>\n<\/div><div class=\"ot-row \" ><div class=\"ot-col span-1 h_left v_top\" ><p>N\u00e9cessite un logiciel de bureau Genesys (\u00e9dition Workspace Desktop ou Workspace Web)<\/p>\n<\/div><div class=\"ot-col span-1 h_left v_top\" ><p>Toutes les fonctionnalit\u00e9s disponibles via le navigateur Web \u00e0 condition que celui-ci r\u00e9ponde aux exigences minimales pour Genesys Cloud et que l&rsquo;agent ait acc\u00e8s au VPN de l&rsquo;entreprise.<\/p>\n<\/div><div class=\"ot-col span-1 h_left v_top\" ><p>Les applications client Interaction Desktop et Interaction Connect sont toutes deux prises en charge ; Genesys recommande Interaction Connect<\/p>\n<\/div><div class=\"ot-col span-1 h_left v_top\" ><p>Toutes les fonctionnalit\u00e9s sont disponibles via le navigateur Web, \u00e0 condition que le navigateur Web r\u00e9ponde aux exigences minimales de Genesys Cloud et que l&rsquo;agent dispose d&rsquo;un acc\u00e8s Internet<\/p>\n<\/div>\n<\/div><div class=\"ot-row \" ><div class=\"ot-col span-1 h_left v_top\" ><p>L&rsquo;agent travaillera comme s&rsquo;il \u00e9tait au bureau et recevra une fen\u00eatre contextuelle<\/p>\n<\/div><div class=\"ot-col span-1 h_left v_top\" ><p>Prise en charge de tous les canaux comme la voix et le digital.<\/p>\n<\/div><div class=\"ot-col span-1 h_left v_top\" ><p>D&rsquo;autres applications de la suite Genesys Connect peuvent fonctionner sur Internet (avec certaines restrictions)<\/p>\n<\/div><div class=\"ot-col span-1 h_left v_top\" ><p>Tous les canaux sont pris en charge ; par exemple vocal et num\u00e9rique<\/p>\n<\/div>\n<\/div><div class=\"ot-row \" ><div class=\"ot-col span-1 h_left v_top\" ><p>En fonction de la connectivit\u00e9 r\u00e9seau, permet aux agents de travailler sur les canaux num\u00e9riques.<br \/>\nToutes les applications sont disponibles via VPN et peuvent \u00eatre fournies via des sessions de bureau \u00e0 distance ou des fonctionnalit\u00e9s VDI (Windows Terminal Services, Citrix, etc.)<\/p>\n<\/div><div class=\"ot-col span-1 h_left v_top\" ><p>La bande passante Internet doit \u00eatre suffisante pour une communication vocale fiable.<\/p>\n<\/div><div class=\"ot-col span-1 h_left v_top\" ><p>Toutes les applications sont disponibles via VPN et peuvent \u00eatre fournies via des sessions de bureau \u00e0 distance ou des fonctionnalit\u00e9s VDI (Windows Terminal Services, Citrix, etc.)<\/p>\n<\/div><div class=\"ot-col span-1 h_left v_top\" ><p>La bande passante Internet doit \u00eatre suffisante pour une communication vocale fiable<\/p>\n<\/div>\n<\/div><div class=\"ot-row \" ><div class=\"ot-col span-1 h_left v_top\" ><p>Aucune licence Genesys suppl\u00e9mentaire requise<\/p>\n<\/div><div class=\"ot-col span-1 h_left v_top\" ><\/div><div class=\"ot-col span-1 h_left v_top\" ><p>Les agents travaillant uniquement sur les canaux num\u00e9riques n&rsquo;ont pas besoin de terminal vocal<\/p>\n<\/div><div class=\"ot-col span-1 h_left v_top\" ><\/div>\n<\/div><div class=\"ot-row \" ><div class=\"ot-col span-1 h_left v_top\" ><p>Le reporting et WFM sont enti\u00e8rement fonctionnels<\/p>\n<\/div><div class=\"ot-col span-1 h_left v_top\" ><\/div><div class=\"ot-col span-1 h_left v_top\" ><p>Les WebSockets peuvent \u00eatre utilis\u00e9s uniquement pour les applications utilisant Session Manager<\/p>\n<\/div><div class=\"ot-col span-1 h_left v_top\" ><\/div>\n<\/div><div class=\"ot-row \" ><div class=\"ot-col span-1 h_left v_top\" ><p>Configuration minimale de Genesys requise<\/p>\n<\/div><div class=\"ot-col span-1 h_left v_top\" ><\/div><div class=\"ot-col span-1 h_left v_top\" ><p>Les WebSockets sont pris en charge \u00e0 partir de la version 2016R3 de Genesys Connect<\/p>\n<\/div><div class=\"ot-col span-1 h_left v_top\" ><\/div>\n<\/div><div class=\"ot-row \" ><div class=\"ot-col span-1 h_left v_top\" ><\/div><div class=\"ot-col span-1 h_left v_top\" ><\/div><div class=\"ot-col span-1 h_left v_top\" ><p>Les autres applications telles qu&rsquo;Attendant ou Administrator peuvent fonctionner sur un VPN ou une session de bureau \u00e0 distance<\/p>\n<\/div><div class=\"ot-col span-1 h_left v_top\" ><\/div>\n<\/div><div class=\"ot-row \" ><div class=\"ot-col span-1 h_left v_top\" ><\/div><div class=\"ot-col span-1 h_left v_top\" ><\/div><div class=\"ot-col span-1 h_left v_top\" ><p>Configuration minimale de Genesys requise<\/p>\n<\/div><div class=\"ot-col span-1 h_left v_top\" ><\/div>\n<\/div><div class=\"ot-row \" ><div class=\"ot-col span-1 h_left v_top\" ><\/div><div class=\"ot-col span-1 h_left v_top\" ><\/div><div class=\"ot-col span-1 h_left v_top\" ><p>Aucune licence Genesys suppl\u00e9mentaire requise<\/p>\n<\/div><div class=\"ot-col span-1 h_left v_top\" ><\/div>\n<\/div>\n<\/div><\/div>[\/vc_column][\/vc_row][vc_row][vc_column][vc_column_text]<\/p>\n<h3>Consid\u00e9rations et hypoth\u00e8ses<\/h3>\n<ul>\n<li>Les travailleurs \u00e0 distance doivent disposer d&rsquo;un terminal vocal utilisable.<\/li>\n<li>Les agents doivent disposer d&rsquo;un acc\u00e8s\/d&rsquo;une connectivit\u00e9 Internet<\/li>\n<li>Ils doivent pouvoir acc\u00e9der au r\u00e9seau de l&rsquo;entreprise (VPN)<\/li>\n<li>Ils doivent disposer de suffisamment de bande passante pour garantir la qualit\u00e9 de la communication<\/li>\n<li>Les syst\u00e8mes bas\u00e9s sur site n\u00e9cessitent un environnement VDI compatible Genesys avec un poste de travail Genesys d\u00e9ploy\u00e9\u00a0; cela ne s&rsquo;applique pas aux syst\u00e8mes bas\u00e9s dans le cloud.<\/li>\n<li>Pour les syst\u00e8mes bas\u00e9s sur site, un t\u00e9l\u00e9phone SIP Genesys doit \u00eatre install\u00e9 sur l&rsquo;ordinateur du travailleur \u00e0 distance\u00a0; Pour les syst\u00e8mes bas\u00e9s dans le cloud, les agents peuvent utiliser WebRTC bas\u00e9 sur navigateur.<\/li>\n<li>L&rsquo;acc\u00e8s \u00e0 l&rsquo;intranet de l&rsquo;entreprise peut \u00eatre n\u00e9cessaire pour l&rsquo;acc\u00e8s aux interfaces utilisateur et la connectivit\u00e9\u00a0SIP.<\/li>\n<\/ul>\n<p>[\/vc_column_text][\/vc_column][\/vc_row][\/vc_section][vc_section css=\u00a0\u00bb.vc_custom_1584039065291{background-color: #f3f3f3 !important;}\u00a0\u00bb][vc_row][vc_column][vc_column_text]<\/p>\n<h3>S\u00e9curit\u00e9<\/h3>\n<p>Dans tous les cas, les directives de l&rsquo;entreprise concernant la confidentialit\u00e9 et la conformit\u00e9 au RGPD, ainsi que les autres r\u00e9glementations relatives \u00e0 la confidentialit\u00e9, doivent \u00eatre respect\u00e9es. Il s&rsquo;agit par exemple de s\u00e9curiser les transactions dans un environnement ext\u00e9rieur au bureau\/non g\u00e9r\u00e9 o\u00f9 les facteurs externes sont plus difficiles \u00e0 contr\u00f4ler, comme dans les cas o\u00f9 des donn\u00e9es confidentielles du client sont trait\u00e9es lors d&rsquo;un appel vocal en pr\u00e9sence d&rsquo;autres personnes.<\/p>\n<h3>Documents de r\u00e9f\u00e9rence<\/h3>\n<p><strong>Genesys Cloud<\/strong><\/p>\n<ul>\n<li>Configuration syst\u00e8me Genesys Cloud requise \u2013 <a href=\"https:\/\/help.genesys.cloud\/articles\/purecloud-requirements\/\" target=\"_blank\" rel=\"noopener noreferrer\">Cliquez ici<\/a><\/li>\n<li>\u00c0 propos des applications (Web, bureau et mobile) \u2013 <a href=\"https:\/\/help.genesys.cloud\/articles\/purecloud-apps\/\" target=\"_blank\" rel=\"noopener noreferrer\">Cliquez ici<\/a><\/li>\n<li>\u00c0 propos des t\u00e9l\u00e9phones \u2013 <a href=\"https:\/\/help.genesys.cloud\/articles\/about-managed-phone-configuration\/\" target=\"_blank\" rel=\"noopener noreferrer\">Cliquez ici<\/a><\/li>\n<\/ul>\n<p><strong>Genesys Connect<\/strong><\/p>\n<ul>\n<li>Guide d&rsquo;installation des applications Web (iConnect) \u2013\u00a0<a href=\"https:\/\/help.genesys.com\/cic\/mergedProjects\/wh_tr\/mergedProjects\/wh_tr_cic_web_apps\/desktop\/about_this_document.htm\" target=\"_blank\" rel=\"noopener noreferrer\">Cliquez ici<\/a><\/li>\n<li>Applications Genesys Connect dans l&rsquo;environnement Terminal Services \u2013 <a href=\"https:\/\/help.genesys.com\/cic\/mergedProjects\/wh_tr\/mergedProjects\/wh_tr_citrix\/desktop\/introduction.htm\" target=\"_blank\" rel=\"noopener noreferrer\">Cliquez ici<\/a><\/li>\n<li>Connexion des applications IceLib sur Internet (wss:\/\/) \u2013 <a href=\"https:\/\/help.genesys.com\/cic\/mergedProjects\/wh_tr\/mergedProjects\/wh_tr_session_mgr\/desktop\/connecting_icelib_applications_over_the_internet.htm\">Cliquez ici<\/a><\/li>\n<li>Interaction SIP Bridge \u2013\u00a0<a href=\"https:\/\/help.genesys.com\/cic\/mergedProjects\/wh_tr\/mergedProjects\/wh_tr_sip_bridge\/desktop\/interaction_sip_bridge_installation_and_configuration_guide.htm\" target=\"_blank\" rel=\"noopener noreferrer\">Cliquez ici<\/a><\/li>\n<li>Stations \u00e0 distance \u2013\u00a0<a href=\"https:\/\/help.genesys.com\/cic\/mergedProjects\/wh_ia\/desktop\/remote_stations_overview.htm\" target=\"_blank\" rel=\"noopener noreferrer\">Cliquez ici<\/a><\/li>\n<li>T\u00e9l\u00e9phones IP SIP recommand\u00e9s \u2013 <a href=\"https:\/\/testlab.genesys.com\/ProductsPage.aspx?ProductType=5\" target=\"_blank\" rel=\"noopener noreferrer\">Cliquez ici<\/a><\/li>\n<\/ul>\n<p><strong>Genesys<\/strong><\/p>\n<ul>\n<li>Guide de d\u00e9ploiement du serveur SIP Genesys \u2013\u00a0<a href=\"https:\/\/docs.genesys.com\/Special:Repository\/81fr_dep-sip.pdf?id=278979454427&amp;page=Documentation\/SIPS\" target=\"_blank\" rel=\"noopener noreferrer\">Cliquez ici<\/a><\/li>\n<li>T\u00e9l\u00e9phones IP pris en charge par Genesys \u2013 <a href=\"https:\/\/docs.genesys.com\/Documentation\/System\/latest\/SMI\/SIPSupport\" target=\"_blank\" rel=\"noopener noreferrer\">Cliquez ici<\/a><\/li>\n<li>Prise en charge de la virtualisation Genesys \u2013 <a href=\"https:\/\/docs.genesys.com\/Documentation\/System\/latest\/SOE\/Virtualization\" target=\"_blank\" rel=\"noopener noreferrer\">Cliquez ici<\/a><\/li>\n<li>Genesys engage WDE (y compris l&rsquo;assistance ClickOnce et Virtual) \u2013\u00a0<a href=\"https:\/\/docs.genesys.com\/Documentation\/IW\/8.5.1\/Dep\/Welcome\" target=\"_blank\" rel=\"noopener noreferrer\">Cliquez ici<\/a>\u200b<\/li>\n<li>Guide de d\u00e9ploiement WWE Genesys \u2013\u00a0Veuillez contacter votre repr\u00e9sentant Genesys<\/li>\n<\/ul>\n<p>Pour toute question ou demande relative aux informations susmentionn\u00e9es, veuillez consulter notre <a href=\"https:\/\/www.genesys.com\/fr-fr\/emergency-response\/remote-workers-faq\">FAQ<\/a> ou contacter l&rsquo;assistance client.[\/vc_column_text][\/vc_column][\/vc_row][\/vc_section]<\/p>\n<\/div>","protected":false},"excerpt":{"rendered":"<p>[vc_section css=\u00a0\u00bb.vc_custom_1583521839344{background-color: #f3f3f3 !important;}\u00a0\u00bb][vc_row][vc_column width=\u00a0\u00bb5\/6&Prime;][vc_column_text] Permettre aux agents de travailler \u00e0 domicile [\/vc_column_text][\/vc_column][vc_column width=\u00a0\u00bb1\/6&Prime;][\/vc_column][\/vc_row][\/vc_section][vc_row][vc_column][vc_column_text] [\/vc_column_text][\/vc_column][\/vc_row][vc_section][vc_row el_class=\u00a0\u00bbcovid19&Prime;][vc_column][vc_column_text] Nous sommes tous affect\u00e9s d&rsquo;une mani\u00e8re ou d&rsquo;une autre par l&rsquo;\u00e9pid\u00e9mie de Coronavirus. En de pareils moments, vous devez faire tout ce qui est possible pour prot\u00e9ger la sant\u00e9 de vos employ\u00e9s et pour aider \u00e0 contenir la propagation [&hellip;]<\/p>\n","protected":false},"author":13,"featured_media":0,"parent":255161,"menu_order":0,"comment_status":"closed","ping_status":"closed","template":"","meta":{"_acf_changed":false,"footnotes":""},"class_list":["post-259429","page","type-page","status-publish","hentry"],"acf":[],"_links":{"self":[{"href":"https:\/\/www.genesys.com\/fr-fr\/wp-json\/wp\/v2\/pages\/259429","targetHints":{"allow":["GET"]}}],"collection":[{"href":"https:\/\/www.genesys.com\/fr-fr\/wp-json\/wp\/v2\/pages"}],"about":[{"href":"https:\/\/www.genesys.com\/fr-fr\/wp-json\/wp\/v2\/types\/page"}],"author":[{"embeddable":true,"href":"https:\/\/www.genesys.com\/fr-fr\/wp-json\/wp\/v2\/users\/13"}],"replies":[{"embeddable":true,"href":"https:\/\/www.genesys.com\/fr-fr\/wp-json\/wp\/v2\/comments?post=259429"}],"version-history":[{"count":5,"href":"https:\/\/www.genesys.com\/fr-fr\/wp-json\/wp\/v2\/pages\/259429\/revisions"}],"predecessor-version":[{"id":352853,"href":"https:\/\/www.genesys.com\/fr-fr\/wp-json\/wp\/v2\/pages\/259429\/revisions\/352853"}],"up":[{"embeddable":true,"href":"https:\/\/www.genesys.com\/fr-fr\/wp-json\/wp\/v2\/pages\/255161"}],"wp:attachment":[{"href":"https:\/\/www.genesys.com\/fr-fr\/wp-json\/wp\/v2\/media?parent=259429"}],"curies":[{"name":"wp","href":"https:\/\/api.w.org\/{rel}","templated":true}]}}