{"id":236346,"date":"2020-03-12T14:17:19","date_gmt":"2020-03-12T21:17:19","guid":{"rendered":"https:\/\/www.genesys.com\/?page_id=236346"},"modified":"2023-12-08T14:46:31","modified_gmt":"2023-12-08T22:46:31","slug":"call-center-cloud-migration-overview","status":"publish","type":"page","link":"https:\/\/www.genesys.com\/fr-fr\/call-center-cloud-migration-overview","title":{"rendered":"Pr\u00e9sentation de la migration du centre d&rsquo;appel vers le cloud"},"content":{"rendered":"<div class=\"wpb-content-wrapper\"><p>[vc_section][vc_row][vc_column]<div class=\"section-header   format-header-a has-title has-sub_title has-cta has-image has-bgcolor\" data-swidth=\"stretch\" data-bgcolor=\"bgc-plum\" data-bg-posx=\"center\" data-bg-posy=\"center\" data-text-theme=\"theme-dark\"><div class=\"text-col\"><h1>Migration du centre d'appel<\/h1><p>Tenez l'engagement de votre marque, sans aucun obstacle.<\/p><div class=\"content-container\"><\/div><div class=\"cta-btn \"><a href=\"https:\/\/www.genesys.com\/collateral\/delivering-on-the-promise-of-world-class-omnichannel-customer-experiences\" target=\"_blank\" rel=\"\">D\u00e9couvrir les t\u00e9moignages de r\u00e9ussite<\/a><\/div><\/div><div class=\"media-col image-wide\"><img decoding=\"async\" width=\"47\" height=\"43\" style=\"\" src=\"https:\/\/www.genesys.com\/media\/9162c06f-cloud-integrations-orange.svg\" alt=\"Cloud integrations orange\" \/><\/div><\/div>[\/vc_column][\/vc_row][\/vc_section][vc_section css=\u00a0\u00bb.vc_custom_1566918234999{padding-top: 0px !important;padding-bottom: 0px !important;}\u00a0\u00bb][vc_row][vc_column][\/vc_column][\/vc_row][\/vc_section][vc_section][vc_row][vc_column]<div class=\"section-grid has-title has-imageclr\" data-swidth=\"stretch\" data-column=\"grid-3x3\" data-format=\"grid-b\" data-cards=\"bgc-clear\" data-shadow=\"\" data-bgcolor=\"bgc-lgray\" data-bg-posx=\"center\" data-bg-posy=\"center\" data-text-theme=\"theme-light\"><div class=\"text-col\"><h3>C'est le moment ou jamais de renouveler la technologie de votre centre d'appel.<\/h3><\/div><div class=\"grid-container\" ><div class=\"grid-box grid-item has-title has-image\" data-col-span=\"colspan1\" data-row-span=\"rowspan1\"><div class=\"box-media image-wide\"><img decoding=\"async\" width=\"47\" height=\"32\" src=\"https:\/\/www.genesys.com\/media\/cloud.svg\"  alt=\"Moving to the cloud\" \/><\/div><div class=\"box-content\"><h4 class=\"text-18 font-weight-bold\">Adoptez le mode de vie du cloud<\/h4><p>Profitez d&rsquo;une agilit\u00e9 continue et de la capacit\u00e9 \u00e0 s&rsquo;adapter au changement. La plateforme cloud adapt\u00e9e vous permet d&rsquo;\u00e9tendre rapidement vos capacit\u00e9s, d&rsquo;obtenir de meilleurs r\u00e9sultats et d&rsquo;offrir des exp\u00e9riences client qui d\u00e9passent les attentes.<\/p>\n<\/div><\/div><div class=\"grid-box grid-item has-title has-image\" data-col-span=\"colspan1\" data-row-span=\"rowspan1\"><div class=\"box-media image-wide\"><img decoding=\"async\" width=\"47\" height=\"39\" src=\"https:\/\/www.genesys.com\/media\/Collaboration-Tools.svg\"  alt=\"Collaboration tools\" \/><\/div><div class=\"box-content\"><h4 class=\"text-18 font-weight-bold\">Acc\u00e9l\u00e9rez la transformation num\u00e9rique<\/h4><p>Adaptez-vous \u00e0 l&rsquo;\u00e9volution constante des attentes des clients. Le parcours complet et v\u00e9ritablement omnicanal du client, ainsi que les donn\u00e9es unifi\u00e9es sur tous les canaux, offrent \u00e0 votre entreprise les outils n\u00e9cessaires pour am\u00e9liorer votre exp\u00e9rience client.<\/p>\n<\/div><\/div><div class=\"grid-box grid-item has-title has-image\" data-col-span=\"colspan1\" data-row-span=\"rowspan1\"><div class=\"box-media image-wide\"><img decoding=\"async\" width=\"48\" height=\"36\" src=\"https:\/\/www.genesys.com\/media\/mobile-laptop-2.svg\"  alt=\"Intelligent automated routing\" \/><\/div><div class=\"box-content\"><h4 class=\"text-18 font-weight-bold\">Modernisez pour l'innovation<\/h4><p>Soyez l\u00e0 o\u00f9 se trouvent vos clients. \u00c9vitez l&rsquo;augmentation des risques, des co\u00fbts et les limites des technologies h\u00e9rit\u00e9es ou en fin de vie, et profitez de cette libert\u00e9 pour poser les bases de l&rsquo;innovation.<\/p>\n<\/div><\/div>\n<\/div><\/div>[\/vc_column][\/vc_row][\/vc_section][vc_section][vc_row][vc_column]<div class=\"section-grid has-title\" data-swidth=\"stretch\" data-column=\"grid-1x1\" data-format=\"grid-d\" data-cards=\"bgc-clear\" data-shadow=\"\" data-bg-posx=\"center\" data-bg-posy=\"center\" data-text-theme=\"theme-light\"><div class=\"text-col\"><h3>Nous vous \u00e9coutons<\/h3><\/div><div class=\"grid-container\" ><div class=\"grid-box grid-item has-title has-image\" data-col-span=\"colspan1\" data-row-span=\"rowspan1\"><div class=\"box-media image-wide\"><img decoding=\"async\" width=\"47\" height=\"45\" src=\"https:\/\/www.genesys.com\/media\/chat-male.svg\"  alt=\"Chat male\" \/><\/div><div class=\"box-content\"><h4 class=\"text-18 font-weight-bold\">R\u00e9ussissez gr\u00e2ce \u00e0 une assistance qualifi\u00e9e<\/h4><p>L&rsquo;exp\u00e9rience compte. Si de plus en plus d&rsquo;entreprises de toutes tailles et de tous les secteurs ont fait confiance \u00e0 Genesys pour la migration de leurs centres d&rsquo;appel, ce n&rsquo;est pas sans raison. Elles savent qu&rsquo;elles peuvent compter sur notre expertise av\u00e9r\u00e9e pour transformer les exp\u00e9riences qu&rsquo;elles offrent \u00e0 leurs clients.<\/p>\n<\/div><\/div><div class=\"grid-box grid-item has-title has-image\" data-col-span=\"colspan1\" data-row-span=\"rowspan1\"><div class=\"box-media image-tall\"><img decoding=\"async\" width=\"45\" height=\"47\" src=\"https:\/\/www.genesys.com\/media\/Time-kills-all-deals.svg\"  alt=\"Get to the right prospect at the right time\" \/><\/div><div class=\"box-content\"><h4 class=\"text-18 font-weight-bold\">Acc\u00e9l\u00e9rez votre rentabilisation et r\u00e9duisez les co\u00fbts et les risques<\/h4><p>Aujourd&rsquo;hui, les fournisseurs les plus innovants s&rsquo;appuient sur des m\u00e9thodologies \u00e9prouv\u00e9es et reproductibles qui comprennent des cas d&rsquo;utilisation et des prestations flexibles afin de r\u00e9duire les risques, les perturbations, les co\u00fbts de d\u00e9ploiement et les d\u00e9lais de rentabilisation.<\/p>\n<\/div><\/div><div class=\"grid-box grid-item has-title has-image\" data-col-span=\"colspan1\" data-row-span=\"rowspan1\"><div class=\"box-media image-wide\"><img decoding=\"async\" width=\"47\" height=\"44\" src=\"https:\/\/www.genesys.com\/media\/handshake.svg\"  alt=\"Partner network\" \/><\/div><div class=\"box-content\"><h4 class=\"text-18 font-weight-bold\">Choisissez un partenaire technologique, et non pas un simple fournisseur<\/h4><p>Tous les fournisseurs de cloud ne naissent pas \u00e9gaux. Vous et vos clients m\u00e9ritez un fournisseur de technologie qui effectue des investissements pour assurer votre r\u00e9ussite et vous donner les moyens d&rsquo;atteindre vos objectifs commerciaux. Nous sommes le partenaire qui vous accompagnera tout du long de votre parcours, avant, pendant et apr\u00e8s votre d\u00e9ploiement, afin que vous puissiez b\u00e9n\u00e9ficier de la valeur que vous attendez.<\/p>\n<\/div><\/div>\n<\/div><\/div>[\/vc_column][\/vc_row][\/vc_section][vc_section][vc_row][vc_column]<div class=\"section-grid has-title has-imageclr\" data-swidth=\"stretch\" data-column=\"grid-2x2\" data-format=\"grid-a\" data-cards=\"bgc-clear\" data-shadow=\"\" data-bgcolor=\"bgc-lgray\" data-bg-posx=\"center\" data-bg-posy=\"center\" data-text-theme=\"theme-light\"><div class=\"text-col\"><h3>Des avantages r\u00e9els aujourd'hui et demain<\/h3><\/div><div class=\"grid-container\" ><div class=\"grid-box grid-item has-title\" data-col-span=\"colspan1\" data-row-span=\"rowspan1\"><div class=\"box-content\"><h4 class=\"text-18 font-weight-bold\">Acc\u00e9dez aux march\u00e9s mondiaux et d\u00e9veloppez-vous sans limite : ne laissez pas la taille ou la g\u00e9ographie vous ralentir<\/h4><p>Choisissez un fournisseur de solutions de cloud d&rsquo;envergure mondiale et \u00e0 grande \u00e9chelle pour offrir des exp\u00e9riences coh\u00e9rentes et omnicanales dans le monde entier, qui s&rsquo;appuient sur une empreinte de centre de donn\u00e9es mondiale.<\/p>\n<\/div><\/div><div class=\"grid-box grid-item has-title\" data-col-span=\"colspan1\" data-row-span=\"rowspan1\"><div class=\"box-content\"><h4 class=\"text-18 font-weight-bold\">Consommez la technologie comme vous le souhaitez : ne soyez pas contraint de vous conformer<\/h4><p>B\u00e9n\u00e9ficiez du cloud dont vous avez besoin, qu&rsquo;il soit public, priv\u00e9 ou hybride. Personnalisez vos applications en fonction de vos besoins et apportez rapidement des modifications qui permettent \u00e0 votre entreprise de rester agile.<\/p>\n<\/div><\/div><div class=\"grid-box grid-item has-title\" data-col-span=\"colspan1\" data-row-span=\"rowspan1\"><div class=\"box-content\"><h4 class=\"text-18 font-weight-bold\">B\u00e9n\u00e9ficiez d'une s\u00e9curit\u00e9 et d'une fiabilit\u00e9 de qualit\u00e9 professionnelle : ne faites pas de compromis<\/h4><p>B\u00e9n\u00e9ficiez d&rsquo;une s\u00e9curit\u00e9 cloud de premier ordre gr\u00e2ce \u00e0 des audits internes garantis, des certifications du secteur, une couverture mondiale, une haute disponibilit\u00e9 et la continuit\u00e9 des activit\u00e9s. B\u00e9n\u00e9ficiez d&rsquo;un basculement automatique transparent pour prot\u00e9ger votre entreprise et votre marque.<\/p>\n<\/div><\/div><div class=\"grid-box grid-item has-title\" data-col-span=\"colspan1\" data-row-span=\"rowspan1\"><div class=\"box-content\"><h4 class=\"text-18 font-weight-bold\">B\u00e9n\u00e9ficiez d'un cloud innovant : ne vous laissez pas distancer<\/h4><p>Exploitez la puissance de la technologie flexible et \u00e9volutive avec une solide exp\u00e9rience en mati\u00e8re d&rsquo;innovation. Soyez pr\u00eat \u00e0 tirer parti de la convergence du cloud, de l&rsquo;intelligence num\u00e9rique et de l&rsquo;intelligence artificielle pour obtenir de meilleurs r\u00e9sultats commerciaux.<\/p>\n<\/div><\/div><div class=\"grid-box grid-item\" data-col-span=\"colspan1\" data-row-span=\"rowspan1\"><div class=\"box-content\"><\/div><\/div>\n<\/div><\/div>[\/vc_column][\/vc_row][\/vc_section][vc_section][vc_row][vc_column]<div class=\"section-grid has-title has-desc\" data-swidth=\"stretch\" data-column=\"grid-3x3\" data-format=\"grid-b\" data-cards=\"bgc-clear\" data-shadow=\"\" data-bg-posx=\"center\" data-bg-posy=\"center\" data-text-theme=\"theme-light\"><div class=\"text-col\"><h3>Votre avenir vous attend<\/h3><p>Vos besoins sont uniques ; nous vous proposons plusieurs options. Laissez-nous vous aider \u00e0 choisir la meilleure voie \u00e0 suivre. S\u00e9lectionnez votre sc\u00e9nario pour en savoir plus :<\/p><\/div><div class=\"grid-container\" ><div class=\"grid-box grid-item has-title has-cta has-image\" data-col-span=\"colspan1\" data-row-span=\"rowspan1\"><div class=\"box-media image-square\"><img decoding=\"async\" width=\"48\" height=\"48\" src=\"https:\/\/www.genesys.com\/media\/72fa3c9a-purecloud-technology.svg\"  alt=\"Genesys cloud technology\" \/><\/div><div class=\"box-content\"><h4 class=\"text-18 font-weight-bold\">Client Genesys existant<\/h4><div class=\"box-cta cta-btn\"><a role=\"button\" class=\"arrow arrow-primary\" href=\"https:\/\/www.genesys.com\/fr-fr\/customer-migrations\" target=\"_blank\" rel=\"\">D\u00e9couvrez ce que le cloud peut faire pour vous<\/a><\/div><\/div><\/div><div class=\"grid-box grid-item has-title has-cta has-image\" data-col-span=\"colspan1\" data-row-span=\"rowspan1\"><div class=\"box-media image-wide\"><img decoding=\"async\" width=\"48\" height=\"39\" src=\"https:\/\/www.genesys.com\/media\/90dccfa8-cloud-and-premise-orange.svg\"  alt=\"Cloud and premise orange\" \/><\/div><div class=\"box-content\"><h4 class=\"text-18 font-weight-bold\">Solution de centre de contact SaaS (avec un autre fournisseur)<\/h4><div class=\"box-cta cta-btn\"><a role=\"button\" class=\"arrow arrow-primary\" href=\"https:\/\/www.genesys.com\/fr-fr\/resources\/nouveau-genesys-cloud\" target=\"_blank\" rel=\"\">En savoir plus sur Genesys Cloud<\/a><\/div><\/div><\/div><div class=\"grid-box grid-item has-title has-cta has-image\" data-col-span=\"colspan1\" data-row-span=\"rowspan1\"><div class=\"box-media image-square\"><img decoding=\"async\" width=\"48\" height=\"48\" src=\"https:\/\/www.genesys.com\/media\/building.svg\"  alt=\"On premise solution\" \/><\/div><div class=\"box-content\"><h4 class=\"text-18 font-weight-bold\">Solution de centre d'appel sur site (avec un autre fournisseur)<\/h4><div class=\"box-cta cta-btn\"><a role=\"button\" class=\"arrow arrow-primary\" href=\"https:\/\/www.genesys.com\/fr-fr\/call-center-cloud-migration\" target=\"_blank\" rel=\"\">Du site vers le cloud<\/a><\/div><\/div><\/div>\n<\/div><\/div>[\/vc_column][\/vc_row][\/vc_section]<\/p>\n<\/div>","protected":false},"excerpt":{"rendered":"<p>[vc_section][vc_row][vc_column][\/vc_column][\/vc_row][\/vc_section][vc_section css=\u00a0\u00bb.vc_custom_1566918234999{padding-top: 0px !important;padding-bottom: 0px !important;}\u00a0\u00bb][vc_row][vc_column][\/vc_column][\/vc_row][\/vc_section][vc_section][vc_row][vc_column][\/vc_column][\/vc_row][\/vc_section][vc_section][vc_row][vc_column][\/vc_column][\/vc_row][\/vc_section][vc_section][vc_row][vc_column][\/vc_column][\/vc_row][\/vc_section][vc_section][vc_row][vc_column][\/vc_column][\/vc_row][\/vc_section]<\/p>\n","protected":false},"author":308,"featured_media":0,"parent":0,"menu_order":0,"comment_status":"closed","ping_status":"closed","template":"","meta":{"_acf_changed":false,"footnotes":""},"class_list":["post-236346","page","type-page","status-publish","hentry"],"acf":[],"_links":{"self":[{"href":"https:\/\/www.genesys.com\/fr-fr\/wp-json\/wp\/v2\/pages\/236346","targetHints":{"allow":["GET"]}}],"collection":[{"href":"https:\/\/www.genesys.com\/fr-fr\/wp-json\/wp\/v2\/pages"}],"about":[{"href":"https:\/\/www.genesys.com\/fr-fr\/wp-json\/wp\/v2\/types\/page"}],"author":[{"embeddable":true,"href":"https:\/\/www.genesys.com\/fr-fr\/wp-json\/wp\/v2\/users\/308"}],"replies":[{"embeddable":true,"href":"https:\/\/www.genesys.com\/fr-fr\/wp-json\/wp\/v2\/comments?post=236346"}],"version-history":[{"count":7,"href":"https:\/\/www.genesys.com\/fr-fr\/wp-json\/wp\/v2\/pages\/236346\/revisions"}],"predecessor-version":[{"id":501264,"href":"https:\/\/www.genesys.com\/fr-fr\/wp-json\/wp\/v2\/pages\/236346\/revisions\/501264"}],"wp:attachment":[{"href":"https:\/\/www.genesys.com\/fr-fr\/wp-json\/wp\/v2\/media?parent=236346"}],"curies":[{"name":"wp","href":"https:\/\/api.w.org\/{rel}","templated":true}]}}