{"id":155337,"date":"2019-07-08T09:11:49","date_gmt":"2019-07-08T16:11:49","guid":{"rendered":"https:\/\/www.genesys.com\/?page_id=155337"},"modified":"2020-03-05T13:44:00","modified_gmt":"2020-03-05T21:44:00","slug":"new-innovations","status":"publish","type":"page","link":"https:\/\/www.genesys.com\/fr-fr\/platform\/new-innovations","title":{"rendered":"Innovations saisonni\u00e8res"},"content":{"rendered":"<div class=\"wpb-content-wrapper\"><p>[vc_section g_section_text=\u00a0\u00bbwhite\u00a0\u00bb full_width=\u00a0\u00bbstretch_row\u00a0\u00bb content_placement=\u00a0\u00bbmiddle\u00a0\u00bb el_class=\u00a0\u00bbsection_header\u00a0\u00bb][vc_row content_placement=\u00a0\u00bbmiddle\u00a0\u00bb][vc_column]<div class=\"section-header   format-header-a has-title has-sub_title has-cta has-imagebg\" data-swidth=\"stretch\" data-bgimg=\"https:\/\/www.genesys.com\/media\/Winter-Innovations-billboard@2x-1.png\" data-bg-posx=\"center\" data-bg-posy=\"center\" data-text-theme=\"theme-dark\"><div class=\"text-col\"><h1>Tenez-vous au courant des innovations de Genesys<\/h1><p>Nous sommes \u00e0 l'aube d'une nouvelle \u00e8re technologique qui offrira \u00e0 nos clients les meilleures exp\u00e9riences au monde. Rejoignez-nous.<\/p><div class=\"content-container\"><\/div><div class=\"cta-btn \"><a href=\"\/fr-fr\/platform\/new-innovations\/winter-innovations-2020\" target=\"\" rel=\"\">D\u00e9couvrez les nouveaut\u00e9s de l'hiver\u00a02020<\/a><\/div><\/div><\/div>[\/vc_column][\/vc_row][\/vc_section][vc_section css=\u00a0\u00bb.vc_custom_1540403377154{padding-top: 0px !important;padding-bottom: 0px !important;}\u00a0\u00bb][vc_row][vc_column][\/vc_column][\/vc_row][vc_row][vc_column]<div class=\"section-content\" data-swidth=\"stretch\" data-bg-posx=\"center\" data-bg-posy=\"center\" data-text-theme=\"theme-light\"><div class=\"text-col\"><div class=\"content-container\"><div class=\"section-item format-content-d has-title has-sub_title\" ><div class=\"text-col\"><h2>D\u00e9couvrez les derni\u00e8res innovations en d\u00e9tail<\/h2><p>Bienvenue dans ce nouvel espace dont le but est de vous tenir inform\u00e9. Nos lancements saisonniers de march\u00e9 pr\u00e9sentent les nouveaut\u00e9s des solutions Genesys. Chaque lancement met en exergue les meilleures innovations en ce qui concerne nos produits, notre strat\u00e9gie et notre vision. En outre, vous aurez ici un aper\u00e7u des changements \u00e0 venir, et vous saurez ainsi ce que vous r\u00e9serve l'avenir.<\/p><\/div><\/div>\n<\/div><\/div><\/div>[\/vc_column][\/vc_row][\/vc_section][vc_section full_width=\u00a0\u00bbstretch_row\u00a0\u00bb css=\u00a0\u00bb.vc_custom_1540496974364{background-color: #f7f7f7 !important;}\u00a0\u00bb][vc_row][vc_column]<div class=\"section-content\" data-swidth=\"stretch\" data-bg-posx=\"center\" data-bg-posy=\"center\" data-text-theme=\"theme-light\"><div class=\"text-col\"><div class=\"content-container\"><div class=\"section-item format-content-a2 has-title has-sub_title has-cta has-image\" ><div class=\"text-col\"><h2>R\u00e9chauffez l'ambiance avec nos innovations de l'hiver 2020<\/h2><p>Ne laissez pas votre exp\u00e9rience client geler dans le temps. D\u00e9couvrez les derni\u00e8res nouveaut\u00e9s en mati\u00e8re d'intelligence artificielle, d'applications, d'exp\u00e9riences num\u00e9riques et d'autonomisation des agents, le tout depuis le cloud.<\/p><a class=\"btn btn-primary pl-2 pr-2 rounded-pill\" href=\"\/fr-fr\/platform\/new-innovations\/winter-innovations-2020\" target=\"\" rel=\"\">D\u00e9couvrez les nouveaut\u00e9s de l'hiver\u00a02020<\/a><\/div><div class=\"media-col image-wide type-image\"><img decoding=\"async\" width=\"618\" height=\"348\" src=\"https:\/\/www.genesys.com\/media\/winter-video-intro-slide-r.jpg\" alt=\"video thumbnail\" \/><\/div><\/div>\n<\/div><\/div><\/div>[\/vc_column][\/vc_row][\/vc_section][vc_section][vc_row][vc_column][vc_column_text]<\/p>\n<h3 style=\"text-align: center;\">D\u00e9couvrez nos lancements de march\u00e9 pr\u00e9c\u00e9dents<\/h3>\n<p>[\/vc_column_text][vc_row_inner equal_height=\u00a0\u00bbyes\u00a0\u00bb gap=\u00a0\u00bb20&Prime;][vc_column_inner width=\u00a0\u00bb1\/6&Prime;][\/vc_column_inner][vc_column_inner width=\u00a0\u00bb1\/3&Prime;]<div class=\"gicon-container\" style=\"text-align:center;\"><\/div>[vc_column_text]<\/p>\n<h4 style=\"text-align: center;\">Innovations de l&rsquo;\u00e9t\u00e9\u00a02019<\/h4>\n<p style=\"text-align: center;\">D\u00e9couvrez comment les informations en temps r\u00e9el sur l&rsquo;engagement, la vitesse d&rsquo;innovation et la facilit\u00e9 de consommation permettent d&rsquo;obtenir des r\u00e9sultats impressionnants<\/p>\n<p>[\/vc_column_text]<div class=\"btn-container justify-content-center \"><a class=\"btn small btn-primary\" href=\"https:\/\/www.genesys.com\/fr-fr\/platform\/new-innovations\/summer-innovations-2019\" target=\"\" style=\"width:auto;\" rel=\"\" >En savoir plus<\/a><\/div>[\/vc_column_inner][vc_column_inner width=\u00a0\u00bb1\/3&Prime;]<div class=\"gicon-container\" style=\"text-align:center;\"><\/div>[vc_column_text]<\/p>\n<h4 style=\"text-align: center;\">Innovations de l&rsquo;hiver\u00a02018<\/h4>\n<p style=\"text-align: center;\">Automation@Work d\u00e9passe l&rsquo;optimisation des effectifs pour obtenir des r\u00e9sultats commerciaux optimis\u00e9s par l&rsquo;intelligence artificielle<\/p>\n<p>[\/vc_column_text]<div class=\"btn-container justify-content-center \"><a class=\"btn small btn-primary\" href=\"https:\/\/www.genesys.com\/platform\/new-innovations\/winter-innovations-2018\" target=\"\" style=\"width:auto;\" rel=\"\" >En savoir plus<\/a><\/div>[\/vc_column_inner][vc_column_inner width=\u00a0\u00bb1\/6&Prime;][\/vc_column_inner][\/vc_row_inner][\/vc_column][\/vc_row][\/vc_section]<\/p>\n<\/div>","protected":false},"excerpt":{"rendered":"<p>[vc_section g_section_text=\u00a0\u00bbwhite\u00a0\u00bb full_width=\u00a0\u00bbstretch_row\u00a0\u00bb content_placement=\u00a0\u00bbmiddle\u00a0\u00bb el_class=\u00a0\u00bbsection_header\u00a0\u00bb][vc_row content_placement=\u00a0\u00bbmiddle\u00a0\u00bb][vc_column][\/vc_column][\/vc_row][\/vc_section][vc_section css=\u00a0\u00bb.vc_custom_1540403377154{padding-top: 0px !important;padding-bottom: 0px !important;}\u00a0\u00bb][vc_row][vc_column][\/vc_column][\/vc_row][vc_row][vc_column][\/vc_column][\/vc_row][\/vc_section][vc_section full_width=\u00a0\u00bbstretch_row\u00a0\u00bb css=\u00a0\u00bb.vc_custom_1540496974364{background-color: #f7f7f7 !important;}\u00a0\u00bb][vc_row][vc_column][\/vc_column][\/vc_row][\/vc_section][vc_section][vc_row][vc_column][vc_column_text] D\u00e9couvrez nos lancements de march\u00e9 pr\u00e9c\u00e9dents [\/vc_column_text][vc_row_inner equal_height=\u00a0\u00bbyes\u00a0\u00bb gap=\u00a0\u00bb20&Prime;][vc_column_inner width=\u00a0\u00bb1\/6&Prime;][\/vc_column_inner][vc_column_inner width=\u00a0\u00bb1\/3&Prime;][vc_column_text] Innovations de l&rsquo;\u00e9t\u00e9\u00a02019 D\u00e9couvrez comment les informations en temps r\u00e9el sur l&rsquo;engagement, la vitesse d&rsquo;innovation et la facilit\u00e9 de consommation permettent d&rsquo;obtenir des r\u00e9sultats impressionnants [\/vc_column_text][\/vc_column_inner][vc_column_inner width=\u00a0\u00bb1\/3&Prime;][vc_column_text] Innovations de [&hellip;]<\/p>\n","protected":false},"author":13,"featured_media":0,"parent":78185,"menu_order":0,"comment_status":"closed","ping_status":"closed","template":"","meta":{"_acf_changed":false,"footnotes":""},"class_list":["post-155337","page","type-page","status-publish","hentry"],"acf":[],"_links":{"self":[{"href":"https:\/\/www.genesys.com\/fr-fr\/wp-json\/wp\/v2\/pages\/155337","targetHints":{"allow":["GET"]}}],"collection":[{"href":"https:\/\/www.genesys.com\/fr-fr\/wp-json\/wp\/v2\/pages"}],"about":[{"href":"https:\/\/www.genesys.com\/fr-fr\/wp-json\/wp\/v2\/types\/page"}],"author":[{"embeddable":true,"href":"https:\/\/www.genesys.com\/fr-fr\/wp-json\/wp\/v2\/users\/13"}],"replies":[{"embeddable":true,"href":"https:\/\/www.genesys.com\/fr-fr\/wp-json\/wp\/v2\/comments?post=155337"}],"version-history":[{"count":5,"href":"https:\/\/www.genesys.com\/fr-fr\/wp-json\/wp\/v2\/pages\/155337\/revisions"}],"predecessor-version":[{"id":246261,"href":"https:\/\/www.genesys.com\/fr-fr\/wp-json\/wp\/v2\/pages\/155337\/revisions\/246261"}],"up":[{"embeddable":true,"href":"https:\/\/www.genesys.com\/fr-fr\/wp-json\/wp\/v2\/pages\/78185"}],"wp:attachment":[{"href":"https:\/\/www.genesys.com\/fr-fr\/wp-json\/wp\/v2\/media?parent=155337"}],"curies":[{"name":"wp","href":"https:\/\/api.w.org\/{rel}","templated":true}]}}