{"id":602351,"date":"2025-11-06T19:52:04","date_gmt":"2025-11-07T03:52:04","guid":{"rendered":"https:\/\/www.genesys.com\/?page_id=602351"},"modified":"2025-11-18T14:28:50","modified_gmt":"2025-11-18T22:28:50","slug":"genesys-charitable-discount-program","status":"publish","type":"page","link":"https:\/\/www.genesys.com\/es-mx\/genesys-charitable-discount-program","title":{"rendered":"Programa de descuentos de Genesys para organizaciones de beneficencia"},"content":{"rendered":"<div class=\"wpb-content-wrapper\"><p>[vc_section sec_modern_width=&#8221;enable&#8221; background_color=&#8221;bgc-lgray&#8221; flair=&#8221;%5B%7B%22flair_type%22%3A%22f_type_image%22%2C%22hide_mobile%22%3A%22yes%22%7D%5D&#8221; el_id=&#8221;form&#8221; css=&#8221;.vc_custom_1748643950239{background-image: url(https:\/\/www.genesys.com\/media\/Demo-Call-management-BG.png?id=575082) !important;}&#8221;][vc_row background_color=&#8221;bgc-glass&#8221; equal_height=&#8221;yes&#8221; content_placement=&#8221;middle&#8221; el_class=&#8221;rounded p-2 p-lg-4 mt-md-0&#8243;][vc_column width=&#8221;7\/12&#8243;][vc_column_text css=&#8221;.vc_custom_1763504044526{padding-top: 7px !important;}&#8221;]<\/p>\n<p class=\"text-16\">El Programa de descuentos de Genesys\u00ae para organizaciones de beneficencia<\/p>\n<h1>Lo ayudamos para que pueda ayudar a otros<\/h1>\n<p>Para contribuir con tu misi\u00f3n, Genesys te ofrece hasta un 50% de descuento en soluciones seleccionadas para que puedas orquestar experiencias de extremo a extremo m\u00e1s personalizadas.<\/p>\n<p><em class=\"text-12\">* Se aplican t\u00e9rminos y condiciones.<\/em>[\/vc_column_text][\/vc_column][vc_column width=&#8221;5\/12&#8243;]<div class=\"eloq_form elq-container gmkto_form_type_advanced gmkto_format_vertical\"><form method=\"post\" name=\"MasterLeadIntakeForm\" action=\"https:\/\/s1260946616.t.eloqua.com\/e\/f2\" data-proc=\"inline\" data-ppcount=\"5\" onsubmit=\"return proc_submit(this);\" class=\"beam-form elq-form init no-bg-form yesknown yesprefill yespp strict-check\"  data-target=\".thank-you\" ><div id=\"known_person\" style=\"display:none;\"><p class=\"welcome_user\"><span id=\"welcome_person\">Bienvenido de nuevo,<\/span> <span id=\"person_info\"><span class=\"person_first\"><\/span>&nbsp;<span class=\"person_last\"><\/span><\/span><\/p><p class=\"delete_button\"><a class=\"deletemyrecord\">\u00bfNo es usted?<\/a><\/p>\n    <div class=\"form-row cb_available white-box work-email el_field form-floating\">\n        <input type=\"email\" class=\"form-control el_field elq-item-input cb_available  required\" name=\"secondaryEmailAddress1\" id=\"fe644\" value=\"\" placeholder=\"Please provide your work email\">\n        <label for=\"fe644\">Please provide your work email<span class=\"required-asterisk\">*<\/span><\/label>\n    <\/div><\/div><input value=\"MasterLeadIntakeForm\" type=\"hidden\" name=\"elqFormName\"><input value=\"1260946616\" type=\"hidden\" name=\"elqSiteId\"><input name=\"elqCampaignId\" type=\"hidden\"><input type=\"hidden\" name=\"elqCustomerGUID\" value=\"\"><input type=\"hidden\" name=\"elqCookieWrite\" value=\"0\"><input type=\"hidden\" name=\"client_ip_address\" id=\"fe449\" value=\"\"><div class=\"fields\"><input type=\"hidden\" name=\"CID\" id=\"fe198\" value=\"7011T000001YwdlQAC\"><input type=\"hidden\" name=\"CID_STATUS\" id=\"fe281\" value=\"\"><input type=\"hidden\" name=\"redirect_url\" id=\"fe217\" value=\"\"><input type=\"hidden\" name=\"landing_page_url\" id=\"fe204\" value=\"https:\/\/www.genesys.com\/es-mx\/wp-json\/wp\/v2\/pages\/602351\"><input type=\"hidden\" name=\"post_type\" id=\"fe448\" value=\"page\"><input type=\"hidden\" name=\"integration\" id=\"fe362\" value=\"\"><input type=\"hidden\" name=\"language_code\" id=\"fe479\" value=\"es-mx\"><input type=\"hidden\" name=\"full_url\" id=\"fe983\" value=\"https:\/\/www.genesys.com\/es-mx\/wp-json\/wp\/v2\/pages\/602351\"><input type=\"hidden\" name=\"post_id\" id=\"fe984\" value=\"602351\">\n    <div class=\"form-row row-email el_field form-floating\">\n        <input type=\"email\" class=\"form-control el_field elq-item-input required\" name=\"emailAddress\" id=\"fe192\" value=\"\" aria-label=\"Email Corporativo\" placeholder=\"Email Corporativo\">\n        <label for=\"fe192\">Email Corporativo<span class=\"required-asterisk\">*<\/span><\/label>\n    <\/div>\n    <div class=\"form-row cb_available el_field form-floating\">\n        <input type=\"text\" class=\"form-control el_field elq-item-input cb_available  required\" name=\"firstName\" id=\"fe190\" value=\"\" placeholder=\"Nombre\">\n        <label for=\"fe190\">Nombre<span class=\"required-asterisk\">*<\/span><\/label>\n    <\/div>\n    <div class=\"form-row cb_available el_field form-floating\">\n        <input type=\"text\" class=\"form-control el_field elq-item-input cb_available required\" name=\"lastName\" id=\"fe191\" value=\"\" placeholder=\"Apellido\">\n        <label for=\"fe191\">Apellido<span class=\"required-asterisk\">*<\/span><\/label>\n    <\/div>\n    <div class=\"form-row cb_available eloq_ppe el_field form-floating\">\n        <select class=\"form-select el_field elq-item-select cb_available required eloq_ppe\" id=\"fe219\" name=\"jobLevel1\" data-value=\"\">\n            <option selected=\"\" value=\"\"><\/option><option value=\"C-Level\">C-Level<\/option><option value=\"VP\">Vicepresidente<\/option><option value=\"Director\">Director<\/option><option value=\"Manager\">Gerente<\/option><option value=\"Principal\">Presidente<\/option><option value=\"Engineer \/ Architect\">Ingeniero \/ arquitecto<\/option><option value=\"Consultant\">Consultor<\/option><option value=\"Analyst\">Analista<\/option><option value=\"Partner\">Socio<\/option><option value=\"Staff\">Personal<\/option><option value=\"Unknown\">Desconocido<\/option>\n        <\/select>\n        <label for=\"fe219\">Nivel<span class=\"required-asterisk\">*<\/span><\/label>\n    <\/div>\n    <div class=\"form-row cb_available eloq_ppe el_field form-floating\">\n        <select class=\"form-select el_field elq-item-select cb_available required eloq_ppe\" id=\"fe218\" name=\"jobFunction1\" data-value=\"\">\n            <option selected=\"\" value=\"\"><\/option>\n            <option value=\"Claims\">Reclamos<\/option><option value=\"Collections\">Cobranzas<\/option><option value=\"Contact Center Management\">Gesti\u00f3n del centro de contacto<\/option><option value=\"Customer Experience\">Experiencia del cliente<\/option><option value=\"Customer Service\">Servicio al Cliente<\/option><option value=\"Ecommerce\/Digital Channels\">Canales digitales y de comercio electr\u00f3nico<\/option><option value=\"Finance\">Finanzas<\/option><option value=\"Human Resources\">Recursos Humanos<\/option><option value=\"Influencer\">Influenciador<\/option><option value=\"Information Technology\">Tecnolog\u00edas de la informaci\u00f3n<\/option><option value=\"IT Architecture\">Arquitectura de TI<\/option><option value=\"IT Infrastructure\">Infraestructura de TI<\/option><option value=\"IVR\">IVR<\/option><option value=\"Marketing\">Mercadeo<\/option><option value=\"Operations \/ Process Management\">Gesti\u00f3n de operaciones \/ procesos<\/option><option value=\"Production Management\">Gesti\u00f3n de la producci\u00f3n<\/option><option value=\"Purchasing\">Compras<\/option><option value=\"Sales\">Ventas<\/option><option value=\"Unknown\">Desconocido<\/option>\n        <\/select>\n        <label for=\"fe218\">Funci\u00f3n<span class=\"required-asterisk\">*<\/span><\/label>\n    <\/div>\n    <div class=\"form-row cb_available eloq_ppe el_field form-floating\">\n        <input type=\"text\" class=\"form-control el_field elq-item-input cb_available required eloq_ppe\" name=\"company\" id=\"fe193\" value=\"\" placeholder=\"Empresa\">\n        <label for=\"fe193\">Empresa<span class=\"required-asterisk\">*<\/span><\/label>\n    <\/div>\n    <div class=\"form-row cb_available eloq_ppe el_field form-floating\">\n        <input type=\"tel\" class=\"form-control el_field elq-item-input cb_available required eloq_ppe\" name=\"busPhone\" id=\"fe215\" value=\"\" placeholder=\"Tel\u00e9fono\">\n        <label for=\"fe215\">Tel\u00e9fono<span class=\"required-asterisk\">*<\/span><\/label>\n    <\/div>\n    <div class=\"form-row cb_available eloq_ppe el_field form-floating\">\n        <select class=\"form-select el_field elq-item-select cb_available required eloq_ppe\" id=\"fe194\" name=\"country\" data-value=\"\">\n            <option value=\"\"><\/option>\n            <!-- Add country options here -->\n        <\/select>\n        <label for=\"fe194\">Pa\u00eds\n<span class=\"required-asterisk\">*<\/span><\/label>\n    <\/div>\n    <div class=\"form-row cb_available country_dep el_field form-floating\">\n        <select class=\"form-select el_field elq-item-select cb_available required eloq_ppe\" id=\"fe214\" name=\"stateProv\" data-value=\"\">\n            <option selected=\"\" value=\"\"><\/option>\n        <\/select>\n        <label for=\"fe214\">Ciudad\/Estado<span class=\"required-asterisk\">*<\/span><\/label>\n    <\/div>\n    <div class=\"form-row cb_available eloq_ppe el_field form-floating\">\n        <input type=\"text\" class=\"form-control el_field elq-item-input cb_available required eloq_ppe\" name=\"website1\" id=\"fe801\" value=\"\" placeholder=\"Your Website\">\n        <label for=\"fe801\">Your Website<span class=\"required-asterisk\">*<\/span><\/label>\n    <\/div><div class=\"form-check single-checkbox-row form-row gdpr-field white-box \"><input type=\"checkbox\" class=\"el_field eloq_ppe\" name=\"explicitConsentEmailPhone\" id=\"fe224\" val=\"\"><label class=\"checkbox-aligned elq-item-label\" for=\"fe224\">S\u00ed. Deseo recibir informaci\u00f3n de Genesys por correo electr\u00f3nico o tel\u00e9fono.<\/label><\/div><input type=\"hidden\" data-query=\"utm_medium\" name=\"utm_medium\" id=\"fe199\" value=\"\"><input type=\"hidden\" data-query=\"utm_source\" name=\"utm_source\" id=\"fe200\" value=\"\"><input type=\"hidden\" data-query=\"utm_campaign\" name=\"utm_campaign\" id=\"fe201\" value=\"\"><input type=\"hidden\" data-query=\"utm_term\" name=\"utm_term\" id=\"fe202\" value=\"\"><input type=\"hidden\" data-query=\"utm_content\" name=\"utm_content\" id=\"fe203\" value=\"\"><input type=\"hidden\" data-query=\"ost_tool\" name=\"ost_tool\" id=\"fe293\" value=\"\"><input type=\"hidden\" data-query=\"ost_campaign\" name=\"ost_campaign\" id=\"fe294\" value=\"\"><input type=\"hidden\" data-query=\"ost_content\" name=\"ost_content\" id=\"fe295\" value=\"\"><input type=\"hidden\" data-query=\"blaid\" name=\"eloquaBLAID_c\" id=\"fe3099\" value=\"\"><input type=\"hidden\" data-query=\"gclid\" name=\"gCLID1\" id=\"fe283\" value=\"\"><input type=\"hidden\" data-query=\"mkwid\" name=\"mKWID1\" id=\"fe678\" value=\"\"><input type=\"hidden\" name=\"gAClientID1\" id=\"fe284\" value=\"\"><input type=\"hidden\" name=\"noteCreatorTitle1\" id=\"fe313\" value=\"\"><input type=\"hidden\" name=\"webContentAutoResponderDefault\" id=\"fe286\" value=\"OFF\"><input type=\"hidden\" name=\"webContentAutoResponderTitle\" id=\"fe287\" value=\"\"><input type=\"hidden\" name=\"webContentAutoResponderURL\" id=\"fe288\" value=\"\"><input type=\"hidden\" name=\"noteCreator2\" id=\"fe478\" value=\"\"><input type=\"hidden\" class=\"yesprefill\" name=\"neverbounceResult1\" id=\"fe640\" value=\"OFF\"><input type=\"hidden\" class=\"yesprefill\" name=\"neverbounceFlags1\" id=\"fe641\" value=\"OFF\"><input type=\"hidden\" class=\"yesprefill\" name=\"neverbounceSuggestedCorrection1\" id=\"fe642\" value=\"6sense\"><input type=\"hidden\" name=\"clearbitPersonID1\" id=\"fe630\" value=\"\"><input type=\"hidden\" name=\"clearbitFieldCount1\" id=\"fe633\" value=\"\"><input type=\"hidden\" name=\"clearbitTitle1\" id=\"fe646\" value=\"\"><input type=\"hidden\" name=\"clearbitRole1\" id=\"fe631\" value=\"\"><input type=\"hidden\" name=\"clearbitNumberofEmployees1\" id=\"fe647\" value=\"\"><input type=\"hidden\" name=\"clearbitNumberofEmployeesRange1\" id=\"fe648\" value=\"\"><input type=\"hidden\" name=\"clearbitWebsite1\" id=\"fe802\" value=\"\"><input type=\"hidden\" name=\"browserUserAgent\" id=\"fe3319\" value=\"\"><input type=\"text\" class=\"honeypp\" name=\"honeypp\" id=\"honeypp\" value=\"\" ><input role=\"button\" aria-label=\"Comience a ahorrar hoy mismo\" type=\"Submit\" class=\"submit-button-style btn btn-primary \" value=\"Comience a ahorrar hoy mismo\" id=\"fe195\"><div class=\"loading\"><\/div><div class=\"gdpr-field form-row white-box legal\"><span>Al proporcionar su informaci\u00f3n, usted acepta nuestra \n <a href=\"https:\/\/www.genesys.com\/company\/legal\/privacy-policy\" target=\"_blank\">pol\u00edtica de privacidad<\/a><\/span><\/div><\/div><\/form><\/div>[vc_column_text css=&#8221;&#8221; el_class=&#8221;thank-you bgc-white p-2 rounded&#8221;]<\/p>\n<p class=\"h1 text-secondary h4\">\u00a1Gracias!<\/p>\n<p class=\"text-mid-gray text-16\">Gracias por su inter\u00e9s en el Programa de descuentos de Genesys para organizaciones de beneficencia.<\/p>\n<p class=\"text-mid-gray text-16\">En Genesys, estamos comprometidos a ayudar a quienes ayudan a otros. Estamos revisando su solicitud y esperamos comunicarnos lo antes posible a fin de obtener m\u00e1s informaci\u00f3n y saber c\u00f3mo podemos contribuir con su misi\u00f3n.<\/p>\n<p class=\"text-mid-gray text-16\">Atentamente. El Equipo de Genesys<\/p>\n<p>[\/vc_column_text][\/vc_column][\/vc_row][\/vc_section][vc_section flair=&#8221;%5B%7B%22flair_width%22%3A%22100%25%22%2C%22flair_height%22%3A%22100%25%22%2C%22flair_top%22%3A%220%22%2C%22flair_left%22%3A%220%22%2C%22flair_bgc%22%3A%22%23ffffff%22%2C%22hide_mobile%22%3A%22yes%22%7D%5D&#8221; css=&#8221;.vc_custom_1678384799357{background-position: center !important;background-repeat: no-repeat !important;background-size: cover !important;}&#8221;][vc_row][vc_column width=&#8221;1\/2&#8243;][vc_column_text css=&#8221;&#8221;]<\/p>\n<h2>Marque una mayor diferencia en la comunidad a la que atiende.<\/h2>\n<p>Comprenda mejor a las personas que ayuda y anticipe sus necesidades a fin de ofrecerles servicios m\u00e1s \u00fatiles y lograr mayor eficiencia tanto para sus procesos como para las personas y, as\u00ed, crear un mayor impacto.[\/vc_column_text][\/vc_column][vc_column width=&#8221;1\/2&#8243;][vc_column_text css=&#8221;&#8221;]<\/p>\n<h3 class=\"h4\">Guiados por nuestros valores<\/h3>\n<p>En Genesys, adoptamos la empat\u00eda. Es la base de nuestra cultura, nuestra tecnolog\u00eda y nuestro negocio.<\/p>\n<p>Sabemos que los presupuestos son ajustados y los gastos se acumulan con rapidez. Por eso, a las instituciones ben\u00e9ficas habilitadas les ofrecemos hasta un 50% de descuento en:<\/p>\n<ul>\n<li style=\"list-style-type: none;\">\n<ul>\n<li>Licencias de Genesys Cloud<sup>TM<\/sup><\/li>\n<li>Implementaci\u00f3n de servicios JumpStart<\/li>\n<li>Suscripciones m\u00e1s all\u00e1 de la capacitaci\u00f3n<\/li>\n<\/ul>\n<\/li>\n<\/ul>\n<p>Nuestro compromiso es brindarle m\u00e1s a fin de que usted, a su vez, pueda brindarle m\u00e1s a los dem\u00e1s.[\/vc_column_text][\/vc_column][\/vc_row][\/vc_section][vc_section sec_modern_width=&#8221;enable&#8221; background_color=&#8221;bgc-lgray&#8221; flair=&#8221;%5B%7B%22flair_type%22%3A%22f_type_image%22%7D%5D&#8221;][vc_row equal_height=&#8221;yes&#8221;][vc_column width=&#8221;7\/12&#8243;][vc_column_text css=&#8221;&#8221;]<\/p>\n<h3>\u00danase a otras organizaciones de beneficencia asociadas con Genesys<\/h3>\n<p>Genesys brinda todas las herramientas necesarias para que las organizaciones ben\u00e9ficas puedan proporcionar experiencias proactivas, predictivas y personalizadas que aumenten la productividad y fortalezcan el compromiso de los empleados.[\/vc_column_text][\/vc_column][vc_column width=&#8221;5\/12&#8243;]<div class=\"btn-container justify-content-lg-end justify-content-center\"><a role=\"button\"  class=\"btn btn-secondary\" href=\"\/es-mx\/customer-stories\" target=\"\" rel=\"\">Ver todos los casos<\/a><\/div>[\/vc_column][\/vc_row][vc_row container_class=&#8221;mt-0&#8243;][vc_column]<div class=\"component-customer-carousel default-layout single-customer\" data-current-active=\"0\" data-layout=\"default\" data-count=\"1\"><div class=\"carousel-main-row\"><div class=\"carousel-content-col\"><div class=\"customer-content active\" data-href=\"428433\" data-index=\"0\"><a class=\"content-row w-100 bgc-glass\" tabindex=\"-1\" href=\"https:\/\/www.genesys.com\/es-mx\/customer-stories\/national-domestic-violence-hotline\"><div class=\"customer-image-col\"><img decoding=\"async\" class=\"header-image\" alt=\"Customer story still image national domestic violence hotline\" src=\"https:\/\/www.genesys.com\/media\/customer_story-still_image-National_Domestic-Violence_Hotline.jpg\" width=\"1216\" height=\"684\"><\/div><div class=\"customer-quote-col\"><img decoding=\"async\" class=\"company-logo\" alt=\"Ndvh 100x100\" src=\"https:\/\/www.genesys.com\/media\/NDVH_100x100.png\"  width=\"100\" height=\"100\"><p class=\"quote-content mb-2 quote-size-lg\">\u201cGenesys Cloud nos ofreci\u00f3 la mejor interfaz, los precios m\u00e1s transparentes y las mejores opciones de integraci\u00f3n. Esto \u00faltimo fue clave, ya que quer\u00edamos evitar la molestia de tener que gestionar soluciones complementarias.\u201d<\/p><p class=\"customer-name text-18 font-weight-bold mb-0\">Marty Hand<\/p><p class=\"customer-title\">Vicepresidente de Tecnolog\u00eda<\/p><div class=\"btn-container\"><div class=\"btn btn-secondary small\">Lea el caso de \u00e9xito<\/div><\/div><\/div><\/a><\/div><\/div><\/div><\/div>[\/vc_column][\/vc_row][\/vc_section][vc_section flair=&#8221;%5B%5D&#8221;][vc_row][vc_column width=&#8221;1\/2&#8243;][vc_column_text css=&#8221;.vc_custom_1762487110795{padding-bottom: 20px !important;}&#8221;]<\/p>\n<h3>Cree un nuevo mundo de eficiencia y empat\u00eda<\/h3>\n<p>[\/vc_column_text][\/vc_column][\/vc_row][vc_row equal_height=&#8221;yes&#8221; css=&#8221;.vc_custom_1682022752839{padding-top: -10px !important;padding-bottom: -10px !important;}&#8221;][vc_column v_align=&#8221;middle&#8221; width=&#8221;1\/2&#8243;]<a class=\"component card w-100 bgc-lgray vertical text-start nomedia   \" href=\"\/es-mx\/genesys-cloud\" target=\"\" rel=\"\" ><div class=\"card-body\"><h4 class=\"h5\">Genesys Cloud<\/h4>\n<p>Transforme su organizaci\u00f3n con la plataforma de experiencia del cliente de Genesys. Orqueste cada paso de cada experiencia; impulse la eficiencia de su tecnolog\u00eda, de las personas y de los procesos; y entable mejores relaciones con la comunidad y las personas a las que presta servicios.<\/p>\n<\/div><div class=\"card-footer text-end\"><div class=\"btn-container \"><div class=\"small mt-0 btn btn-secondary \" href=\"#\" target=\"\" rel=\"\">Conozca m\u00e1s<\/div><\/div><\/div><\/a>[\/vc_column][vc_column width=&#8221;1\/2&#8243;]<a class=\"component card w-100 bgc-lgray vertical text-start nomedia   \" href=\"#\" target=\"\" rel=\"\" ><div class=\"card-body\"><h4 class=\"h5\">Obtenga su descuento<\/h4>\n<p>Aproveche nuestro precio con descuento especial para su organizaci\u00f3n de beneficencia. Comun\u00edquese hoy con nosotros para obtener m\u00e1s detalles.<\/p>\n<\/div><div class=\"card-footer text-end\"><div class=\"btn-container \"><div class=\"small mt-0 chevron arrow arrow-primary \" href=\"#\" target=\"\" rel=\"\">Hablemos<\/div><\/div><\/div><\/a>[\/vc_column][\/vc_row][vc_row][vc_column][vc_column_text css=&#8221;&#8221;]<\/p>\n<p class=\"text-mid-gray text-12\"><strong class=\"text-14\">T\u00e9rminos y condiciones<\/strong><\/p>\n<p class=\"text-mid-gray text-12\">Las organizaciones de beneficencia deben cumplir y verificar los siguientes criterios:<\/p>\n<ul>\n<li class=\"text-mid-gray text-12\">Organizaci\u00f3n de beneficencia reconocida a nivel nacional\n<ul>\n<li class=\"text-mid-gray text-12\">En los EE.\u00a0UU., la organizaci\u00f3n debe ser una organizaci\u00f3n IRS 501(c)(3) y debe proporcionar su formulario 990 (DISPONIBLE AHORA)<\/li>\n<li class=\"text-mid-gray text-12\">En Canad\u00e1, la organizaci\u00f3n debe ser una organizaci\u00f3n de beneficencia registrada y debe proporcionar su documento T3010 (DISPONIBLE AHORA)<\/li>\n<li class=\"text-mid-gray text-12\">Todos los dem\u00e1s pa\u00edses deben presentar pruebas de que constituyen una entidad de beneficencia reconocida oficialmente (PR\u00d3XIMAMENTE)<\/li>\n<\/ul>\n<\/li>\n<li class=\"text-mid-gray text-12\">No pertenece a los verticales de gobierno, educaci\u00f3n o atenci\u00f3n m\u00e9dica<\/li>\n<li class=\"text-mid-gray text-12\">Presupuesto operativo inferior a los USD\u00a0100 millones<\/li>\n<li class=\"text-mid-gray text-12\">Las organizaciones religiosas de beneficencia deben proporcionar asistencia sin importar las creencias religiosas de los beneficiarios<\/li>\n<\/ul>\n<p>[\/vc_column_text][\/vc_column][\/vc_row][\/vc_section]<\/p>\n<\/div>","protected":false},"excerpt":{"rendered":"<p>[vc_section sec_modern_width=&#8221;enable&#8221; background_color=&#8221;bgc-lgray&#8221; flair=&#8221;%5B%7B%22flair_type%22%3A%22f_type_image%22%2C%22hide_mobile%22%3A%22yes%22%7D%5D&#8221; el_id=&#8221;form&#8221; css=&#8221;.vc_custom_1748643950239{background-image: url(https:\/\/www.genesys.com\/media\/Demo-Call-management-BG.png?id=575082) !important;}&#8221;][vc_row background_color=&#8221;bgc-glass&#8221; equal_height=&#8221;yes&#8221; content_placement=&#8221;middle&#8221; el_class=&#8221;rounded p-2 p-lg-4 mt-md-0&#8243;][vc_column width=&#8221;7\/12&#8243;][vc_column_text css=&#8221;.vc_custom_1763504044526{padding-top: 7px !important;}&#8221;] El Programa de descuentos de Genesys\u00ae para organizaciones de beneficencia Lo ayudamos para que pueda ayudar a otros Para contribuir con tu misi\u00f3n, Genesys te ofrece hasta un 50% de descuento en soluciones seleccionadas para que [&hellip;]<\/p>\n","protected":false},"author":1197,"featured_media":0,"parent":0,"menu_order":0,"comment_status":"closed","ping_status":"closed","template":"","meta":{"_acf_changed":false,"footnotes":""},"class_list":["post-602351","page","type-page","status-publish","hentry"],"acf":[],"_links":{"self":[{"href":"https:\/\/www.genesys.com\/es-mx\/wp-json\/wp\/v2\/pages\/602351","targetHints":{"allow":["GET"]}}],"collection":[{"href":"https:\/\/www.genesys.com\/es-mx\/wp-json\/wp\/v2\/pages"}],"about":[{"href":"https:\/\/www.genesys.com\/es-mx\/wp-json\/wp\/v2\/types\/page"}],"author":[{"embeddable":true,"href":"https:\/\/www.genesys.com\/es-mx\/wp-json\/wp\/v2\/users\/1197"}],"replies":[{"embeddable":true,"href":"https:\/\/www.genesys.com\/es-mx\/wp-json\/wp\/v2\/comments?post=602351"}],"version-history":[{"count":9,"href":"https:\/\/www.genesys.com\/es-mx\/wp-json\/wp\/v2\/pages\/602351\/revisions"}],"predecessor-version":[{"id":604434,"href":"https:\/\/www.genesys.com\/es-mx\/wp-json\/wp\/v2\/pages\/602351\/revisions\/604434"}],"wp:attachment":[{"href":"https:\/\/www.genesys.com\/es-mx\/wp-json\/wp\/v2\/media?parent=602351"}],"curies":[{"name":"wp","href":"https:\/\/api.w.org\/{rel}","templated":true}]}}