{"id":597805,"date":"2019-06-10T06:00:09","date_gmt":"2019-06-10T13:00:09","guid":{"rendered":"https:\/\/www.genesys.com\/winners"},"modified":"2025-10-27T22:37:33","modified_gmt":"2025-10-28T05:37:33","slug":"customer-awards-winners","status":"publish","type":"page","link":"https:\/\/www.genesys.com\/es-mx\/customer-awards\/customer-awards-winners","title":{"rendered":"Ganadores y finalistas"},"content":{"rendered":"<div class=\"wpb-content-wrapper\"><p>[vc_section background_color=&#8221;bgc-lgray&#8221; flair=&#8221;%5B%7B%22flair_type%22%3A%22f_type_image%22%2C%22hide_mobile%22%3A%22yes%22%7D%5D&#8221;][vc_row][vc_column width=&#8221;1\/2&#8243;][vc_column_text css=&#8221;&#8221;]<\/p>\n<h1>Ganadores de los Premios de Innovaci\u00f3n Orchestrators 2025 de Genesys<\/h1>\n<p>[\/vc_column_text][\/vc_column][vc_column width=&#8221;1\/2&#8243;][vc_single_image image=&#8221;591031&#8243; alignment=&#8221;center&#8221; css=&#8221;&#8221; rounded_corners=&#8221;rounded-lg&#8221;][\/vc_column][\/vc_row][\/vc_section][vc_section full_width=&#8221;stretch_row&#8221; el_class=&#8221;section-light&#8221;][vc_row][vc_column width=&#8221;5\/6&#8243;][vc_column_text css=&#8221;&#8221;]Durante dos d\u00e9cadas, los Premios de Innovaci\u00f3n Orchestrators de Genesys han celebrado a organizaciones audaces que continuamente empujan los l\u00edmites de lo que es posible en la experiencia del cliente (CX) y la experiencia del empleado (EX). Estos visionarios no solo transforman la forma en que sus organizaciones se relacionan con los clientes y empoderan a los empleados, sino que tambi\u00e9n establecen el est\u00e1ndar para toda su industria.<\/p>\n<p>De un campo notable y global de contendientes, nos enorgullece revelar 12 ganadores destacados en siete categor\u00edas. Cada uno ha demostrado \u00e9xito medible en reimaginar y entregar CX y EX excepcionales utilizando la plataforma Genesys Cloud\u2122.<\/p>\n<p><strong>Felicitaciones a los ganadores de los Premios de Innovaci\u00f3n Orchestrators 2025 de Genesys<\/strong><\/p>\n<p>Verdaderamente son los mejores de los mejores. Sus logros nos inspiran a todos a apuntar m\u00e1s alto y entregar experiencias que importan.[\/vc_column_text]<div class=\"btn-container  \"><a role=\"button\"  class=\"btn btn-primary\" href=\"\/blog\/post\/genesys-announces-2025-orchestrators-innovation-awards-winners\" target=\"\" rel=\"\">Leer el blog<\/a><\/div>[\/vc_column][\/vc_row][\/vc_section][vc_section full_width=&#8221;stretch_row&#8221; el_class=&#8221;section_light-gray&#8221; el_id=&#8221;categories&#8221;][vc_row][vc_column width=&#8221;5\/6&#8243; offset=&#8221;vc_col-sm-offset-1&#8243;][vc_column_text css=&#8221;&#8221;]<\/p>\n<h2 class=\"h3\" style=\"text-align: center;\">Ganadores de los Premios de Innovaci\u00f3n Orchestrators 2025 de Genesys<\/h2>\n<p>[\/vc_column_text][\/vc_column][\/vc_row][vc_row equal_height=&#8221;yes&#8221;][vc_column width=&#8221;1\/4&#8243;]<a class=\"component card w-100 bgc-white vertical text-start thumbnail   \" href=\"\/es-mx\/customer-stories\/hsbc\" target=\"\" rel=\"\" ><div class=\"thumbnail-col   thumbnail\"><img decoding=\"async\" width=\"440\" height=\"240\" class=\"card-img-top thumbnail\" src=\"https:\/\/www.genesys.com\/media\/440x240-Featured-Image-HSBC.png\" alt=\"HSBC logo image\" ><\/div><div class=\"card-body\"><p class=\"h5\">Excelencia en Orquestaci\u00f3n de Experiencias<\/p>\n<p>Mejor ejemplo de una organizaci\u00f3n que combina estrategias, procesos y resultados de CX y EX\u200b<\/p>\n<\/div><div class=\"card-footer text-end\"><div class=\"btn-container \"><div class=\"small mt-0 chevron arrow arrow-primary \" href=\"#\" target=\"\" rel=\"\">Lea el perfil<\/div><\/div><\/div><\/a>[\/vc_column][vc_column width=&#8221;1\/4&#8243;]<div class=\"component card w-100 bgc-white vertical text-start thumbnail  chevron-only  \" ><div class=\"thumbnail-col   thumbnail\"><img decoding=\"async\" width=\"400\" height=\"203\" class=\"card-img-top thumbnail\" src=\"https:\/\/www.genesys.com\/media\/featured_img-Emtelco.png\" alt=\"featured_img-Emtelco\" ><\/div><div class=\"card-body\"><p class=\"h5\">Innovador de IA del A\u00f1o<\/p>\n<p>Uso m\u00e1s robusto y efectivo de Genesys Cloud AI en CX y EX<\/p>\n<p>(Historia pr\u00f3ximamente)<\/p>\n<\/div><\/div>[\/vc_column][vc_column width=&#8221;1\/4&#8243;]<div class=\"component card w-100 bgc-white vertical text-start thumbnail  chevron-only  \" ><div class=\"thumbnail-col   thumbnail\"><img decoding=\"async\" width=\"400\" height=\"203\" class=\"card-img-top thumbnail\" src=\"https:\/\/www.genesys.com\/media\/featured_img-Ionos.png\" alt=\"featured_img-Ionos\" ><\/div><div class=\"card-body\"><p class=\"h5\">Subir de Nivel, Implementaci\u00f3n de Servicios Propios\/Profesionales<\/p>\n<p>Mejor ejemplo de una organizaci\u00f3n que eleva sus experiencias y prepara su negocio para el futuro aprovechando la automatizaci\u00f3n y la IA como parte de una transformaci\u00f3n digital<\/p>\n<p>(Historia pr\u00f3ximamente)<\/p>\n<\/div><\/div>[\/vc_column][vc_column width=&#8221;1\/4&#8243;]<div class=\"component card w-100 bgc-white vertical text-start thumbnail  chevron-only  \" ><div class=\"thumbnail-col   thumbnail\"><img decoding=\"async\" width=\"400\" height=\"203\" class=\"card-img-top thumbnail\" src=\"https:\/\/www.genesys.com\/media\/featured_img-Aterian.png\" alt=\"featured_img-Aterian\" ><\/div><div class=\"card-body\"><p class=\"h5\">Subir de Nivel, Implementaci\u00f3n de Socio<\/p>\n<p>Mejor ejemplo de una organizaci\u00f3n que eleva sus experiencias y prepara su negocio para el futuro aprovechando la automatizaci\u00f3n y la IA como parte de una transformaci\u00f3n digital<\/p>\n<p>(Historia pr\u00f3ximamente)<\/p>\n<\/div><\/div>[\/vc_column][vc_column width=&#8221;1\/4&#8243;]<div class=\"component card w-100 bgc-white vertical text-start thumbnail  chevron-only  \" ><div class=\"thumbnail-col   thumbnail\"><img decoding=\"async\" width=\"400\" height=\"203\" class=\"card-img-top thumbnail\" src=\"https:\/\/www.genesys.com\/media\/featured_image-Engie.png\" alt=\"featured_image-Engie\" ><\/div><div class=\"card-body\"><p class=\"h5\">Optimizador de EX<\/p>\n<p>Mejor ejemplo de optimizaci\u00f3n y mejora de la experiencia del empleado con soluciones como (pero no limitado a) copilotos y gesti\u00f3n de la fuerza de trabajo<\/p>\n<p>(Historia pr\u00f3ximamente)<\/p>\n<\/div><\/div>[\/vc_column][vc_column width=&#8221;1\/4&#8243;]<div class=\"component card w-100 bgc-white vertical text-start thumbnail  chevron-only  \" ><div class=\"thumbnail-col   thumbnail\"><img decoding=\"async\" width=\"400\" height=\"203\" class=\"card-img-top thumbnail\" src=\"https:\/\/www.genesys.com\/media\/featured_image-Harambee-.png\" alt=\"featured_image-Harambee\" ><\/div><div class=\"card-body\"><p class=\"h5\">Impacto Humanitario (empate)<\/p>\n<p>Mejor ejemplo de una organizaci\u00f3n sin fines de lucro\/ben\u00e9fica sirviendo a la humanidad usando Genesys Cloud\u200b<\/p>\n<p>(Historia pr\u00f3ximamente)<\/p>\n<\/div><\/div>[\/vc_column][vc_column width=&#8221;1\/4&#8243;]<a class=\"component card w-100 bgc-white vertical text-start thumbnail   \" href=\"\/customer-stories\/lighthouse-works\" target=\"\" rel=\"\" ><div class=\"thumbnail-col   thumbnail\"><img decoding=\"async\" width=\"440\" height=\"240\" class=\"card-img-top thumbnail\" src=\"https:\/\/www.genesys.com\/media\/resource-thumb_Lighthouse_Works.png\" alt=\"resource-thumb_Lighthouse_Works\" ><\/div><div class=\"card-body\"><p class=\"h5\">Impacto Humanitario (empate)<\/p>\n<p>Mejor ejemplo de una organizaci\u00f3n sin fines de lucro\/ben\u00e9fica sirviendo a la humanidad usando Genesys Cloud\u200b<\/p>\n<\/div><div class=\"card-footer text-end\"><div class=\"btn-container \"><div class=\"small mt-0 chevron arrow arrow-primary \" href=\"#\" target=\"\" rel=\"\">Lea el perfil<\/div><\/div><\/div><\/a>[\/vc_column][vc_column width=&#8221;1\/4&#8243;]<div class=\"component card w-100 bgc-white vertical text-start thumbnail  chevron-only  \" ><div class=\"thumbnail-col   thumbnail\"><img decoding=\"async\" width=\"400\" height=\"203\" class=\"card-img-top thumbnail\" src=\"https:\/\/www.genesys.com\/media\/featured_img-Computacenter.png\" alt=\"featured_img-Computacenter\" ><\/div><div class=\"card-body\"><p class=\"h5\">Impacto de Sostenibilidad<\/p>\n<p>Mejor ejemplo de una organizaci\u00f3n usando Genesys Cloud para ayudar a lograr sus objetivos de sostenibilidad<\/p>\n<p>(Historia pr\u00f3ximamente)<\/p>\n<\/div><\/div>[\/vc_column][\/vc_row][\/vc_section][vc_section][vc_row][vc_column width=&#8221;5\/6&#8243; offset=&#8221;vc_col-sm-offset-1&#8243;][vc_column_text css=&#8221;&#8221;]<\/p>\n<h2 style=\"text-align: center;\">Los ganadores 2025 para logros individuales en CX<\/h2>\n<p>[\/vc_column_text][\/vc_column][\/vc_row][vc_row equal_height=&#8221;yes&#8221;][vc_column width=&#8221;1\/4&#8243;]<a class=\"component card w-100 bgc-white vertical text-start thumbnail   \" href=\"\/blog\/post\/innovation-meets-empathy-in-healthcare-technology\" target=\"\" rel=\"\" ><div class=\"thumbnail-col   thumbnail\"><img decoding=\"async\" width=\"400\" height=\"203\" class=\"card-img-top thumbnail\" src=\"https:\/\/www.genesys.com\/media\/featured_img-SDMI.png\" alt=\"featured_img-SDMI\" ><\/div><div class=\"card-body\"><div class=\"d-flex flex-wrap gap-1 align-items-center mb-1\">\n<div class=\"col-2 col-md-6 col-lg-3\"><img decoding=\"async\" class=\"rounded\" src=\"\/media\/headshot-Rachel_Papa.png\" alt=\"Rachel Papka\" \/><\/div>\n<div class=\"col-10 col-md-12 col-lg-8\">\n<p class=\"mb-0\"><strong>Rachel Papka<\/strong><br \/>\nSteinberg Diagnostic Medical Imaging<\/p>\n<\/div>\n<\/div>\n<p class=\"h5\">Orquestador del A\u00f1o, Supervisor \u2013 C-Suite<\/p>\n<p>Un l\u00edder de nivel C-suite que est\u00e1 organizando la innovaci\u00f3n y la estrategia de CX<\/p>\n<\/div><div class=\"card-footer text-end\"><div class=\"btn-container \"><div class=\"small mt-0 chevron arrow arrow-primary \" href=\"#\" target=\"\" rel=\"\">Lea el perfil<\/div><\/div><\/div><\/a>[\/vc_column][vc_column width=&#8221;1\/4&#8243;]<a class=\"component card w-100 bgc-white vertical text-start thumbnail   \" href=\"\/blog\/post\/the-trusted-innovator-guiding-cx-technology-transformation-at-ascension\" target=\"\" rel=\"\" ><div class=\"thumbnail-col   thumbnail\"><img decoding=\"async\" width=\"400\" height=\"203\" class=\"card-img-top thumbnail\" src=\"https:\/\/www.genesys.com\/media\/featured_img-Ascension.png\" alt=\"featured_img-Ascension\" ><\/div><div class=\"card-body\"><div class=\"d-flex flex-wrap gap-1 align-items-center mb-1\">\n<div class=\"col-2 col-md-6 col-lg-3\"><img decoding=\"async\" class=\"rounded\" src=\"\/media\/Brian-Jones-2-500x500-headshot-1.png\" alt=\"Brian Jones\" \/><\/div>\n<div class=\"col-10 col-md-12 col-lg-8\">\n<p class=\"mb-0\"><strong>Brian Jones<\/strong><br \/>\nAscension Health-IS<\/p>\n<\/div>\n<\/div>\n<p class=\"h5\">Orquestador del A\u00f1o, Supervisor \u2013 L\u00edder de Equipo<\/p>\n<p>Un l\u00edder de equipo de CX que est\u00e1 impulsando tanto la innovaci\u00f3n como el compromiso del equipo<\/p>\n<\/div><div class=\"card-footer text-end\"><div class=\"btn-container \"><div class=\"small mt-0 chevron arrow arrow-primary \" href=\"#\" target=\"\" rel=\"\">Lea el perfil<\/div><\/div><\/div><\/a>[\/vc_column][vc_column width=&#8221;1\/4&#8243;]<a class=\"component card w-100 bgc-white vertical text-start thumbnail   \" href=\"\/blog\/post\/the-heart-of-customer-excellence-at-acc-new-zealand\" target=\"\" rel=\"\" ><div class=\"thumbnail-col   thumbnail\"><img decoding=\"async\" width=\"400\" height=\"203\" class=\"card-img-top thumbnail\" src=\"https:\/\/www.genesys.com\/media\/featured_img-ACC.png\" alt=\"featured_img-ACC\" ><\/div><div class=\"card-body\"><div class=\"d-flex flex-wrap gap-1 align-items-center mb-1\">\n<div class=\"col-2 col-md-6 col-lg-3\"><img decoding=\"async\" class=\"rounded\" src=\"\/media\/headshot-Noreen_McLoughlin.png\" alt=\"Noreen McLoughlin\" \/><\/div>\n<div class=\"col-10 col-md-12 col-lg-8\">\n<p class=\"mb-0\"><strong>Noreen McLoughlin<\/strong><br \/>\nACC Nueva Zelanda<\/p>\n<\/div>\n<\/div>\n<p class=\"h5\">Orquestador del A\u00f1o\/ Supervisor \u2013 Agente<\/p>\n<p>Un empleado de CX de primera l\u00ednea que constantemente ofrece experiencias excepcionales y emp\u00e1ticas\u200b<\/p>\n<\/div><div class=\"card-footer text-end\"><div class=\"btn-container \"><div class=\"small mt-0 chevron arrow arrow-primary \" href=\"#\" target=\"\" rel=\"\">Lea el perfil<\/div><\/div><\/div><\/a>[\/vc_column][vc_column width=&#8221;1\/4&#8243;]<a class=\"component card w-100 bgc-white vertical text-start thumbnail   \" href=\"\/blog\/post\/the-developer-who-codes-communicates-and-connects\" target=\"\" rel=\"\" ><div class=\"thumbnail-col   thumbnail\"><img decoding=\"async\" width=\"400\" height=\"203\" class=\"card-img-top thumbnail\" src=\"https:\/\/www.genesys.com\/media\/featured_img-OVO_Energy.png\" alt=\"featured_img-OVO_Energy\" ><\/div><div class=\"card-body\"><div class=\"d-flex flex-wrap gap-1 align-items-center mb-1\">\n<div class=\"col-2 col-md-6 col-lg-3\"><img decoding=\"async\" class=\"rounded\" src=\"\/media\/headshot-Lucas_Woodward.png\" alt=\"Lucas Woodward\" \/><\/div>\n<div class=\"col-10 col-md-12 col-lg-8\">\n<p class=\"mb-0\"><strong>Lucas Woodward<\/strong><br \/>\nOVO Energy<\/p>\n<\/div>\n<\/div>\n<p class=\"h5\">Orquestador del A\u00f1o\/ Supervisor \u2013 Desarrollador<\/p>\n<p>Un desarrollador de CX usuario avanzado e innovador cuyo trabajo permite a su organizaci\u00f3n ofrecer experiencias excepcionales\u200b<\/p>\n<\/div><div class=\"card-footer text-end\"><div class=\"btn-container \"><div class=\"small mt-0 chevron arrow arrow-primary \" href=\"#\" target=\"\" rel=\"\">Lea el perfil<\/div><\/div><\/div><\/a>[\/vc_column][\/vc_row][\/vc_section]<\/p>\n<\/div>","protected":false},"excerpt":{"rendered":"<p>[vc_section background_color=&#8221;bgc-lgray&#8221; flair=&#8221;%5B%7B%22flair_type%22%3A%22f_type_image%22%2C%22hide_mobile%22%3A%22yes%22%7D%5D&#8221;][vc_row][vc_column width=&#8221;1\/2&#8243;][vc_column_text css=&#8221;&#8221;] Ganadores de los Premios de Innovaci\u00f3n Orchestrators 2025 de Genesys [\/vc_column_text][\/vc_column][vc_column width=&#8221;1\/2&#8243;][vc_single_image image=&#8221;591031&#8243; alignment=&#8221;center&#8221; css=&#8221;&#8221; rounded_corners=&#8221;rounded-lg&#8221;][\/vc_column][\/vc_row][\/vc_section][vc_section full_width=&#8221;stretch_row&#8221; el_class=&#8221;section-light&#8221;][vc_row][vc_column width=&#8221;5\/6&#8243;][vc_column_text css=&#8221;&#8221;]Durante dos d\u00e9cadas, los Premios de Innovaci\u00f3n Orchestrators de Genesys han celebrado a organizaciones audaces que continuamente empujan los l\u00edmites de lo que es posible en la experiencia del cliente (CX) [&hellip;]<\/p>\n","protected":false},"author":13,"featured_media":9026,"parent":621376,"menu_order":3,"comment_status":"closed","ping_status":"closed","template":"","meta":{"_acf_changed":false,"footnotes":""},"class_list":["post-597805","page","type-page","status-publish","has-post-thumbnail","hentry"],"acf":[],"_links":{"self":[{"href":"https:\/\/www.genesys.com\/es-mx\/wp-json\/wp\/v2\/pages\/597805","targetHints":{"allow":["GET"]}}],"collection":[{"href":"https:\/\/www.genesys.com\/es-mx\/wp-json\/wp\/v2\/pages"}],"about":[{"href":"https:\/\/www.genesys.com\/es-mx\/wp-json\/wp\/v2\/types\/page"}],"author":[{"embeddable":true,"href":"https:\/\/www.genesys.com\/es-mx\/wp-json\/wp\/v2\/users\/13"}],"replies":[{"embeddable":true,"href":"https:\/\/www.genesys.com\/es-mx\/wp-json\/wp\/v2\/comments?post=597805"}],"version-history":[{"count":6,"href":"https:\/\/www.genesys.com\/es-mx\/wp-json\/wp\/v2\/pages\/597805\/revisions"}],"predecessor-version":[{"id":600507,"href":"https:\/\/www.genesys.com\/es-mx\/wp-json\/wp\/v2\/pages\/597805\/revisions\/600507"}],"up":[{"embeddable":true,"href":"https:\/\/www.genesys.com\/es-mx\/wp-json\/wp\/v2\/pages\/621376"}],"wp:featuredmedia":[{"embeddable":true,"href":"https:\/\/www.genesys.com\/es-mx\/wp-json\/wp\/v2\/media\/9026"}],"wp:attachment":[{"href":"https:\/\/www.genesys.com\/es-mx\/wp-json\/wp\/v2\/media?parent=597805"}],"curies":[{"name":"wp","href":"https:\/\/api.w.org\/{rel}","templated":true}]}}