{"id":577238,"date":"2025-06-16T21:28:30","date_gmt":"2025-06-17T04:28:30","guid":{"rendered":"https:\/\/www.genesys.com\/level-up"},"modified":"2025-09-30T09:56:01","modified_gmt":"2025-09-30T16:56:01","slug":"level-up","status":"publish","type":"page","link":"https:\/\/www.genesys.com\/es-mx\/customer-success\/level-up","title":{"rendered":"Level Up"},"content":{"rendered":"<div class=\"wpb-content-wrapper\"><p>[vc_section background_color=&#8221;bgc-lgray&#8221; flair=&#8221;%5B%7B%22flair_type%22%3A%22f_type_image%22%2C%22hide_mobile%22%3A%22yes%22%7D%5D&#8221;][vc_row equal_height=&#8221;yes&#8221; content_placement=&#8221;middle&#8221;][vc_column width=&#8221;1\/2&#8243; offset=&#8221;vc_col-md-5&#8243;][vc_column_text css=&#8221;&#8221;]<\/p>\n<h1>Mejore su nivel de conocimiento y experiencia de Genesys Cloud<\/h1>\n<p class=\"text-22\">Conozca m\u00e1s sobre la plataforma mediante cursos espec\u00edficos que han sido dise\u00f1ados para ayudarlo a ser todo un experto en Genesys Cloud<\/p>\n<p>[\/vc_column_text][\/vc_column][vc_column width=&#8221;1\/2&#8243; offset=&#8221;vc_col-md-offset-1 vc_col-md-6&#8243;][vc_single_image image=&#8221;571353&#8243; css=&#8221;&#8221; rounded_corners=&#8221;rounded&#8221;][\/vc_column][\/vc_row][\/vc_section][vc_section][vc_row][vc_column offset=&#8221;vc_col-md-5&#8243;][vc_column_text css=&#8221;&#8221;]<\/p>\n<h2>Elija el tema<\/h2>\n<p>La serie Level Up de Genesys Cloud ofrece diversos temas que lo ayudar\u00e1n a perfeccionar su manejo de la plataforma Genesys Cloud\u2122. Los expertos de Genesys ense\u00f1an cada tema y lo ayudar\u00e1n a desarrollar las habilidades necesarias para que pueda maximizar los resultados comerciales a trav\u00e9s de nuestra plataforma integral de experiencia del cliente.[\/vc_column_text][\/vc_column][\/vc_row][vc_row equal_height=&#8221;yes&#8221;][vc_column width=&#8221;1\/3&#8243;]<a class=\"component card w-100 bgc-lgray vertical text-start thumbnail  chevron-only  \" href=\"\/es-mx\/campaign\/level-up-series-featuring-ai\" target=\"\" rel=\"\" ><div class=\"thumbnail-col   thumbnail\"><img decoding=\"async\" width=\"820\" height=\"464\" class=\"card-img-top thumbnail\" src=\"https:\/\/www.genesys.com\/media\/Resource-thumbnail_video_Webinar_820x464.jpg\" alt=\"Resource thumbnail_video_Webinar_820x464\" ><\/div><div class=\"card-body\"><p class=\"text-22\">Mejore las experiencias de clientes y empleados con IA<\/p>\n<\/div><div class=\"card-footer text-end\"><div class=\"btn-container justify-content-end\"><div class=\"small mt-0 chevron btn btn-secondary  only\"><\/div><\/div><\/div><\/a>[\/vc_column][vc_column width=&#8221;1\/3&#8243;]<a class=\"component card w-100 bgc-lgray vertical text-start thumbnail  chevron-only  \" href=\"\/es-mx\/campaign\/genesys-level-up-series-featuring-cgjm\" target=\"\" rel=\"\" ><div class=\"thumbnail-col   thumbnail\"><img decoding=\"async\" width=\"820\" height=\"464\" class=\"card-img-top thumbnail\" src=\"https:\/\/www.genesys.com\/media\/Resource-thumbnail_820x464.jpg\" alt=\"Resource thumbnail_820x464\" ><\/div><div class=\"card-body\"><p class=\"text-22\">Aproveche el potencial de los insights basados en datos mediante la funci\u00f3n de gesti\u00f3n de journeys<\/p>\n<\/div><div class=\"card-footer text-end\"><div class=\"btn-container justify-content-end\"><div class=\"small mt-0 chevron btn btn-secondary  only\"><\/div><\/div><\/div><\/a>[\/vc_column][vc_column width=&#8221;1\/3&#8243;]<a class=\"component card w-100 bgc-lgray vertical text-start thumbnail  chevron-only  \" href=\"\/es-mx\/campaign\/genesys-level-up-series\" target=\"\" rel=\"\" ><div class=\"thumbnail-col   thumbnail\"><img decoding=\"async\" width=\"820\" height=\"464\" class=\"card-img-top thumbnail\" src=\"https:\/\/www.genesys.com\/media\/Resource-thumbnail_video_Course_820x464.jpg\" alt=\"Resource thumbnail_video_Course_820x464\" ><\/div><div class=\"card-body\"><p class=\"text-22\">Empodere a su equipo con herramientas para la gesti\u00f3n del engagement de la fuerza de trabajo<\/p>\n<\/div><div class=\"card-footer text-end\"><div class=\"btn-container justify-content-end\"><div class=\"small mt-0 chevron btn btn-secondary  only\"><\/div><\/div><\/div><\/a>[\/vc_column][\/vc_row][\/vc_section][vc_section background_color=&#8221;bgc-lgray&#8221; disable_element=&#8221;yes&#8221; flair=&#8221;%5B%7B%22flair_type%22%3A%22f_type_image%22%2C%22hide_mobile%22%3A%22yes%22%7D%5D&#8221; css=&#8221;.vc_custom_1752238844863{background-position: center !important;background-repeat: no-repeat !important;background-size: cover !important;}&#8221; el_class=&#8221;sky-high&#8221;][vc_row][vc_column offset=&#8221;vc_col-md-6&#8243;][vc_column_text css=&#8221;&#8221;]<\/p>\n<h2 class=\"text-balance\">Vea lo que dicen nuestros clientes<\/h2>\n<p>[\/vc_column_text][\/vc_column][vc_column offset=&#8221;vc_col-md-6&#8243;]<div class=\"btn-container justify-content-lg-end justify-content-end\"><a role=\"button\"  class=\"btn chevron btn-secondary\" href=\"\/es-mx\/customer-stories\" target=\"\" rel=\"\">Lea todos los casos de \u00e9xito<\/a><\/div>[\/vc_column][vc_column offset=&#8221;vc_col-md-offset-1 vc_col-md-10&#8243;]<div class=\"component-customer-carousel default-layout single-customer\" data-current-active=\"0\" data-layout=\"default\" data-count=\"1\"><div class=\"carousel-main-row\"><div class=\"carousel-content-col\"><div class=\"customer-content active\" data-href=\"497588\" data-index=\"0\"><a class=\"content-row w-100 bgc-glass\" tabindex=\"-1\" href=\"\/customer-stories\/adapthealth \"><div class=\"customer-image-col\"><img decoding=\"async\" class=\"header-image\" alt=\"Attentive pensioner looking at screen of tablet\" src=\"https:\/\/www.genesys.com\/media\/AdaptHealth_hero.jpg\" width=\"626\" height=\"352\"><\/div><div class=\"customer-quote-col\"><img decoding=\"async\" class=\"company-logo\" alt=\"Adapthealthx250\" src=\"https:\/\/www.genesys.com\/media\/AdaptHealthx250.png\"  width=\"250\" height=\"37\"><p class=\"quote-content mb-2 quote-size-md\">\u201cThe Genesys Cloud platform is so intuitive, we literally train staff in the afternoon and switch over the next day. Then a week later we turn on Genesys Workforce Engagement Management and watch service levels go up, and average handle times and abandon rates go down. That\u2019s been the case with every deployment.\u201d<\/p><p class=\"customer-name text-18 font-weight-bold mb-0\">Bill Lewis<\/p><p class=\"customer-title\">Senior Director, Infrastructure and Security Engineering, AdaptHealth<\/p><div class=\"btn-container\"><div class=\"btn btn-secondary small\">Lea el caso de \u00e9xito<\/div><\/div><\/div><\/a><\/div><\/div><\/div><\/div>[\/vc_column][\/vc_row][\/vc_section][vc_section][vc_row][vc_column offset=&#8221;vc_col-md-6&#8243;][vc_column_text css=&#8221;&#8221;]<\/p>\n<h2>Explore las principales tendencias y mejores pr\u00e1cticas de CX<\/h2>\n<p>[\/vc_column_text][\/vc_column][\/vc_row][vc_row][vc_column]<div class=\"related-posts-container next-steps-module w-100\"><div class=\"inner-container\"><div class=\"row align-items-stretch gutter-small col-count-1\"><div class=\"col-12 primary-item grid-item card-col item-image grid_type-blog\"><a class=\"card w-100 h-100 bgc-lgray component-cta-block centered cta-text-end\" href=\"https:\/\/www.genesys.com\/es-mx\/blog\/post\/practical-ai-use-cases-to-drive-customer-experience-success\"><div class=\"row align-items-stretch image-stack chevron-only card-body\"><div class=\"col-image col-md-5 flex-column justify-content-center img-top-container no-offset\"><img decoding=\"async\" class=\"rounded\" src=\"https:\/\/www.genesys.com\/media\/AdobeStock_1083745441-scaled-e1734454435488.jpeg\" height=\"547\" width=\"1037\" alt=\"Ai, cx, customer experience, conversational ai, customer service, ai use cases\"><\/div><div class=\"col-content col-md-7 mt-lg-0\"><div class=\"content-container align-self-start align-self-md-center\"><p class=\"assettag\">Blog<\/p><h3 class=\"item-title\">Casos pr\u00e1cticos de uso de la IA para una experiencia del cliente exitosa<\/h3><p class=\"brief-desc text-20 mb-0\">Las organizaciones cada vez son m\u00e1s conscientes de que deben utilizar la inteligencia artificial (IA) para mantener la...<\/p><\/div><div class=\"justify-content-end btn-container\"><div class=\"btn chevron small only btn-secondary\"><\/div><\/div><\/div><\/div><\/a><\/div><\/div><\/div><\/div>[\/vc_column][\/vc_row][\/vc_section][vc_section background_color=&#8221;bgc-white&#8221; flair=&#8221;%5B%7B%22flair_type%22%3A%22f_type_image%22%2C%22hide_mobile%22%3A%22yes%22%7D%5D&#8221;][vc_row el_class=&#8221;forced-modern&#8221;][vc_column]<a class=\"component-cta-block card w-100 h-100 bgc-glass centered cta-text-start  vc_custom_1747425181799\" role=\"button\" data-bs-toggle=\"modal\" aria-haspopup=\"true\" data-target=\"#getStartedBox\"  style=\"--ob-bg-mobile:url();\"  href=\"#getStartedBox\" target=\"\" rel=\"\"><div class=\"row align-items-center image-stack card-body\"><div class=\"col-content col-md-4\"><div class=\"content-container\"><h2 class=\"h3 text-balance\">Transforme su contact center hoy<\/h2>\n<p>Nuestros expertos est\u00e1n aqu\u00ed para ayudarlo a mejorar su conocimiento y experiencia en el uso de la plataforma Genesys Cloud. Descubra c\u00f3mo aumentar la productividad, optimizar las operaciones y mejorar la satisfacci\u00f3n de clientes y empleados. Con Genesys, puede adaptar las soluciones a sus necesidades y aprovechar la plataforma al m\u00e1ximo.<\/p>\n<\/div><div class=\" btn-container mt-2\"><div class=\"btn btn-primary\">Hable con un experto<\/div><\/div><\/div><\/div><\/a><style type='text\/css'>\r .forced-modern .component-cta-block .card-body { padding: 1rem 2.5rem; }\r <\/style>[\/vc_column][\/vc_row][\/vc_section]<\/p>\n<\/div>","protected":false},"excerpt":{"rendered":"<p>[vc_section background_color=&#8221;bgc-lgray&#8221; flair=&#8221;%5B%7B%22flair_type%22%3A%22f_type_image%22%2C%22hide_mobile%22%3A%22yes%22%7D%5D&#8221;][vc_row equal_height=&#8221;yes&#8221; content_placement=&#8221;middle&#8221;][vc_column width=&#8221;1\/2&#8243; offset=&#8221;vc_col-md-5&#8243;][vc_column_text css=&#8221;&#8221;] Mejore su nivel de conocimiento y experiencia de Genesys Cloud Conozca m\u00e1s sobre la plataforma mediante cursos espec\u00edficos que han sido dise\u00f1ados para ayudarlo a ser todo un experto en Genesys Cloud [\/vc_column_text][\/vc_column][vc_column width=&#8221;1\/2&#8243; offset=&#8221;vc_col-md-offset-1 vc_col-md-6&#8243;][vc_single_image image=&#8221;571353&#8243; css=&#8221;&#8221; rounded_corners=&#8221;rounded&#8221;][\/vc_column][\/vc_row][\/vc_section][vc_section][vc_row][vc_column offset=&#8221;vc_col-md-5&#8243;][vc_column_text css=&#8221;&#8221;] Elija el tema La serie Level [&hellip;]<\/p>\n","protected":false},"author":9,"featured_media":0,"parent":102903,"menu_order":0,"comment_status":"closed","ping_status":"closed","template":"","meta":{"_acf_changed":false,"footnotes":""},"class_list":["post-577238","page","type-page","status-publish","hentry"],"acf":[],"_links":{"self":[{"href":"https:\/\/www.genesys.com\/es-mx\/wp-json\/wp\/v2\/pages\/577238","targetHints":{"allow":["GET"]}}],"collection":[{"href":"https:\/\/www.genesys.com\/es-mx\/wp-json\/wp\/v2\/pages"}],"about":[{"href":"https:\/\/www.genesys.com\/es-mx\/wp-json\/wp\/v2\/types\/page"}],"author":[{"embeddable":true,"href":"https:\/\/www.genesys.com\/es-mx\/wp-json\/wp\/v2\/users\/9"}],"replies":[{"embeddable":true,"href":"https:\/\/www.genesys.com\/es-mx\/wp-json\/wp\/v2\/comments?post=577238"}],"version-history":[{"count":6,"href":"https:\/\/www.genesys.com\/es-mx\/wp-json\/wp\/v2\/pages\/577238\/revisions"}],"predecessor-version":[{"id":596430,"href":"https:\/\/www.genesys.com\/es-mx\/wp-json\/wp\/v2\/pages\/577238\/revisions\/596430"}],"up":[{"embeddable":true,"href":"https:\/\/www.genesys.com\/es-mx\/wp-json\/wp\/v2\/pages\/102903"}],"wp:attachment":[{"href":"https:\/\/www.genesys.com\/es-mx\/wp-json\/wp\/v2\/media?parent=577238"}],"curies":[{"name":"wp","href":"https:\/\/api.w.org\/{rel}","templated":true}]}}