{"id":571972,"date":"2025-05-12T18:35:18","date_gmt":"2025-05-13T01:35:18","guid":{"rendered":"https:\/\/www.genesys.com\/ferrari"},"modified":"2025-09-30T09:50:42","modified_gmt":"2025-09-30T16:50:42","slug":"scuderiaferrari","status":"publish","type":"page","link":"https:\/\/www.genesys.com\/es-mx\/scuderiaferrari","title":{"rendered":"Ferrari"},"content":{"rendered":"<div class=\"wpb-content-wrapper\"><p>[vc_section sec_modern_width=&#8221;enable&#8221; sec_advbg=&#8221;html5video&#8221; content_placement=&#8221;bottom&#8221; flair=&#8221;%5B%7B%22flair_type%22%3A%22f_type_video%22%2C%22flair_mp4%22%3A%22569332%22%2C%22flair_poster%22%3A%22569007%22%2C%22flair_width%22%3A%22100%25%22%2C%22flair_height%22%3A%22auto%22%2C%22flair_top%22%3A%2250%25%22%2C%22flair_left%22%3A%220%22%2C%22flair_transform%22%3A%22translateY(-50%25)%22%2C%22flair_classes%22%3A%22d-none%20d-xl-block%20d-lg-block%20d-md-block%22%2C%22hide_mobile%22%3A%22yes%22%7D%2C%7B%22flair_type%22%3A%22f_type_image%22%2C%22flair_image%22%3A%22569066%22%2C%22flair_width%22%3A%22100%25%22%2C%22flair_top%22%3A%220%22%2C%22flair_classes%22%3A%22d-block%20d-md-none%20d-lg-none%20d-xl-none%20no-lazy%22%2C%22hide_mobile%22%3A%22yes%22%7D%5D&#8221; css=&#8221;.vc_custom_1745862061975{margin-bottom: 12px !important;background-position: center !important;background-repeat: no-repeat !important;background-size: cover !important;}&#8221; el_class=&#8221;d-flex flex-column justify-content-center&#8221; sec_advbg_height=&#8221;100vh&#8221; sec_advbg_min_height=&#8221;308px&#8221; sec_advbg_max_height=&#8221;630px&#8221;][vc_row content_placement=&#8221;middle&#8221; r_advbg_height=&#8221;100%&#8221; el_class=&#8221;mt-5 mt-md-0&#8243;][vc_column background_color=&#8221;bgc-glass&#8221; width=&#8221;1\/2&#8243; el_class=&#8221;p-2 p-lg-4 mt-5 mt-md-0&#8243; offset=&#8221;vc_col-lg-4 vc_col-md-5&#8243;][vc_column_text css=&#8221;&#8221;]<\/p>\n<h1>Un nivel de experiencia superior<\/h1>\n<p class=\"text-22 mb-0\">Genesys comparte con Scuderia Ferrari HP un compromiso con la innovaci\u00f3n y el trabajo en equipo, as\u00ed como con llevar el rendimiento a un nivel superior.<\/p>\n<p>[\/vc_column_text][\/vc_column][\/vc_row][\/vc_section][vc_section sec_modern_width=&#8221;enable&#8221; flair=&#8221;%5B%7B%22flair_type%22%3A%22f_type_image%22%2C%22hide_mobile%22%3A%22yes%22%7D%5D&#8221; css=&#8221;.vc_custom_1746114077002{background: #000000 url(https:\/\/www.genesys.com\/media\/genesys-wave-left-big-e1745870571590.png?id=569006) !important;background-position: center !important;background-repeat: no-repeat !important;background-size: cover !important;}&#8221;][vc_row equal_height=&#8221;yes&#8221; el_class=&#8221;justify-content-center&#8221;][vc_column background_color=&#8221;bgc-glass&#8221; width=&#8221;2\/3&#8243; offset=&#8221;vc_col-sm-offset-2&#8243; el_class=&#8221;p-2 p-lg-4&#8243;][vc_single_image image=&#8221;569056&#8243; alignment=&#8221;center&#8221; css=&#8221;&#8221; si_max_width=&#8221;476px&#8221; el_class=&#8221;mb-2&#8243;][vc_column_text css=&#8221;&#8221;]<\/p>\n<p class=\"text-24\" style=\"text-align: center;\">Genesys comparte la pasi\u00f3n de Scuderia Ferrari HP por anticipar los desaf\u00edos, optimizar el rendimiento y usar los datos y la tecnolog\u00eda para prever lo que est\u00e1 por venir. Al igual que los equipos de F\u00f3rmula 1, las empresas exitosas nunca se estancan. Si no est\u00e1 evolucionando, se est\u00e1 quedando atr\u00e1s. Esta mentalidad se aplica a la experiencia del cliente, donde la innovaci\u00f3n y la excelencia son fundamentales.<\/p>\n<p class=\"text-24 mb-0\" style=\"text-align: center;\">En Genesys, estamos comprometidos con llevar la experiencia del cliente a un nivel superior, y nos aseguramos de que las organizaciones superen sus l\u00edmites y logren un \u00e9xito sin precedentes en la econom\u00eda de la experiencia.<\/p>\n<p>[\/vc_column_text][\/vc_column][\/vc_row][\/vc_section][vc_section flair=&#8221;%5B%7B%22hide_mobile%22%3A%22yes%22%7D%5D&#8221;][vc_row equal_height=&#8221;yes&#8221; content_placement=&#8221;middle&#8221;][vc_column width=&#8221;1\/2&#8243; offset=&#8221;vc_col-sm-offset-3&#8243;][vc_column_text css=&#8221;&#8221;]<\/p>\n<h2 class=\"h3\" style=\"text-align: center;\">Impulsar un nivel de experiencia superior<\/h2>\n<p style=\"text-align: center;\">Los atletas y equipos de \u00e9lite dan lo mejor de s\u00ed y siempre est\u00e1n preparados para enfrentar el siguiente desaf\u00edo. Los conductores de Scuderia Ferrari HP, Lewis Hamilton y Charles Leclerc, no son la excepci\u00f3n. Siempre est\u00e1n en busca de una experiencia superior y van constantemente hacia adelante dispuestos a aprovechar las nuevas oportunidades.<\/p>\n<p>[\/vc_column_text][\/vc_column][\/vc_row][vc_row][vc_column width=&#8221;1\/2&#8243;]<div class=\"genesys-image align-center play-button\"><a class=\"video-lightbox\" href=\"https:\/\/www.youtube.com\/embed\/zwCZNeaZ08E?rel=0\"><img decoding=\"async\" src=\"https:\/\/www.genesys.com\/media\/lewis-hamilton_video-thumb.jpg\" alt=\"Lewis hamilton video thumb\" width=\"792\" height=\"445\" class=\"rounded-xs\"\/><div class=\"video-backdrop\"><\/div><div class=\"play-btn bgc-white rounded d-flex align-items-center justify-content-center\"><div class=\"play-icon d-flex align-items-center justify-content-center\"><i class=\"fa-kit fa-play\"><\/i><\/div><div class=\"play-label ms-1\"><p class=\"mb-0 play-title\">Play<\/p><\/div><\/div><\/a><\/div>[\/vc_column][vc_column width=&#8221;1\/2&#8243;]<div class=\"genesys-image align-center play-button\"><a class=\"video-lightbox\" href=\"https:\/\/www.youtube.com\/embed\/FaPCdQG206Y?rel=0\"><img decoding=\"async\" src=\"https:\/\/www.genesys.com\/media\/charles-leclerc_video-thumb.jpg\" alt=\"Charles leclerc video thumb\" width=\"792\" height=\"445\" class=\"rounded-xs\"\/><div class=\"video-backdrop\"><\/div><div class=\"play-btn bgc-white rounded d-flex align-items-center justify-content-center\"><div class=\"play-icon d-flex align-items-center justify-content-center\"><i class=\"fa-kit fa-play\"><\/i><\/div><div class=\"play-label ms-1\"><p class=\"mb-0 play-title\">Play<\/p><\/div><\/div><\/a><\/div>[\/vc_column][\/vc_row][\/vc_section][vc_section sec_modern_width=&#8221;enable&#8221; background_color=&#8221;bgc-lgray&#8221; flair=&#8221;%5B%7B%22flair_type%22%3A%22f_type_image%22%2C%22hide_mobile%22%3A%22yes%22%7D%5D&#8221; css=&#8221;.vc_custom_1741334671940{background-image: url(https:\/\/www.genesys.com\/media\/Threads-Right-Wave.png?id=549945) !important;}&#8221; el_class=&#8221;px-0 py-2 px-md-5 py-md-5&#8243; el_id=&#8221;demo&#8221;][vc_row background_color=&#8221;bgc-glass&#8221; content_placement=&#8221;middle&#8221; el_class=&#8221;form-card&#8221;][vc_column width=&#8221;5\/12&#8243;][vc_column_text css=&#8221;&#8221;]<\/p>\n<h2>D\u00e9 a su equipo las herramientas que necesita para ofrecer las mejores experiencias de clientes y empleados<\/h2>\n<p>Vea todas nuestras funciones con las diferentes opciones para hacer clic.[\/vc_column_text][\/vc_column][vc_column width=&#8221;1\/2&#8243; offset=&#8221;vc_col-sm-offset-1&#8243;]<div class=\"eloq_form elq-container gmkto_form_type_hot gmkto_format_vertical\"><form method=\"post\" name=\"MasterLeadIntakeForm\" action=\"https:\/\/s1260946616.t.eloqua.com\/e\/f2\" data-proc=\"inline\" data-ppcount=\"5\" onsubmit=\"return proc_submit(this);\" class=\"beam-form elq-form init no-bg-form yesknown yesprefill yespp strict-check\"  data-target=\".thank-you\" ><div id=\"known_person\" style=\"display:none;\"><p class=\"welcome_user\"><span id=\"welcome_person\">Bienvenido de nuevo,<\/span> <span id=\"person_info\"><span class=\"person_first\"><\/span>&nbsp;<span class=\"person_last\"><\/span><\/span><\/p><p class=\"delete_button\"><a class=\"deletemyrecord\">\u00bfNo es usted?<\/a><\/p>\n    <div class=\"form-row cb_available white-box work-email el_field form-floating\">\n        <input type=\"email\" class=\"form-control el_field elq-item-input cb_available  required\" name=\"secondaryEmailAddress1\" id=\"fe644\" value=\"\" placeholder=\"Please provide your work email\">\n        <label for=\"fe644\">Please provide your work email<span class=\"required-asterisk\">*<\/span><\/label>\n    <\/div><\/div><input value=\"MasterLeadIntakeForm\" type=\"hidden\" name=\"elqFormName\"><input value=\"1260946616\" type=\"hidden\" name=\"elqSiteId\"><input name=\"elqCampaignId\" type=\"hidden\"><input type=\"hidden\" name=\"elqCustomerGUID\" value=\"\"><input type=\"hidden\" name=\"elqCookieWrite\" value=\"0\"><input type=\"hidden\" name=\"client_ip_address\" id=\"fe449\" value=\"\"><div class=\"fields\"><input type=\"hidden\" name=\"CID\" id=\"fe198\" value=\"7010d000001KeaxAAC\"><input type=\"hidden\" name=\"CID_STATUS\" id=\"fe281\" value=\"\"><input type=\"hidden\" name=\"redirect_url\" id=\"fe217\" value=\"\"><input type=\"hidden\" name=\"landing_page_url\" id=\"fe204\" value=\"https:\/\/www.genesys.com\/es-mx\/wp-json\/wp\/v2\/pages\/571972\"><input type=\"hidden\" name=\"post_type\" id=\"fe448\" value=\"page\"><input type=\"hidden\" name=\"integration\" id=\"fe362\" value=\"\"><input type=\"hidden\" name=\"language_code\" id=\"fe479\" value=\"es-mx\"><input type=\"hidden\" name=\"full_url\" id=\"fe983\" value=\"https:\/\/www.genesys.com\/es-mx\/wp-json\/wp\/v2\/pages\/571972\"><input type=\"hidden\" name=\"post_id\" id=\"fe984\" value=\"571972\">\n    <div class=\"form-row row-email el_field form-floating\">\n        <input type=\"email\" class=\"form-control el_field elq-item-input required\" name=\"emailAddress\" id=\"fe192\" value=\"\" aria-label=\"Email Corporativo\" placeholder=\"Email Corporativo\">\n        <label for=\"fe192\">Email Corporativo<span class=\"required-asterisk\">*<\/span><\/label>\n    <\/div>\n    <div class=\"form-row cb_available el_field form-floating\">\n        <input type=\"text\" class=\"form-control el_field elq-item-input cb_available  required\" name=\"firstName\" id=\"fe190\" value=\"\" placeholder=\"Nombre\">\n        <label for=\"fe190\">Nombre<span class=\"required-asterisk\">*<\/span><\/label>\n    <\/div>\n    <div class=\"form-row cb_available el_field form-floating\">\n        <input type=\"text\" class=\"form-control el_field elq-item-input cb_available required\" name=\"lastName\" id=\"fe191\" value=\"\" placeholder=\"Apellido\">\n        <label for=\"fe191\">Apellido<span class=\"required-asterisk\">*<\/span><\/label>\n    <\/div>\n    <div class=\"form-row form-floating el_field\">\n        <input type=\"tel\" class=\"form-control el_field elq-item-input required pre-exclude\" name=\"busPhone\" id=\"fe215\" value=\"\" placeholder=\"Tel\u00e9fono\">\n        <label for=\"fe215\">Tel\u00e9fono<span class=\"required-asterisk\">*<\/span><\/label>\n    <\/div>\n    <div class=\"form-row cb_available eloq_ppe el_field form-floating\">\n        <select class=\"form-select el_field elq-item-select cb_available required eloq_ppe\" id=\"fe219\" name=\"jobLevel1\" data-value=\"\">\n            <option selected=\"\" value=\"\"><\/option><option value=\"C-Level\">C-Level<\/option><option value=\"VP\">Vicepresidente<\/option><option value=\"Director\">Director<\/option><option value=\"Manager\">Gerente<\/option><option value=\"Principal\">Presidente<\/option><option value=\"Engineer \/ Architect\">Ingeniero \/ arquitecto<\/option><option value=\"Consultant\">Consultor<\/option><option value=\"Analyst\">Analista<\/option><option value=\"Partner\">Socio<\/option><option value=\"Staff\">Personal<\/option><option value=\"Unknown\">Desconocido<\/option>\n        <\/select>\n        <label for=\"fe219\">Nivel<span class=\"required-asterisk\">*<\/span><\/label>\n    <\/div>\n    <div class=\"form-row cb_available eloq_ppe el_field form-floating\">\n        <select class=\"form-select el_field elq-item-select cb_available required eloq_ppe\" id=\"fe218\" name=\"jobFunction1\" data-value=\"\">\n            <option selected=\"\" value=\"\"><\/option>\n            <option value=\"Claims\">Reclamos<\/option><option value=\"Collections\">Cobranzas<\/option><option value=\"Contact Center Management\">Gesti\u00f3n del centro de contacto<\/option><option value=\"Customer Experience\">Experiencia del cliente<\/option><option value=\"Customer Service\">Servicio al Cliente<\/option><option value=\"Ecommerce\/Digital Channels\">Canales digitales y de comercio electr\u00f3nico<\/option><option value=\"Finance\">Finanzas<\/option><option value=\"Human Resources\">Recursos Humanos<\/option><option value=\"Influencer\">Influenciador<\/option><option value=\"Information Technology\">Tecnolog\u00edas de la informaci\u00f3n<\/option><option value=\"IT Architecture\">Arquitectura de TI<\/option><option value=\"IT Infrastructure\">Infraestructura de TI<\/option><option value=\"IVR\">IVR<\/option><option value=\"Marketing\">Mercadeo<\/option><option value=\"Operations \/ Process Management\">Gesti\u00f3n de operaciones \/ procesos<\/option><option value=\"Production Management\">Gesti\u00f3n de la producci\u00f3n<\/option><option value=\"Purchasing\">Compras<\/option><option value=\"Sales\">Ventas<\/option><option value=\"Unknown\">Desconocido<\/option>\n        <\/select>\n        <label for=\"fe218\">Funci\u00f3n<span class=\"required-asterisk\">*<\/span><\/label>\n    <\/div>\n    <div class=\"form-row cb_available eloq_ppe el_field form-floating\">\n        <input type=\"text\" class=\"form-control el_field elq-item-input cb_available required eloq_ppe\" name=\"company\" id=\"fe193\" value=\"\" placeholder=\"Empresa\">\n        <label for=\"fe193\">Empresa<span class=\"required-asterisk\">*<\/span><\/label>\n    <\/div>\n    <div class=\"form-row cb_available eloq_ppe el_field form-floating\">\n        <select class=\"form-select el_field elq-item-select cb_available required eloq_ppe\" id=\"fe194\" name=\"country\" data-value=\"\">\n            <option value=\"\"><\/option>\n            <!-- Add country options here -->\n        <\/select>\n        <label for=\"fe194\">Pa\u00eds\n<span class=\"required-asterisk\">*<\/span><\/label>\n    <\/div>\n    <div class=\"form-row cb_available country_dep el_field form-floating\">\n        <select class=\"form-select el_field elq-item-select cb_available required eloq_ppe\" id=\"fe214\" name=\"stateProv\" data-value=\"\">\n            <option selected=\"\" value=\"\"><\/option>\n        <\/select>\n        <label for=\"fe214\">Ciudad\/Estado<span class=\"required-asterisk\">*<\/span><\/label>\n    <\/div>\n    <div class=\"form-row cb_available eloq_ppe el_field form-floating\">\n        <input type=\"text\" class=\"form-control el_field elq-item-input cb_available required eloq_ppe\" name=\"website1\" id=\"fe801\" value=\"\" placeholder=\"Your Website\">\n        <label for=\"fe801\">Your Website<span class=\"required-asterisk\">*<\/span><\/label>\n    <\/div>\n    <div class=\"form-row cb_available eloq_ppe el_field form-floating\">\n        <input type=\"text\" class=\"form-control el_field elq-item-input cb_available required eloq_ppe\" name=\"city\" id=\"fe226\" value=\"\" placeholder=\"Ciudad\">\n        <label for=\"fe226\">Ciudad<span class=\"required-asterisk\">*<\/span><\/label>\n    <\/div>\n    <div class=\"form-row cb_available eloq_ppe el_field form-floating\">\n        <input type=\"text\" class=\"form-control el_field elq-item-input cb_available required eloq_ppe\" name=\"title\" id=\"fe220\" value=\"\" placeholder=\"Cargo\">\n        <label for=\"fe220\">Cargo<span class=\"required-asterisk\">*<\/span><\/label>\n    <\/div>\n    <div class=\"form-row cb_available eloq_ppe el_field form-floating\">\n        <select class=\"form-select el_field elq-item-select cb_available required eloq_ppe\" id=\"fe221\" name=\"industry1\" data-value=\"\">\n            <option value=\"\" ><\/option>\n            <option value=\"Banking\">Banca<\/option><option value=\"Business Services\">Servicios empresariales<\/option><option value=\"Capital Markets\">Mercado de Capitales<\/option><option value=\"Communications\">Comunicaciones<\/option><option value=\"Consumer Products\">Bienes de Consumo<\/option><option value=\"Defense & Intelligence\">Defensa e Inteligencia<\/option><option value=\"Education & Non-Profit\">Educaci\u00f3n y Sin \u00c1nimo de Lucro<\/option><option value=\"Energy & Utilities\">Energ\u00eda y Servicios P\u00fablicos<\/option><option value=\"Entertainment\">Entretenimiento<\/option><option value=\"Government\">Gobierno<\/option><option value=\"Insurance\">Seguros<\/option><option value=\"Life Sciences\">Biociencias<\/option><option value=\"Logistics\">Log\u00edstica<\/option><option value=\"Manufacturing\">Manufactura<\/option><option value=\"Payors\">Payors<\/option><option value=\"Providers\">Proveedores<\/option><option value=\"Retailers\">Retailers<\/option><option value=\"Technology\">Tecnolog\u00eda<\/option><option value=\"Travel & Hospitality\">Viajes & Hoteleria<\/option><option value=\"Retail Banking\">Banca de Retail<\/option><option value=\"Other\">Otro<\/option>\n        <\/select>\n        <label for=\"fe221\">Industria<span class=\"required-asterisk\">*<\/span><\/label>\n    <\/div>\n    <div class=\"form-row cb_available eloq_ppe el_field form-floating\">\n        <select class=\"form-select el_field elq-item-select cb_available required eloq_ppe\" id=\"fe222\" name=\"levelofInterest1\" data-value=\"\">\n            <option value=\"\"><\/option>\n            <option value=\"Just researching\">Apenas investigando<\/option><option value=\"Gathering business requirements\">Consolidando requisitos de negocio<\/option><option value=\"Comparing solutions\">Comparando soluciones<\/option><option value=\"Ready for a conversation\">Listo para una conversaci\u00f3n<\/option>\n        <\/select>\n        <label for=\"fe222\">Nivel de Inter\u00e9s<span class=\"required-asterisk\">*<\/span><\/label>\n    <\/div>\n    <div class=\"form-row cb_available eloq_ppe el_field form-floating\">\n        <select class=\"form-select el_field elq-item-select cb_available required eloq_ppe\" id=\"fe225\" name=\"numberofAgentsForm1\" data-value=\"\">\n            <option value=\"\"><\/option>\n            <option value=\"1-20\">De 1 a 20<\/option><option value=\"21-50\">Entre 21 y 50<\/option><option value=\"51-100\">Entre 50 y 100<\/option><option value=\"101-300\">Entre 101 y 300<\/option><option value=\"301-500\">Entre 301 y 500<\/option><option value=\"501-1000\">Entre 501 y 1000<\/option><option value=\">1000\">&gt;1000<\/option><option value=\"No Contact Center\">No tengo un Centro de Contacto<\/option><option value=\"Don't Know\">No lo s\u00e9<\/option>\n        <\/select>\n        <label for=\"fe225\">N\u00famero de Agentes<span class=\"required-asterisk\">*<\/span><\/label>\n    <\/div><div class=\"form-check single-checkbox-row form-row gdpr-field white-box \"><input type=\"checkbox\" class=\"el_field eloq_ppe\" name=\"explicitConsentEmailPhone\" id=\"fe224\" val=\"\"><label class=\"checkbox-aligned elq-item-label\" for=\"fe224\">S\u00ed. Deseo recibir informaci\u00f3n de Genesys por correo electr\u00f3nico o tel\u00e9fono.<\/label><\/div><div class=\"single-checkbox-row form-row white-box \"><input type=\"checkbox\" class=\"el_field eloq_ppe\" name=\"contactMe\" id=\"fe509\" val=\"\"><label class=\"checkbox-aligned elq-item-label\" for=\"fe509\">Quiero ser contactado por un especialista de CX.<\/label><\/div><input type=\"hidden\" data-query=\"utm_medium\" name=\"utm_medium\" id=\"fe199\" value=\"\"><input type=\"hidden\" data-query=\"utm_source\" name=\"utm_source\" id=\"fe200\" value=\"\"><input type=\"hidden\" data-query=\"utm_campaign\" name=\"utm_campaign\" id=\"fe201\" value=\"\"><input type=\"hidden\" data-query=\"utm_term\" name=\"utm_term\" id=\"fe202\" value=\"\"><input type=\"hidden\" data-query=\"utm_content\" name=\"utm_content\" id=\"fe203\" value=\"\"><input type=\"hidden\" data-query=\"ost_tool\" name=\"ost_tool\" id=\"fe293\" value=\"\"><input type=\"hidden\" data-query=\"ost_campaign\" name=\"ost_campaign\" id=\"fe294\" value=\"\"><input type=\"hidden\" data-query=\"ost_content\" name=\"ost_content\" id=\"fe295\" value=\"\"><input type=\"hidden\" data-query=\"blaid\" name=\"eloquaBLAID_c\" id=\"fe3099\" value=\"\"><input type=\"hidden\" data-query=\"gclid\" name=\"gCLID1\" id=\"fe283\" value=\"\"><input type=\"hidden\" data-query=\"mkwid\" name=\"mKWID1\" id=\"fe678\" value=\"\"><input type=\"hidden\" name=\"gAClientID1\" id=\"fe284\" value=\"\"><input type=\"hidden\" name=\"noteCreatorTitle1\" id=\"fe313\" value=\"\"><input type=\"hidden\" name=\"webContentAutoResponderDefault\" id=\"fe286\" value=\"Hot Lead\"><input type=\"hidden\" name=\"webContentAutoResponderTitle\" id=\"fe287\" value=\"\"><input type=\"hidden\" name=\"webContentAutoResponderURL\" id=\"fe288\" value=\"\"><input type=\"hidden\" name=\"noteCreator2\" id=\"fe478\" value=\"\"><input type=\"hidden\" class=\"yesprefill\" name=\"neverbounceResult1\" id=\"fe640\" value=\"OFF\"><input type=\"hidden\" class=\"yesprefill\" name=\"neverbounceFlags1\" id=\"fe641\" value=\"OFF\"><input type=\"hidden\" class=\"yesprefill\" name=\"neverbounceSuggestedCorrection1\" id=\"fe642\" value=\"6sense\"><input type=\"hidden\" name=\"clearbitPersonID1\" id=\"fe630\" value=\"\"><input type=\"hidden\" name=\"clearbitFieldCount1\" id=\"fe633\" value=\"\"><input type=\"hidden\" name=\"clearbitTitle1\" id=\"fe646\" value=\"\"><input type=\"hidden\" name=\"clearbitRole1\" id=\"fe631\" value=\"\"><input type=\"hidden\" name=\"clearbitNumberofEmployees1\" id=\"fe647\" value=\"\"><input type=\"hidden\" name=\"clearbitNumberofEmployeesRange1\" id=\"fe648\" value=\"\"><input type=\"hidden\" name=\"clearbitWebsite1\" id=\"fe802\" value=\"\"><input type=\"hidden\" name=\"browserUserAgent\" id=\"fe3319\" value=\"\"><input type=\"text\" class=\"honeypp\" name=\"honeypp\" id=\"honeypp\" value=\"\" ><input role=\"button\" aria-label=\"Solicite una demo\" type=\"Submit\" class=\"submit-button-style btn btn-primary \" value=\"Solicite una demo\" id=\"fe195\"><div class=\"loading\"><\/div><div class=\"gdpr-field form-row white-box legal\"><span>Al proporcionar su informaci\u00f3n, usted acepta nuestra \n <a href=\"https:\/\/www.genesys.com\/company\/legal\/privacy-policy\" target=\"_blank\">pol\u00edtica de privacidad<\/a><\/span><\/div><\/div><\/form><\/div>[vc_column_text css=&#8221;&#8221; el_class=&#8221;thank-you&#8221;]<\/p>\n<p class=\"h4\">Gracias por su inter\u00e9s.<\/p>\n<p>Nos comunicaremos con usted para coordinar la fecha y la hora que m\u00e1s le convengan.[\/vc_column_text][\/vc_column][\/vc_row][\/vc_section]<\/p>\n<\/div>","protected":false},"excerpt":{"rendered":"<p>[vc_section sec_modern_width=&#8221;enable&#8221; sec_advbg=&#8221;html5video&#8221; content_placement=&#8221;bottom&#8221; flair=&#8221;%5B%7B%22flair_type%22%3A%22f_type_video%22%2C%22flair_mp4%22%3A%22569332%22%2C%22flair_poster%22%3A%22569007%22%2C%22flair_width%22%3A%22100%25%22%2C%22flair_height%22%3A%22auto%22%2C%22flair_top%22%3A%2250%25%22%2C%22flair_left%22%3A%220%22%2C%22flair_transform%22%3A%22translateY(-50%25)%22%2C%22flair_classes%22%3A%22d-none%20d-xl-block%20d-lg-block%20d-md-block%22%2C%22hide_mobile%22%3A%22yes%22%7D%2C%7B%22flair_type%22%3A%22f_type_image%22%2C%22flair_image%22%3A%22569066%22%2C%22flair_width%22%3A%22100%25%22%2C%22flair_top%22%3A%220%22%2C%22flair_classes%22%3A%22d-block%20d-md-none%20d-lg-none%20d-xl-none%20no-lazy%22%2C%22hide_mobile%22%3A%22yes%22%7D%5D&#8221; css=&#8221;.vc_custom_1745862061975{margin-bottom: 12px !important;background-position: center !important;background-repeat: no-repeat !important;background-size: cover !important;}&#8221; el_class=&#8221;d-flex flex-column justify-content-center&#8221; sec_advbg_height=&#8221;100vh&#8221; sec_advbg_min_height=&#8221;308px&#8221; sec_advbg_max_height=&#8221;630px&#8221;][vc_row content_placement=&#8221;middle&#8221; r_advbg_height=&#8221;100%&#8221; el_class=&#8221;mt-5 mt-md-0&#8243;][vc_column background_color=&#8221;bgc-glass&#8221; width=&#8221;1\/2&#8243; el_class=&#8221;p-2 p-lg-4 mt-5 mt-md-0&#8243; offset=&#8221;vc_col-lg-4 vc_col-md-5&#8243;][vc_column_text css=&#8221;&#8221;] Un nivel de experiencia superior Genesys comparte con Scuderia Ferrari HP un compromiso con la innovaci\u00f3n y el trabajo en equipo, as\u00ed [&hellip;]<\/p>\n","protected":false},"author":15,"featured_media":0,"parent":0,"menu_order":0,"comment_status":"closed","ping_status":"closed","template":"","meta":{"_acf_changed":false,"footnotes":""},"class_list":["post-571972","page","type-page","status-publish","hentry"],"acf":[],"_links":{"self":[{"href":"https:\/\/www.genesys.com\/es-mx\/wp-json\/wp\/v2\/pages\/571972","targetHints":{"allow":["GET"]}}],"collection":[{"href":"https:\/\/www.genesys.com\/es-mx\/wp-json\/wp\/v2\/pages"}],"about":[{"href":"https:\/\/www.genesys.com\/es-mx\/wp-json\/wp\/v2\/types\/page"}],"author":[{"embeddable":true,"href":"https:\/\/www.genesys.com\/es-mx\/wp-json\/wp\/v2\/users\/15"}],"replies":[{"embeddable":true,"href":"https:\/\/www.genesys.com\/es-mx\/wp-json\/wp\/v2\/comments?post=571972"}],"version-history":[{"count":5,"href":"https:\/\/www.genesys.com\/es-mx\/wp-json\/wp\/v2\/pages\/571972\/revisions"}],"predecessor-version":[{"id":596429,"href":"https:\/\/www.genesys.com\/es-mx\/wp-json\/wp\/v2\/pages\/571972\/revisions\/596429"}],"wp:attachment":[{"href":"https:\/\/www.genesys.com\/es-mx\/wp-json\/wp\/v2\/media?parent=571972"}],"curies":[{"name":"wp","href":"https:\/\/api.w.org\/{rel}","templated":true}]}}