{"id":550228,"date":"2022-12-20T11:03:29","date_gmt":"2022-12-20T19:03:29","guid":{"rendered":"https:\/\/www.genesys.com\/?page_id=550228"},"modified":"2026-04-07T15:43:34","modified_gmt":"2026-04-07T22:43:34","slug":"global-system-integrators","status":"publish","type":"page","link":"https:\/\/www.genesys.com\/es-mx\/partners\/global-system-integrators","title":{"rendered":"Integradores de sistemas"},"content":{"rendered":"<div class=\"wpb-content-wrapper\"><p>[vc_section sec_modern_width=&#8221;enable&#8221; background_color=&#8221;bgc-lgray&#8221; flair=&#8221;%5B%7B%22flair_type%22%3A%22f_type_image%22%2C%22hide_mobile%22%3A%22yes%22%7D%5D&#8221; vib=&#8221;enable&#8221; css=&#8221;.vc_custom_1749627119105{background-position: center !important;background-repeat: no-repeat !important;background-size: cover !important;}&#8221;][vc_row content_placement=&#8221;middle&#8221;][vc_column width=&#8221;1\/2&#8243;][vc_column_text css=&#8221;&#8221;]<\/p>\n<h1 class=\"no-balance\">As\u00f3ciate con integradores de sistemas globales para transformar tu CX<\/h1>\n<p>La transformaci\u00f3n de la experiencia del cliente (CX) trasciende los l\u00edmites del contact center, puesto que a menudo requiere la integraci\u00f3n de tecnolog\u00edas complejas y conocimientos especializados en gesti\u00f3n de cambios. Genesys colabora con los principales integradores de sistemas globales (GSI) para acelerar y simplificar el proceso de transformaci\u00f3n de tu organizaci\u00f3n.[\/vc_column_text]<div class=\"btn-container  \"><a role=\"button\"  class=\"btn btn-primary\" href=\"#gsa\" target=\"\" rel=\"\">Ver socios de GSI<\/a><\/div>[\/vc_column][vc_column width=&#8221;5\/12&#8243; offset=&#8221;vc_col-sm-offset-1&#8243;][vc_single_image image=&#8221;602451&#8243; css=&#8221;&#8221; rounded_corners=&#8221;rounded-lg&#8221;][\/vc_column][\/vc_row][\/vc_section][vc_section flair=&#8221;%5B%7B%22hide_mobile%22%3A%22yes%22%7D%5D&#8221; css=&#8221;.vc_custom_1714456937508{background-position: center !important;background-repeat: no-repeat !important;background-size: cover !important;}&#8221;][vc_row equal_height=&#8221;yes&#8221; content_placement=&#8221;middle&#8221;][vc_column width=&#8221;5\/12&#8243; offset=&#8221;vc_hidden-xs&#8221;][vc_single_image image=&#8221;602452&#8243; css=&#8221;&#8221; rounded_corners=&#8221;rounded-lg&#8221;][\/vc_column][vc_column width=&#8221;1\/2&#8243; offset=&#8221;vc_col-sm-offset-1&#8243;][vc_column_text css=&#8221;&#8221;]<\/p>\n<h2 class=\"h3\">Asociaciones estrat\u00e9gicas dise\u00f1adas para el crecimiento<\/h2>\n<p>Genesys se asocia con los principales GSI del mundo para ayudar a las organizaciones a promover un crecimiento transformador colocando la CX en el centro de la estrategia de negocio. Como estas asociaciones trascienden la modernizaci\u00f3n del contact center, las empresas pueden impulsar el cambio en toda la organizaci\u00f3n y crear experiencias conectadas, inteligentes y adaptativas que aceleran la transformaci\u00f3n digital.[\/vc_column_text][\/vc_column][\/vc_row][\/vc_section][vc_section][vc_row][vc_column width=&#8221;7\/12&#8243;][vc_column_text css=&#8221;&#8221;]<\/p>\n<h2>Agiliza el impacto de la transformaci\u00f3n de la CX con la ayuda de un GSI<\/h2>\n<p>Nuestros socios GSI de confianza aportan un profundo conocimiento de la industria, as\u00ed como metodolog\u00edas comprobadas y escala global a sus iniciativas de CX. Ayudan a empresas de todos los tama\u00f1os a dise\u00f1ar y ofrecer journeys del cliente m\u00e1s inteligentes y, a su vez, optimizan las inversiones realizadas en plataformas, datos y personas.<\/p>\n<p>Los socios GSI cuentan con estrategias de migraci\u00f3n pautadas, planes de modernizaci\u00f3n de la CX y modelos operativos escalables dise\u00f1ados para generar valor r\u00e1pidamente. Cuando se combinan con nuestro ecosistema tecnol\u00f3gico, los GSI te ayudan a aprovechar al m\u00e1ximo tu tecnolog\u00eda y a optimizar el servicio a tus clientes.[\/vc_column_text][\/vc_column][\/vc_row][vc_row][vc_column width=&#8221;1\/4&#8243;][vc_column_text ct_style=&#8221;list-block&#8221; css=&#8221;&#8221;]<\/p>\n<h3 class=\"h5\">Conocimiento de CX en tu sector<\/h3>\n<p>Nuestros socios de GSI aportan conocimiento especializado en sectores como servicios financieros, salud, sector p\u00fablico, comercio minorista y m\u00e1s. Trabajamos juntos para hacer realidad tu visi\u00f3n de CX.[\/vc_column_text][\/vc_column][vc_column width=&#8221;1\/4&#8243;][vc_column_text ct_style=&#8221;list-block&#8221; css=&#8221;&#8221;]<\/p>\n<h3 class=\"h5\">Resultados reales para tu empresa<\/h3>\n<p>Desde mayor eficiencia operativa y menores costos de soporte hasta una satisfacci\u00f3n del cliente m\u00e1s consistente y una mayor fidelidad, los GSI te ayudan a alinear la transformaci\u00f3n de la CX con resultados medibles a largo plazo.[\/vc_column_text][\/vc_column][vc_column width=&#8221;1\/4&#8243;][vc_column_text ct_style=&#8221;list-block&#8221; css=&#8221;&#8221;]<\/p>\n<h3 class=\"h5\">Presencia global, conocimiento local<\/h3>\n<p>Los GSI tienen la escala para brindar servicios a nivel mundial y la experiencia regional para observar el cumplimiento regulatorio, satisfacer las expectativas del cliente y atender los matices culturales dondequiera que tu empresa opere.[\/vc_column_text][\/vc_column][vc_column width=&#8221;1\/4&#8243;][vc_column_text ct_style=&#8221;list-block&#8221; css=&#8221;&#8221;]<\/p>\n<h3 class=\"h5\">M\u00e1s valor para tu inversi\u00f3n en CX<\/h3>\n<p>Con modelos de entrega estructurados, mejores pr\u00e1cticas y marcos repetibles, los GSI aceleran la obtenci\u00f3n de valor y reducen el riesgo de implementaci\u00f3n en programas de gran envergadura.[\/vc_column_text][\/vc_column][\/vc_row][\/vc_section][vc_section sec_modern_width=&#8221;enable&#8221; background_color=&#8221;bgc-lgray&#8221; flair=&#8221;%5B%7B%22flair_type%22%3A%22f_type_image%22%2C%22hide_mobile%22%3A%22yes%22%7D%5D&#8221; css=&#8221;.vc_custom_1761248218078{background-image: url(https:\/\/www.genesys.com\/media\/Genesys_Threads_209.png?id=569364) !important;}&#8221; el_class=&#8221;bg-cover bg-150-md bg-center bg-norepeat&#8221; el_id=&#8221;gsa&#8221;][vc_row r_gutter_size=&#8221;gutter-small&#8221; background_color=&#8221;bgc-glass&#8221; equal_height=&#8221;yes&#8221; el_class=&#8221;py-3 px-1 px-lg-3 rounded mt-0&#8243;][vc_column offset=&#8221;vc_col-md-7&#8243; el_class=&#8221;mb-1&#8243;][vc_column_text css=&#8221;&#8221;]<\/p>\n<h2>Integradores de sistemas Genesys<\/h2>\n<p>Al combinar la innovaci\u00f3n de Genesys Cloud\u2122, la plataforma de orquestaci\u00f3n de experiencias impulsada por IA, con el vasto conocimiento y la capacidad de entrega global de nuestros socios GSI, les damos a las empresas lo que necesitan para reimaginar el engagement de clientes y empleados y obtener mejores resultados a escala. Ya sea como parte de una migraci\u00f3n m\u00e1s grande a la nube, una modificaci\u00f3n de la estrategia de datos o una iniciativa de habilitaci\u00f3n de la IA, nuestras soluciones conjuntas ayudan a las empresas a modernizar su infraestructura, unificar los silos de datos y poner en funcionamiento la IA, y todo ello aportando beneficios concretos y medibles para el negocio y velocidad de llegada al mercado. [\/vc_column_text]<style type='text\/css'>\r .component.card.has-card-header img { border-radius: 0}\r <\/style>[\/vc_column][vc_column elemental_order=&#8221;order-5&#8243; offset=&#8221;vc_col-md-5&#8243; el_class=&#8221;mt-2 mt-lg-0&#8243;][\/vc_column][vc_column width=&#8221;1\/2&#8243;]<a class=\"component card w-100 bgc-white vertical text-start   has-card-header  \" href=\"https:\/\/www.accenture.com\/\" target=\"_blank\" rel=\"noopener\" ><div class=\"card-header p-1 bgc-lgray d-flex justify-content-center align-items-center\" style=\"min-height:175px;\"><img decoding=\"async\" style=\"max-width:250px;\"width=\"163\" height=\"43\" src=\"https:\/\/www.genesys.com\/media\/Accenture.svg\" alt=\"Accenture\" ><\/div><div class=\"card-body\"><h3 class=\"h5\">Accenture<\/h3>\n<p>Accenture es una empresa l\u00edder mundial de servicios profesionales que ayuda a las principales empresas, gobiernos y otras organizaciones del mundo a construir su n\u00facleo digital, optimizar sus operaciones, acelerar el crecimiento de los ingresos y mejorar los servicios a los ciudadanos, creando valor tangible con rapidez y escala. Juntos, Genesys y Accenture ofrecen soluciones de primer nivel mediante la unificaci\u00f3n de experiencias del cliente excepcionales, profesionales expertos y potentes aceleradores, lo que permite a los clientes lanzar y sostener con \u00e9xito sus procesos de transformaci\u00f3n.<\/p>\n<\/div><div class=\"card-footer text-end\"><div class=\"btn-container \"><div class=\"small mt-0 chevron arrow arrow-primary \" href=\"#\" target=\"\" rel=\"\">Obtener m\u00e1s informaci\u00f3n<\/div><\/div><\/div><\/a>[\/vc_column][vc_column width=&#8221;1\/2&#8243;]<a class=\"component card w-100 bgc-white vertical text-start   has-card-header  \" href=\"https:\/\/www.capgemini.com\/\" target=\"_blank\" rel=\"noopener\" ><div class=\"card-header p-1 bgc-lgray d-flex justify-content-center align-items-center\" style=\"min-height:175px;\"><img decoding=\"async\" style=\"max-width:240px;\"width=\"1280\" height=\"299\" src=\"https:\/\/www.genesys.com\/media\/Capgemini-logo.png\" alt=\"Capgemini-logo\" ><\/div><div class=\"card-body\"><h3 class=\"h5\">Capgemini<\/h3>\n<p>Capgemini es un socio global especializado en la transformaci\u00f3n empresarial y tecnol\u00f3gica que ayuda a las organizaciones a acelerar la transici\u00f3n hacia un mundo digital y sostenible, a la vez que genera un impacto real para las empresas y la sociedad. Est\u00e1 conformada por un grupo responsable y diverso de 340 000\u00a0miembros ubicados en m\u00e1s de 50\u00a0pa\u00edses. Capgemini cuenta con una s\u00f3lida trayectoria de m\u00e1s de 55 a\u00f1os y con la confianza de de sus clientes, quienes aprovechan el potencial de la tecnolog\u00eda para satisfacer todas sus necesidades empresariales. Ofrece servicios y soluciones integrales, aprovechando las fortalezas que van desde la estrategia y el dise\u00f1o hasta la ingenier\u00eda, que se basan en sus ampliamente reconocidas capacidades de IA, IA generativa, nube y datos, combinadas con su profundo conocimiento de la industria y su ecosistema de socios. <\/p>\n<\/div><div class=\"card-footer text-end\"><div class=\"btn-container \"><div class=\"small mt-0 chevron arrow arrow-primary \" href=\"#\" target=\"\" rel=\"\">Obtener m\u00e1s informaci\u00f3n<\/div><\/div><\/div><\/a>[\/vc_column][vc_column width=&#8221;1\/2&#8243;]<a class=\"component card w-100 bgc-white vertical text-start   has-card-header  \" href=\"https:\/\/www.deloittedigital.com\/us\/en.html\" target=\"_blank\" rel=\"noopener\" ><div class=\"card-header p-1 bgc-lgray d-flex justify-content-center align-items-center\" style=\"min-height:175px;\"><img decoding=\"async\" style=\"max-width:200px;\"width=\"510\" height=\"283\" src=\"https:\/\/www.genesys.com\/media\/Deloitte-Digital.png\" alt=\"Deloitte Digital\" ><\/div><div class=\"card-body\"><h3 class=\"h5\">Deloitte Digital<\/h3>\n<p>Deloitte Digital y Genesys ofrecen soluciones mejoradas de CX a trav\u00e9s de herramientas avanzadas para optimizar las operaciones de los contact centers. Las soluciones combinan funciones omnicanal, digitales y de IA que han sido dise\u00f1adas para incrementar la eficiencia y la satisfacci\u00f3n de los usuarios. Con herramientas de gesti\u00f3n de la fuerza de trabajo personalizadas y servicios integrados, estas soluciones ayudan a las empresas a manejar con eficiencia todo lo relacionado con el contact center como servicio (CCaaS). Esta colaboraci\u00f3n tiene como objetivo fortalecer el engagement del cliente y brindarle experiencias \u00f3ptimas en todos los puntos de contacto, as\u00ed como fomentar la lealtad y alcanzar el \u00e9xito en la era digital. <\/p>\n<\/div><div class=\"card-footer text-end\"><div class=\"btn-container \"><div class=\"small mt-0 chevron arrow arrow-primary \" href=\"#\" target=\"\" rel=\"\">Obtener m\u00e1s informaci\u00f3n<\/div><\/div><\/div><\/a>[\/vc_column][vc_column width=&#8221;1\/2&#8243;]<a class=\"component card w-100 bgc-white vertical text-start   has-card-header  \" href=\"https:\/\/www.ibm.com\/us-en\/\" target=\"_blank\" rel=\"noopener\" ><div class=\"card-header p-1 bgc-lgray d-flex justify-content-center align-items-center\" style=\"min-height:175px;\"><img decoding=\"async\" style=\"max-width:200px;\"width=\"200\" height=\"83\" src=\"https:\/\/www.genesys.com\/media\/648d9008-ibm-logo-200px-.png\" alt=\"ibm logo 200px\" ><\/div><div class=\"card-body\"><h3 class=\"h5\">IBM<\/h3>\n<p>IBM es uno de los integradores de sistemas y socios de implementaci\u00f3n de Genesys con mayor experiencia, y ha liderado numerosas implementaciones innovadoras y de gran envergadura para clientes en la gama de productos de Genesys Cloud <sup>CX\u00ae<\/sup> . IBM colabora con clientes desde el principio al final de sus proyectos, desde el asesoramiento sobre estrategias de contact center y experiencia del cliente, hasta su implementaci\u00f3n y la optimizaci\u00f3n de los procesos de negocio y las operaciones del contact center.<\/p>\n<p>IBM ha colaborado con Genesys para ofrecer experiencias del cliente de \u00faltima generaci\u00f3n, por lo que sus clientes pueden brindar servicios de IA y digitales mediante IA generativa y agentes de IA. Tambi\u00e9n hemos integrado herramientas de IA en las soluciones de contact center y hemos desarrollado herramientas internas e incubadoras de negocios espec\u00edficamente para Genesys, de modo de acelerar la entrega de soluciones y la generaci\u00f3n de valor.<\/p>\n<\/div><div class=\"card-footer text-end\"><div class=\"btn-container \"><div class=\"small mt-0 chevron arrow arrow-primary \" href=\"#\" target=\"\" rel=\"\">Obtener m\u00e1s informaci\u00f3n<\/div><\/div><\/div><\/a>[\/vc_column][\/vc_row][\/vc_section][vc_section][vc_row][vc_column width=&#8221;7\/12&#8243;][vc_column_text css=&#8221;&#8221;]<\/p>\n<h2 class=\"h3\">Explora los recursos de Genesys<\/h2>\n<p>[\/vc_column_text][\/vc_column][\/vc_row][vc_row r_gutter_size=&#8221;gutter-small&#8221; equal_height=&#8221;yes&#8221;][vc_column]<div class=\"related-posts-container next-steps-module w-100\"><div class=\"inner-container scrollable-row-container\"><div class=\"row align-items-stretch gutter-small col-count-2 scrollable-row\"><div class=\"col-md-6 horizontal-cards grid-item card-col item-image grid_type-resources\"><a class=\"card w-100 h-100 bgc-lgray component horizontal text-start thumbnail chevron-only\" href=\"https:\/\/www.genesys.com\/es-mx\/resources\/contact-center-buyers-guide\"><div class=\"row align-items-center\"><div class=\"col-12 col-md-5 col-lg-6\"><div class=\"thumbnail-col thubmnail\"><img decoding=\"async\" src=\"https:\/\/www.genesys.com\/media\/820x464-Resource-Thumbnail-Ebook-Buyers-Guide-for-AI-and-CX.jpg\" height=\"464\" width=\"820\" alt=\"820&#215;464 resource thumbnail ebook buyers guide for ai and cx\"><\/div><\/div><div class=\"col-12 col-md-7 col-lg-6\"><div class=\"card-body text-col ps-0\"><p class=\"assettag\">Ebook<\/p><h3 class=\"item-title h6\">Gu\u00eda del comprador de contact center<\/h3><\/div><div class=\"card-footer text-end ps-0\"><div class=\"justify-content-end btn-container\"><div class=\"btn chevron small only btn-secondary\"><\/div><\/div><\/div><\/div><\/div><\/a><\/div><div class=\"col-md-6 horizontal-cards grid-item card-col item-image grid_type-blog\"><a class=\"card w-100 h-100 bgc-lgray component horizontal text-start thumbnail chevron-only\" href=\"https:\/\/www.genesys.com\/es-mx\/blog\/post\/the-levels-of-experience-orchestration\"><div class=\"row align-items-center\"><div class=\"col-12 col-md-5 col-lg-6\"><div class=\"thumbnail-col thubmnail\"><img decoding=\"async\" src=\"https:\/\/www.genesys.com\/media\/Levels-of-Experience-Orchestration-blog-image-820-x-548.webp\" height=\"547\" width=\"820\" alt=\"\"><\/div><\/div><div class=\"col-12 col-md-7 col-lg-6\"><div class=\"card-body text-col ps-0\"><p class=\"assettag\">Blog<\/p><h3 class=\"item-title h6\">Los niveles de orquestaci\u00f3n de la experiencia<\/h3><\/div><div class=\"card-footer text-end ps-0\"><div class=\"justify-content-end btn-container\"><div class=\"btn chevron small only btn-secondary\"><\/div><\/div><\/div><\/div><\/div><\/a><\/div><\/div><\/div><\/div>[\/vc_column][\/vc_row][\/vc_section]<\/p>\n<\/div>","protected":false},"excerpt":{"rendered":"<p>[vc_section sec_modern_width=&#8221;enable&#8221; background_color=&#8221;bgc-lgray&#8221; flair=&#8221;%5B%7B%22flair_type%22%3A%22f_type_image%22%2C%22hide_mobile%22%3A%22yes%22%7D%5D&#8221; vib=&#8221;enable&#8221; css=&#8221;.vc_custom_1749627119105{background-position: center !important;background-repeat: no-repeat !important;background-size: cover !important;}&#8221;][vc_row content_placement=&#8221;middle&#8221;][vc_column width=&#8221;1\/2&#8243;][vc_column_text css=&#8221;&#8221;] As\u00f3ciate con integradores de sistemas globales para transformar tu CX La transformaci\u00f3n de la experiencia del cliente (CX) trasciende los l\u00edmites del contact center, puesto que a menudo requiere la integraci\u00f3n de tecnolog\u00edas complejas y conocimientos especializados en gesti\u00f3n de [&hellip;]<\/p>\n","protected":false},"author":1,"featured_media":0,"parent":102850,"menu_order":0,"comment_status":"closed","ping_status":"closed","template":"","meta":{"_acf_changed":false,"footnotes":""},"class_list":["post-550228","page","type-page","status-publish","hentry"],"acf":[],"_links":{"self":[{"href":"https:\/\/www.genesys.com\/es-mx\/wp-json\/wp\/v2\/pages\/550228","targetHints":{"allow":["GET"]}}],"collection":[{"href":"https:\/\/www.genesys.com\/es-mx\/wp-json\/wp\/v2\/pages"}],"about":[{"href":"https:\/\/www.genesys.com\/es-mx\/wp-json\/wp\/v2\/types\/page"}],"author":[{"embeddable":true,"href":"https:\/\/www.genesys.com\/es-mx\/wp-json\/wp\/v2\/users\/1"}],"replies":[{"embeddable":true,"href":"https:\/\/www.genesys.com\/es-mx\/wp-json\/wp\/v2\/comments?post=550228"}],"version-history":[{"count":9,"href":"https:\/\/www.genesys.com\/es-mx\/wp-json\/wp\/v2\/pages\/550228\/revisions"}],"predecessor-version":[{"id":621708,"href":"https:\/\/www.genesys.com\/es-mx\/wp-json\/wp\/v2\/pages\/550228\/revisions\/621708"}],"up":[{"embeddable":true,"href":"https:\/\/www.genesys.com\/es-mx\/wp-json\/wp\/v2\/pages\/102850"}],"wp:attachment":[{"href":"https:\/\/www.genesys.com\/es-mx\/wp-json\/wp\/v2\/media?parent=550228"}],"curies":[{"name":"wp","href":"https:\/\/api.w.org\/{rel}","templated":true}]}}