{"id":484188,"date":"2023-07-19T08:34:29","date_gmt":"2023-07-19T15:34:29","guid":{"rendered":"https:\/\/www.genesys.com\/su-potencial-lo-espera"},"modified":"2023-10-24T19:32:03","modified_gmt":"2023-10-25T02:32:03","slug":"your-potential-is-waiting","status":"publish","type":"page","link":"https:\/\/www.genesys.com\/es-mx\/company\/your-potential-is-waiting","title":{"rendered":"Su potencial lo espera"},"content":{"rendered":"<div class=\"wpb-content-wrapper\"><p>[vc_section background_color=&#8221;bgc-lgray&#8221; flair=&#8221;%5B%7B%22hide_mobile%22%3A%22yes%22%7D%5D&#8221;][vc_row equal_height=&#8221;yes&#8221; content_placement=&#8221;middle&#8221;][vc_column][vc_column_text css=&#8221;&#8221;]<\/p>\n<h1 style=\"text-align: center;\">Su potencial lo espera<\/h1>\n<p>[\/vc_column_text][\/vc_column][\/vc_row][\/vc_section][vc_section flair=&#8221;%5B%7B%22flair_zindex%22%3A%2210%22%7D%5D&#8221;][vc_row r_logo_grid=&#8221;yes&#8221; background_color=&#8221;bgc-lgray&#8221; el_class=&#8221;rounded-lg&#8221;][vc_column width=&#8221;1\/3&#8243; el_class=&#8221;py-2&#8243;][vc_column_text css=&#8221;&#8221;]<\/p>\n<p class=\"mb-0\" style=\"text-align: center;\"><a class=\"text-22\" href=\"\/es-mx\/company\/careers\">Qui\u00e9nes somos<\/a><\/p>\n<p>[\/vc_column_text][\/vc_column][vc_column width=&#8221;1\/3&#8243; el_class=&#8221;py-2 border border-white border-5 border-top-0 border-bottom-0&#8243;][vc_column_text css=&#8221;&#8221;]<\/p>\n<p class=\"mb-0\" style=\"text-align: center;\"><a class=\"text-22\" href=\"\/es-mx\/company\/why-join-us\">Por qu\u00e9 deber\u00eda unirse a nosotros<\/a><\/p>\n<p>[\/vc_column_text][\/vc_column][vc_column width=&#8221;1\/3&#8243; el_class=&#8221;py-2&#8243;][vc_column_text css=&#8221;&#8221;]<\/p>\n<p class=\"text-22 mb-0\" style=\"text-align: center;\">Su potencial lo espera<\/p>\n<p>[\/vc_column_text][\/vc_column][\/vc_row][\/vc_section][vc_section flair=&#8221;%5B%7B%22hide_mobile%22%3A%22yes%22%7D%5D&#8221; el_class=&#8221;location-cards&#8221;][vc_row][vc_column][vc_column_text css=&#8221;&#8221;]<\/p>\n<h2 style=\"text-align: center;\">Una empresa global que trabaja en equipo<\/h2>\n<p>[\/vc_column_text][\/vc_column][\/vc_row][vc_row r_gutter_size=&#8221;gutter-small&#8221; equal_height=&#8221;yes&#8221; el_class=&#8221;justify-content-center&#8221;][vc_column width=&#8221;1\/3&#8243;]<a class=\"component card w-100 bgc-lgray vertical text-start thumbnail   \" href=\"https:\/\/genesys.wd1.myworkdayjobs.com\/Genesys?locationCountry=bc33aa3152ec42d4995f4791a106ed09\" target=\"_blank\" rel=\"noopener\" ><div class=\"thumbnail-col   thumbnail\"><img decoding=\"async\" width=\"380\" height=\"228\" class=\"card-img-top thumbnail\" src=\"https:\/\/www.genesys.com\/media\/ta-united-states-thumb.jpg\" alt=\"ta-united-states-thumb\" ><\/div><div class=\"card-body\"><h3 class=\"bye\">Estados Unidos<\/h3>\n<p>En EE.\u00a0UU., se encuentra la mayor cantidad de empleados de Genesys, con un equipo de casi 3000\u00a0personas, de los cuales casi 2000 trabajan de forma remota. Tenemos oficinas en Menlo Park, en el \u00e1rea de la bah\u00eda de San Francisco; Boston; Indian\u00e1polis, Indiana; y Durham, Carolina del Norte, entre otros lugares, y ofrecemos excelentes servicios para que los equipos se re\u00fanan, trabajen y colaboren.<\/p>\n<\/div><div class=\"card-footer text-end\"><div class=\"btn-container \"><div class=\"small mt-0 chevron arrow arrow-primary \" href=\"#\" target=\"\" rel=\"\">Ver trabajos<\/div><\/div><\/div><\/a>[\/vc_column][vc_column width=&#8221;1\/3&#8243;]<a class=\"component card w-100 bgc-lgray vertical text-start thumbnail   \" href=\"https:\/\/genesys.wd1.myworkdayjobs.com\/Genesys?locationCountry=c4f78be1a8f14da0ab49ce1162348a5e\" target=\"_blank\" rel=\"noopener\" ><div class=\"thumbnail-col   thumbnail\"><img decoding=\"async\" width=\"380\" height=\"228\" class=\"card-img-top thumbnail\" src=\"https:\/\/www.genesys.com\/media\/ta-india-thumb.jpg\" alt=\"ta-india-thumb\" ><\/div><div class=\"card-body\"><h3 class=\"bye\">India<\/h3>\n<p>Chennai es nuestra segunda oficina m\u00e1s grande en la regi\u00f3n de Asia-Pac\u00edfico y la sede del equipo de ingenier\u00eda m\u00e1s grande, de aproximadamente 500\u00a0empleados, la mitad de los cuales son ingenieros de software que trabajan en el desarrollo de productos.<\/p>\n<\/div><div class=\"card-footer text-end\"><div class=\"btn-container \"><div class=\"small mt-0 chevron arrow arrow-primary \" href=\"#\" target=\"\" rel=\"\">Ver trabajos<\/div><\/div><\/div><\/a>[\/vc_column][vc_column width=&#8221;1\/3&#8243;]<a class=\"component card w-100 bgc-lgray vertical text-start thumbnail   \" href=\"https:\/\/genesys.wd1.myworkdayjobs.com\/Genesys?locationCountry=04a05835925f45b3a59406a2a6b72c8a\" target=\"_blank\" rel=\"noopener\" ><div class=\"thumbnail-col   thumbnail\"><img decoding=\"async\" width=\"380\" height=\"228\" class=\"card-img-top thumbnail\" src=\"https:\/\/www.genesys.com\/media\/ta-ireland-thumb.jpg\" alt=\"ta-ireland-thumb\" ><\/div><div class=\"card-body\"><h3 class=\"bye\">Irlanda<\/h3>\n<p>Nuestra oficina de Galway cuenta con m\u00e1s de 300\u00a0empleados, la mayor\u00eda de los cuales son ingenieros de software con un enfoque en la inteligencia artificial y el aprendizaje autom\u00e1tico. Es nuestra oficina m\u00e1s grande en la regi\u00f3n de Europa, Oriente Medio y \u00c1frica que, actualmente, patrocina a Connacht, el equipo de rugby local.<\/p>\n<\/div><div class=\"card-footer text-end\"><div class=\"btn-container \"><div class=\"small mt-0 chevron arrow arrow-primary \" href=\"#\" target=\"\" rel=\"\">Ver trabajos<\/div><\/div><\/div><\/a>[\/vc_column][vc_column width=&#8221;1\/3&#8243;]<a class=\"component card w-100 bgc-lgray vertical text-start thumbnail   \" href=\"https:\/\/genesys.wd1.myworkdayjobs.com\/Genesys?locationCountry=9db257f5937e4421b2fac64eec6832f8\" target=\"_blank\" rel=\"noopener\" ><div class=\"thumbnail-col   thumbnail\"><img decoding=\"async\" width=\"380\" height=\"228\" class=\"card-img-top thumbnail\" src=\"https:\/\/www.genesys.com\/media\/ta-hungary-thumb.jpg\" alt=\"ta-hungary-thumb\" ><\/div><div class=\"card-body\"><h3 class=\"bye\">Hungr\u00eda<\/h3>\n<p>Nuestra sede m\u00e1s reciente tiene m\u00e1s de 75\u00a0empleados. Se encuentra en el coraz\u00f3n de Budapest, cerca de la estaci\u00f3n de trenes, restaurantes y \u00e1reas abiertas, con el parque Eiffel justo a la salida del edificio. Incluye 11\u00a0salas para trabajo en equipo, un caf\u00e9, una gran sala de reuniones, una sala de capacitaci\u00f3n, varias salas para reuniones peque\u00f1as y un \u00e1rea de juegos.<\/p>\n<\/div><div class=\"card-footer text-end\"><div class=\"btn-container \"><div class=\"small mt-0 chevron arrow arrow-primary \" href=\"#\" target=\"\" rel=\"\">Ver trabajos<\/div><\/div><\/div><\/a>[\/vc_column][vc_column width=&#8221;1\/3&#8243;]<a class=\"component card w-100 bgc-lgray vertical text-start thumbnail   \" href=\"https:\/\/genesys.wd1.myworkdayjobs.com\/Genesys?locationCountry=29247e57dbaf46fb855b224e03170bc7\" target=\"_blank\" rel=\"noopener\" ><div class=\"thumbnail-col   thumbnail\"><img decoding=\"async\" width=\"380\" height=\"228\" class=\"card-img-top thumbnail\" src=\"https:\/\/www.genesys.com\/media\/ta-united-kingdom-thumb.jpg\" alt=\"ta-united-kingdom-thumb\" ><\/div><div class=\"card-body\"><h3 class=\"bye\">Reino Unido<\/h3>\n<p>Nuestra oficina ubicada en las afueras de Londres cuenta con casi 300\u00a0empleados que trabajan en varios departamentos. Incluye excelentes servicios, como un gran estacionamiento, un desayuno quincenal, adem\u00e1s de muchas otras cosas que nuestros equipos pueden disfrutar. Tambi\u00e9n cuenta con espacios de trabajo grupales para la colaboraci\u00f3n y las demostraciones a los clientes.<\/p>\n<\/div><div class=\"card-footer text-end\"><div class=\"btn-container \"><div class=\"small mt-0 chevron arrow arrow-primary \" href=\"#\" target=\"\" rel=\"\">Ver trabajos<\/div><\/div><\/div><\/a>[\/vc_column][vc_column width=&#8221;1\/3&#8243;]<a class=\"component card w-100 bgc-lgray vertical text-start thumbnail   \" href=\"https:\/\/genesys.wd1.myworkdayjobs.com\/Genesys?locationCountry=e56f1daf83e04bacae794ba5c5593560\" target=\"_blank\" rel=\"noopener\" ><div class=\"thumbnail-col   thumbnail\"><img decoding=\"async\" width=\"380\" height=\"228\" class=\"card-img-top thumbnail\" src=\"https:\/\/www.genesys.com\/media\/ta-phillipines-thumb.jpg\" alt=\"ta-phillipines-thumb\" ><\/div><div class=\"card-body\"><h3 class=\"bye\">Filipinas<\/h3>\n<p>Nuestra oficina m\u00e1s grande en la regi\u00f3n Asia-Pac\u00edfico, con aproximadamente 560\u00a0empleados, se inaugur\u00f3 en 2017 y se expandi\u00f3 en 2019. La oficina incluye una sala de descanso con videojuegos, baloncesto y billar. Manila tambi\u00e9n es sede de nuestro segundo equipo m\u00e1s grande de Servicio al Cliente y \u00c9xito.<\/p>\n<\/div><div class=\"card-footer text-end\"><div class=\"btn-container \"><div class=\"small mt-0 chevron arrow arrow-primary \" href=\"#\" target=\"\" rel=\"\">Ver trabajos<\/div><\/div><\/div><\/a>[\/vc_column][vc_column width=&#8221;1\/3&#8243;]<a class=\"component card w-100 bgc-lgray vertical text-start thumbnail   \" href=\"https:\/\/genesys.wd1.myworkdayjobs.com\/Genesys?locationCountry=084562884af243748dad7c84c304d89a\" target=\"_blank\" rel=\"noopener\" ><div class=\"thumbnail-col   thumbnail\"><img decoding=\"async\" width=\"380\" height=\"228\" class=\"card-img-top thumbnail\" src=\"https:\/\/www.genesys.com\/media\/ta-isreal-thumb.jpg\" alt=\"ta-isreal-thumb\" ><\/div><div class=\"card-body\"><h3 class=\"bye\">Israel<\/h3>\n<p>Genesys Israel es un Centro de Excelencia de I+D. Con una oficina en crecimiento ubicada en Tel Aviv, ofrece un entorno de trabajo flexible y energ\u00e9tico. Crucial para el desarrollo de Genesys Cloud, sus departamentos incluyen Gesti\u00f3n del Engagement de la Fuerza Laboral y Digital.<\/p>\n<\/div><div class=\"card-footer text-end\"><div class=\"btn-container \"><div class=\"small mt-0 chevron arrow arrow-primary \" href=\"#\" target=\"\" rel=\"\">Ver trabajos<\/div><\/div><\/div><\/a>[\/vc_column][vc_column width=&#8221;1\/3&#8243;]<a class=\"component card w-100 bgc-lgray vertical text-start thumbnail   \" href=\"https:\/\/genesys.wd1.myworkdayjobs.com\/en-US\/Genesys\/details\/Senior-Software-Engineer_JR102137-1?locationCountry=1a29bb1357b240ab99a2fa755cc87c0e\" target=\"_blank\" rel=\"noopener\" ><div class=\"thumbnail-col   thumbnail\"><img decoding=\"async\" width=\"380\" height=\"228\" class=\"card-img-top thumbnail\" src=\"https:\/\/www.genesys.com\/media\/ta-brazil-thumb.jpg\" alt=\"ta-brazil-thumb\" ><\/div><div class=\"card-body\"><h3 class=\"bye\">Brasil<\/h3>\n<p>Con m\u00e1s de 100\u00a0empleados, nuestra oficina de Sao\u00a0Paulo es la m\u00e1s grande de Am\u00e9rica Latina. Las oficinas recientemente renovadas est\u00e1n equipadas con un caf\u00e9, una mesa de futbolito, salas de colaboraci\u00f3n\/reuniones y espacios de trabajo privados con una excelente vista del r\u00edo Pinheiros.<\/p>\n<\/div><div class=\"card-footer text-end\"><div class=\"btn-container \"><div class=\"small mt-0 chevron arrow arrow-primary \" href=\"#\" target=\"\" rel=\"\">Ver trabajos<\/div><\/div><\/div><\/a>[\/vc_column][\/vc_row][vc_row][vc_column][vc_column_text css=&#8221;&#8221;]<\/p>\n<p class=\"text-16\" style=\"text-align: center;\">Tenga presente que los reclutadores nunca solicitar\u00e1n informaci\u00f3n personal o financiera confidencial durante la fase de solicitud de empleo.<\/p>\n<p>[\/vc_column_text][\/vc_column][\/vc_row][\/vc_section]<\/p>\n<\/div>","protected":false},"excerpt":{"rendered":"<p>[vc_section background_color=&#8221;bgc-lgray&#8221; flair=&#8221;%5B%7B%22hide_mobile%22%3A%22yes%22%7D%5D&#8221;][vc_row equal_height=&#8221;yes&#8221; content_placement=&#8221;middle&#8221;][vc_column][vc_column_text css=&#8221;&#8221;] Su potencial lo espera [\/vc_column_text][\/vc_column][\/vc_row][\/vc_section][vc_section flair=&#8221;%5B%7B%22flair_zindex%22%3A%2210%22%7D%5D&#8221;][vc_row r_logo_grid=&#8221;yes&#8221; background_color=&#8221;bgc-lgray&#8221; el_class=&#8221;rounded-lg&#8221;][vc_column width=&#8221;1\/3&#8243; el_class=&#8221;py-2&#8243;][vc_column_text css=&#8221;&#8221;] Qui\u00e9nes somos [\/vc_column_text][\/vc_column][vc_column width=&#8221;1\/3&#8243; el_class=&#8221;py-2 border border-white border-5 border-top-0 border-bottom-0&#8243;][vc_column_text css=&#8221;&#8221;] Por qu\u00e9 deber\u00eda unirse a nosotros [\/vc_column_text][\/vc_column][vc_column width=&#8221;1\/3&#8243; el_class=&#8221;py-2&#8243;][vc_column_text css=&#8221;&#8221;] Su potencial lo espera [\/vc_column_text][\/vc_column][\/vc_row][\/vc_section][vc_section flair=&#8221;%5B%7B%22hide_mobile%22%3A%22yes%22%7D%5D&#8221; el_class=&#8221;location-cards&#8221;][vc_row][vc_column][vc_column_text css=&#8221;&#8221;] Una empresa global que trabaja en equipo [\/vc_column_text][\/vc_column][\/vc_row][vc_row [&hellip;]<\/p>\n","protected":false},"author":1,"featured_media":0,"parent":102836,"menu_order":0,"comment_status":"closed","ping_status":"closed","template":"","meta":{"_acf_changed":false,"footnotes":""},"class_list":["post-484188","page","type-page","status-publish","hentry"],"acf":[],"_links":{"self":[{"href":"https:\/\/www.genesys.com\/es-mx\/wp-json\/wp\/v2\/pages\/484188","targetHints":{"allow":["GET"]}}],"collection":[{"href":"https:\/\/www.genesys.com\/es-mx\/wp-json\/wp\/v2\/pages"}],"about":[{"href":"https:\/\/www.genesys.com\/es-mx\/wp-json\/wp\/v2\/types\/page"}],"author":[{"embeddable":true,"href":"https:\/\/www.genesys.com\/es-mx\/wp-json\/wp\/v2\/users\/1"}],"replies":[{"embeddable":true,"href":"https:\/\/www.genesys.com\/es-mx\/wp-json\/wp\/v2\/comments?post=484188"}],"version-history":[{"count":5,"href":"https:\/\/www.genesys.com\/es-mx\/wp-json\/wp\/v2\/pages\/484188\/revisions"}],"predecessor-version":[{"id":544519,"href":"https:\/\/www.genesys.com\/es-mx\/wp-json\/wp\/v2\/pages\/484188\/revisions\/544519"}],"up":[{"embeddable":true,"href":"https:\/\/www.genesys.com\/es-mx\/wp-json\/wp\/v2\/pages\/102836"}],"wp:attachment":[{"href":"https:\/\/www.genesys.com\/es-mx\/wp-json\/wp\/v2\/media?parent=484188"}],"curies":[{"name":"wp","href":"https:\/\/api.w.org\/{rel}","templated":true}]}}