{"id":483806,"date":"2023-07-17T13:05:50","date_gmt":"2023-07-17T20:05:50","guid":{"rendered":"https:\/\/www.genesys.com\/carreras"},"modified":"2023-10-24T19:22:02","modified_gmt":"2023-10-25T02:22:02","slug":"careers","status":"publish","type":"page","link":"https:\/\/www.genesys.com\/es-mx\/company\/careers","title":{"rendered":"Carreras"},"content":{"rendered":"<div class=\"wpb-content-wrapper\"><p>[vc_section background_color=&#8221;bgc-lgray&#8221; full_width=&#8221;stretch_row&#8221; flair=&#8221;%5B%7B%22flair_width%22%3A%22auto%22%2C%22flair_bottom%22%3A%220%22%2C%22hide_mobile%22%3A%22yes%22%7D%5D&#8221;][vc_row equal_height=&#8221;yes&#8221; content_placement=&#8221;middle&#8221;][vc_column width=&#8221;5\/12&#8243;][vc_column_text css=&#8221;&#8221;]<\/p>\n<h1>Su potencial lo espera<\/h1>\n<p>[\/vc_column_text]<div class=\"btn-container  \"><a role=\"button\"  class=\"btn btn-primary\" href=\"https:\/\/genesys.wd1.myworkdayjobs.com\/Genesys\" target=\"_blank\" rel=\"noopener\">Su potencial lo espera<\/a><\/div>[\/vc_column][vc_column width=&#8221;7\/12&#8243;][vc_single_image image=&#8221;422965&#8243; alignment=&#8221;right&#8221; css=&#8221;.vc_custom_1729635070581{margin-bottom: -5rem !important;}&#8221;][\/vc_column][\/vc_row][\/vc_section][vc_section flair=&#8221;%5B%7B%22flair_zindex%22%3A%2210%22%7D%5D&#8221;][vc_row r_logo_grid=&#8221;yes&#8221; background_color=&#8221;bgc-lgray&#8221; el_class=&#8221;rounded-lg&#8221;][vc_column width=&#8221;1\/3&#8243; el_class=&#8221;py-2&#8243;][vc_column_text css=&#8221;&#8221;]<\/p>\n<p class=\"text-22 mb-0\" style=\"text-align: center;\">Qui\u00e9nes somos<\/p>\n<p>[\/vc_column_text][\/vc_column][vc_column width=&#8221;1\/3&#8243; el_class=&#8221;py-2 border border-white border-5 border-top-0 border-bottom-0&#8243;][vc_column_text css=&#8221;&#8221;]<\/p>\n<p class=\"mb-0\" style=\"text-align: center;\"><a class=\"text-22\" href=\"\/es-mx\/company\/why-join-us\">Por qu\u00e9 deber\u00eda unirse a nosotros<\/a><\/p>\n<p>[\/vc_column_text][\/vc_column][vc_column width=&#8221;1\/3&#8243; el_class=&#8221;py-2&#8243;][vc_column_text css=&#8221;&#8221;]<\/p>\n<p class=\"mb-0\" style=\"text-align: center;\"><a class=\"text-22\" href=\"\/es-mx\/company\/your-potential-is-waiting\">Su potencial lo espera<\/a><\/p>\n<p>[\/vc_column_text][\/vc_column][\/vc_row][vc_row][vc_column elemental_order=&#8221;order-2&#8243;][vc_column_text css=&#8221;&#8221;]<\/p>\n<h2 style=\"text-align: center;\">Cree algo nuevo con un equipo de nivel internacional<\/h2>\n<p>[\/vc_column_text][\/vc_column][\/vc_row][vc_row][vc_column width=&#8221;1\/2&#8243;]<div class=\"genesys-image align-center\"><a class=\"video-lightbox\" href=\"https:\/\/www.youtube.com\/embed\/0L5ns7g9BWg?rel=0\"><img decoding=\"async\" src=\"https:\/\/www.genesys.com\/media\/video-thumb-your-potential-is-waiting.jpg\" alt=\"Video thumb your potential is waiting\" width=\"880\" height=\"480\" class=\"rounded-xs\"\/><\/a><\/div>[\/vc_column][vc_column width=&#8221;1\/2&#8243; el_class=&#8221;mb-2&#8243;][vc_column_text css=&#8221;&#8221;]Genesys es una empresa global que emplea a m\u00e1s de 6000 personas, y todos se esfuerzan por alcanzar el mismo objetivo. Y aunque ofrecemos los mismos beneficios y ventajas que las grandes empresas tecnol\u00f3gicas, nuestros empleados tienen independencia para contribuir a la empresa y tomar las riendas de su trabajo mientras trabajamos juntos para crear el futuro de la experiencia del cliente.<\/p>\n<p>Esta es su oportunidad no solo de demostrar sus fortalezas, sino de ampliar su zona de confort y adquirir nuevas habilidades. Genesys permite que los empleados dejen su impronta estimul\u00e1ndolos a que tomen decisiones y a que hagan aquello por lo que han sido contratados: dar lo mejor de s\u00ed mismos. Su potencial lo espera, \u00a1no lo haga esperar m\u00e1s![\/vc_column_text]<div class=\"btn-container  \"><a role=\"button\"  class=\"btn btn-secondary\" href=\"\/es-mx\/company\/why-join-us\" target=\"\" rel=\"\">Conozca nuestra cultura<\/a><\/div>[\/vc_column][\/vc_row][\/vc_section][vc_section background_color=&#8221;bgc-lgray&#8221; flair=&#8221;%5B%7B%22hide_mobile%22%3A%22yes%22%7D%5D&#8221; el_class=&#8221;map&#8221; css=&#8221;.vc_custom_1715114628269{background-position: center !important;background-repeat: no-repeat !important;background-size: contain !important;}&#8221;][vc_row content_placement=&#8221;middle&#8221;][vc_column][vc_column_text css=&#8221;&#8221;]<\/p>\n<h2 class=\"h3\" style=\"text-align: center;\">Un mundo de oportunidades, dondequiera que est\u00e9<\/h2>\n<p style=\"text-align: center;\">Es el momento de ser parte de algo significativo. Puede desempe\u00f1ar un papel importante en la creaci\u00f3n de tecnolog\u00edas de experiencia del cliente l\u00edderes en la industria que est\u00e1n impulsando el \u00e9xito de las empresas en todo el mundo. Con m\u00e1s de 6000 empleados que atienden a clientes en m\u00e1s de 100 pa\u00edses, Genesys es una empresa verdaderamente global. Hay un lugar para usted en Genesys, en una de nuestras oficinas o en un entorno de trabajo remoto.<\/p>\n<p>[\/vc_column_text]<style type='text\/css'>\r .vc_custom_1715113063837 { background-position-y: 35px !important; }\r <\/style>[\/vc_column][\/vc_row][vc_row content_placement=&#8221;middle&#8221;][vc_column][vc_column_text css=&#8221;&#8221;]<\/p>\n<h4 style=\"text-align: center;\">Busque oportunidades en su regi\u00f3n<\/h4>\n<p>[\/vc_column_text][\/vc_column][\/vc_row][vc_row r_gutter_size=&#8221;gutter-small&#8221; equal_height=&#8221;yes&#8221;][vc_column width=&#8221;1\/4&#8243;]<div class=\"btn-container justify-content-center \"><a role=\"button\"  class=\"btn btn-secondary\" href=\"https:\/\/genesys.wd1.myworkdayjobs.com\/Genesys?locationCountry=bc33aa3152ec42d4995f4791a106ed09&locationCountry=a30a87ed25634629aa6c3958aa2b91ea\" target=\"_blank\" rel=\"noopener\">Am\u00e9rica del Norte<\/a><\/div>[\/vc_column][vc_column width=&#8221;1\/4&#8243;]<div class=\"btn-container justify-content-center \"><a role=\"button\"  class=\"btn btn-secondary\" href=\"https:\/\/genesys.wd1.myworkdayjobs.com\/Genesys?locationCountry=29247e57dbaf46fb855b224e03170bc7&locationCountry=6a800a4736884df5826858d435650f45&locationCountry=bd34c524a6a04ae6915f5d96fa086199&locationCountry=50423b5190ad49bb89e94cd58dfaad69&locationCountry=2e8c5034deb045d49315417c347472ca&locationCountry=131d5ac7e3ee4d7b962bdc96e498e412&locationCountry=8cd04a563fd94da7b06857a79faaf815&locationCountry=084562884af243748dad7c84c304d89a&locationCountry=04a05835925f45b3a59406a2a6b72c8a&locationCountry=9db257f5937e4421b2fac64eec6832f8&locationCountry=dcc5b7608d8644b3a93716604e78e995&locationCountry=54c5b6971ffb4bf0b116fe7651ec789a\" target=\"_blank\" rel=\"noopener\">Europa, Oriente Medio, \u00c1frica<\/a><\/div>[\/vc_column][vc_column width=&#8221;1\/4&#8243;]<div class=\"btn-container justify-content-center \"><a role=\"button\"  class=\"btn btn-secondary\" href=\"https:\/\/genesys.wd1.myworkdayjobs.com\/Genesys?locationCountry=1a29bb1357b240ab99a2fa755cc87c0e&locationCountry=e2adff9272454660ac4fdb56fc70bb51&locationCountry=e8106cd6a3534f2dba6fdee2d41db89d&locationCountry=53fe09ef12b9408682a1d2439823f2e0\" target=\"_blank\" rel=\"noopener\">Am\u00e9rica Latina<\/a><\/div>[\/vc_column][vc_column width=&#8221;1\/4&#8243;]<div class=\"btn-container  \"><a role=\"button\"  class=\"btn btn-secondary\" href=\"https:\/\/genesys.wd1.myworkdayjobs.com\/Genesys?locationCountry=873d0f604e3b458c990cb4d83a5c0f14&locationCountry=80938777cac5440fab50d729f9634969&locationCountry=e56f1daf83e04bacae794ba5c5593560&locationCountry=9696868b09c64d52a62ee13b052383cc&locationCountry=8b705da2becf43cfaccc091da0988ab2&locationCountry=c4f78be1a8f14da0ab49ce1162348a5e&locationCountry=d903bb3fedad45039383f6de334ad4db\" target=\"_blank\" rel=\"noopener\">Asia-Pac\u00edfico<\/a><\/div>[\/vc_column][\/vc_row][\/vc_section][vc_section flair=&#8221;%5B%7B%22hide_mobile%22%3A%22yes%22%7D%5D&#8221;][vc_row][vc_column][vc_column_text css=&#8221;&#8221;]<\/p>\n<h2 class=\"h3\" style=\"text-align: center;\">Una empresa con conciencia<\/h2>\n<p>[\/vc_column_text][\/vc_column][\/vc_row][vc_row r_gutter_size=&#8221;gutter-small&#8221; equal_height=&#8221;yes&#8221; content_placement=&#8221;top&#8221;][vc_column width=&#8221;1\/3&#8243;]<a class=\"component card w-100 bgc-lgray vertical text-start nomedia   \" href=\"\/company\/diversity\" target=\"\" rel=\"\" ><div class=\"card-body\"><h3 class=\"h5\">Diversidad, equidad e inclusi\u00f3n<\/h3>\n<p>Creemos que la diversidad es nuestra fortaleza. Aceptamos las diferencias entre nosotros porque el poder de la empat\u00eda nos hace m\u00e1s fuertes. Y comprender mejor a los dem\u00e1s es lo que nos permite ofrecer las mejores experiencias del cliente del mundo.<\/p>\n<\/div><div class=\"card-footer text-end\"><div class=\"btn-container \"><div class=\"small mt-0 chevron arrow arrow-primary \" href=\"#\" target=\"\" rel=\"\">Obtenga m\u00e1s informaci\u00f3n acerca de la diversidad, la equidad y la inclusi\u00f3n en Genesys<\/div><\/div><\/div><\/a>[\/vc_column][vc_column width=&#8221;1\/3&#8243;]<a class=\"component card w-100 bgc-lgray vertical text-start nomedia   \" href=\"\/es-mx\/company\/sustainability\" target=\"\" rel=\"\" ><div class=\"card-body\"><h3 class=\"h5\">Sostenibilidad<\/h3>\n<p>Cada empresa provoca un impacto en el mundo. Genesys, como empresa, est\u00e1 comprometida a garantizar un impacto responsable y positivo. Estamos construyendo y aplicando activamente procesos de sostenibilidad que mejoran la vida de las personas, nos impulsan a neutralizar las emisiones de carbono y fomentan las pr\u00e1cticas \u00e9ticas.<\/p>\n<\/div><div class=\"card-footer text-end\"><div class=\"btn-container \"><div class=\"small mt-0 chevron arrow arrow-primary \" href=\"#\" target=\"\" rel=\"\">Conozca nuestro compromiso con un futuro sostenible<\/div><\/div><\/div><\/a>[\/vc_column][vc_column width=&#8221;1\/3&#8243;]<div class=\"component card w-100 bgc-lgray vertical text-start nomedia  chevron-only  \" ><div class=\"card-body\"><h3 class=\"h5\">Impacto en conjunto<\/h3>\n<p>\u201cImpacto en conjunto\u201d (Impact Together) es nuestro programa de impacto social. Es c\u00f3mo nos desempe\u00f1amos en nuestras comunidades, como equipo y como personas. Tenemos la oportunidad de sentar un precedente como l\u00edder filantr\u00f3pico en la industria enfoc\u00e1ndonos en cuatro pilares clave:<\/p>\n<ul>\n<li class=\"font-weight-bold\">Engagement comunitario<\/li>\n<li class=\"font-weight-bold\">Respuesta a las crisis<\/li>\n<li class=\"font-weight-bold\">Planeta<\/li>\n<li class=\"font-weight-bold\">Actualizaci\u00f3n de habilidades y concientizaci\u00f3n<\/li>\n<\/ul>\n<\/div><\/div>[\/vc_column][\/vc_row][vc_row][vc_column][vc_column_text css=&#8221;&#8221;]<\/p>\n<p class=\"text-16\" style=\"text-align: center;\">Tenga presente que los reclutadores nunca solicitar\u00e1n informaci\u00f3n personal o financiera confidencial durante la fase de solicitud de empleo.<\/p>\n<p>[\/vc_column_text][\/vc_column][\/vc_row][\/vc_section]<\/p>\n<\/div>","protected":false},"excerpt":{"rendered":"<p>[vc_section background_color=&#8221;bgc-lgray&#8221; full_width=&#8221;stretch_row&#8221; flair=&#8221;%5B%7B%22flair_width%22%3A%22auto%22%2C%22flair_bottom%22%3A%220%22%2C%22hide_mobile%22%3A%22yes%22%7D%5D&#8221;][vc_row equal_height=&#8221;yes&#8221; content_placement=&#8221;middle&#8221;][vc_column width=&#8221;5\/12&#8243;][vc_column_text css=&#8221;&#8221;] Su potencial lo espera [\/vc_column_text][\/vc_column][vc_column width=&#8221;7\/12&#8243;][vc_single_image image=&#8221;422965&#8243; alignment=&#8221;right&#8221; css=&#8221;.vc_custom_1729635070581{margin-bottom: -5rem !important;}&#8221;][\/vc_column][\/vc_row][\/vc_section][vc_section flair=&#8221;%5B%7B%22flair_zindex%22%3A%2210%22%7D%5D&#8221;][vc_row r_logo_grid=&#8221;yes&#8221; background_color=&#8221;bgc-lgray&#8221; el_class=&#8221;rounded-lg&#8221;][vc_column width=&#8221;1\/3&#8243; el_class=&#8221;py-2&#8243;][vc_column_text css=&#8221;&#8221;] Qui\u00e9nes somos [\/vc_column_text][\/vc_column][vc_column width=&#8221;1\/3&#8243; el_class=&#8221;py-2 border border-white border-5 border-top-0 border-bottom-0&#8243;][vc_column_text css=&#8221;&#8221;] Por qu\u00e9 deber\u00eda unirse a nosotros [\/vc_column_text][\/vc_column][vc_column width=&#8221;1\/3&#8243; el_class=&#8221;py-2&#8243;][vc_column_text css=&#8221;&#8221;] Su potencial lo espera [\/vc_column_text][\/vc_column][\/vc_row][vc_row][vc_column elemental_order=&#8221;order-2&#8243;][vc_column_text css=&#8221;&#8221;] Cree [&hellip;]<\/p>\n","protected":false},"author":1,"featured_media":0,"parent":102836,"menu_order":0,"comment_status":"closed","ping_status":"closed","template":"","meta":{"_acf_changed":false,"footnotes":""},"class_list":["post-483806","page","type-page","status-publish","hentry"],"acf":[],"_links":{"self":[{"href":"https:\/\/www.genesys.com\/es-mx\/wp-json\/wp\/v2\/pages\/483806","targetHints":{"allow":["GET"]}}],"collection":[{"href":"https:\/\/www.genesys.com\/es-mx\/wp-json\/wp\/v2\/pages"}],"about":[{"href":"https:\/\/www.genesys.com\/es-mx\/wp-json\/wp\/v2\/types\/page"}],"author":[{"embeddable":true,"href":"https:\/\/www.genesys.com\/es-mx\/wp-json\/wp\/v2\/users\/1"}],"replies":[{"embeddable":true,"href":"https:\/\/www.genesys.com\/es-mx\/wp-json\/wp\/v2\/comments?post=483806"}],"version-history":[{"count":8,"href":"https:\/\/www.genesys.com\/es-mx\/wp-json\/wp\/v2\/pages\/483806\/revisions"}],"predecessor-version":[{"id":544482,"href":"https:\/\/www.genesys.com\/es-mx\/wp-json\/wp\/v2\/pages\/483806\/revisions\/544482"}],"up":[{"embeddable":true,"href":"https:\/\/www.genesys.com\/es-mx\/wp-json\/wp\/v2\/pages\/102836"}],"wp:attachment":[{"href":"https:\/\/www.genesys.com\/es-mx\/wp-json\/wp\/v2\/media?parent=483806"}],"curies":[{"name":"wp","href":"https:\/\/api.w.org\/{rel}","templated":true}]}}