{"id":408004,"date":"2021-03-31T11:13:07","date_gmt":"2021-03-31T18:13:07","guid":{"rendered":"https:\/\/www.genesys.com\/alianzas-estrategicas-globales"},"modified":"2025-12-16T18:55:20","modified_gmt":"2025-12-17T02:55:20","slug":"global-strategic-alliances","status":"publish","type":"page","link":"https:\/\/www.genesys.com\/es-mx\/partners\/global-strategic-alliances","title":{"rendered":"Alianzas estrat\u00e9gicas"},"content":{"rendered":"<div class=\"wpb-content-wrapper\"><p>[vc_section sec_modern_width=&#8221;enable&#8221; background_color=&#8221;bgc-lgray&#8221; flair=&#8221;%5B%7B%22flair_type%22%3A%22f_type_image%22%2C%22hide_mobile%22%3A%22yes%22%7D%5D&#8221; vib=&#8221;enable&#8221; css=&#8221;.vc_custom_1749627119105{background-position: center !important;background-repeat: no-repeat !important;background-size: cover !important;}&#8221;][vc_row][vc_column width=&#8221;1\/2&#8243;][vc_column_text css=&#8221;&#8221;]<\/p>\n<h1 class=\"no-balance\">Los socios tecnol\u00f3gicos estrat\u00e9gicos dan vida a la orquestaci\u00f3n de experiencias con IA<\/h1>\n<p>Estos socios estrat\u00e9gicos globales representan lo mejor en materia de innovaci\u00f3n tecnol\u00f3gica y prestaci\u00f3n de servicios, y est\u00e1n alineados y comprometidos con los valores de Genesys.[\/vc_column_text][\/vc_column][vc_column width=&#8221;5\/12&#8243; offset=&#8221;vc_col-sm-offset-1&#8243;][vc_single_image image=&#8221;577762&#8243; css=&#8221;&#8221; rounded_corners=&#8221;rounded-xs&#8221;][\/vc_column][\/vc_row][\/vc_section][vc_section][vc_row][vc_column width=&#8221;1\/2&#8243;][vc_column_text css=&#8221;&#8221;]<\/p>\n<h2>Asociaciones que aceleran tu \u00e9xito<\/h2>\n<p>Estos socios tecnol\u00f3gicos estrat\u00e9gicos son l\u00edderes en su campo de acci\u00f3n y aportan un alt\u00edsimo valor a cada cliente y situaci\u00f3n. Entre los principales beneficios para los clientes se incluyen los siguientes:[\/vc_column_text][\/vc_column][vc_column width=&#8221;1\/2&#8243;][\/vc_column][\/vc_row][vc_row][vc_column width=&#8221;1\/4&#8243;][vc_column_text ct_style=&#8221;list-block&#8221; css=&#8221;&#8221;]<\/p>\n<h3 class=\"h5\">Liderazgo e innovaci\u00f3n en tecnolog\u00eda<\/h3>\n<p>Nuestra experiencia y conocimiento conjunto de la industria, sumados a nuestra exitosa trayectoria, nos permiten hacer realidad tu visi\u00f3n de la experiencia del cliente.[\/vc_column_text][\/vc_column][vc_column width=&#8221;1\/4&#8243;][vc_column_text ct_style=&#8221;list-block&#8221; css=&#8221;&#8221;]<\/p>\n<h3 class=\"h5\">Acceso a mercados y clientes en todo el mundo<\/h3>\n<p>Nuestros socios estrat\u00e9gicos son empresas globales con marcas destacadas y miles de clientes. Adem\u00e1s de complementar los servicios de Genesys, son conocidos por sus innovadoras tecnolog\u00edas.[\/vc_column_text][\/vc_column][vc_column width=&#8221;1\/4&#8243;][vc_column_text ct_style=&#8221;list-block&#8221; css=&#8221;&#8221;]<\/p>\n<h3 class=\"h5\">Soluciones SaaS a escala<\/h3>\n<p>Las integraciones de nuestros socios estrat\u00e9gicos hacen que sea m\u00e1s f\u00e1cil para los clientes responder al instante. Olv\u00eddate de la complejidad de ampliar tus servicios para satisfacer las demandas imprevistas de los clientes.[\/vc_column_text][\/vc_column][vc_column width=&#8221;1\/4&#8243;][vc_column_text ct_style=&#8221;list-block&#8221; css=&#8221;&#8221;]<\/p>\n<h3 class=\"h5\">Mejores resultados de negocio m\u00e1s r\u00e1pidamente<\/h3>\n<p>Combinar las fortalezas de los principales innovadores a nivel mundial significa que tu empresa obtendr\u00e1 m\u00e1s valor y ver\u00e1 resultados con mayor rapidez gracias a las mejores soluciones en su clase.[\/vc_column_text][\/vc_column][\/vc_row][\/vc_section][vc_section sec_modern_width=&#8221;enable&#8221; background_color=&#8221;bgc-lgray&#8221; flair=&#8221;%5B%7B%22flair_type%22%3A%22f_type_image%22%2C%22hide_mobile%22%3A%22yes%22%7D%5D&#8221; css=&#8221;.vc_custom_1749627756591{background-image: url(https:\/\/www.genesys.com\/media\/Genesys_Threads_209.png?id=569364) !important;}&#8221; el_class=&#8221;bg-cover bg-150-md bg-center bg-norepeat&#8221;][vc_row r_gutter_size=&#8221;gutter-small&#8221; background_color=&#8221;bgc-glass&#8221; equal_height=&#8221;yes&#8221; el_class=&#8221;py-3 px-1 px-lg-3 rounded mt-0&#8243;][vc_column offset=&#8221;vc_col-md-7&#8243; el_class=&#8221;mb-1&#8243;][vc_column_text css=&#8221;&#8221;]<\/p>\n<h2>Socios estrat\u00e9gicos de Genesys<\/h2>\n<p>[\/vc_column_text][\/vc_column][vc_column elemental_order=&#8221;order-5&#8243; offset=&#8221;vc_col-md-5&#8243; el_class=&#8221;mt-2 mt-lg-0&#8243;][\/vc_column][vc_column width=&#8221;1\/3&#8243;]<a class=\"component card w-100 bgc-white vertical text-start   has-card-header  \" href=\"\/es-mx\/partners\/global-strategic-alliances\/aws\" target=\"\" rel=\"\" ><div class=\"card-header p-1 bgc-lgray d-flex justify-content-center align-items-center\" style=\"min-height:165px;\"><img decoding=\"async\" style=\"max-width:150px;\"width=\"1600\" height=\"957\" src=\"https:\/\/www.genesys.com\/media\/AWS_logo_RGB_SQUID_INK-1.png\" alt=\"AWS_logo_RGB_SQUID_INK\" ><\/div><div class=\"card-body\"><h3 class=\"h5\">Amazon\u00a0Web\u00a0Services<\/h3>\n<p>Redefine el futuro de la orquestaci\u00f3n de experiencias en una plataforma l\u00edder impulsada por IA. Ac\u00e9rcate a tus clientes y empleados en cada interacci\u00f3n con Genesys Cloud, construida sobre AWS.<\/p>\n<p>Llega al mercado m\u00e1s r\u00e1pidamente gracias a las funciones de IA listas para usar que est\u00e1n habilitadas por los servicios de AWS, tales como Amazon Bedrock, y que te ayudan a extender e integrar Genesys Cloud m\u00e1s all\u00e1 del contact center.<\/p>\n<p>Solo Genesys junto a AWS pueden ofrecerte la flexibilidad, confiabilidad y escalabilidad que ning\u00fan otro proveedor de nube puede ofrecerte.<\/p>\n<p>Aprovecha tu inversi\u00f3n en Genesys comprando a trav\u00e9s de AWS Marketplace para seguir ahorrando costos.<\/p>\n<\/div><div class=\"card-footer text-end\"><div class=\"btn-container \"><div class=\"small mt-0 chevron arrow arrow-primary \" href=\"#\" target=\"\" rel=\"\">Obtener m\u00e1s informaci\u00f3n<\/div><\/div><\/div><\/a>[\/vc_column][vc_column width=&#8221;1\/3&#8243;]<a class=\"component card w-100 bgc-white vertical text-start   has-card-header  \" href=\"\/partners\/global-strategic-alliances\/salesforce\" target=\"\" rel=\"\" ><div class=\"card-header p-1 bgc-lgray d-flex justify-content-center align-items-center\" style=\"min-height:165px;\"><img decoding=\"async\" style=\"max-width:170px;\"width=\"1134\" height=\"794\" src=\"https:\/\/www.genesys.com\/media\/Salesforce_Corporate_Logo_RGB.png\" alt=\"Salesforce_Corporate_Logo_RGB\" ><\/div><div class=\"card-body\"><h3 class=\"h5\">Salesforce<\/h3>\n<p>Salesforce y Genesys ayudan a las empresas a integrar datos, agentes, bots y canales de comunicaci\u00f3n para ofrecer experiencias m\u00e1s inteligentes e integrales a clientes y empleados. Con una nueva integraci\u00f3n nativa entre la plataforma Genesys\u00a0Cloud y Salesforce\u00a0Service\u00a0Cloud, la soluci\u00f3n combina las funciones de gesti\u00f3n del engagement de la fuerza de trabajo y de contact center empresarial con el objetivo de optimizar la labor de agentes y supervisores. A trav\u00e9s del intercambio bidireccional de datos entre las plataformas, las organizaciones pueden eliminar los silos y comprender mejor las interacciones, el comportamiento y el historial de los clientes en sus journeys.<\/p>\n<\/div><div class=\"card-footer text-end\"><div class=\"btn-container \"><div class=\"small mt-0 chevron arrow arrow-primary \" href=\"#\" target=\"\" rel=\"\">Obtener m\u00e1s informaci\u00f3n<\/div><\/div><\/div><\/a>[\/vc_column][vc_column width=&#8221;1\/3&#8243;]<a class=\"component card w-100 bgc-white vertical text-start   has-card-header  \" href=\"\/es-mx\/blog\/post\/3-keys-to-delivering-unified-experiences-with-genesys-and-servicenow\" target=\"\" rel=\"\" ><div class=\"card-header p-1 bgc-lgray d-flex justify-content-center align-items-center\" style=\"min-height:165px;\"><img decoding=\"async\" style=\"max-width:250px;\"width=\"250\" height=\"36\" src=\"https:\/\/www.genesys.com\/media\/sn-logo-color.png\" alt=\"sn-logo-color\" ><\/div><div class=\"card-body\"><h3 class=\"h5\">ServiceNow<\/h3>\n<p>Genesys y ServiceNow colaboran para mejorar las experiencias de clientes y empleados. Estas dos empresas planean integrar la plataforma Genesys\u00a0Cloud\u2122 a la herramienta ServiceNow\u00a0Customer\u00a0Service\u00a0Management (CSM) a fin de ofrecer a todas las organizaciones del mundo una soluci\u00f3n lista para usar y potenciada con IA llamada Unified\u00a0Experience de Genesys y ServiceNow. Al combinar las innovadoras capacidades digitales, de automatizaci\u00f3n y de IA de ambas empresas, Unified\u00a0Experience de Genesys y ServiceNow integra lo mejor de cada plataforma para brindar a los equipos de atenci\u00f3n una aplicaci\u00f3n de escritorio unificada, centralizar el enrutamiento entre todos los departamentos y canales, y optimizar las herramientas de engagement de la fuerza de trabajo a fin de ofrecer experiencias m\u00e1s personalizadas a los clientes y m\u00e1s sencillas a los empleados.<\/p>\n<\/div><div class=\"card-footer text-end\"><div class=\"btn-container \"><div class=\"small mt-0 chevron arrow arrow-primary \" href=\"#\" target=\"\" rel=\"\">Obtener m\u00e1s informaci\u00f3n<\/div><\/div><\/div><\/a>[\/vc_column][\/vc_row][\/vc_section][vc_section][vc_row r_gutter_size=&#8221;gutter-small&#8221; equal_height=&#8221;yes&#8221;][vc_column]<a class=\"component-cta-block card w-100 h-100 bgc-lgray centered cta-text-start \"  href=\"\/es-mx\/resources\/cx-ecosystem\" target=\"\" rel=\"\"><div class=\"row align-items-center image-stack cta-tiny-padding card-body\"><div class=\"col-12 col-md-5 offset-md-1 no-offset\"><div class=\"content-container\"><h3>Ofrece un nivel de experiencia superior con un ecosistema de CX impulsado por IA<\/h3>\n<p>Comprueba c\u00f3mo Genesys Cloud y sus socios aumentan la velocidad, reducen los costos y consolidan la lealtad de los clientes<\/p>\n<\/div><div class=\" btn-container mt-2\"><div class=\"btn btn-primary\">Descargar el eBook<\/div><\/div><\/div><div class=\"col-image offset-0 offset-md-1 col-md-5 flex-column justify-content-center mt-1 mt-lg-0 img-top-container no-offset flex-column justify-content-center mt-1 mt-lg-0 img-top-container\"><img decoding=\"async\" width=\"508\" height=\"474\" src=\"https:\/\/www.genesys.com\/media\/cta_block_img-CX_Ecosystem_ebook.png\" alt=\"\" class=\"rounded\"><\/div><\/div><\/a>[\/vc_column][\/vc_row][\/vc_section][vc_section][vc_row][vc_column][vc_column_text]<\/p>\n<h2 class=\"h3\" style=\"text-align: center;\">Recursos<\/h2>\n<p>[\/vc_column_text][\/vc_column][\/vc_row][vc_row r_gutter_size=&#8221;gutter-small&#8221; equal_height=&#8221;yes&#8221;][vc_column]<div class=\"related-posts-container next-steps-module w-100\"><div class=\"inner-container scrollable-row-container\"><div class=\"row align-items-stretch gutter-small col-count-2 scrollable-row\"><div class=\"col-md-6 horizontal-cards grid-item card-col item-image grid_type-resources\"><a class=\"card w-100 h-100 bgc-lgray component horizontal text-start thumbnail chevron-only\" href=\"https:\/\/www.genesys.com\/es-mx\/resources\/product-overview-cx-cloud-from-genesys-and-salesforce\"><div class=\"row align-items-center\"><div class=\"col-12 col-md-5 col-lg-6\"><div class=\"thumbnail-col thubmnail\"><img decoding=\"async\" src=\"https:\/\/www.genesys.com\/media\/resource_thumb-cx_cloud_genesys_salesforce_overview.png\" height=\"464\" width=\"820\" alt=\"Resource thumb cx cloud genesys salesforce overview\"><\/div><\/div><div class=\"col-12 col-md-7 col-lg-6\"><div class=\"card-body text-col ps-0\"><p class=\"assettag\">Product overview<\/p><h3 class=\"item-title h6\">CX\u00a0Cloud de Genesys y Salesforce<\/h3><\/div><div class=\"card-footer text-end ps-0\"><div class=\"justify-content-end btn-container\"><div class=\"btn chevron small only btn-secondary\"><\/div><\/div><\/div><\/div><\/div><\/a><\/div><div class=\"col-md-6 horizontal-cards item-image grid-item card-col item-image grid_type-\"><a class=\"card w-100 h-100 bgc-lgray component horizontal text-start thumbnail chevron-only\" href=\"https:\/\/www.genesys.com\/resources\/making-generative-ai-part-of-the-team-with-genesys\"><div class=\"row align-items-center\"><div class=\"col-12 col-md-5 col-lg-6\"><div class=\"thumbnail-col thubmnail\"><img decoding=\"async\" src=\"https:\/\/www.genesys.com\/media\/Making-AWS-gen-AI-part-of-Genesys\u200b.jpg\" height=\"480\" width=\"823\" alt=\"Making aws gen ai part of genesys\u200b\"><\/div><\/div><div class=\"col-12 col-md-7 col-lg-6\"><div class=\"card-body text-col ps-0\"><p class=\"assettag\">Video<\/p><h3 class=\"item-title h6\">Making Generative AI Part of the Team with Genesys<\/h3><\/div><div class=\"card-footer text-end ps-0\"><div class=\"justify-content-end btn-container\"><div class=\"btn chevron small only btn-secondary\"><\/div><\/div><\/div><\/div><\/div><\/a><\/div><\/div><\/div><\/div>[\/vc_column][\/vc_row][\/vc_section]<\/p>\n<\/div>","protected":false},"excerpt":{"rendered":"<p>[vc_section sec_modern_width=&#8221;enable&#8221; background_color=&#8221;bgc-lgray&#8221; flair=&#8221;%5B%7B%22flair_type%22%3A%22f_type_image%22%2C%22hide_mobile%22%3A%22yes%22%7D%5D&#8221; vib=&#8221;enable&#8221; css=&#8221;.vc_custom_1749627119105{background-position: center !important;background-repeat: no-repeat !important;background-size: cover !important;}&#8221;][vc_row][vc_column width=&#8221;1\/2&#8243;][vc_column_text css=&#8221;&#8221;] Los socios tecnol\u00f3gicos estrat\u00e9gicos dan vida a la orquestaci\u00f3n de experiencias con IA Estos socios estrat\u00e9gicos globales representan lo mejor en materia de innovaci\u00f3n tecnol\u00f3gica y prestaci\u00f3n de servicios, y est\u00e1n alineados y comprometidos con los valores de Genesys.[\/vc_column_text][\/vc_column][vc_column width=&#8221;5\/12&#8243; offset=&#8221;vc_col-sm-offset-1&#8243;][vc_single_image [&hellip;]<\/p>\n","protected":false},"author":1,"featured_media":0,"parent":102850,"menu_order":0,"comment_status":"closed","ping_status":"closed","template":"","meta":{"_acf_changed":false,"footnotes":""},"class_list":["post-408004","page","type-page","status-publish","hentry"],"acf":[],"_links":{"self":[{"href":"https:\/\/www.genesys.com\/es-mx\/wp-json\/wp\/v2\/pages\/408004","targetHints":{"allow":["GET"]}}],"collection":[{"href":"https:\/\/www.genesys.com\/es-mx\/wp-json\/wp\/v2\/pages"}],"about":[{"href":"https:\/\/www.genesys.com\/es-mx\/wp-json\/wp\/v2\/types\/page"}],"author":[{"embeddable":true,"href":"https:\/\/www.genesys.com\/es-mx\/wp-json\/wp\/v2\/users\/1"}],"replies":[{"embeddable":true,"href":"https:\/\/www.genesys.com\/es-mx\/wp-json\/wp\/v2\/comments?post=408004"}],"version-history":[{"count":21,"href":"https:\/\/www.genesys.com\/es-mx\/wp-json\/wp\/v2\/pages\/408004\/revisions"}],"predecessor-version":[{"id":608804,"href":"https:\/\/www.genesys.com\/es-mx\/wp-json\/wp\/v2\/pages\/408004\/revisions\/608804"}],"up":[{"embeddable":true,"href":"https:\/\/www.genesys.com\/es-mx\/wp-json\/wp\/v2\/pages\/102850"}],"wp:attachment":[{"href":"https:\/\/www.genesys.com\/es-mx\/wp-json\/wp\/v2\/media?parent=408004"}],"curies":[{"name":"wp","href":"https:\/\/api.w.org\/{rel}","templated":true}]}}